{"id":2796,"date":"2024-04-25T20:31:51","date_gmt":"2024-04-25T23:31:51","guid":{"rendered":"https:\/\/www.brazilcarestore.com\/product\/non%20class\u00e9\/forever-liss-kit-escova-semi-definitiva-zero-2x1litro\/"},"modified":"2025-05-01T00:14:18","modified_gmt":"2025-05-01T03:14:18","slug":"forever-liss-kit-escova-semi-definitiva-zero-2x1litro","status":"publish","type":"product","link":"https:\/\/www.brazilcarestore.com\/fr\/product\/forever-liss-fr\/activateur\/forever-liss-kit-escova-semi-definitiva-zero-2x1litro\/","title":{"rendered":"Forever Liss Kit Escova Semi Definitiva z\u00e9ro 2x1Litro"},"content":{"rendered":"<p>Le Semi Definitive Brush de Forever Liss est ador\u00e9 et souhait\u00e9 parmi les professionnels de la beaut\u00e9: Sa technologie unique sur le march\u00e9, d\u00e9velopp\u00e9e par Forever Liss Professional &#8211; le \u00ab\u00a0Hair System Premium 3D\u00a0\u00bb.<\/p>\n","protected":false},"excerpt":{"rendered":"<p>Le Semi Definitive Brush de Forever Liss est ador\u00e9 et souhait\u00e9 parmi les professionnels de la beaut\u00e9: Sa technologie unique sur le march\u00e9, d\u00e9velopp\u00e9e par Forever Liss Professional &#8211; le \u00ab\u00a0Hair System Premium 3D\u00a0\u00bb.<\/p>\n","protected":false},"featured_media":1761,"template":"","meta":[],"product_brand":[207],"product_cat":[225,194,190,197],"product_tag":[241,240,155],"class_list":{"0":"post-2796","1":"product","2":"type-product","3":"status-publish","4":"has-post-thumbnail","6":"product_brand-forever-liss","7":"product_cat-meilleurs-cosmetiques-bresiliens-25-avril","8":"product_cat-activateur","9":"product_cat-forever-liss-fr","10":"product_cat-shampooing-forever-liss","11":"product_tag-activateur-de-cheveux","12":"product_tag-kit-fr","13":"product_tag-shampooing","14":"product_shipping_class-1l-fr","16":"first","17":"instock","18":"sale","19":"featured","20":"shipping-taxable","21":"purchasable","22":"product-type-simple"},"yoast_head":"<!-- This site is optimized with the Yoast SEO plugin v27.1.1 - https:\/\/yoast.com\/product\/yoast-seo-wordpress\/ -->\n<title>Forever Liss Kit Escova Semi Definitiva z\u00e9ro 2x1Litro - Brazil Care Store<\/title>\n<meta name=\"robots\" content=\"index, follow, max-snippet:-1, max-image-preview:large, max-video-preview:-1\" \/>\n<link rel=\"canonical\" href=\"https:\/\/www.brazilcarestore.com\/fr\/product\/forever-liss-fr\/activateur\/forever-liss-kit-escova-semi-definitiva-zero-2x1litro\/\" \/>\n<meta property=\"og:locale\" content=\"fr_FR\" \/>\n<meta property=\"og:type\" content=\"article\" \/>\n<meta property=\"og:title\" content=\"Forever Liss Kit Escova Semi Definitiva z\u00e9ro 2x1Litro - Brazil Care Store\" \/>\n<meta property=\"og:description\" content=\"Le Semi Definitive Brush de Forever Liss est ador\u00e9 et souhait\u00e9 parmi les professionnels de la beaut\u00e9: Sa technologie unique sur le march\u00e9, d\u00e9velopp\u00e9e par Forever Liss Professional - le &quot;Hair System Premium 3D&quot;.\" \/>\n<meta property=\"og:url\" content=\"https:\/\/www.brazilcarestore.com\/fr\/product\/forever-liss-fr\/activateur\/forever-liss-kit-escova-semi-definitiva-zero-2x1litro\/\" \/>\n<meta property=\"og:site_name\" content=\"Brazil Care Store\" \/>\n<meta property=\"article:publisher\" content=\"https:\/\/www.facebook.com\/brazilcarestore\" \/>\n<meta property=\"article:modified_time\" content=\"2025-05-01T03:14:18+00:00\" \/>\n<meta property=\"og:image\" content=\"https:\/\/www.brazilcarestore.com\/wp-content\/uploads\/2024\/04\/ForeverLiss-Semi-Definitiva-Shampoo-e-Ativador-Foto-2.webp\" \/>\n\t<meta property=\"og:image:width\" content=\"1000\" \/>\n\t<meta property=\"og:image:height\" content=\"1000\" \/>\n\t<meta property=\"og:image:type\" content=\"image\/webp\" \/>\n<meta name=\"twitter:card\" content=\"summary_large_image\" \/>\n<meta name=\"twitter:label1\" content=\"Dur\u00e9e de lecture estim\u00e9e\" \/>\n\t<meta name=\"twitter:data1\" content=\"1 minute\" \/>\n<script type=\"application\/ld+json\" class=\"yoast-schema-graph\">{\"@context\":\"https:\/\/schema.org\",\"@graph\":[{\"@type\":\"WebPage\",\"@id\":\"https:\/\/www.brazilcarestore.com\/fr\/product\/forever-liss-fr\/activateur\/forever-liss-kit-escova-semi-definitiva-zero-2x1litro\/\",\"url\":\"https:\/\/www.brazilcarestore.com\/fr\/product\/forever-liss-fr\/activateur\/forever-liss-kit-escova-semi-definitiva-zero-2x1litro\/\",\"name\":\"Forever Liss Kit Escova Semi Definitiva z\u00e9ro 2x1Litro - Brazil Care Store\",\"isPartOf\":{\"@id\":\"https:\/\/www.brazilcarestore.com\/fr\/#website\"},\"primaryImageOfPage\":{\"@id\":\"https:\/\/www.brazilcarestore.com\/fr\/product\/forever-liss-fr\/activateur\/forever-liss-kit-escova-semi-definitiva-zero-2x1litro\/#primaryimage\"},\"image\":{\"@id\":\"https:\/\/www.brazilcarestore.com\/fr\/product\/forever-liss-fr\/activateur\/forever-liss-kit-escova-semi-definitiva-zero-2x1litro\/#primaryimage\"},\"thumbnailUrl\":\"https:\/\/i0.wp.com\/www.brazilcarestore.com\/wp-content\/uploads\/2024\/04\/ForeverLiss-Semi-Definitiva-Shampoo-e-Ativador-Foto-2.webp?fit=1000%2C1000&ssl=1\",\"datePublished\":\"2024-04-25T23:31:51+00:00\",\"dateModified\":\"2025-05-01T03:14:18+00:00\",\"breadcrumb\":{\"@id\":\"https:\/\/www.brazilcarestore.com\/fr\/product\/forever-liss-fr\/activateur\/forever-liss-kit-escova-semi-definitiva-zero-2x1litro\/#breadcrumb\"},\"inLanguage\":\"fr-FR\",\"potentialAction\":[{\"@type\":\"ReadAction\",\"target\":[\"https:\/\/www.brazilcarestore.com\/fr\/product\/forever-liss-fr\/activateur\/forever-liss-kit-escova-semi-definitiva-zero-2x1litro\/\"]}]},{\"@type\":\"ImageObject\",\"inLanguage\":\"fr-FR\",\"@id\":\"https:\/\/www.brazilcarestore.com\/fr\/product\/forever-liss-fr\/activateur\/forever-liss-kit-escova-semi-definitiva-zero-2x1litro\/#primaryimage\",\"url\":\"https:\/\/i0.wp.com\/www.brazilcarestore.com\/wp-content\/uploads\/2024\/04\/ForeverLiss-Semi-Definitiva-Shampoo-e-Ativador-Foto-2.webp?fit=1000%2C1000&ssl=1\",\"contentUrl\":\"https:\/\/i0.wp.com\/www.brazilcarestore.com\/wp-content\/uploads\/2024\/04\/ForeverLiss-Semi-Definitiva-Shampoo-e-Ativador-Foto-2.webp?fit=1000%2C1000&ssl=1\",\"width\":1000,\"height\":1000,\"caption\":\"Forever Liss Kit Escova Semi Definitiva z\u00e9ro 2x1Litro\"},{\"@type\":\"BreadcrumbList\",\"@id\":\"https:\/\/www.brazilcarestore.com\/fr\/product\/forever-liss-fr\/activateur\/forever-liss-kit-escova-semi-definitiva-zero-2x1litro\/#breadcrumb\",\"itemListElement\":[{\"@type\":\"ListItem\",\"position\":1,\"name\":\"Home\",\"item\":\"https:\/\/www.brazilcarestore.com\/fr\/\"},{\"@type\":\"ListItem\",\"position\":2,\"name\":\"Boutique\",\"item\":\"https:\/\/www.brazilcarestore.com\/fr\/boutique\/\"},{\"@type\":\"ListItem\",\"position\":3,\"name\":\"Forever Liss Kit Escova Semi Definitiva z\u00e9ro 2x1Litro\"}]},{\"@type\":\"WebSite\",\"@id\":\"https:\/\/www.brazilcarestore.com\/fr\/#website\",\"url\":\"https:\/\/www.brazilcarestore.com\/fr\/\",\"name\":\"Brazil Care Store\",\"description\":\"The way to Beauty\",\"publisher\":{\"@id\":\"https:\/\/www.brazilcarestore.com\/fr\/#organization\"},\"potentialAction\":[{\"@type\":\"SearchAction\",\"target\":{\"@type\":\"EntryPoint\",\"urlTemplate\":\"https:\/\/www.brazilcarestore.com\/fr\/?s={search_term_string}\"},\"query-input\":{\"@type\":\"PropertyValueSpecification\",\"valueRequired\":true,\"valueName\":\"search_term_string\"}}],\"inLanguage\":\"fr-FR\"},{\"@type\":\"Organization\",\"@id\":\"https:\/\/www.brazilcarestore.com\/fr\/#organization\",\"name\":\"Brazil Care Store\",\"url\":\"https:\/\/www.brazilcarestore.com\/fr\/\",\"logo\":{\"@type\":\"ImageObject\",\"inLanguage\":\"fr-FR\",\"@id\":\"https:\/\/www.brazilcarestore.com\/fr\/#\/schema\/logo\/image\/\",\"url\":\"https:\/\/i0.wp.com\/www.brazilcarestore.com\/wp-content\/uploads\/2024\/02\/Brazil-Care-Store.png?fit=350%2C369&ssl=1\",\"contentUrl\":\"https:\/\/i0.wp.com\/www.brazilcarestore.com\/wp-content\/uploads\/2024\/02\/Brazil-Care-Store.png?fit=350%2C369&ssl=1\",\"width\":350,\"height\":369,\"caption\":\"Brazil Care Store\"},\"image\":{\"@id\":\"https:\/\/www.brazilcarestore.com\/fr\/#\/schema\/logo\/image\/\"},\"sameAs\":[\"https:\/\/www.facebook.com\/brazilcarestore\",\"https:\/\/www.instagram.com\/brazilcarestore\",\"https:\/\/www.tiktok.com\/@brazilcarestore\"]}]}<\/script>\n<!-- \/ Yoast SEO plugin. -->","yoast_head_json":{"title":"Forever Liss Kit Escova Semi Definitiva z\u00e9ro 2x1Litro - Brazil Care Store","robots":{"index":"index","follow":"follow","max-snippet":"max-snippet:-1","max-image-preview":"max-image-preview:large","max-video-preview":"max-video-preview:-1"},"canonical":"https:\/\/www.brazilcarestore.com\/fr\/product\/forever-liss-fr\/activateur\/forever-liss-kit-escova-semi-definitiva-zero-2x1litro\/","og_locale":"fr_FR","og_type":"article","og_title":"Forever Liss Kit Escova Semi Definitiva z\u00e9ro 2x1Litro - Brazil Care Store","og_description":"Le Semi Definitive Brush de Forever Liss est ador\u00e9 et souhait\u00e9 parmi les professionnels de la beaut\u00e9: Sa technologie unique sur le march\u00e9, d\u00e9velopp\u00e9e par Forever Liss Professional - le \"Hair System Premium 3D\".","og_url":"https:\/\/www.brazilcarestore.com\/fr\/product\/forever-liss-fr\/activateur\/forever-liss-kit-escova-semi-definitiva-zero-2x1litro\/","og_site_name":"Brazil Care Store","article_publisher":"https:\/\/www.facebook.com\/brazilcarestore","article_modified_time":"2025-05-01T03:14:18+00:00","og_image":[{"width":1000,"height":1000,"url":"https:\/\/www.brazilcarestore.com\/wp-content\/uploads\/2024\/04\/ForeverLiss-Semi-Definitiva-Shampoo-e-Ativador-Foto-2.webp","type":"image\/webp"}],"twitter_card":"summary_large_image","twitter_misc":{"Dur\u00e9e de lecture estim\u00e9e":"1 minute"},"schema":{"@context":"https:\/\/schema.org","@graph":[{"@type":"WebPage","@id":"https:\/\/www.brazilcarestore.com\/fr\/product\/forever-liss-fr\/activateur\/forever-liss-kit-escova-semi-definitiva-zero-2x1litro\/","url":"https:\/\/www.brazilcarestore.com\/fr\/product\/forever-liss-fr\/activateur\/forever-liss-kit-escova-semi-definitiva-zero-2x1litro\/","name":"Forever Liss Kit Escova Semi Definitiva z\u00e9ro 2x1Litro - Brazil Care Store","isPartOf":{"@id":"https:\/\/www.brazilcarestore.com\/fr\/#website"},"primaryImageOfPage":{"@id":"https:\/\/www.brazilcarestore.com\/fr\/product\/forever-liss-fr\/activateur\/forever-liss-kit-escova-semi-definitiva-zero-2x1litro\/#primaryimage"},"image":{"@id":"https:\/\/www.brazilcarestore.com\/fr\/product\/forever-liss-fr\/activateur\/forever-liss-kit-escova-semi-definitiva-zero-2x1litro\/#primaryimage"},"thumbnailUrl":"https:\/\/i0.wp.com\/www.brazilcarestore.com\/wp-content\/uploads\/2024\/04\/ForeverLiss-Semi-Definitiva-Shampoo-e-Ativador-Foto-2.webp?fit=1000%2C1000&ssl=1","datePublished":"2024-04-25T23:31:51+00:00","dateModified":"2025-05-01T03:14:18+00:00","breadcrumb":{"@id":"https:\/\/www.brazilcarestore.com\/fr\/product\/forever-liss-fr\/activateur\/forever-liss-kit-escova-semi-definitiva-zero-2x1litro\/#breadcrumb"},"inLanguage":"fr-FR","potentialAction":[{"@type":"ReadAction","target":["https:\/\/www.brazilcarestore.com\/fr\/product\/forever-liss-fr\/activateur\/forever-liss-kit-escova-semi-definitiva-zero-2x1litro\/"]}]},{"@type":"ImageObject","inLanguage":"fr-FR","@id":"https:\/\/www.brazilcarestore.com\/fr\/product\/forever-liss-fr\/activateur\/forever-liss-kit-escova-semi-definitiva-zero-2x1litro\/#primaryimage","url":"https:\/\/i0.wp.com\/www.brazilcarestore.com\/wp-content\/uploads\/2024\/04\/ForeverLiss-Semi-Definitiva-Shampoo-e-Ativador-Foto-2.webp?fit=1000%2C1000&ssl=1","contentUrl":"https:\/\/i0.wp.com\/www.brazilcarestore.com\/wp-content\/uploads\/2024\/04\/ForeverLiss-Semi-Definitiva-Shampoo-e-Ativador-Foto-2.webp?fit=1000%2C1000&ssl=1","width":1000,"height":1000,"caption":"Forever Liss Kit Escova Semi Definitiva z\u00e9ro 2x1Litro"},{"@type":"BreadcrumbList","@id":"https:\/\/www.brazilcarestore.com\/fr\/product\/forever-liss-fr\/activateur\/forever-liss-kit-escova-semi-definitiva-zero-2x1litro\/#breadcrumb","itemListElement":[{"@type":"ListItem","position":1,"name":"Home","item":"https:\/\/www.brazilcarestore.com\/fr\/"},{"@type":"ListItem","position":2,"name":"Boutique","item":"https:\/\/www.brazilcarestore.com\/fr\/boutique\/"},{"@type":"ListItem","position":3,"name":"Forever Liss Kit Escova Semi Definitiva z\u00e9ro 2x1Litro"}]},{"@type":"WebSite","@id":"https:\/\/www.brazilcarestore.com\/fr\/#website","url":"https:\/\/www.brazilcarestore.com\/fr\/","name":"Brazil Care Store","description":"The way to Beauty","publisher":{"@id":"https:\/\/www.brazilcarestore.com\/fr\/#organization"},"potentialAction":[{"@type":"SearchAction","target":{"@type":"EntryPoint","urlTemplate":"https:\/\/www.brazilcarestore.com\/fr\/?s={search_term_string}"},"query-input":{"@type":"PropertyValueSpecification","valueRequired":true,"valueName":"search_term_string"}}],"inLanguage":"fr-FR"},{"@type":"Organization","@id":"https:\/\/www.brazilcarestore.com\/fr\/#organization","name":"Brazil Care Store","url":"https:\/\/www.brazilcarestore.com\/fr\/","logo":{"@type":"ImageObject","inLanguage":"fr-FR","@id":"https:\/\/www.brazilcarestore.com\/fr\/#\/schema\/logo\/image\/","url":"https:\/\/i0.wp.com\/www.brazilcarestore.com\/wp-content\/uploads\/2024\/02\/Brazil-Care-Store.png?fit=350%2C369&ssl=1","contentUrl":"https:\/\/i0.wp.com\/www.brazilcarestore.com\/wp-content\/uploads\/2024\/02\/Brazil-Care-Store.png?fit=350%2C369&ssl=1","width":350,"height":369,"caption":"Brazil Care Store"},"image":{"@id":"https:\/\/www.brazilcarestore.com\/fr\/#\/schema\/logo\/image\/"},"sameAs":["https:\/\/www.facebook.com\/brazilcarestore","https:\/\/www.instagram.com\/brazilcarestore","https:\/\/www.tiktok.com\/@brazilcarestore"]}]}},"_links":{"self":[{"href":"https:\/\/www.brazilcarestore.com\/fr\/wp-json\/wp\/v2\/product\/2796","targetHints":{"allow":["GET"]}}],"collection":[{"href":"https:\/\/www.brazilcarestore.com\/fr\/wp-json\/wp\/v2\/product"}],"about":[{"href":"https:\/\/www.brazilcarestore.com\/fr\/wp-json\/wp\/v2\/types\/product"}],"wp:featuredmedia":[{"embeddable":true,"href":"https:\/\/www.brazilcarestore.com\/fr\/wp-json\/wp\/v2\/media\/1761"}],"wp:attachment":[{"href":"https:\/\/www.brazilcarestore.com\/fr\/wp-json\/wp\/v2\/media?parent=2796"}],"wp:term":[{"taxonomy":"product_brand","embeddable":true,"href":"https:\/\/www.brazilcarestore.com\/fr\/wp-json\/wp\/v2\/product_brand?post=2796"},{"taxonomy":"product_cat","embeddable":true,"href":"https:\/\/www.brazilcarestore.com\/fr\/wp-json\/wp\/v2\/product_cat?post=2796"},{"taxonomy":"product_tag","embeddable":true,"href":"https:\/\/www.brazilcarestore.com\/fr\/wp-json\/wp\/v2\/product_tag?post=2796"}],"curies":[{"name":"wp","href":"https:\/\/api.w.org\/{rel}","templated":true}]}}