{"id":2794,"date":"2024-04-25T20:37:14","date_gmt":"2024-04-25T23:37:14","guid":{"rendered":"https:\/\/www.brazilcarestore.com\/product\/non%20class\u00e9\/masque-de-liss-btx-volume-nul-1kg\/"},"modified":"2025-05-01T00:11:58","modified_gmt":"2025-05-01T03:11:58","slug":"masque-de-liss-btx-volume-nul-1kg","status":"publish","type":"product","link":"https:\/\/www.brazilcarestore.com\/fr\/product\/forever-liss-fr\/masque-forever-liss\/masque-de-liss-btx-volume-nul-1kg\/","title":{"rendered":"Masque de Liss BTX Volume nul 1kg"},"content":{"rendered":"<p>Le masque de volume z\u00e9ro de Forever Liss, 1000g, fournit une hydratation profonde, de la nourriture, de la brillance et de la douceur aux cheveux, ainsi que le r\u00e9alignement des brins, une r\u00e9duction de volume et des actes pour \u00e9liminer les frisures.<\/p>\n","protected":false},"excerpt":{"rendered":"<p>Le masque de volume z\u00e9ro de Forever Liss, 1000g, fournit une hydratation profonde, de la nourriture, de la brillance et de la douceur aux cheveux, ainsi que le r\u00e9alignement des brins, une r\u00e9duction de volume et des actes pour \u00e9liminer les frisures.<\/p>\n","protected":false},"featured_media":1765,"template":"","meta":[],"product_brand":[207],"product_cat":[225,190,196],"product_tag":[239],"class_list":{"0":"post-2794","1":"product","2":"type-product","3":"status-publish","4":"has-post-thumbnail","6":"product_brand-forever-liss","7":"product_cat-meilleurs-cosmetiques-bresiliens-25-avril","8":"product_cat-forever-liss-fr","9":"product_cat-masque-forever-liss","10":"product_tag-masque-de-cheveux","11":"product_shipping_class-1l-fr","13":"first","14":"instock","15":"sale","16":"shipping-taxable","17":"purchasable","18":"product-type-simple"},"yoast_head":"<!-- This site is optimized with the Yoast SEO plugin v27.1.1 - https:\/\/yoast.com\/product\/yoast-seo-wordpress\/ -->\n<title>Masque de Liss BTX Volume nul 1kg - Brazil Care Store<\/title>\n<meta name=\"robots\" content=\"index, follow, max-snippet:-1, max-image-preview:large, max-video-preview:-1\" \/>\n<link rel=\"canonical\" href=\"https:\/\/www.brazilcarestore.com\/fr\/product\/forever-liss-fr\/masque-forever-liss\/masque-de-liss-btx-volume-nul-1kg\/\" \/>\n<meta property=\"og:locale\" content=\"fr_FR\" \/>\n<meta property=\"og:type\" content=\"article\" \/>\n<meta property=\"og:title\" content=\"Masque de Liss BTX Volume nul 1kg - Brazil Care Store\" \/>\n<meta property=\"og:description\" content=\"Le masque de volume z\u00e9ro de Forever Liss, 1000g, fournit une hydratation profonde, de la nourriture, de la brillance et de la douceur aux cheveux, ainsi que le r\u00e9alignement des brins, une r\u00e9duction de volume et des actes pour \u00e9liminer les frisures.\" \/>\n<meta property=\"og:url\" content=\"https:\/\/www.brazilcarestore.com\/fr\/product\/forever-liss-fr\/masque-forever-liss\/masque-de-liss-btx-volume-nul-1kg\/\" \/>\n<meta property=\"og:site_name\" content=\"Brazil Care Store\" \/>\n<meta property=\"article:publisher\" content=\"https:\/\/www.facebook.com\/brazilcarestore\" \/>\n<meta property=\"article:modified_time\" content=\"2025-05-01T03:11:58+00:00\" \/>\n<meta property=\"og:image\" content=\"https:\/\/www.brazilcarestore.com\/wp-content\/uploads\/2024\/04\/ForeverLiss-Btx-Zero.webp\" \/>\n\t<meta property=\"og:image:width\" content=\"639\" \/>\n\t<meta property=\"og:image:height\" content=\"807\" \/>\n\t<meta property=\"og:image:type\" content=\"image\/webp\" \/>\n<meta name=\"twitter:card\" content=\"summary_large_image\" \/>\n<meta name=\"twitter:label1\" content=\"Dur\u00e9e de lecture estim\u00e9e\" \/>\n\t<meta name=\"twitter:data1\" content=\"1 minute\" \/>\n<script type=\"application\/ld+json\" class=\"yoast-schema-graph\">{\"@context\":\"https:\/\/schema.org\",\"@graph\":[{\"@type\":\"WebPage\",\"@id\":\"https:\/\/www.brazilcarestore.com\/fr\/product\/forever-liss-fr\/masque-forever-liss\/masque-de-liss-btx-volume-nul-1kg\/\",\"url\":\"https:\/\/www.brazilcarestore.com\/fr\/product\/forever-liss-fr\/masque-forever-liss\/masque-de-liss-btx-volume-nul-1kg\/\",\"name\":\"Masque de Liss BTX Volume nul 1kg - Brazil Care Store\",\"isPartOf\":{\"@id\":\"https:\/\/www.brazilcarestore.com\/fr\/#website\"},\"primaryImageOfPage\":{\"@id\":\"https:\/\/www.brazilcarestore.com\/fr\/product\/forever-liss-fr\/masque-forever-liss\/masque-de-liss-btx-volume-nul-1kg\/#primaryimage\"},\"image\":{\"@id\":\"https:\/\/www.brazilcarestore.com\/fr\/product\/forever-liss-fr\/masque-forever-liss\/masque-de-liss-btx-volume-nul-1kg\/#primaryimage\"},\"thumbnailUrl\":\"https:\/\/i0.wp.com\/www.brazilcarestore.com\/wp-content\/uploads\/2024\/04\/ForeverLiss-Btx-Zero.webp?fit=639%2C807&ssl=1\",\"datePublished\":\"2024-04-25T23:37:14+00:00\",\"dateModified\":\"2025-05-01T03:11:58+00:00\",\"breadcrumb\":{\"@id\":\"https:\/\/www.brazilcarestore.com\/fr\/product\/forever-liss-fr\/masque-forever-liss\/masque-de-liss-btx-volume-nul-1kg\/#breadcrumb\"},\"inLanguage\":\"fr-FR\",\"potentialAction\":[{\"@type\":\"ReadAction\",\"target\":[\"https:\/\/www.brazilcarestore.com\/fr\/product\/forever-liss-fr\/masque-forever-liss\/masque-de-liss-btx-volume-nul-1kg\/\"]}]},{\"@type\":\"ImageObject\",\"inLanguage\":\"fr-FR\",\"@id\":\"https:\/\/www.brazilcarestore.com\/fr\/product\/forever-liss-fr\/masque-forever-liss\/masque-de-liss-btx-volume-nul-1kg\/#primaryimage\",\"url\":\"https:\/\/i0.wp.com\/www.brazilcarestore.com\/wp-content\/uploads\/2024\/04\/ForeverLiss-Btx-Zero.webp?fit=639%2C807&ssl=1\",\"contentUrl\":\"https:\/\/i0.wp.com\/www.brazilcarestore.com\/wp-content\/uploads\/2024\/04\/ForeverLiss-Btx-Zero.webp?fit=639%2C807&ssl=1\",\"width\":639,\"height\":807,\"caption\":\"Masque de Liss BTX Volume nul 1kg\"},{\"@type\":\"BreadcrumbList\",\"@id\":\"https:\/\/www.brazilcarestore.com\/fr\/product\/forever-liss-fr\/masque-forever-liss\/masque-de-liss-btx-volume-nul-1kg\/#breadcrumb\",\"itemListElement\":[{\"@type\":\"ListItem\",\"position\":1,\"name\":\"Home\",\"item\":\"https:\/\/www.brazilcarestore.com\/fr\/\"},{\"@type\":\"ListItem\",\"position\":2,\"name\":\"Boutique\",\"item\":\"https:\/\/www.brazilcarestore.com\/fr\/boutique\/\"},{\"@type\":\"ListItem\",\"position\":3,\"name\":\"Masque de Liss BTX Volume nul 1kg\"}]},{\"@type\":\"WebSite\",\"@id\":\"https:\/\/www.brazilcarestore.com\/fr\/#website\",\"url\":\"https:\/\/www.brazilcarestore.com\/fr\/\",\"name\":\"Brazil Care Store\",\"description\":\"The way to Beauty\",\"publisher\":{\"@id\":\"https:\/\/www.brazilcarestore.com\/fr\/#organization\"},\"potentialAction\":[{\"@type\":\"SearchAction\",\"target\":{\"@type\":\"EntryPoint\",\"urlTemplate\":\"https:\/\/www.brazilcarestore.com\/fr\/?s={search_term_string}\"},\"query-input\":{\"@type\":\"PropertyValueSpecification\",\"valueRequired\":true,\"valueName\":\"search_term_string\"}}],\"inLanguage\":\"fr-FR\"},{\"@type\":\"Organization\",\"@id\":\"https:\/\/www.brazilcarestore.com\/fr\/#organization\",\"name\":\"Brazil Care Store\",\"url\":\"https:\/\/www.brazilcarestore.com\/fr\/\",\"logo\":{\"@type\":\"ImageObject\",\"inLanguage\":\"fr-FR\",\"@id\":\"https:\/\/www.brazilcarestore.com\/fr\/#\/schema\/logo\/image\/\",\"url\":\"https:\/\/i0.wp.com\/www.brazilcarestore.com\/wp-content\/uploads\/2024\/02\/Brazil-Care-Store.png?fit=350%2C369&ssl=1\",\"contentUrl\":\"https:\/\/i0.wp.com\/www.brazilcarestore.com\/wp-content\/uploads\/2024\/02\/Brazil-Care-Store.png?fit=350%2C369&ssl=1\",\"width\":350,\"height\":369,\"caption\":\"Brazil Care Store\"},\"image\":{\"@id\":\"https:\/\/www.brazilcarestore.com\/fr\/#\/schema\/logo\/image\/\"},\"sameAs\":[\"https:\/\/www.facebook.com\/brazilcarestore\",\"https:\/\/www.instagram.com\/brazilcarestore\",\"https:\/\/www.tiktok.com\/@brazilcarestore\"]}]}<\/script>\n<!-- \/ Yoast SEO plugin. -->","yoast_head_json":{"title":"Masque de Liss BTX Volume nul 1kg - Brazil Care Store","robots":{"index":"index","follow":"follow","max-snippet":"max-snippet:-1","max-image-preview":"max-image-preview:large","max-video-preview":"max-video-preview:-1"},"canonical":"https:\/\/www.brazilcarestore.com\/fr\/product\/forever-liss-fr\/masque-forever-liss\/masque-de-liss-btx-volume-nul-1kg\/","og_locale":"fr_FR","og_type":"article","og_title":"Masque de Liss BTX Volume nul 1kg - Brazil Care Store","og_description":"Le masque de volume z\u00e9ro de Forever Liss, 1000g, fournit une hydratation profonde, de la nourriture, de la brillance et de la douceur aux cheveux, ainsi que le r\u00e9alignement des brins, une r\u00e9duction de volume et des actes pour \u00e9liminer les frisures.","og_url":"https:\/\/www.brazilcarestore.com\/fr\/product\/forever-liss-fr\/masque-forever-liss\/masque-de-liss-btx-volume-nul-1kg\/","og_site_name":"Brazil Care Store","article_publisher":"https:\/\/www.facebook.com\/brazilcarestore","article_modified_time":"2025-05-01T03:11:58+00:00","og_image":[{"width":639,"height":807,"url":"https:\/\/www.brazilcarestore.com\/wp-content\/uploads\/2024\/04\/ForeverLiss-Btx-Zero.webp","type":"image\/webp"}],"twitter_card":"summary_large_image","twitter_misc":{"Dur\u00e9e de lecture estim\u00e9e":"1 minute"},"schema":{"@context":"https:\/\/schema.org","@graph":[{"@type":"WebPage","@id":"https:\/\/www.brazilcarestore.com\/fr\/product\/forever-liss-fr\/masque-forever-liss\/masque-de-liss-btx-volume-nul-1kg\/","url":"https:\/\/www.brazilcarestore.com\/fr\/product\/forever-liss-fr\/masque-forever-liss\/masque-de-liss-btx-volume-nul-1kg\/","name":"Masque de Liss BTX Volume nul 1kg - Brazil Care Store","isPartOf":{"@id":"https:\/\/www.brazilcarestore.com\/fr\/#website"},"primaryImageOfPage":{"@id":"https:\/\/www.brazilcarestore.com\/fr\/product\/forever-liss-fr\/masque-forever-liss\/masque-de-liss-btx-volume-nul-1kg\/#primaryimage"},"image":{"@id":"https:\/\/www.brazilcarestore.com\/fr\/product\/forever-liss-fr\/masque-forever-liss\/masque-de-liss-btx-volume-nul-1kg\/#primaryimage"},"thumbnailUrl":"https:\/\/i0.wp.com\/www.brazilcarestore.com\/wp-content\/uploads\/2024\/04\/ForeverLiss-Btx-Zero.webp?fit=639%2C807&ssl=1","datePublished":"2024-04-25T23:37:14+00:00","dateModified":"2025-05-01T03:11:58+00:00","breadcrumb":{"@id":"https:\/\/www.brazilcarestore.com\/fr\/product\/forever-liss-fr\/masque-forever-liss\/masque-de-liss-btx-volume-nul-1kg\/#breadcrumb"},"inLanguage":"fr-FR","potentialAction":[{"@type":"ReadAction","target":["https:\/\/www.brazilcarestore.com\/fr\/product\/forever-liss-fr\/masque-forever-liss\/masque-de-liss-btx-volume-nul-1kg\/"]}]},{"@type":"ImageObject","inLanguage":"fr-FR","@id":"https:\/\/www.brazilcarestore.com\/fr\/product\/forever-liss-fr\/masque-forever-liss\/masque-de-liss-btx-volume-nul-1kg\/#primaryimage","url":"https:\/\/i0.wp.com\/www.brazilcarestore.com\/wp-content\/uploads\/2024\/04\/ForeverLiss-Btx-Zero.webp?fit=639%2C807&ssl=1","contentUrl":"https:\/\/i0.wp.com\/www.brazilcarestore.com\/wp-content\/uploads\/2024\/04\/ForeverLiss-Btx-Zero.webp?fit=639%2C807&ssl=1","width":639,"height":807,"caption":"Masque de Liss BTX Volume nul 1kg"},{"@type":"BreadcrumbList","@id":"https:\/\/www.brazilcarestore.com\/fr\/product\/forever-liss-fr\/masque-forever-liss\/masque-de-liss-btx-volume-nul-1kg\/#breadcrumb","itemListElement":[{"@type":"ListItem","position":1,"name":"Home","item":"https:\/\/www.brazilcarestore.com\/fr\/"},{"@type":"ListItem","position":2,"name":"Boutique","item":"https:\/\/www.brazilcarestore.com\/fr\/boutique\/"},{"@type":"ListItem","position":3,"name":"Masque de Liss BTX Volume nul 1kg"}]},{"@type":"WebSite","@id":"https:\/\/www.brazilcarestore.com\/fr\/#website","url":"https:\/\/www.brazilcarestore.com\/fr\/","name":"Brazil Care Store","description":"The way to Beauty","publisher":{"@id":"https:\/\/www.brazilcarestore.com\/fr\/#organization"},"potentialAction":[{"@type":"SearchAction","target":{"@type":"EntryPoint","urlTemplate":"https:\/\/www.brazilcarestore.com\/fr\/?s={search_term_string}"},"query-input":{"@type":"PropertyValueSpecification","valueRequired":true,"valueName":"search_term_string"}}],"inLanguage":"fr-FR"},{"@type":"Organization","@id":"https:\/\/www.brazilcarestore.com\/fr\/#organization","name":"Brazil Care Store","url":"https:\/\/www.brazilcarestore.com\/fr\/","logo":{"@type":"ImageObject","inLanguage":"fr-FR","@id":"https:\/\/www.brazilcarestore.com\/fr\/#\/schema\/logo\/image\/","url":"https:\/\/i0.wp.com\/www.brazilcarestore.com\/wp-content\/uploads\/2024\/02\/Brazil-Care-Store.png?fit=350%2C369&ssl=1","contentUrl":"https:\/\/i0.wp.com\/www.brazilcarestore.com\/wp-content\/uploads\/2024\/02\/Brazil-Care-Store.png?fit=350%2C369&ssl=1","width":350,"height":369,"caption":"Brazil Care Store"},"image":{"@id":"https:\/\/www.brazilcarestore.com\/fr\/#\/schema\/logo\/image\/"},"sameAs":["https:\/\/www.facebook.com\/brazilcarestore","https:\/\/www.instagram.com\/brazilcarestore","https:\/\/www.tiktok.com\/@brazilcarestore"]}]}},"_links":{"self":[{"href":"https:\/\/www.brazilcarestore.com\/fr\/wp-json\/wp\/v2\/product\/2794","targetHints":{"allow":["GET"]}}],"collection":[{"href":"https:\/\/www.brazilcarestore.com\/fr\/wp-json\/wp\/v2\/product"}],"about":[{"href":"https:\/\/www.brazilcarestore.com\/fr\/wp-json\/wp\/v2\/types\/product"}],"wp:featuredmedia":[{"embeddable":true,"href":"https:\/\/www.brazilcarestore.com\/fr\/wp-json\/wp\/v2\/media\/1765"}],"wp:attachment":[{"href":"https:\/\/www.brazilcarestore.com\/fr\/wp-json\/wp\/v2\/media?parent=2794"}],"wp:term":[{"taxonomy":"product_brand","embeddable":true,"href":"https:\/\/www.brazilcarestore.com\/fr\/wp-json\/wp\/v2\/product_brand?post=2794"},{"taxonomy":"product_cat","embeddable":true,"href":"https:\/\/www.brazilcarestore.com\/fr\/wp-json\/wp\/v2\/product_cat?post=2794"},{"taxonomy":"product_tag","embeddable":true,"href":"https:\/\/www.brazilcarestore.com\/fr\/wp-json\/wp\/v2\/product_tag?post=2794"}],"curies":[{"name":"wp","href":"https:\/\/api.w.org\/{rel}","templated":true}]}}