{"id":2708,"date":"2025-04-01T12:52:29","date_gmt":"2025-04-01T15:52:29","guid":{"rendered":"https:\/\/www.brazilcarestore.com\/product\/non class\u00e9\/donna-indiana-gluten-hair-cuticle-1-l-3-unites\/"},"modified":"2025-04-01T12:52:29","modified_gmt":"2025-04-01T15:52:29","slug":"donna-indiana-gluten-hair-cuticle-1-l-3-unites","status":"publish","type":"product","link":"https:\/\/www.brazilcarestore.com\/fr\/product\/meilleurs-cosmetiques-bresiliens-25-avril\/donna-indiana-gluten-hair-cuticle-1-l-3-unites\/","title":{"rendered":"Donna Indiana Gluten Hair Cuticle &#8211; 1 L (3 unit\u00e9s)"},"content":{"rendered":"<p class=\"\" data-start=\"42\" data-end=\"77\"><strong data-start=\"42\" data-end=\"77\">3 UNIT\u00c9S BRILLANT GL\u00dcHEN INDIANA 1L<\/strong><\/p>\n<p class=\"\" data-start=\"79\" data-end=\"237\">Le <strong data-start=\"83\" data-end=\"120\">Gl\u00fchen Hair Cuticle Donna Indiana<\/strong> a \u00e9t\u00e9 d\u00e9velopp\u00e9 avec une technologie de traitement avanc\u00e9e pour favoriser l&rsquo;alignement des cheveux, la r\u00e9duction des frisottis et une brillance longue dur\u00e9e.<\/p>\n<p class=\"\" data-start=\"239\" data-end=\"629\">Sa formule cr\u00e9e un film protecteur intelligent autour de la fibre capillaire, offrant souplesse, douceur au toucher et r\u00e9sistance prolong\u00e9e aux agressions ext\u00e9rieures telles que l&rsquo;humidit\u00e9 et la chaleur excessive. Gr\u00e2ce \u00e0 des ingr\u00e9dients haute performance comme le beurre de karit\u00e9 et l&rsquo;acide hyaluronique hydrolys\u00e9, ce produit offre une hydratation intense et une action revitalisante en profondeur sans alourdir les cheveux. <\/p>\n<p class=\"\" data-start=\"631\" data-end=\"632\">\u2e3b<\/p>\n<p class=\"\" data-start=\"634\" data-end=\"649\"><strong data-start=\"634\" data-end=\"649\">Indication:<\/strong><\/p>\n<p class=\"\" data-start=\"651\" data-end=\"821\">Convient \u00e0 tous les types de cheveux recherchant discipline, contr\u00f4le des frisottis et une finition professionnelle, en particulier pour ceux qui souffrent de s\u00e9cheresse, de manque de brillance ou de volume excessif.<\/p>\n<p class=\"\" data-start=\"823\" data-end=\"836\"><strong data-start=\"823\" data-end=\"836\">Avantages:<\/strong><\/p>\n<ul data-start=\"837\" data-end=\"1114\">\n<li class=\"\" data-start=\"837\" data-end=\"868\">\n<p class=\"\" data-start=\"839\" data-end=\"868\">Aligne les cheveux sans raideur<\/p>\n<\/li>\n<li class=\"\" data-start=\"869\" data-end=\"894\">\n<p class=\"\" data-start=\"871\" data-end=\"894\">Contr\u00f4le efficace des frisottis<\/p>\n<\/li>\n<li class=\"\" data-start=\"895\" data-end=\"927\">\n<p class=\"\" data-start=\"897\" data-end=\"927\">Brillance intense et longue dur\u00e9e<\/p>\n<\/li>\n<li class=\"\" data-start=\"928\" data-end=\"957\">\n<p class=\"\" data-start=\"930\" data-end=\"957\">Toucher doux et finition soyeuse<\/p>\n<\/li>\n<li class=\"\" data-start=\"958\" data-end=\"1007\">\n<p class=\"\" data-start=\"960\" data-end=\"1007\">Protection contre l&rsquo;humidit\u00e9 et les agents ext\u00e9rieurs<\/p>\n<\/li>\n<li class=\"\" data-start=\"1008\" data-end=\"1062\">\n<p class=\"\" data-start=\"1010\" data-end=\"1062\">Action disciplinante avec l&rsquo;acide tannique et l&rsquo;acide lactique<\/p>\n<\/li>\n<li class=\"\" data-start=\"1063\" data-end=\"1114\">\n<p class=\"\" data-start=\"1065\" data-end=\"1114\">Hydratation profonde avec des actifs nourrissants<\/p>\n<\/li>\n<\/ul>\n","protected":false},"excerpt":{"rendered":"<p class=\"\" data-start=\"42\" data-end=\"77\"><strong data-start=\"42\" data-end=\"77\">3 UNIT\u00c9S BRILLANT GL\u00dcHEN INDIANA 1L<\/strong><\/p>\n<p class=\"\" data-start=\"79\" data-end=\"237\">Le <strong data-start=\"83\" data-end=\"120\">Gl\u00fchen Hair Cuticle Donna Indiana<\/strong> a \u00e9t\u00e9 d\u00e9velopp\u00e9 avec une technologie de traitement avanc\u00e9e pour favoriser l&rsquo;alignement des cheveux, la r\u00e9duction des frisottis et une brillance longue dur\u00e9e.<\/p>\n","protected":false},"featured_media":2566,"template":"","meta":[],"product_brand":[216],"product_cat":[231,225],"product_tag":[153],"class_list":{"0":"post-2708","1":"product","2":"type-product","3":"status-publish","4":"has-post-thumbnail","6":"product_brand-donna-indiana","7":"product_cat-donna-indiana-fr","8":"product_cat-meilleurs-cosmetiques-bresiliens-25-avril","9":"product_tag-traitement-des-cheveux","10":"product_shipping_class-1l-fr","12":"first","13":"instock","14":"sale","15":"shipping-taxable","16":"purchasable","17":"product-type-simple"},"yoast_head":"<!-- This site is optimized with the Yoast SEO plugin v27.1.1 - https:\/\/yoast.com\/product\/yoast-seo-wordpress\/ -->\n<title>Donna Indiana Gluten Hair Cuticle - 1 L (3 unit\u00e9s) - Brazil Care Store<\/title>\n<meta name=\"robots\" content=\"index, follow, max-snippet:-1, max-image-preview:large, max-video-preview:-1\" \/>\n<link rel=\"canonical\" href=\"https:\/\/www.brazilcarestore.com\/fr\/product\/meilleurs-cosmetiques-bresiliens-25-avril\/donna-indiana-gluten-hair-cuticle-1-l-3-unites\/\" \/>\n<meta property=\"og:locale\" content=\"fr_FR\" \/>\n<meta property=\"og:type\" content=\"article\" \/>\n<meta property=\"og:title\" content=\"Donna Indiana Gluten Hair Cuticle - 1 L (3 unit\u00e9s) - Brazil Care Store\" \/>\n<meta property=\"og:description\" content=\"3 UNIT\u00c9S BRILLANT GL\u00dcHEN INDIANA 1L Le Gl\u00fchen Hair Cuticle Donna Indiana a \u00e9t\u00e9 d\u00e9velopp\u00e9 avec une technologie de traitement avanc\u00e9e pour favoriser l&#039;alignement des cheveux, la r\u00e9duction des frisottis et une brillance longue dur\u00e9e.\" \/>\n<meta property=\"og:url\" content=\"https:\/\/www.brazilcarestore.com\/fr\/product\/meilleurs-cosmetiques-bresiliens-25-avril\/donna-indiana-gluten-hair-cuticle-1-l-3-unites\/\" \/>\n<meta property=\"og:site_name\" content=\"Brazil Care Store\" \/>\n<meta property=\"article:publisher\" content=\"https:\/\/www.facebook.com\/brazilcarestore\" \/>\n<meta name=\"twitter:card\" content=\"summary_large_image\" \/>\n<meta name=\"twitter:label1\" content=\"Dur\u00e9e de lecture estim\u00e9e\" \/>\n\t<meta name=\"twitter:data1\" content=\"1 minute\" \/>\n<script type=\"application\/ld+json\" class=\"yoast-schema-graph\">{\"@context\":\"https:\/\/schema.org\",\"@graph\":[{\"@type\":\"WebPage\",\"@id\":\"https:\/\/www.brazilcarestore.com\/fr\/product\/meilleurs-cosmetiques-bresiliens-25-avril\/donna-indiana-gluten-hair-cuticle-1-l-3-unites\/\",\"url\":\"https:\/\/www.brazilcarestore.com\/fr\/product\/meilleurs-cosmetiques-bresiliens-25-avril\/donna-indiana-gluten-hair-cuticle-1-l-3-unites\/\",\"name\":\"Donna Indiana Gluten Hair Cuticle - 1 L (3 unit\u00e9s) - Brazil Care Store\",\"isPartOf\":{\"@id\":\"https:\/\/www.brazilcarestore.com\/fr\/#website\"},\"primaryImageOfPage\":{\"@id\":\"https:\/\/www.brazilcarestore.com\/fr\/product\/meilleurs-cosmetiques-bresiliens-25-avril\/donna-indiana-gluten-hair-cuticle-1-l-3-unites\/#primaryimage\"},\"image\":{\"@id\":\"https:\/\/www.brazilcarestore.com\/fr\/product\/meilleurs-cosmetiques-bresiliens-25-avril\/donna-indiana-gluten-hair-cuticle-1-l-3-unites\/#primaryimage\"},\"thumbnailUrl\":\"https:\/\/i0.wp.com\/www.brazilcarestore.com\/wp-content\/uploads\/2025\/04\/gra-tis-3-mak93aqopm.png?fit=600%2C600&ssl=1\",\"datePublished\":\"2025-04-01T15:52:29+00:00\",\"breadcrumb\":{\"@id\":\"https:\/\/www.brazilcarestore.com\/fr\/product\/meilleurs-cosmetiques-bresiliens-25-avril\/donna-indiana-gluten-hair-cuticle-1-l-3-unites\/#breadcrumb\"},\"inLanguage\":\"fr-FR\",\"potentialAction\":[{\"@type\":\"ReadAction\",\"target\":[\"https:\/\/www.brazilcarestore.com\/fr\/product\/meilleurs-cosmetiques-bresiliens-25-avril\/donna-indiana-gluten-hair-cuticle-1-l-3-unites\/\"]}]},{\"@type\":\"ImageObject\",\"inLanguage\":\"fr-FR\",\"@id\":\"https:\/\/www.brazilcarestore.com\/fr\/product\/meilleurs-cosmetiques-bresiliens-25-avril\/donna-indiana-gluten-hair-cuticle-1-l-3-unites\/#primaryimage\",\"url\":\"https:\/\/i0.wp.com\/www.brazilcarestore.com\/wp-content\/uploads\/2025\/04\/gra-tis-3-mak93aqopm.png?fit=600%2C600&ssl=1\",\"contentUrl\":\"https:\/\/i0.wp.com\/www.brazilcarestore.com\/wp-content\/uploads\/2025\/04\/gra-tis-3-mak93aqopm.png?fit=600%2C600&ssl=1\",\"width\":600,\"height\":600,\"caption\":\"Donna Indiana Gluten Hair Cuticle - 1 L (3 unit\u00e9s)\"},{\"@type\":\"BreadcrumbList\",\"@id\":\"https:\/\/www.brazilcarestore.com\/fr\/product\/meilleurs-cosmetiques-bresiliens-25-avril\/donna-indiana-gluten-hair-cuticle-1-l-3-unites\/#breadcrumb\",\"itemListElement\":[{\"@type\":\"ListItem\",\"position\":1,\"name\":\"Home\",\"item\":\"https:\/\/www.brazilcarestore.com\/fr\/\"},{\"@type\":\"ListItem\",\"position\":2,\"name\":\"Boutique\",\"item\":\"https:\/\/www.brazilcarestore.com\/fr\/boutique\/\"},{\"@type\":\"ListItem\",\"position\":3,\"name\":\"Donna Indiana Gluten Hair Cuticle &#8211; 1 L (3 unit\u00e9s)\"}]},{\"@type\":\"WebSite\",\"@id\":\"https:\/\/www.brazilcarestore.com\/fr\/#website\",\"url\":\"https:\/\/www.brazilcarestore.com\/fr\/\",\"name\":\"Brazil Care Store\",\"description\":\"The way to Beauty\",\"publisher\":{\"@id\":\"https:\/\/www.brazilcarestore.com\/fr\/#organization\"},\"potentialAction\":[{\"@type\":\"SearchAction\",\"target\":{\"@type\":\"EntryPoint\",\"urlTemplate\":\"https:\/\/www.brazilcarestore.com\/fr\/?s={search_term_string}\"},\"query-input\":{\"@type\":\"PropertyValueSpecification\",\"valueRequired\":true,\"valueName\":\"search_term_string\"}}],\"inLanguage\":\"fr-FR\"},{\"@type\":\"Organization\",\"@id\":\"https:\/\/www.brazilcarestore.com\/fr\/#organization\",\"name\":\"Brazil Care Store\",\"url\":\"https:\/\/www.brazilcarestore.com\/fr\/\",\"logo\":{\"@type\":\"ImageObject\",\"inLanguage\":\"fr-FR\",\"@id\":\"https:\/\/www.brazilcarestore.com\/fr\/#\/schema\/logo\/image\/\",\"url\":\"https:\/\/i0.wp.com\/www.brazilcarestore.com\/wp-content\/uploads\/2024\/02\/Brazil-Care-Store.png?fit=350%2C369&ssl=1\",\"contentUrl\":\"https:\/\/i0.wp.com\/www.brazilcarestore.com\/wp-content\/uploads\/2024\/02\/Brazil-Care-Store.png?fit=350%2C369&ssl=1\",\"width\":350,\"height\":369,\"caption\":\"Brazil Care Store\"},\"image\":{\"@id\":\"https:\/\/www.brazilcarestore.com\/fr\/#\/schema\/logo\/image\/\"},\"sameAs\":[\"https:\/\/www.facebook.com\/brazilcarestore\",\"https:\/\/www.instagram.com\/brazilcarestore\",\"https:\/\/www.tiktok.com\/@brazilcarestore\"]}]}<\/script>\n<!-- \/ Yoast SEO plugin. -->","yoast_head_json":{"title":"Donna Indiana Gluten Hair Cuticle - 1 L (3 unit\u00e9s) - Brazil Care Store","robots":{"index":"index","follow":"follow","max-snippet":"max-snippet:-1","max-image-preview":"max-image-preview:large","max-video-preview":"max-video-preview:-1"},"canonical":"https:\/\/www.brazilcarestore.com\/fr\/product\/meilleurs-cosmetiques-bresiliens-25-avril\/donna-indiana-gluten-hair-cuticle-1-l-3-unites\/","og_locale":"fr_FR","og_type":"article","og_title":"Donna Indiana Gluten Hair Cuticle - 1 L (3 unit\u00e9s) - Brazil Care Store","og_description":"3 UNIT\u00c9S BRILLANT GL\u00dcHEN INDIANA 1L Le Gl\u00fchen Hair Cuticle Donna Indiana a \u00e9t\u00e9 d\u00e9velopp\u00e9 avec une technologie de traitement avanc\u00e9e pour favoriser l'alignement des cheveux, la r\u00e9duction des frisottis et une brillance longue dur\u00e9e.","og_url":"https:\/\/www.brazilcarestore.com\/fr\/product\/meilleurs-cosmetiques-bresiliens-25-avril\/donna-indiana-gluten-hair-cuticle-1-l-3-unites\/","og_site_name":"Brazil Care Store","article_publisher":"https:\/\/www.facebook.com\/brazilcarestore","twitter_card":"summary_large_image","twitter_misc":{"Dur\u00e9e de lecture estim\u00e9e":"1 minute"},"schema":{"@context":"https:\/\/schema.org","@graph":[{"@type":"WebPage","@id":"https:\/\/www.brazilcarestore.com\/fr\/product\/meilleurs-cosmetiques-bresiliens-25-avril\/donna-indiana-gluten-hair-cuticle-1-l-3-unites\/","url":"https:\/\/www.brazilcarestore.com\/fr\/product\/meilleurs-cosmetiques-bresiliens-25-avril\/donna-indiana-gluten-hair-cuticle-1-l-3-unites\/","name":"Donna Indiana Gluten Hair Cuticle - 1 L (3 unit\u00e9s) - Brazil Care Store","isPartOf":{"@id":"https:\/\/www.brazilcarestore.com\/fr\/#website"},"primaryImageOfPage":{"@id":"https:\/\/www.brazilcarestore.com\/fr\/product\/meilleurs-cosmetiques-bresiliens-25-avril\/donna-indiana-gluten-hair-cuticle-1-l-3-unites\/#primaryimage"},"image":{"@id":"https:\/\/www.brazilcarestore.com\/fr\/product\/meilleurs-cosmetiques-bresiliens-25-avril\/donna-indiana-gluten-hair-cuticle-1-l-3-unites\/#primaryimage"},"thumbnailUrl":"https:\/\/i0.wp.com\/www.brazilcarestore.com\/wp-content\/uploads\/2025\/04\/gra-tis-3-mak93aqopm.png?fit=600%2C600&ssl=1","datePublished":"2025-04-01T15:52:29+00:00","breadcrumb":{"@id":"https:\/\/www.brazilcarestore.com\/fr\/product\/meilleurs-cosmetiques-bresiliens-25-avril\/donna-indiana-gluten-hair-cuticle-1-l-3-unites\/#breadcrumb"},"inLanguage":"fr-FR","potentialAction":[{"@type":"ReadAction","target":["https:\/\/www.brazilcarestore.com\/fr\/product\/meilleurs-cosmetiques-bresiliens-25-avril\/donna-indiana-gluten-hair-cuticle-1-l-3-unites\/"]}]},{"@type":"ImageObject","inLanguage":"fr-FR","@id":"https:\/\/www.brazilcarestore.com\/fr\/product\/meilleurs-cosmetiques-bresiliens-25-avril\/donna-indiana-gluten-hair-cuticle-1-l-3-unites\/#primaryimage","url":"https:\/\/i0.wp.com\/www.brazilcarestore.com\/wp-content\/uploads\/2025\/04\/gra-tis-3-mak93aqopm.png?fit=600%2C600&ssl=1","contentUrl":"https:\/\/i0.wp.com\/www.brazilcarestore.com\/wp-content\/uploads\/2025\/04\/gra-tis-3-mak93aqopm.png?fit=600%2C600&ssl=1","width":600,"height":600,"caption":"Donna Indiana Gluten Hair Cuticle - 1 L (3 unit\u00e9s)"},{"@type":"BreadcrumbList","@id":"https:\/\/www.brazilcarestore.com\/fr\/product\/meilleurs-cosmetiques-bresiliens-25-avril\/donna-indiana-gluten-hair-cuticle-1-l-3-unites\/#breadcrumb","itemListElement":[{"@type":"ListItem","position":1,"name":"Home","item":"https:\/\/www.brazilcarestore.com\/fr\/"},{"@type":"ListItem","position":2,"name":"Boutique","item":"https:\/\/www.brazilcarestore.com\/fr\/boutique\/"},{"@type":"ListItem","position":3,"name":"Donna Indiana Gluten Hair Cuticle &#8211; 1 L (3 unit\u00e9s)"}]},{"@type":"WebSite","@id":"https:\/\/www.brazilcarestore.com\/fr\/#website","url":"https:\/\/www.brazilcarestore.com\/fr\/","name":"Brazil Care Store","description":"The way to Beauty","publisher":{"@id":"https:\/\/www.brazilcarestore.com\/fr\/#organization"},"potentialAction":[{"@type":"SearchAction","target":{"@type":"EntryPoint","urlTemplate":"https:\/\/www.brazilcarestore.com\/fr\/?s={search_term_string}"},"query-input":{"@type":"PropertyValueSpecification","valueRequired":true,"valueName":"search_term_string"}}],"inLanguage":"fr-FR"},{"@type":"Organization","@id":"https:\/\/www.brazilcarestore.com\/fr\/#organization","name":"Brazil Care Store","url":"https:\/\/www.brazilcarestore.com\/fr\/","logo":{"@type":"ImageObject","inLanguage":"fr-FR","@id":"https:\/\/www.brazilcarestore.com\/fr\/#\/schema\/logo\/image\/","url":"https:\/\/i0.wp.com\/www.brazilcarestore.com\/wp-content\/uploads\/2024\/02\/Brazil-Care-Store.png?fit=350%2C369&ssl=1","contentUrl":"https:\/\/i0.wp.com\/www.brazilcarestore.com\/wp-content\/uploads\/2024\/02\/Brazil-Care-Store.png?fit=350%2C369&ssl=1","width":350,"height":369,"caption":"Brazil Care Store"},"image":{"@id":"https:\/\/www.brazilcarestore.com\/fr\/#\/schema\/logo\/image\/"},"sameAs":["https:\/\/www.facebook.com\/brazilcarestore","https:\/\/www.instagram.com\/brazilcarestore","https:\/\/www.tiktok.com\/@brazilcarestore"]}]}},"_links":{"self":[{"href":"https:\/\/www.brazilcarestore.com\/fr\/wp-json\/wp\/v2\/product\/2708","targetHints":{"allow":["GET"]}}],"collection":[{"href":"https:\/\/www.brazilcarestore.com\/fr\/wp-json\/wp\/v2\/product"}],"about":[{"href":"https:\/\/www.brazilcarestore.com\/fr\/wp-json\/wp\/v2\/types\/product"}],"wp:featuredmedia":[{"embeddable":true,"href":"https:\/\/www.brazilcarestore.com\/fr\/wp-json\/wp\/v2\/media\/2566"}],"wp:attachment":[{"href":"https:\/\/www.brazilcarestore.com\/fr\/wp-json\/wp\/v2\/media?parent=2708"}],"wp:term":[{"taxonomy":"product_brand","embeddable":true,"href":"https:\/\/www.brazilcarestore.com\/fr\/wp-json\/wp\/v2\/product_brand?post=2708"},{"taxonomy":"product_cat","embeddable":true,"href":"https:\/\/www.brazilcarestore.com\/fr\/wp-json\/wp\/v2\/product_cat?post=2708"},{"taxonomy":"product_tag","embeddable":true,"href":"https:\/\/www.brazilcarestore.com\/fr\/wp-json\/wp\/v2\/product_tag?post=2708"}],"curies":[{"name":"wp","href":"https:\/\/api.w.org\/{rel}","templated":true}]}}