{"id":2707,"date":"2025-04-01T13:00:36","date_gmt":"2025-04-01T16:00:36","guid":{"rendered":"https:\/\/www.brazilcarestore.com\/product\/non class\u00e9\/kit-de-charbon-actif-ccrp-robson-peluquero-1-l\/"},"modified":"2025-04-01T13:00:36","modified_gmt":"2025-04-01T16:00:36","slug":"kit-de-charbon-actif-ccrp-robson-peluquero-1-l","status":"publish","type":"product","link":"https:\/\/www.brazilcarestore.com\/fr\/product\/meilleurs-cosmetiques-bresiliens-25-avril\/kit-de-charbon-actif-ccrp-robson-peluquero-1-l\/","title":{"rendered":"Kit de charbon actif CCRP Robson Peluquero 1 L"},"content":{"rendered":"<p class=\"\" data-start=\"96\" data-end=\"162\"><strong data-start=\"96\" data-end=\"162\">Restauration, d\u00e9tox et pr\u00e9paration compl\u00e8te pour des cheveux sains.<\/strong><\/p>\n<p class=\"\" data-start=\"164\" data-end=\"579\">Le <strong data-start=\"168\" data-end=\"200\">CCRP Plus au Charbon Actif<\/strong> est un soin capillaire avanc\u00e9, con\u00e7u pour \u00eatre utilis\u00e9 avant ou apr\u00e8s les traitements chimiques. Il favorise l&rsquo;extraction des m\u00e9taux lourds, r\u00e9g\u00e9n\u00e8re instantan\u00e9ment et r\u00e9tablit l&rsquo;\u00e9quilibre du pH, pr\u00e9parant ainsi les cheveux \u00e0 de nouvelles interventions. Sa formule puissante reconstruit les cheveux de l&rsquo;int\u00e9rieur gr\u00e2ce \u00e0 des ingr\u00e9dients actifs de premi\u00e8re qualit\u00e9 pour des r\u00e9sultats exceptionnels.  <\/p>\n<p class=\"\" data-start=\"581\" data-end=\"599\"><strong data-start=\"581\" data-end=\"599\">Principaux avantages:<\/strong><\/p>\n<ul data-start=\"600\" data-end=\"998\">\n<li class=\"\" data-start=\"600\" data-end=\"687\">\n<p class=\"\" data-start=\"602\" data-end=\"687\"><strong data-start=\"602\" data-end=\"628\">Extraction de m\u00e9taux lourds<\/strong>: une d\u00e9tox efficace pour \u00e9liminer les impuret\u00e9s des m\u00e8ches.<\/p>\n<\/li>\n<li class=\"\" data-start=\"688\" data-end=\"756\">\n<p class=\"\" data-start=\"690\" data-end=\"756\"><strong data-start=\"690\" data-end=\"710\">Restauration des cheveux<\/strong>: R\u00e9pare les dommages caus\u00e9s par les processus chimiques.<\/p>\n<\/li>\n<li class=\"\" data-start=\"757\" data-end=\"833\">\n<p class=\"\" data-start=\"759\" data-end=\"833\"><strong data-start=\"759\" data-end=\"785\">Restauration de l&rsquo;\u00e9quilibre du pH<\/strong>: pr\u00e9pare les cheveux aux nouveaux traitements chimiques.<\/p>\n<\/li>\n<li class=\"\" data-start=\"834\" data-end=\"915\">\n<p class=\"\" data-start=\"836\" data-end=\"915\"><strong data-start=\"836\" data-end=\"864\">Hydratation et \u00e9mollience<\/strong>: Procure des cheveux doux et sains, faciles \u00e0 coiffer.<\/p>\n<\/li>\n<li class=\"\" data-start=\"916\" data-end=\"998\">\n<p class=\"\" data-start=\"918\" data-end=\"998\"><strong data-start=\"918\" data-end=\"945\">Reconstruction interne<\/strong>: Renforce les cheveux \u00e0 partir de la structure de la fibre capillaire.<\/p>\n<\/li>\n<\/ul>\n<p class=\"\" data-start=\"1000\" data-end=\"1043\"><strong data-start=\"1000\" data-end=\"1043\">Formule avanc\u00e9e avec des actifs puissants:<\/strong><\/p>\n<ul data-start=\"1044\" data-end=\"1438\">\n<li class=\"\" data-start=\"1044\" data-end=\"1110\">\n<p class=\"\" data-start=\"1046\" data-end=\"1110\"><strong data-start=\"1046\" data-end=\"1068\">Charbon actif<\/strong>: Purifie les cheveux et \u00e9limine les toxines.<\/p>\n<\/li>\n<li class=\"\" data-start=\"1111\" data-end=\"1190\">\n<p class=\"\" data-start=\"1113\" data-end=\"1190\"><strong data-start=\"1113\" data-end=\"1150\">Exopolysaccharides et Bio Acetum<\/strong>: Prot\u00e8ge des agressions ext\u00e9rieures.<\/p>\n<\/li>\n<li class=\"\" data-start=\"1191\" data-end=\"1276\">\n<p class=\"\" data-start=\"1193\" data-end=\"1276\"><strong data-start=\"1193\" data-end=\"1231\">Acides amin\u00e9s, k\u00e9ratine et collag\u00e8ne<\/strong>: renforcent et r\u00e9parent la structure du cheveu.<\/p>\n<\/li>\n<li class=\"\" data-start=\"1277\" data-end=\"1360\">\n<p class=\"\" data-start=\"1279\" data-end=\"1360\"><strong data-start=\"1279\" data-end=\"1318\">Beurre de karit\u00e9 et m\u00e9lange d&rsquo;huiles nobles<\/strong>: Apporte hydratation et douceur durable.<\/p>\n<\/li>\n<li class=\"\" data-start=\"1361\" data-end=\"1438\">\n<p class=\"\" data-start=\"1363\" data-end=\"1438\"><strong data-start=\"1363\" data-end=\"1404\">Extraits d&rsquo;herbes m\u00e9dicinales et acides gras<\/strong>: traitent en profondeur le cuir chevelu et les cheveux.<\/p>\n<\/li>\n<\/ul>\n<p class=\"\" data-start=\"1440\" data-end=\"1743\"><strong data-start=\"1440\" data-end=\"1484\">Pourquoi choisir le charbon actif CCRP Plus?<\/strong> Ce soin est essentiel pour les professionnels en qu\u00eate de r\u00e9sultats exceptionnels avant et apr\u00e8s les traitements chimiques. Sa formule exclusive pr\u00e9pare les cheveux, les prot\u00e8ge, les hydrate et les reconstruit, pour des cheveux sains, doux et exempts d&rsquo;impuret\u00e9s. <\/p>\n<p class=\"\" data-start=\"1745\" data-end=\"1870\">Restaurez et prot\u00e9gez vos cheveux avec le <strong data-start=\"1775\" data-end=\"1807\">charbon actif CCRP Plus<\/strong>. Transformez vos soins capillaires professionnels gr\u00e2ce \u00e0 cette solution puissante ! <\/p>\n","protected":false},"excerpt":{"rendered":"<p>Le <strong data-start=\"168\" data-end=\"200\">CCRP Plus au Charbon Actif<\/strong> est un soin capillaire avanc\u00e9, con\u00e7u pour \u00eatre utilis\u00e9 avant ou apr\u00e8s les traitements chimiques. Il favorise l&rsquo;extraction des m\u00e9taux lourds, r\u00e9g\u00e9n\u00e8re instantan\u00e9ment et r\u00e9tablit l&rsquo;\u00e9quilibre du pH, pr\u00e9parant ainsi les cheveux \u00e0 de nouvelles interventions. Sa formule puissante reconstruit les cheveux de l&rsquo;int\u00e9rieur gr\u00e2ce \u00e0 des ingr\u00e9dients actifs de premi\u00e8re qualit\u00e9 pour des r\u00e9sultats exceptionnels.  <\/p>\n","protected":false},"featured_media":2570,"template":"","meta":[],"product_brand":[218],"product_cat":[225,230],"product_tag":[153],"class_list":{"0":"post-2707","1":"product","2":"type-product","3":"status-publish","4":"has-post-thumbnail","6":"product_brand-robson-peluquero","7":"product_cat-meilleurs-cosmetiques-bresiliens-25-avril","8":"product_cat-robson-peluquero-fr","9":"product_tag-traitement-des-cheveux","10":"product_shipping_class-1l-fr","12":"first","13":"instock","14":"sale","15":"shipping-taxable","16":"purchasable","17":"product-type-simple"},"yoast_head":"<!-- This site is optimized with the Yoast SEO plugin v27.1.1 - https:\/\/yoast.com\/product\/yoast-seo-wordpress\/ -->\n<title>Kit de charbon actif CCRP Robson Peluquero 1 L - Brazil Care Store<\/title>\n<meta name=\"robots\" content=\"index, follow, max-snippet:-1, max-image-preview:large, max-video-preview:-1\" \/>\n<link rel=\"canonical\" href=\"https:\/\/www.brazilcarestore.com\/fr\/product\/meilleurs-cosmetiques-bresiliens-25-avril\/kit-de-charbon-actif-ccrp-robson-peluquero-1-l\/\" \/>\n<meta property=\"og:locale\" content=\"fr_FR\" \/>\n<meta property=\"og:type\" content=\"article\" \/>\n<meta property=\"og:title\" content=\"Kit de charbon actif CCRP Robson Peluquero 1 L - Brazil Care Store\" \/>\n<meta property=\"og:description\" content=\"Le CCRP Plus au Charbon Actif est un soin capillaire avanc\u00e9, con\u00e7u pour \u00eatre utilis\u00e9 avant ou apr\u00e8s les traitements chimiques. Il favorise l&#039;extraction des m\u00e9taux lourds, r\u00e9g\u00e9n\u00e8re instantan\u00e9ment et r\u00e9tablit l&#039;\u00e9quilibre du pH, pr\u00e9parant ainsi les cheveux \u00e0 de nouvelles interventions. Sa formule puissante reconstruit les cheveux de l&#039;int\u00e9rieur gr\u00e2ce \u00e0 des ingr\u00e9dients actifs de premi\u00e8re qualit\u00e9 pour des r\u00e9sultats exceptionnels.\" \/>\n<meta property=\"og:url\" content=\"https:\/\/www.brazilcarestore.com\/fr\/product\/meilleurs-cosmetiques-bresiliens-25-avril\/kit-de-charbon-actif-ccrp-robson-peluquero-1-l\/\" \/>\n<meta property=\"og:site_name\" content=\"Brazil Care Store\" \/>\n<meta property=\"article:publisher\" content=\"https:\/\/www.facebook.com\/brazilcarestore\" \/>\n<meta name=\"twitter:card\" content=\"summary_large_image\" \/>\n<meta name=\"twitter:label1\" content=\"Dur\u00e9e de lecture estim\u00e9e\" \/>\n\t<meta name=\"twitter:data1\" content=\"2 minutes\" \/>\n<script type=\"application\/ld+json\" class=\"yoast-schema-graph\">{\"@context\":\"https:\/\/schema.org\",\"@graph\":[{\"@type\":\"WebPage\",\"@id\":\"https:\/\/www.brazilcarestore.com\/fr\/product\/meilleurs-cosmetiques-bresiliens-25-avril\/kit-de-charbon-actif-ccrp-robson-peluquero-1-l\/\",\"url\":\"https:\/\/www.brazilcarestore.com\/fr\/product\/meilleurs-cosmetiques-bresiliens-25-avril\/kit-de-charbon-actif-ccrp-robson-peluquero-1-l\/\",\"name\":\"Kit de charbon actif CCRP Robson Peluquero 1 L - Brazil Care Store\",\"isPartOf\":{\"@id\":\"https:\/\/www.brazilcarestore.com\/fr\/#website\"},\"primaryImageOfPage\":{\"@id\":\"https:\/\/www.brazilcarestore.com\/fr\/product\/meilleurs-cosmetiques-bresiliens-25-avril\/kit-de-charbon-actif-ccrp-robson-peluquero-1-l\/#primaryimage\"},\"image\":{\"@id\":\"https:\/\/www.brazilcarestore.com\/fr\/product\/meilleurs-cosmetiques-bresiliens-25-avril\/kit-de-charbon-actif-ccrp-robson-peluquero-1-l\/#primaryimage\"},\"thumbnailUrl\":\"https:\/\/i0.wp.com\/www.brazilcarestore.com\/wp-content\/uploads\/2025\/04\/ccrp-turbo-robson-peluquero-af589b37a4cf0316c217347052085155-640-0.png?fit=640%2C640&ssl=1\",\"datePublished\":\"2025-04-01T16:00:36+00:00\",\"breadcrumb\":{\"@id\":\"https:\/\/www.brazilcarestore.com\/fr\/product\/meilleurs-cosmetiques-bresiliens-25-avril\/kit-de-charbon-actif-ccrp-robson-peluquero-1-l\/#breadcrumb\"},\"inLanguage\":\"fr-FR\",\"potentialAction\":[{\"@type\":\"ReadAction\",\"target\":[\"https:\/\/www.brazilcarestore.com\/fr\/product\/meilleurs-cosmetiques-bresiliens-25-avril\/kit-de-charbon-actif-ccrp-robson-peluquero-1-l\/\"]}]},{\"@type\":\"ImageObject\",\"inLanguage\":\"fr-FR\",\"@id\":\"https:\/\/www.brazilcarestore.com\/fr\/product\/meilleurs-cosmetiques-bresiliens-25-avril\/kit-de-charbon-actif-ccrp-robson-peluquero-1-l\/#primaryimage\",\"url\":\"https:\/\/i0.wp.com\/www.brazilcarestore.com\/wp-content\/uploads\/2025\/04\/ccrp-turbo-robson-peluquero-af589b37a4cf0316c217347052085155-640-0.png?fit=640%2C640&ssl=1\",\"contentUrl\":\"https:\/\/i0.wp.com\/www.brazilcarestore.com\/wp-content\/uploads\/2025\/04\/ccrp-turbo-robson-peluquero-af589b37a4cf0316c217347052085155-640-0.png?fit=640%2C640&ssl=1\",\"width\":640,\"height\":640,\"caption\":\"Kit de charbon actif CCRP Robson Peluquero 1 L\"},{\"@type\":\"BreadcrumbList\",\"@id\":\"https:\/\/www.brazilcarestore.com\/fr\/product\/meilleurs-cosmetiques-bresiliens-25-avril\/kit-de-charbon-actif-ccrp-robson-peluquero-1-l\/#breadcrumb\",\"itemListElement\":[{\"@type\":\"ListItem\",\"position\":1,\"name\":\"Home\",\"item\":\"https:\/\/www.brazilcarestore.com\/fr\/\"},{\"@type\":\"ListItem\",\"position\":2,\"name\":\"Boutique\",\"item\":\"https:\/\/www.brazilcarestore.com\/fr\/boutique\/\"},{\"@type\":\"ListItem\",\"position\":3,\"name\":\"Kit de charbon actif CCRP Robson Peluquero 1 L\"}]},{\"@type\":\"WebSite\",\"@id\":\"https:\/\/www.brazilcarestore.com\/fr\/#website\",\"url\":\"https:\/\/www.brazilcarestore.com\/fr\/\",\"name\":\"Brazil Care Store\",\"description\":\"The way to Beauty\",\"publisher\":{\"@id\":\"https:\/\/www.brazilcarestore.com\/fr\/#organization\"},\"potentialAction\":[{\"@type\":\"SearchAction\",\"target\":{\"@type\":\"EntryPoint\",\"urlTemplate\":\"https:\/\/www.brazilcarestore.com\/fr\/?s={search_term_string}\"},\"query-input\":{\"@type\":\"PropertyValueSpecification\",\"valueRequired\":true,\"valueName\":\"search_term_string\"}}],\"inLanguage\":\"fr-FR\"},{\"@type\":\"Organization\",\"@id\":\"https:\/\/www.brazilcarestore.com\/fr\/#organization\",\"name\":\"Brazil Care Store\",\"url\":\"https:\/\/www.brazilcarestore.com\/fr\/\",\"logo\":{\"@type\":\"ImageObject\",\"inLanguage\":\"fr-FR\",\"@id\":\"https:\/\/www.brazilcarestore.com\/fr\/#\/schema\/logo\/image\/\",\"url\":\"https:\/\/i0.wp.com\/www.brazilcarestore.com\/wp-content\/uploads\/2024\/02\/Brazil-Care-Store.png?fit=350%2C369&ssl=1\",\"contentUrl\":\"https:\/\/i0.wp.com\/www.brazilcarestore.com\/wp-content\/uploads\/2024\/02\/Brazil-Care-Store.png?fit=350%2C369&ssl=1\",\"width\":350,\"height\":369,\"caption\":\"Brazil Care Store\"},\"image\":{\"@id\":\"https:\/\/www.brazilcarestore.com\/fr\/#\/schema\/logo\/image\/\"},\"sameAs\":[\"https:\/\/www.facebook.com\/brazilcarestore\",\"https:\/\/www.instagram.com\/brazilcarestore\",\"https:\/\/www.tiktok.com\/@brazilcarestore\"]}]}<\/script>\n<!-- \/ Yoast SEO plugin. -->","yoast_head_json":{"title":"Kit de charbon actif CCRP Robson Peluquero 1 L - Brazil Care Store","robots":{"index":"index","follow":"follow","max-snippet":"max-snippet:-1","max-image-preview":"max-image-preview:large","max-video-preview":"max-video-preview:-1"},"canonical":"https:\/\/www.brazilcarestore.com\/fr\/product\/meilleurs-cosmetiques-bresiliens-25-avril\/kit-de-charbon-actif-ccrp-robson-peluquero-1-l\/","og_locale":"fr_FR","og_type":"article","og_title":"Kit de charbon actif CCRP Robson Peluquero 1 L - Brazil Care Store","og_description":"Le CCRP Plus au Charbon Actif est un soin capillaire avanc\u00e9, con\u00e7u pour \u00eatre utilis\u00e9 avant ou apr\u00e8s les traitements chimiques. Il favorise l'extraction des m\u00e9taux lourds, r\u00e9g\u00e9n\u00e8re instantan\u00e9ment et r\u00e9tablit l'\u00e9quilibre du pH, pr\u00e9parant ainsi les cheveux \u00e0 de nouvelles interventions. Sa formule puissante reconstruit les cheveux de l'int\u00e9rieur gr\u00e2ce \u00e0 des ingr\u00e9dients actifs de premi\u00e8re qualit\u00e9 pour des r\u00e9sultats exceptionnels.","og_url":"https:\/\/www.brazilcarestore.com\/fr\/product\/meilleurs-cosmetiques-bresiliens-25-avril\/kit-de-charbon-actif-ccrp-robson-peluquero-1-l\/","og_site_name":"Brazil Care Store","article_publisher":"https:\/\/www.facebook.com\/brazilcarestore","twitter_card":"summary_large_image","twitter_misc":{"Dur\u00e9e de lecture estim\u00e9e":"2 minutes"},"schema":{"@context":"https:\/\/schema.org","@graph":[{"@type":"WebPage","@id":"https:\/\/www.brazilcarestore.com\/fr\/product\/meilleurs-cosmetiques-bresiliens-25-avril\/kit-de-charbon-actif-ccrp-robson-peluquero-1-l\/","url":"https:\/\/www.brazilcarestore.com\/fr\/product\/meilleurs-cosmetiques-bresiliens-25-avril\/kit-de-charbon-actif-ccrp-robson-peluquero-1-l\/","name":"Kit de charbon actif CCRP Robson Peluquero 1 L - Brazil Care Store","isPartOf":{"@id":"https:\/\/www.brazilcarestore.com\/fr\/#website"},"primaryImageOfPage":{"@id":"https:\/\/www.brazilcarestore.com\/fr\/product\/meilleurs-cosmetiques-bresiliens-25-avril\/kit-de-charbon-actif-ccrp-robson-peluquero-1-l\/#primaryimage"},"image":{"@id":"https:\/\/www.brazilcarestore.com\/fr\/product\/meilleurs-cosmetiques-bresiliens-25-avril\/kit-de-charbon-actif-ccrp-robson-peluquero-1-l\/#primaryimage"},"thumbnailUrl":"https:\/\/i0.wp.com\/www.brazilcarestore.com\/wp-content\/uploads\/2025\/04\/ccrp-turbo-robson-peluquero-af589b37a4cf0316c217347052085155-640-0.png?fit=640%2C640&ssl=1","datePublished":"2025-04-01T16:00:36+00:00","breadcrumb":{"@id":"https:\/\/www.brazilcarestore.com\/fr\/product\/meilleurs-cosmetiques-bresiliens-25-avril\/kit-de-charbon-actif-ccrp-robson-peluquero-1-l\/#breadcrumb"},"inLanguage":"fr-FR","potentialAction":[{"@type":"ReadAction","target":["https:\/\/www.brazilcarestore.com\/fr\/product\/meilleurs-cosmetiques-bresiliens-25-avril\/kit-de-charbon-actif-ccrp-robson-peluquero-1-l\/"]}]},{"@type":"ImageObject","inLanguage":"fr-FR","@id":"https:\/\/www.brazilcarestore.com\/fr\/product\/meilleurs-cosmetiques-bresiliens-25-avril\/kit-de-charbon-actif-ccrp-robson-peluquero-1-l\/#primaryimage","url":"https:\/\/i0.wp.com\/www.brazilcarestore.com\/wp-content\/uploads\/2025\/04\/ccrp-turbo-robson-peluquero-af589b37a4cf0316c217347052085155-640-0.png?fit=640%2C640&ssl=1","contentUrl":"https:\/\/i0.wp.com\/www.brazilcarestore.com\/wp-content\/uploads\/2025\/04\/ccrp-turbo-robson-peluquero-af589b37a4cf0316c217347052085155-640-0.png?fit=640%2C640&ssl=1","width":640,"height":640,"caption":"Kit de charbon actif CCRP Robson Peluquero 1 L"},{"@type":"BreadcrumbList","@id":"https:\/\/www.brazilcarestore.com\/fr\/product\/meilleurs-cosmetiques-bresiliens-25-avril\/kit-de-charbon-actif-ccrp-robson-peluquero-1-l\/#breadcrumb","itemListElement":[{"@type":"ListItem","position":1,"name":"Home","item":"https:\/\/www.brazilcarestore.com\/fr\/"},{"@type":"ListItem","position":2,"name":"Boutique","item":"https:\/\/www.brazilcarestore.com\/fr\/boutique\/"},{"@type":"ListItem","position":3,"name":"Kit de charbon actif CCRP Robson Peluquero 1 L"}]},{"@type":"WebSite","@id":"https:\/\/www.brazilcarestore.com\/fr\/#website","url":"https:\/\/www.brazilcarestore.com\/fr\/","name":"Brazil Care Store","description":"The way to Beauty","publisher":{"@id":"https:\/\/www.brazilcarestore.com\/fr\/#organization"},"potentialAction":[{"@type":"SearchAction","target":{"@type":"EntryPoint","urlTemplate":"https:\/\/www.brazilcarestore.com\/fr\/?s={search_term_string}"},"query-input":{"@type":"PropertyValueSpecification","valueRequired":true,"valueName":"search_term_string"}}],"inLanguage":"fr-FR"},{"@type":"Organization","@id":"https:\/\/www.brazilcarestore.com\/fr\/#organization","name":"Brazil Care Store","url":"https:\/\/www.brazilcarestore.com\/fr\/","logo":{"@type":"ImageObject","inLanguage":"fr-FR","@id":"https:\/\/www.brazilcarestore.com\/fr\/#\/schema\/logo\/image\/","url":"https:\/\/i0.wp.com\/www.brazilcarestore.com\/wp-content\/uploads\/2024\/02\/Brazil-Care-Store.png?fit=350%2C369&ssl=1","contentUrl":"https:\/\/i0.wp.com\/www.brazilcarestore.com\/wp-content\/uploads\/2024\/02\/Brazil-Care-Store.png?fit=350%2C369&ssl=1","width":350,"height":369,"caption":"Brazil Care Store"},"image":{"@id":"https:\/\/www.brazilcarestore.com\/fr\/#\/schema\/logo\/image\/"},"sameAs":["https:\/\/www.facebook.com\/brazilcarestore","https:\/\/www.instagram.com\/brazilcarestore","https:\/\/www.tiktok.com\/@brazilcarestore"]}]}},"_links":{"self":[{"href":"https:\/\/www.brazilcarestore.com\/fr\/wp-json\/wp\/v2\/product\/2707","targetHints":{"allow":["GET"]}}],"collection":[{"href":"https:\/\/www.brazilcarestore.com\/fr\/wp-json\/wp\/v2\/product"}],"about":[{"href":"https:\/\/www.brazilcarestore.com\/fr\/wp-json\/wp\/v2\/types\/product"}],"wp:featuredmedia":[{"embeddable":true,"href":"https:\/\/www.brazilcarestore.com\/fr\/wp-json\/wp\/v2\/media\/2570"}],"wp:attachment":[{"href":"https:\/\/www.brazilcarestore.com\/fr\/wp-json\/wp\/v2\/media?parent=2707"}],"wp:term":[{"taxonomy":"product_brand","embeddable":true,"href":"https:\/\/www.brazilcarestore.com\/fr\/wp-json\/wp\/v2\/product_brand?post=2707"},{"taxonomy":"product_cat","embeddable":true,"href":"https:\/\/www.brazilcarestore.com\/fr\/wp-json\/wp\/v2\/product_cat?post=2707"},{"taxonomy":"product_tag","embeddable":true,"href":"https:\/\/www.brazilcarestore.com\/fr\/wp-json\/wp\/v2\/product_tag?post=2707"}],"curies":[{"name":"wp","href":"https:\/\/api.w.org\/{rel}","templated":true}]}}