{"id":2706,"date":"2025-04-01T13:10:35","date_gmt":"2025-04-01T16:10:35","guid":{"rendered":"https:\/\/www.brazilcarestore.com\/product\/non%20class\u00e9\/resistance-a-la-nanoplastie-felps-professional-omega-zero-1-l\/"},"modified":"2025-04-10T14:56:46","modified_gmt":"2025-04-10T17:56:46","slug":"resistance-a-la-nanoplastie-felps-professional-omega-zero-1-l","status":"publish","type":"product","link":"https:\/\/www.brazilcarestore.com\/fr\/product\/meilleurs-cosmetiques-bresiliens-25-avril\/resistance-a-la-nanoplastie-felps-professional-omega-zero-1-l\/","title":{"rendered":"R\u00e9sistance \u00e0 la nanoplastie Felps Professional Omega Zero 1 L"},"content":{"rendered":"<p class=\"\" data-start=\"117\" data-end=\"515\">Le <strong data-start=\"121\" data-end=\"201\">lissage progressif des cheveux Felps Omega Zero Unique Nanoplasty Resistance<\/strong> apporte une nouvelle formule puissante, beaucoup plus facile \u00e0 appliquer, enrichie en collag\u00e8ne, k\u00e9ratine, silicone et un m\u00e9lange de nutriments qui lissent tout en nourrissant et en reconstituant la structure naturelle des cheveux, les rendant plus sains et plus r\u00e9sistants \u00e0 la chaleur n\u00e9cessaire pour activer le produit et am\u00e9liorer les r\u00e9sultats.<\/p>\n<p class=\"\" data-start=\"517\" data-end=\"532\"><strong data-start=\"517\" data-end=\"532\">Mode d&#8217;emploi:<\/strong><\/p>\n<ol data-start=\"533\" data-end=\"1031\">\n<li class=\"\" data-start=\"533\" data-end=\"624\">\n<p class=\"\" data-start=\"536\" data-end=\"624\">Divisez les cheveux propres et humides en quadrants, en retirant l&rsquo;exc\u00e8s d&rsquo;eau \u00e0 l&rsquo;aide d&rsquo;une serviette.<\/p>\n<\/li>\n<li class=\"\" data-start=\"625\" data-end=\"743\">\n<p class=\"\" data-start=\"628\" data-end=\"743\">\u00c0 l&rsquo;aide d&rsquo;un pinceau, appliquez Omega Zero Resistance \u00e0 1 cm du cuir chevelu en r\u00e9partissant uniform\u00e9ment sur les longueurs et les pointes.<\/p>\n<\/li>\n<li class=\"\" data-start=\"744\" data-end=\"803\">\n<p class=\"\" data-start=\"747\" data-end=\"803\">Laisser poser 60 \u00e0 90 minutes (pour cheveux tr\u00e8s r\u00e9sistants).<\/p>\n<\/li>\n<li class=\"\" data-start=\"804\" data-end=\"862\">\n<p class=\"\" data-start=\"807\" data-end=\"862\">Rincer uniquement \u00e0 l&rsquo;eau en \u00e9liminant compl\u00e8tement le produit.<\/p>\n<\/li>\n<li class=\"\" data-start=\"863\" data-end=\"916\">\n<p class=\"\" data-start=\"866\" data-end=\"916\">S\u00e9chez les cheveux avec un s\u00e8che-cheveux (pas besoin de brosser).<\/p>\n<\/li>\n<li class=\"\" data-start=\"917\" data-end=\"968\">\n<p class=\"\" data-start=\"920\" data-end=\"968\">Lissez de petites sections de cheveux 10 \u00e0 15 fois.<\/p>\n<\/li>\n<li class=\"\" data-start=\"969\" data-end=\"1031\">\n<p class=\"\" data-start=\"972\" data-end=\"1031\">Lavez les cheveux comme d\u2019habitude, en commen\u00e7ant 1 jour apr\u00e8s l\u2019intervention.<\/p>\n<\/li>\n<\/ol>\n<p class=\"\" data-start=\"1033\" data-end=\"1253\"><strong data-start=\"1033\" data-end=\"1049\">Pr\u00e9cautions<\/strong>: Il est recommand\u00e9 d\u2019appliquer le produit avec des gants. En cas de contact avec les yeux, rincer imm\u00e9diatement et abondamment \u00e0 l\u2019eau. Conserver <strong data-start=\"1185\" data-end=\"1210\">Omega Zero Nanoplasty <\/strong> dans un endroit frais, hors de port\u00e9e des enfants. <\/p>\n","protected":false},"excerpt":{"rendered":"<p>Le <strong data-start=\"121\" data-end=\"201\">lissage progressif des cheveux Felps Omega Zero Unique Nanoplasty Resistance<\/strong> apporte une nouvelle formule puissante, beaucoup plus facile \u00e0 appliquer, enrichie en collag\u00e8ne, k\u00e9ratine, silicone et un m\u00e9lange de nutriments qui lissent tout en nourrissant et en reconstituant la structure naturelle des cheveux, les rendant plus sains et plus r\u00e9sistants \u00e0 la chaleur n\u00e9cessaire pour activer le produit et am\u00e9liorer les r\u00e9sultats.<\/p>\n","protected":false},"featured_media":2582,"template":"","meta":[],"product_brand":[220],"product_cat":[229,225],"product_tag":[153],"class_list":{"0":"post-2706","1":"product","2":"type-product","3":"status-publish","4":"has-post-thumbnail","6":"product_brand-felps","7":"product_cat-felps-fr","8":"product_cat-meilleurs-cosmetiques-bresiliens-25-avril","9":"product_tag-traitement-des-cheveux","10":"product_shipping_class-1l-fr","12":"first","13":"instock","14":"sale","15":"shipping-taxable","16":"purchasable","17":"product-type-simple"},"yoast_head":"<!-- This site is optimized with the Yoast SEO plugin v27.1.1 - https:\/\/yoast.com\/product\/yoast-seo-wordpress\/ -->\n<title>R\u00e9sistance \u00e0 la nanoplastie Felps Professional Omega Zero 1 L - Brazil Care Store<\/title>\n<meta name=\"robots\" content=\"index, follow, max-snippet:-1, max-image-preview:large, max-video-preview:-1\" \/>\n<link rel=\"canonical\" href=\"https:\/\/www.brazilcarestore.com\/fr\/product\/meilleurs-cosmetiques-bresiliens-25-avril\/resistance-a-la-nanoplastie-felps-professional-omega-zero-1-l\/\" \/>\n<meta property=\"og:locale\" content=\"fr_FR\" \/>\n<meta property=\"og:type\" content=\"article\" \/>\n<meta property=\"og:title\" content=\"R\u00e9sistance \u00e0 la nanoplastie Felps Professional Omega Zero 1 L - Brazil Care Store\" \/>\n<meta property=\"og:description\" content=\"Le lissage progressif des cheveux Felps Omega Zero Unique Nanoplasty Resistance apporte une nouvelle formule puissante, beaucoup plus facile \u00e0 appliquer, enrichie en collag\u00e8ne, k\u00e9ratine, silicone et un m\u00e9lange de nutriments qui lissent tout en nourrissant et en reconstituant la structure naturelle des cheveux, les rendant plus sains et plus r\u00e9sistants \u00e0 la chaleur n\u00e9cessaire pour activer le produit et am\u00e9liorer les r\u00e9sultats.\" \/>\n<meta property=\"og:url\" content=\"https:\/\/www.brazilcarestore.com\/fr\/product\/meilleurs-cosmetiques-bresiliens-25-avril\/resistance-a-la-nanoplastie-felps-professional-omega-zero-1-l\/\" \/>\n<meta property=\"og:site_name\" content=\"Brazil Care Store\" \/>\n<meta property=\"article:publisher\" content=\"https:\/\/www.facebook.com\/brazilcarestore\" \/>\n<meta property=\"article:modified_time\" content=\"2025-04-10T17:56:46+00:00\" \/>\n<meta name=\"twitter:card\" content=\"summary_large_image\" \/>\n<meta name=\"twitter:label1\" content=\"Dur\u00e9e de lecture estim\u00e9e\" \/>\n\t<meta name=\"twitter:data1\" content=\"1 minute\" \/>\n<script type=\"application\/ld+json\" class=\"yoast-schema-graph\">{\"@context\":\"https:\/\/schema.org\",\"@graph\":[{\"@type\":\"WebPage\",\"@id\":\"https:\/\/www.brazilcarestore.com\/fr\/product\/meilleurs-cosmetiques-bresiliens-25-avril\/resistance-a-la-nanoplastie-felps-professional-omega-zero-1-l\/\",\"url\":\"https:\/\/www.brazilcarestore.com\/fr\/product\/meilleurs-cosmetiques-bresiliens-25-avril\/resistance-a-la-nanoplastie-felps-professional-omega-zero-1-l\/\",\"name\":\"R\u00e9sistance \u00e0 la nanoplastie Felps Professional Omega Zero 1 L - Brazil Care Store\",\"isPartOf\":{\"@id\":\"https:\/\/www.brazilcarestore.com\/fr\/#website\"},\"primaryImageOfPage\":{\"@id\":\"https:\/\/www.brazilcarestore.com\/fr\/product\/meilleurs-cosmetiques-bresiliens-25-avril\/resistance-a-la-nanoplastie-felps-professional-omega-zero-1-l\/#primaryimage\"},\"image\":{\"@id\":\"https:\/\/www.brazilcarestore.com\/fr\/product\/meilleurs-cosmetiques-bresiliens-25-avril\/resistance-a-la-nanoplastie-felps-professional-omega-zero-1-l\/#primaryimage\"},\"thumbnailUrl\":\"https:\/\/i0.wp.com\/www.brazilcarestore.com\/wp-content\/uploads\/2025\/04\/257085.jpg?fit=1200%2C1000&ssl=1\",\"datePublished\":\"2025-04-01T16:10:35+00:00\",\"dateModified\":\"2025-04-10T17:56:46+00:00\",\"breadcrumb\":{\"@id\":\"https:\/\/www.brazilcarestore.com\/fr\/product\/meilleurs-cosmetiques-bresiliens-25-avril\/resistance-a-la-nanoplastie-felps-professional-omega-zero-1-l\/#breadcrumb\"},\"inLanguage\":\"fr-FR\",\"potentialAction\":[{\"@type\":\"ReadAction\",\"target\":[\"https:\/\/www.brazilcarestore.com\/fr\/product\/meilleurs-cosmetiques-bresiliens-25-avril\/resistance-a-la-nanoplastie-felps-professional-omega-zero-1-l\/\"]}]},{\"@type\":\"ImageObject\",\"inLanguage\":\"fr-FR\",\"@id\":\"https:\/\/www.brazilcarestore.com\/fr\/product\/meilleurs-cosmetiques-bresiliens-25-avril\/resistance-a-la-nanoplastie-felps-professional-omega-zero-1-l\/#primaryimage\",\"url\":\"https:\/\/i0.wp.com\/www.brazilcarestore.com\/wp-content\/uploads\/2025\/04\/257085.jpg?fit=1200%2C1000&ssl=1\",\"contentUrl\":\"https:\/\/i0.wp.com\/www.brazilcarestore.com\/wp-content\/uploads\/2025\/04\/257085.jpg?fit=1200%2C1000&ssl=1\",\"width\":1200,\"height\":1000,\"caption\":\"R\u00e9sistance \u00e0 la nanoplastie Felps Professional Omega Zero 1 L\"},{\"@type\":\"BreadcrumbList\",\"@id\":\"https:\/\/www.brazilcarestore.com\/fr\/product\/meilleurs-cosmetiques-bresiliens-25-avril\/resistance-a-la-nanoplastie-felps-professional-omega-zero-1-l\/#breadcrumb\",\"itemListElement\":[{\"@type\":\"ListItem\",\"position\":1,\"name\":\"Home\",\"item\":\"https:\/\/www.brazilcarestore.com\/fr\/\"},{\"@type\":\"ListItem\",\"position\":2,\"name\":\"Boutique\",\"item\":\"https:\/\/www.brazilcarestore.com\/fr\/boutique\/\"},{\"@type\":\"ListItem\",\"position\":3,\"name\":\"R\u00e9sistance \u00e0 la nanoplastie Felps Professional Omega Zero 1 L\"}]},{\"@type\":\"WebSite\",\"@id\":\"https:\/\/www.brazilcarestore.com\/fr\/#website\",\"url\":\"https:\/\/www.brazilcarestore.com\/fr\/\",\"name\":\"Brazil Care Store\",\"description\":\"The way to Beauty\",\"publisher\":{\"@id\":\"https:\/\/www.brazilcarestore.com\/fr\/#organization\"},\"potentialAction\":[{\"@type\":\"SearchAction\",\"target\":{\"@type\":\"EntryPoint\",\"urlTemplate\":\"https:\/\/www.brazilcarestore.com\/fr\/?s={search_term_string}\"},\"query-input\":{\"@type\":\"PropertyValueSpecification\",\"valueRequired\":true,\"valueName\":\"search_term_string\"}}],\"inLanguage\":\"fr-FR\"},{\"@type\":\"Organization\",\"@id\":\"https:\/\/www.brazilcarestore.com\/fr\/#organization\",\"name\":\"Brazil Care Store\",\"url\":\"https:\/\/www.brazilcarestore.com\/fr\/\",\"logo\":{\"@type\":\"ImageObject\",\"inLanguage\":\"fr-FR\",\"@id\":\"https:\/\/www.brazilcarestore.com\/fr\/#\/schema\/logo\/image\/\",\"url\":\"https:\/\/i0.wp.com\/www.brazilcarestore.com\/wp-content\/uploads\/2024\/02\/Brazil-Care-Store.png?fit=350%2C369&ssl=1\",\"contentUrl\":\"https:\/\/i0.wp.com\/www.brazilcarestore.com\/wp-content\/uploads\/2024\/02\/Brazil-Care-Store.png?fit=350%2C369&ssl=1\",\"width\":350,\"height\":369,\"caption\":\"Brazil Care Store\"},\"image\":{\"@id\":\"https:\/\/www.brazilcarestore.com\/fr\/#\/schema\/logo\/image\/\"},\"sameAs\":[\"https:\/\/www.facebook.com\/brazilcarestore\",\"https:\/\/www.instagram.com\/brazilcarestore\",\"https:\/\/www.tiktok.com\/@brazilcarestore\"]}]}<\/script>\n<!-- \/ Yoast SEO plugin. -->","yoast_head_json":{"title":"R\u00e9sistance \u00e0 la nanoplastie Felps Professional Omega Zero 1 L - Brazil Care Store","robots":{"index":"index","follow":"follow","max-snippet":"max-snippet:-1","max-image-preview":"max-image-preview:large","max-video-preview":"max-video-preview:-1"},"canonical":"https:\/\/www.brazilcarestore.com\/fr\/product\/meilleurs-cosmetiques-bresiliens-25-avril\/resistance-a-la-nanoplastie-felps-professional-omega-zero-1-l\/","og_locale":"fr_FR","og_type":"article","og_title":"R\u00e9sistance \u00e0 la nanoplastie Felps Professional Omega Zero 1 L - Brazil Care Store","og_description":"Le lissage progressif des cheveux Felps Omega Zero Unique Nanoplasty Resistance apporte une nouvelle formule puissante, beaucoup plus facile \u00e0 appliquer, enrichie en collag\u00e8ne, k\u00e9ratine, silicone et un m\u00e9lange de nutriments qui lissent tout en nourrissant et en reconstituant la structure naturelle des cheveux, les rendant plus sains et plus r\u00e9sistants \u00e0 la chaleur n\u00e9cessaire pour activer le produit et am\u00e9liorer les r\u00e9sultats.","og_url":"https:\/\/www.brazilcarestore.com\/fr\/product\/meilleurs-cosmetiques-bresiliens-25-avril\/resistance-a-la-nanoplastie-felps-professional-omega-zero-1-l\/","og_site_name":"Brazil Care Store","article_publisher":"https:\/\/www.facebook.com\/brazilcarestore","article_modified_time":"2025-04-10T17:56:46+00:00","twitter_card":"summary_large_image","twitter_misc":{"Dur\u00e9e de lecture estim\u00e9e":"1 minute"},"schema":{"@context":"https:\/\/schema.org","@graph":[{"@type":"WebPage","@id":"https:\/\/www.brazilcarestore.com\/fr\/product\/meilleurs-cosmetiques-bresiliens-25-avril\/resistance-a-la-nanoplastie-felps-professional-omega-zero-1-l\/","url":"https:\/\/www.brazilcarestore.com\/fr\/product\/meilleurs-cosmetiques-bresiliens-25-avril\/resistance-a-la-nanoplastie-felps-professional-omega-zero-1-l\/","name":"R\u00e9sistance \u00e0 la nanoplastie Felps Professional Omega Zero 1 L - Brazil Care Store","isPartOf":{"@id":"https:\/\/www.brazilcarestore.com\/fr\/#website"},"primaryImageOfPage":{"@id":"https:\/\/www.brazilcarestore.com\/fr\/product\/meilleurs-cosmetiques-bresiliens-25-avril\/resistance-a-la-nanoplastie-felps-professional-omega-zero-1-l\/#primaryimage"},"image":{"@id":"https:\/\/www.brazilcarestore.com\/fr\/product\/meilleurs-cosmetiques-bresiliens-25-avril\/resistance-a-la-nanoplastie-felps-professional-omega-zero-1-l\/#primaryimage"},"thumbnailUrl":"https:\/\/i0.wp.com\/www.brazilcarestore.com\/wp-content\/uploads\/2025\/04\/257085.jpg?fit=1200%2C1000&ssl=1","datePublished":"2025-04-01T16:10:35+00:00","dateModified":"2025-04-10T17:56:46+00:00","breadcrumb":{"@id":"https:\/\/www.brazilcarestore.com\/fr\/product\/meilleurs-cosmetiques-bresiliens-25-avril\/resistance-a-la-nanoplastie-felps-professional-omega-zero-1-l\/#breadcrumb"},"inLanguage":"fr-FR","potentialAction":[{"@type":"ReadAction","target":["https:\/\/www.brazilcarestore.com\/fr\/product\/meilleurs-cosmetiques-bresiliens-25-avril\/resistance-a-la-nanoplastie-felps-professional-omega-zero-1-l\/"]}]},{"@type":"ImageObject","inLanguage":"fr-FR","@id":"https:\/\/www.brazilcarestore.com\/fr\/product\/meilleurs-cosmetiques-bresiliens-25-avril\/resistance-a-la-nanoplastie-felps-professional-omega-zero-1-l\/#primaryimage","url":"https:\/\/i0.wp.com\/www.brazilcarestore.com\/wp-content\/uploads\/2025\/04\/257085.jpg?fit=1200%2C1000&ssl=1","contentUrl":"https:\/\/i0.wp.com\/www.brazilcarestore.com\/wp-content\/uploads\/2025\/04\/257085.jpg?fit=1200%2C1000&ssl=1","width":1200,"height":1000,"caption":"R\u00e9sistance \u00e0 la nanoplastie Felps Professional Omega Zero 1 L"},{"@type":"BreadcrumbList","@id":"https:\/\/www.brazilcarestore.com\/fr\/product\/meilleurs-cosmetiques-bresiliens-25-avril\/resistance-a-la-nanoplastie-felps-professional-omega-zero-1-l\/#breadcrumb","itemListElement":[{"@type":"ListItem","position":1,"name":"Home","item":"https:\/\/www.brazilcarestore.com\/fr\/"},{"@type":"ListItem","position":2,"name":"Boutique","item":"https:\/\/www.brazilcarestore.com\/fr\/boutique\/"},{"@type":"ListItem","position":3,"name":"R\u00e9sistance \u00e0 la nanoplastie Felps Professional Omega Zero 1 L"}]},{"@type":"WebSite","@id":"https:\/\/www.brazilcarestore.com\/fr\/#website","url":"https:\/\/www.brazilcarestore.com\/fr\/","name":"Brazil Care Store","description":"The way to Beauty","publisher":{"@id":"https:\/\/www.brazilcarestore.com\/fr\/#organization"},"potentialAction":[{"@type":"SearchAction","target":{"@type":"EntryPoint","urlTemplate":"https:\/\/www.brazilcarestore.com\/fr\/?s={search_term_string}"},"query-input":{"@type":"PropertyValueSpecification","valueRequired":true,"valueName":"search_term_string"}}],"inLanguage":"fr-FR"},{"@type":"Organization","@id":"https:\/\/www.brazilcarestore.com\/fr\/#organization","name":"Brazil Care Store","url":"https:\/\/www.brazilcarestore.com\/fr\/","logo":{"@type":"ImageObject","inLanguage":"fr-FR","@id":"https:\/\/www.brazilcarestore.com\/fr\/#\/schema\/logo\/image\/","url":"https:\/\/i0.wp.com\/www.brazilcarestore.com\/wp-content\/uploads\/2024\/02\/Brazil-Care-Store.png?fit=350%2C369&ssl=1","contentUrl":"https:\/\/i0.wp.com\/www.brazilcarestore.com\/wp-content\/uploads\/2024\/02\/Brazil-Care-Store.png?fit=350%2C369&ssl=1","width":350,"height":369,"caption":"Brazil Care Store"},"image":{"@id":"https:\/\/www.brazilcarestore.com\/fr\/#\/schema\/logo\/image\/"},"sameAs":["https:\/\/www.facebook.com\/brazilcarestore","https:\/\/www.instagram.com\/brazilcarestore","https:\/\/www.tiktok.com\/@brazilcarestore"]}]}},"_links":{"self":[{"href":"https:\/\/www.brazilcarestore.com\/fr\/wp-json\/wp\/v2\/product\/2706","targetHints":{"allow":["GET"]}}],"collection":[{"href":"https:\/\/www.brazilcarestore.com\/fr\/wp-json\/wp\/v2\/product"}],"about":[{"href":"https:\/\/www.brazilcarestore.com\/fr\/wp-json\/wp\/v2\/types\/product"}],"wp:featuredmedia":[{"embeddable":true,"href":"https:\/\/www.brazilcarestore.com\/fr\/wp-json\/wp\/v2\/media\/2582"}],"wp:attachment":[{"href":"https:\/\/www.brazilcarestore.com\/fr\/wp-json\/wp\/v2\/media?parent=2706"}],"wp:term":[{"taxonomy":"product_brand","embeddable":true,"href":"https:\/\/www.brazilcarestore.com\/fr\/wp-json\/wp\/v2\/product_brand?post=2706"},{"taxonomy":"product_cat","embeddable":true,"href":"https:\/\/www.brazilcarestore.com\/fr\/wp-json\/wp\/v2\/product_cat?post=2706"},{"taxonomy":"product_tag","embeddable":true,"href":"https:\/\/www.brazilcarestore.com\/fr\/wp-json\/wp\/v2\/product_tag?post=2706"}],"curies":[{"name":"wp","href":"https:\/\/api.w.org\/{rel}","templated":true}]}}