{"id":2705,"date":"2025-04-01T13:17:14","date_gmt":"2025-04-01T16:17:14","guid":{"rendered":"https:\/\/www.brazilcarestore.com\/product\/non%20class\u00e9\/kit-premium-salvatore-blue-gold-1-l-etapes-1-et-2\/"},"modified":"2025-04-10T14:34:52","modified_gmt":"2025-04-10T17:34:52","slug":"kit-premium-salvatore-blue-gold-1-l-etapes-1-et-2","status":"publish","type":"product","link":"https:\/\/www.brazilcarestore.com\/fr\/product\/meilleurs-cosmetiques-bresiliens-25-avril\/kit-premium-salvatore-blue-gold-1-l-etapes-1-et-2\/","title":{"rendered":"Kit Premium Salvatore Blue Gold 1 L \u00c9tapes 1 et 2"},"content":{"rendered":"<p class=\"\" data-start=\"42\" data-end=\"185\">Le Blue Gold Premium Alignment est sans formald\u00e9hyde et sans ses d\u00e9riv\u00e9s, offrant un effet lissant naturel et \u00e9quilibr\u00e9.<\/p>\n<p class=\"\" data-start=\"187\" data-end=\"249\">Indication: Tous types de cheveux, \u00e0 condition qu&rsquo;ils soient sains.<\/p>\n<p class=\"\" data-start=\"251\" data-end=\"659\">Son principal ingr\u00e9dient actif, le tanin, est extrait de divers arbres et agit en profondeur sur la fibre capillaire. La formule contient \u00e9galement un m\u00e9lange d&rsquo;actifs traitants qui nourrissent et soignent les cheveux, pour une formule plus homog\u00e8ne. Il lisse les cheveux fins et ondul\u00e9s comme les plus boucl\u00e9s et r\u00e9sistants, atteignant un lissage complet.  <\/p>\n","protected":false},"excerpt":{"rendered":"<p>Le Blue Gold Premium Alignment est sans formald\u00e9hyde et sans ses d\u00e9riv\u00e9s, offrant un effet lissant naturel et \u00e9quilibr\u00e9.<\/p>\n","protected":false},"featured_media":2589,"template":"","meta":[],"product_brand":[222],"product_cat":[225,228],"product_tag":[153],"class_list":{"0":"post-2705","1":"product","2":"type-product","3":"status-publish","4":"has-post-thumbnail","6":"product_brand-salvatore","7":"product_cat-meilleurs-cosmetiques-bresiliens-25-avril","8":"product_cat-salvatore-fr","9":"product_tag-traitement-des-cheveux","10":"product_shipping_class-1l-fr","12":"first","13":"instock","14":"sale","15":"shipping-taxable","16":"purchasable","17":"product-type-simple"},"yoast_head":"<!-- This site is optimized with the Yoast SEO plugin v27.1.1 - https:\/\/yoast.com\/product\/yoast-seo-wordpress\/ -->\n<title>Kit Premium Salvatore Blue Gold 1 L \u00c9tapes 1 et 2 - Brazil Care Store<\/title>\n<meta name=\"robots\" content=\"index, follow, max-snippet:-1, max-image-preview:large, max-video-preview:-1\" \/>\n<link rel=\"canonical\" href=\"https:\/\/www.brazilcarestore.com\/fr\/product\/meilleurs-cosmetiques-bresiliens-25-avril\/kit-premium-salvatore-blue-gold-1-l-etapes-1-et-2\/\" \/>\n<meta property=\"og:locale\" content=\"fr_FR\" \/>\n<meta property=\"og:type\" content=\"article\" \/>\n<meta property=\"og:title\" content=\"Kit Premium Salvatore Blue Gold 1 L \u00c9tapes 1 et 2 - Brazil Care Store\" \/>\n<meta property=\"og:description\" content=\"Le Blue Gold Premium Alignment est sans formald\u00e9hyde et sans ses d\u00e9riv\u00e9s, offrant un effet lissant naturel et \u00e9quilibr\u00e9.\" \/>\n<meta property=\"og:url\" content=\"https:\/\/www.brazilcarestore.com\/fr\/product\/meilleurs-cosmetiques-bresiliens-25-avril\/kit-premium-salvatore-blue-gold-1-l-etapes-1-et-2\/\" \/>\n<meta property=\"og:site_name\" content=\"Brazil Care Store\" \/>\n<meta property=\"article:publisher\" content=\"https:\/\/www.facebook.com\/brazilcarestore\" \/>\n<meta property=\"article:modified_time\" content=\"2025-04-10T17:34:52+00:00\" \/>\n<meta name=\"twitter:card\" content=\"summary_large_image\" \/>\n<script type=\"application\/ld+json\" class=\"yoast-schema-graph\">{\"@context\":\"https:\/\/schema.org\",\"@graph\":[{\"@type\":\"WebPage\",\"@id\":\"https:\/\/www.brazilcarestore.com\/fr\/product\/meilleurs-cosmetiques-bresiliens-25-avril\/kit-premium-salvatore-blue-gold-1-l-etapes-1-et-2\/\",\"url\":\"https:\/\/www.brazilcarestore.com\/fr\/product\/meilleurs-cosmetiques-bresiliens-25-avril\/kit-premium-salvatore-blue-gold-1-l-etapes-1-et-2\/\",\"name\":\"Kit Premium Salvatore Blue Gold 1 L \u00c9tapes 1 et 2 - Brazil Care Store\",\"isPartOf\":{\"@id\":\"https:\/\/www.brazilcarestore.com\/fr\/#website\"},\"primaryImageOfPage\":{\"@id\":\"https:\/\/www.brazilcarestore.com\/fr\/product\/meilleurs-cosmetiques-bresiliens-25-avril\/kit-premium-salvatore-blue-gold-1-l-etapes-1-et-2\/#primaryimage\"},\"image\":{\"@id\":\"https:\/\/www.brazilcarestore.com\/fr\/product\/meilleurs-cosmetiques-bresiliens-25-avril\/kit-premium-salvatore-blue-gold-1-l-etapes-1-et-2\/#primaryimage\"},\"thumbnailUrl\":\"https:\/\/i0.wp.com\/www.brazilcarestore.com\/wp-content\/uploads\/2025\/04\/kit_blue_gold_premium_1l_passo_1_e_2_227_1_9f80dc013f118b803f84c9973542404e.jpg?fit=720%2C720&ssl=1\",\"datePublished\":\"2025-04-01T16:17:14+00:00\",\"dateModified\":\"2025-04-10T17:34:52+00:00\",\"breadcrumb\":{\"@id\":\"https:\/\/www.brazilcarestore.com\/fr\/product\/meilleurs-cosmetiques-bresiliens-25-avril\/kit-premium-salvatore-blue-gold-1-l-etapes-1-et-2\/#breadcrumb\"},\"inLanguage\":\"fr-FR\",\"potentialAction\":[{\"@type\":\"ReadAction\",\"target\":[\"https:\/\/www.brazilcarestore.com\/fr\/product\/meilleurs-cosmetiques-bresiliens-25-avril\/kit-premium-salvatore-blue-gold-1-l-etapes-1-et-2\/\"]}]},{\"@type\":\"ImageObject\",\"inLanguage\":\"fr-FR\",\"@id\":\"https:\/\/www.brazilcarestore.com\/fr\/product\/meilleurs-cosmetiques-bresiliens-25-avril\/kit-premium-salvatore-blue-gold-1-l-etapes-1-et-2\/#primaryimage\",\"url\":\"https:\/\/i0.wp.com\/www.brazilcarestore.com\/wp-content\/uploads\/2025\/04\/kit_blue_gold_premium_1l_passo_1_e_2_227_1_9f80dc013f118b803f84c9973542404e.jpg?fit=720%2C720&ssl=1\",\"contentUrl\":\"https:\/\/i0.wp.com\/www.brazilcarestore.com\/wp-content\/uploads\/2025\/04\/kit_blue_gold_premium_1l_passo_1_e_2_227_1_9f80dc013f118b803f84c9973542404e.jpg?fit=720%2C720&ssl=1\",\"width\":720,\"height\":720,\"caption\":\"Kit Premium Salvatore Blue Gold 1 L \u00c9tapes 1 et 2\"},{\"@type\":\"BreadcrumbList\",\"@id\":\"https:\/\/www.brazilcarestore.com\/fr\/product\/meilleurs-cosmetiques-bresiliens-25-avril\/kit-premium-salvatore-blue-gold-1-l-etapes-1-et-2\/#breadcrumb\",\"itemListElement\":[{\"@type\":\"ListItem\",\"position\":1,\"name\":\"Home\",\"item\":\"https:\/\/www.brazilcarestore.com\/fr\/\"},{\"@type\":\"ListItem\",\"position\":2,\"name\":\"Boutique\",\"item\":\"https:\/\/www.brazilcarestore.com\/fr\/boutique\/\"},{\"@type\":\"ListItem\",\"position\":3,\"name\":\"Kit Premium Salvatore Blue Gold 1 L \u00c9tapes 1 et 2\"}]},{\"@type\":\"WebSite\",\"@id\":\"https:\/\/www.brazilcarestore.com\/fr\/#website\",\"url\":\"https:\/\/www.brazilcarestore.com\/fr\/\",\"name\":\"Brazil Care Store\",\"description\":\"The way to Beauty\",\"publisher\":{\"@id\":\"https:\/\/www.brazilcarestore.com\/fr\/#organization\"},\"potentialAction\":[{\"@type\":\"SearchAction\",\"target\":{\"@type\":\"EntryPoint\",\"urlTemplate\":\"https:\/\/www.brazilcarestore.com\/fr\/?s={search_term_string}\"},\"query-input\":{\"@type\":\"PropertyValueSpecification\",\"valueRequired\":true,\"valueName\":\"search_term_string\"}}],\"inLanguage\":\"fr-FR\"},{\"@type\":\"Organization\",\"@id\":\"https:\/\/www.brazilcarestore.com\/fr\/#organization\",\"name\":\"Brazil Care Store\",\"url\":\"https:\/\/www.brazilcarestore.com\/fr\/\",\"logo\":{\"@type\":\"ImageObject\",\"inLanguage\":\"fr-FR\",\"@id\":\"https:\/\/www.brazilcarestore.com\/fr\/#\/schema\/logo\/image\/\",\"url\":\"https:\/\/i0.wp.com\/www.brazilcarestore.com\/wp-content\/uploads\/2024\/02\/Brazil-Care-Store.png?fit=350%2C369&ssl=1\",\"contentUrl\":\"https:\/\/i0.wp.com\/www.brazilcarestore.com\/wp-content\/uploads\/2024\/02\/Brazil-Care-Store.png?fit=350%2C369&ssl=1\",\"width\":350,\"height\":369,\"caption\":\"Brazil Care Store\"},\"image\":{\"@id\":\"https:\/\/www.brazilcarestore.com\/fr\/#\/schema\/logo\/image\/\"},\"sameAs\":[\"https:\/\/www.facebook.com\/brazilcarestore\",\"https:\/\/www.instagram.com\/brazilcarestore\",\"https:\/\/www.tiktok.com\/@brazilcarestore\"]}]}<\/script>\n<!-- \/ Yoast SEO plugin. -->","yoast_head_json":{"title":"Kit Premium Salvatore Blue Gold 1 L \u00c9tapes 1 et 2 - Brazil Care Store","robots":{"index":"index","follow":"follow","max-snippet":"max-snippet:-1","max-image-preview":"max-image-preview:large","max-video-preview":"max-video-preview:-1"},"canonical":"https:\/\/www.brazilcarestore.com\/fr\/product\/meilleurs-cosmetiques-bresiliens-25-avril\/kit-premium-salvatore-blue-gold-1-l-etapes-1-et-2\/","og_locale":"fr_FR","og_type":"article","og_title":"Kit Premium Salvatore Blue Gold 1 L \u00c9tapes 1 et 2 - Brazil Care Store","og_description":"Le Blue Gold Premium Alignment est sans formald\u00e9hyde et sans ses d\u00e9riv\u00e9s, offrant un effet lissant naturel et \u00e9quilibr\u00e9.","og_url":"https:\/\/www.brazilcarestore.com\/fr\/product\/meilleurs-cosmetiques-bresiliens-25-avril\/kit-premium-salvatore-blue-gold-1-l-etapes-1-et-2\/","og_site_name":"Brazil Care Store","article_publisher":"https:\/\/www.facebook.com\/brazilcarestore","article_modified_time":"2025-04-10T17:34:52+00:00","twitter_card":"summary_large_image","schema":{"@context":"https:\/\/schema.org","@graph":[{"@type":"WebPage","@id":"https:\/\/www.brazilcarestore.com\/fr\/product\/meilleurs-cosmetiques-bresiliens-25-avril\/kit-premium-salvatore-blue-gold-1-l-etapes-1-et-2\/","url":"https:\/\/www.brazilcarestore.com\/fr\/product\/meilleurs-cosmetiques-bresiliens-25-avril\/kit-premium-salvatore-blue-gold-1-l-etapes-1-et-2\/","name":"Kit Premium Salvatore Blue Gold 1 L \u00c9tapes 1 et 2 - Brazil Care Store","isPartOf":{"@id":"https:\/\/www.brazilcarestore.com\/fr\/#website"},"primaryImageOfPage":{"@id":"https:\/\/www.brazilcarestore.com\/fr\/product\/meilleurs-cosmetiques-bresiliens-25-avril\/kit-premium-salvatore-blue-gold-1-l-etapes-1-et-2\/#primaryimage"},"image":{"@id":"https:\/\/www.brazilcarestore.com\/fr\/product\/meilleurs-cosmetiques-bresiliens-25-avril\/kit-premium-salvatore-blue-gold-1-l-etapes-1-et-2\/#primaryimage"},"thumbnailUrl":"https:\/\/i0.wp.com\/www.brazilcarestore.com\/wp-content\/uploads\/2025\/04\/kit_blue_gold_premium_1l_passo_1_e_2_227_1_9f80dc013f118b803f84c9973542404e.jpg?fit=720%2C720&ssl=1","datePublished":"2025-04-01T16:17:14+00:00","dateModified":"2025-04-10T17:34:52+00:00","breadcrumb":{"@id":"https:\/\/www.brazilcarestore.com\/fr\/product\/meilleurs-cosmetiques-bresiliens-25-avril\/kit-premium-salvatore-blue-gold-1-l-etapes-1-et-2\/#breadcrumb"},"inLanguage":"fr-FR","potentialAction":[{"@type":"ReadAction","target":["https:\/\/www.brazilcarestore.com\/fr\/product\/meilleurs-cosmetiques-bresiliens-25-avril\/kit-premium-salvatore-blue-gold-1-l-etapes-1-et-2\/"]}]},{"@type":"ImageObject","inLanguage":"fr-FR","@id":"https:\/\/www.brazilcarestore.com\/fr\/product\/meilleurs-cosmetiques-bresiliens-25-avril\/kit-premium-salvatore-blue-gold-1-l-etapes-1-et-2\/#primaryimage","url":"https:\/\/i0.wp.com\/www.brazilcarestore.com\/wp-content\/uploads\/2025\/04\/kit_blue_gold_premium_1l_passo_1_e_2_227_1_9f80dc013f118b803f84c9973542404e.jpg?fit=720%2C720&ssl=1","contentUrl":"https:\/\/i0.wp.com\/www.brazilcarestore.com\/wp-content\/uploads\/2025\/04\/kit_blue_gold_premium_1l_passo_1_e_2_227_1_9f80dc013f118b803f84c9973542404e.jpg?fit=720%2C720&ssl=1","width":720,"height":720,"caption":"Kit Premium Salvatore Blue Gold 1 L \u00c9tapes 1 et 2"},{"@type":"BreadcrumbList","@id":"https:\/\/www.brazilcarestore.com\/fr\/product\/meilleurs-cosmetiques-bresiliens-25-avril\/kit-premium-salvatore-blue-gold-1-l-etapes-1-et-2\/#breadcrumb","itemListElement":[{"@type":"ListItem","position":1,"name":"Home","item":"https:\/\/www.brazilcarestore.com\/fr\/"},{"@type":"ListItem","position":2,"name":"Boutique","item":"https:\/\/www.brazilcarestore.com\/fr\/boutique\/"},{"@type":"ListItem","position":3,"name":"Kit Premium Salvatore Blue Gold 1 L \u00c9tapes 1 et 2"}]},{"@type":"WebSite","@id":"https:\/\/www.brazilcarestore.com\/fr\/#website","url":"https:\/\/www.brazilcarestore.com\/fr\/","name":"Brazil Care Store","description":"The way to Beauty","publisher":{"@id":"https:\/\/www.brazilcarestore.com\/fr\/#organization"},"potentialAction":[{"@type":"SearchAction","target":{"@type":"EntryPoint","urlTemplate":"https:\/\/www.brazilcarestore.com\/fr\/?s={search_term_string}"},"query-input":{"@type":"PropertyValueSpecification","valueRequired":true,"valueName":"search_term_string"}}],"inLanguage":"fr-FR"},{"@type":"Organization","@id":"https:\/\/www.brazilcarestore.com\/fr\/#organization","name":"Brazil Care Store","url":"https:\/\/www.brazilcarestore.com\/fr\/","logo":{"@type":"ImageObject","inLanguage":"fr-FR","@id":"https:\/\/www.brazilcarestore.com\/fr\/#\/schema\/logo\/image\/","url":"https:\/\/i0.wp.com\/www.brazilcarestore.com\/wp-content\/uploads\/2024\/02\/Brazil-Care-Store.png?fit=350%2C369&ssl=1","contentUrl":"https:\/\/i0.wp.com\/www.brazilcarestore.com\/wp-content\/uploads\/2024\/02\/Brazil-Care-Store.png?fit=350%2C369&ssl=1","width":350,"height":369,"caption":"Brazil Care Store"},"image":{"@id":"https:\/\/www.brazilcarestore.com\/fr\/#\/schema\/logo\/image\/"},"sameAs":["https:\/\/www.facebook.com\/brazilcarestore","https:\/\/www.instagram.com\/brazilcarestore","https:\/\/www.tiktok.com\/@brazilcarestore"]}]}},"_links":{"self":[{"href":"https:\/\/www.brazilcarestore.com\/fr\/wp-json\/wp\/v2\/product\/2705","targetHints":{"allow":["GET"]}}],"collection":[{"href":"https:\/\/www.brazilcarestore.com\/fr\/wp-json\/wp\/v2\/product"}],"about":[{"href":"https:\/\/www.brazilcarestore.com\/fr\/wp-json\/wp\/v2\/types\/product"}],"wp:featuredmedia":[{"embeddable":true,"href":"https:\/\/www.brazilcarestore.com\/fr\/wp-json\/wp\/v2\/media\/2589"}],"wp:attachment":[{"href":"https:\/\/www.brazilcarestore.com\/fr\/wp-json\/wp\/v2\/media?parent=2705"}],"wp:term":[{"taxonomy":"product_brand","embeddable":true,"href":"https:\/\/www.brazilcarestore.com\/fr\/wp-json\/wp\/v2\/product_brand?post=2705"},{"taxonomy":"product_cat","embeddable":true,"href":"https:\/\/www.brazilcarestore.com\/fr\/wp-json\/wp\/v2\/product_cat?post=2705"},{"taxonomy":"product_tag","embeddable":true,"href":"https:\/\/www.brazilcarestore.com\/fr\/wp-json\/wp\/v2\/product_tag?post=2705"}],"curies":[{"name":"wp","href":"https:\/\/api.w.org\/{rel}","templated":true}]}}