{"id":2704,"date":"2025-04-01T13:24:46","date_gmt":"2025-04-01T16:24:46","guid":{"rendered":"https:\/\/www.brazilcarestore.com\/product\/non%20class\u00e9\/lissage-salvatore-blue-gold-2x1l-hair-pro\/"},"modified":"2025-04-10T16:34:05","modified_gmt":"2025-04-10T19:34:05","slug":"lissage-salvatore-blue-gold-2x1l-hair-pro","status":"publish","type":"product","link":"https:\/\/www.brazilcarestore.com\/fr\/product\/meilleurs-cosmetiques-bresiliens-25-avril\/lissage-salvatore-blue-gold-2x1l-hair-pro\/","title":{"rendered":"Lissage Salvatore Blue Gold 2x1L \u2013 Hair Pro"},"content":{"rendered":"<p>Le soin professionnel pionnier de Salvatore Cosmetics, Blue Gold, se renforce sans cesse et reste fid\u00e8le aux principes expos\u00e9s depuis son lancement. Il renforce progressivement les r\u00e9sultats efficaces d&rsquo;un produit complet de r\u00e9alignement capillaire.<\/p>\n<p>-0% Formol et d\u00e9riv\u00e9s<br \/>\n-Aligne jusqu&rsquo;\u00e0 100% naturellement;<br \/>\n-Agit directement \u00e0 l&rsquo;int\u00e9rieur de la fibre, r\u00e9sultant en des cheveux restructur\u00e9s et reconstruits;<br \/>\n-Cr\u00e9e un r\u00e9seau prot\u00e9ique et une meilleure adh\u00e9rence des actifs au Traitement;<br \/>\n-Il n&rsquo;imperm\u00e9abilise pas le fil, ni n&rsquo;endommage la fibre;<\/p>\n<p>&#8211; Ne modifie pas la structure interne du cheveu, procurant un lissage naturel;<br \/>\n&#8211; Certifi\u00e9 par des laboratoires nationaux et internationaux;<br \/>\n&#8211; Sans risque pour la sant\u00e9 du client et du professionnel;<br \/>\n&#8211; Confort d&rsquo;application: pas de fum\u00e9e, de br\u00fblures oculaires ni d&rsquo;irritation des voies respiratoires;<br \/>\n&#8211; Compatible avec tous types de cheveux;<br \/>\n&#8211; Plus de s\u00e9curit\u00e9 pour les cheveux blonds ou d\u00e9color\u00e9s;<br \/>\n&#8211; Pr\u00e9sent dans plus de 20 pays.<\/p>\n<p><strong>TANINOPLASTIA\u00ae<\/strong><br \/>\nLa Taninoplastie est l\u2019\u00e9quilibre entre la nature et la technologie, qui transforme la mati\u00e8re premi\u00e8re Tanino en un \u00e9l\u00e9ment capable de synth\u00e9tiser les prot\u00e9ines qui lui sont associ\u00e9es.<\/p>\n<p>D\u00e9velopp\u00e9 et brevet\u00e9 en exclusivit\u00e9 dans nos laboratoires avec l&rsquo;actif le plus avanc\u00e9, 0% Formol et D\u00e9riv\u00e9s, est le premier au monde \u00e0 base de Tanino, l&rsquo;action active principale du Traitement, qui agit en remplissant et en reconstruisant les fils lorsqu&rsquo;il est activ\u00e9 par la temp\u00e9rature de la planche, r\u00e9sultant en des cheveux lisses, sains et r\u00e9sistants avec une brillance intense et un aspect naturel.<\/p>\n<p>Nous utilisons Tanino sous toutes ses formes, r\u00e9v\u00e9lant ainsi les meilleures performances de chaque produit Salvatore. Parmi leurs multiples fonctions, ils remplissent les fonctions suivantes :<\/p>\n<p>AGGLUTINATEUR DE PROT\u00c9INES: Conduit tout actif qui lui est associ\u00e9, provoquant une plus grande p\u00e9n\u00e9tration dans la fibre et l&rsquo;adh\u00e9rence des actifs dans le fil;<br \/>\nADSTRINGENTE: Il \u00e9quilibre la production d&rsquo;huile naturelle de la glande s\u00e9bac\u00e9e;<br \/>\nBACT\u00c9RICIDE: Emp\u00eache la prolif\u00e9ration des bact\u00e9ries;<br \/>\nANTISEPTIQUE: Favorise la cicatrisation et le renouvellement cellulaire, traitant d&rsquo;\u00e9ventuelles plaies ou allergies pr\u00e9sentes dans le derme.<\/p>\n<p><strong>Actifs<\/strong>:<br \/>\n\u2022 <strong>ACIDES AMIN\u00c9S<\/strong>: Les 19 acides amin\u00e9s responsables de la nutrition et de la restructuration du fil, cessant ainsi la casse excessive du fil caus\u00e9e par le manque de nutriments.<br \/>\n\u2022 <strong> PROT\u00c9INE DE SOIE<\/strong>: Film protecteur biologique, protecteur de la cuticule, responsable de la nutrition et de l&rsquo;hydratation (interne et externe), augmente la r\u00e9sistance et l&rsquo;\u00e9lasticit\u00e9, reconstitution de l&rsquo;\u00e9clat naturel.<br \/>\n\u2022 <strong> K\u00c9RATINE NATURELLE HYDROLYS\u00c9E<\/strong>: Augmente l&rsquo;absorption capillaire, am\u00e9liore le coiffage humide et sec, riche en Glycine, Cystine et Cyst\u00e9ine, fournit une croissance uniforme et saine, des fils forts et doux.<br \/>\n\u2022 <strong>COLLAG\u00c8NE BIOLOGIQUE<\/strong>: Brillance, douceur, pr\u00e9vient et combat les doubles pointes, film hydratant naturel et r\u00e9duit l&rsquo;agressivit\u00e9 des agents chimiques et physiques.<br \/>\n\u2022 <strong>CIMENT INTERCELLULAIRE<\/strong>: Responsable du renforcement et de la parfaite \u00e9tanch\u00e9it\u00e9 des cuticules.<br \/>\n\u2022 <strong>VITAMINES E et C<\/strong>: Antioxydants naturels et protecteurs de l&rsquo;ADN capillaire. Protection contre les radicaux libres, hydratant et revitalisant naturel, rayons UV et pr\u00e9servation de la couleur.<br \/>\n\u2022 <strong>VITAMINES B3, B5 ET B6<\/strong>: Activateurs du m\u00e9tabolisme cellulaire, stimulent la circulation sanguine, activent le transport de l&rsquo;oxyg\u00e8ne vers les follicules pileux, stimulent la croissance et la r\u00e9g\u00e9n\u00e9ration des tissus, humidifiants et \u00e9mollients.<br \/>\n\u2022 <strong>EXTRAITS V\u00c9G\u00c9TAUX<\/strong>: Guarana, Bambou et Fruits Rouges. Ils agissent directement dans le remplacement des nutriments pour l&rsquo;inversion des processus chimiques et physiques.<br \/>\n\u2022 <strong>HUILES NATURELLES<\/strong>: Macadamia, Tucum\u00e3 et Cupua\u00e7u. Excellents \u00e9mollients, hydratants, d\u00e9sobstruants de la circulation capillaire et protecteurs thermiques.<br \/>\n\u2022 <strong>TH\u00c9 VERT (CAMELLIA SINENSIS)<\/strong>: Haut pouvoir antioxydant, r\u00e9gulateur de s\u00e9bum du cuir chevelu, pr\u00e9vient la chute des cheveux et haute action bact\u00e9ricide.<br \/>\n\u2022 <strong>SILICONES NOBRES<\/strong>: Cyclom\u00e9thicone, Dim\u00e9thicone et Cyclopentasiloxane. Ils agissent comme protecteurs thermiques, d\u00e9sint\u00e9grateurs, activateurs de brillance, de douceur et de soyeux.<\/p>\n<p><strong>Mode d&#8217;emploi<\/strong>:<br \/>\n\u2013 Laver les cheveux avec le shampooing dilatateur Step1 Blue Gold cuticules, en massant doucement du bout des doigts, sans frotter le cuir chevelu, jusqu&rsquo;\u00e0 obtenir une mousse.<br \/>\n\u2013 R\u00e9partir uniform\u00e9ment sur toute la chevelure, rincer abondamment \u00e0 l&rsquo;eau.<br \/>\n\u2013 R\u00e9p\u00e9ter le processus trois fois, la troisi\u00e8me fois laisser le produit agir pendant 20 minutes puis rincer.<br \/>\nConseil: En cas de cheveux extr\u00eamement ab\u00eem\u00e9s ou blonds, le temps est \u00e0 la discr\u00e9tion du professionnel.<br \/>\n\u2013 S\u00e9cher 100 % des cheveux et diviser les cheveux en sections.<br \/>\n\u2013 Appliquer la Cr\u00e8me Conditioning Factor Step 2 Blue Gold de la racine aux pointes.<br \/>\n\u2013 S&rsquo;assurer que tous les cheveux sont uniform\u00e9ment humides et laisser la Cr\u00e8me Conditioning Factor agir pendant 30 minutes pour permettre aux cheveux d&rsquo;absorber toutes les propri\u00e9t\u00e9s du produit.<br \/>\n\u2013 Rincez vos cheveux en retirant l&rsquo;exc\u00e9dent de produit.<br \/>\n\u2013 S\u00e9cher les cheveux avec le s\u00e8che-cheveux et terminer avec un fer \u00e0 repasser au moins 10 fois lentement.<\/p>\n<p><strong>Contient<\/strong>:<br \/>\n01 \u2013 Cr\u00e8me Reconstructrice Revitalisante Blue Gold 1000 ml<br \/>\n01\u2013 Shampoing Pr\u00e9parateur Blue Gold 1000 ml<\/p>\n","protected":false},"excerpt":{"rendered":"<p>Le soin professionnel pionnier de Salvatore Cosmetics, Blue Gold, se renforce sans cesse et reste fid\u00e8le aux principes expos\u00e9s depuis son lancement. Il renforce progressivement les r\u00e9sultats efficaces d&rsquo;un produit complet de r\u00e9alignement capillaire.<\/p>\n","protected":false},"featured_media":2599,"template":"","meta":[],"product_brand":[222],"product_cat":[225,228],"product_tag":[153],"class_list":{"0":"post-2704","1":"product","2":"type-product","3":"status-publish","4":"has-post-thumbnail","6":"product_brand-salvatore","7":"product_cat-meilleurs-cosmetiques-bresiliens-25-avril","8":"product_cat-salvatore-fr","9":"product_tag-traitement-des-cheveux","10":"product_shipping_class-1l-fr","12":"first","13":"instock","14":"sale","15":"shipping-taxable","16":"purchasable","17":"product-type-simple"},"yoast_head":"<!-- This site is optimized with the Yoast SEO plugin v27.1.1 - https:\/\/yoast.com\/product\/yoast-seo-wordpress\/ -->\n<title>Lissage Salvatore Blue Gold 2x1L \u2013 Hair Pro - Brazil Care Store<\/title>\n<meta name=\"robots\" content=\"index, follow, max-snippet:-1, max-image-preview:large, max-video-preview:-1\" \/>\n<link rel=\"canonical\" href=\"https:\/\/www.brazilcarestore.com\/fr\/product\/meilleurs-cosmetiques-bresiliens-25-avril\/lissage-salvatore-blue-gold-2x1l-hair-pro\/\" \/>\n<meta property=\"og:locale\" content=\"fr_FR\" \/>\n<meta property=\"og:type\" content=\"article\" \/>\n<meta property=\"og:title\" content=\"Lissage Salvatore Blue Gold 2x1L \u2013 Hair Pro - Brazil Care Store\" \/>\n<meta property=\"og:description\" content=\"Le soin professionnel pionnier de Salvatore Cosmetics, Blue Gold, se renforce sans cesse et reste fid\u00e8le aux principes expos\u00e9s depuis son lancement. Il renforce progressivement les r\u00e9sultats efficaces d&#039;un produit complet de r\u00e9alignement capillaire.\" \/>\n<meta property=\"og:url\" content=\"https:\/\/www.brazilcarestore.com\/fr\/product\/meilleurs-cosmetiques-bresiliens-25-avril\/lissage-salvatore-blue-gold-2x1l-hair-pro\/\" \/>\n<meta property=\"og:site_name\" content=\"Brazil Care Store\" \/>\n<meta property=\"article:publisher\" content=\"https:\/\/www.facebook.com\/brazilcarestore\" \/>\n<meta property=\"article:modified_time\" content=\"2025-04-10T19:34:05+00:00\" \/>\n<meta property=\"og:image\" content=\"https:\/\/www.brazilcarestore.com\/wp-content\/uploads\/2025\/04\/c7e65f163292ea9ca7208bc92b514182.webp\" \/>\n\t<meta property=\"og:image:width\" content=\"559\" \/>\n\t<meta property=\"og:image:height\" content=\"560\" \/>\n\t<meta property=\"og:image:type\" content=\"image\/webp\" \/>\n<meta name=\"twitter:card\" content=\"summary_large_image\" \/>\n<meta name=\"twitter:label1\" content=\"Dur\u00e9e de lecture estim\u00e9e\" \/>\n\t<meta name=\"twitter:data1\" content=\"4 minutes\" \/>\n<script type=\"application\/ld+json\" class=\"yoast-schema-graph\">{\"@context\":\"https:\/\/schema.org\",\"@graph\":[{\"@type\":\"WebPage\",\"@id\":\"https:\/\/www.brazilcarestore.com\/fr\/product\/meilleurs-cosmetiques-bresiliens-25-avril\/lissage-salvatore-blue-gold-2x1l-hair-pro\/\",\"url\":\"https:\/\/www.brazilcarestore.com\/fr\/product\/meilleurs-cosmetiques-bresiliens-25-avril\/lissage-salvatore-blue-gold-2x1l-hair-pro\/\",\"name\":\"Lissage Salvatore Blue Gold 2x1L \u2013 Hair Pro - Brazil Care Store\",\"isPartOf\":{\"@id\":\"https:\/\/www.brazilcarestore.com\/fr\/#website\"},\"primaryImageOfPage\":{\"@id\":\"https:\/\/www.brazilcarestore.com\/fr\/product\/meilleurs-cosmetiques-bresiliens-25-avril\/lissage-salvatore-blue-gold-2x1l-hair-pro\/#primaryimage\"},\"image\":{\"@id\":\"https:\/\/www.brazilcarestore.com\/fr\/product\/meilleurs-cosmetiques-bresiliens-25-avril\/lissage-salvatore-blue-gold-2x1l-hair-pro\/#primaryimage\"},\"thumbnailUrl\":\"https:\/\/i0.wp.com\/www.brazilcarestore.com\/wp-content\/uploads\/2025\/04\/c7e65f163292ea9ca7208bc92b514182.webp?fit=559%2C560&ssl=1\",\"datePublished\":\"2025-04-01T16:24:46+00:00\",\"dateModified\":\"2025-04-10T19:34:05+00:00\",\"breadcrumb\":{\"@id\":\"https:\/\/www.brazilcarestore.com\/fr\/product\/meilleurs-cosmetiques-bresiliens-25-avril\/lissage-salvatore-blue-gold-2x1l-hair-pro\/#breadcrumb\"},\"inLanguage\":\"fr-FR\",\"potentialAction\":[{\"@type\":\"ReadAction\",\"target\":[\"https:\/\/www.brazilcarestore.com\/fr\/product\/meilleurs-cosmetiques-bresiliens-25-avril\/lissage-salvatore-blue-gold-2x1l-hair-pro\/\"]}]},{\"@type\":\"ImageObject\",\"inLanguage\":\"fr-FR\",\"@id\":\"https:\/\/www.brazilcarestore.com\/fr\/product\/meilleurs-cosmetiques-bresiliens-25-avril\/lissage-salvatore-blue-gold-2x1l-hair-pro\/#primaryimage\",\"url\":\"https:\/\/i0.wp.com\/www.brazilcarestore.com\/wp-content\/uploads\/2025\/04\/c7e65f163292ea9ca7208bc92b514182.webp?fit=559%2C560&ssl=1\",\"contentUrl\":\"https:\/\/i0.wp.com\/www.brazilcarestore.com\/wp-content\/uploads\/2025\/04\/c7e65f163292ea9ca7208bc92b514182.webp?fit=559%2C560&ssl=1\",\"width\":559,\"height\":560,\"caption\":\"Salvatore Blue Gold Straightening 2x1L \u2013 Hair Pro\"},{\"@type\":\"BreadcrumbList\",\"@id\":\"https:\/\/www.brazilcarestore.com\/fr\/product\/meilleurs-cosmetiques-bresiliens-25-avril\/lissage-salvatore-blue-gold-2x1l-hair-pro\/#breadcrumb\",\"itemListElement\":[{\"@type\":\"ListItem\",\"position\":1,\"name\":\"Home\",\"item\":\"https:\/\/www.brazilcarestore.com\/fr\/\"},{\"@type\":\"ListItem\",\"position\":2,\"name\":\"Boutique\",\"item\":\"https:\/\/www.brazilcarestore.com\/fr\/boutique\/\"},{\"@type\":\"ListItem\",\"position\":3,\"name\":\"Lissage Salvatore Blue Gold 2x1L \u2013 Hair Pro\"}]},{\"@type\":\"WebSite\",\"@id\":\"https:\/\/www.brazilcarestore.com\/fr\/#website\",\"url\":\"https:\/\/www.brazilcarestore.com\/fr\/\",\"name\":\"Brazil Care Store\",\"description\":\"The way to Beauty\",\"publisher\":{\"@id\":\"https:\/\/www.brazilcarestore.com\/fr\/#organization\"},\"potentialAction\":[{\"@type\":\"SearchAction\",\"target\":{\"@type\":\"EntryPoint\",\"urlTemplate\":\"https:\/\/www.brazilcarestore.com\/fr\/?s={search_term_string}\"},\"query-input\":{\"@type\":\"PropertyValueSpecification\",\"valueRequired\":true,\"valueName\":\"search_term_string\"}}],\"inLanguage\":\"fr-FR\"},{\"@type\":\"Organization\",\"@id\":\"https:\/\/www.brazilcarestore.com\/fr\/#organization\",\"name\":\"Brazil Care Store\",\"url\":\"https:\/\/www.brazilcarestore.com\/fr\/\",\"logo\":{\"@type\":\"ImageObject\",\"inLanguage\":\"fr-FR\",\"@id\":\"https:\/\/www.brazilcarestore.com\/fr\/#\/schema\/logo\/image\/\",\"url\":\"https:\/\/i0.wp.com\/www.brazilcarestore.com\/wp-content\/uploads\/2024\/02\/Brazil-Care-Store.png?fit=350%2C369&ssl=1\",\"contentUrl\":\"https:\/\/i0.wp.com\/www.brazilcarestore.com\/wp-content\/uploads\/2024\/02\/Brazil-Care-Store.png?fit=350%2C369&ssl=1\",\"width\":350,\"height\":369,\"caption\":\"Brazil Care Store\"},\"image\":{\"@id\":\"https:\/\/www.brazilcarestore.com\/fr\/#\/schema\/logo\/image\/\"},\"sameAs\":[\"https:\/\/www.facebook.com\/brazilcarestore\",\"https:\/\/www.instagram.com\/brazilcarestore\",\"https:\/\/www.tiktok.com\/@brazilcarestore\"]}]}<\/script>\n<!-- \/ Yoast SEO plugin. -->","yoast_head_json":{"title":"Lissage Salvatore Blue Gold 2x1L \u2013 Hair Pro - Brazil Care Store","robots":{"index":"index","follow":"follow","max-snippet":"max-snippet:-1","max-image-preview":"max-image-preview:large","max-video-preview":"max-video-preview:-1"},"canonical":"https:\/\/www.brazilcarestore.com\/fr\/product\/meilleurs-cosmetiques-bresiliens-25-avril\/lissage-salvatore-blue-gold-2x1l-hair-pro\/","og_locale":"fr_FR","og_type":"article","og_title":"Lissage Salvatore Blue Gold 2x1L \u2013 Hair Pro - Brazil Care Store","og_description":"Le soin professionnel pionnier de Salvatore Cosmetics, Blue Gold, se renforce sans cesse et reste fid\u00e8le aux principes expos\u00e9s depuis son lancement. Il renforce progressivement les r\u00e9sultats efficaces d'un produit complet de r\u00e9alignement capillaire.","og_url":"https:\/\/www.brazilcarestore.com\/fr\/product\/meilleurs-cosmetiques-bresiliens-25-avril\/lissage-salvatore-blue-gold-2x1l-hair-pro\/","og_site_name":"Brazil Care Store","article_publisher":"https:\/\/www.facebook.com\/brazilcarestore","article_modified_time":"2025-04-10T19:34:05+00:00","og_image":[{"width":559,"height":560,"url":"https:\/\/www.brazilcarestore.com\/wp-content\/uploads\/2025\/04\/c7e65f163292ea9ca7208bc92b514182.webp","type":"image\/webp"}],"twitter_card":"summary_large_image","twitter_misc":{"Dur\u00e9e de lecture estim\u00e9e":"4 minutes"},"schema":{"@context":"https:\/\/schema.org","@graph":[{"@type":"WebPage","@id":"https:\/\/www.brazilcarestore.com\/fr\/product\/meilleurs-cosmetiques-bresiliens-25-avril\/lissage-salvatore-blue-gold-2x1l-hair-pro\/","url":"https:\/\/www.brazilcarestore.com\/fr\/product\/meilleurs-cosmetiques-bresiliens-25-avril\/lissage-salvatore-blue-gold-2x1l-hair-pro\/","name":"Lissage Salvatore Blue Gold 2x1L \u2013 Hair Pro - Brazil Care Store","isPartOf":{"@id":"https:\/\/www.brazilcarestore.com\/fr\/#website"},"primaryImageOfPage":{"@id":"https:\/\/www.brazilcarestore.com\/fr\/product\/meilleurs-cosmetiques-bresiliens-25-avril\/lissage-salvatore-blue-gold-2x1l-hair-pro\/#primaryimage"},"image":{"@id":"https:\/\/www.brazilcarestore.com\/fr\/product\/meilleurs-cosmetiques-bresiliens-25-avril\/lissage-salvatore-blue-gold-2x1l-hair-pro\/#primaryimage"},"thumbnailUrl":"https:\/\/i0.wp.com\/www.brazilcarestore.com\/wp-content\/uploads\/2025\/04\/c7e65f163292ea9ca7208bc92b514182.webp?fit=559%2C560&ssl=1","datePublished":"2025-04-01T16:24:46+00:00","dateModified":"2025-04-10T19:34:05+00:00","breadcrumb":{"@id":"https:\/\/www.brazilcarestore.com\/fr\/product\/meilleurs-cosmetiques-bresiliens-25-avril\/lissage-salvatore-blue-gold-2x1l-hair-pro\/#breadcrumb"},"inLanguage":"fr-FR","potentialAction":[{"@type":"ReadAction","target":["https:\/\/www.brazilcarestore.com\/fr\/product\/meilleurs-cosmetiques-bresiliens-25-avril\/lissage-salvatore-blue-gold-2x1l-hair-pro\/"]}]},{"@type":"ImageObject","inLanguage":"fr-FR","@id":"https:\/\/www.brazilcarestore.com\/fr\/product\/meilleurs-cosmetiques-bresiliens-25-avril\/lissage-salvatore-blue-gold-2x1l-hair-pro\/#primaryimage","url":"https:\/\/i0.wp.com\/www.brazilcarestore.com\/wp-content\/uploads\/2025\/04\/c7e65f163292ea9ca7208bc92b514182.webp?fit=559%2C560&ssl=1","contentUrl":"https:\/\/i0.wp.com\/www.brazilcarestore.com\/wp-content\/uploads\/2025\/04\/c7e65f163292ea9ca7208bc92b514182.webp?fit=559%2C560&ssl=1","width":559,"height":560,"caption":"Salvatore Blue Gold Straightening 2x1L \u2013 Hair Pro"},{"@type":"BreadcrumbList","@id":"https:\/\/www.brazilcarestore.com\/fr\/product\/meilleurs-cosmetiques-bresiliens-25-avril\/lissage-salvatore-blue-gold-2x1l-hair-pro\/#breadcrumb","itemListElement":[{"@type":"ListItem","position":1,"name":"Home","item":"https:\/\/www.brazilcarestore.com\/fr\/"},{"@type":"ListItem","position":2,"name":"Boutique","item":"https:\/\/www.brazilcarestore.com\/fr\/boutique\/"},{"@type":"ListItem","position":3,"name":"Lissage Salvatore Blue Gold 2x1L \u2013 Hair Pro"}]},{"@type":"WebSite","@id":"https:\/\/www.brazilcarestore.com\/fr\/#website","url":"https:\/\/www.brazilcarestore.com\/fr\/","name":"Brazil Care Store","description":"The way to Beauty","publisher":{"@id":"https:\/\/www.brazilcarestore.com\/fr\/#organization"},"potentialAction":[{"@type":"SearchAction","target":{"@type":"EntryPoint","urlTemplate":"https:\/\/www.brazilcarestore.com\/fr\/?s={search_term_string}"},"query-input":{"@type":"PropertyValueSpecification","valueRequired":true,"valueName":"search_term_string"}}],"inLanguage":"fr-FR"},{"@type":"Organization","@id":"https:\/\/www.brazilcarestore.com\/fr\/#organization","name":"Brazil Care Store","url":"https:\/\/www.brazilcarestore.com\/fr\/","logo":{"@type":"ImageObject","inLanguage":"fr-FR","@id":"https:\/\/www.brazilcarestore.com\/fr\/#\/schema\/logo\/image\/","url":"https:\/\/i0.wp.com\/www.brazilcarestore.com\/wp-content\/uploads\/2024\/02\/Brazil-Care-Store.png?fit=350%2C369&ssl=1","contentUrl":"https:\/\/i0.wp.com\/www.brazilcarestore.com\/wp-content\/uploads\/2024\/02\/Brazil-Care-Store.png?fit=350%2C369&ssl=1","width":350,"height":369,"caption":"Brazil Care Store"},"image":{"@id":"https:\/\/www.brazilcarestore.com\/fr\/#\/schema\/logo\/image\/"},"sameAs":["https:\/\/www.facebook.com\/brazilcarestore","https:\/\/www.instagram.com\/brazilcarestore","https:\/\/www.tiktok.com\/@brazilcarestore"]}]}},"_links":{"self":[{"href":"https:\/\/www.brazilcarestore.com\/fr\/wp-json\/wp\/v2\/product\/2704","targetHints":{"allow":["GET"]}}],"collection":[{"href":"https:\/\/www.brazilcarestore.com\/fr\/wp-json\/wp\/v2\/product"}],"about":[{"href":"https:\/\/www.brazilcarestore.com\/fr\/wp-json\/wp\/v2\/types\/product"}],"wp:featuredmedia":[{"embeddable":true,"href":"https:\/\/www.brazilcarestore.com\/fr\/wp-json\/wp\/v2\/media\/2599"}],"wp:attachment":[{"href":"https:\/\/www.brazilcarestore.com\/fr\/wp-json\/wp\/v2\/media?parent=2704"}],"wp:term":[{"taxonomy":"product_brand","embeddable":true,"href":"https:\/\/www.brazilcarestore.com\/fr\/wp-json\/wp\/v2\/product_brand?post=2704"},{"taxonomy":"product_cat","embeddable":true,"href":"https:\/\/www.brazilcarestore.com\/fr\/wp-json\/wp\/v2\/product_cat?post=2704"},{"taxonomy":"product_tag","embeddable":true,"href":"https:\/\/www.brazilcarestore.com\/fr\/wp-json\/wp\/v2\/product_tag?post=2704"}],"curies":[{"name":"wp","href":"https:\/\/api.w.org\/{rel}","templated":true}]}}