{"id":2696,"date":"2025-04-01T11:19:48","date_gmt":"2025-04-01T14:19:48","guid":{"rendered":"https:\/\/www.brazilcarestore.com\/product\/non%20class\u00e9\/brscience-amazon-forest-reconstructeur-btx-anti-frisottis-aux-huiles-essentielles-damazonie-1kg\/"},"modified":"2025-04-10T14:55:12","modified_gmt":"2025-04-10T17:55:12","slug":"brscience-amazon-forest-reconstructeur-btx-anti-frisottis-aux-huiles-essentielles-damazonie-1kg","status":"publish","type":"product","link":"https:\/\/www.brazilcarestore.com\/fr\/product\/brscience-fr\/traitement\/brscience-amazon-forest-reconstructeur-btx-anti-frisottis-aux-huiles-essentielles-damazonie-1kg\/","title":{"rendered":"BRScience Amazon Forest &#8211; BTX Anti-frisottis Reconstructeur aux huiles essentielles d&rsquo;Amazonie 1 kg"},"content":{"rendered":"<p class=\"\" data-start=\"123\" data-end=\"582\">Le <strong data-start=\"127\" data-end=\"148\">BTX For\u00eat Amazonienne<\/strong> est un puissant reconstructeur capillaire \u00e0 l&rsquo;action anti-frisottis et \u00e0 l&rsquo;effet nourrissant-scellant, id\u00e9al pour les cheveux n\u00e9cessitant une reconstruction intense et un contr\u00f4le du volume. Sa formule exclusive, enrichie en huiles d&rsquo;Amazonie telles que l&rsquo;huile de noix du Br\u00e9sil, l&rsquo;huile de buriti et l&rsquo;huile de pracaxi, agit directement sur la structure capillaire, reconstituant la masse perdue et reconstruisant les cheveux de l&rsquo;int\u00e9rieur, les laissant plus forts, plus lisses et d&rsquo;une brillance intense. <\/p>\n<p class=\"\" data-start=\"584\" data-end=\"812\">Le BTX r\u00e9pare en profondeur les cheveux ab\u00eem\u00e9s, favorisant un lissage naturel et nourrissant sans irriter le cuir chevelu. De plus, sa formule douce ne produit pas de fum\u00e9e, pour une application confortable et s\u00fbre. <\/p>\n<p class=\"\" data-start=\"814\" data-end=\"825\"><strong data-start=\"814\" data-end=\"825\">Action:<\/strong><\/p>\n<ul data-start=\"827\" data-end=\"1337\">\n<li class=\"\" data-start=\"827\" data-end=\"956\">\n<p class=\"\" data-start=\"829\" data-end=\"956\"><strong data-start=\"829\" data-end=\"852\">Reconstruction profonde<\/strong>: r\u00e9pare la structure interne des m\u00e8ches, reconstitue la masse capillaire perdue et renforce les cheveux.<\/p>\n<\/li>\n<li class=\"\" data-start=\"957\" data-end=\"1067\">\n<p class=\"\" data-start=\"959\" data-end=\"1067\"><strong data-start=\"959\" data-end=\"992\">Anti-frisottis et alignement des cheveux<\/strong>: Contr\u00f4le les frisottis et procure un effet lissant naturel et durable.<\/p>\n<\/li>\n<li class=\"\" data-start=\"1068\" data-end=\"1197\">\n<p class=\"\" data-start=\"1070\" data-end=\"1197\"><strong data-start=\"1070\" data-end=\"1102\">Nourrissement aux huiles d&rsquo;Amazonie<\/strong>: Hydrate en profondeur les m\u00e8ches avec des huiles nourrissantes telles que le buriti, le pracaxi et l&rsquo;huile de noix du Br\u00e9sil.<\/p>\n<\/li>\n<li class=\"\" data-start=\"1198\" data-end=\"1337\">\n<p class=\"\" data-start=\"1200\" data-end=\"1337\"><strong data-start=\"1200\" data-end=\"1218\">Formule douce<\/strong>: ne provoque pas d&rsquo;irritation, ne produit pas de fum\u00e9e et poss\u00e8de un parfum doux, offrant une exp\u00e9rience utilisateur confortable.<\/p>\n<\/li>\n<\/ul>\n<p class=\"\" data-start=\"1339\" data-end=\"1354\"><strong data-start=\"1339\" data-end=\"1354\">Mode d&#8217;emploi:<\/strong><\/p>\n<p class=\"\" data-start=\"1356\" data-end=\"1607\">Sur cheveux secs ou humides, appliquez le <strong data-start=\"1387\" data-end=\"1408\">BTX For\u00eat Amazonienne<\/strong> m\u00e8che par m\u00e8che en r\u00e9partissant uniform\u00e9ment le produit. Laissez poser 15 \u00e0 30 minutes. Apr\u00e8s ce temps de pose, rincez abondamment et s\u00e9chez vos cheveux \u00e0 l&rsquo;aide d&rsquo;une brosse et d&rsquo;un s\u00e8che-cheveux. Proc\u00e9dez \u00e0 la finition souhait\u00e9e.   <\/p>\n<p class=\"\" data-start=\"1609\" data-end=\"1622\"><strong data-start=\"1609\" data-end=\"1622\">Avantages:<\/strong><\/p>\n<ul data-start=\"1624\" data-end=\"1836\">\n<li class=\"\" data-start=\"1624\" data-end=\"1668\">\n<p class=\"\" data-start=\"1626\" data-end=\"1668\">Reconstruction capillaire et reconstitution de masse<\/p>\n<\/li>\n<li class=\"\" data-start=\"1669\" data-end=\"1703\">\n<p class=\"\" data-start=\"1671\" data-end=\"1703\">Contr\u00f4le des frisottis et alignement des cheveux<\/p>\n<\/li>\n<li class=\"\" data-start=\"1704\" data-end=\"1737\">\n<p class=\"\" data-start=\"1706\" data-end=\"1737\">Hydratation profonde aux huiles d&rsquo;Amazonie<\/p>\n<\/li>\n<li class=\"\" data-start=\"1738\" data-end=\"1782\">\n<p class=\"\" data-start=\"1740\" data-end=\"1782\">Ne provoque pas d&rsquo;irritation et ne produit pas de fum\u00e9e<\/p>\n<\/li>\n<li class=\"\" data-start=\"1783\" data-end=\"1836\">\n<p class=\"\" data-start=\"1785\" data-end=\"1836\">Laisse les cheveux nourris, doux et avec une brillance intense<\/p>\n<\/li>\n<\/ul>\n","protected":false},"excerpt":{"rendered":"<p>Le <strong data-start=\"127\" data-end=\"148\">BTX For\u00eat Amazonienne<\/strong> est un puissant reconstructeur capillaire \u00e0 l&rsquo;action anti-frisottis et \u00e0 l&rsquo;effet nourrissant-scellant, id\u00e9al pour les cheveux n\u00e9cessitant une reconstruction intense et un contr\u00f4le du volume. Sa formule exclusive, enrichie en huiles d&rsquo;Amazonie telles que l&rsquo;huile de noix du Br\u00e9sil, l&rsquo;huile de buriti et l&rsquo;huile de pracaxi, agit directement sur la structure capillaire, reconstituant la masse perdue et reconstruisant les cheveux de l&rsquo;int\u00e9rieur, les laissant plus forts, plus lisses et d&rsquo;une brillance intense. <\/p>\n","protected":false},"featured_media":2551,"template":"","meta":[],"product_brand":[208],"product_cat":[150,225,151],"product_tag":[153],"class_list":{"0":"post-2696","1":"product","2":"type-product","3":"status-publish","4":"has-post-thumbnail","6":"product_brand-brscience","7":"product_cat-brscience-fr","8":"product_cat-meilleurs-cosmetiques-bresiliens-25-avril","9":"product_cat-traitement","10":"product_tag-traitement-des-cheveux","11":"product_shipping_class-1l-fr","13":"first","14":"instock","15":"shipping-taxable","16":"purchasable","17":"product-type-simple"},"yoast_head":"<!-- This site is optimized with the Yoast SEO plugin v27.1.1 - https:\/\/yoast.com\/product\/yoast-seo-wordpress\/ -->\n<title>BRScience Amazon Forest - BTX Anti-frisottis Reconstructeur aux huiles essentielles d&#039;Amazonie 1 kg - Brazil Care Store<\/title>\n<meta name=\"robots\" content=\"index, follow, max-snippet:-1, max-image-preview:large, max-video-preview:-1\" \/>\n<link rel=\"canonical\" href=\"https:\/\/www.brazilcarestore.com\/fr\/product\/brscience-fr\/traitement\/brscience-amazon-forest-reconstructeur-btx-anti-frisottis-aux-huiles-essentielles-damazonie-1kg\/\" \/>\n<meta property=\"og:locale\" content=\"fr_FR\" \/>\n<meta property=\"og:type\" content=\"article\" \/>\n<meta property=\"og:title\" content=\"BRScience Amazon Forest - BTX Anti-frisottis Reconstructeur aux huiles essentielles d&#039;Amazonie 1 kg - Brazil Care Store\" \/>\n<meta property=\"og:description\" content=\"Le BTX For\u00eat Amazonienne est un puissant reconstructeur capillaire \u00e0 l&#039;action anti-frisottis et \u00e0 l&#039;effet nourrissant-scellant, id\u00e9al pour les cheveux n\u00e9cessitant une reconstruction intense et un contr\u00f4le du volume. Sa formule exclusive, enrichie en huiles d&#039;Amazonie telles que l&#039;huile de noix du Br\u00e9sil, l&#039;huile de buriti et l&#039;huile de pracaxi, agit directement sur la structure capillaire, reconstituant la masse perdue et reconstruisant les cheveux de l&#039;int\u00e9rieur, les laissant plus forts, plus lisses et d&#039;une brillance intense.\" \/>\n<meta property=\"og:url\" content=\"https:\/\/www.brazilcarestore.com\/fr\/product\/brscience-fr\/traitement\/brscience-amazon-forest-reconstructeur-btx-anti-frisottis-aux-huiles-essentielles-damazonie-1kg\/\" \/>\n<meta property=\"og:site_name\" content=\"Brazil Care Store\" \/>\n<meta property=\"article:publisher\" content=\"https:\/\/www.facebook.com\/brazilcarestore\" \/>\n<meta property=\"article:modified_time\" content=\"2025-04-10T17:55:12+00:00\" \/>\n<meta property=\"og:image\" content=\"https:\/\/i0.wp.com\/www.brazilcarestore.com\/wp-content\/uploads\/2025\/04\/btx_organico_1kg_01_591f25a5-adc4-41d5-a983-b1a16a5806c8_700x.webp?fit=700%2C700&ssl=1\" \/>\n\t<meta property=\"og:image:width\" content=\"700\" \/>\n\t<meta property=\"og:image:height\" content=\"700\" \/>\n\t<meta property=\"og:image:type\" content=\"image\/webp\" \/>\n<meta name=\"twitter:card\" content=\"summary_large_image\" \/>\n<meta name=\"twitter:label1\" content=\"Dur\u00e9e de lecture estim\u00e9e\" \/>\n\t<meta name=\"twitter:data1\" content=\"2 minutes\" \/>\n<script type=\"application\/ld+json\" class=\"yoast-schema-graph\">{\"@context\":\"https:\/\/schema.org\",\"@graph\":[{\"@type\":\"WebPage\",\"@id\":\"https:\/\/www.brazilcarestore.com\/fr\/product\/brscience-fr\/traitement\/brscience-amazon-forest-reconstructeur-btx-anti-frisottis-aux-huiles-essentielles-damazonie-1kg\/\",\"url\":\"https:\/\/www.brazilcarestore.com\/fr\/product\/brscience-fr\/traitement\/brscience-amazon-forest-reconstructeur-btx-anti-frisottis-aux-huiles-essentielles-damazonie-1kg\/\",\"name\":\"BRScience Amazon Forest - BTX Anti-frisottis Reconstructeur aux huiles essentielles d'Amazonie 1 kg - Brazil Care Store\",\"isPartOf\":{\"@id\":\"https:\/\/www.brazilcarestore.com\/fr\/#website\"},\"primaryImageOfPage\":{\"@id\":\"https:\/\/www.brazilcarestore.com\/fr\/product\/brscience-fr\/traitement\/brscience-amazon-forest-reconstructeur-btx-anti-frisottis-aux-huiles-essentielles-damazonie-1kg\/#primaryimage\"},\"image\":{\"@id\":\"https:\/\/www.brazilcarestore.com\/fr\/product\/brscience-fr\/traitement\/brscience-amazon-forest-reconstructeur-btx-anti-frisottis-aux-huiles-essentielles-damazonie-1kg\/#primaryimage\"},\"thumbnailUrl\":\"https:\/\/i0.wp.com\/www.brazilcarestore.com\/wp-content\/uploads\/2025\/04\/btx_organico_1kg_01_591f25a5-adc4-41d5-a983-b1a16a5806c8_700x.webp?fit=700%2C700&ssl=1\",\"datePublished\":\"2025-04-01T14:19:48+00:00\",\"dateModified\":\"2025-04-10T17:55:12+00:00\",\"breadcrumb\":{\"@id\":\"https:\/\/www.brazilcarestore.com\/fr\/product\/brscience-fr\/traitement\/brscience-amazon-forest-reconstructeur-btx-anti-frisottis-aux-huiles-essentielles-damazonie-1kg\/#breadcrumb\"},\"inLanguage\":\"fr-FR\",\"potentialAction\":[{\"@type\":\"ReadAction\",\"target\":[\"https:\/\/www.brazilcarestore.com\/fr\/product\/brscience-fr\/traitement\/brscience-amazon-forest-reconstructeur-btx-anti-frisottis-aux-huiles-essentielles-damazonie-1kg\/\"]}]},{\"@type\":\"ImageObject\",\"inLanguage\":\"fr-FR\",\"@id\":\"https:\/\/www.brazilcarestore.com\/fr\/product\/brscience-fr\/traitement\/brscience-amazon-forest-reconstructeur-btx-anti-frisottis-aux-huiles-essentielles-damazonie-1kg\/#primaryimage\",\"url\":\"https:\/\/i0.wp.com\/www.brazilcarestore.com\/wp-content\/uploads\/2025\/04\/btx_organico_1kg_01_591f25a5-adc4-41d5-a983-b1a16a5806c8_700x.webp?fit=700%2C700&ssl=1\",\"contentUrl\":\"https:\/\/i0.wp.com\/www.brazilcarestore.com\/wp-content\/uploads\/2025\/04\/btx_organico_1kg_01_591f25a5-adc4-41d5-a983-b1a16a5806c8_700x.webp?fit=700%2C700&ssl=1\",\"width\":700,\"height\":700,\"caption\":\"BRScience Amazon Forest - Reconstructeur BTX Anti-Frisottis aux Huiles Essentielles d'Amazonie 1Kg\"},{\"@type\":\"BreadcrumbList\",\"@id\":\"https:\/\/www.brazilcarestore.com\/fr\/product\/brscience-fr\/traitement\/brscience-amazon-forest-reconstructeur-btx-anti-frisottis-aux-huiles-essentielles-damazonie-1kg\/#breadcrumb\",\"itemListElement\":[{\"@type\":\"ListItem\",\"position\":1,\"name\":\"Home\",\"item\":\"https:\/\/www.brazilcarestore.com\/fr\/\"},{\"@type\":\"ListItem\",\"position\":2,\"name\":\"Boutique\",\"item\":\"https:\/\/www.brazilcarestore.com\/fr\/boutique\/\"},{\"@type\":\"ListItem\",\"position\":3,\"name\":\"BRScience Amazon Forest &#8211; BTX Anti-frisottis Reconstructeur aux huiles essentielles d&rsquo;Amazonie 1 kg\"}]},{\"@type\":\"WebSite\",\"@id\":\"https:\/\/www.brazilcarestore.com\/fr\/#website\",\"url\":\"https:\/\/www.brazilcarestore.com\/fr\/\",\"name\":\"Brazil Care Store\",\"description\":\"The way to Beauty\",\"publisher\":{\"@id\":\"https:\/\/www.brazilcarestore.com\/fr\/#organization\"},\"potentialAction\":[{\"@type\":\"SearchAction\",\"target\":{\"@type\":\"EntryPoint\",\"urlTemplate\":\"https:\/\/www.brazilcarestore.com\/fr\/?s={search_term_string}\"},\"query-input\":{\"@type\":\"PropertyValueSpecification\",\"valueRequired\":true,\"valueName\":\"search_term_string\"}}],\"inLanguage\":\"fr-FR\"},{\"@type\":\"Organization\",\"@id\":\"https:\/\/www.brazilcarestore.com\/fr\/#organization\",\"name\":\"Brazil Care Store\",\"url\":\"https:\/\/www.brazilcarestore.com\/fr\/\",\"logo\":{\"@type\":\"ImageObject\",\"inLanguage\":\"fr-FR\",\"@id\":\"https:\/\/www.brazilcarestore.com\/fr\/#\/schema\/logo\/image\/\",\"url\":\"https:\/\/i0.wp.com\/www.brazilcarestore.com\/wp-content\/uploads\/2024\/02\/Brazil-Care-Store.png?fit=350%2C369&ssl=1\",\"contentUrl\":\"https:\/\/i0.wp.com\/www.brazilcarestore.com\/wp-content\/uploads\/2024\/02\/Brazil-Care-Store.png?fit=350%2C369&ssl=1\",\"width\":350,\"height\":369,\"caption\":\"Brazil Care Store\"},\"image\":{\"@id\":\"https:\/\/www.brazilcarestore.com\/fr\/#\/schema\/logo\/image\/\"},\"sameAs\":[\"https:\/\/www.facebook.com\/brazilcarestore\",\"https:\/\/www.instagram.com\/brazilcarestore\",\"https:\/\/www.tiktok.com\/@brazilcarestore\"]}]}<\/script>\n<!-- \/ Yoast SEO plugin. -->","yoast_head_json":{"title":"BRScience Amazon Forest - BTX Anti-frisottis Reconstructeur aux huiles essentielles d'Amazonie 1 kg - Brazil Care Store","robots":{"index":"index","follow":"follow","max-snippet":"max-snippet:-1","max-image-preview":"max-image-preview:large","max-video-preview":"max-video-preview:-1"},"canonical":"https:\/\/www.brazilcarestore.com\/fr\/product\/brscience-fr\/traitement\/brscience-amazon-forest-reconstructeur-btx-anti-frisottis-aux-huiles-essentielles-damazonie-1kg\/","og_locale":"fr_FR","og_type":"article","og_title":"BRScience Amazon Forest - BTX Anti-frisottis Reconstructeur aux huiles essentielles d'Amazonie 1 kg - Brazil Care Store","og_description":"Le BTX For\u00eat Amazonienne est un puissant reconstructeur capillaire \u00e0 l'action anti-frisottis et \u00e0 l'effet nourrissant-scellant, id\u00e9al pour les cheveux n\u00e9cessitant une reconstruction intense et un contr\u00f4le du volume. Sa formule exclusive, enrichie en huiles d'Amazonie telles que l'huile de noix du Br\u00e9sil, l'huile de buriti et l'huile de pracaxi, agit directement sur la structure capillaire, reconstituant la masse perdue et reconstruisant les cheveux de l'int\u00e9rieur, les laissant plus forts, plus lisses et d'une brillance intense.","og_url":"https:\/\/www.brazilcarestore.com\/fr\/product\/brscience-fr\/traitement\/brscience-amazon-forest-reconstructeur-btx-anti-frisottis-aux-huiles-essentielles-damazonie-1kg\/","og_site_name":"Brazil Care Store","article_publisher":"https:\/\/www.facebook.com\/brazilcarestore","article_modified_time":"2025-04-10T17:55:12+00:00","og_image":[{"width":700,"height":700,"url":"https:\/\/i0.wp.com\/www.brazilcarestore.com\/wp-content\/uploads\/2025\/04\/btx_organico_1kg_01_591f25a5-adc4-41d5-a983-b1a16a5806c8_700x.webp?fit=700%2C700&ssl=1","type":"image\/webp"}],"twitter_card":"summary_large_image","twitter_misc":{"Dur\u00e9e de lecture estim\u00e9e":"2 minutes"},"schema":{"@context":"https:\/\/schema.org","@graph":[{"@type":"WebPage","@id":"https:\/\/www.brazilcarestore.com\/fr\/product\/brscience-fr\/traitement\/brscience-amazon-forest-reconstructeur-btx-anti-frisottis-aux-huiles-essentielles-damazonie-1kg\/","url":"https:\/\/www.brazilcarestore.com\/fr\/product\/brscience-fr\/traitement\/brscience-amazon-forest-reconstructeur-btx-anti-frisottis-aux-huiles-essentielles-damazonie-1kg\/","name":"BRScience Amazon Forest - BTX Anti-frisottis Reconstructeur aux huiles essentielles d'Amazonie 1 kg - Brazil Care Store","isPartOf":{"@id":"https:\/\/www.brazilcarestore.com\/fr\/#website"},"primaryImageOfPage":{"@id":"https:\/\/www.brazilcarestore.com\/fr\/product\/brscience-fr\/traitement\/brscience-amazon-forest-reconstructeur-btx-anti-frisottis-aux-huiles-essentielles-damazonie-1kg\/#primaryimage"},"image":{"@id":"https:\/\/www.brazilcarestore.com\/fr\/product\/brscience-fr\/traitement\/brscience-amazon-forest-reconstructeur-btx-anti-frisottis-aux-huiles-essentielles-damazonie-1kg\/#primaryimage"},"thumbnailUrl":"https:\/\/i0.wp.com\/www.brazilcarestore.com\/wp-content\/uploads\/2025\/04\/btx_organico_1kg_01_591f25a5-adc4-41d5-a983-b1a16a5806c8_700x.webp?fit=700%2C700&ssl=1","datePublished":"2025-04-01T14:19:48+00:00","dateModified":"2025-04-10T17:55:12+00:00","breadcrumb":{"@id":"https:\/\/www.brazilcarestore.com\/fr\/product\/brscience-fr\/traitement\/brscience-amazon-forest-reconstructeur-btx-anti-frisottis-aux-huiles-essentielles-damazonie-1kg\/#breadcrumb"},"inLanguage":"fr-FR","potentialAction":[{"@type":"ReadAction","target":["https:\/\/www.brazilcarestore.com\/fr\/product\/brscience-fr\/traitement\/brscience-amazon-forest-reconstructeur-btx-anti-frisottis-aux-huiles-essentielles-damazonie-1kg\/"]}]},{"@type":"ImageObject","inLanguage":"fr-FR","@id":"https:\/\/www.brazilcarestore.com\/fr\/product\/brscience-fr\/traitement\/brscience-amazon-forest-reconstructeur-btx-anti-frisottis-aux-huiles-essentielles-damazonie-1kg\/#primaryimage","url":"https:\/\/i0.wp.com\/www.brazilcarestore.com\/wp-content\/uploads\/2025\/04\/btx_organico_1kg_01_591f25a5-adc4-41d5-a983-b1a16a5806c8_700x.webp?fit=700%2C700&ssl=1","contentUrl":"https:\/\/i0.wp.com\/www.brazilcarestore.com\/wp-content\/uploads\/2025\/04\/btx_organico_1kg_01_591f25a5-adc4-41d5-a983-b1a16a5806c8_700x.webp?fit=700%2C700&ssl=1","width":700,"height":700,"caption":"BRScience Amazon Forest - Reconstructeur BTX Anti-Frisottis aux Huiles Essentielles d'Amazonie 1Kg"},{"@type":"BreadcrumbList","@id":"https:\/\/www.brazilcarestore.com\/fr\/product\/brscience-fr\/traitement\/brscience-amazon-forest-reconstructeur-btx-anti-frisottis-aux-huiles-essentielles-damazonie-1kg\/#breadcrumb","itemListElement":[{"@type":"ListItem","position":1,"name":"Home","item":"https:\/\/www.brazilcarestore.com\/fr\/"},{"@type":"ListItem","position":2,"name":"Boutique","item":"https:\/\/www.brazilcarestore.com\/fr\/boutique\/"},{"@type":"ListItem","position":3,"name":"BRScience Amazon Forest &#8211; BTX Anti-frisottis Reconstructeur aux huiles essentielles d&rsquo;Amazonie 1 kg"}]},{"@type":"WebSite","@id":"https:\/\/www.brazilcarestore.com\/fr\/#website","url":"https:\/\/www.brazilcarestore.com\/fr\/","name":"Brazil Care Store","description":"The way to Beauty","publisher":{"@id":"https:\/\/www.brazilcarestore.com\/fr\/#organization"},"potentialAction":[{"@type":"SearchAction","target":{"@type":"EntryPoint","urlTemplate":"https:\/\/www.brazilcarestore.com\/fr\/?s={search_term_string}"},"query-input":{"@type":"PropertyValueSpecification","valueRequired":true,"valueName":"search_term_string"}}],"inLanguage":"fr-FR"},{"@type":"Organization","@id":"https:\/\/www.brazilcarestore.com\/fr\/#organization","name":"Brazil Care Store","url":"https:\/\/www.brazilcarestore.com\/fr\/","logo":{"@type":"ImageObject","inLanguage":"fr-FR","@id":"https:\/\/www.brazilcarestore.com\/fr\/#\/schema\/logo\/image\/","url":"https:\/\/i0.wp.com\/www.brazilcarestore.com\/wp-content\/uploads\/2024\/02\/Brazil-Care-Store.png?fit=350%2C369&ssl=1","contentUrl":"https:\/\/i0.wp.com\/www.brazilcarestore.com\/wp-content\/uploads\/2024\/02\/Brazil-Care-Store.png?fit=350%2C369&ssl=1","width":350,"height":369,"caption":"Brazil Care Store"},"image":{"@id":"https:\/\/www.brazilcarestore.com\/fr\/#\/schema\/logo\/image\/"},"sameAs":["https:\/\/www.facebook.com\/brazilcarestore","https:\/\/www.instagram.com\/brazilcarestore","https:\/\/www.tiktok.com\/@brazilcarestore"]}]}},"_links":{"self":[{"href":"https:\/\/www.brazilcarestore.com\/fr\/wp-json\/wp\/v2\/product\/2696","targetHints":{"allow":["GET"]}}],"collection":[{"href":"https:\/\/www.brazilcarestore.com\/fr\/wp-json\/wp\/v2\/product"}],"about":[{"href":"https:\/\/www.brazilcarestore.com\/fr\/wp-json\/wp\/v2\/types\/product"}],"wp:featuredmedia":[{"embeddable":true,"href":"https:\/\/www.brazilcarestore.com\/fr\/wp-json\/wp\/v2\/media\/2551"}],"wp:attachment":[{"href":"https:\/\/www.brazilcarestore.com\/fr\/wp-json\/wp\/v2\/media?parent=2696"}],"wp:term":[{"taxonomy":"product_brand","embeddable":true,"href":"https:\/\/www.brazilcarestore.com\/fr\/wp-json\/wp\/v2\/product_brand?post=2696"},{"taxonomy":"product_cat","embeddable":true,"href":"https:\/\/www.brazilcarestore.com\/fr\/wp-json\/wp\/v2\/product_cat?post=2696"},{"taxonomy":"product_tag","embeddable":true,"href":"https:\/\/www.brazilcarestore.com\/fr\/wp-json\/wp\/v2\/product_tag?post=2696"}],"curies":[{"name":"wp","href":"https:\/\/api.w.org\/{rel}","templated":true}]}}