{"id":2652,"date":"2025-04-01T11:06:35","date_gmt":"2025-04-01T14:06:35","guid":{"rendered":"https:\/\/www.brazilcarestore.com\/product\/non%20class\u00e9\/brscience-amazon-forest-shampoing-pre-progressif-1l\/"},"modified":"2025-04-10T15:00:46","modified_gmt":"2025-04-10T18:00:46","slug":"brscience-amazon-forest-shampoing-pre-progressif-1l","status":"publish","type":"product","link":"https:\/\/www.brazilcarestore.com\/fr\/product\/brscience-fr\/brscience-amazon-forest-shampoing-pre-progressif-1l\/","title":{"rendered":"BRScience Amazon Forest &#8211; Shampoing pr\u00e9-progressif 1L"},"content":{"rendered":"<p class=\"\" data-start=\"97\" data-end=\"509\">Le <strong data-start=\"101\" data-end=\"142\">shampoing pr\u00e9-progressif Amazon Forest <\/strong> a \u00e9t\u00e9 d\u00e9velopp\u00e9 avec une technologie de pointe et des ingr\u00e9dients nobles, comme les huiles essentielles d&rsquo;Amazonie, pour nettoyer les cheveux en profondeur et \u00e9liminer les impuret\u00e9s et les r\u00e9sidus accumul\u00e9s. Ce shampoing clarifiant pr\u00e9pare les cheveux aux traitements comme le lissage progressif, en les laissant propres et exempts de tout r\u00e9sidu susceptible d&rsquo;interf\u00e9rer avec le processus. <\/p>\n<p class=\"\" data-start=\"511\" data-end=\"757\">Sa formule efficace favorise un nettoyage en profondeur sans ab\u00eemer la structure capillaire, tandis que les huiles d&rsquo;Amazonie contribuent \u00e0 pr\u00e9server l&rsquo;hydratation et la sant\u00e9 des cheveux. Id\u00e9al avant les traitements chimiques, il constitue une base id\u00e9ale pour de meilleurs r\u00e9sultats. <\/p>\n<p class=\"\" data-start=\"759\" data-end=\"770\"><strong data-start=\"759\" data-end=\"770\">Action:<\/strong><\/p>\n<ul data-start=\"772\" data-end=\"1237\">\n<li class=\"\" data-start=\"772\" data-end=\"926\">\n<p class=\"\" data-start=\"774\" data-end=\"926\"><strong data-start=\"774\" data-end=\"792\">Nettoyage en profondeur<\/strong>: \u00c9limine les impuret\u00e9s et les r\u00e9sidus accumul\u00e9s des cheveux, les pr\u00e9parant aux traitements chimiques comme le lissage progressif des cheveux.<\/p>\n<\/li>\n<li class=\"\" data-start=\"927\" data-end=\"1053\">\n<p class=\"\" data-start=\"929\" data-end=\"1053\"><strong data-start=\"929\" data-end=\"959\">Pr\u00e9paration aux traitements<\/strong>: Pr\u00e9pare les cheveux \u00e0 recevoir efficacement les traitements, en assurant une base propre et sans r\u00e9sidus.<\/p>\n<\/li>\n<li class=\"\" data-start=\"1054\" data-end=\"1237\">\n<p class=\"\" data-start=\"1056\" data-end=\"1237\"><strong data-start=\"1056\" data-end=\"1088\">Nourrissant aux huiles d&rsquo;Amazonie<\/strong>: Enrichi en huiles essentielles d&rsquo;Amazonie, telles que l&rsquo;huile de noix du Br\u00e9sil, l&rsquo;huile de buriti et l&rsquo;huile de pracaxi, qui aident \u00e0 nourrir et \u00e0 prot\u00e9ger les cheveux pendant le nettoyage.<\/p>\n<\/li>\n<\/ul>\n<p class=\"\" data-start=\"1239\" data-end=\"1254\"><strong data-start=\"1239\" data-end=\"1254\">Mode d&#8217;emploi:<\/strong><\/p>\n<p class=\"\" data-start=\"1256\" data-end=\"1548\">Appliquez le <strong data-start=\"1262\" data-end=\"1303\">shampoing pr\u00e9-progressif Amazon Forest<\/strong> sur cheveux mouill\u00e9s en massant d\u00e9licatement le cuir chevelu jusqu&rsquo;\u00e0 l&rsquo;obtention d&rsquo;une mousse riche et onctueuse. Faites glisser la mousse sur les longueurs et les pointes, et laissez agir 5 minutes. Rincez ensuite abondamment pour \u00e9liminer toute la mousse. R\u00e9p\u00e9tez l&rsquo;op\u00e9ration si n\u00e9cessaire pour un nettoyage en profondeur.   <\/p>\n<p class=\"\" data-start=\"1550\" data-end=\"1563\"><strong data-start=\"1550\" data-end=\"1563\">Avantages:<\/strong><\/p>\n<ul data-start=\"1565\" data-end=\"1775\">\n<li class=\"\" data-start=\"1565\" data-end=\"1595\">\n<p class=\"\" data-start=\"1567\" data-end=\"1595\">Nettoyage en profondeur et efficace<\/p>\n<\/li>\n<li class=\"\" data-start=\"1565\" data-end=\"1595\">\n<p class=\"\" data-start=\"1567\" data-end=\"1595\">Pr\u00e9pare les cheveux aux traitements chimiques<\/p>\n<\/li>\n<li class=\"\" data-start=\"1636\" data-end=\"1681\">\n<p class=\"\" data-start=\"1638\" data-end=\"1681\">\u00c9limine les impuret\u00e9s et les r\u00e9sidus accumul\u00e9s<\/p>\n<\/li>\n<li class=\"\" data-start=\"1682\" data-end=\"1733\">\n<p class=\"\" data-start=\"1684\" data-end=\"1733\">Pr\u00e9serve la sant\u00e9 des cheveux gr\u00e2ce aux huiles d&rsquo;Amazonie<\/p>\n<\/li>\n<li class=\"\" data-start=\"1734\" data-end=\"1775\">\n<p class=\"\" data-start=\"1736\" data-end=\"1775\">Id\u00e9al pour une utilisation avant le traitement progressif<\/p>\n<\/li>\n<\/ul>\n","protected":false},"excerpt":{"rendered":"<p>Le <strong data-start=\"101\" data-end=\"142\">shampoing pr\u00e9-progressif Amazon Forest <\/strong> a \u00e9t\u00e9 d\u00e9velopp\u00e9 avec une technologie de pointe et des ingr\u00e9dients nobles, comme les huiles essentielles d&rsquo;Amazonie, pour nettoyer les cheveux en profondeur et \u00e9liminer les impuret\u00e9s et les r\u00e9sidus accumul\u00e9s. Ce shampoing clarifiant pr\u00e9pare les cheveux aux traitements comme le lissage progressif, en les laissant propres et exempts de tout r\u00e9sidu susceptible d&rsquo;interf\u00e9rer avec le processus. <\/p>\n","protected":false},"featured_media":2536,"template":"","meta":[],"product_brand":[208],"product_cat":[150,225],"product_tag":[226,155],"class_list":{"0":"post-2652","1":"product","2":"type-product","3":"status-publish","4":"has-post-thumbnail","6":"product_brand-brscience","7":"product_cat-brscience-fr","8":"product_cat-meilleurs-cosmetiques-bresiliens-25-avril","9":"product_tag-brscience-fr","10":"product_tag-shampooing","11":"product_shipping_class-1l-fr","13":"first","14":"instock","15":"sale","16":"shipping-taxable","17":"purchasable","18":"product-type-simple"},"yoast_head":"<!-- This site is optimized with the Yoast SEO plugin v27.1.1 - https:\/\/yoast.com\/product\/yoast-seo-wordpress\/ -->\n<title>BRScience Amazon Forest - Shampoing pr\u00e9-progressif 1L - Brazil Care Store<\/title>\n<meta name=\"robots\" content=\"index, follow, max-snippet:-1, max-image-preview:large, max-video-preview:-1\" \/>\n<link rel=\"canonical\" href=\"https:\/\/www.brazilcarestore.com\/fr\/product\/brscience-fr\/brscience-amazon-forest-shampoing-pre-progressif-1l\/\" \/>\n<meta property=\"og:locale\" content=\"fr_FR\" \/>\n<meta property=\"og:type\" content=\"article\" \/>\n<meta property=\"og:title\" content=\"BRScience Amazon Forest - Shampoing pr\u00e9-progressif 1L - Brazil Care Store\" \/>\n<meta property=\"og:description\" content=\"Le shampoing pr\u00e9-progressif Amazon Forest a \u00e9t\u00e9 d\u00e9velopp\u00e9 avec une technologie de pointe et des ingr\u00e9dients nobles, comme les huiles essentielles d&#039;Amazonie, pour nettoyer les cheveux en profondeur et \u00e9liminer les impuret\u00e9s et les r\u00e9sidus accumul\u00e9s. Ce shampoing clarifiant pr\u00e9pare les cheveux aux traitements comme le lissage progressif, en les laissant propres et exempts de tout r\u00e9sidu susceptible d&#039;interf\u00e9rer avec le processus.\" \/>\n<meta property=\"og:url\" content=\"https:\/\/www.brazilcarestore.com\/fr\/product\/brscience-fr\/brscience-amazon-forest-shampoing-pre-progressif-1l\/\" \/>\n<meta property=\"og:site_name\" content=\"Brazil Care Store\" \/>\n<meta property=\"article:publisher\" content=\"https:\/\/www.facebook.com\/brazilcarestore\" \/>\n<meta property=\"article:modified_time\" content=\"2025-04-10T18:00:46+00:00\" \/>\n<meta property=\"og:image\" content=\"https:\/\/i0.wp.com\/www.brazilcarestore.com\/wp-content\/uploads\/2025\/04\/AmazonForest_Shampoo_Pre_Progressiva1l_01_700x.jpg?fit=700%2C700&ssl=1\" \/>\n\t<meta property=\"og:image:width\" content=\"700\" \/>\n\t<meta property=\"og:image:height\" content=\"700\" \/>\n\t<meta property=\"og:image:type\" content=\"image\/jpeg\" \/>\n<meta name=\"twitter:card\" content=\"summary_large_image\" \/>\n<meta name=\"twitter:label1\" content=\"Dur\u00e9e de lecture estim\u00e9e\" \/>\n\t<meta name=\"twitter:data1\" content=\"2 minutes\" \/>\n<script type=\"application\/ld+json\" class=\"yoast-schema-graph\">{\"@context\":\"https:\/\/schema.org\",\"@graph\":[{\"@type\":\"WebPage\",\"@id\":\"https:\/\/www.brazilcarestore.com\/fr\/product\/brscience-fr\/brscience-amazon-forest-shampoing-pre-progressif-1l\/\",\"url\":\"https:\/\/www.brazilcarestore.com\/fr\/product\/brscience-fr\/brscience-amazon-forest-shampoing-pre-progressif-1l\/\",\"name\":\"BRScience Amazon Forest - Shampoing pr\u00e9-progressif 1L - Brazil Care Store\",\"isPartOf\":{\"@id\":\"https:\/\/www.brazilcarestore.com\/fr\/#website\"},\"primaryImageOfPage\":{\"@id\":\"https:\/\/www.brazilcarestore.com\/fr\/product\/brscience-fr\/brscience-amazon-forest-shampoing-pre-progressif-1l\/#primaryimage\"},\"image\":{\"@id\":\"https:\/\/www.brazilcarestore.com\/fr\/product\/brscience-fr\/brscience-amazon-forest-shampoing-pre-progressif-1l\/#primaryimage\"},\"thumbnailUrl\":\"https:\/\/i0.wp.com\/www.brazilcarestore.com\/wp-content\/uploads\/2025\/04\/AmazonForest_Shampoo_Pre_Progressiva1l_01_700x.jpg?fit=700%2C700&ssl=1\",\"datePublished\":\"2025-04-01T14:06:35+00:00\",\"dateModified\":\"2025-04-10T18:00:46+00:00\",\"breadcrumb\":{\"@id\":\"https:\/\/www.brazilcarestore.com\/fr\/product\/brscience-fr\/brscience-amazon-forest-shampoing-pre-progressif-1l\/#breadcrumb\"},\"inLanguage\":\"fr-FR\",\"potentialAction\":[{\"@type\":\"ReadAction\",\"target\":[\"https:\/\/www.brazilcarestore.com\/fr\/product\/brscience-fr\/brscience-amazon-forest-shampoing-pre-progressif-1l\/\"]}]},{\"@type\":\"ImageObject\",\"inLanguage\":\"fr-FR\",\"@id\":\"https:\/\/www.brazilcarestore.com\/fr\/product\/brscience-fr\/brscience-amazon-forest-shampoing-pre-progressif-1l\/#primaryimage\",\"url\":\"https:\/\/i0.wp.com\/www.brazilcarestore.com\/wp-content\/uploads\/2025\/04\/AmazonForest_Shampoo_Pre_Progressiva1l_01_700x.jpg?fit=700%2C700&ssl=1\",\"contentUrl\":\"https:\/\/i0.wp.com\/www.brazilcarestore.com\/wp-content\/uploads\/2025\/04\/AmazonForest_Shampoo_Pre_Progressiva1l_01_700x.jpg?fit=700%2C700&ssl=1\",\"width\":700,\"height\":700,\"caption\":\"BRScience Amazon Forest - Shampoing pr\u00e9-progressif 1L\"},{\"@type\":\"BreadcrumbList\",\"@id\":\"https:\/\/www.brazilcarestore.com\/fr\/product\/brscience-fr\/brscience-amazon-forest-shampoing-pre-progressif-1l\/#breadcrumb\",\"itemListElement\":[{\"@type\":\"ListItem\",\"position\":1,\"name\":\"Home\",\"item\":\"https:\/\/www.brazilcarestore.com\/fr\/\"},{\"@type\":\"ListItem\",\"position\":2,\"name\":\"Boutique\",\"item\":\"https:\/\/www.brazilcarestore.com\/fr\/boutique\/\"},{\"@type\":\"ListItem\",\"position\":3,\"name\":\"BRScience Amazon Forest &#8211; Shampoing pr\u00e9-progressif 1L\"}]},{\"@type\":\"WebSite\",\"@id\":\"https:\/\/www.brazilcarestore.com\/fr\/#website\",\"url\":\"https:\/\/www.brazilcarestore.com\/fr\/\",\"name\":\"Brazil Care Store\",\"description\":\"The way to Beauty\",\"publisher\":{\"@id\":\"https:\/\/www.brazilcarestore.com\/fr\/#organization\"},\"potentialAction\":[{\"@type\":\"SearchAction\",\"target\":{\"@type\":\"EntryPoint\",\"urlTemplate\":\"https:\/\/www.brazilcarestore.com\/fr\/?s={search_term_string}\"},\"query-input\":{\"@type\":\"PropertyValueSpecification\",\"valueRequired\":true,\"valueName\":\"search_term_string\"}}],\"inLanguage\":\"fr-FR\"},{\"@type\":\"Organization\",\"@id\":\"https:\/\/www.brazilcarestore.com\/fr\/#organization\",\"name\":\"Brazil Care Store\",\"url\":\"https:\/\/www.brazilcarestore.com\/fr\/\",\"logo\":{\"@type\":\"ImageObject\",\"inLanguage\":\"fr-FR\",\"@id\":\"https:\/\/www.brazilcarestore.com\/fr\/#\/schema\/logo\/image\/\",\"url\":\"https:\/\/i0.wp.com\/www.brazilcarestore.com\/wp-content\/uploads\/2024\/02\/Brazil-Care-Store.png?fit=350%2C369&ssl=1\",\"contentUrl\":\"https:\/\/i0.wp.com\/www.brazilcarestore.com\/wp-content\/uploads\/2024\/02\/Brazil-Care-Store.png?fit=350%2C369&ssl=1\",\"width\":350,\"height\":369,\"caption\":\"Brazil Care Store\"},\"image\":{\"@id\":\"https:\/\/www.brazilcarestore.com\/fr\/#\/schema\/logo\/image\/\"},\"sameAs\":[\"https:\/\/www.facebook.com\/brazilcarestore\",\"https:\/\/www.instagram.com\/brazilcarestore\",\"https:\/\/www.tiktok.com\/@brazilcarestore\"]}]}<\/script>\n<!-- \/ Yoast SEO plugin. -->","yoast_head_json":{"title":"BRScience Amazon Forest - Shampoing pr\u00e9-progressif 1L - Brazil Care Store","robots":{"index":"index","follow":"follow","max-snippet":"max-snippet:-1","max-image-preview":"max-image-preview:large","max-video-preview":"max-video-preview:-1"},"canonical":"https:\/\/www.brazilcarestore.com\/fr\/product\/brscience-fr\/brscience-amazon-forest-shampoing-pre-progressif-1l\/","og_locale":"fr_FR","og_type":"article","og_title":"BRScience Amazon Forest - Shampoing pr\u00e9-progressif 1L - Brazil Care Store","og_description":"Le shampoing pr\u00e9-progressif Amazon Forest a \u00e9t\u00e9 d\u00e9velopp\u00e9 avec une technologie de pointe et des ingr\u00e9dients nobles, comme les huiles essentielles d'Amazonie, pour nettoyer les cheveux en profondeur et \u00e9liminer les impuret\u00e9s et les r\u00e9sidus accumul\u00e9s. Ce shampoing clarifiant pr\u00e9pare les cheveux aux traitements comme le lissage progressif, en les laissant propres et exempts de tout r\u00e9sidu susceptible d'interf\u00e9rer avec le processus.","og_url":"https:\/\/www.brazilcarestore.com\/fr\/product\/brscience-fr\/brscience-amazon-forest-shampoing-pre-progressif-1l\/","og_site_name":"Brazil Care Store","article_publisher":"https:\/\/www.facebook.com\/brazilcarestore","article_modified_time":"2025-04-10T18:00:46+00:00","og_image":[{"width":700,"height":700,"url":"https:\/\/i0.wp.com\/www.brazilcarestore.com\/wp-content\/uploads\/2025\/04\/AmazonForest_Shampoo_Pre_Progressiva1l_01_700x.jpg?fit=700%2C700&ssl=1","type":"image\/jpeg"}],"twitter_card":"summary_large_image","twitter_misc":{"Dur\u00e9e de lecture estim\u00e9e":"2 minutes"},"schema":{"@context":"https:\/\/schema.org","@graph":[{"@type":"WebPage","@id":"https:\/\/www.brazilcarestore.com\/fr\/product\/brscience-fr\/brscience-amazon-forest-shampoing-pre-progressif-1l\/","url":"https:\/\/www.brazilcarestore.com\/fr\/product\/brscience-fr\/brscience-amazon-forest-shampoing-pre-progressif-1l\/","name":"BRScience Amazon Forest - Shampoing pr\u00e9-progressif 1L - Brazil Care Store","isPartOf":{"@id":"https:\/\/www.brazilcarestore.com\/fr\/#website"},"primaryImageOfPage":{"@id":"https:\/\/www.brazilcarestore.com\/fr\/product\/brscience-fr\/brscience-amazon-forest-shampoing-pre-progressif-1l\/#primaryimage"},"image":{"@id":"https:\/\/www.brazilcarestore.com\/fr\/product\/brscience-fr\/brscience-amazon-forest-shampoing-pre-progressif-1l\/#primaryimage"},"thumbnailUrl":"https:\/\/i0.wp.com\/www.brazilcarestore.com\/wp-content\/uploads\/2025\/04\/AmazonForest_Shampoo_Pre_Progressiva1l_01_700x.jpg?fit=700%2C700&ssl=1","datePublished":"2025-04-01T14:06:35+00:00","dateModified":"2025-04-10T18:00:46+00:00","breadcrumb":{"@id":"https:\/\/www.brazilcarestore.com\/fr\/product\/brscience-fr\/brscience-amazon-forest-shampoing-pre-progressif-1l\/#breadcrumb"},"inLanguage":"fr-FR","potentialAction":[{"@type":"ReadAction","target":["https:\/\/www.brazilcarestore.com\/fr\/product\/brscience-fr\/brscience-amazon-forest-shampoing-pre-progressif-1l\/"]}]},{"@type":"ImageObject","inLanguage":"fr-FR","@id":"https:\/\/www.brazilcarestore.com\/fr\/product\/brscience-fr\/brscience-amazon-forest-shampoing-pre-progressif-1l\/#primaryimage","url":"https:\/\/i0.wp.com\/www.brazilcarestore.com\/wp-content\/uploads\/2025\/04\/AmazonForest_Shampoo_Pre_Progressiva1l_01_700x.jpg?fit=700%2C700&ssl=1","contentUrl":"https:\/\/i0.wp.com\/www.brazilcarestore.com\/wp-content\/uploads\/2025\/04\/AmazonForest_Shampoo_Pre_Progressiva1l_01_700x.jpg?fit=700%2C700&ssl=1","width":700,"height":700,"caption":"BRScience Amazon Forest - Shampoing pr\u00e9-progressif 1L"},{"@type":"BreadcrumbList","@id":"https:\/\/www.brazilcarestore.com\/fr\/product\/brscience-fr\/brscience-amazon-forest-shampoing-pre-progressif-1l\/#breadcrumb","itemListElement":[{"@type":"ListItem","position":1,"name":"Home","item":"https:\/\/www.brazilcarestore.com\/fr\/"},{"@type":"ListItem","position":2,"name":"Boutique","item":"https:\/\/www.brazilcarestore.com\/fr\/boutique\/"},{"@type":"ListItem","position":3,"name":"BRScience Amazon Forest &#8211; Shampoing pr\u00e9-progressif 1L"}]},{"@type":"WebSite","@id":"https:\/\/www.brazilcarestore.com\/fr\/#website","url":"https:\/\/www.brazilcarestore.com\/fr\/","name":"Brazil Care Store","description":"The way to Beauty","publisher":{"@id":"https:\/\/www.brazilcarestore.com\/fr\/#organization"},"potentialAction":[{"@type":"SearchAction","target":{"@type":"EntryPoint","urlTemplate":"https:\/\/www.brazilcarestore.com\/fr\/?s={search_term_string}"},"query-input":{"@type":"PropertyValueSpecification","valueRequired":true,"valueName":"search_term_string"}}],"inLanguage":"fr-FR"},{"@type":"Organization","@id":"https:\/\/www.brazilcarestore.com\/fr\/#organization","name":"Brazil Care Store","url":"https:\/\/www.brazilcarestore.com\/fr\/","logo":{"@type":"ImageObject","inLanguage":"fr-FR","@id":"https:\/\/www.brazilcarestore.com\/fr\/#\/schema\/logo\/image\/","url":"https:\/\/i0.wp.com\/www.brazilcarestore.com\/wp-content\/uploads\/2024\/02\/Brazil-Care-Store.png?fit=350%2C369&ssl=1","contentUrl":"https:\/\/i0.wp.com\/www.brazilcarestore.com\/wp-content\/uploads\/2024\/02\/Brazil-Care-Store.png?fit=350%2C369&ssl=1","width":350,"height":369,"caption":"Brazil Care Store"},"image":{"@id":"https:\/\/www.brazilcarestore.com\/fr\/#\/schema\/logo\/image\/"},"sameAs":["https:\/\/www.facebook.com\/brazilcarestore","https:\/\/www.instagram.com\/brazilcarestore","https:\/\/www.tiktok.com\/@brazilcarestore"]}]}},"_links":{"self":[{"href":"https:\/\/www.brazilcarestore.com\/fr\/wp-json\/wp\/v2\/product\/2652","targetHints":{"allow":["GET"]}}],"collection":[{"href":"https:\/\/www.brazilcarestore.com\/fr\/wp-json\/wp\/v2\/product"}],"about":[{"href":"https:\/\/www.brazilcarestore.com\/fr\/wp-json\/wp\/v2\/types\/product"}],"wp:featuredmedia":[{"embeddable":true,"href":"https:\/\/www.brazilcarestore.com\/fr\/wp-json\/wp\/v2\/media\/2536"}],"wp:attachment":[{"href":"https:\/\/www.brazilcarestore.com\/fr\/wp-json\/wp\/v2\/media?parent=2652"}],"wp:term":[{"taxonomy":"product_brand","embeddable":true,"href":"https:\/\/www.brazilcarestore.com\/fr\/wp-json\/wp\/v2\/product_brand?post=2652"},{"taxonomy":"product_cat","embeddable":true,"href":"https:\/\/www.brazilcarestore.com\/fr\/wp-json\/wp\/v2\/product_cat?post=2652"},{"taxonomy":"product_tag","embeddable":true,"href":"https:\/\/www.brazilcarestore.com\/fr\/wp-json\/wp\/v2\/product_tag?post=2652"}],"curies":[{"name":"wp","href":"https:\/\/api.w.org\/{rel}","templated":true}]}}