{"id":2479,"date":"2024-07-07T10:33:23","date_gmt":"2024-07-07T13:33:23","guid":{"rendered":"https:\/\/www.brazilcarestore.com\/product\/non%20class\u00e9\/betta-semi-permant-hair-color-toner-150ml\/"},"modified":"2025-05-02T12:36:31","modified_gmt":"2025-05-02T15:36:31","slug":"betta-semi-permant-hair-color-toner-150ml","status":"publish","type":"product","link":"https:\/\/www.brazilcarestore.com\/fr\/product\/kamaleao-color-fr\/betta-semi-permant-hair-color-toner-150ml\/","title":{"rendered":"Betta Semi-Permant Hair Color Toner 150ml"},"content":{"rendered":"<p>A propos du produit :<\/p>\n<p>Sans ammoniaque<br \/>\nSans parab\u00e8nes ni peroxydes<br \/>\nVous pouvez m\u00e9langer avec d&rsquo;autres couleurs pour obtenir de nouvelles nuances<br \/>\nDilu\u00e9e avec notre cr\u00e8me multifonctionnelle Rainbow vous pouvez adoucir la couleur et obtenir des tons pastels<br \/>\nCouleur intense et vibrante<br \/>\nNe contient pas d&rsquo;aniline<br \/>\nDurabilit\u00e9 de 5 \u00e0 25 lavages (la dur\u00e9e varie en fonction des cheveux et de l&rsquo;entretien)<br \/>\nExtr\u00eamement hydratante<\/p>\n<p>Mode d&#8217;emploi :<br \/>\nSur cheveux propres (lav\u00e9s uniquement avec le Shampooing Anti-R\u00e9sidus Rainbow pour une meilleure absorption du produit) et secs, appliquez le Masque Pigmentaire Iguane et laissez-le agir pendant 30 \u00e0 40 minutes. Apr\u00e8s le temps d&rsquo;attente, rincez * uniquement \u00e0 l&rsquo;eau jusqu&rsquo;\u00e0 ce que l&rsquo;exc\u00e9dent soit \u00e9limin\u00e9. Terminez comme vous le souhaitez. Portez des gants lors de l&rsquo;application. Pour obtenir le meilleur r\u00e9sultat possible, vos cheveux doivent id\u00e9alement \u00eatre sur une base de 8 (blond clair) \u00e0 10 (blond clair).    <\/p>\n<p>Il peut \u00eatre utilis\u00e9 pur ou dilu\u00e9. Pour la dilution, nous vous recommandons d&rsquo;utiliser la cr\u00e8me diluante multifonctionnelle Arco \u00cdris. S&rsquo;il est appliqu\u00e9 pur sur les cheveux et que l&rsquo;exc\u00e8s de pigment n&rsquo;est pas \u00e9limin\u00e9 correctement, le pigment en exc\u00e8s peut tacher la peau.  <\/p>\n<p>* Nous vous recommandons de ne pas retirer le produit dans le bain, car il risque de tacher la peau.<\/p>\n","protected":false},"excerpt":{"rendered":"<p>Nous vous recommandons de ne pas retirer le produit dans le bain, car il risque de tacher la peau.<\/p>\n","protected":false},"featured_media":2083,"template":"","meta":[],"product_brand":[206],"product_cat":[123],"product_tag":[],"class_list":{"0":"post-2479","1":"product","2":"type-product","3":"status-publish","4":"has-post-thumbnail","6":"product_brand-kamaleao-color","7":"product_cat-kamaleao-color-fr","9":"first","10":"instock","11":"shipping-taxable","12":"purchasable","13":"product-type-simple"},"yoast_head":"<!-- This site is optimized with the Yoast SEO plugin v27.1.1 - https:\/\/yoast.com\/product\/yoast-seo-wordpress\/ -->\n<title>Betta Semi-Permant Hair Color Toner 150ml - Brazil Care Store<\/title>\n<meta name=\"description\" content=\"* Nous vous recommandons de ne pas retirer le produit dans le bain, car il risque de tacher la peau.\" \/>\n<meta name=\"robots\" content=\"index, follow, max-snippet:-1, max-image-preview:large, max-video-preview:-1\" \/>\n<link rel=\"canonical\" href=\"https:\/\/www.brazilcarestore.com\/fr\/product\/kamaleao-color-fr\/betta-semi-permant-hair-color-toner-150ml\/\" \/>\n<meta property=\"og:locale\" content=\"fr_FR\" \/>\n<meta property=\"og:type\" content=\"article\" \/>\n<meta property=\"og:title\" content=\"Betta Semi-Permant Hair Color Toner 150ml - Brazil Care Store\" \/>\n<meta property=\"og:description\" content=\"* Nous vous recommandons de ne pas retirer le produit dans le bain, car il risque de tacher la peau.\" \/>\n<meta property=\"og:url\" content=\"https:\/\/www.brazilcarestore.com\/fr\/product\/kamaleao-color-fr\/betta-semi-permant-hair-color-toner-150ml\/\" \/>\n<meta property=\"og:site_name\" content=\"Brazil Care Store\" \/>\n<meta property=\"article:publisher\" content=\"https:\/\/www.facebook.com\/brazilcarestore\" \/>\n<meta property=\"article:modified_time\" content=\"2025-05-02T15:36:31+00:00\" \/>\n<meta property=\"og:image\" content=\"https:\/\/i0.wp.com\/www.brazilcarestore.com\/wp-content\/uploads\/2024\/07\/Betta-Semi-Permant-Hair-Color-Toner-150ml.jpg?fit=1100%2C1100&ssl=1\" \/>\n\t<meta property=\"og:image:width\" content=\"1100\" \/>\n\t<meta property=\"og:image:height\" content=\"1100\" \/>\n\t<meta property=\"og:image:type\" content=\"image\/jpeg\" \/>\n<meta name=\"twitter:card\" content=\"summary_large_image\" \/>\n<meta name=\"twitter:label1\" content=\"Dur\u00e9e de lecture estim\u00e9e\" \/>\n\t<meta name=\"twitter:data1\" content=\"1 minute\" \/>\n<script type=\"application\/ld+json\" class=\"yoast-schema-graph\">{\"@context\":\"https:\/\/schema.org\",\"@graph\":[{\"@type\":\"WebPage\",\"@id\":\"https:\/\/www.brazilcarestore.com\/fr\/product\/kamaleao-color-fr\/betta-semi-permant-hair-color-toner-150ml\/\",\"url\":\"https:\/\/www.brazilcarestore.com\/fr\/product\/kamaleao-color-fr\/betta-semi-permant-hair-color-toner-150ml\/\",\"name\":\"Betta Semi-Permant Hair Color Toner 150ml - Brazil Care Store\",\"isPartOf\":{\"@id\":\"https:\/\/www.brazilcarestore.com\/fr\/#website\"},\"primaryImageOfPage\":{\"@id\":\"https:\/\/www.brazilcarestore.com\/fr\/product\/kamaleao-color-fr\/betta-semi-permant-hair-color-toner-150ml\/#primaryimage\"},\"image\":{\"@id\":\"https:\/\/www.brazilcarestore.com\/fr\/product\/kamaleao-color-fr\/betta-semi-permant-hair-color-toner-150ml\/#primaryimage\"},\"thumbnailUrl\":\"https:\/\/i0.wp.com\/www.brazilcarestore.com\/wp-content\/uploads\/2024\/07\/Betta-Semi-Permant-Hair-Color-Toner-150ml.jpg?fit=1100%2C1100&ssl=1\",\"datePublished\":\"2024-07-07T13:33:23+00:00\",\"dateModified\":\"2025-05-02T15:36:31+00:00\",\"description\":\"* Nous vous recommandons de ne pas retirer le produit dans le bain, car il risque de tacher la peau.\",\"breadcrumb\":{\"@id\":\"https:\/\/www.brazilcarestore.com\/fr\/product\/kamaleao-color-fr\/betta-semi-permant-hair-color-toner-150ml\/#breadcrumb\"},\"inLanguage\":\"fr-FR\",\"potentialAction\":[{\"@type\":\"ReadAction\",\"target\":[\"https:\/\/www.brazilcarestore.com\/fr\/product\/kamaleao-color-fr\/betta-semi-permant-hair-color-toner-150ml\/\"]}]},{\"@type\":\"ImageObject\",\"inLanguage\":\"fr-FR\",\"@id\":\"https:\/\/www.brazilcarestore.com\/fr\/product\/kamaleao-color-fr\/betta-semi-permant-hair-color-toner-150ml\/#primaryimage\",\"url\":\"https:\/\/i0.wp.com\/www.brazilcarestore.com\/wp-content\/uploads\/2024\/07\/Betta-Semi-Permant-Hair-Color-Toner-150ml.jpg?fit=1100%2C1100&ssl=1\",\"contentUrl\":\"https:\/\/i0.wp.com\/www.brazilcarestore.com\/wp-content\/uploads\/2024\/07\/Betta-Semi-Permant-Hair-Color-Toner-150ml.jpg?fit=1100%2C1100&ssl=1\",\"width\":1100,\"height\":1100},{\"@type\":\"BreadcrumbList\",\"@id\":\"https:\/\/www.brazilcarestore.com\/fr\/product\/kamaleao-color-fr\/betta-semi-permant-hair-color-toner-150ml\/#breadcrumb\",\"itemListElement\":[{\"@type\":\"ListItem\",\"position\":1,\"name\":\"Home\",\"item\":\"https:\/\/www.brazilcarestore.com\/fr\/\"},{\"@type\":\"ListItem\",\"position\":2,\"name\":\"Boutique\",\"item\":\"https:\/\/www.brazilcarestore.com\/fr\/boutique\/\"},{\"@type\":\"ListItem\",\"position\":3,\"name\":\"Betta Semi-Permant Hair Color Toner 150ml\"}]},{\"@type\":\"WebSite\",\"@id\":\"https:\/\/www.brazilcarestore.com\/fr\/#website\",\"url\":\"https:\/\/www.brazilcarestore.com\/fr\/\",\"name\":\"Brazil Care Store\",\"description\":\"The way to Beauty\",\"publisher\":{\"@id\":\"https:\/\/www.brazilcarestore.com\/fr\/#organization\"},\"potentialAction\":[{\"@type\":\"SearchAction\",\"target\":{\"@type\":\"EntryPoint\",\"urlTemplate\":\"https:\/\/www.brazilcarestore.com\/fr\/?s={search_term_string}\"},\"query-input\":{\"@type\":\"PropertyValueSpecification\",\"valueRequired\":true,\"valueName\":\"search_term_string\"}}],\"inLanguage\":\"fr-FR\"},{\"@type\":\"Organization\",\"@id\":\"https:\/\/www.brazilcarestore.com\/fr\/#organization\",\"name\":\"Brazil Care Store\",\"url\":\"https:\/\/www.brazilcarestore.com\/fr\/\",\"logo\":{\"@type\":\"ImageObject\",\"inLanguage\":\"fr-FR\",\"@id\":\"https:\/\/www.brazilcarestore.com\/fr\/#\/schema\/logo\/image\/\",\"url\":\"https:\/\/i0.wp.com\/www.brazilcarestore.com\/wp-content\/uploads\/2024\/02\/Brazil-Care-Store.png?fit=350%2C369&ssl=1\",\"contentUrl\":\"https:\/\/i0.wp.com\/www.brazilcarestore.com\/wp-content\/uploads\/2024\/02\/Brazil-Care-Store.png?fit=350%2C369&ssl=1\",\"width\":350,\"height\":369,\"caption\":\"Brazil Care Store\"},\"image\":{\"@id\":\"https:\/\/www.brazilcarestore.com\/fr\/#\/schema\/logo\/image\/\"},\"sameAs\":[\"https:\/\/www.facebook.com\/brazilcarestore\",\"https:\/\/www.instagram.com\/brazilcarestore\",\"https:\/\/www.tiktok.com\/@brazilcarestore\"]}]}<\/script>\n<!-- \/ Yoast SEO plugin. -->","yoast_head_json":{"title":"Betta Semi-Permant Hair Color Toner 150ml - Brazil Care Store","description":"* Nous vous recommandons de ne pas retirer le produit dans le bain, car il risque de tacher la peau.","robots":{"index":"index","follow":"follow","max-snippet":"max-snippet:-1","max-image-preview":"max-image-preview:large","max-video-preview":"max-video-preview:-1"},"canonical":"https:\/\/www.brazilcarestore.com\/fr\/product\/kamaleao-color-fr\/betta-semi-permant-hair-color-toner-150ml\/","og_locale":"fr_FR","og_type":"article","og_title":"Betta Semi-Permant Hair Color Toner 150ml - Brazil Care Store","og_description":"* Nous vous recommandons de ne pas retirer le produit dans le bain, car il risque de tacher la peau.","og_url":"https:\/\/www.brazilcarestore.com\/fr\/product\/kamaleao-color-fr\/betta-semi-permant-hair-color-toner-150ml\/","og_site_name":"Brazil Care Store","article_publisher":"https:\/\/www.facebook.com\/brazilcarestore","article_modified_time":"2025-05-02T15:36:31+00:00","og_image":[{"width":1100,"height":1100,"url":"https:\/\/i0.wp.com\/www.brazilcarestore.com\/wp-content\/uploads\/2024\/07\/Betta-Semi-Permant-Hair-Color-Toner-150ml.jpg?fit=1100%2C1100&ssl=1","type":"image\/jpeg"}],"twitter_card":"summary_large_image","twitter_misc":{"Dur\u00e9e de lecture estim\u00e9e":"1 minute"},"schema":{"@context":"https:\/\/schema.org","@graph":[{"@type":"WebPage","@id":"https:\/\/www.brazilcarestore.com\/fr\/product\/kamaleao-color-fr\/betta-semi-permant-hair-color-toner-150ml\/","url":"https:\/\/www.brazilcarestore.com\/fr\/product\/kamaleao-color-fr\/betta-semi-permant-hair-color-toner-150ml\/","name":"Betta Semi-Permant Hair Color Toner 150ml - Brazil Care Store","isPartOf":{"@id":"https:\/\/www.brazilcarestore.com\/fr\/#website"},"primaryImageOfPage":{"@id":"https:\/\/www.brazilcarestore.com\/fr\/product\/kamaleao-color-fr\/betta-semi-permant-hair-color-toner-150ml\/#primaryimage"},"image":{"@id":"https:\/\/www.brazilcarestore.com\/fr\/product\/kamaleao-color-fr\/betta-semi-permant-hair-color-toner-150ml\/#primaryimage"},"thumbnailUrl":"https:\/\/i0.wp.com\/www.brazilcarestore.com\/wp-content\/uploads\/2024\/07\/Betta-Semi-Permant-Hair-Color-Toner-150ml.jpg?fit=1100%2C1100&ssl=1","datePublished":"2024-07-07T13:33:23+00:00","dateModified":"2025-05-02T15:36:31+00:00","description":"* Nous vous recommandons de ne pas retirer le produit dans le bain, car il risque de tacher la peau.","breadcrumb":{"@id":"https:\/\/www.brazilcarestore.com\/fr\/product\/kamaleao-color-fr\/betta-semi-permant-hair-color-toner-150ml\/#breadcrumb"},"inLanguage":"fr-FR","potentialAction":[{"@type":"ReadAction","target":["https:\/\/www.brazilcarestore.com\/fr\/product\/kamaleao-color-fr\/betta-semi-permant-hair-color-toner-150ml\/"]}]},{"@type":"ImageObject","inLanguage":"fr-FR","@id":"https:\/\/www.brazilcarestore.com\/fr\/product\/kamaleao-color-fr\/betta-semi-permant-hair-color-toner-150ml\/#primaryimage","url":"https:\/\/i0.wp.com\/www.brazilcarestore.com\/wp-content\/uploads\/2024\/07\/Betta-Semi-Permant-Hair-Color-Toner-150ml.jpg?fit=1100%2C1100&ssl=1","contentUrl":"https:\/\/i0.wp.com\/www.brazilcarestore.com\/wp-content\/uploads\/2024\/07\/Betta-Semi-Permant-Hair-Color-Toner-150ml.jpg?fit=1100%2C1100&ssl=1","width":1100,"height":1100},{"@type":"BreadcrumbList","@id":"https:\/\/www.brazilcarestore.com\/fr\/product\/kamaleao-color-fr\/betta-semi-permant-hair-color-toner-150ml\/#breadcrumb","itemListElement":[{"@type":"ListItem","position":1,"name":"Home","item":"https:\/\/www.brazilcarestore.com\/fr\/"},{"@type":"ListItem","position":2,"name":"Boutique","item":"https:\/\/www.brazilcarestore.com\/fr\/boutique\/"},{"@type":"ListItem","position":3,"name":"Betta Semi-Permant Hair Color Toner 150ml"}]},{"@type":"WebSite","@id":"https:\/\/www.brazilcarestore.com\/fr\/#website","url":"https:\/\/www.brazilcarestore.com\/fr\/","name":"Brazil Care Store","description":"The way to Beauty","publisher":{"@id":"https:\/\/www.brazilcarestore.com\/fr\/#organization"},"potentialAction":[{"@type":"SearchAction","target":{"@type":"EntryPoint","urlTemplate":"https:\/\/www.brazilcarestore.com\/fr\/?s={search_term_string}"},"query-input":{"@type":"PropertyValueSpecification","valueRequired":true,"valueName":"search_term_string"}}],"inLanguage":"fr-FR"},{"@type":"Organization","@id":"https:\/\/www.brazilcarestore.com\/fr\/#organization","name":"Brazil Care Store","url":"https:\/\/www.brazilcarestore.com\/fr\/","logo":{"@type":"ImageObject","inLanguage":"fr-FR","@id":"https:\/\/www.brazilcarestore.com\/fr\/#\/schema\/logo\/image\/","url":"https:\/\/i0.wp.com\/www.brazilcarestore.com\/wp-content\/uploads\/2024\/02\/Brazil-Care-Store.png?fit=350%2C369&ssl=1","contentUrl":"https:\/\/i0.wp.com\/www.brazilcarestore.com\/wp-content\/uploads\/2024\/02\/Brazil-Care-Store.png?fit=350%2C369&ssl=1","width":350,"height":369,"caption":"Brazil Care Store"},"image":{"@id":"https:\/\/www.brazilcarestore.com\/fr\/#\/schema\/logo\/image\/"},"sameAs":["https:\/\/www.facebook.com\/brazilcarestore","https:\/\/www.instagram.com\/brazilcarestore","https:\/\/www.tiktok.com\/@brazilcarestore"]}]}},"_links":{"self":[{"href":"https:\/\/www.brazilcarestore.com\/fr\/wp-json\/wp\/v2\/product\/2479","targetHints":{"allow":["GET"]}}],"collection":[{"href":"https:\/\/www.brazilcarestore.com\/fr\/wp-json\/wp\/v2\/product"}],"about":[{"href":"https:\/\/www.brazilcarestore.com\/fr\/wp-json\/wp\/v2\/types\/product"}],"wp:featuredmedia":[{"embeddable":true,"href":"https:\/\/www.brazilcarestore.com\/fr\/wp-json\/wp\/v2\/media\/2083"}],"wp:attachment":[{"href":"https:\/\/www.brazilcarestore.com\/fr\/wp-json\/wp\/v2\/media?parent=2479"}],"wp:term":[{"taxonomy":"product_brand","embeddable":true,"href":"https:\/\/www.brazilcarestore.com\/fr\/wp-json\/wp\/v2\/product_brand?post=2479"},{"taxonomy":"product_cat","embeddable":true,"href":"https:\/\/www.brazilcarestore.com\/fr\/wp-json\/wp\/v2\/product_cat?post=2479"},{"taxonomy":"product_tag","embeddable":true,"href":"https:\/\/www.brazilcarestore.com\/fr\/wp-json\/wp\/v2\/product_tag?post=2479"}],"curies":[{"name":"wp","href":"https:\/\/api.w.org\/{rel}","templated":true}]}}