{"id":2476,"date":"2024-07-06T13:21:35","date_gmt":"2024-07-06T16:21:35","guid":{"rendered":"https:\/\/www.brazilcarestore.com\/product\/non class\u00e9\/organicplastia-fusion-frizz-100ml\/"},"modified":"2024-07-06T13:21:35","modified_gmt":"2024-07-06T16:21:35","slug":"organicplastia-fusion-frizz-100ml","status":"publish","type":"product","link":"https:\/\/www.brazilcarestore.com\/fr\/product\/brscience-fr\/traitement\/organicplastia-fusion-frizz-100ml\/","title":{"rendered":"Organicplastia Fusion Frizz 100ml"},"content":{"rendered":"<p id=\"tw-target-text\" class=\"tw-data-text tw-text-large tw-ta\" dir=\"ltr\" data-placeholder=\"Tradu\u00e7\u00e3o\" aria-label=\"Texto traduzido\" data-ved=\"2ahUKEwj0psCwx5KHAxXQrZUCHTguArMQ3ewLegQIBhAU\"><span class=\"Y2IQFc\" lang=\"en\">Fusion Frizz Organicplasty est un traitement multi-reconstructeur, d\u00e9velopp\u00e9 avec des Acides Organiques, de la K\u00e9ratine et des Prot\u00e9ines Nobles, son traitement adoucissant et progressif, donne la libert\u00e9 au coiffeur de cr\u00e9er et d&rsquo;effectuer diff\u00e9rents services dans son \u00e9tablissement, que ce soit l&rsquo;hydratation, la reconstruction ou le scellement. Mode d&#8217;emploi : 1 &#8211; Sur cheveux propres et secs, s\u00e9parez et divisez en plusieurs parties pour faciliter l&rsquo;application. 2 &#8211; A l&rsquo;aide d&rsquo;une brosse et d&rsquo;un peigne, commencez \u00e0 appliquer Fusion Frizz Organicplastia sur chaque m\u00e8che (en respectant toujours une distance de 1 centim\u00e8tre de la racine). 3 &#8211; Laissez agir pendant 10 \u00e0 50 minutes (selon la caract\u00e9ristique et l&rsquo;\u00e9paisseur du fil et le type de traitement choisi). 4 &#8211; Rincez ensuite vos cheveux \u00e0 l&rsquo;eau, en \u00e9liminant 100% du produit, \u00e0 ce stade les cheveux seront Nourris, Hydrat\u00e9s et Reconstruits. 5 &#8211; Optionnel Pour modifier la forme du fil, il sera n\u00e9cessaire d&rsquo;utiliser une source thermique pour finaliser et fixer la forme aux fils. Pour un r\u00e9sultat lisse et brillant, brossez bien et repassez \u00e0 une temp\u00e9rature allant jusqu&rsquo;\u00e0 215\u00b0C (passez sur chaque m\u00e8che au moins 10 fois). Pour adoucir les boucles, s\u00e9chez en modelant les m\u00e8ches \u00e0 l&rsquo;aide d&rsquo;un diffuseur et\/ou d&rsquo;un fer \u00e0 friser. Composition : Aqua, Methylchloroisothiazolinone, Disodium EDTA, Proprylene Glycol, Cetearyl Alcohol, Cetyl Alcohol, Behentrimonium Methosulfate, BHT, Glycine Soja Oil, Cetrimonium Chloride, Hydrolyzed Keratin, Cyclopentasiloxane, Dimethicone, Amynopropyl Phenyl Trimethicone, Phenyl Trimethicone, Hydrolyzed Silk, Parfum, Hexyl Cinnamal, Benzyl Salicylate, Citric Acid. Pr\u00e9cautions : Conservez le produit dans un endroit frais, \u00e0 l&rsquo;abri de la lumi\u00e8re directe du soleil et hors de port\u00e9e des enfants et des animaux.         <\/span><\/p>\n","protected":false},"excerpt":{"rendered":"<pre id=\"tw-target-text\" class=\"tw-data-text tw-text-large tw-ta\" dir=\"ltr\" data-placeholder=\"Tradu\u00e7\u00e3o\" aria-label=\"Texto traduzido\" data-ved=\"2ahUKEwj0psCwx5KHAxXQrZUCHTguArMQ3ewLegQIBhAU\"><span class=\"Y2IQFc\" lang=\"en\">Fusion Frizz Organicplasty is a multi-reconstructive treatment, developed with Organic Acids, Keratin and Noble Proteins, its softening and progressive treatment, provides freedom for the hairdresser to create and execute various services in their establishment, whether hydrating, reconstructing or sealing.<\/span><\/pre>\n","protected":false},"featured_media":1987,"template":"","meta":[],"product_brand":[],"product_cat":[150,151],"product_tag":[],"class_list":{"0":"post-2476","1":"product","2":"type-product","3":"status-publish","4":"has-post-thumbnail","6":"product_cat-brscience-fr","7":"product_cat-traitement","8":"product_shipping_class-leves-ate-499","10":"first","11":"instock","12":"shipping-taxable","13":"purchasable","14":"product-type-simple"},"yoast_head":"<!-- This site is optimized with the Yoast SEO plugin v27.1.1 - https:\/\/yoast.com\/product\/yoast-seo-wordpress\/ -->\n<title>Organicplastia Fusion Frizz 100ml - Brazil Care Store<\/title>\n<meta name=\"description\" content=\"Fusion Frizz Organicplasty est un traitement multi-reconstructeur, d\u00e9velopp\u00e9 avec des Acides Organiques, de la K\u00e9ratine et des Prot\u00e9ines Nobles, son traitement adoucissant et progressif, donne la libert\u00e9 au coiffeur de cr\u00e9er et d&#039;ex\u00e9cuter diff\u00e9rents services dans leur \u00e9tablissement, que ce soit l&#039;hydratation, la reconstruction ou le scellement.\" \/>\n<meta name=\"robots\" content=\"index, follow, max-snippet:-1, max-image-preview:large, max-video-preview:-1\" \/>\n<link rel=\"canonical\" href=\"https:\/\/www.brazilcarestore.com\/fr\/product\/brscience-fr\/traitement\/organicplastia-fusion-frizz-100ml\/\" \/>\n<meta property=\"og:locale\" content=\"fr_FR\" \/>\n<meta property=\"og:type\" content=\"article\" \/>\n<meta property=\"og:title\" content=\"Organicplastia Fusion Frizz 100ml - Brazil Care Store\" \/>\n<meta property=\"og:description\" content=\"Fusion Frizz Organicplasty est un traitement multi-reconstructeur, d\u00e9velopp\u00e9 avec des Acides Organiques, de la K\u00e9ratine et des Prot\u00e9ines Nobles, son traitement adoucissant et progressif, donne la libert\u00e9 au coiffeur de cr\u00e9er et d&#039;ex\u00e9cuter diff\u00e9rents services dans leur \u00e9tablissement, que ce soit l&#039;hydratation, la reconstruction ou le scellement.\" \/>\n<meta property=\"og:url\" content=\"https:\/\/www.brazilcarestore.com\/fr\/product\/brscience-fr\/traitement\/organicplastia-fusion-frizz-100ml\/\" \/>\n<meta property=\"og:site_name\" content=\"Brazil Care Store\" \/>\n<meta property=\"article:publisher\" content=\"https:\/\/www.facebook.com\/brazilcarestore\" \/>\n<meta property=\"og:image\" content=\"https:\/\/i0.wp.com\/www.brazilcarestore.com\/wp-content\/uploads\/2024\/07\/Organicplastia-100ml-A.jpg?fit=1080%2C1080&ssl=1\" \/>\n\t<meta property=\"og:image:width\" content=\"1080\" \/>\n\t<meta property=\"og:image:height\" content=\"1080\" \/>\n\t<meta property=\"og:image:type\" content=\"image\/jpeg\" \/>\n<meta name=\"twitter:card\" content=\"summary_large_image\" \/>\n<meta name=\"twitter:label1\" content=\"Dur\u00e9e de lecture estim\u00e9e\" \/>\n\t<meta name=\"twitter:data1\" content=\"1 minute\" \/>\n<script type=\"application\/ld+json\" class=\"yoast-schema-graph\">{\"@context\":\"https:\/\/schema.org\",\"@graph\":[{\"@type\":\"WebPage\",\"@id\":\"https:\/\/www.brazilcarestore.com\/fr\/product\/brscience-fr\/traitement\/organicplastia-fusion-frizz-100ml\/\",\"url\":\"https:\/\/www.brazilcarestore.com\/fr\/product\/brscience-fr\/traitement\/organicplastia-fusion-frizz-100ml\/\",\"name\":\"Organicplastia Fusion Frizz 100ml - Brazil Care Store\",\"isPartOf\":{\"@id\":\"https:\/\/www.brazilcarestore.com\/fr\/#website\"},\"primaryImageOfPage\":{\"@id\":\"https:\/\/www.brazilcarestore.com\/fr\/product\/brscience-fr\/traitement\/organicplastia-fusion-frizz-100ml\/#primaryimage\"},\"image\":{\"@id\":\"https:\/\/www.brazilcarestore.com\/fr\/product\/brscience-fr\/traitement\/organicplastia-fusion-frizz-100ml\/#primaryimage\"},\"thumbnailUrl\":\"https:\/\/i0.wp.com\/www.brazilcarestore.com\/wp-content\/uploads\/2024\/07\/Organicplastia-100ml-A.jpg?fit=1080%2C1080&ssl=1\",\"datePublished\":\"2024-07-06T16:21:35+00:00\",\"description\":\"Fusion Frizz Organicplasty est un traitement multi-reconstructeur, d\u00e9velopp\u00e9 avec des Acides Organiques, de la K\u00e9ratine et des Prot\u00e9ines Nobles, son traitement adoucissant et progressif, donne la libert\u00e9 au coiffeur de cr\u00e9er et d'ex\u00e9cuter diff\u00e9rents services dans leur \u00e9tablissement, que ce soit l'hydratation, la reconstruction ou le scellement.\",\"breadcrumb\":{\"@id\":\"https:\/\/www.brazilcarestore.com\/fr\/product\/brscience-fr\/traitement\/organicplastia-fusion-frizz-100ml\/#breadcrumb\"},\"inLanguage\":\"fr-FR\",\"potentialAction\":[{\"@type\":\"ReadAction\",\"target\":[\"https:\/\/www.brazilcarestore.com\/fr\/product\/brscience-fr\/traitement\/organicplastia-fusion-frizz-100ml\/\"]}]},{\"@type\":\"ImageObject\",\"inLanguage\":\"fr-FR\",\"@id\":\"https:\/\/www.brazilcarestore.com\/fr\/product\/brscience-fr\/traitement\/organicplastia-fusion-frizz-100ml\/#primaryimage\",\"url\":\"https:\/\/i0.wp.com\/www.brazilcarestore.com\/wp-content\/uploads\/2024\/07\/Organicplastia-100ml-A.jpg?fit=1080%2C1080&ssl=1\",\"contentUrl\":\"https:\/\/i0.wp.com\/www.brazilcarestore.com\/wp-content\/uploads\/2024\/07\/Organicplastia-100ml-A.jpg?fit=1080%2C1080&ssl=1\",\"width\":1080,\"height\":1080},{\"@type\":\"BreadcrumbList\",\"@id\":\"https:\/\/www.brazilcarestore.com\/fr\/product\/brscience-fr\/traitement\/organicplastia-fusion-frizz-100ml\/#breadcrumb\",\"itemListElement\":[{\"@type\":\"ListItem\",\"position\":1,\"name\":\"Home\",\"item\":\"https:\/\/www.brazilcarestore.com\/fr\/\"},{\"@type\":\"ListItem\",\"position\":2,\"name\":\"Boutique\",\"item\":\"https:\/\/www.brazilcarestore.com\/fr\/boutique\/\"},{\"@type\":\"ListItem\",\"position\":3,\"name\":\"Organicplastia Fusion Frizz 100ml\"}]},{\"@type\":\"WebSite\",\"@id\":\"https:\/\/www.brazilcarestore.com\/fr\/#website\",\"url\":\"https:\/\/www.brazilcarestore.com\/fr\/\",\"name\":\"Brazil Care Store\",\"description\":\"The way to Beauty\",\"publisher\":{\"@id\":\"https:\/\/www.brazilcarestore.com\/fr\/#organization\"},\"potentialAction\":[{\"@type\":\"SearchAction\",\"target\":{\"@type\":\"EntryPoint\",\"urlTemplate\":\"https:\/\/www.brazilcarestore.com\/fr\/?s={search_term_string}\"},\"query-input\":{\"@type\":\"PropertyValueSpecification\",\"valueRequired\":true,\"valueName\":\"search_term_string\"}}],\"inLanguage\":\"fr-FR\"},{\"@type\":\"Organization\",\"@id\":\"https:\/\/www.brazilcarestore.com\/fr\/#organization\",\"name\":\"Brazil Care Store\",\"url\":\"https:\/\/www.brazilcarestore.com\/fr\/\",\"logo\":{\"@type\":\"ImageObject\",\"inLanguage\":\"fr-FR\",\"@id\":\"https:\/\/www.brazilcarestore.com\/fr\/#\/schema\/logo\/image\/\",\"url\":\"https:\/\/i0.wp.com\/www.brazilcarestore.com\/wp-content\/uploads\/2024\/02\/Brazil-Care-Store.png?fit=350%2C369&ssl=1\",\"contentUrl\":\"https:\/\/i0.wp.com\/www.brazilcarestore.com\/wp-content\/uploads\/2024\/02\/Brazil-Care-Store.png?fit=350%2C369&ssl=1\",\"width\":350,\"height\":369,\"caption\":\"Brazil Care Store\"},\"image\":{\"@id\":\"https:\/\/www.brazilcarestore.com\/fr\/#\/schema\/logo\/image\/\"},\"sameAs\":[\"https:\/\/www.facebook.com\/brazilcarestore\",\"https:\/\/www.instagram.com\/brazilcarestore\",\"https:\/\/www.tiktok.com\/@brazilcarestore\"]}]}<\/script>\n<!-- \/ Yoast SEO plugin. -->","yoast_head_json":{"title":"Organicplastia Fusion Frizz 100ml - Brazil Care Store","description":"Fusion Frizz Organicplasty est un traitement multi-reconstructeur, d\u00e9velopp\u00e9 avec des Acides Organiques, de la K\u00e9ratine et des Prot\u00e9ines Nobles, son traitement adoucissant et progressif, donne la libert\u00e9 au coiffeur de cr\u00e9er et d'ex\u00e9cuter diff\u00e9rents services dans leur \u00e9tablissement, que ce soit l'hydratation, la reconstruction ou le scellement.","robots":{"index":"index","follow":"follow","max-snippet":"max-snippet:-1","max-image-preview":"max-image-preview:large","max-video-preview":"max-video-preview:-1"},"canonical":"https:\/\/www.brazilcarestore.com\/fr\/product\/brscience-fr\/traitement\/organicplastia-fusion-frizz-100ml\/","og_locale":"fr_FR","og_type":"article","og_title":"Organicplastia Fusion Frizz 100ml - Brazil Care Store","og_description":"Fusion Frizz Organicplasty est un traitement multi-reconstructeur, d\u00e9velopp\u00e9 avec des Acides Organiques, de la K\u00e9ratine et des Prot\u00e9ines Nobles, son traitement adoucissant et progressif, donne la libert\u00e9 au coiffeur de cr\u00e9er et d'ex\u00e9cuter diff\u00e9rents services dans leur \u00e9tablissement, que ce soit l'hydratation, la reconstruction ou le scellement.","og_url":"https:\/\/www.brazilcarestore.com\/fr\/product\/brscience-fr\/traitement\/organicplastia-fusion-frizz-100ml\/","og_site_name":"Brazil Care Store","article_publisher":"https:\/\/www.facebook.com\/brazilcarestore","og_image":[{"width":1080,"height":1080,"url":"https:\/\/i0.wp.com\/www.brazilcarestore.com\/wp-content\/uploads\/2024\/07\/Organicplastia-100ml-A.jpg?fit=1080%2C1080&ssl=1","type":"image\/jpeg"}],"twitter_card":"summary_large_image","twitter_misc":{"Dur\u00e9e de lecture estim\u00e9e":"1 minute"},"schema":{"@context":"https:\/\/schema.org","@graph":[{"@type":"WebPage","@id":"https:\/\/www.brazilcarestore.com\/fr\/product\/brscience-fr\/traitement\/organicplastia-fusion-frizz-100ml\/","url":"https:\/\/www.brazilcarestore.com\/fr\/product\/brscience-fr\/traitement\/organicplastia-fusion-frizz-100ml\/","name":"Organicplastia Fusion Frizz 100ml - Brazil Care Store","isPartOf":{"@id":"https:\/\/www.brazilcarestore.com\/fr\/#website"},"primaryImageOfPage":{"@id":"https:\/\/www.brazilcarestore.com\/fr\/product\/brscience-fr\/traitement\/organicplastia-fusion-frizz-100ml\/#primaryimage"},"image":{"@id":"https:\/\/www.brazilcarestore.com\/fr\/product\/brscience-fr\/traitement\/organicplastia-fusion-frizz-100ml\/#primaryimage"},"thumbnailUrl":"https:\/\/i0.wp.com\/www.brazilcarestore.com\/wp-content\/uploads\/2024\/07\/Organicplastia-100ml-A.jpg?fit=1080%2C1080&ssl=1","datePublished":"2024-07-06T16:21:35+00:00","description":"Fusion Frizz Organicplasty est un traitement multi-reconstructeur, d\u00e9velopp\u00e9 avec des Acides Organiques, de la K\u00e9ratine et des Prot\u00e9ines Nobles, son traitement adoucissant et progressif, donne la libert\u00e9 au coiffeur de cr\u00e9er et d'ex\u00e9cuter diff\u00e9rents services dans leur \u00e9tablissement, que ce soit l'hydratation, la reconstruction ou le scellement.","breadcrumb":{"@id":"https:\/\/www.brazilcarestore.com\/fr\/product\/brscience-fr\/traitement\/organicplastia-fusion-frizz-100ml\/#breadcrumb"},"inLanguage":"fr-FR","potentialAction":[{"@type":"ReadAction","target":["https:\/\/www.brazilcarestore.com\/fr\/product\/brscience-fr\/traitement\/organicplastia-fusion-frizz-100ml\/"]}]},{"@type":"ImageObject","inLanguage":"fr-FR","@id":"https:\/\/www.brazilcarestore.com\/fr\/product\/brscience-fr\/traitement\/organicplastia-fusion-frizz-100ml\/#primaryimage","url":"https:\/\/i0.wp.com\/www.brazilcarestore.com\/wp-content\/uploads\/2024\/07\/Organicplastia-100ml-A.jpg?fit=1080%2C1080&ssl=1","contentUrl":"https:\/\/i0.wp.com\/www.brazilcarestore.com\/wp-content\/uploads\/2024\/07\/Organicplastia-100ml-A.jpg?fit=1080%2C1080&ssl=1","width":1080,"height":1080},{"@type":"BreadcrumbList","@id":"https:\/\/www.brazilcarestore.com\/fr\/product\/brscience-fr\/traitement\/organicplastia-fusion-frizz-100ml\/#breadcrumb","itemListElement":[{"@type":"ListItem","position":1,"name":"Home","item":"https:\/\/www.brazilcarestore.com\/fr\/"},{"@type":"ListItem","position":2,"name":"Boutique","item":"https:\/\/www.brazilcarestore.com\/fr\/boutique\/"},{"@type":"ListItem","position":3,"name":"Organicplastia Fusion Frizz 100ml"}]},{"@type":"WebSite","@id":"https:\/\/www.brazilcarestore.com\/fr\/#website","url":"https:\/\/www.brazilcarestore.com\/fr\/","name":"Brazil Care Store","description":"The way to Beauty","publisher":{"@id":"https:\/\/www.brazilcarestore.com\/fr\/#organization"},"potentialAction":[{"@type":"SearchAction","target":{"@type":"EntryPoint","urlTemplate":"https:\/\/www.brazilcarestore.com\/fr\/?s={search_term_string}"},"query-input":{"@type":"PropertyValueSpecification","valueRequired":true,"valueName":"search_term_string"}}],"inLanguage":"fr-FR"},{"@type":"Organization","@id":"https:\/\/www.brazilcarestore.com\/fr\/#organization","name":"Brazil Care Store","url":"https:\/\/www.brazilcarestore.com\/fr\/","logo":{"@type":"ImageObject","inLanguage":"fr-FR","@id":"https:\/\/www.brazilcarestore.com\/fr\/#\/schema\/logo\/image\/","url":"https:\/\/i0.wp.com\/www.brazilcarestore.com\/wp-content\/uploads\/2024\/02\/Brazil-Care-Store.png?fit=350%2C369&ssl=1","contentUrl":"https:\/\/i0.wp.com\/www.brazilcarestore.com\/wp-content\/uploads\/2024\/02\/Brazil-Care-Store.png?fit=350%2C369&ssl=1","width":350,"height":369,"caption":"Brazil Care Store"},"image":{"@id":"https:\/\/www.brazilcarestore.com\/fr\/#\/schema\/logo\/image\/"},"sameAs":["https:\/\/www.facebook.com\/brazilcarestore","https:\/\/www.instagram.com\/brazilcarestore","https:\/\/www.tiktok.com\/@brazilcarestore"]}]}},"_links":{"self":[{"href":"https:\/\/www.brazilcarestore.com\/fr\/wp-json\/wp\/v2\/product\/2476","targetHints":{"allow":["GET"]}}],"collection":[{"href":"https:\/\/www.brazilcarestore.com\/fr\/wp-json\/wp\/v2\/product"}],"about":[{"href":"https:\/\/www.brazilcarestore.com\/fr\/wp-json\/wp\/v2\/types\/product"}],"wp:featuredmedia":[{"embeddable":true,"href":"https:\/\/www.brazilcarestore.com\/fr\/wp-json\/wp\/v2\/media\/1987"}],"wp:attachment":[{"href":"https:\/\/www.brazilcarestore.com\/fr\/wp-json\/wp\/v2\/media?parent=2476"}],"wp:term":[{"taxonomy":"product_brand","embeddable":true,"href":"https:\/\/www.brazilcarestore.com\/fr\/wp-json\/wp\/v2\/product_brand?post=2476"},{"taxonomy":"product_cat","embeddable":true,"href":"https:\/\/www.brazilcarestore.com\/fr\/wp-json\/wp\/v2\/product_cat?post=2476"},{"taxonomy":"product_tag","embeddable":true,"href":"https:\/\/www.brazilcarestore.com\/fr\/wp-json\/wp\/v2\/product_tag?post=2476"}],"curies":[{"name":"wp","href":"https:\/\/api.w.org\/{rel}","templated":true}]}}