{"id":2468,"date":"2024-07-06T13:16:33","date_gmt":"2024-07-06T16:16:33","guid":{"rendered":"https:\/\/www.brazilcarestore.com\/product\/non class\u00e9\/b-tox-recovery-smooth-fusion-frizz-250g\/"},"modified":"2024-07-06T13:16:33","modified_gmt":"2024-07-06T16:16:33","slug":"b-tox-recovery-smooth-fusion-frizz-250g","status":"publish","type":"product","link":"https:\/\/www.brazilcarestore.com\/fr\/product\/brscience-fr\/traitement\/b-tox-recovery-smooth-fusion-frizz-250g\/","title":{"rendered":"B.TOX Recovery Smooth Fusion Frizz 250g"},"content":{"rendered":"<p id=\"tw-target-text\" class=\"tw-data-text tw-text-large tw-ta\" dir=\"ltr\" data-placeholder=\"Tradu\u00e7\u00e3o\" aria-label=\"Texto traduzido\" data-ved=\"2ahUKEwj0psCwx5KHAxXQrZUCHTguArMQ3ewLegQIBhAU\"><span class=\"Y2IQFc\" lang=\"en\">Fusion Frizz Recovery Smooth est un traitement lissant et reconstruisant en profondeur pour les cheveux tr\u00e8s volumineux, poreux et ternes. Mode d&#8217;emploi : 1- Lavez vos cheveux avec un shampooing nettoyant en profondeur et rincez compl\u00e8tement. 2- S\u00e9chez jusqu&rsquo;\u00e0 \u00e9limination de l&rsquo;exc\u00e9dent d&rsquo;eau, s\u00e9parez les cheveux en plusieurs parties. 3- Appliquez le produit m\u00e8che \u00e0 m\u00e8che sans toucher les racines et r\u00e9partissez avec le peigne jusqu&rsquo;aux pointes. 4- Laissez agir 20 \u00e0 30 minutes sur les cheveux fins et jusqu&rsquo;\u00e0 45 minutes sur les cheveux \u00e9pais. 5- Rincez vos cheveux en \u00e9liminant l&rsquo;exc\u00e9dent de produit. 6- S\u00e9chez et lavez en fines m\u00e8ches 7 \u00e0 10 fois chaque m\u00e8che \u00e0 une temp\u00e9rature comprise entre 200\u00baC et 230\u00baC. 7- Laissez refroidir vos cheveux. Composition : Aqua, Phenoxyethanol, Latic Acid, Disodium EDTA, Propylene Glycol, Glycerin, Paraffinum Liquidum, BHT, Emblica Officinalis Fruit, Cocos Nucifera Oil, Butyrospermum Parkii Butter, Cetearyl Alcohol, Cetyl Alcohol, Stearamidopropyl Dimethylamine, Cetrimonium Chloride, PEG-12 Dimethicone, Cyclopentasiloxane, Argania Spinosa Kernel Oil, Glyoxylic Acid, Water (and) Polymnia Sonchifolia Root Juice (and) Xanthan Gum (and Citric Acid, Hydrolized Quinoa, Parfum, Hexyl Cinnamal, Benzy Salicylate. Pr\u00e9cautions : Conservez le produit dans un endroit frais, \u00e0 l&rsquo;abri de la lumi\u00e8re directe du soleil et hors de port\u00e9e des enfants et des animaux domestiques. Si vous \u00eates sensible ou allergique \u00e0 l&rsquo;un des composants de la formule, cessez de l&rsquo;utiliser. Usage externe.         <\/span><\/p>\n","protected":false},"excerpt":{"rendered":"<p>Fusion Frizz Recovery Smooth est un traitement lissant et reconstruisant en profondeur pour les cheveux tr\u00e8s volumineux, poreux et ternes.<\/p>\n","protected":false},"featured_media":1991,"template":"","meta":[],"product_brand":[],"product_cat":[150,151],"product_tag":[],"class_list":{"0":"post-2468","1":"product","2":"type-product","3":"status-publish","4":"has-post-thumbnail","6":"product_cat-brscience-fr","7":"product_cat-traitement","8":"product_shipping_class-leves-ate-499","10":"first","11":"instock","12":"shipping-taxable","13":"purchasable","14":"product-type-simple"},"yoast_head":"<!-- This site is optimized with the Yoast SEO plugin v27.1.1 - https:\/\/yoast.com\/product\/yoast-seo-wordpress\/ -->\n<title>B.TOX Recovery Smooth Fusion Frizz 250g - Brazil Care Store<\/title>\n<meta name=\"description\" content=\"Fusion Frizz Recovery Smooth est un traitement lissant et reconstruisant en profondeur pour les cheveux tr\u00e8s volumineux, poreux et ternes.\" \/>\n<meta name=\"robots\" content=\"index, follow, max-snippet:-1, max-image-preview:large, max-video-preview:-1\" \/>\n<link rel=\"canonical\" href=\"https:\/\/www.brazilcarestore.com\/fr\/product\/brscience-fr\/traitement\/b-tox-recovery-smooth-fusion-frizz-250g\/\" \/>\n<meta property=\"og:locale\" content=\"fr_FR\" \/>\n<meta property=\"og:type\" content=\"article\" \/>\n<meta property=\"og:title\" content=\"B.TOX Recovery Smooth Fusion Frizz 250g - Brazil Care Store\" \/>\n<meta property=\"og:description\" content=\"Fusion Frizz Recovery Smooth est un traitement lissant et reconstruisant en profondeur pour les cheveux tr\u00e8s volumineux, poreux et ternes.\" \/>\n<meta property=\"og:url\" content=\"https:\/\/www.brazilcarestore.com\/fr\/product\/brscience-fr\/traitement\/b-tox-recovery-smooth-fusion-frizz-250g\/\" \/>\n<meta property=\"og:site_name\" content=\"Brazil Care Store\" \/>\n<meta property=\"article:publisher\" content=\"https:\/\/www.facebook.com\/brazilcarestore\" \/>\n<meta property=\"og:image\" content=\"https:\/\/i0.wp.com\/www.brazilcarestore.com\/wp-content\/uploads\/2024\/07\/Recovery-Smooth-250g-A.jpg?fit=1080%2C1080&ssl=1\" \/>\n\t<meta property=\"og:image:width\" content=\"1080\" \/>\n\t<meta property=\"og:image:height\" content=\"1080\" \/>\n\t<meta property=\"og:image:type\" content=\"image\/jpeg\" \/>\n<meta name=\"twitter:card\" content=\"summary_large_image\" \/>\n<meta name=\"twitter:label1\" content=\"Dur\u00e9e de lecture estim\u00e9e\" \/>\n\t<meta name=\"twitter:data1\" content=\"1 minute\" \/>\n<script type=\"application\/ld+json\" class=\"yoast-schema-graph\">{\"@context\":\"https:\/\/schema.org\",\"@graph\":[{\"@type\":\"WebPage\",\"@id\":\"https:\/\/www.brazilcarestore.com\/fr\/product\/brscience-fr\/traitement\/b-tox-recovery-smooth-fusion-frizz-250g\/\",\"url\":\"https:\/\/www.brazilcarestore.com\/fr\/product\/brscience-fr\/traitement\/b-tox-recovery-smooth-fusion-frizz-250g\/\",\"name\":\"B.TOX Recovery Smooth Fusion Frizz 250g - Brazil Care Store\",\"isPartOf\":{\"@id\":\"https:\/\/www.brazilcarestore.com\/fr\/#website\"},\"primaryImageOfPage\":{\"@id\":\"https:\/\/www.brazilcarestore.com\/fr\/product\/brscience-fr\/traitement\/b-tox-recovery-smooth-fusion-frizz-250g\/#primaryimage\"},\"image\":{\"@id\":\"https:\/\/www.brazilcarestore.com\/fr\/product\/brscience-fr\/traitement\/b-tox-recovery-smooth-fusion-frizz-250g\/#primaryimage\"},\"thumbnailUrl\":\"https:\/\/i0.wp.com\/www.brazilcarestore.com\/wp-content\/uploads\/2024\/07\/Recovery-Smooth-250g-A.jpg?fit=1080%2C1080&ssl=1\",\"datePublished\":\"2024-07-06T16:16:33+00:00\",\"description\":\"Fusion Frizz Recovery Smooth est un traitement lissant et reconstruisant en profondeur pour les cheveux tr\u00e8s volumineux, poreux et ternes.\",\"breadcrumb\":{\"@id\":\"https:\/\/www.brazilcarestore.com\/fr\/product\/brscience-fr\/traitement\/b-tox-recovery-smooth-fusion-frizz-250g\/#breadcrumb\"},\"inLanguage\":\"fr-FR\",\"potentialAction\":[{\"@type\":\"ReadAction\",\"target\":[\"https:\/\/www.brazilcarestore.com\/fr\/product\/brscience-fr\/traitement\/b-tox-recovery-smooth-fusion-frizz-250g\/\"]}]},{\"@type\":\"ImageObject\",\"inLanguage\":\"fr-FR\",\"@id\":\"https:\/\/www.brazilcarestore.com\/fr\/product\/brscience-fr\/traitement\/b-tox-recovery-smooth-fusion-frizz-250g\/#primaryimage\",\"url\":\"https:\/\/i0.wp.com\/www.brazilcarestore.com\/wp-content\/uploads\/2024\/07\/Recovery-Smooth-250g-A.jpg?fit=1080%2C1080&ssl=1\",\"contentUrl\":\"https:\/\/i0.wp.com\/www.brazilcarestore.com\/wp-content\/uploads\/2024\/07\/Recovery-Smooth-250g-A.jpg?fit=1080%2C1080&ssl=1\",\"width\":1080,\"height\":1080},{\"@type\":\"BreadcrumbList\",\"@id\":\"https:\/\/www.brazilcarestore.com\/fr\/product\/brscience-fr\/traitement\/b-tox-recovery-smooth-fusion-frizz-250g\/#breadcrumb\",\"itemListElement\":[{\"@type\":\"ListItem\",\"position\":1,\"name\":\"Home\",\"item\":\"https:\/\/www.brazilcarestore.com\/fr\/\"},{\"@type\":\"ListItem\",\"position\":2,\"name\":\"Boutique\",\"item\":\"https:\/\/www.brazilcarestore.com\/fr\/boutique\/\"},{\"@type\":\"ListItem\",\"position\":3,\"name\":\"B.TOX Recovery Smooth Fusion Frizz 250g\"}]},{\"@type\":\"WebSite\",\"@id\":\"https:\/\/www.brazilcarestore.com\/fr\/#website\",\"url\":\"https:\/\/www.brazilcarestore.com\/fr\/\",\"name\":\"Brazil Care Store\",\"description\":\"The way to Beauty\",\"publisher\":{\"@id\":\"https:\/\/www.brazilcarestore.com\/fr\/#organization\"},\"potentialAction\":[{\"@type\":\"SearchAction\",\"target\":{\"@type\":\"EntryPoint\",\"urlTemplate\":\"https:\/\/www.brazilcarestore.com\/fr\/?s={search_term_string}\"},\"query-input\":{\"@type\":\"PropertyValueSpecification\",\"valueRequired\":true,\"valueName\":\"search_term_string\"}}],\"inLanguage\":\"fr-FR\"},{\"@type\":\"Organization\",\"@id\":\"https:\/\/www.brazilcarestore.com\/fr\/#organization\",\"name\":\"Brazil Care Store\",\"url\":\"https:\/\/www.brazilcarestore.com\/fr\/\",\"logo\":{\"@type\":\"ImageObject\",\"inLanguage\":\"fr-FR\",\"@id\":\"https:\/\/www.brazilcarestore.com\/fr\/#\/schema\/logo\/image\/\",\"url\":\"https:\/\/i0.wp.com\/www.brazilcarestore.com\/wp-content\/uploads\/2024\/02\/Brazil-Care-Store.png?fit=350%2C369&ssl=1\",\"contentUrl\":\"https:\/\/i0.wp.com\/www.brazilcarestore.com\/wp-content\/uploads\/2024\/02\/Brazil-Care-Store.png?fit=350%2C369&ssl=1\",\"width\":350,\"height\":369,\"caption\":\"Brazil Care Store\"},\"image\":{\"@id\":\"https:\/\/www.brazilcarestore.com\/fr\/#\/schema\/logo\/image\/\"},\"sameAs\":[\"https:\/\/www.facebook.com\/brazilcarestore\",\"https:\/\/www.instagram.com\/brazilcarestore\",\"https:\/\/www.tiktok.com\/@brazilcarestore\"]}]}<\/script>\n<!-- \/ Yoast SEO plugin. -->","yoast_head_json":{"title":"B.TOX Recovery Smooth Fusion Frizz 250g - Brazil Care Store","description":"Fusion Frizz Recovery Smooth est un traitement lissant et reconstruisant en profondeur pour les cheveux tr\u00e8s volumineux, poreux et ternes.","robots":{"index":"index","follow":"follow","max-snippet":"max-snippet:-1","max-image-preview":"max-image-preview:large","max-video-preview":"max-video-preview:-1"},"canonical":"https:\/\/www.brazilcarestore.com\/fr\/product\/brscience-fr\/traitement\/b-tox-recovery-smooth-fusion-frizz-250g\/","og_locale":"fr_FR","og_type":"article","og_title":"B.TOX Recovery Smooth Fusion Frizz 250g - Brazil Care Store","og_description":"Fusion Frizz Recovery Smooth est un traitement lissant et reconstruisant en profondeur pour les cheveux tr\u00e8s volumineux, poreux et ternes.","og_url":"https:\/\/www.brazilcarestore.com\/fr\/product\/brscience-fr\/traitement\/b-tox-recovery-smooth-fusion-frizz-250g\/","og_site_name":"Brazil Care Store","article_publisher":"https:\/\/www.facebook.com\/brazilcarestore","og_image":[{"width":1080,"height":1080,"url":"https:\/\/i0.wp.com\/www.brazilcarestore.com\/wp-content\/uploads\/2024\/07\/Recovery-Smooth-250g-A.jpg?fit=1080%2C1080&ssl=1","type":"image\/jpeg"}],"twitter_card":"summary_large_image","twitter_misc":{"Dur\u00e9e de lecture estim\u00e9e":"1 minute"},"schema":{"@context":"https:\/\/schema.org","@graph":[{"@type":"WebPage","@id":"https:\/\/www.brazilcarestore.com\/fr\/product\/brscience-fr\/traitement\/b-tox-recovery-smooth-fusion-frizz-250g\/","url":"https:\/\/www.brazilcarestore.com\/fr\/product\/brscience-fr\/traitement\/b-tox-recovery-smooth-fusion-frizz-250g\/","name":"B.TOX Recovery Smooth Fusion Frizz 250g - Brazil Care Store","isPartOf":{"@id":"https:\/\/www.brazilcarestore.com\/fr\/#website"},"primaryImageOfPage":{"@id":"https:\/\/www.brazilcarestore.com\/fr\/product\/brscience-fr\/traitement\/b-tox-recovery-smooth-fusion-frizz-250g\/#primaryimage"},"image":{"@id":"https:\/\/www.brazilcarestore.com\/fr\/product\/brscience-fr\/traitement\/b-tox-recovery-smooth-fusion-frizz-250g\/#primaryimage"},"thumbnailUrl":"https:\/\/i0.wp.com\/www.brazilcarestore.com\/wp-content\/uploads\/2024\/07\/Recovery-Smooth-250g-A.jpg?fit=1080%2C1080&ssl=1","datePublished":"2024-07-06T16:16:33+00:00","description":"Fusion Frizz Recovery Smooth est un traitement lissant et reconstruisant en profondeur pour les cheveux tr\u00e8s volumineux, poreux et ternes.","breadcrumb":{"@id":"https:\/\/www.brazilcarestore.com\/fr\/product\/brscience-fr\/traitement\/b-tox-recovery-smooth-fusion-frizz-250g\/#breadcrumb"},"inLanguage":"fr-FR","potentialAction":[{"@type":"ReadAction","target":["https:\/\/www.brazilcarestore.com\/fr\/product\/brscience-fr\/traitement\/b-tox-recovery-smooth-fusion-frizz-250g\/"]}]},{"@type":"ImageObject","inLanguage":"fr-FR","@id":"https:\/\/www.brazilcarestore.com\/fr\/product\/brscience-fr\/traitement\/b-tox-recovery-smooth-fusion-frizz-250g\/#primaryimage","url":"https:\/\/i0.wp.com\/www.brazilcarestore.com\/wp-content\/uploads\/2024\/07\/Recovery-Smooth-250g-A.jpg?fit=1080%2C1080&ssl=1","contentUrl":"https:\/\/i0.wp.com\/www.brazilcarestore.com\/wp-content\/uploads\/2024\/07\/Recovery-Smooth-250g-A.jpg?fit=1080%2C1080&ssl=1","width":1080,"height":1080},{"@type":"BreadcrumbList","@id":"https:\/\/www.brazilcarestore.com\/fr\/product\/brscience-fr\/traitement\/b-tox-recovery-smooth-fusion-frizz-250g\/#breadcrumb","itemListElement":[{"@type":"ListItem","position":1,"name":"Home","item":"https:\/\/www.brazilcarestore.com\/fr\/"},{"@type":"ListItem","position":2,"name":"Boutique","item":"https:\/\/www.brazilcarestore.com\/fr\/boutique\/"},{"@type":"ListItem","position":3,"name":"B.TOX Recovery Smooth Fusion Frizz 250g"}]},{"@type":"WebSite","@id":"https:\/\/www.brazilcarestore.com\/fr\/#website","url":"https:\/\/www.brazilcarestore.com\/fr\/","name":"Brazil Care Store","description":"The way to Beauty","publisher":{"@id":"https:\/\/www.brazilcarestore.com\/fr\/#organization"},"potentialAction":[{"@type":"SearchAction","target":{"@type":"EntryPoint","urlTemplate":"https:\/\/www.brazilcarestore.com\/fr\/?s={search_term_string}"},"query-input":{"@type":"PropertyValueSpecification","valueRequired":true,"valueName":"search_term_string"}}],"inLanguage":"fr-FR"},{"@type":"Organization","@id":"https:\/\/www.brazilcarestore.com\/fr\/#organization","name":"Brazil Care Store","url":"https:\/\/www.brazilcarestore.com\/fr\/","logo":{"@type":"ImageObject","inLanguage":"fr-FR","@id":"https:\/\/www.brazilcarestore.com\/fr\/#\/schema\/logo\/image\/","url":"https:\/\/i0.wp.com\/www.brazilcarestore.com\/wp-content\/uploads\/2024\/02\/Brazil-Care-Store.png?fit=350%2C369&ssl=1","contentUrl":"https:\/\/i0.wp.com\/www.brazilcarestore.com\/wp-content\/uploads\/2024\/02\/Brazil-Care-Store.png?fit=350%2C369&ssl=1","width":350,"height":369,"caption":"Brazil Care Store"},"image":{"@id":"https:\/\/www.brazilcarestore.com\/fr\/#\/schema\/logo\/image\/"},"sameAs":["https:\/\/www.facebook.com\/brazilcarestore","https:\/\/www.instagram.com\/brazilcarestore","https:\/\/www.tiktok.com\/@brazilcarestore"]}]}},"_links":{"self":[{"href":"https:\/\/www.brazilcarestore.com\/fr\/wp-json\/wp\/v2\/product\/2468","targetHints":{"allow":["GET"]}}],"collection":[{"href":"https:\/\/www.brazilcarestore.com\/fr\/wp-json\/wp\/v2\/product"}],"about":[{"href":"https:\/\/www.brazilcarestore.com\/fr\/wp-json\/wp\/v2\/types\/product"}],"wp:featuredmedia":[{"embeddable":true,"href":"https:\/\/www.brazilcarestore.com\/fr\/wp-json\/wp\/v2\/media\/1991"}],"wp:attachment":[{"href":"https:\/\/www.brazilcarestore.com\/fr\/wp-json\/wp\/v2\/media?parent=2468"}],"wp:term":[{"taxonomy":"product_brand","embeddable":true,"href":"https:\/\/www.brazilcarestore.com\/fr\/wp-json\/wp\/v2\/product_brand?post=2468"},{"taxonomy":"product_cat","embeddable":true,"href":"https:\/\/www.brazilcarestore.com\/fr\/wp-json\/wp\/v2\/product_cat?post=2468"},{"taxonomy":"product_tag","embeddable":true,"href":"https:\/\/www.brazilcarestore.com\/fr\/wp-json\/wp\/v2\/product_tag?post=2468"}],"curies":[{"name":"wp","href":"https:\/\/api.w.org\/{rel}","templated":true}]}}