{"id":2467,"date":"2024-07-06T12:56:09","date_gmt":"2024-07-06T15:56:09","guid":{"rendered":"https:\/\/www.brazilcarestore.com\/product\/non class\u00e9\/moisture-nutrition-fusion-frizz-500g\/"},"modified":"2024-07-06T12:56:09","modified_gmt":"2024-07-06T15:56:09","slug":"moisture-nutrition-fusion-frizz-500g","status":"publish","type":"product","link":"https:\/\/www.brazilcarestore.com\/fr\/product\/brscience-fr\/traitement\/moisture-nutrition-fusion-frizz-500g\/","title":{"rendered":"Moisture Nutrition Fusion Frizz 500g"},"content":{"rendered":"<p id=\"tw-target-text\" class=\"tw-data-text tw-text-large tw-ta\" dir=\"ltr\" data-placeholder=\"Tradu\u00e7\u00e3o\" aria-label=\"Texto traduzido\" data-ved=\"2ahUKEwj0psCwx5KHAxXQrZUCHTguArMQ3ewLegQIBhAU\"><span class=\"Y2IQFc\" lang=\"en\">Fusion Frizz Moisture Nutrition est un traitement \u00e0 effet web qui apporte force et vitalit\u00e9 aux cheveux, leur redonne de la brillance et de la douceur, tout en leur procurant une grande \u00e9mollience et une facilit\u00e9 de coiffage au moment de l&rsquo;application. Enrichi de plusieurs principes actifs r\u00e9g\u00e9n\u00e9rants et nourrissants, dont le tanin, la k\u00e9ratine et l&rsquo;huile de noix de coco, il laisse les cheveux nourris, soign\u00e9s et sains plus longtemps. MODE D&rsquo;EMPLOI : Sur cheveux propres et humides, appliquez sur toute la longueur des m\u00e8ches en massant la fibre capillaire et laissez agir pendant 10 \u00e0 15 minutes, rincez et terminez comme vous le souhaitez. ATTENTION : Conservez le produit dans un endroit frais, \u00e0 l&rsquo;abri de la lumi\u00e8re directe du soleil et hors de port\u00e9e des enfants et des animaux domestiques. Si vous \u00eates sensible ou allergique \u00e0 l&rsquo;un des composants de la formule, cessez de l&rsquo;utiliser. Usage externe. COMPOSITION : Aqua, Cetearyl Alcohol, Cetyl Alcohol, Astrocaryum Murumuru Seed Butter, Stearamidopropyl Dimethylamine, Lactic Acid, Cetrimonium Chloride, Cocos Nucifera Oil, Citric Acid, Persea Gratissima Oil, Euterpe Oleracea Fruit Oil, Hydrolyzed Keratin, Methylchloroisothiazolinone, Parfum, Glyceryl Isostearate, Vitis Vinifera Seed Oil,       <\/span><\/p>\n","protected":false},"excerpt":{"rendered":"<div id=\"tw-target-text-container\" class=\"tw-ta-container F0azHf tw-nfl\" tabindex=\"0\">\n<p id=\"tw-target-text\" class=\"tw-data-text tw-text-large tw-ta\" dir=\"ltr\" data-placeholder=\"Tradu\u00e7\u00e3o\" aria-label=\"Texto traduzido\" data-ved=\"2ahUKEwj0psCwx5KHAxXQrZUCHTguArMQ3ewLegQIBhAU\"><span class=\"Y2IQFc\" lang=\"en\">Fusion Frizz Moisture Nutrition est un traitement \u00e0 effet web qui apporte force et vitalit\u00e9 aux cheveux, leur redonnant brillance et douceur, tout en leur procurant une grande \u00e9mollience et une facilit\u00e9 de coiffage au moment de l&rsquo;application. Enrichi de plusieurs principes actifs r\u00e9g\u00e9n\u00e9rants <\/span><\/p>\n<\/div>\n<div id=\"tw-target-rmn-container\" class=\"tw-target-rmn tw-ta-container F0azHf tw-nfl\"><\/div>\n<div class=\"iYB33c\">\n<div class=\"dlJLJe\">\n<div data-cviv=\"false\" data-ved=\"2ahUKEwj0psCwx5KHAxXQrZUCHTguArMQz_AEegQIBhAV\">\n<div class=\"U9URNb\"><\/div>\n<\/div>\n<\/div>\n<div id=\"tw-tmenu\" class=\"tw-menu\"><\/div>\n<\/div>\n","protected":false},"featured_media":1981,"template":"","meta":[],"product_brand":[],"product_cat":[150,151],"product_tag":[],"class_list":{"0":"post-2467","1":"product","2":"type-product","3":"status-publish","4":"has-post-thumbnail","6":"product_cat-brscience-fr","7":"product_cat-traitement","8":"product_shipping_class-leves-ate-499","10":"first","11":"instock","12":"shipping-taxable","13":"purchasable","14":"product-type-simple"},"yoast_head":"<!-- This site is optimized with the Yoast SEO plugin v27.1.1 - https:\/\/yoast.com\/product\/yoast-seo-wordpress\/ -->\n<title>Moisture Nutrition Fusion Frizz 500g - Brazil Care Store<\/title>\n<meta name=\"description\" content=\"Fusion Frizz Moisture Nutrition est un traitement \u00e0 effet web qui apporte force et vitalit\u00e9 aux cheveux, leur redonnant brillance et douceur, tout en leur procurant une grande \u00e9mollience et une facilit\u00e9 de coiffage au moment de l&#039;application. Enrichi de plusieurs principes actifs r\u00e9g\u00e9n\u00e9rants\" \/>\n<meta name=\"robots\" content=\"index, follow, max-snippet:-1, max-image-preview:large, max-video-preview:-1\" \/>\n<link rel=\"canonical\" href=\"https:\/\/www.brazilcarestore.com\/fr\/product\/brscience-fr\/traitement\/moisture-nutrition-fusion-frizz-500g\/\" \/>\n<meta property=\"og:locale\" content=\"fr_FR\" \/>\n<meta property=\"og:type\" content=\"article\" \/>\n<meta property=\"og:title\" content=\"Moisture Nutrition Fusion Frizz 500g - Brazil Care Store\" \/>\n<meta property=\"og:description\" content=\"Fusion Frizz Moisture Nutrition est un traitement \u00e0 effet web qui apporte force et vitalit\u00e9 aux cheveux, leur redonnant brillance et douceur, tout en leur procurant une grande \u00e9mollience et une facilit\u00e9 de coiffage au moment de l&#039;application. Enrichi de plusieurs principes actifs r\u00e9g\u00e9n\u00e9rants\" \/>\n<meta property=\"og:url\" content=\"https:\/\/www.brazilcarestore.com\/fr\/product\/brscience-fr\/traitement\/moisture-nutrition-fusion-frizz-500g\/\" \/>\n<meta property=\"og:site_name\" content=\"Brazil Care Store\" \/>\n<meta property=\"article:publisher\" content=\"https:\/\/www.facebook.com\/brazilcarestore\" \/>\n<meta property=\"og:image\" content=\"https:\/\/i0.wp.com\/www.brazilcarestore.com\/wp-content\/uploads\/2024\/07\/Moisture-Nutrition-Fusion-Frizz-500g-A.jpg?fit=1080%2C1080&ssl=1\" \/>\n\t<meta property=\"og:image:width\" content=\"1080\" \/>\n\t<meta property=\"og:image:height\" content=\"1080\" \/>\n\t<meta property=\"og:image:type\" content=\"image\/jpeg\" \/>\n<meta name=\"twitter:card\" content=\"summary_large_image\" \/>\n<meta name=\"twitter:label1\" content=\"Dur\u00e9e de lecture estim\u00e9e\" \/>\n\t<meta name=\"twitter:data1\" content=\"1 minute\" \/>\n<script type=\"application\/ld+json\" class=\"yoast-schema-graph\">{\"@context\":\"https:\/\/schema.org\",\"@graph\":[{\"@type\":\"WebPage\",\"@id\":\"https:\/\/www.brazilcarestore.com\/fr\/product\/brscience-fr\/traitement\/moisture-nutrition-fusion-frizz-500g\/\",\"url\":\"https:\/\/www.brazilcarestore.com\/fr\/product\/brscience-fr\/traitement\/moisture-nutrition-fusion-frizz-500g\/\",\"name\":\"Moisture Nutrition Fusion Frizz 500g - Brazil Care Store\",\"isPartOf\":{\"@id\":\"https:\/\/www.brazilcarestore.com\/fr\/#website\"},\"primaryImageOfPage\":{\"@id\":\"https:\/\/www.brazilcarestore.com\/fr\/product\/brscience-fr\/traitement\/moisture-nutrition-fusion-frizz-500g\/#primaryimage\"},\"image\":{\"@id\":\"https:\/\/www.brazilcarestore.com\/fr\/product\/brscience-fr\/traitement\/moisture-nutrition-fusion-frizz-500g\/#primaryimage\"},\"thumbnailUrl\":\"https:\/\/i0.wp.com\/www.brazilcarestore.com\/wp-content\/uploads\/2024\/07\/Moisture-Nutrition-Fusion-Frizz-500g-A.jpg?fit=1080%2C1080&ssl=1\",\"datePublished\":\"2024-07-06T15:56:09+00:00\",\"description\":\"Fusion Frizz Moisture Nutrition est un traitement \u00e0 effet web qui apporte force et vitalit\u00e9 aux cheveux, leur redonnant brillance et douceur, tout en leur procurant une grande \u00e9mollience et une facilit\u00e9 de coiffage au moment de l'application. Enrichi de plusieurs principes actifs r\u00e9g\u00e9n\u00e9rants\",\"breadcrumb\":{\"@id\":\"https:\/\/www.brazilcarestore.com\/fr\/product\/brscience-fr\/traitement\/moisture-nutrition-fusion-frizz-500g\/#breadcrumb\"},\"inLanguage\":\"fr-FR\",\"potentialAction\":[{\"@type\":\"ReadAction\",\"target\":[\"https:\/\/www.brazilcarestore.com\/fr\/product\/brscience-fr\/traitement\/moisture-nutrition-fusion-frizz-500g\/\"]}]},{\"@type\":\"ImageObject\",\"inLanguage\":\"fr-FR\",\"@id\":\"https:\/\/www.brazilcarestore.com\/fr\/product\/brscience-fr\/traitement\/moisture-nutrition-fusion-frizz-500g\/#primaryimage\",\"url\":\"https:\/\/i0.wp.com\/www.brazilcarestore.com\/wp-content\/uploads\/2024\/07\/Moisture-Nutrition-Fusion-Frizz-500g-A.jpg?fit=1080%2C1080&ssl=1\",\"contentUrl\":\"https:\/\/i0.wp.com\/www.brazilcarestore.com\/wp-content\/uploads\/2024\/07\/Moisture-Nutrition-Fusion-Frizz-500g-A.jpg?fit=1080%2C1080&ssl=1\",\"width\":1080,\"height\":1080},{\"@type\":\"BreadcrumbList\",\"@id\":\"https:\/\/www.brazilcarestore.com\/fr\/product\/brscience-fr\/traitement\/moisture-nutrition-fusion-frizz-500g\/#breadcrumb\",\"itemListElement\":[{\"@type\":\"ListItem\",\"position\":1,\"name\":\"Home\",\"item\":\"https:\/\/www.brazilcarestore.com\/fr\/\"},{\"@type\":\"ListItem\",\"position\":2,\"name\":\"Boutique\",\"item\":\"https:\/\/www.brazilcarestore.com\/fr\/boutique\/\"},{\"@type\":\"ListItem\",\"position\":3,\"name\":\"Moisture Nutrition Fusion Frizz 500g\"}]},{\"@type\":\"WebSite\",\"@id\":\"https:\/\/www.brazilcarestore.com\/fr\/#website\",\"url\":\"https:\/\/www.brazilcarestore.com\/fr\/\",\"name\":\"Brazil Care Store\",\"description\":\"The way to Beauty\",\"publisher\":{\"@id\":\"https:\/\/www.brazilcarestore.com\/fr\/#organization\"},\"potentialAction\":[{\"@type\":\"SearchAction\",\"target\":{\"@type\":\"EntryPoint\",\"urlTemplate\":\"https:\/\/www.brazilcarestore.com\/fr\/?s={search_term_string}\"},\"query-input\":{\"@type\":\"PropertyValueSpecification\",\"valueRequired\":true,\"valueName\":\"search_term_string\"}}],\"inLanguage\":\"fr-FR\"},{\"@type\":\"Organization\",\"@id\":\"https:\/\/www.brazilcarestore.com\/fr\/#organization\",\"name\":\"Brazil Care Store\",\"url\":\"https:\/\/www.brazilcarestore.com\/fr\/\",\"logo\":{\"@type\":\"ImageObject\",\"inLanguage\":\"fr-FR\",\"@id\":\"https:\/\/www.brazilcarestore.com\/fr\/#\/schema\/logo\/image\/\",\"url\":\"https:\/\/i0.wp.com\/www.brazilcarestore.com\/wp-content\/uploads\/2024\/02\/Brazil-Care-Store.png?fit=350%2C369&ssl=1\",\"contentUrl\":\"https:\/\/i0.wp.com\/www.brazilcarestore.com\/wp-content\/uploads\/2024\/02\/Brazil-Care-Store.png?fit=350%2C369&ssl=1\",\"width\":350,\"height\":369,\"caption\":\"Brazil Care Store\"},\"image\":{\"@id\":\"https:\/\/www.brazilcarestore.com\/fr\/#\/schema\/logo\/image\/\"},\"sameAs\":[\"https:\/\/www.facebook.com\/brazilcarestore\",\"https:\/\/www.instagram.com\/brazilcarestore\",\"https:\/\/www.tiktok.com\/@brazilcarestore\"]}]}<\/script>\n<!-- \/ Yoast SEO plugin. -->","yoast_head_json":{"title":"Moisture Nutrition Fusion Frizz 500g - Brazil Care Store","description":"Fusion Frizz Moisture Nutrition est un traitement \u00e0 effet web qui apporte force et vitalit\u00e9 aux cheveux, leur redonnant brillance et douceur, tout en leur procurant une grande \u00e9mollience et une facilit\u00e9 de coiffage au moment de l'application. Enrichi de plusieurs principes actifs r\u00e9g\u00e9n\u00e9rants","robots":{"index":"index","follow":"follow","max-snippet":"max-snippet:-1","max-image-preview":"max-image-preview:large","max-video-preview":"max-video-preview:-1"},"canonical":"https:\/\/www.brazilcarestore.com\/fr\/product\/brscience-fr\/traitement\/moisture-nutrition-fusion-frizz-500g\/","og_locale":"fr_FR","og_type":"article","og_title":"Moisture Nutrition Fusion Frizz 500g - Brazil Care Store","og_description":"Fusion Frizz Moisture Nutrition est un traitement \u00e0 effet web qui apporte force et vitalit\u00e9 aux cheveux, leur redonnant brillance et douceur, tout en leur procurant une grande \u00e9mollience et une facilit\u00e9 de coiffage au moment de l'application. Enrichi de plusieurs principes actifs r\u00e9g\u00e9n\u00e9rants","og_url":"https:\/\/www.brazilcarestore.com\/fr\/product\/brscience-fr\/traitement\/moisture-nutrition-fusion-frizz-500g\/","og_site_name":"Brazil Care Store","article_publisher":"https:\/\/www.facebook.com\/brazilcarestore","og_image":[{"width":1080,"height":1080,"url":"https:\/\/i0.wp.com\/www.brazilcarestore.com\/wp-content\/uploads\/2024\/07\/Moisture-Nutrition-Fusion-Frizz-500g-A.jpg?fit=1080%2C1080&ssl=1","type":"image\/jpeg"}],"twitter_card":"summary_large_image","twitter_misc":{"Dur\u00e9e de lecture estim\u00e9e":"1 minute"},"schema":{"@context":"https:\/\/schema.org","@graph":[{"@type":"WebPage","@id":"https:\/\/www.brazilcarestore.com\/fr\/product\/brscience-fr\/traitement\/moisture-nutrition-fusion-frizz-500g\/","url":"https:\/\/www.brazilcarestore.com\/fr\/product\/brscience-fr\/traitement\/moisture-nutrition-fusion-frizz-500g\/","name":"Moisture Nutrition Fusion Frizz 500g - Brazil Care Store","isPartOf":{"@id":"https:\/\/www.brazilcarestore.com\/fr\/#website"},"primaryImageOfPage":{"@id":"https:\/\/www.brazilcarestore.com\/fr\/product\/brscience-fr\/traitement\/moisture-nutrition-fusion-frizz-500g\/#primaryimage"},"image":{"@id":"https:\/\/www.brazilcarestore.com\/fr\/product\/brscience-fr\/traitement\/moisture-nutrition-fusion-frizz-500g\/#primaryimage"},"thumbnailUrl":"https:\/\/i0.wp.com\/www.brazilcarestore.com\/wp-content\/uploads\/2024\/07\/Moisture-Nutrition-Fusion-Frizz-500g-A.jpg?fit=1080%2C1080&ssl=1","datePublished":"2024-07-06T15:56:09+00:00","description":"Fusion Frizz Moisture Nutrition est un traitement \u00e0 effet web qui apporte force et vitalit\u00e9 aux cheveux, leur redonnant brillance et douceur, tout en leur procurant une grande \u00e9mollience et une facilit\u00e9 de coiffage au moment de l'application. Enrichi de plusieurs principes actifs r\u00e9g\u00e9n\u00e9rants","breadcrumb":{"@id":"https:\/\/www.brazilcarestore.com\/fr\/product\/brscience-fr\/traitement\/moisture-nutrition-fusion-frizz-500g\/#breadcrumb"},"inLanguage":"fr-FR","potentialAction":[{"@type":"ReadAction","target":["https:\/\/www.brazilcarestore.com\/fr\/product\/brscience-fr\/traitement\/moisture-nutrition-fusion-frizz-500g\/"]}]},{"@type":"ImageObject","inLanguage":"fr-FR","@id":"https:\/\/www.brazilcarestore.com\/fr\/product\/brscience-fr\/traitement\/moisture-nutrition-fusion-frizz-500g\/#primaryimage","url":"https:\/\/i0.wp.com\/www.brazilcarestore.com\/wp-content\/uploads\/2024\/07\/Moisture-Nutrition-Fusion-Frizz-500g-A.jpg?fit=1080%2C1080&ssl=1","contentUrl":"https:\/\/i0.wp.com\/www.brazilcarestore.com\/wp-content\/uploads\/2024\/07\/Moisture-Nutrition-Fusion-Frizz-500g-A.jpg?fit=1080%2C1080&ssl=1","width":1080,"height":1080},{"@type":"BreadcrumbList","@id":"https:\/\/www.brazilcarestore.com\/fr\/product\/brscience-fr\/traitement\/moisture-nutrition-fusion-frizz-500g\/#breadcrumb","itemListElement":[{"@type":"ListItem","position":1,"name":"Home","item":"https:\/\/www.brazilcarestore.com\/fr\/"},{"@type":"ListItem","position":2,"name":"Boutique","item":"https:\/\/www.brazilcarestore.com\/fr\/boutique\/"},{"@type":"ListItem","position":3,"name":"Moisture Nutrition Fusion Frizz 500g"}]},{"@type":"WebSite","@id":"https:\/\/www.brazilcarestore.com\/fr\/#website","url":"https:\/\/www.brazilcarestore.com\/fr\/","name":"Brazil Care Store","description":"The way to Beauty","publisher":{"@id":"https:\/\/www.brazilcarestore.com\/fr\/#organization"},"potentialAction":[{"@type":"SearchAction","target":{"@type":"EntryPoint","urlTemplate":"https:\/\/www.brazilcarestore.com\/fr\/?s={search_term_string}"},"query-input":{"@type":"PropertyValueSpecification","valueRequired":true,"valueName":"search_term_string"}}],"inLanguage":"fr-FR"},{"@type":"Organization","@id":"https:\/\/www.brazilcarestore.com\/fr\/#organization","name":"Brazil Care Store","url":"https:\/\/www.brazilcarestore.com\/fr\/","logo":{"@type":"ImageObject","inLanguage":"fr-FR","@id":"https:\/\/www.brazilcarestore.com\/fr\/#\/schema\/logo\/image\/","url":"https:\/\/i0.wp.com\/www.brazilcarestore.com\/wp-content\/uploads\/2024\/02\/Brazil-Care-Store.png?fit=350%2C369&ssl=1","contentUrl":"https:\/\/i0.wp.com\/www.brazilcarestore.com\/wp-content\/uploads\/2024\/02\/Brazil-Care-Store.png?fit=350%2C369&ssl=1","width":350,"height":369,"caption":"Brazil Care Store"},"image":{"@id":"https:\/\/www.brazilcarestore.com\/fr\/#\/schema\/logo\/image\/"},"sameAs":["https:\/\/www.facebook.com\/brazilcarestore","https:\/\/www.instagram.com\/brazilcarestore","https:\/\/www.tiktok.com\/@brazilcarestore"]}]}},"_links":{"self":[{"href":"https:\/\/www.brazilcarestore.com\/fr\/wp-json\/wp\/v2\/product\/2467","targetHints":{"allow":["GET"]}}],"collection":[{"href":"https:\/\/www.brazilcarestore.com\/fr\/wp-json\/wp\/v2\/product"}],"about":[{"href":"https:\/\/www.brazilcarestore.com\/fr\/wp-json\/wp\/v2\/types\/product"}],"wp:featuredmedia":[{"embeddable":true,"href":"https:\/\/www.brazilcarestore.com\/fr\/wp-json\/wp\/v2\/media\/1981"}],"wp:attachment":[{"href":"https:\/\/www.brazilcarestore.com\/fr\/wp-json\/wp\/v2\/media?parent=2467"}],"wp:term":[{"taxonomy":"product_brand","embeddable":true,"href":"https:\/\/www.brazilcarestore.com\/fr\/wp-json\/wp\/v2\/product_brand?post=2467"},{"taxonomy":"product_cat","embeddable":true,"href":"https:\/\/www.brazilcarestore.com\/fr\/wp-json\/wp\/v2\/product_cat?post=2467"},{"taxonomy":"product_tag","embeddable":true,"href":"https:\/\/www.brazilcarestore.com\/fr\/wp-json\/wp\/v2\/product_tag?post=2467"}],"curies":[{"name":"wp","href":"https:\/\/api.w.org\/{rel}","templated":true}]}}