{"id":2461,"date":"2024-07-06T12:37:51","date_gmt":"2024-07-06T15:37:51","guid":{"rendered":"https:\/\/www.brazilcarestore.com\/product\/non class\u00e9\/miracle-recovery-250ml\/"},"modified":"2024-07-06T12:37:51","modified_gmt":"2024-07-06T15:37:51","slug":"miracle-recovery-250ml","status":"publish","type":"product","link":"https:\/\/www.brazilcarestore.com\/fr\/product\/brscience-fr\/traitement\/miracle-recovery-250ml\/","title":{"rendered":"Miracle Recovery 250ml"},"content":{"rendered":"<p id=\"tw-target-text\" class=\"tw-data-text tw-text-large tw-ta\" dir=\"ltr\" data-placeholder=\"Tradu\u00e7\u00e3o\" aria-label=\"Texto traduzido\" data-ved=\"2ahUKEwj0psCwx5KHAxXQrZUCHTguArMQ3ewLegQIBhAU\"><span class=\"Y2IQFc\" lang=\"en\">Le Miracle Recovery Reconstructor \u00e0 usage obligatoire est un fluide de traitement intensif qui r\u00e9cup\u00e8re les cheveux ab\u00eem\u00e9s. Il prot\u00e8ge les cheveux trait\u00e9s chimiquement, redonne de l&rsquo;\u00e9clat aux m\u00e8ches, reconstruit les cheveux d\u00e9vitalis\u00e9s, cassants et soumis \u00e0 l&rsquo;utilisation constante du s\u00e8che-cheveux et des fers plats. Il peut \u00e9galement \u00eatre utilis\u00e9 comme protecteur thermique de la brosse et du lisseur. Mode d&#8217;emploi : Vaporisez et r\u00e9partissez le Bio.Restore\u00ae Reconstructeur Miracle Recovery sur les longueurs et les pointes, toujours apr\u00e8s le Shampooing et avant l&rsquo;Apr\u00e8s-Shampooing ou le Masque de votre choix, massez et rincez. Miracle Recovery peut \u00e9galement \u00eatre utilis\u00e9 comme protecteur thermique avant le brushing et le lissage. Composition : Aqua, Dicetyldimonium Chloride, Stearamidopropy | Dimethylaminie, Parfum, Propylene Glycol, Cetearyl Alcohol, Glycerin, Bis- Cetearyl, Amodimethicone, PEG-40\/PPG-8 Melthylaminopropyl\/Hydroxypropyl Dimeticone Copolymer, Amodimeticone, Oleth-3, Beheritrimonium Menthosulfate, Citric Acid, Dipropylene Glycol, C11-15 Pareth -7, Cocos Nicifera Oil, Laureth-p. Triceth-12, Linalool, Phenoxyethanol, Hydroxycitronella, Limonene, Geraniol, Butyphenyl Methylpropional, Ceteareth-25, Ceteareth7, Benzyl Salicylate, Gardenia Tahitensis Flouwe Extract, Anginine HCI, Panthenol, Creatinine, Glycine, Hydrolized Corn Protein, Hydrolyzed Soy Protein, Hydrolyzed Wheat Protein, Proline, Serine, Acetyl Cysteine and Dmdm Hydantoin. Pr\u00e9cautions : Conservez le produit dans un endroit frais, \u00e0 l&rsquo;abri de la lumi\u00e8re directe du soleil et hors de port\u00e9e des enfants et des animaux domestiques. Si vous \u00eates sensible ou allergique \u00e0 l&rsquo;un des composants de la formule, cessez de l&rsquo;utiliser. Usage externe.         <\/span><\/p>\n<p>&nbsp;<\/p>\n","protected":false},"excerpt":{"rendered":"<p id=\"tw-target-text\" class=\"tw-data-text tw-text-large tw-ta\" dir=\"ltr\" data-placeholder=\"Tradu\u00e7\u00e3o\" aria-label=\"Texto traduzido\" data-ved=\"2ahUKEwj0psCwx5KHAxXQrZUCHTguArMQ3ewLegQIBhAU\"><span class=\"Y2IQFc\" lang=\"en\">Miracle Recovery Reconstructor Mandatory Use est un fluide de traitement intensif qui r\u00e9cup\u00e8re les cheveux ab\u00eem\u00e9s. Prot\u00e8ge les cheveux trait\u00e9s chimiquement, redonne de l&rsquo;\u00e9clat, reconstruit les cheveux d\u00e9vitalis\u00e9s et cassants qui utilisent constamment des s\u00e8che-cheveux et des lisseurs. Peut \u00e9galement \u00eatre utilis\u00e9 comme protecteur thermique de la brosse et du lisseur.  <\/span><\/p>\n","protected":false},"featured_media":1973,"template":"","meta":[],"product_brand":[],"product_cat":[150,151],"product_tag":[],"class_list":{"0":"post-2461","1":"product","2":"type-product","3":"status-publish","4":"has-post-thumbnail","6":"product_cat-brscience-fr","7":"product_cat-traitement","8":"product_shipping_class-leves-ate-499","10":"first","11":"instock","12":"shipping-taxable","13":"purchasable","14":"product-type-simple"},"yoast_head":"<!-- This site is optimized with the Yoast SEO plugin v27.1.1 - https:\/\/yoast.com\/product\/yoast-seo-wordpress\/ -->\n<title>Miracle Recovery 250ml - Brazil Care Store<\/title>\n<meta name=\"description\" content=\"Miracle Recovery Reconstructor Mandatory Use est un fluide de traitement intensif qui r\u00e9cup\u00e8re les cheveux ab\u00eem\u00e9s. Prot\u00e8ge les cheveux trait\u00e9s chimiquement, redonne de l&#039;\u00e9clat, reconstruit les cheveux d\u00e9vitalis\u00e9s et cassants qui utilisent constamment des s\u00e8che-cheveux et des lisseurs. Peut \u00e9galement \u00eatre utilis\u00e9 comme protecteur thermique de la brosse et du lisseur.\" \/>\n<meta name=\"robots\" content=\"index, follow, max-snippet:-1, max-image-preview:large, max-video-preview:-1\" \/>\n<link rel=\"canonical\" href=\"https:\/\/www.brazilcarestore.com\/fr\/product\/brscience-fr\/traitement\/miracle-recovery-250ml\/\" \/>\n<meta property=\"og:locale\" content=\"fr_FR\" \/>\n<meta property=\"og:type\" content=\"article\" \/>\n<meta property=\"og:title\" content=\"Miracle Recovery 250ml - Brazil Care Store\" \/>\n<meta property=\"og:description\" content=\"Miracle Recovery Reconstructor Mandatory Use est un fluide de traitement intensif qui r\u00e9cup\u00e8re les cheveux ab\u00eem\u00e9s. Prot\u00e8ge les cheveux trait\u00e9s chimiquement, redonne de l&#039;\u00e9clat, reconstruit les cheveux d\u00e9vitalis\u00e9s et cassants qui utilisent constamment des s\u00e8che-cheveux et des lisseurs. Peut \u00e9galement \u00eatre utilis\u00e9 comme protecteur thermique de la brosse et du lisseur.\" \/>\n<meta property=\"og:url\" content=\"https:\/\/www.brazilcarestore.com\/fr\/product\/brscience-fr\/traitement\/miracle-recovery-250ml\/\" \/>\n<meta property=\"og:site_name\" content=\"Brazil Care Store\" \/>\n<meta property=\"article:publisher\" content=\"https:\/\/www.facebook.com\/brazilcarestore\" \/>\n<meta property=\"og:image\" content=\"https:\/\/i0.wp.com\/www.brazilcarestore.com\/wp-content\/uploads\/2024\/07\/Miracle-recovery-250ml-A.jpg?fit=1080%2C1080&ssl=1\" \/>\n\t<meta property=\"og:image:width\" content=\"1080\" \/>\n\t<meta property=\"og:image:height\" content=\"1080\" \/>\n\t<meta property=\"og:image:type\" content=\"image\/jpeg\" \/>\n<meta name=\"twitter:card\" content=\"summary_large_image\" \/>\n<meta name=\"twitter:label1\" content=\"Dur\u00e9e de lecture estim\u00e9e\" \/>\n\t<meta name=\"twitter:data1\" content=\"1 minute\" \/>\n<script type=\"application\/ld+json\" class=\"yoast-schema-graph\">{\"@context\":\"https:\/\/schema.org\",\"@graph\":[{\"@type\":\"WebPage\",\"@id\":\"https:\/\/www.brazilcarestore.com\/fr\/product\/brscience-fr\/traitement\/miracle-recovery-250ml\/\",\"url\":\"https:\/\/www.brazilcarestore.com\/fr\/product\/brscience-fr\/traitement\/miracle-recovery-250ml\/\",\"name\":\"Miracle Recovery 250ml - Brazil Care Store\",\"isPartOf\":{\"@id\":\"https:\/\/www.brazilcarestore.com\/fr\/#website\"},\"primaryImageOfPage\":{\"@id\":\"https:\/\/www.brazilcarestore.com\/fr\/product\/brscience-fr\/traitement\/miracle-recovery-250ml\/#primaryimage\"},\"image\":{\"@id\":\"https:\/\/www.brazilcarestore.com\/fr\/product\/brscience-fr\/traitement\/miracle-recovery-250ml\/#primaryimage\"},\"thumbnailUrl\":\"https:\/\/i0.wp.com\/www.brazilcarestore.com\/wp-content\/uploads\/2024\/07\/Miracle-recovery-250ml-A.jpg?fit=1080%2C1080&ssl=1\",\"datePublished\":\"2024-07-06T15:37:51+00:00\",\"description\":\"Miracle Recovery Reconstructor Mandatory Use est un fluide de traitement intensif qui r\u00e9cup\u00e8re les cheveux ab\u00eem\u00e9s. Prot\u00e8ge les cheveux trait\u00e9s chimiquement, redonne de l'\u00e9clat, reconstruit les cheveux d\u00e9vitalis\u00e9s et cassants qui utilisent constamment des s\u00e8che-cheveux et des lisseurs. Peut \u00e9galement \u00eatre utilis\u00e9 comme protecteur thermique de la brosse et du lisseur.\",\"breadcrumb\":{\"@id\":\"https:\/\/www.brazilcarestore.com\/fr\/product\/brscience-fr\/traitement\/miracle-recovery-250ml\/#breadcrumb\"},\"inLanguage\":\"fr-FR\",\"potentialAction\":[{\"@type\":\"ReadAction\",\"target\":[\"https:\/\/www.brazilcarestore.com\/fr\/product\/brscience-fr\/traitement\/miracle-recovery-250ml\/\"]}]},{\"@type\":\"ImageObject\",\"inLanguage\":\"fr-FR\",\"@id\":\"https:\/\/www.brazilcarestore.com\/fr\/product\/brscience-fr\/traitement\/miracle-recovery-250ml\/#primaryimage\",\"url\":\"https:\/\/i0.wp.com\/www.brazilcarestore.com\/wp-content\/uploads\/2024\/07\/Miracle-recovery-250ml-A.jpg?fit=1080%2C1080&ssl=1\",\"contentUrl\":\"https:\/\/i0.wp.com\/www.brazilcarestore.com\/wp-content\/uploads\/2024\/07\/Miracle-recovery-250ml-A.jpg?fit=1080%2C1080&ssl=1\",\"width\":1080,\"height\":1080},{\"@type\":\"BreadcrumbList\",\"@id\":\"https:\/\/www.brazilcarestore.com\/fr\/product\/brscience-fr\/traitement\/miracle-recovery-250ml\/#breadcrumb\",\"itemListElement\":[{\"@type\":\"ListItem\",\"position\":1,\"name\":\"Home\",\"item\":\"https:\/\/www.brazilcarestore.com\/fr\/\"},{\"@type\":\"ListItem\",\"position\":2,\"name\":\"Boutique\",\"item\":\"https:\/\/www.brazilcarestore.com\/fr\/boutique\/\"},{\"@type\":\"ListItem\",\"position\":3,\"name\":\"Miracle Recovery 250ml\"}]},{\"@type\":\"WebSite\",\"@id\":\"https:\/\/www.brazilcarestore.com\/fr\/#website\",\"url\":\"https:\/\/www.brazilcarestore.com\/fr\/\",\"name\":\"Brazil Care Store\",\"description\":\"The way to Beauty\",\"publisher\":{\"@id\":\"https:\/\/www.brazilcarestore.com\/fr\/#organization\"},\"potentialAction\":[{\"@type\":\"SearchAction\",\"target\":{\"@type\":\"EntryPoint\",\"urlTemplate\":\"https:\/\/www.brazilcarestore.com\/fr\/?s={search_term_string}\"},\"query-input\":{\"@type\":\"PropertyValueSpecification\",\"valueRequired\":true,\"valueName\":\"search_term_string\"}}],\"inLanguage\":\"fr-FR\"},{\"@type\":\"Organization\",\"@id\":\"https:\/\/www.brazilcarestore.com\/fr\/#organization\",\"name\":\"Brazil Care Store\",\"url\":\"https:\/\/www.brazilcarestore.com\/fr\/\",\"logo\":{\"@type\":\"ImageObject\",\"inLanguage\":\"fr-FR\",\"@id\":\"https:\/\/www.brazilcarestore.com\/fr\/#\/schema\/logo\/image\/\",\"url\":\"https:\/\/i0.wp.com\/www.brazilcarestore.com\/wp-content\/uploads\/2024\/02\/Brazil-Care-Store.png?fit=350%2C369&ssl=1\",\"contentUrl\":\"https:\/\/i0.wp.com\/www.brazilcarestore.com\/wp-content\/uploads\/2024\/02\/Brazil-Care-Store.png?fit=350%2C369&ssl=1\",\"width\":350,\"height\":369,\"caption\":\"Brazil Care Store\"},\"image\":{\"@id\":\"https:\/\/www.brazilcarestore.com\/fr\/#\/schema\/logo\/image\/\"},\"sameAs\":[\"https:\/\/www.facebook.com\/brazilcarestore\",\"https:\/\/www.instagram.com\/brazilcarestore\",\"https:\/\/www.tiktok.com\/@brazilcarestore\"]}]}<\/script>\n<!-- \/ Yoast SEO plugin. -->","yoast_head_json":{"title":"Miracle Recovery 250ml - Brazil Care Store","description":"Miracle Recovery Reconstructor Mandatory Use est un fluide de traitement intensif qui r\u00e9cup\u00e8re les cheveux ab\u00eem\u00e9s. Prot\u00e8ge les cheveux trait\u00e9s chimiquement, redonne de l'\u00e9clat, reconstruit les cheveux d\u00e9vitalis\u00e9s et cassants qui utilisent constamment des s\u00e8che-cheveux et des lisseurs. Peut \u00e9galement \u00eatre utilis\u00e9 comme protecteur thermique de la brosse et du lisseur.","robots":{"index":"index","follow":"follow","max-snippet":"max-snippet:-1","max-image-preview":"max-image-preview:large","max-video-preview":"max-video-preview:-1"},"canonical":"https:\/\/www.brazilcarestore.com\/fr\/product\/brscience-fr\/traitement\/miracle-recovery-250ml\/","og_locale":"fr_FR","og_type":"article","og_title":"Miracle Recovery 250ml - Brazil Care Store","og_description":"Miracle Recovery Reconstructor Mandatory Use est un fluide de traitement intensif qui r\u00e9cup\u00e8re les cheveux ab\u00eem\u00e9s. Prot\u00e8ge les cheveux trait\u00e9s chimiquement, redonne de l'\u00e9clat, reconstruit les cheveux d\u00e9vitalis\u00e9s et cassants qui utilisent constamment des s\u00e8che-cheveux et des lisseurs. Peut \u00e9galement \u00eatre utilis\u00e9 comme protecteur thermique de la brosse et du lisseur.","og_url":"https:\/\/www.brazilcarestore.com\/fr\/product\/brscience-fr\/traitement\/miracle-recovery-250ml\/","og_site_name":"Brazil Care Store","article_publisher":"https:\/\/www.facebook.com\/brazilcarestore","og_image":[{"width":1080,"height":1080,"url":"https:\/\/i0.wp.com\/www.brazilcarestore.com\/wp-content\/uploads\/2024\/07\/Miracle-recovery-250ml-A.jpg?fit=1080%2C1080&ssl=1","type":"image\/jpeg"}],"twitter_card":"summary_large_image","twitter_misc":{"Dur\u00e9e de lecture estim\u00e9e":"1 minute"},"schema":{"@context":"https:\/\/schema.org","@graph":[{"@type":"WebPage","@id":"https:\/\/www.brazilcarestore.com\/fr\/product\/brscience-fr\/traitement\/miracle-recovery-250ml\/","url":"https:\/\/www.brazilcarestore.com\/fr\/product\/brscience-fr\/traitement\/miracle-recovery-250ml\/","name":"Miracle Recovery 250ml - Brazil Care Store","isPartOf":{"@id":"https:\/\/www.brazilcarestore.com\/fr\/#website"},"primaryImageOfPage":{"@id":"https:\/\/www.brazilcarestore.com\/fr\/product\/brscience-fr\/traitement\/miracle-recovery-250ml\/#primaryimage"},"image":{"@id":"https:\/\/www.brazilcarestore.com\/fr\/product\/brscience-fr\/traitement\/miracle-recovery-250ml\/#primaryimage"},"thumbnailUrl":"https:\/\/i0.wp.com\/www.brazilcarestore.com\/wp-content\/uploads\/2024\/07\/Miracle-recovery-250ml-A.jpg?fit=1080%2C1080&ssl=1","datePublished":"2024-07-06T15:37:51+00:00","description":"Miracle Recovery Reconstructor Mandatory Use est un fluide de traitement intensif qui r\u00e9cup\u00e8re les cheveux ab\u00eem\u00e9s. Prot\u00e8ge les cheveux trait\u00e9s chimiquement, redonne de l'\u00e9clat, reconstruit les cheveux d\u00e9vitalis\u00e9s et cassants qui utilisent constamment des s\u00e8che-cheveux et des lisseurs. Peut \u00e9galement \u00eatre utilis\u00e9 comme protecteur thermique de la brosse et du lisseur.","breadcrumb":{"@id":"https:\/\/www.brazilcarestore.com\/fr\/product\/brscience-fr\/traitement\/miracle-recovery-250ml\/#breadcrumb"},"inLanguage":"fr-FR","potentialAction":[{"@type":"ReadAction","target":["https:\/\/www.brazilcarestore.com\/fr\/product\/brscience-fr\/traitement\/miracle-recovery-250ml\/"]}]},{"@type":"ImageObject","inLanguage":"fr-FR","@id":"https:\/\/www.brazilcarestore.com\/fr\/product\/brscience-fr\/traitement\/miracle-recovery-250ml\/#primaryimage","url":"https:\/\/i0.wp.com\/www.brazilcarestore.com\/wp-content\/uploads\/2024\/07\/Miracle-recovery-250ml-A.jpg?fit=1080%2C1080&ssl=1","contentUrl":"https:\/\/i0.wp.com\/www.brazilcarestore.com\/wp-content\/uploads\/2024\/07\/Miracle-recovery-250ml-A.jpg?fit=1080%2C1080&ssl=1","width":1080,"height":1080},{"@type":"BreadcrumbList","@id":"https:\/\/www.brazilcarestore.com\/fr\/product\/brscience-fr\/traitement\/miracle-recovery-250ml\/#breadcrumb","itemListElement":[{"@type":"ListItem","position":1,"name":"Home","item":"https:\/\/www.brazilcarestore.com\/fr\/"},{"@type":"ListItem","position":2,"name":"Boutique","item":"https:\/\/www.brazilcarestore.com\/fr\/boutique\/"},{"@type":"ListItem","position":3,"name":"Miracle Recovery 250ml"}]},{"@type":"WebSite","@id":"https:\/\/www.brazilcarestore.com\/fr\/#website","url":"https:\/\/www.brazilcarestore.com\/fr\/","name":"Brazil Care Store","description":"The way to Beauty","publisher":{"@id":"https:\/\/www.brazilcarestore.com\/fr\/#organization"},"potentialAction":[{"@type":"SearchAction","target":{"@type":"EntryPoint","urlTemplate":"https:\/\/www.brazilcarestore.com\/fr\/?s={search_term_string}"},"query-input":{"@type":"PropertyValueSpecification","valueRequired":true,"valueName":"search_term_string"}}],"inLanguage":"fr-FR"},{"@type":"Organization","@id":"https:\/\/www.brazilcarestore.com\/fr\/#organization","name":"Brazil Care Store","url":"https:\/\/www.brazilcarestore.com\/fr\/","logo":{"@type":"ImageObject","inLanguage":"fr-FR","@id":"https:\/\/www.brazilcarestore.com\/fr\/#\/schema\/logo\/image\/","url":"https:\/\/i0.wp.com\/www.brazilcarestore.com\/wp-content\/uploads\/2024\/02\/Brazil-Care-Store.png?fit=350%2C369&ssl=1","contentUrl":"https:\/\/i0.wp.com\/www.brazilcarestore.com\/wp-content\/uploads\/2024\/02\/Brazil-Care-Store.png?fit=350%2C369&ssl=1","width":350,"height":369,"caption":"Brazil Care Store"},"image":{"@id":"https:\/\/www.brazilcarestore.com\/fr\/#\/schema\/logo\/image\/"},"sameAs":["https:\/\/www.facebook.com\/brazilcarestore","https:\/\/www.instagram.com\/brazilcarestore","https:\/\/www.tiktok.com\/@brazilcarestore"]}]}},"_links":{"self":[{"href":"https:\/\/www.brazilcarestore.com\/fr\/wp-json\/wp\/v2\/product\/2461","targetHints":{"allow":["GET"]}}],"collection":[{"href":"https:\/\/www.brazilcarestore.com\/fr\/wp-json\/wp\/v2\/product"}],"about":[{"href":"https:\/\/www.brazilcarestore.com\/fr\/wp-json\/wp\/v2\/types\/product"}],"wp:featuredmedia":[{"embeddable":true,"href":"https:\/\/www.brazilcarestore.com\/fr\/wp-json\/wp\/v2\/media\/1973"}],"wp:attachment":[{"href":"https:\/\/www.brazilcarestore.com\/fr\/wp-json\/wp\/v2\/media?parent=2461"}],"wp:term":[{"taxonomy":"product_brand","embeddable":true,"href":"https:\/\/www.brazilcarestore.com\/fr\/wp-json\/wp\/v2\/product_brand?post=2461"},{"taxonomy":"product_cat","embeddable":true,"href":"https:\/\/www.brazilcarestore.com\/fr\/wp-json\/wp\/v2\/product_cat?post=2461"},{"taxonomy":"product_tag","embeddable":true,"href":"https:\/\/www.brazilcarestore.com\/fr\/wp-json\/wp\/v2\/product_tag?post=2461"}],"curies":[{"name":"wp","href":"https:\/\/api.w.org\/{rel}","templated":true}]}}