{"id":2458,"date":"2024-07-06T12:47:16","date_gmt":"2024-07-06T15:47:16","guid":{"rendered":"https:\/\/www.brazilcarestore.com\/product\/non class\u00e9\/moisture-hydratation-fusion-frizz-250g\/"},"modified":"2024-07-06T12:47:16","modified_gmt":"2024-07-06T15:47:16","slug":"moisture-hydratation-fusion-frizz-250g","status":"publish","type":"product","link":"https:\/\/www.brazilcarestore.com\/fr\/product\/brscience-fr\/traitement\/moisture-hydratation-fusion-frizz-250g\/","title":{"rendered":"Moisture Hydratation Fusion Frizz 250g"},"content":{"rendered":"<p id=\"tw-target-text\" class=\"tw-data-text tw-text-large tw-ta\" dir=\"ltr\" data-placeholder=\"Tradu\u00e7\u00e3o\" aria-label=\"Texto traduzido\" data-ved=\"2ahUKEwj0psCwx5KHAxXQrZUCHTguArMQ3ewLegQIBhAU\"><span class=\"Y2IQFc\" lang=\"en\">Fusion Frizz Moisture Hydration 250g est un traitement puissant qui a le pouvoir d&rsquo;hydrater en profondeur la fibre capillaire, enrichi en tanin, k\u00e9ratine et huile d&rsquo;avocat qui sont des agents ultra hydratants redonnant brillance, douceur, soyeux et beaucoup de vie \u00e0 vos cheveux. Mode d&#8217;emploi : Sur cheveux propres et humides, appliquez sur toute la longueur des cheveux, en massant la fibre capillaire et en laissant agir pendant 5 \u00e0 10 minutes, rincez et terminez comme vous le souhaitez. Composition : Aqua, Methylchloroisothiazolinone, Cetearyl Alcohol, Cetyl Alcohol, Stearamidopropyl Dimethylamine, Cetrimonium Chloride, Astrocaryum Murumuru Seed Butter, Cocos Nucifera Oil, Euterpe Oleracea Fruit Oil, Vitis Vinifera Seed Oil, Hydrolyzed Keratin, Lactic Acid, Argania Spinosa Kernel Oil, Parfum, Citric Acid. Pr\u00e9cautions : Aqua, Methylchloroisothiazolinone, Cetearyl Alcohol, Cetyl Alcohol, Stearamidopropyl Dimethylamine, Cetrimonium Chloride, Astrocaryum Murumuru Seed Butter, Cocos Nucifera Oil, Euterpe Oleracea Fruit Oil, Vitis Vinifera Seed Oil, Hydrolyzed Keratin, Lactic Acid, Argania Spinosa Kernel Oil, Parfum, Citric Acid.   <\/span><\/p>\n","protected":false},"excerpt":{"rendered":"<div id=\"tw-target-text-container\" class=\"tw-ta-container F0azHf tw-nfl\" tabindex=\"0\">\n<p id=\"tw-target-text\" class=\"tw-data-text tw-text-large tw-ta\" dir=\"ltr\" data-placeholder=\"Tradu\u00e7\u00e3o\" aria-label=\"Texto traduzido\" data-ved=\"2ahUKEwj0psCwx5KHAxXQrZUCHTguArMQ3ewLegQIBhAU\"><span class=\"Y2IQFc\" lang=\"en\">Fusion Frizz Moisture Hydration 250g est un traitement puissant qui a le pouvoir d&rsquo;hydrater en profondeur la fibre capillaire, enrichi de tanin, de k\u00e9ratine et d&rsquo;huile d&rsquo;avocat qui sont des agents ultra hydratants redonnant brillance, douceur, soyeux et beaucoup de vie \u00e0 vos cheveux.<\/span><\/p>\n<\/div>\n<div id=\"tw-target-rmn-container\" class=\"tw-target-rmn tw-ta-container F0azHf tw-nfl\">\n<pre id=\"tw-target-rmn\" class=\"tw-data-placeholder tw-text-small tw-ta\" dir=\"ltr\" data-placeholder=\"\"><\/pre>\n<\/div>\n<div class=\"iYB33c\">\n<div class=\"dlJLJe\">\n<div data-cviv=\"false\" data-ved=\"2ahUKEwj0psCwx5KHAxXQrZUCHTguArMQz_AEegQIBhAV\">\n<div class=\"U9URNb\"><img decoding=\"async\" id=\"dimg_3\" class=\"YQ4gaf zr758c wA1Bge\" src=\"data:image\/png;base64,iVBORw0KGgoAAAANSUhEUgAAABQAAAAUCAQAAAAngNWGAAAA\/0lEQVR4AYXNMSiEcRyA4cfmGHQbCZIipkuxnJgMStlMNmeyD2dwmc8+sZgxYJd9ErIZFHUyYYD7fkr6l4\/rnvmtl7+KitrqV\/fq2Y5eLY3Z9S48eRLe7BmVZ9qhTLhQ0algzZWQOVKSsCF8OjAnwbxDTWFDUhPK\/jMr1H6HE\/IqRky2DyvCefuwItwZzodVoYRiLqMkVCXrwpJ9twZ+sgfDYEFYl8wIWxZ9uFf7zkallxlJh4YrLGsKjZRx7VGHhLqwgFUN45DGdb8MeXGpgB4ABZdeDcpZEY51A+hyLKz4S1W4MQWm3AibWtgWmk6dyISa1pSdyWTOlLXVp0+eL9D\/ZPfBTNanAAAAAElFTkSuQmCC\" alt=\"\u00cdcone \"Verificada pela comunidade\" (V\u00e9rifi\u00e9 par la communaut\u00e9)\" width=\"16\" height=\"16\" data-csiid=\"nUuJZrTkLtDb1sQPuNyImAs_5\" data-atf=\"0\"><\/div>\n<\/div>\n<\/div>\n<div id=\"tw-tmenu\" class=\"tw-menu\"><\/div>\n<\/div>\n","protected":false},"featured_media":1979,"template":"","meta":[],"product_brand":[],"product_cat":[150,151],"product_tag":[],"class_list":{"0":"post-2458","1":"product","2":"type-product","3":"status-publish","4":"has-post-thumbnail","6":"product_cat-brscience-fr","7":"product_cat-traitement","8":"product_shipping_class-leves-ate-499","10":"first","11":"instock","12":"shipping-taxable","13":"purchasable","14":"product-type-simple"},"yoast_head":"<!-- This site is optimized with the Yoast SEO plugin v27.1.1 - https:\/\/yoast.com\/product\/yoast-seo-wordpress\/ -->\n<title>Moisture Hydratation Fusion Frizz 250g - Brazil Care Store<\/title>\n<meta name=\"description\" content=\"Fusion Frizz Moisture Hydration 250g est un traitement puissant qui a le pouvoir d&#039;hydrater en profondeur la fibre capillaire, enrichi de tanin, de k\u00e9ratine et d&#039;huile d&#039;avocat qui sont des agents ultra hydratants redonnant brillance, douceur, soyeux et beaucoup de vie \u00e0 vos cheveux.\" \/>\n<meta name=\"robots\" content=\"index, follow, max-snippet:-1, max-image-preview:large, max-video-preview:-1\" \/>\n<link rel=\"canonical\" href=\"https:\/\/www.brazilcarestore.com\/fr\/product\/brscience-fr\/traitement\/moisture-hydratation-fusion-frizz-250g\/\" \/>\n<meta property=\"og:locale\" content=\"fr_FR\" \/>\n<meta property=\"og:type\" content=\"article\" \/>\n<meta property=\"og:title\" content=\"Moisture Hydratation Fusion Frizz 250g - Brazil Care Store\" \/>\n<meta property=\"og:description\" content=\"Fusion Frizz Moisture Hydration 250g est un traitement puissant qui a le pouvoir d&#039;hydrater en profondeur la fibre capillaire, enrichi de tanin, de k\u00e9ratine et d&#039;huile d&#039;avocat qui sont des agents ultra hydratants redonnant brillance, douceur, soyeux et beaucoup de vie \u00e0 vos cheveux.\" \/>\n<meta property=\"og:url\" content=\"https:\/\/www.brazilcarestore.com\/fr\/product\/brscience-fr\/traitement\/moisture-hydratation-fusion-frizz-250g\/\" \/>\n<meta property=\"og:site_name\" content=\"Brazil Care Store\" \/>\n<meta property=\"article:publisher\" content=\"https:\/\/www.facebook.com\/brazilcarestore\" \/>\n<meta property=\"og:image\" content=\"https:\/\/i0.wp.com\/www.brazilcarestore.com\/wp-content\/uploads\/2024\/07\/Moisture-Nutrition-Fusion-Frizz-250g-A.jpg?fit=1080%2C1080&ssl=1\" \/>\n\t<meta property=\"og:image:width\" content=\"1080\" \/>\n\t<meta property=\"og:image:height\" content=\"1080\" \/>\n\t<meta property=\"og:image:type\" content=\"image\/jpeg\" \/>\n<meta name=\"twitter:card\" content=\"summary_large_image\" \/>\n<meta name=\"twitter:label1\" content=\"Dur\u00e9e de lecture estim\u00e9e\" \/>\n\t<meta name=\"twitter:data1\" content=\"1 minute\" \/>\n<script type=\"application\/ld+json\" class=\"yoast-schema-graph\">{\"@context\":\"https:\/\/schema.org\",\"@graph\":[{\"@type\":\"WebPage\",\"@id\":\"https:\/\/www.brazilcarestore.com\/fr\/product\/brscience-fr\/traitement\/moisture-hydratation-fusion-frizz-250g\/\",\"url\":\"https:\/\/www.brazilcarestore.com\/fr\/product\/brscience-fr\/traitement\/moisture-hydratation-fusion-frizz-250g\/\",\"name\":\"Moisture Hydratation Fusion Frizz 250g - Brazil Care Store\",\"isPartOf\":{\"@id\":\"https:\/\/www.brazilcarestore.com\/fr\/#website\"},\"primaryImageOfPage\":{\"@id\":\"https:\/\/www.brazilcarestore.com\/fr\/product\/brscience-fr\/traitement\/moisture-hydratation-fusion-frizz-250g\/#primaryimage\"},\"image\":{\"@id\":\"https:\/\/www.brazilcarestore.com\/fr\/product\/brscience-fr\/traitement\/moisture-hydratation-fusion-frizz-250g\/#primaryimage\"},\"thumbnailUrl\":\"https:\/\/i0.wp.com\/www.brazilcarestore.com\/wp-content\/uploads\/2024\/07\/Moisture-Nutrition-Fusion-Frizz-250g-A.jpg?fit=1080%2C1080&ssl=1\",\"datePublished\":\"2024-07-06T15:47:16+00:00\",\"description\":\"Fusion Frizz Moisture Hydration 250g est un traitement puissant qui a le pouvoir d'hydrater en profondeur la fibre capillaire, enrichi de tanin, de k\u00e9ratine et d'huile d'avocat qui sont des agents ultra hydratants redonnant brillance, douceur, soyeux et beaucoup de vie \u00e0 vos cheveux.\",\"breadcrumb\":{\"@id\":\"https:\/\/www.brazilcarestore.com\/fr\/product\/brscience-fr\/traitement\/moisture-hydratation-fusion-frizz-250g\/#breadcrumb\"},\"inLanguage\":\"fr-FR\",\"potentialAction\":[{\"@type\":\"ReadAction\",\"target\":[\"https:\/\/www.brazilcarestore.com\/fr\/product\/brscience-fr\/traitement\/moisture-hydratation-fusion-frizz-250g\/\"]}]},{\"@type\":\"ImageObject\",\"inLanguage\":\"fr-FR\",\"@id\":\"https:\/\/www.brazilcarestore.com\/fr\/product\/brscience-fr\/traitement\/moisture-hydratation-fusion-frizz-250g\/#primaryimage\",\"url\":\"https:\/\/i0.wp.com\/www.brazilcarestore.com\/wp-content\/uploads\/2024\/07\/Moisture-Nutrition-Fusion-Frizz-250g-A.jpg?fit=1080%2C1080&ssl=1\",\"contentUrl\":\"https:\/\/i0.wp.com\/www.brazilcarestore.com\/wp-content\/uploads\/2024\/07\/Moisture-Nutrition-Fusion-Frizz-250g-A.jpg?fit=1080%2C1080&ssl=1\",\"width\":1080,\"height\":1080},{\"@type\":\"BreadcrumbList\",\"@id\":\"https:\/\/www.brazilcarestore.com\/fr\/product\/brscience-fr\/traitement\/moisture-hydratation-fusion-frizz-250g\/#breadcrumb\",\"itemListElement\":[{\"@type\":\"ListItem\",\"position\":1,\"name\":\"Home\",\"item\":\"https:\/\/www.brazilcarestore.com\/fr\/\"},{\"@type\":\"ListItem\",\"position\":2,\"name\":\"Boutique\",\"item\":\"https:\/\/www.brazilcarestore.com\/fr\/boutique\/\"},{\"@type\":\"ListItem\",\"position\":3,\"name\":\"Moisture Hydratation Fusion Frizz 250g\"}]},{\"@type\":\"WebSite\",\"@id\":\"https:\/\/www.brazilcarestore.com\/fr\/#website\",\"url\":\"https:\/\/www.brazilcarestore.com\/fr\/\",\"name\":\"Brazil Care Store\",\"description\":\"The way to Beauty\",\"publisher\":{\"@id\":\"https:\/\/www.brazilcarestore.com\/fr\/#organization\"},\"potentialAction\":[{\"@type\":\"SearchAction\",\"target\":{\"@type\":\"EntryPoint\",\"urlTemplate\":\"https:\/\/www.brazilcarestore.com\/fr\/?s={search_term_string}\"},\"query-input\":{\"@type\":\"PropertyValueSpecification\",\"valueRequired\":true,\"valueName\":\"search_term_string\"}}],\"inLanguage\":\"fr-FR\"},{\"@type\":\"Organization\",\"@id\":\"https:\/\/www.brazilcarestore.com\/fr\/#organization\",\"name\":\"Brazil Care Store\",\"url\":\"https:\/\/www.brazilcarestore.com\/fr\/\",\"logo\":{\"@type\":\"ImageObject\",\"inLanguage\":\"fr-FR\",\"@id\":\"https:\/\/www.brazilcarestore.com\/fr\/#\/schema\/logo\/image\/\",\"url\":\"https:\/\/i0.wp.com\/www.brazilcarestore.com\/wp-content\/uploads\/2024\/02\/Brazil-Care-Store.png?fit=350%2C369&ssl=1\",\"contentUrl\":\"https:\/\/i0.wp.com\/www.brazilcarestore.com\/wp-content\/uploads\/2024\/02\/Brazil-Care-Store.png?fit=350%2C369&ssl=1\",\"width\":350,\"height\":369,\"caption\":\"Brazil Care Store\"},\"image\":{\"@id\":\"https:\/\/www.brazilcarestore.com\/fr\/#\/schema\/logo\/image\/\"},\"sameAs\":[\"https:\/\/www.facebook.com\/brazilcarestore\",\"https:\/\/www.instagram.com\/brazilcarestore\",\"https:\/\/www.tiktok.com\/@brazilcarestore\"]}]}<\/script>\n<!-- \/ Yoast SEO plugin. -->","yoast_head_json":{"title":"Moisture Hydratation Fusion Frizz 250g - Brazil Care Store","description":"Fusion Frizz Moisture Hydration 250g est un traitement puissant qui a le pouvoir d'hydrater en profondeur la fibre capillaire, enrichi de tanin, de k\u00e9ratine et d'huile d'avocat qui sont des agents ultra hydratants redonnant brillance, douceur, soyeux et beaucoup de vie \u00e0 vos cheveux.","robots":{"index":"index","follow":"follow","max-snippet":"max-snippet:-1","max-image-preview":"max-image-preview:large","max-video-preview":"max-video-preview:-1"},"canonical":"https:\/\/www.brazilcarestore.com\/fr\/product\/brscience-fr\/traitement\/moisture-hydratation-fusion-frizz-250g\/","og_locale":"fr_FR","og_type":"article","og_title":"Moisture Hydratation Fusion Frizz 250g - Brazil Care Store","og_description":"Fusion Frizz Moisture Hydration 250g est un traitement puissant qui a le pouvoir d'hydrater en profondeur la fibre capillaire, enrichi de tanin, de k\u00e9ratine et d'huile d'avocat qui sont des agents ultra hydratants redonnant brillance, douceur, soyeux et beaucoup de vie \u00e0 vos cheveux.","og_url":"https:\/\/www.brazilcarestore.com\/fr\/product\/brscience-fr\/traitement\/moisture-hydratation-fusion-frizz-250g\/","og_site_name":"Brazil Care Store","article_publisher":"https:\/\/www.facebook.com\/brazilcarestore","og_image":[{"width":1080,"height":1080,"url":"https:\/\/i0.wp.com\/www.brazilcarestore.com\/wp-content\/uploads\/2024\/07\/Moisture-Nutrition-Fusion-Frizz-250g-A.jpg?fit=1080%2C1080&ssl=1","type":"image\/jpeg"}],"twitter_card":"summary_large_image","twitter_misc":{"Dur\u00e9e de lecture estim\u00e9e":"1 minute"},"schema":{"@context":"https:\/\/schema.org","@graph":[{"@type":"WebPage","@id":"https:\/\/www.brazilcarestore.com\/fr\/product\/brscience-fr\/traitement\/moisture-hydratation-fusion-frizz-250g\/","url":"https:\/\/www.brazilcarestore.com\/fr\/product\/brscience-fr\/traitement\/moisture-hydratation-fusion-frizz-250g\/","name":"Moisture Hydratation Fusion Frizz 250g - Brazil Care Store","isPartOf":{"@id":"https:\/\/www.brazilcarestore.com\/fr\/#website"},"primaryImageOfPage":{"@id":"https:\/\/www.brazilcarestore.com\/fr\/product\/brscience-fr\/traitement\/moisture-hydratation-fusion-frizz-250g\/#primaryimage"},"image":{"@id":"https:\/\/www.brazilcarestore.com\/fr\/product\/brscience-fr\/traitement\/moisture-hydratation-fusion-frizz-250g\/#primaryimage"},"thumbnailUrl":"https:\/\/i0.wp.com\/www.brazilcarestore.com\/wp-content\/uploads\/2024\/07\/Moisture-Nutrition-Fusion-Frizz-250g-A.jpg?fit=1080%2C1080&ssl=1","datePublished":"2024-07-06T15:47:16+00:00","description":"Fusion Frizz Moisture Hydration 250g est un traitement puissant qui a le pouvoir d'hydrater en profondeur la fibre capillaire, enrichi de tanin, de k\u00e9ratine et d'huile d'avocat qui sont des agents ultra hydratants redonnant brillance, douceur, soyeux et beaucoup de vie \u00e0 vos cheveux.","breadcrumb":{"@id":"https:\/\/www.brazilcarestore.com\/fr\/product\/brscience-fr\/traitement\/moisture-hydratation-fusion-frizz-250g\/#breadcrumb"},"inLanguage":"fr-FR","potentialAction":[{"@type":"ReadAction","target":["https:\/\/www.brazilcarestore.com\/fr\/product\/brscience-fr\/traitement\/moisture-hydratation-fusion-frizz-250g\/"]}]},{"@type":"ImageObject","inLanguage":"fr-FR","@id":"https:\/\/www.brazilcarestore.com\/fr\/product\/brscience-fr\/traitement\/moisture-hydratation-fusion-frizz-250g\/#primaryimage","url":"https:\/\/i0.wp.com\/www.brazilcarestore.com\/wp-content\/uploads\/2024\/07\/Moisture-Nutrition-Fusion-Frizz-250g-A.jpg?fit=1080%2C1080&ssl=1","contentUrl":"https:\/\/i0.wp.com\/www.brazilcarestore.com\/wp-content\/uploads\/2024\/07\/Moisture-Nutrition-Fusion-Frizz-250g-A.jpg?fit=1080%2C1080&ssl=1","width":1080,"height":1080},{"@type":"BreadcrumbList","@id":"https:\/\/www.brazilcarestore.com\/fr\/product\/brscience-fr\/traitement\/moisture-hydratation-fusion-frizz-250g\/#breadcrumb","itemListElement":[{"@type":"ListItem","position":1,"name":"Home","item":"https:\/\/www.brazilcarestore.com\/fr\/"},{"@type":"ListItem","position":2,"name":"Boutique","item":"https:\/\/www.brazilcarestore.com\/fr\/boutique\/"},{"@type":"ListItem","position":3,"name":"Moisture Hydratation Fusion Frizz 250g"}]},{"@type":"WebSite","@id":"https:\/\/www.brazilcarestore.com\/fr\/#website","url":"https:\/\/www.brazilcarestore.com\/fr\/","name":"Brazil Care Store","description":"The way to Beauty","publisher":{"@id":"https:\/\/www.brazilcarestore.com\/fr\/#organization"},"potentialAction":[{"@type":"SearchAction","target":{"@type":"EntryPoint","urlTemplate":"https:\/\/www.brazilcarestore.com\/fr\/?s={search_term_string}"},"query-input":{"@type":"PropertyValueSpecification","valueRequired":true,"valueName":"search_term_string"}}],"inLanguage":"fr-FR"},{"@type":"Organization","@id":"https:\/\/www.brazilcarestore.com\/fr\/#organization","name":"Brazil Care Store","url":"https:\/\/www.brazilcarestore.com\/fr\/","logo":{"@type":"ImageObject","inLanguage":"fr-FR","@id":"https:\/\/www.brazilcarestore.com\/fr\/#\/schema\/logo\/image\/","url":"https:\/\/i0.wp.com\/www.brazilcarestore.com\/wp-content\/uploads\/2024\/02\/Brazil-Care-Store.png?fit=350%2C369&ssl=1","contentUrl":"https:\/\/i0.wp.com\/www.brazilcarestore.com\/wp-content\/uploads\/2024\/02\/Brazil-Care-Store.png?fit=350%2C369&ssl=1","width":350,"height":369,"caption":"Brazil Care Store"},"image":{"@id":"https:\/\/www.brazilcarestore.com\/fr\/#\/schema\/logo\/image\/"},"sameAs":["https:\/\/www.facebook.com\/brazilcarestore","https:\/\/www.instagram.com\/brazilcarestore","https:\/\/www.tiktok.com\/@brazilcarestore"]}]}},"_links":{"self":[{"href":"https:\/\/www.brazilcarestore.com\/fr\/wp-json\/wp\/v2\/product\/2458","targetHints":{"allow":["GET"]}}],"collection":[{"href":"https:\/\/www.brazilcarestore.com\/fr\/wp-json\/wp\/v2\/product"}],"about":[{"href":"https:\/\/www.brazilcarestore.com\/fr\/wp-json\/wp\/v2\/types\/product"}],"wp:featuredmedia":[{"embeddable":true,"href":"https:\/\/www.brazilcarestore.com\/fr\/wp-json\/wp\/v2\/media\/1979"}],"wp:attachment":[{"href":"https:\/\/www.brazilcarestore.com\/fr\/wp-json\/wp\/v2\/media?parent=2458"}],"wp:term":[{"taxonomy":"product_brand","embeddable":true,"href":"https:\/\/www.brazilcarestore.com\/fr\/wp-json\/wp\/v2\/product_brand?post=2458"},{"taxonomy":"product_cat","embeddable":true,"href":"https:\/\/www.brazilcarestore.com\/fr\/wp-json\/wp\/v2\/product_cat?post=2458"},{"taxonomy":"product_tag","embeddable":true,"href":"https:\/\/www.brazilcarestore.com\/fr\/wp-json\/wp\/v2\/product_tag?post=2458"}],"curies":[{"name":"wp","href":"https:\/\/api.w.org\/{rel}","templated":true}]}}