{"id":2457,"date":"2024-07-06T12:27:26","date_gmt":"2024-07-06T15:27:26","guid":{"rendered":"https:\/\/www.brazilcarestore.com\/product\/non class\u00e9\/brume-detoxifiante-acidifiante-250ml\/"},"modified":"2024-07-06T12:27:26","modified_gmt":"2024-07-06T15:27:26","slug":"brume-detoxifiante-acidifiante-250ml","status":"publish","type":"product","link":"https:\/\/www.brazilcarestore.com\/fr\/product\/brscience-fr\/traitement\/brume-detoxifiante-acidifiante-250ml\/","title":{"rendered":"Brume d\u00e9toxifiante acidifiante 250ml"},"content":{"rendered":"<p id=\"tw-target-text\" class=\"tw-data-text tw-text-large tw-ta\" dir=\"ltr\" data-placeholder=\"Tradu\u00e7\u00e3o\" aria-label=\"Texto traduzido\" data-ved=\"2ahUKEwj0psCwx5KHAxXQrZUCHTguArMQ3ewLegQIBhAU\"><span class=\"Y2IQFc\" lang=\"en\">Mist Detox est un acidifiant con\u00e7u pour \u00e9quilibrer le pH des cheveux, en particulier apr\u00e8s des traitements chimiques. Sa formule avanc\u00e9e contient des ingr\u00e9dients anti-porosit\u00e9 qui aident \u00e0 renforcer et \u00e0 restaurer la structure du cheveu, pour des m\u00e8ches plus saines, plus brillantes et plus faciles \u00e0 coiffer. Comment l&rsquo;utiliser ? Vaporisez la brume d\u00e9tox sur les cheveux propres et humides, en la r\u00e9partissant uniform\u00e9ment. Laissez agir quelques minutes et rincez. Pour de meilleurs r\u00e9sultats, utilisez conjointement le shampooing Detox et le masque Detox. Composition : Aqua, Lactic Acid, Polysorbate 20, Sodium PCA, Cetrimonium Chloride, Glycerin, Phenoxyethanol, Parfum, Hexyl Cinnamal, Bertholletia Excelsa Seed Oil, Mauritia Flexuosa Fruit Oil, Pentaclethra Macroloba Seed Oil, d-Limonene, Hydroxycitronellal, Citronellol, Hydrolyzed Wheat Protein, Arginine, Itaconic Acid, Alanine, Hydrolyzed Corn Protein, Hydrolyzed Soy Protein, Lysine, acide aspartique, extrait de graines de lin (Linum Usitatissimum), panth\u00e9nol, leucine, s\u00e9rine, proline, hydroxyproline, ph\u00e9nylalanine, laurate de polyglyc\u00e9ryle-10, Extrait de graines de Salvia Hispanica, Valine, Thr\u00e9onine, Glycine, Acide Glutamique, Histidine, Isoleucine, M\u00e9thionine, DMDM, Hydanto\u00efne, Alcool benzylique, Tyrosine, Acide Caprylique, Tryptophane, Xylitol. Pr\u00e9cautions : Conservez le produit dans un endroit frais, \u00e0 l&rsquo;abri de la lumi\u00e8re directe du soleil et hors de port\u00e9e des enfants et des animaux domestiques. Si vous \u00eates sensible ou allergique \u00e0 l&rsquo;un des composants de la formule, cessez de l&rsquo;utiliser. Usage externe.        <\/span><\/p>\n","protected":false},"excerpt":{"rendered":"<div id=\"tw-target-text-container\" class=\"tw-ta-container F0azHf tw-nfl\" tabindex=\"0\">\n<p id=\"tw-target-text\" class=\"tw-data-text tw-text-large tw-ta\" dir=\"ltr\" data-placeholder=\"Tradu\u00e7\u00e3o\" aria-label=\"Texto traduzido\" data-ved=\"2ahUKEwj0psCwx5KHAxXQrZUCHTguArMQ3ewLegQIBhAU\"><span class=\"Y2IQFc\" lang=\"en\">Bruma Detox est un acidifiant con\u00e7u pour \u00e9quilibrer le pH des cheveux, en particulier apr\u00e8s des traitements chimiques. Sa formule avanc\u00e9e contient des ingr\u00e9dients anti-porosit\u00e9 qui aident \u00e0 renforcer et \u00e0 restaurer la structure du cheveu, pour des m\u00e8ches plus saines, plus brillantes et plus faciles \u00e0 coiffer. <\/span><\/p>\n<\/div>\n<div id=\"tw-target-rmn-container\" class=\"tw-target-rmn tw-ta-container F0azHf tw-nfl\">\n<pre id=\"tw-target-rmn\" class=\"tw-data-placeholder tw-text-small tw-ta\" dir=\"ltr\" data-placeholder=\"\"><\/pre>\n<\/div>\n<div class=\"iYB33c\">\n<div class=\"dlJLJe\">\n<div data-cviv=\"false\" data-ved=\"2ahUKEwj0psCwx5KHAxXQrZUCHTguArMQz_AEegQIBhAV\">\n<div class=\"U9URNb\"><\/div>\n<\/div>\n<\/div>\n<div id=\"tw-tmenu\" class=\"tw-menu\"><\/div>\n<\/div>\n","protected":false},"featured_media":1969,"template":"","meta":[],"product_brand":[],"product_cat":[150,151],"product_tag":[],"class_list":{"0":"post-2457","1":"product","2":"type-product","3":"status-publish","4":"has-post-thumbnail","6":"product_cat-brscience-fr","7":"product_cat-traitement","8":"product_shipping_class-leves-ate-499","10":"first","11":"instock","12":"shipping-taxable","13":"purchasable","14":"product-type-simple"},"yoast_head":"<!-- This site is optimized with the Yoast SEO plugin v27.1.1 - https:\/\/yoast.com\/product\/yoast-seo-wordpress\/ -->\n<title>Brume d\u00e9toxifiante acidifiante 250ml - Brazil Care Store<\/title>\n<meta name=\"description\" content=\"Bruma Detox est un acidifiant con\u00e7u pour \u00e9quilibrer le pH des cheveux, en particulier apr\u00e8s des traitements chimiques. Sa formule avanc\u00e9e contient des ingr\u00e9dients anti-porosit\u00e9 qui aident \u00e0 renforcer et \u00e0 restaurer la structure du cheveu, pour des m\u00e8ches plus saines, plus brillantes et plus faciles \u00e0 coiffer.\" \/>\n<meta name=\"robots\" content=\"index, follow, max-snippet:-1, max-image-preview:large, max-video-preview:-1\" \/>\n<link rel=\"canonical\" href=\"https:\/\/www.brazilcarestore.com\/fr\/product\/brscience-fr\/traitement\/brume-detoxifiante-acidifiante-250ml\/\" \/>\n<meta property=\"og:locale\" content=\"fr_FR\" \/>\n<meta property=\"og:type\" content=\"article\" \/>\n<meta property=\"og:title\" content=\"Brume d\u00e9toxifiante acidifiante 250ml - Brazil Care Store\" \/>\n<meta property=\"og:description\" content=\"Bruma Detox est un acidifiant con\u00e7u pour \u00e9quilibrer le pH des cheveux, en particulier apr\u00e8s des traitements chimiques. Sa formule avanc\u00e9e contient des ingr\u00e9dients anti-porosit\u00e9 qui aident \u00e0 renforcer et \u00e0 restaurer la structure du cheveu, pour des m\u00e8ches plus saines, plus brillantes et plus faciles \u00e0 coiffer.\" \/>\n<meta property=\"og:url\" content=\"https:\/\/www.brazilcarestore.com\/fr\/product\/brscience-fr\/traitement\/brume-detoxifiante-acidifiante-250ml\/\" \/>\n<meta property=\"og:site_name\" content=\"Brazil Care Store\" \/>\n<meta property=\"article:publisher\" content=\"https:\/\/www.facebook.com\/brazilcarestore\" \/>\n<meta property=\"og:image\" content=\"https:\/\/i0.wp.com\/www.brazilcarestore.com\/wp-content\/uploads\/2024\/07\/Bruma-Detox-Acidificante-250ml-01.jpg?fit=1080%2C1080&ssl=1\" \/>\n\t<meta property=\"og:image:width\" content=\"1080\" \/>\n\t<meta property=\"og:image:height\" content=\"1080\" \/>\n\t<meta property=\"og:image:type\" content=\"image\/jpeg\" \/>\n<meta name=\"twitter:card\" content=\"summary_large_image\" \/>\n<meta name=\"twitter:label1\" content=\"Dur\u00e9e de lecture estim\u00e9e\" \/>\n\t<meta name=\"twitter:data1\" content=\"1 minute\" \/>\n<script type=\"application\/ld+json\" class=\"yoast-schema-graph\">{\"@context\":\"https:\/\/schema.org\",\"@graph\":[{\"@type\":\"WebPage\",\"@id\":\"https:\/\/www.brazilcarestore.com\/fr\/product\/brscience-fr\/traitement\/brume-detoxifiante-acidifiante-250ml\/\",\"url\":\"https:\/\/www.brazilcarestore.com\/fr\/product\/brscience-fr\/traitement\/brume-detoxifiante-acidifiante-250ml\/\",\"name\":\"Brume d\u00e9toxifiante acidifiante 250ml - Brazil Care Store\",\"isPartOf\":{\"@id\":\"https:\/\/www.brazilcarestore.com\/fr\/#website\"},\"primaryImageOfPage\":{\"@id\":\"https:\/\/www.brazilcarestore.com\/fr\/product\/brscience-fr\/traitement\/brume-detoxifiante-acidifiante-250ml\/#primaryimage\"},\"image\":{\"@id\":\"https:\/\/www.brazilcarestore.com\/fr\/product\/brscience-fr\/traitement\/brume-detoxifiante-acidifiante-250ml\/#primaryimage\"},\"thumbnailUrl\":\"https:\/\/i0.wp.com\/www.brazilcarestore.com\/wp-content\/uploads\/2024\/07\/Bruma-Detox-Acidificante-250ml-01.jpg?fit=1080%2C1080&ssl=1\",\"datePublished\":\"2024-07-06T15:27:26+00:00\",\"description\":\"Bruma Detox est un acidifiant con\u00e7u pour \u00e9quilibrer le pH des cheveux, en particulier apr\u00e8s des traitements chimiques. Sa formule avanc\u00e9e contient des ingr\u00e9dients anti-porosit\u00e9 qui aident \u00e0 renforcer et \u00e0 restaurer la structure du cheveu, pour des m\u00e8ches plus saines, plus brillantes et plus faciles \u00e0 coiffer.\",\"breadcrumb\":{\"@id\":\"https:\/\/www.brazilcarestore.com\/fr\/product\/brscience-fr\/traitement\/brume-detoxifiante-acidifiante-250ml\/#breadcrumb\"},\"inLanguage\":\"fr-FR\",\"potentialAction\":[{\"@type\":\"ReadAction\",\"target\":[\"https:\/\/www.brazilcarestore.com\/fr\/product\/brscience-fr\/traitement\/brume-detoxifiante-acidifiante-250ml\/\"]}]},{\"@type\":\"ImageObject\",\"inLanguage\":\"fr-FR\",\"@id\":\"https:\/\/www.brazilcarestore.com\/fr\/product\/brscience-fr\/traitement\/brume-detoxifiante-acidifiante-250ml\/#primaryimage\",\"url\":\"https:\/\/i0.wp.com\/www.brazilcarestore.com\/wp-content\/uploads\/2024\/07\/Bruma-Detox-Acidificante-250ml-01.jpg?fit=1080%2C1080&ssl=1\",\"contentUrl\":\"https:\/\/i0.wp.com\/www.brazilcarestore.com\/wp-content\/uploads\/2024\/07\/Bruma-Detox-Acidificante-250ml-01.jpg?fit=1080%2C1080&ssl=1\",\"width\":1080,\"height\":1080},{\"@type\":\"BreadcrumbList\",\"@id\":\"https:\/\/www.brazilcarestore.com\/fr\/product\/brscience-fr\/traitement\/brume-detoxifiante-acidifiante-250ml\/#breadcrumb\",\"itemListElement\":[{\"@type\":\"ListItem\",\"position\":1,\"name\":\"Home\",\"item\":\"https:\/\/www.brazilcarestore.com\/fr\/\"},{\"@type\":\"ListItem\",\"position\":2,\"name\":\"Boutique\",\"item\":\"https:\/\/www.brazilcarestore.com\/fr\/boutique\/\"},{\"@type\":\"ListItem\",\"position\":3,\"name\":\"Brume d\u00e9toxifiante acidifiante 250ml\"}]},{\"@type\":\"WebSite\",\"@id\":\"https:\/\/www.brazilcarestore.com\/fr\/#website\",\"url\":\"https:\/\/www.brazilcarestore.com\/fr\/\",\"name\":\"Brazil Care Store\",\"description\":\"The way to Beauty\",\"publisher\":{\"@id\":\"https:\/\/www.brazilcarestore.com\/fr\/#organization\"},\"potentialAction\":[{\"@type\":\"SearchAction\",\"target\":{\"@type\":\"EntryPoint\",\"urlTemplate\":\"https:\/\/www.brazilcarestore.com\/fr\/?s={search_term_string}\"},\"query-input\":{\"@type\":\"PropertyValueSpecification\",\"valueRequired\":true,\"valueName\":\"search_term_string\"}}],\"inLanguage\":\"fr-FR\"},{\"@type\":\"Organization\",\"@id\":\"https:\/\/www.brazilcarestore.com\/fr\/#organization\",\"name\":\"Brazil Care Store\",\"url\":\"https:\/\/www.brazilcarestore.com\/fr\/\",\"logo\":{\"@type\":\"ImageObject\",\"inLanguage\":\"fr-FR\",\"@id\":\"https:\/\/www.brazilcarestore.com\/fr\/#\/schema\/logo\/image\/\",\"url\":\"https:\/\/i0.wp.com\/www.brazilcarestore.com\/wp-content\/uploads\/2024\/02\/Brazil-Care-Store.png?fit=350%2C369&ssl=1\",\"contentUrl\":\"https:\/\/i0.wp.com\/www.brazilcarestore.com\/wp-content\/uploads\/2024\/02\/Brazil-Care-Store.png?fit=350%2C369&ssl=1\",\"width\":350,\"height\":369,\"caption\":\"Brazil Care Store\"},\"image\":{\"@id\":\"https:\/\/www.brazilcarestore.com\/fr\/#\/schema\/logo\/image\/\"},\"sameAs\":[\"https:\/\/www.facebook.com\/brazilcarestore\",\"https:\/\/www.instagram.com\/brazilcarestore\",\"https:\/\/www.tiktok.com\/@brazilcarestore\"]}]}<\/script>\n<!-- \/ Yoast SEO plugin. -->","yoast_head_json":{"title":"Brume d\u00e9toxifiante acidifiante 250ml - Brazil Care Store","description":"Bruma Detox est un acidifiant con\u00e7u pour \u00e9quilibrer le pH des cheveux, en particulier apr\u00e8s des traitements chimiques. Sa formule avanc\u00e9e contient des ingr\u00e9dients anti-porosit\u00e9 qui aident \u00e0 renforcer et \u00e0 restaurer la structure du cheveu, pour des m\u00e8ches plus saines, plus brillantes et plus faciles \u00e0 coiffer.","robots":{"index":"index","follow":"follow","max-snippet":"max-snippet:-1","max-image-preview":"max-image-preview:large","max-video-preview":"max-video-preview:-1"},"canonical":"https:\/\/www.brazilcarestore.com\/fr\/product\/brscience-fr\/traitement\/brume-detoxifiante-acidifiante-250ml\/","og_locale":"fr_FR","og_type":"article","og_title":"Brume d\u00e9toxifiante acidifiante 250ml - Brazil Care Store","og_description":"Bruma Detox est un acidifiant con\u00e7u pour \u00e9quilibrer le pH des cheveux, en particulier apr\u00e8s des traitements chimiques. Sa formule avanc\u00e9e contient des ingr\u00e9dients anti-porosit\u00e9 qui aident \u00e0 renforcer et \u00e0 restaurer la structure du cheveu, pour des m\u00e8ches plus saines, plus brillantes et plus faciles \u00e0 coiffer.","og_url":"https:\/\/www.brazilcarestore.com\/fr\/product\/brscience-fr\/traitement\/brume-detoxifiante-acidifiante-250ml\/","og_site_name":"Brazil Care Store","article_publisher":"https:\/\/www.facebook.com\/brazilcarestore","og_image":[{"width":1080,"height":1080,"url":"https:\/\/i0.wp.com\/www.brazilcarestore.com\/wp-content\/uploads\/2024\/07\/Bruma-Detox-Acidificante-250ml-01.jpg?fit=1080%2C1080&ssl=1","type":"image\/jpeg"}],"twitter_card":"summary_large_image","twitter_misc":{"Dur\u00e9e de lecture estim\u00e9e":"1 minute"},"schema":{"@context":"https:\/\/schema.org","@graph":[{"@type":"WebPage","@id":"https:\/\/www.brazilcarestore.com\/fr\/product\/brscience-fr\/traitement\/brume-detoxifiante-acidifiante-250ml\/","url":"https:\/\/www.brazilcarestore.com\/fr\/product\/brscience-fr\/traitement\/brume-detoxifiante-acidifiante-250ml\/","name":"Brume d\u00e9toxifiante acidifiante 250ml - Brazil Care Store","isPartOf":{"@id":"https:\/\/www.brazilcarestore.com\/fr\/#website"},"primaryImageOfPage":{"@id":"https:\/\/www.brazilcarestore.com\/fr\/product\/brscience-fr\/traitement\/brume-detoxifiante-acidifiante-250ml\/#primaryimage"},"image":{"@id":"https:\/\/www.brazilcarestore.com\/fr\/product\/brscience-fr\/traitement\/brume-detoxifiante-acidifiante-250ml\/#primaryimage"},"thumbnailUrl":"https:\/\/i0.wp.com\/www.brazilcarestore.com\/wp-content\/uploads\/2024\/07\/Bruma-Detox-Acidificante-250ml-01.jpg?fit=1080%2C1080&ssl=1","datePublished":"2024-07-06T15:27:26+00:00","description":"Bruma Detox est un acidifiant con\u00e7u pour \u00e9quilibrer le pH des cheveux, en particulier apr\u00e8s des traitements chimiques. Sa formule avanc\u00e9e contient des ingr\u00e9dients anti-porosit\u00e9 qui aident \u00e0 renforcer et \u00e0 restaurer la structure du cheveu, pour des m\u00e8ches plus saines, plus brillantes et plus faciles \u00e0 coiffer.","breadcrumb":{"@id":"https:\/\/www.brazilcarestore.com\/fr\/product\/brscience-fr\/traitement\/brume-detoxifiante-acidifiante-250ml\/#breadcrumb"},"inLanguage":"fr-FR","potentialAction":[{"@type":"ReadAction","target":["https:\/\/www.brazilcarestore.com\/fr\/product\/brscience-fr\/traitement\/brume-detoxifiante-acidifiante-250ml\/"]}]},{"@type":"ImageObject","inLanguage":"fr-FR","@id":"https:\/\/www.brazilcarestore.com\/fr\/product\/brscience-fr\/traitement\/brume-detoxifiante-acidifiante-250ml\/#primaryimage","url":"https:\/\/i0.wp.com\/www.brazilcarestore.com\/wp-content\/uploads\/2024\/07\/Bruma-Detox-Acidificante-250ml-01.jpg?fit=1080%2C1080&ssl=1","contentUrl":"https:\/\/i0.wp.com\/www.brazilcarestore.com\/wp-content\/uploads\/2024\/07\/Bruma-Detox-Acidificante-250ml-01.jpg?fit=1080%2C1080&ssl=1","width":1080,"height":1080},{"@type":"BreadcrumbList","@id":"https:\/\/www.brazilcarestore.com\/fr\/product\/brscience-fr\/traitement\/brume-detoxifiante-acidifiante-250ml\/#breadcrumb","itemListElement":[{"@type":"ListItem","position":1,"name":"Home","item":"https:\/\/www.brazilcarestore.com\/fr\/"},{"@type":"ListItem","position":2,"name":"Boutique","item":"https:\/\/www.brazilcarestore.com\/fr\/boutique\/"},{"@type":"ListItem","position":3,"name":"Brume d\u00e9toxifiante acidifiante 250ml"}]},{"@type":"WebSite","@id":"https:\/\/www.brazilcarestore.com\/fr\/#website","url":"https:\/\/www.brazilcarestore.com\/fr\/","name":"Brazil Care Store","description":"The way to Beauty","publisher":{"@id":"https:\/\/www.brazilcarestore.com\/fr\/#organization"},"potentialAction":[{"@type":"SearchAction","target":{"@type":"EntryPoint","urlTemplate":"https:\/\/www.brazilcarestore.com\/fr\/?s={search_term_string}"},"query-input":{"@type":"PropertyValueSpecification","valueRequired":true,"valueName":"search_term_string"}}],"inLanguage":"fr-FR"},{"@type":"Organization","@id":"https:\/\/www.brazilcarestore.com\/fr\/#organization","name":"Brazil Care Store","url":"https:\/\/www.brazilcarestore.com\/fr\/","logo":{"@type":"ImageObject","inLanguage":"fr-FR","@id":"https:\/\/www.brazilcarestore.com\/fr\/#\/schema\/logo\/image\/","url":"https:\/\/i0.wp.com\/www.brazilcarestore.com\/wp-content\/uploads\/2024\/02\/Brazil-Care-Store.png?fit=350%2C369&ssl=1","contentUrl":"https:\/\/i0.wp.com\/www.brazilcarestore.com\/wp-content\/uploads\/2024\/02\/Brazil-Care-Store.png?fit=350%2C369&ssl=1","width":350,"height":369,"caption":"Brazil Care Store"},"image":{"@id":"https:\/\/www.brazilcarestore.com\/fr\/#\/schema\/logo\/image\/"},"sameAs":["https:\/\/www.facebook.com\/brazilcarestore","https:\/\/www.instagram.com\/brazilcarestore","https:\/\/www.tiktok.com\/@brazilcarestore"]}]}},"_links":{"self":[{"href":"https:\/\/www.brazilcarestore.com\/fr\/wp-json\/wp\/v2\/product\/2457","targetHints":{"allow":["GET"]}}],"collection":[{"href":"https:\/\/www.brazilcarestore.com\/fr\/wp-json\/wp\/v2\/product"}],"about":[{"href":"https:\/\/www.brazilcarestore.com\/fr\/wp-json\/wp\/v2\/types\/product"}],"wp:featuredmedia":[{"embeddable":true,"href":"https:\/\/www.brazilcarestore.com\/fr\/wp-json\/wp\/v2\/media\/1969"}],"wp:attachment":[{"href":"https:\/\/www.brazilcarestore.com\/fr\/wp-json\/wp\/v2\/media?parent=2457"}],"wp:term":[{"taxonomy":"product_brand","embeddable":true,"href":"https:\/\/www.brazilcarestore.com\/fr\/wp-json\/wp\/v2\/product_brand?post=2457"},{"taxonomy":"product_cat","embeddable":true,"href":"https:\/\/www.brazilcarestore.com\/fr\/wp-json\/wp\/v2\/product_cat?post=2457"},{"taxonomy":"product_tag","embeddable":true,"href":"https:\/\/www.brazilcarestore.com\/fr\/wp-json\/wp\/v2\/product_tag?post=2457"}],"curies":[{"name":"wp","href":"https:\/\/api.w.org\/{rel}","templated":true}]}}