{"id":2428,"date":"2024-07-02T17:21:37","date_gmt":"2024-07-02T20:21:37","guid":{"rendered":"https:\/\/www.brazilcarestore.com\/product\/non class\u00e9\/oleoterapia-masque-capillaire-kerastinni-500ml\/"},"modified":"2024-07-02T17:21:37","modified_gmt":"2024-07-02T20:21:37","slug":"oleoterapia-masque-capillaire-kerastinni-500ml","status":"publish","type":"product","link":"https:\/\/www.brazilcarestore.com\/fr\/product\/kerastinni-fr\/oleoterapia-masque-capillaire-kerastinni-500ml\/","title":{"rendered":"Oleoterapia Masque capillaire Kerastinni 500ml"},"content":{"rendered":"<p><span class=\"Y2IQFc\" lang=\"en\">Pouvoir lissant sup\u00e9rieur \u00e0 celui des produits contenant du formald\u00e9hyde, avec une grande durabilit\u00e9 de l&rsquo;effet lisse jusqu&rsquo;\u00e0 4 mois.  <\/span><\/p>\n<p><span class=\"Y2IQFc\" lang=\"en\">  Pigment bicolore, utilisable sur toutes les couleurs de cheveux, y compris les blonds et les m\u00e8ches. (tonalit\u00e9 jusqu&rsquo;\u00e0 8) &#8211; Reconstitue la masse capillaire et redonne de la force aux cheveux gr\u00e2ce aux prot\u00e9ines et aux acides amin\u00e9s.   <\/span><\/p>\n<p><span class=\"Y2IQFc\" lang=\"en\">Hydratation et brillance Intense Salon Gloss et ne dess\u00e8che pas les pointes et n&rsquo;ab\u00eeme pas les cheveux, contrairement \u00e0 Nutri et Repair. &#8211; Plus grande durabilit\u00e9 du lisseur, car vous ne lissez pas avec le produit dans vos cheveux.   <\/span><\/p>\n<p><span class=\"Y2IQFc\" lang=\"en\">Des cheveux plus doux, plus l\u00e2ches et plus brillants, avec du mouvement, de l&rsquo;\u00e9quilibre et du naturel, et compatibles avec toutes les autres marques de lissage du march\u00e9.<\/span><span class=\"Y2IQFc\" lang=\"en\">ompatible avec toutes les autres marques de lissage du march\u00e9.<\/span><\/p>\n","protected":false},"excerpt":{"rendered":"<p id=\"tw-target-text\" class=\"tw-data-text tw-text-large tw-ta\" dir=\"ltr\" data-placeholder=\"Tradu\u00e7\u00e3o\" aria-label=\"Texto traduzido\" data-ved=\"2ahUKEwjUt_n9lYmHAxXzqZUCHZnECIMQ3ewLegQIBxAU\"><span class=\"Y2IQFc\" lang=\"en\">Entretien pour revitaliser la brillance, la douceur initiale et prolonger l&rsquo;effet du scellement cuticulaire.<\/span><\/p>\n","protected":false},"featured_media":1925,"template":"","meta":[],"product_brand":[],"product_cat":[212],"product_tag":[],"class_list":{"0":"post-2428","1":"product","2":"type-product","3":"status-publish","4":"has-post-thumbnail","6":"product_cat-kerastinni-fr","7":"product_shipping_class-leves-ate-499","9":"first","10":"instock","11":"shipping-taxable","12":"purchasable","13":"product-type-simple"},"yoast_head":"<!-- This site is optimized with the Yoast SEO plugin v27.1.1 - https:\/\/yoast.com\/product\/yoast-seo-wordpress\/ -->\n<title>Oleoterapia Masque capillaire Kerastinni 500ml - Brazil Care Store<\/title>\n<meta name=\"description\" content=\"Entretien pour revitaliser la brillance, la douceur initiale et prolonger l&#039;effet du scellement cuticulaire.\" \/>\n<meta name=\"robots\" content=\"index, follow, max-snippet:-1, max-image-preview:large, max-video-preview:-1\" \/>\n<link rel=\"canonical\" href=\"https:\/\/www.brazilcarestore.com\/fr\/product\/kerastinni-fr\/oleoterapia-masque-capillaire-kerastinni-500ml\/\" \/>\n<meta property=\"og:locale\" content=\"fr_FR\" \/>\n<meta property=\"og:type\" content=\"article\" \/>\n<meta property=\"og:title\" content=\"Oleoterapia Masque capillaire Kerastinni 500ml - Brazil Care Store\" \/>\n<meta property=\"og:description\" content=\"Entretien pour revitaliser la brillance, la douceur initiale et prolonger l&#039;effet du scellement cuticulaire.\" \/>\n<meta property=\"og:url\" content=\"https:\/\/www.brazilcarestore.com\/fr\/product\/kerastinni-fr\/oleoterapia-masque-capillaire-kerastinni-500ml\/\" \/>\n<meta property=\"og:site_name\" content=\"Brazil Care Store\" \/>\n<meta property=\"article:publisher\" content=\"https:\/\/www.facebook.com\/brazilcarestore\" \/>\n<meta property=\"og:image\" content=\"https:\/\/i0.wp.com\/www.brazilcarestore.com\/wp-content\/uploads\/2024\/07\/Oleoterapia-Capilar-500ml.png?fit=628%2C642&ssl=1\" \/>\n\t<meta property=\"og:image:width\" content=\"628\" \/>\n\t<meta property=\"og:image:height\" content=\"642\" \/>\n\t<meta property=\"og:image:type\" content=\"image\/png\" \/>\n<meta name=\"twitter:card\" content=\"summary_large_image\" \/>\n<meta name=\"twitter:label1\" content=\"Dur\u00e9e de lecture estim\u00e9e\" \/>\n\t<meta name=\"twitter:data1\" content=\"1 minute\" \/>\n<script type=\"application\/ld+json\" class=\"yoast-schema-graph\">{\"@context\":\"https:\/\/schema.org\",\"@graph\":[{\"@type\":\"WebPage\",\"@id\":\"https:\/\/www.brazilcarestore.com\/fr\/product\/kerastinni-fr\/oleoterapia-masque-capillaire-kerastinni-500ml\/\",\"url\":\"https:\/\/www.brazilcarestore.com\/fr\/product\/kerastinni-fr\/oleoterapia-masque-capillaire-kerastinni-500ml\/\",\"name\":\"Oleoterapia Masque capillaire Kerastinni 500ml - Brazil Care Store\",\"isPartOf\":{\"@id\":\"https:\/\/www.brazilcarestore.com\/fr\/#website\"},\"primaryImageOfPage\":{\"@id\":\"https:\/\/www.brazilcarestore.com\/fr\/product\/kerastinni-fr\/oleoterapia-masque-capillaire-kerastinni-500ml\/#primaryimage\"},\"image\":{\"@id\":\"https:\/\/www.brazilcarestore.com\/fr\/product\/kerastinni-fr\/oleoterapia-masque-capillaire-kerastinni-500ml\/#primaryimage\"},\"thumbnailUrl\":\"https:\/\/i0.wp.com\/www.brazilcarestore.com\/wp-content\/uploads\/2024\/07\/Oleoterapia-Capilar-500ml.png?fit=628%2C642&ssl=1\",\"datePublished\":\"2024-07-02T20:21:37+00:00\",\"description\":\"Entretien pour revitaliser la brillance, la douceur initiale et prolonger l'effet du scellement cuticulaire.\",\"breadcrumb\":{\"@id\":\"https:\/\/www.brazilcarestore.com\/fr\/product\/kerastinni-fr\/oleoterapia-masque-capillaire-kerastinni-500ml\/#breadcrumb\"},\"inLanguage\":\"fr-FR\",\"potentialAction\":[{\"@type\":\"ReadAction\",\"target\":[\"https:\/\/www.brazilcarestore.com\/fr\/product\/kerastinni-fr\/oleoterapia-masque-capillaire-kerastinni-500ml\/\"]}]},{\"@type\":\"ImageObject\",\"inLanguage\":\"fr-FR\",\"@id\":\"https:\/\/www.brazilcarestore.com\/fr\/product\/kerastinni-fr\/oleoterapia-masque-capillaire-kerastinni-500ml\/#primaryimage\",\"url\":\"https:\/\/i0.wp.com\/www.brazilcarestore.com\/wp-content\/uploads\/2024\/07\/Oleoterapia-Capilar-500ml.png?fit=628%2C642&ssl=1\",\"contentUrl\":\"https:\/\/i0.wp.com\/www.brazilcarestore.com\/wp-content\/uploads\/2024\/07\/Oleoterapia-Capilar-500ml.png?fit=628%2C642&ssl=1\",\"width\":628,\"height\":642},{\"@type\":\"BreadcrumbList\",\"@id\":\"https:\/\/www.brazilcarestore.com\/fr\/product\/kerastinni-fr\/oleoterapia-masque-capillaire-kerastinni-500ml\/#breadcrumb\",\"itemListElement\":[{\"@type\":\"ListItem\",\"position\":1,\"name\":\"Home\",\"item\":\"https:\/\/www.brazilcarestore.com\/fr\/\"},{\"@type\":\"ListItem\",\"position\":2,\"name\":\"Boutique\",\"item\":\"https:\/\/www.brazilcarestore.com\/fr\/boutique\/\"},{\"@type\":\"ListItem\",\"position\":3,\"name\":\"Oleoterapia Masque capillaire Kerastinni 500ml\"}]},{\"@type\":\"WebSite\",\"@id\":\"https:\/\/www.brazilcarestore.com\/fr\/#website\",\"url\":\"https:\/\/www.brazilcarestore.com\/fr\/\",\"name\":\"Brazil Care Store\",\"description\":\"The way to Beauty\",\"publisher\":{\"@id\":\"https:\/\/www.brazilcarestore.com\/fr\/#organization\"},\"potentialAction\":[{\"@type\":\"SearchAction\",\"target\":{\"@type\":\"EntryPoint\",\"urlTemplate\":\"https:\/\/www.brazilcarestore.com\/fr\/?s={search_term_string}\"},\"query-input\":{\"@type\":\"PropertyValueSpecification\",\"valueRequired\":true,\"valueName\":\"search_term_string\"}}],\"inLanguage\":\"fr-FR\"},{\"@type\":\"Organization\",\"@id\":\"https:\/\/www.brazilcarestore.com\/fr\/#organization\",\"name\":\"Brazil Care Store\",\"url\":\"https:\/\/www.brazilcarestore.com\/fr\/\",\"logo\":{\"@type\":\"ImageObject\",\"inLanguage\":\"fr-FR\",\"@id\":\"https:\/\/www.brazilcarestore.com\/fr\/#\/schema\/logo\/image\/\",\"url\":\"https:\/\/i0.wp.com\/www.brazilcarestore.com\/wp-content\/uploads\/2024\/02\/Brazil-Care-Store.png?fit=350%2C369&ssl=1\",\"contentUrl\":\"https:\/\/i0.wp.com\/www.brazilcarestore.com\/wp-content\/uploads\/2024\/02\/Brazil-Care-Store.png?fit=350%2C369&ssl=1\",\"width\":350,\"height\":369,\"caption\":\"Brazil Care Store\"},\"image\":{\"@id\":\"https:\/\/www.brazilcarestore.com\/fr\/#\/schema\/logo\/image\/\"},\"sameAs\":[\"https:\/\/www.facebook.com\/brazilcarestore\",\"https:\/\/www.instagram.com\/brazilcarestore\",\"https:\/\/www.tiktok.com\/@brazilcarestore\"]}]}<\/script>\n<!-- \/ Yoast SEO plugin. -->","yoast_head_json":{"title":"Oleoterapia Masque capillaire Kerastinni 500ml - Brazil Care Store","description":"Entretien pour revitaliser la brillance, la douceur initiale et prolonger l'effet du scellement cuticulaire.","robots":{"index":"index","follow":"follow","max-snippet":"max-snippet:-1","max-image-preview":"max-image-preview:large","max-video-preview":"max-video-preview:-1"},"canonical":"https:\/\/www.brazilcarestore.com\/fr\/product\/kerastinni-fr\/oleoterapia-masque-capillaire-kerastinni-500ml\/","og_locale":"fr_FR","og_type":"article","og_title":"Oleoterapia Masque capillaire Kerastinni 500ml - Brazil Care Store","og_description":"Entretien pour revitaliser la brillance, la douceur initiale et prolonger l'effet du scellement cuticulaire.","og_url":"https:\/\/www.brazilcarestore.com\/fr\/product\/kerastinni-fr\/oleoterapia-masque-capillaire-kerastinni-500ml\/","og_site_name":"Brazil Care Store","article_publisher":"https:\/\/www.facebook.com\/brazilcarestore","og_image":[{"width":628,"height":642,"url":"https:\/\/i0.wp.com\/www.brazilcarestore.com\/wp-content\/uploads\/2024\/07\/Oleoterapia-Capilar-500ml.png?fit=628%2C642&ssl=1","type":"image\/png"}],"twitter_card":"summary_large_image","twitter_misc":{"Dur\u00e9e de lecture estim\u00e9e":"1 minute"},"schema":{"@context":"https:\/\/schema.org","@graph":[{"@type":"WebPage","@id":"https:\/\/www.brazilcarestore.com\/fr\/product\/kerastinni-fr\/oleoterapia-masque-capillaire-kerastinni-500ml\/","url":"https:\/\/www.brazilcarestore.com\/fr\/product\/kerastinni-fr\/oleoterapia-masque-capillaire-kerastinni-500ml\/","name":"Oleoterapia Masque capillaire Kerastinni 500ml - Brazil Care Store","isPartOf":{"@id":"https:\/\/www.brazilcarestore.com\/fr\/#website"},"primaryImageOfPage":{"@id":"https:\/\/www.brazilcarestore.com\/fr\/product\/kerastinni-fr\/oleoterapia-masque-capillaire-kerastinni-500ml\/#primaryimage"},"image":{"@id":"https:\/\/www.brazilcarestore.com\/fr\/product\/kerastinni-fr\/oleoterapia-masque-capillaire-kerastinni-500ml\/#primaryimage"},"thumbnailUrl":"https:\/\/i0.wp.com\/www.brazilcarestore.com\/wp-content\/uploads\/2024\/07\/Oleoterapia-Capilar-500ml.png?fit=628%2C642&ssl=1","datePublished":"2024-07-02T20:21:37+00:00","description":"Entretien pour revitaliser la brillance, la douceur initiale et prolonger l'effet du scellement cuticulaire.","breadcrumb":{"@id":"https:\/\/www.brazilcarestore.com\/fr\/product\/kerastinni-fr\/oleoterapia-masque-capillaire-kerastinni-500ml\/#breadcrumb"},"inLanguage":"fr-FR","potentialAction":[{"@type":"ReadAction","target":["https:\/\/www.brazilcarestore.com\/fr\/product\/kerastinni-fr\/oleoterapia-masque-capillaire-kerastinni-500ml\/"]}]},{"@type":"ImageObject","inLanguage":"fr-FR","@id":"https:\/\/www.brazilcarestore.com\/fr\/product\/kerastinni-fr\/oleoterapia-masque-capillaire-kerastinni-500ml\/#primaryimage","url":"https:\/\/i0.wp.com\/www.brazilcarestore.com\/wp-content\/uploads\/2024\/07\/Oleoterapia-Capilar-500ml.png?fit=628%2C642&ssl=1","contentUrl":"https:\/\/i0.wp.com\/www.brazilcarestore.com\/wp-content\/uploads\/2024\/07\/Oleoterapia-Capilar-500ml.png?fit=628%2C642&ssl=1","width":628,"height":642},{"@type":"BreadcrumbList","@id":"https:\/\/www.brazilcarestore.com\/fr\/product\/kerastinni-fr\/oleoterapia-masque-capillaire-kerastinni-500ml\/#breadcrumb","itemListElement":[{"@type":"ListItem","position":1,"name":"Home","item":"https:\/\/www.brazilcarestore.com\/fr\/"},{"@type":"ListItem","position":2,"name":"Boutique","item":"https:\/\/www.brazilcarestore.com\/fr\/boutique\/"},{"@type":"ListItem","position":3,"name":"Oleoterapia Masque capillaire Kerastinni 500ml"}]},{"@type":"WebSite","@id":"https:\/\/www.brazilcarestore.com\/fr\/#website","url":"https:\/\/www.brazilcarestore.com\/fr\/","name":"Brazil Care Store","description":"The way to Beauty","publisher":{"@id":"https:\/\/www.brazilcarestore.com\/fr\/#organization"},"potentialAction":[{"@type":"SearchAction","target":{"@type":"EntryPoint","urlTemplate":"https:\/\/www.brazilcarestore.com\/fr\/?s={search_term_string}"},"query-input":{"@type":"PropertyValueSpecification","valueRequired":true,"valueName":"search_term_string"}}],"inLanguage":"fr-FR"},{"@type":"Organization","@id":"https:\/\/www.brazilcarestore.com\/fr\/#organization","name":"Brazil Care Store","url":"https:\/\/www.brazilcarestore.com\/fr\/","logo":{"@type":"ImageObject","inLanguage":"fr-FR","@id":"https:\/\/www.brazilcarestore.com\/fr\/#\/schema\/logo\/image\/","url":"https:\/\/i0.wp.com\/www.brazilcarestore.com\/wp-content\/uploads\/2024\/02\/Brazil-Care-Store.png?fit=350%2C369&ssl=1","contentUrl":"https:\/\/i0.wp.com\/www.brazilcarestore.com\/wp-content\/uploads\/2024\/02\/Brazil-Care-Store.png?fit=350%2C369&ssl=1","width":350,"height":369,"caption":"Brazil Care Store"},"image":{"@id":"https:\/\/www.brazilcarestore.com\/fr\/#\/schema\/logo\/image\/"},"sameAs":["https:\/\/www.facebook.com\/brazilcarestore","https:\/\/www.instagram.com\/brazilcarestore","https:\/\/www.tiktok.com\/@brazilcarestore"]}]}},"_links":{"self":[{"href":"https:\/\/www.brazilcarestore.com\/fr\/wp-json\/wp\/v2\/product\/2428","targetHints":{"allow":["GET"]}}],"collection":[{"href":"https:\/\/www.brazilcarestore.com\/fr\/wp-json\/wp\/v2\/product"}],"about":[{"href":"https:\/\/www.brazilcarestore.com\/fr\/wp-json\/wp\/v2\/types\/product"}],"wp:featuredmedia":[{"embeddable":true,"href":"https:\/\/www.brazilcarestore.com\/fr\/wp-json\/wp\/v2\/media\/1925"}],"wp:attachment":[{"href":"https:\/\/www.brazilcarestore.com\/fr\/wp-json\/wp\/v2\/media?parent=2428"}],"wp:term":[{"taxonomy":"product_brand","embeddable":true,"href":"https:\/\/www.brazilcarestore.com\/fr\/wp-json\/wp\/v2\/product_brand?post=2428"},{"taxonomy":"product_cat","embeddable":true,"href":"https:\/\/www.brazilcarestore.com\/fr\/wp-json\/wp\/v2\/product_cat?post=2428"},{"taxonomy":"product_tag","embeddable":true,"href":"https:\/\/www.brazilcarestore.com\/fr\/wp-json\/wp\/v2\/product_tag?post=2428"}],"curies":[{"name":"wp","href":"https:\/\/api.w.org\/{rel}","templated":true}]}}