{"id":2425,"date":"2024-07-02T17:49:57","date_gmt":"2024-07-02T20:49:57","guid":{"rendered":"https:\/\/www.brazilcarestore.com\/product\/non class\u00e9\/apres-shampooing-reparateur-intense-lizz-pour-cheveux-etape-2\/"},"modified":"2024-07-02T17:49:57","modified_gmt":"2024-07-02T20:49:57","slug":"apres-shampooing-reparateur-intense-lizz-pour-cheveux-etape-2","status":"publish","type":"product","link":"https:\/\/www.brazilcarestore.com\/fr\/product\/kerastinni-fr\/apres-shampooing-reparateur-intense-lizz-pour-cheveux-etape-2\/","title":{"rendered":"Apr\u00e8s-shampooing r\u00e9parateur Intense Lizz pour cheveux \u00c9tape 2"},"content":{"rendered":"<p id=\"tw-target-text\" class=\"tw-data-text tw-text-large tw-ta\" dir=\"ltr\" data-placeholder=\"Tradu\u00e7\u00e3o\" aria-label=\"Texto traduzido\" data-ved=\"2ahUKEwjSjbzFnomHAxXgF7kGHfqcBYsQ3ewLegQIBxAU\"><span class=\"Y2IQFc\" lang=\"en\">Le Mascara Scellant est id\u00e9al pour donner une finition parfaite \u00e0 vos cils, en les gardant d\u00e9finis et pleins de volume. Sa formule exclusive prot\u00e8ge et nourrit les cils, garantissant un regard puissant. Avec ce mascara, vous aurez des cils magnifiques tout au long de la journ\u00e9e. Essayez-le d\u00e8s maintenant et obtenez un look \u00e9poustouflant.   <\/span><\/p>\n","protected":false},"excerpt":{"rendered":"<p id=\"tw-target-text\" class=\"tw-data-text tw-text-large tw-ta\" dir=\"ltr\" data-placeholder=\"Tradu\u00e7\u00e3o\" aria-label=\"Texto traduzido\" data-ved=\"2ahUKEwjSjbzFnomHAxXgF7kGHfqcBYsQ3ewLegQIBxAU\"><span class=\"Y2IQFc\" lang=\"en\">Il agit en neutralisant le pH et en reconnectant les ponts structurels du cheveu \u00e0 la fin de chaque traitement chimique ou progressif.<\/span><\/p>\n","protected":false},"featured_media":1939,"template":"","meta":[],"product_brand":[],"product_cat":[212],"product_tag":[],"class_list":{"0":"post-2425","1":"product","2":"type-product","3":"status-publish","4":"has-post-thumbnail","6":"product_cat-kerastinni-fr","7":"product_shipping_class-leves-ate-499","9":"first","10":"instock","11":"shipping-taxable","12":"purchasable","13":"product-type-simple"},"yoast_head":"<!-- This site is optimized with the Yoast SEO plugin v27.1.1 - https:\/\/yoast.com\/product\/yoast-seo-wordpress\/ -->\n<title>Apr\u00e8s-shampooing r\u00e9parateur Intense Lizz pour cheveux \u00c9tape 2 - Brazil Care Store<\/title>\n<meta name=\"robots\" content=\"index, follow, max-snippet:-1, max-image-preview:large, max-video-preview:-1\" \/>\n<link rel=\"canonical\" href=\"https:\/\/www.brazilcarestore.com\/fr\/product\/kerastinni-fr\/apres-shampooing-reparateur-intense-lizz-pour-cheveux-etape-2\/\" \/>\n<meta property=\"og:locale\" content=\"fr_FR\" \/>\n<meta property=\"og:type\" content=\"article\" \/>\n<meta property=\"og:title\" content=\"Apr\u00e8s-shampooing r\u00e9parateur Intense Lizz pour cheveux \u00c9tape 2 - Brazil Care Store\" \/>\n<meta property=\"og:description\" content=\"Il agit en neutralisant le pH et en reconnectant les ponts structurels du cheveu \u00e0 la fin de chaque traitement chimique ou progressif.\" \/>\n<meta property=\"og:url\" content=\"https:\/\/www.brazilcarestore.com\/fr\/product\/kerastinni-fr\/apres-shampooing-reparateur-intense-lizz-pour-cheveux-etape-2\/\" \/>\n<meta property=\"og:site_name\" content=\"Brazil Care Store\" \/>\n<meta property=\"article:publisher\" content=\"https:\/\/www.facebook.com\/brazilcarestore\" \/>\n<meta property=\"og:image\" content=\"https:\/\/i0.wp.com\/www.brazilcarestore.com\/wp-content\/uploads\/2024\/07\/Design-sem-nome-1.png?fit=1080%2C1080&ssl=1\" \/>\n\t<meta property=\"og:image:width\" content=\"1080\" \/>\n\t<meta property=\"og:image:height\" content=\"1080\" \/>\n\t<meta property=\"og:image:type\" content=\"image\/png\" \/>\n<meta name=\"twitter:card\" content=\"summary_large_image\" \/>\n<script type=\"application\/ld+json\" class=\"yoast-schema-graph\">{\"@context\":\"https:\/\/schema.org\",\"@graph\":[{\"@type\":\"WebPage\",\"@id\":\"https:\/\/www.brazilcarestore.com\/fr\/product\/kerastinni-fr\/apres-shampooing-reparateur-intense-lizz-pour-cheveux-etape-2\/\",\"url\":\"https:\/\/www.brazilcarestore.com\/fr\/product\/kerastinni-fr\/apres-shampooing-reparateur-intense-lizz-pour-cheveux-etape-2\/\",\"name\":\"Apr\u00e8s-shampooing r\u00e9parateur Intense Lizz pour cheveux \u00c9tape 2 - Brazil Care Store\",\"isPartOf\":{\"@id\":\"https:\/\/www.brazilcarestore.com\/fr\/#website\"},\"primaryImageOfPage\":{\"@id\":\"https:\/\/www.brazilcarestore.com\/fr\/product\/kerastinni-fr\/apres-shampooing-reparateur-intense-lizz-pour-cheveux-etape-2\/#primaryimage\"},\"image\":{\"@id\":\"https:\/\/www.brazilcarestore.com\/fr\/product\/kerastinni-fr\/apres-shampooing-reparateur-intense-lizz-pour-cheveux-etape-2\/#primaryimage\"},\"thumbnailUrl\":\"https:\/\/i0.wp.com\/www.brazilcarestore.com\/wp-content\/uploads\/2024\/07\/Design-sem-nome-1.png?fit=1080%2C1080&ssl=1\",\"datePublished\":\"2024-07-02T20:49:57+00:00\",\"breadcrumb\":{\"@id\":\"https:\/\/www.brazilcarestore.com\/fr\/product\/kerastinni-fr\/apres-shampooing-reparateur-intense-lizz-pour-cheveux-etape-2\/#breadcrumb\"},\"inLanguage\":\"fr-FR\",\"potentialAction\":[{\"@type\":\"ReadAction\",\"target\":[\"https:\/\/www.brazilcarestore.com\/fr\/product\/kerastinni-fr\/apres-shampooing-reparateur-intense-lizz-pour-cheveux-etape-2\/\"]}]},{\"@type\":\"ImageObject\",\"inLanguage\":\"fr-FR\",\"@id\":\"https:\/\/www.brazilcarestore.com\/fr\/product\/kerastinni-fr\/apres-shampooing-reparateur-intense-lizz-pour-cheveux-etape-2\/#primaryimage\",\"url\":\"https:\/\/i0.wp.com\/www.brazilcarestore.com\/wp-content\/uploads\/2024\/07\/Design-sem-nome-1.png?fit=1080%2C1080&ssl=1\",\"contentUrl\":\"https:\/\/i0.wp.com\/www.brazilcarestore.com\/wp-content\/uploads\/2024\/07\/Design-sem-nome-1.png?fit=1080%2C1080&ssl=1\",\"width\":1080,\"height\":1080},{\"@type\":\"BreadcrumbList\",\"@id\":\"https:\/\/www.brazilcarestore.com\/fr\/product\/kerastinni-fr\/apres-shampooing-reparateur-intense-lizz-pour-cheveux-etape-2\/#breadcrumb\",\"itemListElement\":[{\"@type\":\"ListItem\",\"position\":1,\"name\":\"Home\",\"item\":\"https:\/\/www.brazilcarestore.com\/fr\/\"},{\"@type\":\"ListItem\",\"position\":2,\"name\":\"Boutique\",\"item\":\"https:\/\/www.brazilcarestore.com\/fr\/boutique\/\"},{\"@type\":\"ListItem\",\"position\":3,\"name\":\"Apr\u00e8s-shampooing r\u00e9parateur Intense Lizz pour cheveux \u00c9tape 2\"}]},{\"@type\":\"WebSite\",\"@id\":\"https:\/\/www.brazilcarestore.com\/fr\/#website\",\"url\":\"https:\/\/www.brazilcarestore.com\/fr\/\",\"name\":\"Brazil Care Store\",\"description\":\"The way to Beauty\",\"publisher\":{\"@id\":\"https:\/\/www.brazilcarestore.com\/fr\/#organization\"},\"potentialAction\":[{\"@type\":\"SearchAction\",\"target\":{\"@type\":\"EntryPoint\",\"urlTemplate\":\"https:\/\/www.brazilcarestore.com\/fr\/?s={search_term_string}\"},\"query-input\":{\"@type\":\"PropertyValueSpecification\",\"valueRequired\":true,\"valueName\":\"search_term_string\"}}],\"inLanguage\":\"fr-FR\"},{\"@type\":\"Organization\",\"@id\":\"https:\/\/www.brazilcarestore.com\/fr\/#organization\",\"name\":\"Brazil Care Store\",\"url\":\"https:\/\/www.brazilcarestore.com\/fr\/\",\"logo\":{\"@type\":\"ImageObject\",\"inLanguage\":\"fr-FR\",\"@id\":\"https:\/\/www.brazilcarestore.com\/fr\/#\/schema\/logo\/image\/\",\"url\":\"https:\/\/i0.wp.com\/www.brazilcarestore.com\/wp-content\/uploads\/2024\/02\/Brazil-Care-Store.png?fit=350%2C369&ssl=1\",\"contentUrl\":\"https:\/\/i0.wp.com\/www.brazilcarestore.com\/wp-content\/uploads\/2024\/02\/Brazil-Care-Store.png?fit=350%2C369&ssl=1\",\"width\":350,\"height\":369,\"caption\":\"Brazil Care Store\"},\"image\":{\"@id\":\"https:\/\/www.brazilcarestore.com\/fr\/#\/schema\/logo\/image\/\"},\"sameAs\":[\"https:\/\/www.facebook.com\/brazilcarestore\",\"https:\/\/www.instagram.com\/brazilcarestore\",\"https:\/\/www.tiktok.com\/@brazilcarestore\"]}]}<\/script>\n<!-- \/ Yoast SEO plugin. -->","yoast_head_json":{"title":"Apr\u00e8s-shampooing r\u00e9parateur Intense Lizz pour cheveux \u00c9tape 2 - Brazil Care Store","robots":{"index":"index","follow":"follow","max-snippet":"max-snippet:-1","max-image-preview":"max-image-preview:large","max-video-preview":"max-video-preview:-1"},"canonical":"https:\/\/www.brazilcarestore.com\/fr\/product\/kerastinni-fr\/apres-shampooing-reparateur-intense-lizz-pour-cheveux-etape-2\/","og_locale":"fr_FR","og_type":"article","og_title":"Apr\u00e8s-shampooing r\u00e9parateur Intense Lizz pour cheveux \u00c9tape 2 - Brazil Care Store","og_description":"Il agit en neutralisant le pH et en reconnectant les ponts structurels du cheveu \u00e0 la fin de chaque traitement chimique ou progressif.","og_url":"https:\/\/www.brazilcarestore.com\/fr\/product\/kerastinni-fr\/apres-shampooing-reparateur-intense-lizz-pour-cheveux-etape-2\/","og_site_name":"Brazil Care Store","article_publisher":"https:\/\/www.facebook.com\/brazilcarestore","og_image":[{"width":1080,"height":1080,"url":"https:\/\/i0.wp.com\/www.brazilcarestore.com\/wp-content\/uploads\/2024\/07\/Design-sem-nome-1.png?fit=1080%2C1080&ssl=1","type":"image\/png"}],"twitter_card":"summary_large_image","schema":{"@context":"https:\/\/schema.org","@graph":[{"@type":"WebPage","@id":"https:\/\/www.brazilcarestore.com\/fr\/product\/kerastinni-fr\/apres-shampooing-reparateur-intense-lizz-pour-cheveux-etape-2\/","url":"https:\/\/www.brazilcarestore.com\/fr\/product\/kerastinni-fr\/apres-shampooing-reparateur-intense-lizz-pour-cheveux-etape-2\/","name":"Apr\u00e8s-shampooing r\u00e9parateur Intense Lizz pour cheveux \u00c9tape 2 - Brazil Care Store","isPartOf":{"@id":"https:\/\/www.brazilcarestore.com\/fr\/#website"},"primaryImageOfPage":{"@id":"https:\/\/www.brazilcarestore.com\/fr\/product\/kerastinni-fr\/apres-shampooing-reparateur-intense-lizz-pour-cheveux-etape-2\/#primaryimage"},"image":{"@id":"https:\/\/www.brazilcarestore.com\/fr\/product\/kerastinni-fr\/apres-shampooing-reparateur-intense-lizz-pour-cheveux-etape-2\/#primaryimage"},"thumbnailUrl":"https:\/\/i0.wp.com\/www.brazilcarestore.com\/wp-content\/uploads\/2024\/07\/Design-sem-nome-1.png?fit=1080%2C1080&ssl=1","datePublished":"2024-07-02T20:49:57+00:00","breadcrumb":{"@id":"https:\/\/www.brazilcarestore.com\/fr\/product\/kerastinni-fr\/apres-shampooing-reparateur-intense-lizz-pour-cheveux-etape-2\/#breadcrumb"},"inLanguage":"fr-FR","potentialAction":[{"@type":"ReadAction","target":["https:\/\/www.brazilcarestore.com\/fr\/product\/kerastinni-fr\/apres-shampooing-reparateur-intense-lizz-pour-cheveux-etape-2\/"]}]},{"@type":"ImageObject","inLanguage":"fr-FR","@id":"https:\/\/www.brazilcarestore.com\/fr\/product\/kerastinni-fr\/apres-shampooing-reparateur-intense-lizz-pour-cheveux-etape-2\/#primaryimage","url":"https:\/\/i0.wp.com\/www.brazilcarestore.com\/wp-content\/uploads\/2024\/07\/Design-sem-nome-1.png?fit=1080%2C1080&ssl=1","contentUrl":"https:\/\/i0.wp.com\/www.brazilcarestore.com\/wp-content\/uploads\/2024\/07\/Design-sem-nome-1.png?fit=1080%2C1080&ssl=1","width":1080,"height":1080},{"@type":"BreadcrumbList","@id":"https:\/\/www.brazilcarestore.com\/fr\/product\/kerastinni-fr\/apres-shampooing-reparateur-intense-lizz-pour-cheveux-etape-2\/#breadcrumb","itemListElement":[{"@type":"ListItem","position":1,"name":"Home","item":"https:\/\/www.brazilcarestore.com\/fr\/"},{"@type":"ListItem","position":2,"name":"Boutique","item":"https:\/\/www.brazilcarestore.com\/fr\/boutique\/"},{"@type":"ListItem","position":3,"name":"Apr\u00e8s-shampooing r\u00e9parateur Intense Lizz pour cheveux \u00c9tape 2"}]},{"@type":"WebSite","@id":"https:\/\/www.brazilcarestore.com\/fr\/#website","url":"https:\/\/www.brazilcarestore.com\/fr\/","name":"Brazil Care Store","description":"The way to Beauty","publisher":{"@id":"https:\/\/www.brazilcarestore.com\/fr\/#organization"},"potentialAction":[{"@type":"SearchAction","target":{"@type":"EntryPoint","urlTemplate":"https:\/\/www.brazilcarestore.com\/fr\/?s={search_term_string}"},"query-input":{"@type":"PropertyValueSpecification","valueRequired":true,"valueName":"search_term_string"}}],"inLanguage":"fr-FR"},{"@type":"Organization","@id":"https:\/\/www.brazilcarestore.com\/fr\/#organization","name":"Brazil Care Store","url":"https:\/\/www.brazilcarestore.com\/fr\/","logo":{"@type":"ImageObject","inLanguage":"fr-FR","@id":"https:\/\/www.brazilcarestore.com\/fr\/#\/schema\/logo\/image\/","url":"https:\/\/i0.wp.com\/www.brazilcarestore.com\/wp-content\/uploads\/2024\/02\/Brazil-Care-Store.png?fit=350%2C369&ssl=1","contentUrl":"https:\/\/i0.wp.com\/www.brazilcarestore.com\/wp-content\/uploads\/2024\/02\/Brazil-Care-Store.png?fit=350%2C369&ssl=1","width":350,"height":369,"caption":"Brazil Care Store"},"image":{"@id":"https:\/\/www.brazilcarestore.com\/fr\/#\/schema\/logo\/image\/"},"sameAs":["https:\/\/www.facebook.com\/brazilcarestore","https:\/\/www.instagram.com\/brazilcarestore","https:\/\/www.tiktok.com\/@brazilcarestore"]}]}},"_links":{"self":[{"href":"https:\/\/www.brazilcarestore.com\/fr\/wp-json\/wp\/v2\/product\/2425","targetHints":{"allow":["GET"]}}],"collection":[{"href":"https:\/\/www.brazilcarestore.com\/fr\/wp-json\/wp\/v2\/product"}],"about":[{"href":"https:\/\/www.brazilcarestore.com\/fr\/wp-json\/wp\/v2\/types\/product"}],"wp:featuredmedia":[{"embeddable":true,"href":"https:\/\/www.brazilcarestore.com\/fr\/wp-json\/wp\/v2\/media\/1939"}],"wp:attachment":[{"href":"https:\/\/www.brazilcarestore.com\/fr\/wp-json\/wp\/v2\/media?parent=2425"}],"wp:term":[{"taxonomy":"product_brand","embeddable":true,"href":"https:\/\/www.brazilcarestore.com\/fr\/wp-json\/wp\/v2\/product_brand?post=2425"},{"taxonomy":"product_cat","embeddable":true,"href":"https:\/\/www.brazilcarestore.com\/fr\/wp-json\/wp\/v2\/product_cat?post=2425"},{"taxonomy":"product_tag","embeddable":true,"href":"https:\/\/www.brazilcarestore.com\/fr\/wp-json\/wp\/v2\/product_tag?post=2425"}],"curies":[{"name":"wp","href":"https:\/\/api.w.org\/{rel}","templated":true}]}}