{"id":2419,"date":"2024-06-17T02:51:20","date_gmt":"2024-06-17T05:51:20","guid":{"rendered":"https:\/\/www.brazilcarestore.com\/product\/non class\u00e9\/phebo-sicilian-lemon-moisturizer-240ml\/"},"modified":"2024-06-17T02:51:20","modified_gmt":"2024-06-17T05:51:20","slug":"phebo-sicilian-lemon-moisturizer-240ml","status":"publish","type":"product","link":"https:\/\/www.brazilcarestore.com\/fr\/product\/granado-fr\/soins-du-corps\/phebo-sicilian-lemon-moisturizer-240ml\/","title":{"rendered":"Phebo Sicilian Lemon Moisturizer 240ml"},"content":{"rendered":"<p id=\"tw-target-text\" class=\"tw-data-text tw-text-large tw-ta\" dir=\"ltr\" data-placeholder=\"Tradu\u00e7\u00e3o\" aria-label=\"Texto traduzido\" data-ved=\"2ahUKEwiR1eLR7OGGAxVwr5UCHR2gBt4Q3ewLegQICxAU\"><span class=\"Y2IQFc\" lang=\"en\">Sicilian Lemon est l&rsquo;un des parfums les plus appr\u00e9ci\u00e9s de Phebo et s\u00e9duit par sa douceur et sa fra\u00eecheur. Inspir\u00e9 par les agr\u00e9ables apr\u00e8s-midi ensoleill\u00e9s de la c\u00f4te m\u00e9diterran\u00e9enne, il est ensoleill\u00e9, vibrant et confortable. La cr\u00e8me hydratante pour le corps contient une forte concentration de parfum pour garantir une peau parfum\u00e9e plus longtemps. Id\u00e9ale pour les corps et les mains secs, la lotion hydratante pour le corps de Phebo a une action humectante, qui prot\u00e8ge la peau contre la perte d&rsquo;humidit\u00e9, et maintient l&rsquo;hydratation naturelle du corps, procurant un toucher soyeux, de la douceur et une apparence saine.   <\/span><\/p>\n","protected":false},"excerpt":{"rendered":"<p id=\"tw-target-text\" class=\"tw-data-text tw-text-large tw-ta\" dir=\"ltr\" data-placeholder=\"Tradu\u00e7\u00e3o\" aria-label=\"Texto traduzido\" data-ved=\"2ahUKEwiR1eLR7OGGAxVwr5UCHR2gBt4Q3ewLegQICxAU\"><span class=\"Y2IQFc\" lang=\"en\">Sa formule est \u00e0 base d&rsquo;ingr\u00e9dients actifs v\u00e9g\u00e9taux et ne contient ni parab\u00e8nes ni colorants. L&#8217;emballage \u00ab\u00a0pompe\u00a0\u00bb reprend l&rsquo;identit\u00e9 visuelle de la ligne Origens, avec une illustration exclusive du designer Gabriel Azevedo.  Produit v\u00e9g\u00e9talien. Non test\u00e9 sur les animaux.<\/span><\/p>\n","protected":false},"featured_media":1915,"template":"","meta":[],"product_brand":[],"product_cat":[127,136,163],"product_tag":[177,164],"class_list":{"0":"post-2419","1":"product","2":"type-product","3":"status-publish","4":"has-post-thumbnail","6":"product_cat-granado-fr","7":"product_cat-phebo-fr","8":"product_cat-soins-du-corps","9":"product_tag-creme","10":"product_tag-soins-du-corps","11":"product_shipping_class-leves-ate-499","13":"first","14":"instock","15":"shipping-taxable","16":"purchasable","17":"product-type-simple"},"yoast_head":"<!-- This site is optimized with the Yoast SEO plugin v27.1.1 - https:\/\/yoast.com\/product\/yoast-seo-wordpress\/ -->\n<title>Phebo Sicilian Lemon Moisturizer 240ml - Brazil Care Store<\/title>\n<meta name=\"robots\" content=\"index, follow, max-snippet:-1, max-image-preview:large, max-video-preview:-1\" \/>\n<link rel=\"canonical\" href=\"https:\/\/www.brazilcarestore.com\/fr\/product\/granado-fr\/soins-du-corps\/phebo-sicilian-lemon-moisturizer-240ml\/\" \/>\n<meta property=\"og:locale\" content=\"fr_FR\" \/>\n<meta property=\"og:type\" content=\"article\" \/>\n<meta property=\"og:title\" content=\"Phebo Sicilian Lemon Moisturizer 240ml - Brazil Care Store\" \/>\n<meta property=\"og:description\" content=\"Sa formule est \u00e0 base d&#039;ingr\u00e9dients actifs v\u00e9g\u00e9taux et ne contient ni parab\u00e8nes ni colorants. L&#039;emballage &quot;pompe&quot; reprend l&#039;identit\u00e9 visuelle de la ligne Origens, avec une illustration exclusive du designer Gabriel Azevedo. Produit v\u00e9g\u00e9talien. Non test\u00e9 sur les animaux.\" \/>\n<meta property=\"og:url\" content=\"https:\/\/www.brazilcarestore.com\/fr\/product\/granado-fr\/soins-du-corps\/phebo-sicilian-lemon-moisturizer-240ml\/\" \/>\n<meta property=\"og:site_name\" content=\"Brazil Care Store\" \/>\n<meta property=\"article:publisher\" content=\"https:\/\/www.facebook.com\/brazilcarestore\" \/>\n<meta property=\"og:image\" content=\"https:\/\/i0.wp.com\/www.brazilcarestore.com\/wp-content\/uploads\/2024\/06\/ean7896512946294_3594.webp?fit=836%2C1076&ssl=1\" \/>\n\t<meta property=\"og:image:width\" content=\"836\" \/>\n\t<meta property=\"og:image:height\" content=\"1076\" \/>\n\t<meta property=\"og:image:type\" content=\"image\/webp\" \/>\n<meta name=\"twitter:card\" content=\"summary_large_image\" \/>\n<meta name=\"twitter:label1\" content=\"Dur\u00e9e de lecture estim\u00e9e\" \/>\n\t<meta name=\"twitter:data1\" content=\"1 minute\" \/>\n<script type=\"application\/ld+json\" class=\"yoast-schema-graph\">{\"@context\":\"https:\/\/schema.org\",\"@graph\":[{\"@type\":\"WebPage\",\"@id\":\"https:\/\/www.brazilcarestore.com\/fr\/product\/granado-fr\/soins-du-corps\/phebo-sicilian-lemon-moisturizer-240ml\/\",\"url\":\"https:\/\/www.brazilcarestore.com\/fr\/product\/granado-fr\/soins-du-corps\/phebo-sicilian-lemon-moisturizer-240ml\/\",\"name\":\"Phebo Sicilian Lemon Moisturizer 240ml - Brazil Care Store\",\"isPartOf\":{\"@id\":\"https:\/\/www.brazilcarestore.com\/fr\/#website\"},\"primaryImageOfPage\":{\"@id\":\"https:\/\/www.brazilcarestore.com\/fr\/product\/granado-fr\/soins-du-corps\/phebo-sicilian-lemon-moisturizer-240ml\/#primaryimage\"},\"image\":{\"@id\":\"https:\/\/www.brazilcarestore.com\/fr\/product\/granado-fr\/soins-du-corps\/phebo-sicilian-lemon-moisturizer-240ml\/#primaryimage\"},\"thumbnailUrl\":\"https:\/\/i0.wp.com\/www.brazilcarestore.com\/wp-content\/uploads\/2024\/06\/ean7896512946294_3594.webp?fit=836%2C1076&ssl=1\",\"datePublished\":\"2024-06-17T05:51:20+00:00\",\"breadcrumb\":{\"@id\":\"https:\/\/www.brazilcarestore.com\/fr\/product\/granado-fr\/soins-du-corps\/phebo-sicilian-lemon-moisturizer-240ml\/#breadcrumb\"},\"inLanguage\":\"fr-FR\",\"potentialAction\":[{\"@type\":\"ReadAction\",\"target\":[\"https:\/\/www.brazilcarestore.com\/fr\/product\/granado-fr\/soins-du-corps\/phebo-sicilian-lemon-moisturizer-240ml\/\"]}]},{\"@type\":\"ImageObject\",\"inLanguage\":\"fr-FR\",\"@id\":\"https:\/\/www.brazilcarestore.com\/fr\/product\/granado-fr\/soins-du-corps\/phebo-sicilian-lemon-moisturizer-240ml\/#primaryimage\",\"url\":\"https:\/\/i0.wp.com\/www.brazilcarestore.com\/wp-content\/uploads\/2024\/06\/ean7896512946294_3594.webp?fit=836%2C1076&ssl=1\",\"contentUrl\":\"https:\/\/i0.wp.com\/www.brazilcarestore.com\/wp-content\/uploads\/2024\/06\/ean7896512946294_3594.webp?fit=836%2C1076&ssl=1\",\"width\":836,\"height\":1076},{\"@type\":\"BreadcrumbList\",\"@id\":\"https:\/\/www.brazilcarestore.com\/fr\/product\/granado-fr\/soins-du-corps\/phebo-sicilian-lemon-moisturizer-240ml\/#breadcrumb\",\"itemListElement\":[{\"@type\":\"ListItem\",\"position\":1,\"name\":\"Home\",\"item\":\"https:\/\/www.brazilcarestore.com\/fr\/\"},{\"@type\":\"ListItem\",\"position\":2,\"name\":\"Boutique\",\"item\":\"https:\/\/www.brazilcarestore.com\/fr\/boutique\/\"},{\"@type\":\"ListItem\",\"position\":3,\"name\":\"Phebo Sicilian Lemon Moisturizer 240ml\"}]},{\"@type\":\"WebSite\",\"@id\":\"https:\/\/www.brazilcarestore.com\/fr\/#website\",\"url\":\"https:\/\/www.brazilcarestore.com\/fr\/\",\"name\":\"Brazil Care Store\",\"description\":\"The way to Beauty\",\"publisher\":{\"@id\":\"https:\/\/www.brazilcarestore.com\/fr\/#organization\"},\"potentialAction\":[{\"@type\":\"SearchAction\",\"target\":{\"@type\":\"EntryPoint\",\"urlTemplate\":\"https:\/\/www.brazilcarestore.com\/fr\/?s={search_term_string}\"},\"query-input\":{\"@type\":\"PropertyValueSpecification\",\"valueRequired\":true,\"valueName\":\"search_term_string\"}}],\"inLanguage\":\"fr-FR\"},{\"@type\":\"Organization\",\"@id\":\"https:\/\/www.brazilcarestore.com\/fr\/#organization\",\"name\":\"Brazil Care Store\",\"url\":\"https:\/\/www.brazilcarestore.com\/fr\/\",\"logo\":{\"@type\":\"ImageObject\",\"inLanguage\":\"fr-FR\",\"@id\":\"https:\/\/www.brazilcarestore.com\/fr\/#\/schema\/logo\/image\/\",\"url\":\"https:\/\/i0.wp.com\/www.brazilcarestore.com\/wp-content\/uploads\/2024\/02\/Brazil-Care-Store.png?fit=350%2C369&ssl=1\",\"contentUrl\":\"https:\/\/i0.wp.com\/www.brazilcarestore.com\/wp-content\/uploads\/2024\/02\/Brazil-Care-Store.png?fit=350%2C369&ssl=1\",\"width\":350,\"height\":369,\"caption\":\"Brazil Care Store\"},\"image\":{\"@id\":\"https:\/\/www.brazilcarestore.com\/fr\/#\/schema\/logo\/image\/\"},\"sameAs\":[\"https:\/\/www.facebook.com\/brazilcarestore\",\"https:\/\/www.instagram.com\/brazilcarestore\",\"https:\/\/www.tiktok.com\/@brazilcarestore\"]}]}<\/script>\n<!-- \/ Yoast SEO plugin. -->","yoast_head_json":{"title":"Phebo Sicilian Lemon Moisturizer 240ml - Brazil Care Store","robots":{"index":"index","follow":"follow","max-snippet":"max-snippet:-1","max-image-preview":"max-image-preview:large","max-video-preview":"max-video-preview:-1"},"canonical":"https:\/\/www.brazilcarestore.com\/fr\/product\/granado-fr\/soins-du-corps\/phebo-sicilian-lemon-moisturizer-240ml\/","og_locale":"fr_FR","og_type":"article","og_title":"Phebo Sicilian Lemon Moisturizer 240ml - Brazil Care Store","og_description":"Sa formule est \u00e0 base d'ingr\u00e9dients actifs v\u00e9g\u00e9taux et ne contient ni parab\u00e8nes ni colorants. L'emballage \"pompe\" reprend l'identit\u00e9 visuelle de la ligne Origens, avec une illustration exclusive du designer Gabriel Azevedo. Produit v\u00e9g\u00e9talien. Non test\u00e9 sur les animaux.","og_url":"https:\/\/www.brazilcarestore.com\/fr\/product\/granado-fr\/soins-du-corps\/phebo-sicilian-lemon-moisturizer-240ml\/","og_site_name":"Brazil Care Store","article_publisher":"https:\/\/www.facebook.com\/brazilcarestore","og_image":[{"width":836,"height":1076,"url":"https:\/\/i0.wp.com\/www.brazilcarestore.com\/wp-content\/uploads\/2024\/06\/ean7896512946294_3594.webp?fit=836%2C1076&ssl=1","type":"image\/webp"}],"twitter_card":"summary_large_image","twitter_misc":{"Dur\u00e9e de lecture estim\u00e9e":"1 minute"},"schema":{"@context":"https:\/\/schema.org","@graph":[{"@type":"WebPage","@id":"https:\/\/www.brazilcarestore.com\/fr\/product\/granado-fr\/soins-du-corps\/phebo-sicilian-lemon-moisturizer-240ml\/","url":"https:\/\/www.brazilcarestore.com\/fr\/product\/granado-fr\/soins-du-corps\/phebo-sicilian-lemon-moisturizer-240ml\/","name":"Phebo Sicilian Lemon Moisturizer 240ml - Brazil Care Store","isPartOf":{"@id":"https:\/\/www.brazilcarestore.com\/fr\/#website"},"primaryImageOfPage":{"@id":"https:\/\/www.brazilcarestore.com\/fr\/product\/granado-fr\/soins-du-corps\/phebo-sicilian-lemon-moisturizer-240ml\/#primaryimage"},"image":{"@id":"https:\/\/www.brazilcarestore.com\/fr\/product\/granado-fr\/soins-du-corps\/phebo-sicilian-lemon-moisturizer-240ml\/#primaryimage"},"thumbnailUrl":"https:\/\/i0.wp.com\/www.brazilcarestore.com\/wp-content\/uploads\/2024\/06\/ean7896512946294_3594.webp?fit=836%2C1076&ssl=1","datePublished":"2024-06-17T05:51:20+00:00","breadcrumb":{"@id":"https:\/\/www.brazilcarestore.com\/fr\/product\/granado-fr\/soins-du-corps\/phebo-sicilian-lemon-moisturizer-240ml\/#breadcrumb"},"inLanguage":"fr-FR","potentialAction":[{"@type":"ReadAction","target":["https:\/\/www.brazilcarestore.com\/fr\/product\/granado-fr\/soins-du-corps\/phebo-sicilian-lemon-moisturizer-240ml\/"]}]},{"@type":"ImageObject","inLanguage":"fr-FR","@id":"https:\/\/www.brazilcarestore.com\/fr\/product\/granado-fr\/soins-du-corps\/phebo-sicilian-lemon-moisturizer-240ml\/#primaryimage","url":"https:\/\/i0.wp.com\/www.brazilcarestore.com\/wp-content\/uploads\/2024\/06\/ean7896512946294_3594.webp?fit=836%2C1076&ssl=1","contentUrl":"https:\/\/i0.wp.com\/www.brazilcarestore.com\/wp-content\/uploads\/2024\/06\/ean7896512946294_3594.webp?fit=836%2C1076&ssl=1","width":836,"height":1076},{"@type":"BreadcrumbList","@id":"https:\/\/www.brazilcarestore.com\/fr\/product\/granado-fr\/soins-du-corps\/phebo-sicilian-lemon-moisturizer-240ml\/#breadcrumb","itemListElement":[{"@type":"ListItem","position":1,"name":"Home","item":"https:\/\/www.brazilcarestore.com\/fr\/"},{"@type":"ListItem","position":2,"name":"Boutique","item":"https:\/\/www.brazilcarestore.com\/fr\/boutique\/"},{"@type":"ListItem","position":3,"name":"Phebo Sicilian Lemon Moisturizer 240ml"}]},{"@type":"WebSite","@id":"https:\/\/www.brazilcarestore.com\/fr\/#website","url":"https:\/\/www.brazilcarestore.com\/fr\/","name":"Brazil Care Store","description":"The way to Beauty","publisher":{"@id":"https:\/\/www.brazilcarestore.com\/fr\/#organization"},"potentialAction":[{"@type":"SearchAction","target":{"@type":"EntryPoint","urlTemplate":"https:\/\/www.brazilcarestore.com\/fr\/?s={search_term_string}"},"query-input":{"@type":"PropertyValueSpecification","valueRequired":true,"valueName":"search_term_string"}}],"inLanguage":"fr-FR"},{"@type":"Organization","@id":"https:\/\/www.brazilcarestore.com\/fr\/#organization","name":"Brazil Care Store","url":"https:\/\/www.brazilcarestore.com\/fr\/","logo":{"@type":"ImageObject","inLanguage":"fr-FR","@id":"https:\/\/www.brazilcarestore.com\/fr\/#\/schema\/logo\/image\/","url":"https:\/\/i0.wp.com\/www.brazilcarestore.com\/wp-content\/uploads\/2024\/02\/Brazil-Care-Store.png?fit=350%2C369&ssl=1","contentUrl":"https:\/\/i0.wp.com\/www.brazilcarestore.com\/wp-content\/uploads\/2024\/02\/Brazil-Care-Store.png?fit=350%2C369&ssl=1","width":350,"height":369,"caption":"Brazil Care Store"},"image":{"@id":"https:\/\/www.brazilcarestore.com\/fr\/#\/schema\/logo\/image\/"},"sameAs":["https:\/\/www.facebook.com\/brazilcarestore","https:\/\/www.instagram.com\/brazilcarestore","https:\/\/www.tiktok.com\/@brazilcarestore"]}]}},"_links":{"self":[{"href":"https:\/\/www.brazilcarestore.com\/fr\/wp-json\/wp\/v2\/product\/2419","targetHints":{"allow":["GET"]}}],"collection":[{"href":"https:\/\/www.brazilcarestore.com\/fr\/wp-json\/wp\/v2\/product"}],"about":[{"href":"https:\/\/www.brazilcarestore.com\/fr\/wp-json\/wp\/v2\/types\/product"}],"wp:featuredmedia":[{"embeddable":true,"href":"https:\/\/www.brazilcarestore.com\/fr\/wp-json\/wp\/v2\/media\/1915"}],"wp:attachment":[{"href":"https:\/\/www.brazilcarestore.com\/fr\/wp-json\/wp\/v2\/media?parent=2419"}],"wp:term":[{"taxonomy":"product_brand","embeddable":true,"href":"https:\/\/www.brazilcarestore.com\/fr\/wp-json\/wp\/v2\/product_brand?post=2419"},{"taxonomy":"product_cat","embeddable":true,"href":"https:\/\/www.brazilcarestore.com\/fr\/wp-json\/wp\/v2\/product_cat?post=2419"},{"taxonomy":"product_tag","embeddable":true,"href":"https:\/\/www.brazilcarestore.com\/fr\/wp-json\/wp\/v2\/product_tag?post=2419"}],"curies":[{"name":"wp","href":"https:\/\/api.w.org\/{rel}","templated":true}]}}