{"id":2396,"date":"2024-04-29T19:15:44","date_gmt":"2024-04-29T22:15:44","guid":{"rendered":"https:\/\/www.brazilcarestore.com\/product\/non class\u00e9\/creme-pour-lerytheme-fessier-granado-baby-50g\/"},"modified":"2024-04-29T19:15:44","modified_gmt":"2024-04-29T22:15:44","slug":"creme-pour-lerytheme-fessier-granado-baby-50g","status":"publish","type":"product","link":"https:\/\/www.brazilcarestore.com\/fr\/product\/granado-fr\/bebe-fr\/creme-pour-lerytheme-fessier-granado-baby-50g\/","title":{"rendered":"Cr\u00e8me pour l&rsquo;\u00e9ryth\u00e8me fessier Granado Baby 50g"},"content":{"rendered":"<p>Le format id\u00e9al \u00e0 glisser dans le sac de b\u00e9b\u00e9 ! Pr\u00e9vient l&rsquo;\u00e9ryth\u00e8me fessier et r\u00e9pare la peau de b\u00e9b\u00e9. Apporte un soulagement rapide et un confort imm\u00e9diat. Toucher sec, bonne capacit\u00e9 d&rsquo;\u00e9talement et facilit\u00e9 d&rsquo;enl\u00e8vement. Formul\u00e9 avec 40% d&rsquo;oxyde de zinc, il offre une action s\u00e9chante puissante. Enrichi en D-panth\u00e9nol, allanto\u00efne, huile d&rsquo;amande douce, prot\u00e9ines de bl\u00e9, avoine et amande douce, et vitamine E.     <\/p>\n","protected":false},"excerpt":{"rendered":"<p>Le format id\u00e9al \u00e0 glisser dans le sac de b\u00e9b\u00e9 ! Pr\u00e9vient l&rsquo;\u00e9ryth\u00e8me fessier et r\u00e9pare la peau de b\u00e9b\u00e9. Apporte un soulagement rapide et un confort imm\u00e9diat. Toucher sec, bonne capacit\u00e9 d&rsquo;\u00e9talement et facilit\u00e9 d&rsquo;enl\u00e8vement. Formul\u00e9 avec 40% d&rsquo;oxyde de zinc, il offre une action s\u00e9chante puissante. Enrichi en D-panth\u00e9nol, allanto\u00efne, huile d&rsquo;amande douce, prot\u00e9ines de bl\u00e9, avoine et amande douce, et vitamine E.     <\/p>\n","protected":false},"featured_media":1855,"template":"","meta":[],"product_brand":[],"product_cat":[147,127,163],"product_tag":[149,177,176],"class_list":{"0":"post-2396","1":"product","2":"type-product","3":"status-publish","4":"has-post-thumbnail","6":"product_cat-bebe-fr","7":"product_cat-granado-fr","8":"product_cat-soins-du-corps","9":"product_tag-bebe-fr","10":"product_tag-creme","11":"product_tag-eruption","12":"product_shipping_class-leves-ate-499","14":"first","15":"instock","16":"shipping-taxable","17":"purchasable","18":"product-type-simple"},"yoast_head":"<!-- This site is optimized with the Yoast SEO plugin v27.1.1 - https:\/\/yoast.com\/product\/yoast-seo-wordpress\/ -->\n<title>Cr\u00e8me pour l&#039;\u00e9ryth\u00e8me fessier Granado Baby 50g - Brazil Care Store<\/title>\n<meta name=\"robots\" content=\"index, follow, max-snippet:-1, max-image-preview:large, max-video-preview:-1\" \/>\n<link rel=\"canonical\" href=\"https:\/\/www.brazilcarestore.com\/fr\/product\/granado-fr\/bebe-fr\/creme-pour-lerytheme-fessier-granado-baby-50g\/\" \/>\n<meta property=\"og:locale\" content=\"fr_FR\" \/>\n<meta property=\"og:type\" content=\"article\" \/>\n<meta property=\"og:title\" content=\"Cr\u00e8me pour l&#039;\u00e9ryth\u00e8me fessier Granado Baby 50g - Brazil Care Store\" \/>\n<meta property=\"og:description\" content=\"Le format id\u00e9al \u00e0 glisser dans le sac de b\u00e9b\u00e9 ! Pr\u00e9vient l&#039;\u00e9ryth\u00e8me fessier et r\u00e9pare la peau de b\u00e9b\u00e9. Apporte un soulagement rapide et un confort imm\u00e9diat. Toucher sec, bonne capacit\u00e9 d&#039;\u00e9talement et facilit\u00e9 d&#039;enl\u00e8vement. Formul\u00e9 avec 40% d&#039;oxyde de zinc, il offre une action s\u00e9chante puissante. Enrichi en D-panth\u00e9nol, allanto\u00efne, huile d&#039;amande douce, prot\u00e9ines de bl\u00e9, avoine et amande douce, et vitamine E.\" \/>\n<meta property=\"og:url\" content=\"https:\/\/www.brazilcarestore.com\/fr\/product\/granado-fr\/bebe-fr\/creme-pour-lerytheme-fessier-granado-baby-50g\/\" \/>\n<meta property=\"og:site_name\" content=\"Brazil Care Store\" \/>\n<meta property=\"article:publisher\" content=\"https:\/\/www.facebook.com\/brazilcarestore\" \/>\n<meta name=\"twitter:card\" content=\"summary_large_image\" \/>\n<script type=\"application\/ld+json\" class=\"yoast-schema-graph\">{\"@context\":\"https:\/\/schema.org\",\"@graph\":[{\"@type\":\"WebPage\",\"@id\":\"https:\/\/www.brazilcarestore.com\/fr\/product\/granado-fr\/bebe-fr\/creme-pour-lerytheme-fessier-granado-baby-50g\/\",\"url\":\"https:\/\/www.brazilcarestore.com\/fr\/product\/granado-fr\/bebe-fr\/creme-pour-lerytheme-fessier-granado-baby-50g\/\",\"name\":\"Cr\u00e8me pour l'\u00e9ryth\u00e8me fessier Granado Baby 50g - Brazil Care Store\",\"isPartOf\":{\"@id\":\"https:\/\/www.brazilcarestore.com\/fr\/#website\"},\"primaryImageOfPage\":{\"@id\":\"https:\/\/www.brazilcarestore.com\/fr\/product\/granado-fr\/bebe-fr\/creme-pour-lerytheme-fessier-granado-baby-50g\/#primaryimage\"},\"image\":{\"@id\":\"https:\/\/www.brazilcarestore.com\/fr\/product\/granado-fr\/bebe-fr\/creme-pour-lerytheme-fessier-granado-baby-50g\/#primaryimage\"},\"thumbnailUrl\":\"https:\/\/i0.wp.com\/www.brazilcarestore.com\/wp-content\/uploads\/2024\/04\/Granado-Baby-Cream-Against-Rashes-FOTO-1.webp?fit=836%2C1076&ssl=1\",\"datePublished\":\"2024-04-29T22:15:44+00:00\",\"breadcrumb\":{\"@id\":\"https:\/\/www.brazilcarestore.com\/fr\/product\/granado-fr\/bebe-fr\/creme-pour-lerytheme-fessier-granado-baby-50g\/#breadcrumb\"},\"inLanguage\":\"fr-FR\",\"potentialAction\":[{\"@type\":\"ReadAction\",\"target\":[\"https:\/\/www.brazilcarestore.com\/fr\/product\/granado-fr\/bebe-fr\/creme-pour-lerytheme-fessier-granado-baby-50g\/\"]}]},{\"@type\":\"ImageObject\",\"inLanguage\":\"fr-FR\",\"@id\":\"https:\/\/www.brazilcarestore.com\/fr\/product\/granado-fr\/bebe-fr\/creme-pour-lerytheme-fessier-granado-baby-50g\/#primaryimage\",\"url\":\"https:\/\/i0.wp.com\/www.brazilcarestore.com\/wp-content\/uploads\/2024\/04\/Granado-Baby-Cream-Against-Rashes-FOTO-1.webp?fit=836%2C1076&ssl=1\",\"contentUrl\":\"https:\/\/i0.wp.com\/www.brazilcarestore.com\/wp-content\/uploads\/2024\/04\/Granado-Baby-Cream-Against-Rashes-FOTO-1.webp?fit=836%2C1076&ssl=1\",\"width\":836,\"height\":1076,\"caption\":\"Granado Baby Cream Against Rashes 50g\"},{\"@type\":\"BreadcrumbList\",\"@id\":\"https:\/\/www.brazilcarestore.com\/fr\/product\/granado-fr\/bebe-fr\/creme-pour-lerytheme-fessier-granado-baby-50g\/#breadcrumb\",\"itemListElement\":[{\"@type\":\"ListItem\",\"position\":1,\"name\":\"Home\",\"item\":\"https:\/\/www.brazilcarestore.com\/fr\/\"},{\"@type\":\"ListItem\",\"position\":2,\"name\":\"Boutique\",\"item\":\"https:\/\/www.brazilcarestore.com\/fr\/boutique\/\"},{\"@type\":\"ListItem\",\"position\":3,\"name\":\"Cr\u00e8me pour l&#8217;\u00e9ryth\u00e8me fessier Granado Baby 50g\"}]},{\"@type\":\"WebSite\",\"@id\":\"https:\/\/www.brazilcarestore.com\/fr\/#website\",\"url\":\"https:\/\/www.brazilcarestore.com\/fr\/\",\"name\":\"Brazil Care Store\",\"description\":\"The way to Beauty\",\"publisher\":{\"@id\":\"https:\/\/www.brazilcarestore.com\/fr\/#organization\"},\"potentialAction\":[{\"@type\":\"SearchAction\",\"target\":{\"@type\":\"EntryPoint\",\"urlTemplate\":\"https:\/\/www.brazilcarestore.com\/fr\/?s={search_term_string}\"},\"query-input\":{\"@type\":\"PropertyValueSpecification\",\"valueRequired\":true,\"valueName\":\"search_term_string\"}}],\"inLanguage\":\"fr-FR\"},{\"@type\":\"Organization\",\"@id\":\"https:\/\/www.brazilcarestore.com\/fr\/#organization\",\"name\":\"Brazil Care Store\",\"url\":\"https:\/\/www.brazilcarestore.com\/fr\/\",\"logo\":{\"@type\":\"ImageObject\",\"inLanguage\":\"fr-FR\",\"@id\":\"https:\/\/www.brazilcarestore.com\/fr\/#\/schema\/logo\/image\/\",\"url\":\"https:\/\/i0.wp.com\/www.brazilcarestore.com\/wp-content\/uploads\/2024\/02\/Brazil-Care-Store.png?fit=350%2C369&ssl=1\",\"contentUrl\":\"https:\/\/i0.wp.com\/www.brazilcarestore.com\/wp-content\/uploads\/2024\/02\/Brazil-Care-Store.png?fit=350%2C369&ssl=1\",\"width\":350,\"height\":369,\"caption\":\"Brazil Care Store\"},\"image\":{\"@id\":\"https:\/\/www.brazilcarestore.com\/fr\/#\/schema\/logo\/image\/\"},\"sameAs\":[\"https:\/\/www.facebook.com\/brazilcarestore\",\"https:\/\/www.instagram.com\/brazilcarestore\",\"https:\/\/www.tiktok.com\/@brazilcarestore\"]}]}<\/script>\n<!-- \/ Yoast SEO plugin. -->","yoast_head_json":{"title":"Cr\u00e8me pour l'\u00e9ryth\u00e8me fessier Granado Baby 50g - Brazil Care Store","robots":{"index":"index","follow":"follow","max-snippet":"max-snippet:-1","max-image-preview":"max-image-preview:large","max-video-preview":"max-video-preview:-1"},"canonical":"https:\/\/www.brazilcarestore.com\/fr\/product\/granado-fr\/bebe-fr\/creme-pour-lerytheme-fessier-granado-baby-50g\/","og_locale":"fr_FR","og_type":"article","og_title":"Cr\u00e8me pour l'\u00e9ryth\u00e8me fessier Granado Baby 50g - Brazil Care Store","og_description":"Le format id\u00e9al \u00e0 glisser dans le sac de b\u00e9b\u00e9 ! Pr\u00e9vient l'\u00e9ryth\u00e8me fessier et r\u00e9pare la peau de b\u00e9b\u00e9. Apporte un soulagement rapide et un confort imm\u00e9diat. Toucher sec, bonne capacit\u00e9 d'\u00e9talement et facilit\u00e9 d'enl\u00e8vement. Formul\u00e9 avec 40% d'oxyde de zinc, il offre une action s\u00e9chante puissante. Enrichi en D-panth\u00e9nol, allanto\u00efne, huile d'amande douce, prot\u00e9ines de bl\u00e9, avoine et amande douce, et vitamine E.","og_url":"https:\/\/www.brazilcarestore.com\/fr\/product\/granado-fr\/bebe-fr\/creme-pour-lerytheme-fessier-granado-baby-50g\/","og_site_name":"Brazil Care Store","article_publisher":"https:\/\/www.facebook.com\/brazilcarestore","twitter_card":"summary_large_image","schema":{"@context":"https:\/\/schema.org","@graph":[{"@type":"WebPage","@id":"https:\/\/www.brazilcarestore.com\/fr\/product\/granado-fr\/bebe-fr\/creme-pour-lerytheme-fessier-granado-baby-50g\/","url":"https:\/\/www.brazilcarestore.com\/fr\/product\/granado-fr\/bebe-fr\/creme-pour-lerytheme-fessier-granado-baby-50g\/","name":"Cr\u00e8me pour l'\u00e9ryth\u00e8me fessier Granado Baby 50g - Brazil Care Store","isPartOf":{"@id":"https:\/\/www.brazilcarestore.com\/fr\/#website"},"primaryImageOfPage":{"@id":"https:\/\/www.brazilcarestore.com\/fr\/product\/granado-fr\/bebe-fr\/creme-pour-lerytheme-fessier-granado-baby-50g\/#primaryimage"},"image":{"@id":"https:\/\/www.brazilcarestore.com\/fr\/product\/granado-fr\/bebe-fr\/creme-pour-lerytheme-fessier-granado-baby-50g\/#primaryimage"},"thumbnailUrl":"https:\/\/i0.wp.com\/www.brazilcarestore.com\/wp-content\/uploads\/2024\/04\/Granado-Baby-Cream-Against-Rashes-FOTO-1.webp?fit=836%2C1076&ssl=1","datePublished":"2024-04-29T22:15:44+00:00","breadcrumb":{"@id":"https:\/\/www.brazilcarestore.com\/fr\/product\/granado-fr\/bebe-fr\/creme-pour-lerytheme-fessier-granado-baby-50g\/#breadcrumb"},"inLanguage":"fr-FR","potentialAction":[{"@type":"ReadAction","target":["https:\/\/www.brazilcarestore.com\/fr\/product\/granado-fr\/bebe-fr\/creme-pour-lerytheme-fessier-granado-baby-50g\/"]}]},{"@type":"ImageObject","inLanguage":"fr-FR","@id":"https:\/\/www.brazilcarestore.com\/fr\/product\/granado-fr\/bebe-fr\/creme-pour-lerytheme-fessier-granado-baby-50g\/#primaryimage","url":"https:\/\/i0.wp.com\/www.brazilcarestore.com\/wp-content\/uploads\/2024\/04\/Granado-Baby-Cream-Against-Rashes-FOTO-1.webp?fit=836%2C1076&ssl=1","contentUrl":"https:\/\/i0.wp.com\/www.brazilcarestore.com\/wp-content\/uploads\/2024\/04\/Granado-Baby-Cream-Against-Rashes-FOTO-1.webp?fit=836%2C1076&ssl=1","width":836,"height":1076,"caption":"Granado Baby Cream Against Rashes 50g"},{"@type":"BreadcrumbList","@id":"https:\/\/www.brazilcarestore.com\/fr\/product\/granado-fr\/bebe-fr\/creme-pour-lerytheme-fessier-granado-baby-50g\/#breadcrumb","itemListElement":[{"@type":"ListItem","position":1,"name":"Home","item":"https:\/\/www.brazilcarestore.com\/fr\/"},{"@type":"ListItem","position":2,"name":"Boutique","item":"https:\/\/www.brazilcarestore.com\/fr\/boutique\/"},{"@type":"ListItem","position":3,"name":"Cr\u00e8me pour l&#8217;\u00e9ryth\u00e8me fessier Granado Baby 50g"}]},{"@type":"WebSite","@id":"https:\/\/www.brazilcarestore.com\/fr\/#website","url":"https:\/\/www.brazilcarestore.com\/fr\/","name":"Brazil Care Store","description":"The way to Beauty","publisher":{"@id":"https:\/\/www.brazilcarestore.com\/fr\/#organization"},"potentialAction":[{"@type":"SearchAction","target":{"@type":"EntryPoint","urlTemplate":"https:\/\/www.brazilcarestore.com\/fr\/?s={search_term_string}"},"query-input":{"@type":"PropertyValueSpecification","valueRequired":true,"valueName":"search_term_string"}}],"inLanguage":"fr-FR"},{"@type":"Organization","@id":"https:\/\/www.brazilcarestore.com\/fr\/#organization","name":"Brazil Care Store","url":"https:\/\/www.brazilcarestore.com\/fr\/","logo":{"@type":"ImageObject","inLanguage":"fr-FR","@id":"https:\/\/www.brazilcarestore.com\/fr\/#\/schema\/logo\/image\/","url":"https:\/\/i0.wp.com\/www.brazilcarestore.com\/wp-content\/uploads\/2024\/02\/Brazil-Care-Store.png?fit=350%2C369&ssl=1","contentUrl":"https:\/\/i0.wp.com\/www.brazilcarestore.com\/wp-content\/uploads\/2024\/02\/Brazil-Care-Store.png?fit=350%2C369&ssl=1","width":350,"height":369,"caption":"Brazil Care Store"},"image":{"@id":"https:\/\/www.brazilcarestore.com\/fr\/#\/schema\/logo\/image\/"},"sameAs":["https:\/\/www.facebook.com\/brazilcarestore","https:\/\/www.instagram.com\/brazilcarestore","https:\/\/www.tiktok.com\/@brazilcarestore"]}]}},"_links":{"self":[{"href":"https:\/\/www.brazilcarestore.com\/fr\/wp-json\/wp\/v2\/product\/2396","targetHints":{"allow":["GET"]}}],"collection":[{"href":"https:\/\/www.brazilcarestore.com\/fr\/wp-json\/wp\/v2\/product"}],"about":[{"href":"https:\/\/www.brazilcarestore.com\/fr\/wp-json\/wp\/v2\/types\/product"}],"wp:featuredmedia":[{"embeddable":true,"href":"https:\/\/www.brazilcarestore.com\/fr\/wp-json\/wp\/v2\/media\/1855"}],"wp:attachment":[{"href":"https:\/\/www.brazilcarestore.com\/fr\/wp-json\/wp\/v2\/media?parent=2396"}],"wp:term":[{"taxonomy":"product_brand","embeddable":true,"href":"https:\/\/www.brazilcarestore.com\/fr\/wp-json\/wp\/v2\/product_brand?post=2396"},{"taxonomy":"product_cat","embeddable":true,"href":"https:\/\/www.brazilcarestore.com\/fr\/wp-json\/wp\/v2\/product_cat?post=2396"},{"taxonomy":"product_tag","embeddable":true,"href":"https:\/\/www.brazilcarestore.com\/fr\/wp-json\/wp\/v2\/product_tag?post=2396"}],"curies":[{"name":"wp","href":"https:\/\/api.w.org\/{rel}","templated":true}]}}