{"id":2393,"date":"2024-04-29T19:01:04","date_gmt":"2024-04-29T22:01:04","guid":{"rendered":"https:\/\/www.brazilcarestore.com\/product\/non class\u00e9\/granado-lavender-room-diffuser-250ml\/"},"modified":"2024-04-29T19:01:04","modified_gmt":"2024-04-29T22:01:04","slug":"granado-lavender-room-diffuser-250ml","status":"publish","type":"product","link":"https:\/\/www.brazilcarestore.com\/fr\/product\/granado-fr\/diffuseur\/granado-lavender-room-diffuser-250ml\/","title":{"rendered":"Granado Lavender Room Diffuser 250ml"},"content":{"rendered":"<p>Parfum aux notes de t\u00eate fra\u00eeches et \u00e0 la base bois\u00e9e. Liquide aromatique dans un beau flacon en verre d\u00e9poli pour parfumer et d\u00e9corer l&rsquo;environnement. D&rsquo;origine m\u00e9diterran\u00e9enne, la lavande est cultiv\u00e9e depuis l&rsquo;aube de la civilisation et utilis\u00e9e pour soulager les sympt\u00f4mes de l&rsquo;insomnie et de l&rsquo;irritabilit\u00e9. Connue pour ses propri\u00e9t\u00e9s curatives, purifiantes et relaxantes, elle \u00e9tait la senteur pr\u00e9f\u00e9r\u00e9e des Grecs et des Romains dans leurs bains. Ne contient aucun ingr\u00e9dient d&rsquo;origine animale.    <\/p>\n","protected":false},"excerpt":{"rendered":"<p>Parfum aux notes de t\u00eate fra\u00eeches et \u00e0 la base bois\u00e9e. Liquide aromatique dans un beau flacon en verre d\u00e9poli pour parfumer et d\u00e9corer l&rsquo;environnement. D&rsquo;origine m\u00e9diterran\u00e9enne, la lavande est cultiv\u00e9e depuis l&rsquo;aube de la civilisation et utilis\u00e9e pour soulager les sympt\u00f4mes de l&rsquo;insomnie et de l&rsquo;irritabilit\u00e9. Connue pour ses propri\u00e9t\u00e9s curatives, purifiantes et relaxantes, elle \u00e9tait la senteur pr\u00e9f\u00e9r\u00e9e des Grecs et des Romains dans leurs bains. Ne contient aucun ingr\u00e9dient d&rsquo;origine animale.    <\/p>\n","protected":false},"featured_media":1833,"template":"","meta":[],"product_brand":[],"product_cat":[172,127],"product_tag":[173],"class_list":{"0":"post-2393","1":"product","2":"type-product","3":"status-publish","4":"has-post-thumbnail","6":"product_cat-diffuseur","7":"product_cat-granado-fr","8":"product_tag-diffuseur","9":"product_shipping_class-leves-ate-499","11":"first","12":"instock","13":"shipping-taxable","14":"purchasable","15":"product-type-simple"},"yoast_head":"<!-- This site is optimized with the Yoast SEO plugin v27.1.1 - https:\/\/yoast.com\/product\/yoast-seo-wordpress\/ -->\n<title>Granado Lavender Room Diffuser 250ml - Brazil Care Store<\/title>\n<meta name=\"robots\" content=\"index, follow, max-snippet:-1, max-image-preview:large, max-video-preview:-1\" \/>\n<link rel=\"canonical\" href=\"https:\/\/www.brazilcarestore.com\/fr\/product\/granado-fr\/diffuseur\/granado-lavender-room-diffuser-250ml\/\" \/>\n<meta property=\"og:locale\" content=\"fr_FR\" \/>\n<meta property=\"og:type\" content=\"article\" \/>\n<meta property=\"og:title\" content=\"Granado Lavender Room Diffuser 250ml - Brazil Care Store\" \/>\n<meta property=\"og:description\" content=\"Parfum aux notes de t\u00eate fra\u00eeches et \u00e0 la base bois\u00e9e. Liquide aromatique dans un beau flacon en verre d\u00e9poli pour parfumer et d\u00e9corer l&#039;environnement. D&#039;origine m\u00e9diterran\u00e9enne, la lavande est cultiv\u00e9e depuis l&#039;aube de la civilisation et utilis\u00e9e pour soulager les sympt\u00f4mes de l&#039;insomnie et de l&#039;irritabilit\u00e9. Connue pour ses propri\u00e9t\u00e9s curatives, purifiantes et relaxantes, elle \u00e9tait la senteur pr\u00e9f\u00e9r\u00e9e des Grecs et des Romains dans leurs bains. Ne contient aucun ingr\u00e9dient d&#039;origine animale.\" \/>\n<meta property=\"og:url\" content=\"https:\/\/www.brazilcarestore.com\/fr\/product\/granado-fr\/diffuseur\/granado-lavender-room-diffuser-250ml\/\" \/>\n<meta property=\"og:site_name\" content=\"Brazil Care Store\" \/>\n<meta property=\"article:publisher\" content=\"https:\/\/www.facebook.com\/brazilcarestore\" \/>\n<meta name=\"twitter:card\" content=\"summary_large_image\" \/>\n<script type=\"application\/ld+json\" class=\"yoast-schema-graph\">{\"@context\":\"https:\/\/schema.org\",\"@graph\":[{\"@type\":\"WebPage\",\"@id\":\"https:\/\/www.brazilcarestore.com\/fr\/product\/granado-fr\/diffuseur\/granado-lavender-room-diffuser-250ml\/\",\"url\":\"https:\/\/www.brazilcarestore.com\/fr\/product\/granado-fr\/diffuseur\/granado-lavender-room-diffuser-250ml\/\",\"name\":\"Granado Lavender Room Diffuser 250ml - Brazil Care Store\",\"isPartOf\":{\"@id\":\"https:\/\/www.brazilcarestore.com\/fr\/#website\"},\"primaryImageOfPage\":{\"@id\":\"https:\/\/www.brazilcarestore.com\/fr\/product\/granado-fr\/diffuseur\/granado-lavender-room-diffuser-250ml\/#primaryimage\"},\"image\":{\"@id\":\"https:\/\/www.brazilcarestore.com\/fr\/product\/granado-fr\/diffuseur\/granado-lavender-room-diffuser-250ml\/#primaryimage\"},\"thumbnailUrl\":\"https:\/\/i0.wp.com\/www.brazilcarestore.com\/wp-content\/uploads\/2024\/04\/Granado-Lavender-Room-Diffuser-1.webp?fit=836%2C1076&ssl=1\",\"datePublished\":\"2024-04-29T22:01:04+00:00\",\"breadcrumb\":{\"@id\":\"https:\/\/www.brazilcarestore.com\/fr\/product\/granado-fr\/diffuseur\/granado-lavender-room-diffuser-250ml\/#breadcrumb\"},\"inLanguage\":\"fr-FR\",\"potentialAction\":[{\"@type\":\"ReadAction\",\"target\":[\"https:\/\/www.brazilcarestore.com\/fr\/product\/granado-fr\/diffuseur\/granado-lavender-room-diffuser-250ml\/\"]}]},{\"@type\":\"ImageObject\",\"inLanguage\":\"fr-FR\",\"@id\":\"https:\/\/www.brazilcarestore.com\/fr\/product\/granado-fr\/diffuseur\/granado-lavender-room-diffuser-250ml\/#primaryimage\",\"url\":\"https:\/\/i0.wp.com\/www.brazilcarestore.com\/wp-content\/uploads\/2024\/04\/Granado-Lavender-Room-Diffuser-1.webp?fit=836%2C1076&ssl=1\",\"contentUrl\":\"https:\/\/i0.wp.com\/www.brazilcarestore.com\/wp-content\/uploads\/2024\/04\/Granado-Lavender-Room-Diffuser-1.webp?fit=836%2C1076&ssl=1\",\"width\":836,\"height\":1076,\"caption\":\"Granado Lavender Room Diffuser 250ml\"},{\"@type\":\"BreadcrumbList\",\"@id\":\"https:\/\/www.brazilcarestore.com\/fr\/product\/granado-fr\/diffuseur\/granado-lavender-room-diffuser-250ml\/#breadcrumb\",\"itemListElement\":[{\"@type\":\"ListItem\",\"position\":1,\"name\":\"Home\",\"item\":\"https:\/\/www.brazilcarestore.com\/fr\/\"},{\"@type\":\"ListItem\",\"position\":2,\"name\":\"Boutique\",\"item\":\"https:\/\/www.brazilcarestore.com\/fr\/boutique\/\"},{\"@type\":\"ListItem\",\"position\":3,\"name\":\"Granado Lavender Room Diffuser 250ml\"}]},{\"@type\":\"WebSite\",\"@id\":\"https:\/\/www.brazilcarestore.com\/fr\/#website\",\"url\":\"https:\/\/www.brazilcarestore.com\/fr\/\",\"name\":\"Brazil Care Store\",\"description\":\"The way to Beauty\",\"publisher\":{\"@id\":\"https:\/\/www.brazilcarestore.com\/fr\/#organization\"},\"potentialAction\":[{\"@type\":\"SearchAction\",\"target\":{\"@type\":\"EntryPoint\",\"urlTemplate\":\"https:\/\/www.brazilcarestore.com\/fr\/?s={search_term_string}\"},\"query-input\":{\"@type\":\"PropertyValueSpecification\",\"valueRequired\":true,\"valueName\":\"search_term_string\"}}],\"inLanguage\":\"fr-FR\"},{\"@type\":\"Organization\",\"@id\":\"https:\/\/www.brazilcarestore.com\/fr\/#organization\",\"name\":\"Brazil Care Store\",\"url\":\"https:\/\/www.brazilcarestore.com\/fr\/\",\"logo\":{\"@type\":\"ImageObject\",\"inLanguage\":\"fr-FR\",\"@id\":\"https:\/\/www.brazilcarestore.com\/fr\/#\/schema\/logo\/image\/\",\"url\":\"https:\/\/i0.wp.com\/www.brazilcarestore.com\/wp-content\/uploads\/2024\/02\/Brazil-Care-Store.png?fit=350%2C369&ssl=1\",\"contentUrl\":\"https:\/\/i0.wp.com\/www.brazilcarestore.com\/wp-content\/uploads\/2024\/02\/Brazil-Care-Store.png?fit=350%2C369&ssl=1\",\"width\":350,\"height\":369,\"caption\":\"Brazil Care Store\"},\"image\":{\"@id\":\"https:\/\/www.brazilcarestore.com\/fr\/#\/schema\/logo\/image\/\"},\"sameAs\":[\"https:\/\/www.facebook.com\/brazilcarestore\",\"https:\/\/www.instagram.com\/brazilcarestore\",\"https:\/\/www.tiktok.com\/@brazilcarestore\"]}]}<\/script>\n<!-- \/ Yoast SEO plugin. -->","yoast_head_json":{"title":"Granado Lavender Room Diffuser 250ml - Brazil Care Store","robots":{"index":"index","follow":"follow","max-snippet":"max-snippet:-1","max-image-preview":"max-image-preview:large","max-video-preview":"max-video-preview:-1"},"canonical":"https:\/\/www.brazilcarestore.com\/fr\/product\/granado-fr\/diffuseur\/granado-lavender-room-diffuser-250ml\/","og_locale":"fr_FR","og_type":"article","og_title":"Granado Lavender Room Diffuser 250ml - Brazil Care Store","og_description":"Parfum aux notes de t\u00eate fra\u00eeches et \u00e0 la base bois\u00e9e. Liquide aromatique dans un beau flacon en verre d\u00e9poli pour parfumer et d\u00e9corer l'environnement. D'origine m\u00e9diterran\u00e9enne, la lavande est cultiv\u00e9e depuis l'aube de la civilisation et utilis\u00e9e pour soulager les sympt\u00f4mes de l'insomnie et de l'irritabilit\u00e9. Connue pour ses propri\u00e9t\u00e9s curatives, purifiantes et relaxantes, elle \u00e9tait la senteur pr\u00e9f\u00e9r\u00e9e des Grecs et des Romains dans leurs bains. Ne contient aucun ingr\u00e9dient d'origine animale.","og_url":"https:\/\/www.brazilcarestore.com\/fr\/product\/granado-fr\/diffuseur\/granado-lavender-room-diffuser-250ml\/","og_site_name":"Brazil Care Store","article_publisher":"https:\/\/www.facebook.com\/brazilcarestore","twitter_card":"summary_large_image","schema":{"@context":"https:\/\/schema.org","@graph":[{"@type":"WebPage","@id":"https:\/\/www.brazilcarestore.com\/fr\/product\/granado-fr\/diffuseur\/granado-lavender-room-diffuser-250ml\/","url":"https:\/\/www.brazilcarestore.com\/fr\/product\/granado-fr\/diffuseur\/granado-lavender-room-diffuser-250ml\/","name":"Granado Lavender Room Diffuser 250ml - Brazil Care Store","isPartOf":{"@id":"https:\/\/www.brazilcarestore.com\/fr\/#website"},"primaryImageOfPage":{"@id":"https:\/\/www.brazilcarestore.com\/fr\/product\/granado-fr\/diffuseur\/granado-lavender-room-diffuser-250ml\/#primaryimage"},"image":{"@id":"https:\/\/www.brazilcarestore.com\/fr\/product\/granado-fr\/diffuseur\/granado-lavender-room-diffuser-250ml\/#primaryimage"},"thumbnailUrl":"https:\/\/i0.wp.com\/www.brazilcarestore.com\/wp-content\/uploads\/2024\/04\/Granado-Lavender-Room-Diffuser-1.webp?fit=836%2C1076&ssl=1","datePublished":"2024-04-29T22:01:04+00:00","breadcrumb":{"@id":"https:\/\/www.brazilcarestore.com\/fr\/product\/granado-fr\/diffuseur\/granado-lavender-room-diffuser-250ml\/#breadcrumb"},"inLanguage":"fr-FR","potentialAction":[{"@type":"ReadAction","target":["https:\/\/www.brazilcarestore.com\/fr\/product\/granado-fr\/diffuseur\/granado-lavender-room-diffuser-250ml\/"]}]},{"@type":"ImageObject","inLanguage":"fr-FR","@id":"https:\/\/www.brazilcarestore.com\/fr\/product\/granado-fr\/diffuseur\/granado-lavender-room-diffuser-250ml\/#primaryimage","url":"https:\/\/i0.wp.com\/www.brazilcarestore.com\/wp-content\/uploads\/2024\/04\/Granado-Lavender-Room-Diffuser-1.webp?fit=836%2C1076&ssl=1","contentUrl":"https:\/\/i0.wp.com\/www.brazilcarestore.com\/wp-content\/uploads\/2024\/04\/Granado-Lavender-Room-Diffuser-1.webp?fit=836%2C1076&ssl=1","width":836,"height":1076,"caption":"Granado Lavender Room Diffuser 250ml"},{"@type":"BreadcrumbList","@id":"https:\/\/www.brazilcarestore.com\/fr\/product\/granado-fr\/diffuseur\/granado-lavender-room-diffuser-250ml\/#breadcrumb","itemListElement":[{"@type":"ListItem","position":1,"name":"Home","item":"https:\/\/www.brazilcarestore.com\/fr\/"},{"@type":"ListItem","position":2,"name":"Boutique","item":"https:\/\/www.brazilcarestore.com\/fr\/boutique\/"},{"@type":"ListItem","position":3,"name":"Granado Lavender Room Diffuser 250ml"}]},{"@type":"WebSite","@id":"https:\/\/www.brazilcarestore.com\/fr\/#website","url":"https:\/\/www.brazilcarestore.com\/fr\/","name":"Brazil Care Store","description":"The way to Beauty","publisher":{"@id":"https:\/\/www.brazilcarestore.com\/fr\/#organization"},"potentialAction":[{"@type":"SearchAction","target":{"@type":"EntryPoint","urlTemplate":"https:\/\/www.brazilcarestore.com\/fr\/?s={search_term_string}"},"query-input":{"@type":"PropertyValueSpecification","valueRequired":true,"valueName":"search_term_string"}}],"inLanguage":"fr-FR"},{"@type":"Organization","@id":"https:\/\/www.brazilcarestore.com\/fr\/#organization","name":"Brazil Care Store","url":"https:\/\/www.brazilcarestore.com\/fr\/","logo":{"@type":"ImageObject","inLanguage":"fr-FR","@id":"https:\/\/www.brazilcarestore.com\/fr\/#\/schema\/logo\/image\/","url":"https:\/\/i0.wp.com\/www.brazilcarestore.com\/wp-content\/uploads\/2024\/02\/Brazil-Care-Store.png?fit=350%2C369&ssl=1","contentUrl":"https:\/\/i0.wp.com\/www.brazilcarestore.com\/wp-content\/uploads\/2024\/02\/Brazil-Care-Store.png?fit=350%2C369&ssl=1","width":350,"height":369,"caption":"Brazil Care Store"},"image":{"@id":"https:\/\/www.brazilcarestore.com\/fr\/#\/schema\/logo\/image\/"},"sameAs":["https:\/\/www.facebook.com\/brazilcarestore","https:\/\/www.instagram.com\/brazilcarestore","https:\/\/www.tiktok.com\/@brazilcarestore"]}]}},"_links":{"self":[{"href":"https:\/\/www.brazilcarestore.com\/fr\/wp-json\/wp\/v2\/product\/2393","targetHints":{"allow":["GET"]}}],"collection":[{"href":"https:\/\/www.brazilcarestore.com\/fr\/wp-json\/wp\/v2\/product"}],"about":[{"href":"https:\/\/www.brazilcarestore.com\/fr\/wp-json\/wp\/v2\/types\/product"}],"wp:featuredmedia":[{"embeddable":true,"href":"https:\/\/www.brazilcarestore.com\/fr\/wp-json\/wp\/v2\/media\/1833"}],"wp:attachment":[{"href":"https:\/\/www.brazilcarestore.com\/fr\/wp-json\/wp\/v2\/media?parent=2393"}],"wp:term":[{"taxonomy":"product_brand","embeddable":true,"href":"https:\/\/www.brazilcarestore.com\/fr\/wp-json\/wp\/v2\/product_brand?post=2393"},{"taxonomy":"product_cat","embeddable":true,"href":"https:\/\/www.brazilcarestore.com\/fr\/wp-json\/wp\/v2\/product_cat?post=2393"},{"taxonomy":"product_tag","embeddable":true,"href":"https:\/\/www.brazilcarestore.com\/fr\/wp-json\/wp\/v2\/product_tag?post=2393"}],"curies":[{"name":"wp","href":"https:\/\/api.w.org\/{rel}","templated":true}]}}