{"id":2385,"date":"2024-04-29T16:56:47","date_gmt":"2024-04-29T19:56:47","guid":{"rendered":"https:\/\/www.brazilcarestore.com\/product\/non class\u00e9\/gommage-corporel-a-la-lavande-granado-200g\/"},"modified":"2024-04-29T16:56:47","modified_gmt":"2024-04-29T19:56:47","slug":"gommage-corporel-a-la-lavande-granado-200g","status":"publish","type":"product","link":"https:\/\/www.brazilcarestore.com\/fr\/product\/granado-fr\/soins-du-corps\/gommage-corporel-a-la-lavande-granado-200g\/","title":{"rendered":"Gommage corporel \u00e0 la lavande Granado 200g"},"content":{"rendered":"<p>Il favorise une exfoliation douce, \u00e9liminant les cellules mortes sans dess\u00e9cher la peau. La formule biod\u00e9gradable \u00e0 base de sucre naturel est enrichie d&rsquo;huile de noix du Br\u00e9sil et de beurre de cupua\u00e7u, pour une hydratation prolong\u00e9e de la peau. <\/p>\n","protected":false},"excerpt":{"rendered":"<p>Il favorise une exfoliation douce, \u00e9liminant les cellules mortes sans dess\u00e9cher la peau. La formule biod\u00e9gradable \u00e0 base de sucre naturel est enrichie d&rsquo;huile de noix du Br\u00e9sil et de beurre de cupua\u00e7u, pour une hydratation prolong\u00e9e de la peau. <\/p>\n","protected":false},"featured_media":1821,"template":"","meta":[],"product_brand":[],"product_cat":[127,163],"product_tag":[165,164],"class_list":{"0":"post-2385","1":"product","2":"type-product","3":"status-publish","4":"has-post-thumbnail","6":"product_cat-granado-fr","7":"product_cat-soins-du-corps","8":"product_tag-gommage","9":"product_tag-soins-du-corps","10":"product_shipping_class-leves-ate-499","12":"first","13":"instock","14":"shipping-taxable","15":"purchasable","16":"product-type-simple"},"yoast_head":"<!-- This site is optimized with the Yoast SEO plugin v27.1.1 - https:\/\/yoast.com\/product\/yoast-seo-wordpress\/ -->\n<title>Gommage corporel \u00e0 la lavande Granado 200g - Brazil Care Store<\/title>\n<meta name=\"robots\" content=\"index, follow, max-snippet:-1, max-image-preview:large, max-video-preview:-1\" \/>\n<link rel=\"canonical\" href=\"https:\/\/www.brazilcarestore.com\/fr\/product\/granado-fr\/soins-du-corps\/gommage-corporel-a-la-lavande-granado-200g\/\" \/>\n<meta property=\"og:locale\" content=\"fr_FR\" \/>\n<meta property=\"og:type\" content=\"article\" \/>\n<meta property=\"og:title\" content=\"Gommage corporel \u00e0 la lavande Granado 200g - Brazil Care Store\" \/>\n<meta property=\"og:description\" content=\"Il favorise une exfoliation douce, \u00e9liminant les cellules mortes sans dess\u00e9cher la peau. La formule biod\u00e9gradable \u00e0 base de sucre naturel est enrichie d&#039;huile de noix du Br\u00e9sil et de beurre de cupua\u00e7u, pour une hydratation prolong\u00e9e de la peau.\" \/>\n<meta property=\"og:url\" content=\"https:\/\/www.brazilcarestore.com\/fr\/product\/granado-fr\/soins-du-corps\/gommage-corporel-a-la-lavande-granado-200g\/\" \/>\n<meta property=\"og:site_name\" content=\"Brazil Care Store\" \/>\n<meta property=\"article:publisher\" content=\"https:\/\/www.facebook.com\/brazilcarestore\" \/>\n<meta name=\"twitter:card\" content=\"summary_large_image\" \/>\n<script type=\"application\/ld+json\" class=\"yoast-schema-graph\">{\"@context\":\"https:\/\/schema.org\",\"@graph\":[{\"@type\":\"WebPage\",\"@id\":\"https:\/\/www.brazilcarestore.com\/fr\/product\/granado-fr\/soins-du-corps\/gommage-corporel-a-la-lavande-granado-200g\/\",\"url\":\"https:\/\/www.brazilcarestore.com\/fr\/product\/granado-fr\/soins-du-corps\/gommage-corporel-a-la-lavande-granado-200g\/\",\"name\":\"Gommage corporel \u00e0 la lavande Granado 200g - Brazil Care Store\",\"isPartOf\":{\"@id\":\"https:\/\/www.brazilcarestore.com\/fr\/#website\"},\"primaryImageOfPage\":{\"@id\":\"https:\/\/www.brazilcarestore.com\/fr\/product\/granado-fr\/soins-du-corps\/gommage-corporel-a-la-lavande-granado-200g\/#primaryimage\"},\"image\":{\"@id\":\"https:\/\/www.brazilcarestore.com\/fr\/product\/granado-fr\/soins-du-corps\/gommage-corporel-a-la-lavande-granado-200g\/#primaryimage\"},\"thumbnailUrl\":\"https:\/\/i0.wp.com\/www.brazilcarestore.com\/wp-content\/uploads\/2024\/04\/Granado-Lavender-Body-Scrub-FOTO-1.webp?fit=836%2C1076&ssl=1\",\"datePublished\":\"2024-04-29T19:56:47+00:00\",\"breadcrumb\":{\"@id\":\"https:\/\/www.brazilcarestore.com\/fr\/product\/granado-fr\/soins-du-corps\/gommage-corporel-a-la-lavande-granado-200g\/#breadcrumb\"},\"inLanguage\":\"fr-FR\",\"potentialAction\":[{\"@type\":\"ReadAction\",\"target\":[\"https:\/\/www.brazilcarestore.com\/fr\/product\/granado-fr\/soins-du-corps\/gommage-corporel-a-la-lavande-granado-200g\/\"]}]},{\"@type\":\"ImageObject\",\"inLanguage\":\"fr-FR\",\"@id\":\"https:\/\/www.brazilcarestore.com\/fr\/product\/granado-fr\/soins-du-corps\/gommage-corporel-a-la-lavande-granado-200g\/#primaryimage\",\"url\":\"https:\/\/i0.wp.com\/www.brazilcarestore.com\/wp-content\/uploads\/2024\/04\/Granado-Lavender-Body-Scrub-FOTO-1.webp?fit=836%2C1076&ssl=1\",\"contentUrl\":\"https:\/\/i0.wp.com\/www.brazilcarestore.com\/wp-content\/uploads\/2024\/04\/Granado-Lavender-Body-Scrub-FOTO-1.webp?fit=836%2C1076&ssl=1\",\"width\":836,\"height\":1076,\"caption\":\"Gommage corporel \u00e0 la lavande Granado 200g\"},{\"@type\":\"BreadcrumbList\",\"@id\":\"https:\/\/www.brazilcarestore.com\/fr\/product\/granado-fr\/soins-du-corps\/gommage-corporel-a-la-lavande-granado-200g\/#breadcrumb\",\"itemListElement\":[{\"@type\":\"ListItem\",\"position\":1,\"name\":\"Home\",\"item\":\"https:\/\/www.brazilcarestore.com\/fr\/\"},{\"@type\":\"ListItem\",\"position\":2,\"name\":\"Boutique\",\"item\":\"https:\/\/www.brazilcarestore.com\/fr\/boutique\/\"},{\"@type\":\"ListItem\",\"position\":3,\"name\":\"Gommage corporel \u00e0 la lavande Granado 200g\"}]},{\"@type\":\"WebSite\",\"@id\":\"https:\/\/www.brazilcarestore.com\/fr\/#website\",\"url\":\"https:\/\/www.brazilcarestore.com\/fr\/\",\"name\":\"Brazil Care Store\",\"description\":\"The way to Beauty\",\"publisher\":{\"@id\":\"https:\/\/www.brazilcarestore.com\/fr\/#organization\"},\"potentialAction\":[{\"@type\":\"SearchAction\",\"target\":{\"@type\":\"EntryPoint\",\"urlTemplate\":\"https:\/\/www.brazilcarestore.com\/fr\/?s={search_term_string}\"},\"query-input\":{\"@type\":\"PropertyValueSpecification\",\"valueRequired\":true,\"valueName\":\"search_term_string\"}}],\"inLanguage\":\"fr-FR\"},{\"@type\":\"Organization\",\"@id\":\"https:\/\/www.brazilcarestore.com\/fr\/#organization\",\"name\":\"Brazil Care Store\",\"url\":\"https:\/\/www.brazilcarestore.com\/fr\/\",\"logo\":{\"@type\":\"ImageObject\",\"inLanguage\":\"fr-FR\",\"@id\":\"https:\/\/www.brazilcarestore.com\/fr\/#\/schema\/logo\/image\/\",\"url\":\"https:\/\/i0.wp.com\/www.brazilcarestore.com\/wp-content\/uploads\/2024\/02\/Brazil-Care-Store.png?fit=350%2C369&ssl=1\",\"contentUrl\":\"https:\/\/i0.wp.com\/www.brazilcarestore.com\/wp-content\/uploads\/2024\/02\/Brazil-Care-Store.png?fit=350%2C369&ssl=1\",\"width\":350,\"height\":369,\"caption\":\"Brazil Care Store\"},\"image\":{\"@id\":\"https:\/\/www.brazilcarestore.com\/fr\/#\/schema\/logo\/image\/\"},\"sameAs\":[\"https:\/\/www.facebook.com\/brazilcarestore\",\"https:\/\/www.instagram.com\/brazilcarestore\",\"https:\/\/www.tiktok.com\/@brazilcarestore\"]}]}<\/script>\n<!-- \/ Yoast SEO plugin. -->","yoast_head_json":{"title":"Gommage corporel \u00e0 la lavande Granado 200g - Brazil Care Store","robots":{"index":"index","follow":"follow","max-snippet":"max-snippet:-1","max-image-preview":"max-image-preview:large","max-video-preview":"max-video-preview:-1"},"canonical":"https:\/\/www.brazilcarestore.com\/fr\/product\/granado-fr\/soins-du-corps\/gommage-corporel-a-la-lavande-granado-200g\/","og_locale":"fr_FR","og_type":"article","og_title":"Gommage corporel \u00e0 la lavande Granado 200g - Brazil Care Store","og_description":"Il favorise une exfoliation douce, \u00e9liminant les cellules mortes sans dess\u00e9cher la peau. La formule biod\u00e9gradable \u00e0 base de sucre naturel est enrichie d'huile de noix du Br\u00e9sil et de beurre de cupua\u00e7u, pour une hydratation prolong\u00e9e de la peau.","og_url":"https:\/\/www.brazilcarestore.com\/fr\/product\/granado-fr\/soins-du-corps\/gommage-corporel-a-la-lavande-granado-200g\/","og_site_name":"Brazil Care Store","article_publisher":"https:\/\/www.facebook.com\/brazilcarestore","twitter_card":"summary_large_image","schema":{"@context":"https:\/\/schema.org","@graph":[{"@type":"WebPage","@id":"https:\/\/www.brazilcarestore.com\/fr\/product\/granado-fr\/soins-du-corps\/gommage-corporel-a-la-lavande-granado-200g\/","url":"https:\/\/www.brazilcarestore.com\/fr\/product\/granado-fr\/soins-du-corps\/gommage-corporel-a-la-lavande-granado-200g\/","name":"Gommage corporel \u00e0 la lavande Granado 200g - Brazil Care Store","isPartOf":{"@id":"https:\/\/www.brazilcarestore.com\/fr\/#website"},"primaryImageOfPage":{"@id":"https:\/\/www.brazilcarestore.com\/fr\/product\/granado-fr\/soins-du-corps\/gommage-corporel-a-la-lavande-granado-200g\/#primaryimage"},"image":{"@id":"https:\/\/www.brazilcarestore.com\/fr\/product\/granado-fr\/soins-du-corps\/gommage-corporel-a-la-lavande-granado-200g\/#primaryimage"},"thumbnailUrl":"https:\/\/i0.wp.com\/www.brazilcarestore.com\/wp-content\/uploads\/2024\/04\/Granado-Lavender-Body-Scrub-FOTO-1.webp?fit=836%2C1076&ssl=1","datePublished":"2024-04-29T19:56:47+00:00","breadcrumb":{"@id":"https:\/\/www.brazilcarestore.com\/fr\/product\/granado-fr\/soins-du-corps\/gommage-corporel-a-la-lavande-granado-200g\/#breadcrumb"},"inLanguage":"fr-FR","potentialAction":[{"@type":"ReadAction","target":["https:\/\/www.brazilcarestore.com\/fr\/product\/granado-fr\/soins-du-corps\/gommage-corporel-a-la-lavande-granado-200g\/"]}]},{"@type":"ImageObject","inLanguage":"fr-FR","@id":"https:\/\/www.brazilcarestore.com\/fr\/product\/granado-fr\/soins-du-corps\/gommage-corporel-a-la-lavande-granado-200g\/#primaryimage","url":"https:\/\/i0.wp.com\/www.brazilcarestore.com\/wp-content\/uploads\/2024\/04\/Granado-Lavender-Body-Scrub-FOTO-1.webp?fit=836%2C1076&ssl=1","contentUrl":"https:\/\/i0.wp.com\/www.brazilcarestore.com\/wp-content\/uploads\/2024\/04\/Granado-Lavender-Body-Scrub-FOTO-1.webp?fit=836%2C1076&ssl=1","width":836,"height":1076,"caption":"Gommage corporel \u00e0 la lavande Granado 200g"},{"@type":"BreadcrumbList","@id":"https:\/\/www.brazilcarestore.com\/fr\/product\/granado-fr\/soins-du-corps\/gommage-corporel-a-la-lavande-granado-200g\/#breadcrumb","itemListElement":[{"@type":"ListItem","position":1,"name":"Home","item":"https:\/\/www.brazilcarestore.com\/fr\/"},{"@type":"ListItem","position":2,"name":"Boutique","item":"https:\/\/www.brazilcarestore.com\/fr\/boutique\/"},{"@type":"ListItem","position":3,"name":"Gommage corporel \u00e0 la lavande Granado 200g"}]},{"@type":"WebSite","@id":"https:\/\/www.brazilcarestore.com\/fr\/#website","url":"https:\/\/www.brazilcarestore.com\/fr\/","name":"Brazil Care Store","description":"The way to Beauty","publisher":{"@id":"https:\/\/www.brazilcarestore.com\/fr\/#organization"},"potentialAction":[{"@type":"SearchAction","target":{"@type":"EntryPoint","urlTemplate":"https:\/\/www.brazilcarestore.com\/fr\/?s={search_term_string}"},"query-input":{"@type":"PropertyValueSpecification","valueRequired":true,"valueName":"search_term_string"}}],"inLanguage":"fr-FR"},{"@type":"Organization","@id":"https:\/\/www.brazilcarestore.com\/fr\/#organization","name":"Brazil Care Store","url":"https:\/\/www.brazilcarestore.com\/fr\/","logo":{"@type":"ImageObject","inLanguage":"fr-FR","@id":"https:\/\/www.brazilcarestore.com\/fr\/#\/schema\/logo\/image\/","url":"https:\/\/i0.wp.com\/www.brazilcarestore.com\/wp-content\/uploads\/2024\/02\/Brazil-Care-Store.png?fit=350%2C369&ssl=1","contentUrl":"https:\/\/i0.wp.com\/www.brazilcarestore.com\/wp-content\/uploads\/2024\/02\/Brazil-Care-Store.png?fit=350%2C369&ssl=1","width":350,"height":369,"caption":"Brazil Care Store"},"image":{"@id":"https:\/\/www.brazilcarestore.com\/fr\/#\/schema\/logo\/image\/"},"sameAs":["https:\/\/www.facebook.com\/brazilcarestore","https:\/\/www.instagram.com\/brazilcarestore","https:\/\/www.tiktok.com\/@brazilcarestore"]}]}},"_links":{"self":[{"href":"https:\/\/www.brazilcarestore.com\/fr\/wp-json\/wp\/v2\/product\/2385","targetHints":{"allow":["GET"]}}],"collection":[{"href":"https:\/\/www.brazilcarestore.com\/fr\/wp-json\/wp\/v2\/product"}],"about":[{"href":"https:\/\/www.brazilcarestore.com\/fr\/wp-json\/wp\/v2\/types\/product"}],"wp:featuredmedia":[{"embeddable":true,"href":"https:\/\/www.brazilcarestore.com\/fr\/wp-json\/wp\/v2\/media\/1821"}],"wp:attachment":[{"href":"https:\/\/www.brazilcarestore.com\/fr\/wp-json\/wp\/v2\/media?parent=2385"}],"wp:term":[{"taxonomy":"product_brand","embeddable":true,"href":"https:\/\/www.brazilcarestore.com\/fr\/wp-json\/wp\/v2\/product_brand?post=2385"},{"taxonomy":"product_cat","embeddable":true,"href":"https:\/\/www.brazilcarestore.com\/fr\/wp-json\/wp\/v2\/product_cat?post=2385"},{"taxonomy":"product_tag","embeddable":true,"href":"https:\/\/www.brazilcarestore.com\/fr\/wp-json\/wp\/v2\/product_tag?post=2385"}],"curies":[{"name":"wp","href":"https:\/\/api.w.org\/{rel}","templated":true}]}}