{"id":2384,"date":"2024-04-29T16:41:19","date_gmt":"2024-04-29T19:41:19","guid":{"rendered":"https:\/\/www.brazilcarestore.com\/product\/non class\u00e9\/savon-liquide-pour-le-corps-granado-baby-camomile-500ml\/"},"modified":"2024-04-29T16:41:19","modified_gmt":"2024-04-29T19:41:19","slug":"savon-liquide-pour-le-corps-granado-baby-camomile-500ml","status":"publish","type":"product","link":"https:\/\/www.brazilcarestore.com\/fr\/product\/granado-fr\/savons-liquides\/savon-liquide-pour-le-corps-granado-baby-camomile-500ml\/","title":{"rendered":"Savon liquide pour le corps Granado Baby Camomile 500ml"},"content":{"rendered":"<p>Le savon liquide \u00e0 la camomille pour b\u00e9b\u00e9 a grandi. Essayez cette version \u00e9conomique de 500 ml ! Formul\u00e9 \u00e0 base de glyc\u00e9rine v\u00e9g\u00e9tale et de pH cutan\u00e9, le savon nettoie en douceur la peau du b\u00e9b\u00e9, la laissant douce et parfum\u00e9e. Enrichi en extrait naturel de camomille, aux propri\u00e9t\u00e9s relaxantes.   <\/p>\n","protected":false},"excerpt":{"rendered":"<p>Le savon liquide \u00e0 la camomille pour b\u00e9b\u00e9 a grandi. Essayez cette version \u00e9conomique de 500 ml ! Formul\u00e9 \u00e0 base de glyc\u00e9rine v\u00e9g\u00e9tale et de pH cutan\u00e9, le savon nettoie en douceur la peau du b\u00e9b\u00e9, la laissant douce et parfum\u00e9e. Enrichi en extrait naturel de camomille, aux propri\u00e9t\u00e9s relaxantes.   <\/p>\n","protected":false},"featured_media":1799,"template":"","meta":[],"product_brand":[],"product_cat":[147,127,128],"product_tag":[149,167],"class_list":{"0":"post-2384","1":"product","2":"type-product","3":"status-publish","4":"has-post-thumbnail","6":"product_cat-bebe-fr","7":"product_cat-granado-fr","8":"product_cat-savons-liquides","9":"product_tag-bebe-fr","10":"product_tag-savon-liquide","11":"product_shipping_class-leves-ate-499","13":"first","14":"instock","15":"shipping-taxable","16":"purchasable","17":"product-type-simple"},"yoast_head":"<!-- This site is optimized with the Yoast SEO plugin v27.1.1 - https:\/\/yoast.com\/product\/yoast-seo-wordpress\/ -->\n<title>Savon liquide pour le corps Granado Baby Camomile 500ml - Brazil Care Store<\/title>\n<meta name=\"robots\" content=\"index, follow, max-snippet:-1, max-image-preview:large, max-video-preview:-1\" \/>\n<link rel=\"canonical\" href=\"https:\/\/www.brazilcarestore.com\/fr\/product\/granado-fr\/savons-liquides\/savon-liquide-pour-le-corps-granado-baby-camomile-500ml\/\" \/>\n<meta property=\"og:locale\" content=\"fr_FR\" \/>\n<meta property=\"og:type\" content=\"article\" \/>\n<meta property=\"og:title\" content=\"Savon liquide pour le corps Granado Baby Camomile 500ml - Brazil Care Store\" \/>\n<meta property=\"og:description\" content=\"Le savon liquide \u00e0 la camomille pour b\u00e9b\u00e9 a grandi. Essayez cette version \u00e9conomique de 500 ml ! Formul\u00e9 \u00e0 base de glyc\u00e9rine v\u00e9g\u00e9tale et de pH cutan\u00e9, le savon nettoie en douceur la peau du b\u00e9b\u00e9, la laissant douce et parfum\u00e9e. Enrichi en extrait naturel de camomille, aux propri\u00e9t\u00e9s relaxantes.\" \/>\n<meta property=\"og:url\" content=\"https:\/\/www.brazilcarestore.com\/fr\/product\/granado-fr\/savons-liquides\/savon-liquide-pour-le-corps-granado-baby-camomile-500ml\/\" \/>\n<meta property=\"og:site_name\" content=\"Brazil Care Store\" \/>\n<meta property=\"article:publisher\" content=\"https:\/\/www.facebook.com\/brazilcarestore\" \/>\n<meta name=\"twitter:card\" content=\"summary_large_image\" \/>\n<script type=\"application\/ld+json\" class=\"yoast-schema-graph\">{\"@context\":\"https:\/\/schema.org\",\"@graph\":[{\"@type\":\"WebPage\",\"@id\":\"https:\/\/www.brazilcarestore.com\/fr\/product\/granado-fr\/savons-liquides\/savon-liquide-pour-le-corps-granado-baby-camomile-500ml\/\",\"url\":\"https:\/\/www.brazilcarestore.com\/fr\/product\/granado-fr\/savons-liquides\/savon-liquide-pour-le-corps-granado-baby-camomile-500ml\/\",\"name\":\"Savon liquide pour le corps Granado Baby Camomile 500ml - Brazil Care Store\",\"isPartOf\":{\"@id\":\"https:\/\/www.brazilcarestore.com\/fr\/#website\"},\"primaryImageOfPage\":{\"@id\":\"https:\/\/www.brazilcarestore.com\/fr\/product\/granado-fr\/savons-liquides\/savon-liquide-pour-le-corps-granado-baby-camomile-500ml\/#primaryimage\"},\"image\":{\"@id\":\"https:\/\/www.brazilcarestore.com\/fr\/product\/granado-fr\/savons-liquides\/savon-liquide-pour-le-corps-granado-baby-camomile-500ml\/#primaryimage\"},\"thumbnailUrl\":\"https:\/\/i0.wp.com\/www.brazilcarestore.com\/wp-content\/uploads\/2024\/04\/Granado-Baby-Camomile-Body-Liquid-Soap-FOTO-2.webp?fit=836%2C1076&ssl=1\",\"datePublished\":\"2024-04-29T19:41:19+00:00\",\"breadcrumb\":{\"@id\":\"https:\/\/www.brazilcarestore.com\/fr\/product\/granado-fr\/savons-liquides\/savon-liquide-pour-le-corps-granado-baby-camomile-500ml\/#breadcrumb\"},\"inLanguage\":\"fr-FR\",\"potentialAction\":[{\"@type\":\"ReadAction\",\"target\":[\"https:\/\/www.brazilcarestore.com\/fr\/product\/granado-fr\/savons-liquides\/savon-liquide-pour-le-corps-granado-baby-camomile-500ml\/\"]}]},{\"@type\":\"ImageObject\",\"inLanguage\":\"fr-FR\",\"@id\":\"https:\/\/www.brazilcarestore.com\/fr\/product\/granado-fr\/savons-liquides\/savon-liquide-pour-le-corps-granado-baby-camomile-500ml\/#primaryimage\",\"url\":\"https:\/\/i0.wp.com\/www.brazilcarestore.com\/wp-content\/uploads\/2024\/04\/Granado-Baby-Camomile-Body-Liquid-Soap-FOTO-2.webp?fit=836%2C1076&ssl=1\",\"contentUrl\":\"https:\/\/i0.wp.com\/www.brazilcarestore.com\/wp-content\/uploads\/2024\/04\/Granado-Baby-Camomile-Body-Liquid-Soap-FOTO-2.webp?fit=836%2C1076&ssl=1\",\"width\":836,\"height\":1076,\"caption\":\"Savon liquide pour le corps Granado Baby Camomile 500ml\"},{\"@type\":\"BreadcrumbList\",\"@id\":\"https:\/\/www.brazilcarestore.com\/fr\/product\/granado-fr\/savons-liquides\/savon-liquide-pour-le-corps-granado-baby-camomile-500ml\/#breadcrumb\",\"itemListElement\":[{\"@type\":\"ListItem\",\"position\":1,\"name\":\"Home\",\"item\":\"https:\/\/www.brazilcarestore.com\/fr\/\"},{\"@type\":\"ListItem\",\"position\":2,\"name\":\"Boutique\",\"item\":\"https:\/\/www.brazilcarestore.com\/fr\/boutique\/\"},{\"@type\":\"ListItem\",\"position\":3,\"name\":\"Savon liquide pour le corps Granado Baby Camomile 500ml\"}]},{\"@type\":\"WebSite\",\"@id\":\"https:\/\/www.brazilcarestore.com\/fr\/#website\",\"url\":\"https:\/\/www.brazilcarestore.com\/fr\/\",\"name\":\"Brazil Care Store\",\"description\":\"The way to Beauty\",\"publisher\":{\"@id\":\"https:\/\/www.brazilcarestore.com\/fr\/#organization\"},\"potentialAction\":[{\"@type\":\"SearchAction\",\"target\":{\"@type\":\"EntryPoint\",\"urlTemplate\":\"https:\/\/www.brazilcarestore.com\/fr\/?s={search_term_string}\"},\"query-input\":{\"@type\":\"PropertyValueSpecification\",\"valueRequired\":true,\"valueName\":\"search_term_string\"}}],\"inLanguage\":\"fr-FR\"},{\"@type\":\"Organization\",\"@id\":\"https:\/\/www.brazilcarestore.com\/fr\/#organization\",\"name\":\"Brazil Care Store\",\"url\":\"https:\/\/www.brazilcarestore.com\/fr\/\",\"logo\":{\"@type\":\"ImageObject\",\"inLanguage\":\"fr-FR\",\"@id\":\"https:\/\/www.brazilcarestore.com\/fr\/#\/schema\/logo\/image\/\",\"url\":\"https:\/\/i0.wp.com\/www.brazilcarestore.com\/wp-content\/uploads\/2024\/02\/Brazil-Care-Store.png?fit=350%2C369&ssl=1\",\"contentUrl\":\"https:\/\/i0.wp.com\/www.brazilcarestore.com\/wp-content\/uploads\/2024\/02\/Brazil-Care-Store.png?fit=350%2C369&ssl=1\",\"width\":350,\"height\":369,\"caption\":\"Brazil Care Store\"},\"image\":{\"@id\":\"https:\/\/www.brazilcarestore.com\/fr\/#\/schema\/logo\/image\/\"},\"sameAs\":[\"https:\/\/www.facebook.com\/brazilcarestore\",\"https:\/\/www.instagram.com\/brazilcarestore\",\"https:\/\/www.tiktok.com\/@brazilcarestore\"]}]}<\/script>\n<!-- \/ Yoast SEO plugin. -->","yoast_head_json":{"title":"Savon liquide pour le corps Granado Baby Camomile 500ml - Brazil Care Store","robots":{"index":"index","follow":"follow","max-snippet":"max-snippet:-1","max-image-preview":"max-image-preview:large","max-video-preview":"max-video-preview:-1"},"canonical":"https:\/\/www.brazilcarestore.com\/fr\/product\/granado-fr\/savons-liquides\/savon-liquide-pour-le-corps-granado-baby-camomile-500ml\/","og_locale":"fr_FR","og_type":"article","og_title":"Savon liquide pour le corps Granado Baby Camomile 500ml - Brazil Care Store","og_description":"Le savon liquide \u00e0 la camomille pour b\u00e9b\u00e9 a grandi. Essayez cette version \u00e9conomique de 500 ml ! Formul\u00e9 \u00e0 base de glyc\u00e9rine v\u00e9g\u00e9tale et de pH cutan\u00e9, le savon nettoie en douceur la peau du b\u00e9b\u00e9, la laissant douce et parfum\u00e9e. Enrichi en extrait naturel de camomille, aux propri\u00e9t\u00e9s relaxantes.","og_url":"https:\/\/www.brazilcarestore.com\/fr\/product\/granado-fr\/savons-liquides\/savon-liquide-pour-le-corps-granado-baby-camomile-500ml\/","og_site_name":"Brazil Care Store","article_publisher":"https:\/\/www.facebook.com\/brazilcarestore","twitter_card":"summary_large_image","schema":{"@context":"https:\/\/schema.org","@graph":[{"@type":"WebPage","@id":"https:\/\/www.brazilcarestore.com\/fr\/product\/granado-fr\/savons-liquides\/savon-liquide-pour-le-corps-granado-baby-camomile-500ml\/","url":"https:\/\/www.brazilcarestore.com\/fr\/product\/granado-fr\/savons-liquides\/savon-liquide-pour-le-corps-granado-baby-camomile-500ml\/","name":"Savon liquide pour le corps Granado Baby Camomile 500ml - Brazil Care Store","isPartOf":{"@id":"https:\/\/www.brazilcarestore.com\/fr\/#website"},"primaryImageOfPage":{"@id":"https:\/\/www.brazilcarestore.com\/fr\/product\/granado-fr\/savons-liquides\/savon-liquide-pour-le-corps-granado-baby-camomile-500ml\/#primaryimage"},"image":{"@id":"https:\/\/www.brazilcarestore.com\/fr\/product\/granado-fr\/savons-liquides\/savon-liquide-pour-le-corps-granado-baby-camomile-500ml\/#primaryimage"},"thumbnailUrl":"https:\/\/i0.wp.com\/www.brazilcarestore.com\/wp-content\/uploads\/2024\/04\/Granado-Baby-Camomile-Body-Liquid-Soap-FOTO-2.webp?fit=836%2C1076&ssl=1","datePublished":"2024-04-29T19:41:19+00:00","breadcrumb":{"@id":"https:\/\/www.brazilcarestore.com\/fr\/product\/granado-fr\/savons-liquides\/savon-liquide-pour-le-corps-granado-baby-camomile-500ml\/#breadcrumb"},"inLanguage":"fr-FR","potentialAction":[{"@type":"ReadAction","target":["https:\/\/www.brazilcarestore.com\/fr\/product\/granado-fr\/savons-liquides\/savon-liquide-pour-le-corps-granado-baby-camomile-500ml\/"]}]},{"@type":"ImageObject","inLanguage":"fr-FR","@id":"https:\/\/www.brazilcarestore.com\/fr\/product\/granado-fr\/savons-liquides\/savon-liquide-pour-le-corps-granado-baby-camomile-500ml\/#primaryimage","url":"https:\/\/i0.wp.com\/www.brazilcarestore.com\/wp-content\/uploads\/2024\/04\/Granado-Baby-Camomile-Body-Liquid-Soap-FOTO-2.webp?fit=836%2C1076&ssl=1","contentUrl":"https:\/\/i0.wp.com\/www.brazilcarestore.com\/wp-content\/uploads\/2024\/04\/Granado-Baby-Camomile-Body-Liquid-Soap-FOTO-2.webp?fit=836%2C1076&ssl=1","width":836,"height":1076,"caption":"Savon liquide pour le corps Granado Baby Camomile 500ml"},{"@type":"BreadcrumbList","@id":"https:\/\/www.brazilcarestore.com\/fr\/product\/granado-fr\/savons-liquides\/savon-liquide-pour-le-corps-granado-baby-camomile-500ml\/#breadcrumb","itemListElement":[{"@type":"ListItem","position":1,"name":"Home","item":"https:\/\/www.brazilcarestore.com\/fr\/"},{"@type":"ListItem","position":2,"name":"Boutique","item":"https:\/\/www.brazilcarestore.com\/fr\/boutique\/"},{"@type":"ListItem","position":3,"name":"Savon liquide pour le corps Granado Baby Camomile 500ml"}]},{"@type":"WebSite","@id":"https:\/\/www.brazilcarestore.com\/fr\/#website","url":"https:\/\/www.brazilcarestore.com\/fr\/","name":"Brazil Care Store","description":"The way to Beauty","publisher":{"@id":"https:\/\/www.brazilcarestore.com\/fr\/#organization"},"potentialAction":[{"@type":"SearchAction","target":{"@type":"EntryPoint","urlTemplate":"https:\/\/www.brazilcarestore.com\/fr\/?s={search_term_string}"},"query-input":{"@type":"PropertyValueSpecification","valueRequired":true,"valueName":"search_term_string"}}],"inLanguage":"fr-FR"},{"@type":"Organization","@id":"https:\/\/www.brazilcarestore.com\/fr\/#organization","name":"Brazil Care Store","url":"https:\/\/www.brazilcarestore.com\/fr\/","logo":{"@type":"ImageObject","inLanguage":"fr-FR","@id":"https:\/\/www.brazilcarestore.com\/fr\/#\/schema\/logo\/image\/","url":"https:\/\/i0.wp.com\/www.brazilcarestore.com\/wp-content\/uploads\/2024\/02\/Brazil-Care-Store.png?fit=350%2C369&ssl=1","contentUrl":"https:\/\/i0.wp.com\/www.brazilcarestore.com\/wp-content\/uploads\/2024\/02\/Brazil-Care-Store.png?fit=350%2C369&ssl=1","width":350,"height":369,"caption":"Brazil Care Store"},"image":{"@id":"https:\/\/www.brazilcarestore.com\/fr\/#\/schema\/logo\/image\/"},"sameAs":["https:\/\/www.facebook.com\/brazilcarestore","https:\/\/www.instagram.com\/brazilcarestore","https:\/\/www.tiktok.com\/@brazilcarestore"]}]}},"_links":{"self":[{"href":"https:\/\/www.brazilcarestore.com\/fr\/wp-json\/wp\/v2\/product\/2384","targetHints":{"allow":["GET"]}}],"collection":[{"href":"https:\/\/www.brazilcarestore.com\/fr\/wp-json\/wp\/v2\/product"}],"about":[{"href":"https:\/\/www.brazilcarestore.com\/fr\/wp-json\/wp\/v2\/types\/product"}],"wp:featuredmedia":[{"embeddable":true,"href":"https:\/\/www.brazilcarestore.com\/fr\/wp-json\/wp\/v2\/media\/1799"}],"wp:attachment":[{"href":"https:\/\/www.brazilcarestore.com\/fr\/wp-json\/wp\/v2\/media?parent=2384"}],"wp:term":[{"taxonomy":"product_brand","embeddable":true,"href":"https:\/\/www.brazilcarestore.com\/fr\/wp-json\/wp\/v2\/product_brand?post=2384"},{"taxonomy":"product_cat","embeddable":true,"href":"https:\/\/www.brazilcarestore.com\/fr\/wp-json\/wp\/v2\/product_cat?post=2384"},{"taxonomy":"product_tag","embeddable":true,"href":"https:\/\/www.brazilcarestore.com\/fr\/wp-json\/wp\/v2\/product_tag?post=2384"}],"curies":[{"name":"wp","href":"https:\/\/api.w.org\/{rel}","templated":true}]}}