{"id":2376,"date":"2024-04-29T16:25:51","date_gmt":"2024-04-29T19:25:51","guid":{"rendered":"https:\/\/www.brazilcarestore.com\/product\/non class\u00e9\/granado-baby-shampooing-relaxant-a-la-camomille-pour-les-cheveux-250ml\/"},"modified":"2024-04-29T16:25:51","modified_gmt":"2024-04-29T19:25:51","slug":"granado-baby-shampooing-relaxant-a-la-camomille-pour-les-cheveux-250ml","status":"publish","type":"product","link":"https:\/\/www.brazilcarestore.com\/fr\/product\/granado-fr\/bebe-fr\/granado-baby-shampooing-relaxant-a-la-camomille-pour-les-cheveux-250ml\/","title":{"rendered":"Granado Baby Shampooing relaxant \u00e0 la camomille pour les cheveux 250ml"},"content":{"rendered":"<p>Le shampooing relaxant \u00e0 la camomille a \u00e9t\u00e9 sp\u00e9cialement con\u00e7u pour nettoyer et parfumer les cheveux d\u00e9licats des b\u00e9b\u00e9s. Le parfum apporte toute la subtilit\u00e9 de la fleur combin\u00e9e \u00e0 l&rsquo;extrait naturel de camomille, qui a des propri\u00e9t\u00e9s calmantes et relaxantes, procurant du bien-\u00eatre au b\u00e9b\u00e9. <\/p>\n","protected":false},"excerpt":{"rendered":"<p>Le shampooing relaxant \u00e0 la camomille a \u00e9t\u00e9 sp\u00e9cialement con\u00e7u pour nettoyer et parfumer les cheveux d\u00e9licats des b\u00e9b\u00e9s. Le parfum apporte toute la subtilit\u00e9 de la fleur combin\u00e9e \u00e0 l&rsquo;extrait naturel de camomille, qui a des propri\u00e9t\u00e9s calmantes et relaxantes, procurant du bien-\u00eatre au b\u00e9b\u00e9. <\/p>\n","protected":false},"featured_media":1783,"template":"","meta":[],"product_brand":[],"product_cat":[147,127],"product_tag":[149,155],"class_list":{"0":"post-2376","1":"product","2":"type-product","3":"status-publish","4":"has-post-thumbnail","6":"product_cat-bebe-fr","7":"product_cat-granado-fr","8":"product_tag-bebe-fr","9":"product_tag-shampooing","10":"product_shipping_class-leves-ate-499","12":"first","13":"instock","14":"shipping-taxable","15":"purchasable","16":"product-type-simple"},"yoast_head":"<!-- This site is optimized with the Yoast SEO plugin v27.1.1 - https:\/\/yoast.com\/product\/yoast-seo-wordpress\/ -->\n<title>Granado Baby Shampooing relaxant \u00e0 la camomille pour les cheveux 250ml - Brazil Care Store<\/title>\n<meta name=\"robots\" content=\"index, follow, max-snippet:-1, max-image-preview:large, max-video-preview:-1\" \/>\n<link rel=\"canonical\" href=\"https:\/\/www.brazilcarestore.com\/fr\/product\/granado-fr\/bebe-fr\/granado-baby-shampooing-relaxant-a-la-camomille-pour-les-cheveux-250ml\/\" \/>\n<meta property=\"og:locale\" content=\"fr_FR\" \/>\n<meta property=\"og:type\" content=\"article\" \/>\n<meta property=\"og:title\" content=\"Granado Baby Shampooing relaxant \u00e0 la camomille pour les cheveux 250ml - Brazil Care Store\" \/>\n<meta property=\"og:description\" content=\"Le shampooing relaxant \u00e0 la camomille a \u00e9t\u00e9 sp\u00e9cialement con\u00e7u pour nettoyer et parfumer les cheveux d\u00e9licats des b\u00e9b\u00e9s. Le parfum apporte toute la subtilit\u00e9 de la fleur combin\u00e9e \u00e0 l&#039;extrait naturel de camomille, qui a des propri\u00e9t\u00e9s calmantes et relaxantes, procurant du bien-\u00eatre au b\u00e9b\u00e9.\" \/>\n<meta property=\"og:url\" content=\"https:\/\/www.brazilcarestore.com\/fr\/product\/granado-fr\/bebe-fr\/granado-baby-shampooing-relaxant-a-la-camomille-pour-les-cheveux-250ml\/\" \/>\n<meta property=\"og:site_name\" content=\"Brazil Care Store\" \/>\n<meta property=\"article:publisher\" content=\"https:\/\/www.facebook.com\/brazilcarestore\" \/>\n<meta name=\"twitter:card\" content=\"summary_large_image\" \/>\n<script type=\"application\/ld+json\" class=\"yoast-schema-graph\">{\"@context\":\"https:\/\/schema.org\",\"@graph\":[{\"@type\":\"WebPage\",\"@id\":\"https:\/\/www.brazilcarestore.com\/fr\/product\/granado-fr\/bebe-fr\/granado-baby-shampooing-relaxant-a-la-camomille-pour-les-cheveux-250ml\/\",\"url\":\"https:\/\/www.brazilcarestore.com\/fr\/product\/granado-fr\/bebe-fr\/granado-baby-shampooing-relaxant-a-la-camomille-pour-les-cheveux-250ml\/\",\"name\":\"Granado Baby Shampooing relaxant \u00e0 la camomille pour les cheveux 250ml - Brazil Care Store\",\"isPartOf\":{\"@id\":\"https:\/\/www.brazilcarestore.com\/fr\/#website\"},\"primaryImageOfPage\":{\"@id\":\"https:\/\/www.brazilcarestore.com\/fr\/product\/granado-fr\/bebe-fr\/granado-baby-shampooing-relaxant-a-la-camomille-pour-les-cheveux-250ml\/#primaryimage\"},\"image\":{\"@id\":\"https:\/\/www.brazilcarestore.com\/fr\/product\/granado-fr\/bebe-fr\/granado-baby-shampooing-relaxant-a-la-camomille-pour-les-cheveux-250ml\/#primaryimage\"},\"thumbnailUrl\":\"https:\/\/i0.wp.com\/www.brazilcarestore.com\/wp-content\/uploads\/2024\/04\/Granado-Baby-Relaxing-Camomile-Shampoo-for-Hair-250ml-2.webp?fit=836%2C1076&ssl=1\",\"datePublished\":\"2024-04-29T19:25:51+00:00\",\"breadcrumb\":{\"@id\":\"https:\/\/www.brazilcarestore.com\/fr\/product\/granado-fr\/bebe-fr\/granado-baby-shampooing-relaxant-a-la-camomille-pour-les-cheveux-250ml\/#breadcrumb\"},\"inLanguage\":\"fr-FR\",\"potentialAction\":[{\"@type\":\"ReadAction\",\"target\":[\"https:\/\/www.brazilcarestore.com\/fr\/product\/granado-fr\/bebe-fr\/granado-baby-shampooing-relaxant-a-la-camomille-pour-les-cheveux-250ml\/\"]}]},{\"@type\":\"ImageObject\",\"inLanguage\":\"fr-FR\",\"@id\":\"https:\/\/www.brazilcarestore.com\/fr\/product\/granado-fr\/bebe-fr\/granado-baby-shampooing-relaxant-a-la-camomille-pour-les-cheveux-250ml\/#primaryimage\",\"url\":\"https:\/\/i0.wp.com\/www.brazilcarestore.com\/wp-content\/uploads\/2024\/04\/Granado-Baby-Relaxing-Camomile-Shampoo-for-Hair-250ml-2.webp?fit=836%2C1076&ssl=1\",\"contentUrl\":\"https:\/\/i0.wp.com\/www.brazilcarestore.com\/wp-content\/uploads\/2024\/04\/Granado-Baby-Relaxing-Camomile-Shampoo-for-Hair-250ml-2.webp?fit=836%2C1076&ssl=1\",\"width\":836,\"height\":1076,\"caption\":\"Granado Baby Shampooing relaxant \u00e0 la camomille pour les cheveux 250ml\"},{\"@type\":\"BreadcrumbList\",\"@id\":\"https:\/\/www.brazilcarestore.com\/fr\/product\/granado-fr\/bebe-fr\/granado-baby-shampooing-relaxant-a-la-camomille-pour-les-cheveux-250ml\/#breadcrumb\",\"itemListElement\":[{\"@type\":\"ListItem\",\"position\":1,\"name\":\"Home\",\"item\":\"https:\/\/www.brazilcarestore.com\/fr\/\"},{\"@type\":\"ListItem\",\"position\":2,\"name\":\"Boutique\",\"item\":\"https:\/\/www.brazilcarestore.com\/fr\/boutique\/\"},{\"@type\":\"ListItem\",\"position\":3,\"name\":\"Granado Baby Shampooing relaxant \u00e0 la camomille pour les cheveux 250ml\"}]},{\"@type\":\"WebSite\",\"@id\":\"https:\/\/www.brazilcarestore.com\/fr\/#website\",\"url\":\"https:\/\/www.brazilcarestore.com\/fr\/\",\"name\":\"Brazil Care Store\",\"description\":\"The way to Beauty\",\"publisher\":{\"@id\":\"https:\/\/www.brazilcarestore.com\/fr\/#organization\"},\"potentialAction\":[{\"@type\":\"SearchAction\",\"target\":{\"@type\":\"EntryPoint\",\"urlTemplate\":\"https:\/\/www.brazilcarestore.com\/fr\/?s={search_term_string}\"},\"query-input\":{\"@type\":\"PropertyValueSpecification\",\"valueRequired\":true,\"valueName\":\"search_term_string\"}}],\"inLanguage\":\"fr-FR\"},{\"@type\":\"Organization\",\"@id\":\"https:\/\/www.brazilcarestore.com\/fr\/#organization\",\"name\":\"Brazil Care Store\",\"url\":\"https:\/\/www.brazilcarestore.com\/fr\/\",\"logo\":{\"@type\":\"ImageObject\",\"inLanguage\":\"fr-FR\",\"@id\":\"https:\/\/www.brazilcarestore.com\/fr\/#\/schema\/logo\/image\/\",\"url\":\"https:\/\/i0.wp.com\/www.brazilcarestore.com\/wp-content\/uploads\/2024\/02\/Brazil-Care-Store.png?fit=350%2C369&ssl=1\",\"contentUrl\":\"https:\/\/i0.wp.com\/www.brazilcarestore.com\/wp-content\/uploads\/2024\/02\/Brazil-Care-Store.png?fit=350%2C369&ssl=1\",\"width\":350,\"height\":369,\"caption\":\"Brazil Care Store\"},\"image\":{\"@id\":\"https:\/\/www.brazilcarestore.com\/fr\/#\/schema\/logo\/image\/\"},\"sameAs\":[\"https:\/\/www.facebook.com\/brazilcarestore\",\"https:\/\/www.instagram.com\/brazilcarestore\",\"https:\/\/www.tiktok.com\/@brazilcarestore\"]}]}<\/script>\n<!-- \/ Yoast SEO plugin. -->","yoast_head_json":{"title":"Granado Baby Shampooing relaxant \u00e0 la camomille pour les cheveux 250ml - Brazil Care Store","robots":{"index":"index","follow":"follow","max-snippet":"max-snippet:-1","max-image-preview":"max-image-preview:large","max-video-preview":"max-video-preview:-1"},"canonical":"https:\/\/www.brazilcarestore.com\/fr\/product\/granado-fr\/bebe-fr\/granado-baby-shampooing-relaxant-a-la-camomille-pour-les-cheveux-250ml\/","og_locale":"fr_FR","og_type":"article","og_title":"Granado Baby Shampooing relaxant \u00e0 la camomille pour les cheveux 250ml - Brazil Care Store","og_description":"Le shampooing relaxant \u00e0 la camomille a \u00e9t\u00e9 sp\u00e9cialement con\u00e7u pour nettoyer et parfumer les cheveux d\u00e9licats des b\u00e9b\u00e9s. Le parfum apporte toute la subtilit\u00e9 de la fleur combin\u00e9e \u00e0 l'extrait naturel de camomille, qui a des propri\u00e9t\u00e9s calmantes et relaxantes, procurant du bien-\u00eatre au b\u00e9b\u00e9.","og_url":"https:\/\/www.brazilcarestore.com\/fr\/product\/granado-fr\/bebe-fr\/granado-baby-shampooing-relaxant-a-la-camomille-pour-les-cheveux-250ml\/","og_site_name":"Brazil Care Store","article_publisher":"https:\/\/www.facebook.com\/brazilcarestore","twitter_card":"summary_large_image","schema":{"@context":"https:\/\/schema.org","@graph":[{"@type":"WebPage","@id":"https:\/\/www.brazilcarestore.com\/fr\/product\/granado-fr\/bebe-fr\/granado-baby-shampooing-relaxant-a-la-camomille-pour-les-cheveux-250ml\/","url":"https:\/\/www.brazilcarestore.com\/fr\/product\/granado-fr\/bebe-fr\/granado-baby-shampooing-relaxant-a-la-camomille-pour-les-cheveux-250ml\/","name":"Granado Baby Shampooing relaxant \u00e0 la camomille pour les cheveux 250ml - Brazil Care Store","isPartOf":{"@id":"https:\/\/www.brazilcarestore.com\/fr\/#website"},"primaryImageOfPage":{"@id":"https:\/\/www.brazilcarestore.com\/fr\/product\/granado-fr\/bebe-fr\/granado-baby-shampooing-relaxant-a-la-camomille-pour-les-cheveux-250ml\/#primaryimage"},"image":{"@id":"https:\/\/www.brazilcarestore.com\/fr\/product\/granado-fr\/bebe-fr\/granado-baby-shampooing-relaxant-a-la-camomille-pour-les-cheveux-250ml\/#primaryimage"},"thumbnailUrl":"https:\/\/i0.wp.com\/www.brazilcarestore.com\/wp-content\/uploads\/2024\/04\/Granado-Baby-Relaxing-Camomile-Shampoo-for-Hair-250ml-2.webp?fit=836%2C1076&ssl=1","datePublished":"2024-04-29T19:25:51+00:00","breadcrumb":{"@id":"https:\/\/www.brazilcarestore.com\/fr\/product\/granado-fr\/bebe-fr\/granado-baby-shampooing-relaxant-a-la-camomille-pour-les-cheveux-250ml\/#breadcrumb"},"inLanguage":"fr-FR","potentialAction":[{"@type":"ReadAction","target":["https:\/\/www.brazilcarestore.com\/fr\/product\/granado-fr\/bebe-fr\/granado-baby-shampooing-relaxant-a-la-camomille-pour-les-cheveux-250ml\/"]}]},{"@type":"ImageObject","inLanguage":"fr-FR","@id":"https:\/\/www.brazilcarestore.com\/fr\/product\/granado-fr\/bebe-fr\/granado-baby-shampooing-relaxant-a-la-camomille-pour-les-cheveux-250ml\/#primaryimage","url":"https:\/\/i0.wp.com\/www.brazilcarestore.com\/wp-content\/uploads\/2024\/04\/Granado-Baby-Relaxing-Camomile-Shampoo-for-Hair-250ml-2.webp?fit=836%2C1076&ssl=1","contentUrl":"https:\/\/i0.wp.com\/www.brazilcarestore.com\/wp-content\/uploads\/2024\/04\/Granado-Baby-Relaxing-Camomile-Shampoo-for-Hair-250ml-2.webp?fit=836%2C1076&ssl=1","width":836,"height":1076,"caption":"Granado Baby Shampooing relaxant \u00e0 la camomille pour les cheveux 250ml"},{"@type":"BreadcrumbList","@id":"https:\/\/www.brazilcarestore.com\/fr\/product\/granado-fr\/bebe-fr\/granado-baby-shampooing-relaxant-a-la-camomille-pour-les-cheveux-250ml\/#breadcrumb","itemListElement":[{"@type":"ListItem","position":1,"name":"Home","item":"https:\/\/www.brazilcarestore.com\/fr\/"},{"@type":"ListItem","position":2,"name":"Boutique","item":"https:\/\/www.brazilcarestore.com\/fr\/boutique\/"},{"@type":"ListItem","position":3,"name":"Granado Baby Shampooing relaxant \u00e0 la camomille pour les cheveux 250ml"}]},{"@type":"WebSite","@id":"https:\/\/www.brazilcarestore.com\/fr\/#website","url":"https:\/\/www.brazilcarestore.com\/fr\/","name":"Brazil Care Store","description":"The way to Beauty","publisher":{"@id":"https:\/\/www.brazilcarestore.com\/fr\/#organization"},"potentialAction":[{"@type":"SearchAction","target":{"@type":"EntryPoint","urlTemplate":"https:\/\/www.brazilcarestore.com\/fr\/?s={search_term_string}"},"query-input":{"@type":"PropertyValueSpecification","valueRequired":true,"valueName":"search_term_string"}}],"inLanguage":"fr-FR"},{"@type":"Organization","@id":"https:\/\/www.brazilcarestore.com\/fr\/#organization","name":"Brazil Care Store","url":"https:\/\/www.brazilcarestore.com\/fr\/","logo":{"@type":"ImageObject","inLanguage":"fr-FR","@id":"https:\/\/www.brazilcarestore.com\/fr\/#\/schema\/logo\/image\/","url":"https:\/\/i0.wp.com\/www.brazilcarestore.com\/wp-content\/uploads\/2024\/02\/Brazil-Care-Store.png?fit=350%2C369&ssl=1","contentUrl":"https:\/\/i0.wp.com\/www.brazilcarestore.com\/wp-content\/uploads\/2024\/02\/Brazil-Care-Store.png?fit=350%2C369&ssl=1","width":350,"height":369,"caption":"Brazil Care Store"},"image":{"@id":"https:\/\/www.brazilcarestore.com\/fr\/#\/schema\/logo\/image\/"},"sameAs":["https:\/\/www.facebook.com\/brazilcarestore","https:\/\/www.instagram.com\/brazilcarestore","https:\/\/www.tiktok.com\/@brazilcarestore"]}]}},"_links":{"self":[{"href":"https:\/\/www.brazilcarestore.com\/fr\/wp-json\/wp\/v2\/product\/2376","targetHints":{"allow":["GET"]}}],"collection":[{"href":"https:\/\/www.brazilcarestore.com\/fr\/wp-json\/wp\/v2\/product"}],"about":[{"href":"https:\/\/www.brazilcarestore.com\/fr\/wp-json\/wp\/v2\/types\/product"}],"wp:featuredmedia":[{"embeddable":true,"href":"https:\/\/www.brazilcarestore.com\/fr\/wp-json\/wp\/v2\/media\/1783"}],"wp:attachment":[{"href":"https:\/\/www.brazilcarestore.com\/fr\/wp-json\/wp\/v2\/media?parent=2376"}],"wp:term":[{"taxonomy":"product_brand","embeddable":true,"href":"https:\/\/www.brazilcarestore.com\/fr\/wp-json\/wp\/v2\/product_brand?post=2376"},{"taxonomy":"product_cat","embeddable":true,"href":"https:\/\/www.brazilcarestore.com\/fr\/wp-json\/wp\/v2\/product_cat?post=2376"},{"taxonomy":"product_tag","embeddable":true,"href":"https:\/\/www.brazilcarestore.com\/fr\/wp-json\/wp\/v2\/product_tag?post=2376"}],"curies":[{"name":"wp","href":"https:\/\/api.w.org\/{rel}","templated":true}]}}