{"id":2372,"date":"2024-04-29T16:18:52","date_gmt":"2024-04-29T19:18:52","guid":{"rendered":"https:\/\/www.brazilcarestore.com\/product\/non class\u00e9\/granado-baby-savon-en-barre-a-la-camomille-90-g\/"},"modified":"2024-04-29T16:18:52","modified_gmt":"2024-04-29T19:18:52","slug":"granado-baby-savon-en-barre-a-la-camomille-90-g","status":"publish","type":"product","link":"https:\/\/www.brazilcarestore.com\/fr\/product\/granado-fr\/bebe-fr\/granado-baby-savon-en-barre-a-la-camomille-90-g\/","title":{"rendered":"Granado Baby Savon en barre \u00e0 la camomille 90 g"},"content":{"rendered":"<p>Le savon nettoie en douceur la peau du b\u00e9b\u00e9, la laissant douce et parfum\u00e9e. Enrichi en extrait naturel de camomille, qui a une propri\u00e9t\u00e9 relaxante. Sp\u00e9cialement con\u00e7u pour la peau d\u00e9licate des b\u00e9b\u00e9s. Test\u00e9 dermatologiquement. Sans conservateurs ni ingr\u00e9dients d&rsquo;origine animale.    <\/p>\n","protected":false},"excerpt":{"rendered":"<p>Le savon nettoie en douceur la peau du b\u00e9b\u00e9, la laissant douce et parfum\u00e9e. Enrichi en extrait naturel de camomille, qui a une propri\u00e9t\u00e9 relaxante. Sp\u00e9cialement con\u00e7u pour la peau d\u00e9licate des b\u00e9b\u00e9s. Test\u00e9 dermatologiquement. Sans conservateurs ni ingr\u00e9dients d&rsquo;origine animale.    <\/p>\n","protected":false},"featured_media":1779,"template":"","meta":[],"product_brand":[],"product_cat":[147,127],"product_tag":[149,148],"class_list":{"0":"post-2372","1":"product","2":"type-product","3":"status-publish","4":"has-post-thumbnail","6":"product_cat-bebe-fr","7":"product_cat-granado-fr","8":"product_tag-bebe-fr","9":"product_tag-savon-en-barre","10":"product_shipping_class-leves-ate-499","12":"first","13":"instock","14":"shipping-taxable","15":"purchasable","16":"product-type-simple"},"yoast_head":"<!-- This site is optimized with the Yoast SEO plugin v27.1.1 - https:\/\/yoast.com\/product\/yoast-seo-wordpress\/ -->\n<title>Granado Baby Savon en barre \u00e0 la camomille 90 g - Brazil Care Store<\/title>\n<meta name=\"robots\" content=\"index, follow, max-snippet:-1, max-image-preview:large, max-video-preview:-1\" \/>\n<link rel=\"canonical\" href=\"https:\/\/www.brazilcarestore.com\/fr\/product\/granado-fr\/bebe-fr\/granado-baby-savon-en-barre-a-la-camomille-90-g\/\" \/>\n<meta property=\"og:locale\" content=\"fr_FR\" \/>\n<meta property=\"og:type\" content=\"article\" \/>\n<meta property=\"og:title\" content=\"Granado Baby Savon en barre \u00e0 la camomille 90 g - Brazil Care Store\" \/>\n<meta property=\"og:description\" content=\"Le savon nettoie en douceur la peau du b\u00e9b\u00e9, la laissant douce et parfum\u00e9e. Enrichi en extrait naturel de camomille, qui a une propri\u00e9t\u00e9 relaxante. Sp\u00e9cialement con\u00e7u pour la peau d\u00e9licate des b\u00e9b\u00e9s. Test\u00e9 dermatologiquement. Sans conservateurs ni ingr\u00e9dients d&#039;origine animale.\" \/>\n<meta property=\"og:url\" content=\"https:\/\/www.brazilcarestore.com\/fr\/product\/granado-fr\/bebe-fr\/granado-baby-savon-en-barre-a-la-camomille-90-g\/\" \/>\n<meta property=\"og:site_name\" content=\"Brazil Care Store\" \/>\n<meta property=\"article:publisher\" content=\"https:\/\/www.facebook.com\/brazilcarestore\" \/>\n<meta name=\"twitter:card\" content=\"summary_large_image\" \/>\n<script type=\"application\/ld+json\" class=\"yoast-schema-graph\">{\"@context\":\"https:\/\/schema.org\",\"@graph\":[{\"@type\":\"WebPage\",\"@id\":\"https:\/\/www.brazilcarestore.com\/fr\/product\/granado-fr\/bebe-fr\/granado-baby-savon-en-barre-a-la-camomille-90-g\/\",\"url\":\"https:\/\/www.brazilcarestore.com\/fr\/product\/granado-fr\/bebe-fr\/granado-baby-savon-en-barre-a-la-camomille-90-g\/\",\"name\":\"Granado Baby Savon en barre \u00e0 la camomille 90 g - Brazil Care Store\",\"isPartOf\":{\"@id\":\"https:\/\/www.brazilcarestore.com\/fr\/#website\"},\"primaryImageOfPage\":{\"@id\":\"https:\/\/www.brazilcarestore.com\/fr\/product\/granado-fr\/bebe-fr\/granado-baby-savon-en-barre-a-la-camomille-90-g\/#primaryimage\"},\"image\":{\"@id\":\"https:\/\/www.brazilcarestore.com\/fr\/product\/granado-fr\/bebe-fr\/granado-baby-savon-en-barre-a-la-camomille-90-g\/#primaryimage\"},\"thumbnailUrl\":\"https:\/\/i0.wp.com\/www.brazilcarestore.com\/wp-content\/uploads\/2024\/04\/Granado-Linha-Bebe-Sabonete-em-Barra-Camomila-90-Gr-FOTO-3.jpg?fit=1000%2C1000&ssl=1\",\"datePublished\":\"2024-04-29T19:18:52+00:00\",\"breadcrumb\":{\"@id\":\"https:\/\/www.brazilcarestore.com\/fr\/product\/granado-fr\/bebe-fr\/granado-baby-savon-en-barre-a-la-camomille-90-g\/#breadcrumb\"},\"inLanguage\":\"fr-FR\",\"potentialAction\":[{\"@type\":\"ReadAction\",\"target\":[\"https:\/\/www.brazilcarestore.com\/fr\/product\/granado-fr\/bebe-fr\/granado-baby-savon-en-barre-a-la-camomille-90-g\/\"]}]},{\"@type\":\"ImageObject\",\"inLanguage\":\"fr-FR\",\"@id\":\"https:\/\/www.brazilcarestore.com\/fr\/product\/granado-fr\/bebe-fr\/granado-baby-savon-en-barre-a-la-camomille-90-g\/#primaryimage\",\"url\":\"https:\/\/i0.wp.com\/www.brazilcarestore.com\/wp-content\/uploads\/2024\/04\/Granado-Linha-Bebe-Sabonete-em-Barra-Camomila-90-Gr-FOTO-3.jpg?fit=1000%2C1000&ssl=1\",\"contentUrl\":\"https:\/\/i0.wp.com\/www.brazilcarestore.com\/wp-content\/uploads\/2024\/04\/Granado-Linha-Bebe-Sabonete-em-Barra-Camomila-90-Gr-FOTO-3.jpg?fit=1000%2C1000&ssl=1\",\"width\":1000,\"height\":1000,\"caption\":\"Granado Baby Savon en barre \u00e0 la camomille 90 g\"},{\"@type\":\"BreadcrumbList\",\"@id\":\"https:\/\/www.brazilcarestore.com\/fr\/product\/granado-fr\/bebe-fr\/granado-baby-savon-en-barre-a-la-camomille-90-g\/#breadcrumb\",\"itemListElement\":[{\"@type\":\"ListItem\",\"position\":1,\"name\":\"Home\",\"item\":\"https:\/\/www.brazilcarestore.com\/fr\/\"},{\"@type\":\"ListItem\",\"position\":2,\"name\":\"Boutique\",\"item\":\"https:\/\/www.brazilcarestore.com\/fr\/boutique\/\"},{\"@type\":\"ListItem\",\"position\":3,\"name\":\"Granado Baby Savon en barre \u00e0 la camomille 90 g\"}]},{\"@type\":\"WebSite\",\"@id\":\"https:\/\/www.brazilcarestore.com\/fr\/#website\",\"url\":\"https:\/\/www.brazilcarestore.com\/fr\/\",\"name\":\"Brazil Care Store\",\"description\":\"The way to Beauty\",\"publisher\":{\"@id\":\"https:\/\/www.brazilcarestore.com\/fr\/#organization\"},\"potentialAction\":[{\"@type\":\"SearchAction\",\"target\":{\"@type\":\"EntryPoint\",\"urlTemplate\":\"https:\/\/www.brazilcarestore.com\/fr\/?s={search_term_string}\"},\"query-input\":{\"@type\":\"PropertyValueSpecification\",\"valueRequired\":true,\"valueName\":\"search_term_string\"}}],\"inLanguage\":\"fr-FR\"},{\"@type\":\"Organization\",\"@id\":\"https:\/\/www.brazilcarestore.com\/fr\/#organization\",\"name\":\"Brazil Care Store\",\"url\":\"https:\/\/www.brazilcarestore.com\/fr\/\",\"logo\":{\"@type\":\"ImageObject\",\"inLanguage\":\"fr-FR\",\"@id\":\"https:\/\/www.brazilcarestore.com\/fr\/#\/schema\/logo\/image\/\",\"url\":\"https:\/\/i0.wp.com\/www.brazilcarestore.com\/wp-content\/uploads\/2024\/02\/Brazil-Care-Store.png?fit=350%2C369&ssl=1\",\"contentUrl\":\"https:\/\/i0.wp.com\/www.brazilcarestore.com\/wp-content\/uploads\/2024\/02\/Brazil-Care-Store.png?fit=350%2C369&ssl=1\",\"width\":350,\"height\":369,\"caption\":\"Brazil Care Store\"},\"image\":{\"@id\":\"https:\/\/www.brazilcarestore.com\/fr\/#\/schema\/logo\/image\/\"},\"sameAs\":[\"https:\/\/www.facebook.com\/brazilcarestore\",\"https:\/\/www.instagram.com\/brazilcarestore\",\"https:\/\/www.tiktok.com\/@brazilcarestore\"]}]}<\/script>\n<!-- \/ Yoast SEO plugin. -->","yoast_head_json":{"title":"Granado Baby Savon en barre \u00e0 la camomille 90 g - Brazil Care Store","robots":{"index":"index","follow":"follow","max-snippet":"max-snippet:-1","max-image-preview":"max-image-preview:large","max-video-preview":"max-video-preview:-1"},"canonical":"https:\/\/www.brazilcarestore.com\/fr\/product\/granado-fr\/bebe-fr\/granado-baby-savon-en-barre-a-la-camomille-90-g\/","og_locale":"fr_FR","og_type":"article","og_title":"Granado Baby Savon en barre \u00e0 la camomille 90 g - Brazil Care Store","og_description":"Le savon nettoie en douceur la peau du b\u00e9b\u00e9, la laissant douce et parfum\u00e9e. Enrichi en extrait naturel de camomille, qui a une propri\u00e9t\u00e9 relaxante. Sp\u00e9cialement con\u00e7u pour la peau d\u00e9licate des b\u00e9b\u00e9s. Test\u00e9 dermatologiquement. Sans conservateurs ni ingr\u00e9dients d'origine animale.","og_url":"https:\/\/www.brazilcarestore.com\/fr\/product\/granado-fr\/bebe-fr\/granado-baby-savon-en-barre-a-la-camomille-90-g\/","og_site_name":"Brazil Care Store","article_publisher":"https:\/\/www.facebook.com\/brazilcarestore","twitter_card":"summary_large_image","schema":{"@context":"https:\/\/schema.org","@graph":[{"@type":"WebPage","@id":"https:\/\/www.brazilcarestore.com\/fr\/product\/granado-fr\/bebe-fr\/granado-baby-savon-en-barre-a-la-camomille-90-g\/","url":"https:\/\/www.brazilcarestore.com\/fr\/product\/granado-fr\/bebe-fr\/granado-baby-savon-en-barre-a-la-camomille-90-g\/","name":"Granado Baby Savon en barre \u00e0 la camomille 90 g - Brazil Care Store","isPartOf":{"@id":"https:\/\/www.brazilcarestore.com\/fr\/#website"},"primaryImageOfPage":{"@id":"https:\/\/www.brazilcarestore.com\/fr\/product\/granado-fr\/bebe-fr\/granado-baby-savon-en-barre-a-la-camomille-90-g\/#primaryimage"},"image":{"@id":"https:\/\/www.brazilcarestore.com\/fr\/product\/granado-fr\/bebe-fr\/granado-baby-savon-en-barre-a-la-camomille-90-g\/#primaryimage"},"thumbnailUrl":"https:\/\/i0.wp.com\/www.brazilcarestore.com\/wp-content\/uploads\/2024\/04\/Granado-Linha-Bebe-Sabonete-em-Barra-Camomila-90-Gr-FOTO-3.jpg?fit=1000%2C1000&ssl=1","datePublished":"2024-04-29T19:18:52+00:00","breadcrumb":{"@id":"https:\/\/www.brazilcarestore.com\/fr\/product\/granado-fr\/bebe-fr\/granado-baby-savon-en-barre-a-la-camomille-90-g\/#breadcrumb"},"inLanguage":"fr-FR","potentialAction":[{"@type":"ReadAction","target":["https:\/\/www.brazilcarestore.com\/fr\/product\/granado-fr\/bebe-fr\/granado-baby-savon-en-barre-a-la-camomille-90-g\/"]}]},{"@type":"ImageObject","inLanguage":"fr-FR","@id":"https:\/\/www.brazilcarestore.com\/fr\/product\/granado-fr\/bebe-fr\/granado-baby-savon-en-barre-a-la-camomille-90-g\/#primaryimage","url":"https:\/\/i0.wp.com\/www.brazilcarestore.com\/wp-content\/uploads\/2024\/04\/Granado-Linha-Bebe-Sabonete-em-Barra-Camomila-90-Gr-FOTO-3.jpg?fit=1000%2C1000&ssl=1","contentUrl":"https:\/\/i0.wp.com\/www.brazilcarestore.com\/wp-content\/uploads\/2024\/04\/Granado-Linha-Bebe-Sabonete-em-Barra-Camomila-90-Gr-FOTO-3.jpg?fit=1000%2C1000&ssl=1","width":1000,"height":1000,"caption":"Granado Baby Savon en barre \u00e0 la camomille 90 g"},{"@type":"BreadcrumbList","@id":"https:\/\/www.brazilcarestore.com\/fr\/product\/granado-fr\/bebe-fr\/granado-baby-savon-en-barre-a-la-camomille-90-g\/#breadcrumb","itemListElement":[{"@type":"ListItem","position":1,"name":"Home","item":"https:\/\/www.brazilcarestore.com\/fr\/"},{"@type":"ListItem","position":2,"name":"Boutique","item":"https:\/\/www.brazilcarestore.com\/fr\/boutique\/"},{"@type":"ListItem","position":3,"name":"Granado Baby Savon en barre \u00e0 la camomille 90 g"}]},{"@type":"WebSite","@id":"https:\/\/www.brazilcarestore.com\/fr\/#website","url":"https:\/\/www.brazilcarestore.com\/fr\/","name":"Brazil Care Store","description":"The way to Beauty","publisher":{"@id":"https:\/\/www.brazilcarestore.com\/fr\/#organization"},"potentialAction":[{"@type":"SearchAction","target":{"@type":"EntryPoint","urlTemplate":"https:\/\/www.brazilcarestore.com\/fr\/?s={search_term_string}"},"query-input":{"@type":"PropertyValueSpecification","valueRequired":true,"valueName":"search_term_string"}}],"inLanguage":"fr-FR"},{"@type":"Organization","@id":"https:\/\/www.brazilcarestore.com\/fr\/#organization","name":"Brazil Care Store","url":"https:\/\/www.brazilcarestore.com\/fr\/","logo":{"@type":"ImageObject","inLanguage":"fr-FR","@id":"https:\/\/www.brazilcarestore.com\/fr\/#\/schema\/logo\/image\/","url":"https:\/\/i0.wp.com\/www.brazilcarestore.com\/wp-content\/uploads\/2024\/02\/Brazil-Care-Store.png?fit=350%2C369&ssl=1","contentUrl":"https:\/\/i0.wp.com\/www.brazilcarestore.com\/wp-content\/uploads\/2024\/02\/Brazil-Care-Store.png?fit=350%2C369&ssl=1","width":350,"height":369,"caption":"Brazil Care Store"},"image":{"@id":"https:\/\/www.brazilcarestore.com\/fr\/#\/schema\/logo\/image\/"},"sameAs":["https:\/\/www.facebook.com\/brazilcarestore","https:\/\/www.instagram.com\/brazilcarestore","https:\/\/www.tiktok.com\/@brazilcarestore"]}]}},"_links":{"self":[{"href":"https:\/\/www.brazilcarestore.com\/fr\/wp-json\/wp\/v2\/product\/2372","targetHints":{"allow":["GET"]}}],"collection":[{"href":"https:\/\/www.brazilcarestore.com\/fr\/wp-json\/wp\/v2\/product"}],"about":[{"href":"https:\/\/www.brazilcarestore.com\/fr\/wp-json\/wp\/v2\/types\/product"}],"wp:featuredmedia":[{"embeddable":true,"href":"https:\/\/www.brazilcarestore.com\/fr\/wp-json\/wp\/v2\/media\/1779"}],"wp:attachment":[{"href":"https:\/\/www.brazilcarestore.com\/fr\/wp-json\/wp\/v2\/media?parent=2372"}],"wp:term":[{"taxonomy":"product_brand","embeddable":true,"href":"https:\/\/www.brazilcarestore.com\/fr\/wp-json\/wp\/v2\/product_brand?post=2372"},{"taxonomy":"product_cat","embeddable":true,"href":"https:\/\/www.brazilcarestore.com\/fr\/wp-json\/wp\/v2\/product_cat?post=2372"},{"taxonomy":"product_tag","embeddable":true,"href":"https:\/\/www.brazilcarestore.com\/fr\/wp-json\/wp\/v2\/product_tag?post=2372"}],"curies":[{"name":"wp","href":"https:\/\/api.w.org\/{rel}","templated":true}]}}