{"id":2336,"date":"2024-07-09T14:42:30","date_gmt":"2024-07-09T17:42:30","guid":{"rendered":"https:\/\/www.brazilcarestore.com\/product\/non%20class\u00e9\/phebo-nectarine-cologne-dandalousie-200ml\/"},"modified":"2025-05-02T12:25:28","modified_gmt":"2025-05-02T15:25:28","slug":"phebo-nectarine-cologne-dandalousie-200ml","status":"publish","type":"product","link":"https:\/\/www.brazilcarestore.com\/fr\/product\/granado-fr\/phebo-nectarine-cologne-dandalousie-200ml\/","title":{"rendered":"Phebo Nectarine Cologne d&rsquo;Andalousie 200ml"},"content":{"rendered":"<p><span data-sheets-root=\"1\" data-sheets-value=\"{\"1\":2,\"2\":\"The Andalusia region is one of the hottest regions in Europe. Its temperate climate with mild winter temperatures makes it possible to grow the fruit. Description: Oval shape, vibrant color between red and yellow. Juicy pulp and smooth skin.\\nOlfactory Signature: Fruity, juicy, vibrant, green.\\nHarvest: In the month of May.\\n\\nExtraction: Of synthetic origin, the molecule responsible for the nectarine's olfactory effect was extracted using Head Space technology. This technique allows the aromas and elements present in the air to be captured through special glassware, faithfully reproducing the aroma of the fruit.\\nFun fact: The word nectarine comes from nectar, due to its aroma and flavor. The cologne is produced with extra neutral alcohol and macerated. The result is a fragrance with fuller and more intense notes.\\nOlfactory Family: Fruity\\n\\nOlfactory pyramid\\n\\nTop notes: Sicilian Lemon, Bergamot, Nectarine\\nMiddle notes: Honeysuckle, White Tea, Jasmine Sambac\\nBase notes: Musk, White Amber, Oakmoss\\nDoes not contain ingredients of animal origin.\\n\\nContent: 200ml.\\n\\nHow to use\\nApply to wrists, chest and behind ears whenever desired.\\n\"}\" data-sheets-userformat=\"{\"2\":14977,\"3\":{\"1\":0},\"10\":1,\"12\":0,\"14\":{\"1\":3,\"3\":1},\"15\":\"Calibri\",\"16\":11}\">La r\u00e9gion d&rsquo;Andalousie est l&rsquo;une des r\u00e9gions les plus chaudes d&rsquo;Europe. Son climat temp\u00e9r\u00e9 avec des temp\u00e9ratures hivernales douces permet de cultiver ce fruit. Description : Forme ovale, couleur vibrante entre le rouge et le jaune. Pulpe juteuse et peau lisse.<br \/>\nSignature olfactive : Fruit\u00e9, juteux, vibrant, vert.<br \/>\nR\u00e9colte : Au mois de mai.   <\/p>\n<p>Extraction : D&rsquo;origine synth\u00e9tique, la mol\u00e9cule responsable de l&rsquo;effet olfactif de la nectarine a \u00e9t\u00e9 extraite gr\u00e2ce \u00e0 la technologie Head Space. Cette technique permet de capter les ar\u00f4mes et les \u00e9l\u00e9ments pr\u00e9sents dans l&rsquo;air \u00e0 travers une verrerie sp\u00e9ciale, reproduisant ainsi fid\u00e8lement l&rsquo;ar\u00f4me du fruit.<br \/>\nFait amusant : le mot nectarine vient de nectar, en raison de son ar\u00f4me et de sa saveur. L&rsquo;eau de Cologne est produite avec de l&rsquo;alcool extra neutre et mac\u00e9r\u00e9e. Le r\u00e9sultat est un parfum aux notes plus amples et plus intenses.<br \/>\nFamille olfactive : Fruit\u00e9   <\/p>\n<p>Pyramide olfactive<\/p>\n<p>Notes de t\u00eate : Citron de Sicile, Bergamote, Nectarine<br \/>\nNotes de c\u0153ur : Ch\u00e8vrefeuille, Th\u00e9 blanc, Jasmin Sambac<br \/>\nNotes de fond : Musc, ambre blanc, mousse de ch\u00eane<br \/>\nNe contient pas d&rsquo;ingr\u00e9dients d&rsquo;origine animale.<\/p>\n<p>Contenu : 200ml.<\/p>\n<p>Mode d&#8217;emploi<br \/>\nAppliquez sur les poignets, la poitrine et derri\u00e8re les oreilles chaque fois que vous le souhaitez.<br \/>\n<\/span><\/p>\n","protected":false},"excerpt":{"rendered":"<p>Le mot nectarine vient de nectar, en raison de son ar\u00f4me et de sa saveur. L&rsquo;eau de Cologne est produite avec de l&rsquo;alcool extra neutre et mac\u00e9r\u00e9e. Il en r\u00e9sulte un parfum aux notes plus amples et plus intenses.  <\/p>\n","protected":false},"featured_media":2231,"template":"","meta":[],"product_brand":[205],"product_cat":[127,136],"product_tag":[],"class_list":{"0":"post-2336","1":"product","2":"type-product","3":"status-publish","4":"has-post-thumbnail","6":"product_brand-phebo","7":"product_cat-granado-fr","8":"product_cat-phebo-fr","9":"product_shipping_class-feuilles-de-500-a-999-grammes","11":"first","12":"instock","13":"shipping-taxable","14":"purchasable","15":"product-type-simple"},"yoast_head":"<!-- This site is optimized with the Yoast SEO plugin v27.1.1 - https:\/\/yoast.com\/product\/yoast-seo-wordpress\/ -->\n<title>Phebo Nectarine Cologne d&#039;Andalousie 200ml - Brazil Care Store<\/title>\n<meta name=\"description\" content=\"Le mot nectarine vient de nectar, en raison de son ar\u00f4me et de sa saveur. L&#039;eau de Cologne est produite avec de l&#039;alcool extra neutre et mac\u00e9r\u00e9e. Il en r\u00e9sulte un parfum aux notes plus amples et plus intenses.\" \/>\n<meta name=\"robots\" content=\"index, follow, max-snippet:-1, max-image-preview:large, max-video-preview:-1\" \/>\n<link rel=\"canonical\" href=\"https:\/\/www.brazilcarestore.com\/fr\/product\/granado-fr\/phebo-nectarine-cologne-dandalousie-200ml\/\" \/>\n<meta property=\"og:locale\" content=\"fr_FR\" \/>\n<meta property=\"og:type\" content=\"article\" \/>\n<meta property=\"og:title\" content=\"Phebo Nectarine Cologne d&#039;Andalousie 200ml - Brazil Care Store\" \/>\n<meta property=\"og:description\" content=\"Le mot nectarine vient de nectar, en raison de son ar\u00f4me et de sa saveur. L&#039;eau de Cologne est produite avec de l&#039;alcool extra neutre et mac\u00e9r\u00e9e. Il en r\u00e9sulte un parfum aux notes plus amples et plus intenses.\" \/>\n<meta property=\"og:url\" content=\"https:\/\/www.brazilcarestore.com\/fr\/product\/granado-fr\/phebo-nectarine-cologne-dandalousie-200ml\/\" \/>\n<meta property=\"og:site_name\" content=\"Brazil Care Store\" \/>\n<meta property=\"article:publisher\" content=\"https:\/\/www.facebook.com\/brazilcarestore\" \/>\n<meta property=\"article:modified_time\" content=\"2025-05-02T15:25:28+00:00\" \/>\n<meta property=\"og:image\" content=\"https:\/\/i0.wp.com\/www.brazilcarestore.com\/wp-content\/uploads\/2024\/07\/Colonia-Phebo-Nectarina-da-Andaluzia-200m.webp?fit=836%2C1076&ssl=1\" \/>\n\t<meta property=\"og:image:width\" content=\"836\" \/>\n\t<meta property=\"og:image:height\" content=\"1076\" \/>\n\t<meta property=\"og:image:type\" content=\"image\/webp\" \/>\n<meta name=\"twitter:card\" content=\"summary_large_image\" \/>\n<script type=\"application\/ld+json\" class=\"yoast-schema-graph\">{\"@context\":\"https:\/\/schema.org\",\"@graph\":[{\"@type\":\"WebPage\",\"@id\":\"https:\/\/www.brazilcarestore.com\/fr\/product\/granado-fr\/phebo-nectarine-cologne-dandalousie-200ml\/\",\"url\":\"https:\/\/www.brazilcarestore.com\/fr\/product\/granado-fr\/phebo-nectarine-cologne-dandalousie-200ml\/\",\"name\":\"Phebo Nectarine Cologne d'Andalousie 200ml - Brazil Care Store\",\"isPartOf\":{\"@id\":\"https:\/\/www.brazilcarestore.com\/fr\/#website\"},\"primaryImageOfPage\":{\"@id\":\"https:\/\/www.brazilcarestore.com\/fr\/product\/granado-fr\/phebo-nectarine-cologne-dandalousie-200ml\/#primaryimage\"},\"image\":{\"@id\":\"https:\/\/www.brazilcarestore.com\/fr\/product\/granado-fr\/phebo-nectarine-cologne-dandalousie-200ml\/#primaryimage\"},\"thumbnailUrl\":\"https:\/\/i0.wp.com\/www.brazilcarestore.com\/wp-content\/uploads\/2024\/07\/Colonia-Phebo-Nectarina-da-Andaluzia-200m.webp?fit=836%2C1076&ssl=1\",\"datePublished\":\"2024-07-09T17:42:30+00:00\",\"dateModified\":\"2025-05-02T15:25:28+00:00\",\"description\":\"Le mot nectarine vient de nectar, en raison de son ar\u00f4me et de sa saveur. L'eau de Cologne est produite avec de l'alcool extra neutre et mac\u00e9r\u00e9e. Il en r\u00e9sulte un parfum aux notes plus amples et plus intenses.\",\"breadcrumb\":{\"@id\":\"https:\/\/www.brazilcarestore.com\/fr\/product\/granado-fr\/phebo-nectarine-cologne-dandalousie-200ml\/#breadcrumb\"},\"inLanguage\":\"fr-FR\",\"potentialAction\":[{\"@type\":\"ReadAction\",\"target\":[\"https:\/\/www.brazilcarestore.com\/fr\/product\/granado-fr\/phebo-nectarine-cologne-dandalousie-200ml\/\"]}]},{\"@type\":\"ImageObject\",\"inLanguage\":\"fr-FR\",\"@id\":\"https:\/\/www.brazilcarestore.com\/fr\/product\/granado-fr\/phebo-nectarine-cologne-dandalousie-200ml\/#primaryimage\",\"url\":\"https:\/\/i0.wp.com\/www.brazilcarestore.com\/wp-content\/uploads\/2024\/07\/Colonia-Phebo-Nectarina-da-Andaluzia-200m.webp?fit=836%2C1076&ssl=1\",\"contentUrl\":\"https:\/\/i0.wp.com\/www.brazilcarestore.com\/wp-content\/uploads\/2024\/07\/Colonia-Phebo-Nectarina-da-Andaluzia-200m.webp?fit=836%2C1076&ssl=1\",\"width\":836,\"height\":1076},{\"@type\":\"BreadcrumbList\",\"@id\":\"https:\/\/www.brazilcarestore.com\/fr\/product\/granado-fr\/phebo-nectarine-cologne-dandalousie-200ml\/#breadcrumb\",\"itemListElement\":[{\"@type\":\"ListItem\",\"position\":1,\"name\":\"Home\",\"item\":\"https:\/\/www.brazilcarestore.com\/fr\/\"},{\"@type\":\"ListItem\",\"position\":2,\"name\":\"Boutique\",\"item\":\"https:\/\/www.brazilcarestore.com\/fr\/boutique\/\"},{\"@type\":\"ListItem\",\"position\":3,\"name\":\"Phebo Nectarine Cologne d&rsquo;Andalousie 200ml\"}]},{\"@type\":\"WebSite\",\"@id\":\"https:\/\/www.brazilcarestore.com\/fr\/#website\",\"url\":\"https:\/\/www.brazilcarestore.com\/fr\/\",\"name\":\"Brazil Care Store\",\"description\":\"The way to Beauty\",\"publisher\":{\"@id\":\"https:\/\/www.brazilcarestore.com\/fr\/#organization\"},\"potentialAction\":[{\"@type\":\"SearchAction\",\"target\":{\"@type\":\"EntryPoint\",\"urlTemplate\":\"https:\/\/www.brazilcarestore.com\/fr\/?s={search_term_string}\"},\"query-input\":{\"@type\":\"PropertyValueSpecification\",\"valueRequired\":true,\"valueName\":\"search_term_string\"}}],\"inLanguage\":\"fr-FR\"},{\"@type\":\"Organization\",\"@id\":\"https:\/\/www.brazilcarestore.com\/fr\/#organization\",\"name\":\"Brazil Care Store\",\"url\":\"https:\/\/www.brazilcarestore.com\/fr\/\",\"logo\":{\"@type\":\"ImageObject\",\"inLanguage\":\"fr-FR\",\"@id\":\"https:\/\/www.brazilcarestore.com\/fr\/#\/schema\/logo\/image\/\",\"url\":\"https:\/\/i0.wp.com\/www.brazilcarestore.com\/wp-content\/uploads\/2024\/02\/Brazil-Care-Store.png?fit=350%2C369&ssl=1\",\"contentUrl\":\"https:\/\/i0.wp.com\/www.brazilcarestore.com\/wp-content\/uploads\/2024\/02\/Brazil-Care-Store.png?fit=350%2C369&ssl=1\",\"width\":350,\"height\":369,\"caption\":\"Brazil Care Store\"},\"image\":{\"@id\":\"https:\/\/www.brazilcarestore.com\/fr\/#\/schema\/logo\/image\/\"},\"sameAs\":[\"https:\/\/www.facebook.com\/brazilcarestore\",\"https:\/\/www.instagram.com\/brazilcarestore\",\"https:\/\/www.tiktok.com\/@brazilcarestore\"]}]}<\/script>\n<!-- \/ Yoast SEO plugin. -->","yoast_head_json":{"title":"Phebo Nectarine Cologne d'Andalousie 200ml - Brazil Care Store","description":"Le mot nectarine vient de nectar, en raison de son ar\u00f4me et de sa saveur. L'eau de Cologne est produite avec de l'alcool extra neutre et mac\u00e9r\u00e9e. Il en r\u00e9sulte un parfum aux notes plus amples et plus intenses.","robots":{"index":"index","follow":"follow","max-snippet":"max-snippet:-1","max-image-preview":"max-image-preview:large","max-video-preview":"max-video-preview:-1"},"canonical":"https:\/\/www.brazilcarestore.com\/fr\/product\/granado-fr\/phebo-nectarine-cologne-dandalousie-200ml\/","og_locale":"fr_FR","og_type":"article","og_title":"Phebo Nectarine Cologne d'Andalousie 200ml - Brazil Care Store","og_description":"Le mot nectarine vient de nectar, en raison de son ar\u00f4me et de sa saveur. L'eau de Cologne est produite avec de l'alcool extra neutre et mac\u00e9r\u00e9e. Il en r\u00e9sulte un parfum aux notes plus amples et plus intenses.","og_url":"https:\/\/www.brazilcarestore.com\/fr\/product\/granado-fr\/phebo-nectarine-cologne-dandalousie-200ml\/","og_site_name":"Brazil Care Store","article_publisher":"https:\/\/www.facebook.com\/brazilcarestore","article_modified_time":"2025-05-02T15:25:28+00:00","og_image":[{"width":836,"height":1076,"url":"https:\/\/i0.wp.com\/www.brazilcarestore.com\/wp-content\/uploads\/2024\/07\/Colonia-Phebo-Nectarina-da-Andaluzia-200m.webp?fit=836%2C1076&ssl=1","type":"image\/webp"}],"twitter_card":"summary_large_image","schema":{"@context":"https:\/\/schema.org","@graph":[{"@type":"WebPage","@id":"https:\/\/www.brazilcarestore.com\/fr\/product\/granado-fr\/phebo-nectarine-cologne-dandalousie-200ml\/","url":"https:\/\/www.brazilcarestore.com\/fr\/product\/granado-fr\/phebo-nectarine-cologne-dandalousie-200ml\/","name":"Phebo Nectarine Cologne d'Andalousie 200ml - Brazil Care Store","isPartOf":{"@id":"https:\/\/www.brazilcarestore.com\/fr\/#website"},"primaryImageOfPage":{"@id":"https:\/\/www.brazilcarestore.com\/fr\/product\/granado-fr\/phebo-nectarine-cologne-dandalousie-200ml\/#primaryimage"},"image":{"@id":"https:\/\/www.brazilcarestore.com\/fr\/product\/granado-fr\/phebo-nectarine-cologne-dandalousie-200ml\/#primaryimage"},"thumbnailUrl":"https:\/\/i0.wp.com\/www.brazilcarestore.com\/wp-content\/uploads\/2024\/07\/Colonia-Phebo-Nectarina-da-Andaluzia-200m.webp?fit=836%2C1076&ssl=1","datePublished":"2024-07-09T17:42:30+00:00","dateModified":"2025-05-02T15:25:28+00:00","description":"Le mot nectarine vient de nectar, en raison de son ar\u00f4me et de sa saveur. L'eau de Cologne est produite avec de l'alcool extra neutre et mac\u00e9r\u00e9e. Il en r\u00e9sulte un parfum aux notes plus amples et plus intenses.","breadcrumb":{"@id":"https:\/\/www.brazilcarestore.com\/fr\/product\/granado-fr\/phebo-nectarine-cologne-dandalousie-200ml\/#breadcrumb"},"inLanguage":"fr-FR","potentialAction":[{"@type":"ReadAction","target":["https:\/\/www.brazilcarestore.com\/fr\/product\/granado-fr\/phebo-nectarine-cologne-dandalousie-200ml\/"]}]},{"@type":"ImageObject","inLanguage":"fr-FR","@id":"https:\/\/www.brazilcarestore.com\/fr\/product\/granado-fr\/phebo-nectarine-cologne-dandalousie-200ml\/#primaryimage","url":"https:\/\/i0.wp.com\/www.brazilcarestore.com\/wp-content\/uploads\/2024\/07\/Colonia-Phebo-Nectarina-da-Andaluzia-200m.webp?fit=836%2C1076&ssl=1","contentUrl":"https:\/\/i0.wp.com\/www.brazilcarestore.com\/wp-content\/uploads\/2024\/07\/Colonia-Phebo-Nectarina-da-Andaluzia-200m.webp?fit=836%2C1076&ssl=1","width":836,"height":1076},{"@type":"BreadcrumbList","@id":"https:\/\/www.brazilcarestore.com\/fr\/product\/granado-fr\/phebo-nectarine-cologne-dandalousie-200ml\/#breadcrumb","itemListElement":[{"@type":"ListItem","position":1,"name":"Home","item":"https:\/\/www.brazilcarestore.com\/fr\/"},{"@type":"ListItem","position":2,"name":"Boutique","item":"https:\/\/www.brazilcarestore.com\/fr\/boutique\/"},{"@type":"ListItem","position":3,"name":"Phebo Nectarine Cologne d&rsquo;Andalousie 200ml"}]},{"@type":"WebSite","@id":"https:\/\/www.brazilcarestore.com\/fr\/#website","url":"https:\/\/www.brazilcarestore.com\/fr\/","name":"Brazil Care Store","description":"The way to Beauty","publisher":{"@id":"https:\/\/www.brazilcarestore.com\/fr\/#organization"},"potentialAction":[{"@type":"SearchAction","target":{"@type":"EntryPoint","urlTemplate":"https:\/\/www.brazilcarestore.com\/fr\/?s={search_term_string}"},"query-input":{"@type":"PropertyValueSpecification","valueRequired":true,"valueName":"search_term_string"}}],"inLanguage":"fr-FR"},{"@type":"Organization","@id":"https:\/\/www.brazilcarestore.com\/fr\/#organization","name":"Brazil Care Store","url":"https:\/\/www.brazilcarestore.com\/fr\/","logo":{"@type":"ImageObject","inLanguage":"fr-FR","@id":"https:\/\/www.brazilcarestore.com\/fr\/#\/schema\/logo\/image\/","url":"https:\/\/i0.wp.com\/www.brazilcarestore.com\/wp-content\/uploads\/2024\/02\/Brazil-Care-Store.png?fit=350%2C369&ssl=1","contentUrl":"https:\/\/i0.wp.com\/www.brazilcarestore.com\/wp-content\/uploads\/2024\/02\/Brazil-Care-Store.png?fit=350%2C369&ssl=1","width":350,"height":369,"caption":"Brazil Care Store"},"image":{"@id":"https:\/\/www.brazilcarestore.com\/fr\/#\/schema\/logo\/image\/"},"sameAs":["https:\/\/www.facebook.com\/brazilcarestore","https:\/\/www.instagram.com\/brazilcarestore","https:\/\/www.tiktok.com\/@brazilcarestore"]}]}},"_links":{"self":[{"href":"https:\/\/www.brazilcarestore.com\/fr\/wp-json\/wp\/v2\/product\/2336","targetHints":{"allow":["GET"]}}],"collection":[{"href":"https:\/\/www.brazilcarestore.com\/fr\/wp-json\/wp\/v2\/product"}],"about":[{"href":"https:\/\/www.brazilcarestore.com\/fr\/wp-json\/wp\/v2\/types\/product"}],"wp:featuredmedia":[{"embeddable":true,"href":"https:\/\/www.brazilcarestore.com\/fr\/wp-json\/wp\/v2\/media\/2231"}],"wp:attachment":[{"href":"https:\/\/www.brazilcarestore.com\/fr\/wp-json\/wp\/v2\/media?parent=2336"}],"wp:term":[{"taxonomy":"product_brand","embeddable":true,"href":"https:\/\/www.brazilcarestore.com\/fr\/wp-json\/wp\/v2\/product_brand?post=2336"},{"taxonomy":"product_cat","embeddable":true,"href":"https:\/\/www.brazilcarestore.com\/fr\/wp-json\/wp\/v2\/product_cat?post=2336"},{"taxonomy":"product_tag","embeddable":true,"href":"https:\/\/www.brazilcarestore.com\/fr\/wp-json\/wp\/v2\/product_tag?post=2336"}],"curies":[{"name":"wp","href":"https:\/\/api.w.org\/{rel}","templated":true}]}}