{"id":2330,"date":"2024-07-09T14:30:36","date_gmt":"2024-07-09T17:30:36","guid":{"rendered":"https:\/\/www.brazilcarestore.com\/product\/non%20class\u00e9\/kit-de-savon-phebo-commemorant-les-400-ans-de-belem\/"},"modified":"2025-05-02T12:24:24","modified_gmt":"2025-05-02T15:24:24","slug":"kit-de-savon-phebo-commemorant-les-400-ans-de-belem","status":"publish","type":"product","link":"https:\/\/www.brazilcarestore.com\/fr\/product\/granado-fr\/kit-de-savon-phebo-commemorant-les-400-ans-de-belem\/","title":{"rendered":"Kit de savon Phebo comm\u00e9morant les 400 ans de Bel\u00e9m"},"content":{"rendered":"<p><span data-sheets-root=\"1\" data-sheets-value=\"{\"1\":2,\"2\":\"Beautiful box decorated in honor of the 400th anniversary of the city of Bel\u00e9m, birthplace of Phebo.\\nPhebo soap, known for its superior quality and striking and original fragrance, is produced with 100% vegetable glycerin.\\nIts gentle formula forms an intense and creamy foam that hydrates and makes the skin softer. The vegetable base also allows the fragrance to stay on the body better, leaving it fragrant for much longer.\\nDoes not contain ingredients of animal origin.\\nContents: 8 bar soaps (90g each). Lavender, Freshness of the Morning, \\n\\nHow to use:\\r\\nApply the product to wet skin, rubbing gently to obtain foam. Then rinse.\\r\\n\"}\" data-sheets-userformat=\"{\"2\":14977,\"3\":{\"1\":0},\"10\":1,\"12\":0,\"14\":{\"1\":3,\"3\":1},\"15\":\"Calibri\",\"16\":11}\">Belle bo\u00eete d\u00e9cor\u00e9e en l&rsquo;honneur du 400\u00e8me anniversaire de la ville de Bel\u00e9m, berceau de Phebo.<br \/>\nLe savon Phebo, connu pour sa qualit\u00e9 sup\u00e9rieure et son parfum saisissant et original, est produit avec de la glyc\u00e9rine 100% v\u00e9g\u00e9tale.<br \/>\nSa formule douce forme une mousse intense et cr\u00e9meuse qui hydrate et rend la peau plus douce. La base v\u00e9g\u00e9tale permet \u00e9galement au parfum de mieux rester sur le corps et de le parfumer plus longtemps.<br \/>\nNe contient pas d&rsquo;ingr\u00e9dients d&rsquo;origine animale.<br \/>\nContenu : 8 pains de savon (90g chacun). Lavande, fra\u00eecheur du matin,  <\/p>\n<p>Mode d&#8217;emploi :<br \/>\nAppliquez le produit sur la peau mouill\u00e9e, en frottant doucement pour obtenir de la mousse. Rincez ensuite.<br \/>\n<\/span><\/p>\n","protected":false},"excerpt":{"rendered":"<p><span data-sheets-root=\"1\" data-sheets-value=\"{\"1\":2,\"2\":\"Phebo soap, known for its superior quality and striking and original fragrance, is produced with 100% vegetable glycerin.\"}\" data-sheets-userformat=\"{\"2\":513,\"3\":{\"1\":0},\"12\":0}\">Le savon Phebo, connu pour sa qualit\u00e9 sup\u00e9rieure et son parfum saisissant et original, est produit avec de la glyc\u00e9rine 100% v\u00e9g\u00e9tale.<\/span><\/p>\n","protected":false},"featured_media":2203,"template":"","meta":[],"product_brand":[205],"product_cat":[127,136],"product_tag":[],"class_list":{"0":"post-2330","1":"product","2":"type-product","3":"status-publish","4":"has-post-thumbnail","6":"product_brand-phebo","7":"product_cat-granado-fr","8":"product_cat-phebo-fr","9":"product_shipping_class-feuilles-de-500-a-999-grammes","11":"first","12":"instock","13":"shipping-taxable","14":"purchasable","15":"product-type-simple"},"yoast_head":"<!-- This site is optimized with the Yoast SEO plugin v27.1.1 - https:\/\/yoast.com\/product\/yoast-seo-wordpress\/ -->\n<title>Kit de savon Phebo comm\u00e9morant les 400 ans de Bel\u00e9m - Brazil Care Store<\/title>\n<meta name=\"description\" content=\"Le savon Phebo, connu pour sa qualit\u00e9 sup\u00e9rieure et son parfum saisissant et original, est produit avec de la glyc\u00e9rine 100% v\u00e9g\u00e9tale.\" \/>\n<meta name=\"robots\" content=\"index, follow, max-snippet:-1, max-image-preview:large, max-video-preview:-1\" \/>\n<link rel=\"canonical\" href=\"https:\/\/www.brazilcarestore.com\/fr\/product\/granado-fr\/kit-de-savon-phebo-commemorant-les-400-ans-de-belem\/\" \/>\n<meta property=\"og:locale\" content=\"fr_FR\" \/>\n<meta property=\"og:type\" content=\"article\" \/>\n<meta property=\"og:title\" content=\"Kit de savon Phebo comm\u00e9morant les 400 ans de Bel\u00e9m - Brazil Care Store\" \/>\n<meta property=\"og:description\" content=\"Le savon Phebo, connu pour sa qualit\u00e9 sup\u00e9rieure et son parfum saisissant et original, est produit avec de la glyc\u00e9rine 100% v\u00e9g\u00e9tale.\" \/>\n<meta property=\"og:url\" content=\"https:\/\/www.brazilcarestore.com\/fr\/product\/granado-fr\/kit-de-savon-phebo-commemorant-les-400-ans-de-belem\/\" \/>\n<meta property=\"og:site_name\" content=\"Brazil Care Store\" \/>\n<meta property=\"article:publisher\" content=\"https:\/\/www.facebook.com\/brazilcarestore\" \/>\n<meta property=\"article:modified_time\" content=\"2025-05-02T15:24:24+00:00\" \/>\n<meta property=\"og:image\" content=\"https:\/\/i0.wp.com\/www.brazilcarestore.com\/wp-content\/uploads\/2024\/07\/Kit-Sabonete-de-Glicerina-Phebo-Comemorativa-dos-400-anos-de-Belem.webp?fit=836%2C1076&ssl=1\" \/>\n\t<meta property=\"og:image:width\" content=\"836\" \/>\n\t<meta property=\"og:image:height\" content=\"1076\" \/>\n\t<meta property=\"og:image:type\" content=\"image\/webp\" \/>\n<meta name=\"twitter:card\" content=\"summary_large_image\" \/>\n<meta name=\"twitter:label1\" content=\"Dur\u00e9e de lecture estim\u00e9e\" \/>\n\t<meta name=\"twitter:data1\" content=\"1 minute\" \/>\n<script type=\"application\/ld+json\" class=\"yoast-schema-graph\">{\"@context\":\"https:\/\/schema.org\",\"@graph\":[{\"@type\":\"WebPage\",\"@id\":\"https:\/\/www.brazilcarestore.com\/fr\/product\/granado-fr\/kit-de-savon-phebo-commemorant-les-400-ans-de-belem\/\",\"url\":\"https:\/\/www.brazilcarestore.com\/fr\/product\/granado-fr\/kit-de-savon-phebo-commemorant-les-400-ans-de-belem\/\",\"name\":\"Kit de savon Phebo comm\u00e9morant les 400 ans de Bel\u00e9m - Brazil Care Store\",\"isPartOf\":{\"@id\":\"https:\/\/www.brazilcarestore.com\/fr\/#website\"},\"primaryImageOfPage\":{\"@id\":\"https:\/\/www.brazilcarestore.com\/fr\/product\/granado-fr\/kit-de-savon-phebo-commemorant-les-400-ans-de-belem\/#primaryimage\"},\"image\":{\"@id\":\"https:\/\/www.brazilcarestore.com\/fr\/product\/granado-fr\/kit-de-savon-phebo-commemorant-les-400-ans-de-belem\/#primaryimage\"},\"thumbnailUrl\":\"https:\/\/i0.wp.com\/www.brazilcarestore.com\/wp-content\/uploads\/2024\/07\/Kit-Sabonete-de-Glicerina-Phebo-Comemorativa-dos-400-anos-de-Belem.webp?fit=836%2C1076&ssl=1\",\"datePublished\":\"2024-07-09T17:30:36+00:00\",\"dateModified\":\"2025-05-02T15:24:24+00:00\",\"description\":\"Le savon Phebo, connu pour sa qualit\u00e9 sup\u00e9rieure et son parfum saisissant et original, est produit avec de la glyc\u00e9rine 100% v\u00e9g\u00e9tale.\",\"breadcrumb\":{\"@id\":\"https:\/\/www.brazilcarestore.com\/fr\/product\/granado-fr\/kit-de-savon-phebo-commemorant-les-400-ans-de-belem\/#breadcrumb\"},\"inLanguage\":\"fr-FR\",\"potentialAction\":[{\"@type\":\"ReadAction\",\"target\":[\"https:\/\/www.brazilcarestore.com\/fr\/product\/granado-fr\/kit-de-savon-phebo-commemorant-les-400-ans-de-belem\/\"]}]},{\"@type\":\"ImageObject\",\"inLanguage\":\"fr-FR\",\"@id\":\"https:\/\/www.brazilcarestore.com\/fr\/product\/granado-fr\/kit-de-savon-phebo-commemorant-les-400-ans-de-belem\/#primaryimage\",\"url\":\"https:\/\/i0.wp.com\/www.brazilcarestore.com\/wp-content\/uploads\/2024\/07\/Kit-Sabonete-de-Glicerina-Phebo-Comemorativa-dos-400-anos-de-Belem.webp?fit=836%2C1076&ssl=1\",\"contentUrl\":\"https:\/\/i0.wp.com\/www.brazilcarestore.com\/wp-content\/uploads\/2024\/07\/Kit-Sabonete-de-Glicerina-Phebo-Comemorativa-dos-400-anos-de-Belem.webp?fit=836%2C1076&ssl=1\",\"width\":836,\"height\":1076},{\"@type\":\"BreadcrumbList\",\"@id\":\"https:\/\/www.brazilcarestore.com\/fr\/product\/granado-fr\/kit-de-savon-phebo-commemorant-les-400-ans-de-belem\/#breadcrumb\",\"itemListElement\":[{\"@type\":\"ListItem\",\"position\":1,\"name\":\"Home\",\"item\":\"https:\/\/www.brazilcarestore.com\/fr\/\"},{\"@type\":\"ListItem\",\"position\":2,\"name\":\"Boutique\",\"item\":\"https:\/\/www.brazilcarestore.com\/fr\/boutique\/\"},{\"@type\":\"ListItem\",\"position\":3,\"name\":\"Kit de savon Phebo comm\u00e9morant les 400 ans de Bel\u00e9m\"}]},{\"@type\":\"WebSite\",\"@id\":\"https:\/\/www.brazilcarestore.com\/fr\/#website\",\"url\":\"https:\/\/www.brazilcarestore.com\/fr\/\",\"name\":\"Brazil Care Store\",\"description\":\"The way to Beauty\",\"publisher\":{\"@id\":\"https:\/\/www.brazilcarestore.com\/fr\/#organization\"},\"potentialAction\":[{\"@type\":\"SearchAction\",\"target\":{\"@type\":\"EntryPoint\",\"urlTemplate\":\"https:\/\/www.brazilcarestore.com\/fr\/?s={search_term_string}\"},\"query-input\":{\"@type\":\"PropertyValueSpecification\",\"valueRequired\":true,\"valueName\":\"search_term_string\"}}],\"inLanguage\":\"fr-FR\"},{\"@type\":\"Organization\",\"@id\":\"https:\/\/www.brazilcarestore.com\/fr\/#organization\",\"name\":\"Brazil Care Store\",\"url\":\"https:\/\/www.brazilcarestore.com\/fr\/\",\"logo\":{\"@type\":\"ImageObject\",\"inLanguage\":\"fr-FR\",\"@id\":\"https:\/\/www.brazilcarestore.com\/fr\/#\/schema\/logo\/image\/\",\"url\":\"https:\/\/i0.wp.com\/www.brazilcarestore.com\/wp-content\/uploads\/2024\/02\/Brazil-Care-Store.png?fit=350%2C369&ssl=1\",\"contentUrl\":\"https:\/\/i0.wp.com\/www.brazilcarestore.com\/wp-content\/uploads\/2024\/02\/Brazil-Care-Store.png?fit=350%2C369&ssl=1\",\"width\":350,\"height\":369,\"caption\":\"Brazil Care Store\"},\"image\":{\"@id\":\"https:\/\/www.brazilcarestore.com\/fr\/#\/schema\/logo\/image\/\"},\"sameAs\":[\"https:\/\/www.facebook.com\/brazilcarestore\",\"https:\/\/www.instagram.com\/brazilcarestore\",\"https:\/\/www.tiktok.com\/@brazilcarestore\"]}]}<\/script>\n<!-- \/ Yoast SEO plugin. -->","yoast_head_json":{"title":"Kit de savon Phebo comm\u00e9morant les 400 ans de Bel\u00e9m - Brazil Care Store","description":"Le savon Phebo, connu pour sa qualit\u00e9 sup\u00e9rieure et son parfum saisissant et original, est produit avec de la glyc\u00e9rine 100% v\u00e9g\u00e9tale.","robots":{"index":"index","follow":"follow","max-snippet":"max-snippet:-1","max-image-preview":"max-image-preview:large","max-video-preview":"max-video-preview:-1"},"canonical":"https:\/\/www.brazilcarestore.com\/fr\/product\/granado-fr\/kit-de-savon-phebo-commemorant-les-400-ans-de-belem\/","og_locale":"fr_FR","og_type":"article","og_title":"Kit de savon Phebo comm\u00e9morant les 400 ans de Bel\u00e9m - Brazil Care Store","og_description":"Le savon Phebo, connu pour sa qualit\u00e9 sup\u00e9rieure et son parfum saisissant et original, est produit avec de la glyc\u00e9rine 100% v\u00e9g\u00e9tale.","og_url":"https:\/\/www.brazilcarestore.com\/fr\/product\/granado-fr\/kit-de-savon-phebo-commemorant-les-400-ans-de-belem\/","og_site_name":"Brazil Care Store","article_publisher":"https:\/\/www.facebook.com\/brazilcarestore","article_modified_time":"2025-05-02T15:24:24+00:00","og_image":[{"width":836,"height":1076,"url":"https:\/\/i0.wp.com\/www.brazilcarestore.com\/wp-content\/uploads\/2024\/07\/Kit-Sabonete-de-Glicerina-Phebo-Comemorativa-dos-400-anos-de-Belem.webp?fit=836%2C1076&ssl=1","type":"image\/webp"}],"twitter_card":"summary_large_image","twitter_misc":{"Dur\u00e9e de lecture estim\u00e9e":"1 minute"},"schema":{"@context":"https:\/\/schema.org","@graph":[{"@type":"WebPage","@id":"https:\/\/www.brazilcarestore.com\/fr\/product\/granado-fr\/kit-de-savon-phebo-commemorant-les-400-ans-de-belem\/","url":"https:\/\/www.brazilcarestore.com\/fr\/product\/granado-fr\/kit-de-savon-phebo-commemorant-les-400-ans-de-belem\/","name":"Kit de savon Phebo comm\u00e9morant les 400 ans de Bel\u00e9m - Brazil Care Store","isPartOf":{"@id":"https:\/\/www.brazilcarestore.com\/fr\/#website"},"primaryImageOfPage":{"@id":"https:\/\/www.brazilcarestore.com\/fr\/product\/granado-fr\/kit-de-savon-phebo-commemorant-les-400-ans-de-belem\/#primaryimage"},"image":{"@id":"https:\/\/www.brazilcarestore.com\/fr\/product\/granado-fr\/kit-de-savon-phebo-commemorant-les-400-ans-de-belem\/#primaryimage"},"thumbnailUrl":"https:\/\/i0.wp.com\/www.brazilcarestore.com\/wp-content\/uploads\/2024\/07\/Kit-Sabonete-de-Glicerina-Phebo-Comemorativa-dos-400-anos-de-Belem.webp?fit=836%2C1076&ssl=1","datePublished":"2024-07-09T17:30:36+00:00","dateModified":"2025-05-02T15:24:24+00:00","description":"Le savon Phebo, connu pour sa qualit\u00e9 sup\u00e9rieure et son parfum saisissant et original, est produit avec de la glyc\u00e9rine 100% v\u00e9g\u00e9tale.","breadcrumb":{"@id":"https:\/\/www.brazilcarestore.com\/fr\/product\/granado-fr\/kit-de-savon-phebo-commemorant-les-400-ans-de-belem\/#breadcrumb"},"inLanguage":"fr-FR","potentialAction":[{"@type":"ReadAction","target":["https:\/\/www.brazilcarestore.com\/fr\/product\/granado-fr\/kit-de-savon-phebo-commemorant-les-400-ans-de-belem\/"]}]},{"@type":"ImageObject","inLanguage":"fr-FR","@id":"https:\/\/www.brazilcarestore.com\/fr\/product\/granado-fr\/kit-de-savon-phebo-commemorant-les-400-ans-de-belem\/#primaryimage","url":"https:\/\/i0.wp.com\/www.brazilcarestore.com\/wp-content\/uploads\/2024\/07\/Kit-Sabonete-de-Glicerina-Phebo-Comemorativa-dos-400-anos-de-Belem.webp?fit=836%2C1076&ssl=1","contentUrl":"https:\/\/i0.wp.com\/www.brazilcarestore.com\/wp-content\/uploads\/2024\/07\/Kit-Sabonete-de-Glicerina-Phebo-Comemorativa-dos-400-anos-de-Belem.webp?fit=836%2C1076&ssl=1","width":836,"height":1076},{"@type":"BreadcrumbList","@id":"https:\/\/www.brazilcarestore.com\/fr\/product\/granado-fr\/kit-de-savon-phebo-commemorant-les-400-ans-de-belem\/#breadcrumb","itemListElement":[{"@type":"ListItem","position":1,"name":"Home","item":"https:\/\/www.brazilcarestore.com\/fr\/"},{"@type":"ListItem","position":2,"name":"Boutique","item":"https:\/\/www.brazilcarestore.com\/fr\/boutique\/"},{"@type":"ListItem","position":3,"name":"Kit de savon Phebo comm\u00e9morant les 400 ans de Bel\u00e9m"}]},{"@type":"WebSite","@id":"https:\/\/www.brazilcarestore.com\/fr\/#website","url":"https:\/\/www.brazilcarestore.com\/fr\/","name":"Brazil Care Store","description":"The way to Beauty","publisher":{"@id":"https:\/\/www.brazilcarestore.com\/fr\/#organization"},"potentialAction":[{"@type":"SearchAction","target":{"@type":"EntryPoint","urlTemplate":"https:\/\/www.brazilcarestore.com\/fr\/?s={search_term_string}"},"query-input":{"@type":"PropertyValueSpecification","valueRequired":true,"valueName":"search_term_string"}}],"inLanguage":"fr-FR"},{"@type":"Organization","@id":"https:\/\/www.brazilcarestore.com\/fr\/#organization","name":"Brazil Care Store","url":"https:\/\/www.brazilcarestore.com\/fr\/","logo":{"@type":"ImageObject","inLanguage":"fr-FR","@id":"https:\/\/www.brazilcarestore.com\/fr\/#\/schema\/logo\/image\/","url":"https:\/\/i0.wp.com\/www.brazilcarestore.com\/wp-content\/uploads\/2024\/02\/Brazil-Care-Store.png?fit=350%2C369&ssl=1","contentUrl":"https:\/\/i0.wp.com\/www.brazilcarestore.com\/wp-content\/uploads\/2024\/02\/Brazil-Care-Store.png?fit=350%2C369&ssl=1","width":350,"height":369,"caption":"Brazil Care Store"},"image":{"@id":"https:\/\/www.brazilcarestore.com\/fr\/#\/schema\/logo\/image\/"},"sameAs":["https:\/\/www.facebook.com\/brazilcarestore","https:\/\/www.instagram.com\/brazilcarestore","https:\/\/www.tiktok.com\/@brazilcarestore"]}]}},"_links":{"self":[{"href":"https:\/\/www.brazilcarestore.com\/fr\/wp-json\/wp\/v2\/product\/2330","targetHints":{"allow":["GET"]}}],"collection":[{"href":"https:\/\/www.brazilcarestore.com\/fr\/wp-json\/wp\/v2\/product"}],"about":[{"href":"https:\/\/www.brazilcarestore.com\/fr\/wp-json\/wp\/v2\/types\/product"}],"wp:featuredmedia":[{"embeddable":true,"href":"https:\/\/www.brazilcarestore.com\/fr\/wp-json\/wp\/v2\/media\/2203"}],"wp:attachment":[{"href":"https:\/\/www.brazilcarestore.com\/fr\/wp-json\/wp\/v2\/media?parent=2330"}],"wp:term":[{"taxonomy":"product_brand","embeddable":true,"href":"https:\/\/www.brazilcarestore.com\/fr\/wp-json\/wp\/v2\/product_brand?post=2330"},{"taxonomy":"product_cat","embeddable":true,"href":"https:\/\/www.brazilcarestore.com\/fr\/wp-json\/wp\/v2\/product_cat?post=2330"},{"taxonomy":"product_tag","embeddable":true,"href":"https:\/\/www.brazilcarestore.com\/fr\/wp-json\/wp\/v2\/product_tag?post=2330"}],"curies":[{"name":"wp","href":"https:\/\/api.w.org\/{rel}","templated":true}]}}