{"id":2309,"date":"2024-07-08T05:01:38","date_gmt":"2024-07-08T08:01:38","guid":{"rendered":"https:\/\/www.brazilcarestore.com\/product\/non%20class\u00e9\/kit-exfoliant-et-beurre-corporel-a-la-lavande\/"},"modified":"2025-05-01T20:00:22","modified_gmt":"2025-05-01T23:00:22","slug":"kit-exfoliant-et-beurre-corporel-a-la-lavande","status":"publish","type":"product","link":"https:\/\/www.brazilcarestore.com\/fr\/product\/granado-fr\/kits-fr\/kit-exfoliant-et-beurre-corporel-a-la-lavande\/","title":{"rendered":"Kit exfoliant et beurre corporel \u00e0 la lavande"},"content":{"rendered":"<p>Kit de produits pour un traitement complet de la peau.<br \/>\nL&rsquo;extrait naturel de lavande a une action relaxante.<br \/>\nEmballage pratique \u00e0 emporter dans votre trousse de toilette.<br \/>\nSans parab\u00e8nes, colorants et ingr\u00e9dients d&rsquo;origine animale.<\/p>\n<p>Contenu : 2 x 60g.<\/p>\n<p>Comment l&rsquo;utiliser ?<\/p>\n<p>Commencez par une exfoliation, pour favoriser la r\u00e9g\u00e9n\u00e9ration cellulaire et rendre votre peau plus douce. Terminez par un beurre pour une hydratation en profondeur. <\/p>\n","protected":false},"excerpt":{"rendered":"<p>Commencez par l&rsquo;exfoliation, qui favorise la r\u00e9g\u00e9n\u00e9ration cellulaire et rend votre peau plus douce.<\/p>\n","protected":false},"featured_media":2187,"template":"","meta":[],"product_brand":[209],"product_cat":[127,133],"product_tag":[],"class_list":{"0":"post-2309","1":"product","2":"type-product","3":"status-publish","4":"has-post-thumbnail","6":"product_brand-granado","7":"product_cat-granado-fr","8":"product_cat-kits-fr","9":"product_shipping_class-feuilles-de-500-a-999-grammes","11":"first","12":"instock","13":"shipping-taxable","14":"purchasable","15":"product-type-simple"},"yoast_head":"<!-- This site is optimized with the Yoast SEO plugin v27.1.1 - https:\/\/yoast.com\/product\/yoast-seo-wordpress\/ -->\n<title>Kit exfoliant et beurre corporel \u00e0 la lavande - Brazil Care Store<\/title>\n<meta name=\"description\" content=\"Commencez par l&#039;exfoliation, qui favorise la r\u00e9g\u00e9n\u00e9ration cellulaire et rend votre peau plus douce.\" \/>\n<meta name=\"robots\" content=\"index, follow, max-snippet:-1, max-image-preview:large, max-video-preview:-1\" \/>\n<link rel=\"canonical\" href=\"https:\/\/www.brazilcarestore.com\/fr\/product\/granado-fr\/kits-fr\/kit-exfoliant-et-beurre-corporel-a-la-lavande\/\" \/>\n<meta property=\"og:locale\" content=\"fr_FR\" \/>\n<meta property=\"og:type\" content=\"article\" \/>\n<meta property=\"og:title\" content=\"Kit exfoliant et beurre corporel \u00e0 la lavande - Brazil Care Store\" \/>\n<meta property=\"og:description\" content=\"Commencez par l&#039;exfoliation, qui favorise la r\u00e9g\u00e9n\u00e9ration cellulaire et rend votre peau plus douce.\" \/>\n<meta property=\"og:url\" content=\"https:\/\/www.brazilcarestore.com\/fr\/product\/granado-fr\/kits-fr\/kit-exfoliant-et-beurre-corporel-a-la-lavande\/\" \/>\n<meta property=\"og:site_name\" content=\"Brazil Care Store\" \/>\n<meta property=\"article:publisher\" content=\"https:\/\/www.facebook.com\/brazilcarestore\" \/>\n<meta property=\"article:modified_time\" content=\"2025-05-01T23:00:22+00:00\" \/>\n<meta property=\"og:image\" content=\"https:\/\/i0.wp.com\/www.brazilcarestore.com\/wp-content\/uploads\/2024\/07\/Exfoliating-and-Lavender-Body-Butter-3.webp?fit=836%2C1076&ssl=1\" \/>\n\t<meta property=\"og:image:width\" content=\"836\" \/>\n\t<meta property=\"og:image:height\" content=\"1076\" \/>\n\t<meta property=\"og:image:type\" content=\"image\/webp\" \/>\n<meta name=\"twitter:card\" content=\"summary_large_image\" \/>\n<script type=\"application\/ld+json\" class=\"yoast-schema-graph\">{\"@context\":\"https:\/\/schema.org\",\"@graph\":[{\"@type\":\"WebPage\",\"@id\":\"https:\/\/www.brazilcarestore.com\/fr\/product\/granado-fr\/kits-fr\/kit-exfoliant-et-beurre-corporel-a-la-lavande\/\",\"url\":\"https:\/\/www.brazilcarestore.com\/fr\/product\/granado-fr\/kits-fr\/kit-exfoliant-et-beurre-corporel-a-la-lavande\/\",\"name\":\"Kit exfoliant et beurre corporel \u00e0 la lavande - Brazil Care Store\",\"isPartOf\":{\"@id\":\"https:\/\/www.brazilcarestore.com\/fr\/#website\"},\"primaryImageOfPage\":{\"@id\":\"https:\/\/www.brazilcarestore.com\/fr\/product\/granado-fr\/kits-fr\/kit-exfoliant-et-beurre-corporel-a-la-lavande\/#primaryimage\"},\"image\":{\"@id\":\"https:\/\/www.brazilcarestore.com\/fr\/product\/granado-fr\/kits-fr\/kit-exfoliant-et-beurre-corporel-a-la-lavande\/#primaryimage\"},\"thumbnailUrl\":\"https:\/\/i0.wp.com\/www.brazilcarestore.com\/wp-content\/uploads\/2024\/07\/Exfoliating-and-Lavender-Body-Butter-3.webp?fit=836%2C1076&ssl=1\",\"datePublished\":\"2024-07-08T08:01:38+00:00\",\"dateModified\":\"2025-05-01T23:00:22+00:00\",\"description\":\"Commencez par l'exfoliation, qui favorise la r\u00e9g\u00e9n\u00e9ration cellulaire et rend votre peau plus douce.\",\"breadcrumb\":{\"@id\":\"https:\/\/www.brazilcarestore.com\/fr\/product\/granado-fr\/kits-fr\/kit-exfoliant-et-beurre-corporel-a-la-lavande\/#breadcrumb\"},\"inLanguage\":\"fr-FR\",\"potentialAction\":[{\"@type\":\"ReadAction\",\"target\":[\"https:\/\/www.brazilcarestore.com\/fr\/product\/granado-fr\/kits-fr\/kit-exfoliant-et-beurre-corporel-a-la-lavande\/\"]}]},{\"@type\":\"ImageObject\",\"inLanguage\":\"fr-FR\",\"@id\":\"https:\/\/www.brazilcarestore.com\/fr\/product\/granado-fr\/kits-fr\/kit-exfoliant-et-beurre-corporel-a-la-lavande\/#primaryimage\",\"url\":\"https:\/\/i0.wp.com\/www.brazilcarestore.com\/wp-content\/uploads\/2024\/07\/Exfoliating-and-Lavender-Body-Butter-3.webp?fit=836%2C1076&ssl=1\",\"contentUrl\":\"https:\/\/i0.wp.com\/www.brazilcarestore.com\/wp-content\/uploads\/2024\/07\/Exfoliating-and-Lavender-Body-Butter-3.webp?fit=836%2C1076&ssl=1\",\"width\":836,\"height\":1076},{\"@type\":\"BreadcrumbList\",\"@id\":\"https:\/\/www.brazilcarestore.com\/fr\/product\/granado-fr\/kits-fr\/kit-exfoliant-et-beurre-corporel-a-la-lavande\/#breadcrumb\",\"itemListElement\":[{\"@type\":\"ListItem\",\"position\":1,\"name\":\"Home\",\"item\":\"https:\/\/www.brazilcarestore.com\/fr\/\"},{\"@type\":\"ListItem\",\"position\":2,\"name\":\"Boutique\",\"item\":\"https:\/\/www.brazilcarestore.com\/fr\/boutique\/\"},{\"@type\":\"ListItem\",\"position\":3,\"name\":\"Kit exfoliant et beurre corporel \u00e0 la lavande\"}]},{\"@type\":\"WebSite\",\"@id\":\"https:\/\/www.brazilcarestore.com\/fr\/#website\",\"url\":\"https:\/\/www.brazilcarestore.com\/fr\/\",\"name\":\"Brazil Care Store\",\"description\":\"The way to Beauty\",\"publisher\":{\"@id\":\"https:\/\/www.brazilcarestore.com\/fr\/#organization\"},\"potentialAction\":[{\"@type\":\"SearchAction\",\"target\":{\"@type\":\"EntryPoint\",\"urlTemplate\":\"https:\/\/www.brazilcarestore.com\/fr\/?s={search_term_string}\"},\"query-input\":{\"@type\":\"PropertyValueSpecification\",\"valueRequired\":true,\"valueName\":\"search_term_string\"}}],\"inLanguage\":\"fr-FR\"},{\"@type\":\"Organization\",\"@id\":\"https:\/\/www.brazilcarestore.com\/fr\/#organization\",\"name\":\"Brazil Care Store\",\"url\":\"https:\/\/www.brazilcarestore.com\/fr\/\",\"logo\":{\"@type\":\"ImageObject\",\"inLanguage\":\"fr-FR\",\"@id\":\"https:\/\/www.brazilcarestore.com\/fr\/#\/schema\/logo\/image\/\",\"url\":\"https:\/\/i0.wp.com\/www.brazilcarestore.com\/wp-content\/uploads\/2024\/02\/Brazil-Care-Store.png?fit=350%2C369&ssl=1\",\"contentUrl\":\"https:\/\/i0.wp.com\/www.brazilcarestore.com\/wp-content\/uploads\/2024\/02\/Brazil-Care-Store.png?fit=350%2C369&ssl=1\",\"width\":350,\"height\":369,\"caption\":\"Brazil Care Store\"},\"image\":{\"@id\":\"https:\/\/www.brazilcarestore.com\/fr\/#\/schema\/logo\/image\/\"},\"sameAs\":[\"https:\/\/www.facebook.com\/brazilcarestore\",\"https:\/\/www.instagram.com\/brazilcarestore\",\"https:\/\/www.tiktok.com\/@brazilcarestore\"]}]}<\/script>\n<!-- \/ Yoast SEO plugin. -->","yoast_head_json":{"title":"Kit exfoliant et beurre corporel \u00e0 la lavande - Brazil Care Store","description":"Commencez par l'exfoliation, qui favorise la r\u00e9g\u00e9n\u00e9ration cellulaire et rend votre peau plus douce.","robots":{"index":"index","follow":"follow","max-snippet":"max-snippet:-1","max-image-preview":"max-image-preview:large","max-video-preview":"max-video-preview:-1"},"canonical":"https:\/\/www.brazilcarestore.com\/fr\/product\/granado-fr\/kits-fr\/kit-exfoliant-et-beurre-corporel-a-la-lavande\/","og_locale":"fr_FR","og_type":"article","og_title":"Kit exfoliant et beurre corporel \u00e0 la lavande - Brazil Care Store","og_description":"Commencez par l'exfoliation, qui favorise la r\u00e9g\u00e9n\u00e9ration cellulaire et rend votre peau plus douce.","og_url":"https:\/\/www.brazilcarestore.com\/fr\/product\/granado-fr\/kits-fr\/kit-exfoliant-et-beurre-corporel-a-la-lavande\/","og_site_name":"Brazil Care Store","article_publisher":"https:\/\/www.facebook.com\/brazilcarestore","article_modified_time":"2025-05-01T23:00:22+00:00","og_image":[{"width":836,"height":1076,"url":"https:\/\/i0.wp.com\/www.brazilcarestore.com\/wp-content\/uploads\/2024\/07\/Exfoliating-and-Lavender-Body-Butter-3.webp?fit=836%2C1076&ssl=1","type":"image\/webp"}],"twitter_card":"summary_large_image","schema":{"@context":"https:\/\/schema.org","@graph":[{"@type":"WebPage","@id":"https:\/\/www.brazilcarestore.com\/fr\/product\/granado-fr\/kits-fr\/kit-exfoliant-et-beurre-corporel-a-la-lavande\/","url":"https:\/\/www.brazilcarestore.com\/fr\/product\/granado-fr\/kits-fr\/kit-exfoliant-et-beurre-corporel-a-la-lavande\/","name":"Kit exfoliant et beurre corporel \u00e0 la lavande - Brazil Care Store","isPartOf":{"@id":"https:\/\/www.brazilcarestore.com\/fr\/#website"},"primaryImageOfPage":{"@id":"https:\/\/www.brazilcarestore.com\/fr\/product\/granado-fr\/kits-fr\/kit-exfoliant-et-beurre-corporel-a-la-lavande\/#primaryimage"},"image":{"@id":"https:\/\/www.brazilcarestore.com\/fr\/product\/granado-fr\/kits-fr\/kit-exfoliant-et-beurre-corporel-a-la-lavande\/#primaryimage"},"thumbnailUrl":"https:\/\/i0.wp.com\/www.brazilcarestore.com\/wp-content\/uploads\/2024\/07\/Exfoliating-and-Lavender-Body-Butter-3.webp?fit=836%2C1076&ssl=1","datePublished":"2024-07-08T08:01:38+00:00","dateModified":"2025-05-01T23:00:22+00:00","description":"Commencez par l'exfoliation, qui favorise la r\u00e9g\u00e9n\u00e9ration cellulaire et rend votre peau plus douce.","breadcrumb":{"@id":"https:\/\/www.brazilcarestore.com\/fr\/product\/granado-fr\/kits-fr\/kit-exfoliant-et-beurre-corporel-a-la-lavande\/#breadcrumb"},"inLanguage":"fr-FR","potentialAction":[{"@type":"ReadAction","target":["https:\/\/www.brazilcarestore.com\/fr\/product\/granado-fr\/kits-fr\/kit-exfoliant-et-beurre-corporel-a-la-lavande\/"]}]},{"@type":"ImageObject","inLanguage":"fr-FR","@id":"https:\/\/www.brazilcarestore.com\/fr\/product\/granado-fr\/kits-fr\/kit-exfoliant-et-beurre-corporel-a-la-lavande\/#primaryimage","url":"https:\/\/i0.wp.com\/www.brazilcarestore.com\/wp-content\/uploads\/2024\/07\/Exfoliating-and-Lavender-Body-Butter-3.webp?fit=836%2C1076&ssl=1","contentUrl":"https:\/\/i0.wp.com\/www.brazilcarestore.com\/wp-content\/uploads\/2024\/07\/Exfoliating-and-Lavender-Body-Butter-3.webp?fit=836%2C1076&ssl=1","width":836,"height":1076},{"@type":"BreadcrumbList","@id":"https:\/\/www.brazilcarestore.com\/fr\/product\/granado-fr\/kits-fr\/kit-exfoliant-et-beurre-corporel-a-la-lavande\/#breadcrumb","itemListElement":[{"@type":"ListItem","position":1,"name":"Home","item":"https:\/\/www.brazilcarestore.com\/fr\/"},{"@type":"ListItem","position":2,"name":"Boutique","item":"https:\/\/www.brazilcarestore.com\/fr\/boutique\/"},{"@type":"ListItem","position":3,"name":"Kit exfoliant et beurre corporel \u00e0 la lavande"}]},{"@type":"WebSite","@id":"https:\/\/www.brazilcarestore.com\/fr\/#website","url":"https:\/\/www.brazilcarestore.com\/fr\/","name":"Brazil Care Store","description":"The way to Beauty","publisher":{"@id":"https:\/\/www.brazilcarestore.com\/fr\/#organization"},"potentialAction":[{"@type":"SearchAction","target":{"@type":"EntryPoint","urlTemplate":"https:\/\/www.brazilcarestore.com\/fr\/?s={search_term_string}"},"query-input":{"@type":"PropertyValueSpecification","valueRequired":true,"valueName":"search_term_string"}}],"inLanguage":"fr-FR"},{"@type":"Organization","@id":"https:\/\/www.brazilcarestore.com\/fr\/#organization","name":"Brazil Care Store","url":"https:\/\/www.brazilcarestore.com\/fr\/","logo":{"@type":"ImageObject","inLanguage":"fr-FR","@id":"https:\/\/www.brazilcarestore.com\/fr\/#\/schema\/logo\/image\/","url":"https:\/\/i0.wp.com\/www.brazilcarestore.com\/wp-content\/uploads\/2024\/02\/Brazil-Care-Store.png?fit=350%2C369&ssl=1","contentUrl":"https:\/\/i0.wp.com\/www.brazilcarestore.com\/wp-content\/uploads\/2024\/02\/Brazil-Care-Store.png?fit=350%2C369&ssl=1","width":350,"height":369,"caption":"Brazil Care Store"},"image":{"@id":"https:\/\/www.brazilcarestore.com\/fr\/#\/schema\/logo\/image\/"},"sameAs":["https:\/\/www.facebook.com\/brazilcarestore","https:\/\/www.instagram.com\/brazilcarestore","https:\/\/www.tiktok.com\/@brazilcarestore"]}]}},"_links":{"self":[{"href":"https:\/\/www.brazilcarestore.com\/fr\/wp-json\/wp\/v2\/product\/2309","targetHints":{"allow":["GET"]}}],"collection":[{"href":"https:\/\/www.brazilcarestore.com\/fr\/wp-json\/wp\/v2\/product"}],"about":[{"href":"https:\/\/www.brazilcarestore.com\/fr\/wp-json\/wp\/v2\/types\/product"}],"wp:featuredmedia":[{"embeddable":true,"href":"https:\/\/www.brazilcarestore.com\/fr\/wp-json\/wp\/v2\/media\/2187"}],"wp:attachment":[{"href":"https:\/\/www.brazilcarestore.com\/fr\/wp-json\/wp\/v2\/media?parent=2309"}],"wp:term":[{"taxonomy":"product_brand","embeddable":true,"href":"https:\/\/www.brazilcarestore.com\/fr\/wp-json\/wp\/v2\/product_brand?post=2309"},{"taxonomy":"product_cat","embeddable":true,"href":"https:\/\/www.brazilcarestore.com\/fr\/wp-json\/wp\/v2\/product_cat?post=2309"},{"taxonomy":"product_tag","embeddable":true,"href":"https:\/\/www.brazilcarestore.com\/fr\/wp-json\/wp\/v2\/product_tag?post=2309"}],"curies":[{"name":"wp","href":"https:\/\/api.w.org\/{rel}","templated":true}]}}