{"id":2308,"date":"2024-07-08T05:07:06","date_gmt":"2024-07-08T08:07:06","guid":{"rendered":"https:\/\/www.brazilcarestore.com\/product\/non%20class\u00e9\/beurre-corporel-aux-noix-du-bresil-200g\/"},"modified":"2025-05-01T20:02:16","modified_gmt":"2025-05-01T23:02:16","slug":"beurre-corporel-aux-noix-du-bresil-200g","status":"publish","type":"product","link":"https:\/\/www.brazilcarestore.com\/fr\/product\/granado-fr\/kits-fr\/beurre-corporel-aux-noix-du-bresil-200g\/","title":{"rendered":"Beurre corporel aux noix du Br\u00e9sil 200g"},"content":{"rendered":"<p>Hydratation en profondeur. Compos\u00e9 de beurres de karit\u00e9, cupua\u00e7u et murumuru, d&rsquo;huile de noix du Br\u00e9sil et de vitamine E. Enrichi d&rsquo;une forte concentration d&rsquo;extrait naturel de noix du Br\u00e9sil, qui a des actions antioxydantes et hydratantes. Parfum velout\u00e9, sensoriel et prolong\u00e9.  <\/p>\n<p>Sans parab\u00e8nes, colorants ni ingr\u00e9dients d&rsquo;origine animale.<\/p>\n<p>Contenu : 200g.<\/p>\n<p>Comment l&rsquo;utiliser ?<\/p>\n<p>Appliquez le beurre corporel sur l&rsquo;ensemble du corps pour une hydratation en profondeur. Adapt\u00e9 \u00e0 tous les types de peau, il p\u00e9n\u00e8tre rapidement et ne laisse pas de texture grasse. Le corps est hydrat\u00e9, doux et souple.  <\/p>\n","protected":false},"excerpt":{"rendered":"<p>Sans parab\u00e8nes, colorants ni ingr\u00e9dients d&rsquo;origine animale.<\/p>\n","protected":false},"featured_media":2195,"template":"","meta":[],"product_brand":[209],"product_cat":[127,133],"product_tag":[],"class_list":{"0":"post-2308","1":"product","2":"type-product","3":"status-publish","4":"has-post-thumbnail","6":"product_brand-granado","7":"product_cat-granado-fr","8":"product_cat-kits-fr","9":"product_shipping_class-feuilles-de-500-a-999-grammes","11":"first","12":"instock","13":"shipping-taxable","14":"purchasable","15":"product-type-simple"},"yoast_head":"<!-- This site is optimized with the Yoast SEO plugin v27.1.1 - https:\/\/yoast.com\/product\/yoast-seo-wordpress\/ -->\n<title>Beurre corporel aux noix du Br\u00e9sil 200g - Brazil Care Store<\/title>\n<meta name=\"description\" content=\"Sans parab\u00e8nes, colorants ni ingr\u00e9dients d&#039;origine animale.\" \/>\n<meta name=\"robots\" content=\"index, follow, max-snippet:-1, max-image-preview:large, max-video-preview:-1\" \/>\n<link rel=\"canonical\" href=\"https:\/\/www.brazilcarestore.com\/fr\/product\/granado-fr\/kits-fr\/beurre-corporel-aux-noix-du-bresil-200g\/\" \/>\n<meta property=\"og:locale\" content=\"fr_FR\" \/>\n<meta property=\"og:type\" content=\"article\" \/>\n<meta property=\"og:title\" content=\"Beurre corporel aux noix du Br\u00e9sil 200g - Brazil Care Store\" \/>\n<meta property=\"og:description\" content=\"Sans parab\u00e8nes, colorants ni ingr\u00e9dients d&#039;origine animale.\" \/>\n<meta property=\"og:url\" content=\"https:\/\/www.brazilcarestore.com\/fr\/product\/granado-fr\/kits-fr\/beurre-corporel-aux-noix-du-bresil-200g\/\" \/>\n<meta property=\"og:site_name\" content=\"Brazil Care Store\" \/>\n<meta property=\"article:publisher\" content=\"https:\/\/www.facebook.com\/brazilcarestore\" \/>\n<meta property=\"article:modified_time\" content=\"2025-05-01T23:02:16+00:00\" \/>\n<meta property=\"og:image\" content=\"https:\/\/i0.wp.com\/www.brazilcarestore.com\/wp-content\/uploads\/2024\/07\/Manteiga-Corporal-Castanha-do-Brasil-200g-3.webp?fit=836%2C1076&ssl=1\" \/>\n\t<meta property=\"og:image:width\" content=\"836\" \/>\n\t<meta property=\"og:image:height\" content=\"1076\" \/>\n\t<meta property=\"og:image:type\" content=\"image\/webp\" \/>\n<meta name=\"twitter:card\" content=\"summary_large_image\" \/>\n<script type=\"application\/ld+json\" class=\"yoast-schema-graph\">{\"@context\":\"https:\/\/schema.org\",\"@graph\":[{\"@type\":\"WebPage\",\"@id\":\"https:\/\/www.brazilcarestore.com\/fr\/product\/granado-fr\/kits-fr\/beurre-corporel-aux-noix-du-bresil-200g\/\",\"url\":\"https:\/\/www.brazilcarestore.com\/fr\/product\/granado-fr\/kits-fr\/beurre-corporel-aux-noix-du-bresil-200g\/\",\"name\":\"Beurre corporel aux noix du Br\u00e9sil 200g - Brazil Care Store\",\"isPartOf\":{\"@id\":\"https:\/\/www.brazilcarestore.com\/fr\/#website\"},\"primaryImageOfPage\":{\"@id\":\"https:\/\/www.brazilcarestore.com\/fr\/product\/granado-fr\/kits-fr\/beurre-corporel-aux-noix-du-bresil-200g\/#primaryimage\"},\"image\":{\"@id\":\"https:\/\/www.brazilcarestore.com\/fr\/product\/granado-fr\/kits-fr\/beurre-corporel-aux-noix-du-bresil-200g\/#primaryimage\"},\"thumbnailUrl\":\"https:\/\/i0.wp.com\/www.brazilcarestore.com\/wp-content\/uploads\/2024\/07\/Manteiga-Corporal-Castanha-do-Brasil-200g-3.webp?fit=836%2C1076&ssl=1\",\"datePublished\":\"2024-07-08T08:07:06+00:00\",\"dateModified\":\"2025-05-01T23:02:16+00:00\",\"description\":\"Sans parab\u00e8nes, colorants ni ingr\u00e9dients d'origine animale.\",\"breadcrumb\":{\"@id\":\"https:\/\/www.brazilcarestore.com\/fr\/product\/granado-fr\/kits-fr\/beurre-corporel-aux-noix-du-bresil-200g\/#breadcrumb\"},\"inLanguage\":\"fr-FR\",\"potentialAction\":[{\"@type\":\"ReadAction\",\"target\":[\"https:\/\/www.brazilcarestore.com\/fr\/product\/granado-fr\/kits-fr\/beurre-corporel-aux-noix-du-bresil-200g\/\"]}]},{\"@type\":\"ImageObject\",\"inLanguage\":\"fr-FR\",\"@id\":\"https:\/\/www.brazilcarestore.com\/fr\/product\/granado-fr\/kits-fr\/beurre-corporel-aux-noix-du-bresil-200g\/#primaryimage\",\"url\":\"https:\/\/i0.wp.com\/www.brazilcarestore.com\/wp-content\/uploads\/2024\/07\/Manteiga-Corporal-Castanha-do-Brasil-200g-3.webp?fit=836%2C1076&ssl=1\",\"contentUrl\":\"https:\/\/i0.wp.com\/www.brazilcarestore.com\/wp-content\/uploads\/2024\/07\/Manteiga-Corporal-Castanha-do-Brasil-200g-3.webp?fit=836%2C1076&ssl=1\",\"width\":836,\"height\":1076},{\"@type\":\"BreadcrumbList\",\"@id\":\"https:\/\/www.brazilcarestore.com\/fr\/product\/granado-fr\/kits-fr\/beurre-corporel-aux-noix-du-bresil-200g\/#breadcrumb\",\"itemListElement\":[{\"@type\":\"ListItem\",\"position\":1,\"name\":\"Home\",\"item\":\"https:\/\/www.brazilcarestore.com\/fr\/\"},{\"@type\":\"ListItem\",\"position\":2,\"name\":\"Boutique\",\"item\":\"https:\/\/www.brazilcarestore.com\/fr\/boutique\/\"},{\"@type\":\"ListItem\",\"position\":3,\"name\":\"Beurre corporel aux noix du Br\u00e9sil 200g\"}]},{\"@type\":\"WebSite\",\"@id\":\"https:\/\/www.brazilcarestore.com\/fr\/#website\",\"url\":\"https:\/\/www.brazilcarestore.com\/fr\/\",\"name\":\"Brazil Care Store\",\"description\":\"The way to Beauty\",\"publisher\":{\"@id\":\"https:\/\/www.brazilcarestore.com\/fr\/#organization\"},\"potentialAction\":[{\"@type\":\"SearchAction\",\"target\":{\"@type\":\"EntryPoint\",\"urlTemplate\":\"https:\/\/www.brazilcarestore.com\/fr\/?s={search_term_string}\"},\"query-input\":{\"@type\":\"PropertyValueSpecification\",\"valueRequired\":true,\"valueName\":\"search_term_string\"}}],\"inLanguage\":\"fr-FR\"},{\"@type\":\"Organization\",\"@id\":\"https:\/\/www.brazilcarestore.com\/fr\/#organization\",\"name\":\"Brazil Care Store\",\"url\":\"https:\/\/www.brazilcarestore.com\/fr\/\",\"logo\":{\"@type\":\"ImageObject\",\"inLanguage\":\"fr-FR\",\"@id\":\"https:\/\/www.brazilcarestore.com\/fr\/#\/schema\/logo\/image\/\",\"url\":\"https:\/\/i0.wp.com\/www.brazilcarestore.com\/wp-content\/uploads\/2024\/02\/Brazil-Care-Store.png?fit=350%2C369&ssl=1\",\"contentUrl\":\"https:\/\/i0.wp.com\/www.brazilcarestore.com\/wp-content\/uploads\/2024\/02\/Brazil-Care-Store.png?fit=350%2C369&ssl=1\",\"width\":350,\"height\":369,\"caption\":\"Brazil Care Store\"},\"image\":{\"@id\":\"https:\/\/www.brazilcarestore.com\/fr\/#\/schema\/logo\/image\/\"},\"sameAs\":[\"https:\/\/www.facebook.com\/brazilcarestore\",\"https:\/\/www.instagram.com\/brazilcarestore\",\"https:\/\/www.tiktok.com\/@brazilcarestore\"]}]}<\/script>\n<!-- \/ Yoast SEO plugin. -->","yoast_head_json":{"title":"Beurre corporel aux noix du Br\u00e9sil 200g - Brazil Care Store","description":"Sans parab\u00e8nes, colorants ni ingr\u00e9dients d'origine animale.","robots":{"index":"index","follow":"follow","max-snippet":"max-snippet:-1","max-image-preview":"max-image-preview:large","max-video-preview":"max-video-preview:-1"},"canonical":"https:\/\/www.brazilcarestore.com\/fr\/product\/granado-fr\/kits-fr\/beurre-corporel-aux-noix-du-bresil-200g\/","og_locale":"fr_FR","og_type":"article","og_title":"Beurre corporel aux noix du Br\u00e9sil 200g - Brazil Care Store","og_description":"Sans parab\u00e8nes, colorants ni ingr\u00e9dients d'origine animale.","og_url":"https:\/\/www.brazilcarestore.com\/fr\/product\/granado-fr\/kits-fr\/beurre-corporel-aux-noix-du-bresil-200g\/","og_site_name":"Brazil Care Store","article_publisher":"https:\/\/www.facebook.com\/brazilcarestore","article_modified_time":"2025-05-01T23:02:16+00:00","og_image":[{"width":836,"height":1076,"url":"https:\/\/i0.wp.com\/www.brazilcarestore.com\/wp-content\/uploads\/2024\/07\/Manteiga-Corporal-Castanha-do-Brasil-200g-3.webp?fit=836%2C1076&ssl=1","type":"image\/webp"}],"twitter_card":"summary_large_image","schema":{"@context":"https:\/\/schema.org","@graph":[{"@type":"WebPage","@id":"https:\/\/www.brazilcarestore.com\/fr\/product\/granado-fr\/kits-fr\/beurre-corporel-aux-noix-du-bresil-200g\/","url":"https:\/\/www.brazilcarestore.com\/fr\/product\/granado-fr\/kits-fr\/beurre-corporel-aux-noix-du-bresil-200g\/","name":"Beurre corporel aux noix du Br\u00e9sil 200g - Brazil Care Store","isPartOf":{"@id":"https:\/\/www.brazilcarestore.com\/fr\/#website"},"primaryImageOfPage":{"@id":"https:\/\/www.brazilcarestore.com\/fr\/product\/granado-fr\/kits-fr\/beurre-corporel-aux-noix-du-bresil-200g\/#primaryimage"},"image":{"@id":"https:\/\/www.brazilcarestore.com\/fr\/product\/granado-fr\/kits-fr\/beurre-corporel-aux-noix-du-bresil-200g\/#primaryimage"},"thumbnailUrl":"https:\/\/i0.wp.com\/www.brazilcarestore.com\/wp-content\/uploads\/2024\/07\/Manteiga-Corporal-Castanha-do-Brasil-200g-3.webp?fit=836%2C1076&ssl=1","datePublished":"2024-07-08T08:07:06+00:00","dateModified":"2025-05-01T23:02:16+00:00","description":"Sans parab\u00e8nes, colorants ni ingr\u00e9dients d'origine animale.","breadcrumb":{"@id":"https:\/\/www.brazilcarestore.com\/fr\/product\/granado-fr\/kits-fr\/beurre-corporel-aux-noix-du-bresil-200g\/#breadcrumb"},"inLanguage":"fr-FR","potentialAction":[{"@type":"ReadAction","target":["https:\/\/www.brazilcarestore.com\/fr\/product\/granado-fr\/kits-fr\/beurre-corporel-aux-noix-du-bresil-200g\/"]}]},{"@type":"ImageObject","inLanguage":"fr-FR","@id":"https:\/\/www.brazilcarestore.com\/fr\/product\/granado-fr\/kits-fr\/beurre-corporel-aux-noix-du-bresil-200g\/#primaryimage","url":"https:\/\/i0.wp.com\/www.brazilcarestore.com\/wp-content\/uploads\/2024\/07\/Manteiga-Corporal-Castanha-do-Brasil-200g-3.webp?fit=836%2C1076&ssl=1","contentUrl":"https:\/\/i0.wp.com\/www.brazilcarestore.com\/wp-content\/uploads\/2024\/07\/Manteiga-Corporal-Castanha-do-Brasil-200g-3.webp?fit=836%2C1076&ssl=1","width":836,"height":1076},{"@type":"BreadcrumbList","@id":"https:\/\/www.brazilcarestore.com\/fr\/product\/granado-fr\/kits-fr\/beurre-corporel-aux-noix-du-bresil-200g\/#breadcrumb","itemListElement":[{"@type":"ListItem","position":1,"name":"Home","item":"https:\/\/www.brazilcarestore.com\/fr\/"},{"@type":"ListItem","position":2,"name":"Boutique","item":"https:\/\/www.brazilcarestore.com\/fr\/boutique\/"},{"@type":"ListItem","position":3,"name":"Beurre corporel aux noix du Br\u00e9sil 200g"}]},{"@type":"WebSite","@id":"https:\/\/www.brazilcarestore.com\/fr\/#website","url":"https:\/\/www.brazilcarestore.com\/fr\/","name":"Brazil Care Store","description":"The way to Beauty","publisher":{"@id":"https:\/\/www.brazilcarestore.com\/fr\/#organization"},"potentialAction":[{"@type":"SearchAction","target":{"@type":"EntryPoint","urlTemplate":"https:\/\/www.brazilcarestore.com\/fr\/?s={search_term_string}"},"query-input":{"@type":"PropertyValueSpecification","valueRequired":true,"valueName":"search_term_string"}}],"inLanguage":"fr-FR"},{"@type":"Organization","@id":"https:\/\/www.brazilcarestore.com\/fr\/#organization","name":"Brazil Care Store","url":"https:\/\/www.brazilcarestore.com\/fr\/","logo":{"@type":"ImageObject","inLanguage":"fr-FR","@id":"https:\/\/www.brazilcarestore.com\/fr\/#\/schema\/logo\/image\/","url":"https:\/\/i0.wp.com\/www.brazilcarestore.com\/wp-content\/uploads\/2024\/02\/Brazil-Care-Store.png?fit=350%2C369&ssl=1","contentUrl":"https:\/\/i0.wp.com\/www.brazilcarestore.com\/wp-content\/uploads\/2024\/02\/Brazil-Care-Store.png?fit=350%2C369&ssl=1","width":350,"height":369,"caption":"Brazil Care Store"},"image":{"@id":"https:\/\/www.brazilcarestore.com\/fr\/#\/schema\/logo\/image\/"},"sameAs":["https:\/\/www.facebook.com\/brazilcarestore","https:\/\/www.instagram.com\/brazilcarestore","https:\/\/www.tiktok.com\/@brazilcarestore"]}]}},"_links":{"self":[{"href":"https:\/\/www.brazilcarestore.com\/fr\/wp-json\/wp\/v2\/product\/2308","targetHints":{"allow":["GET"]}}],"collection":[{"href":"https:\/\/www.brazilcarestore.com\/fr\/wp-json\/wp\/v2\/product"}],"about":[{"href":"https:\/\/www.brazilcarestore.com\/fr\/wp-json\/wp\/v2\/types\/product"}],"wp:featuredmedia":[{"embeddable":true,"href":"https:\/\/www.brazilcarestore.com\/fr\/wp-json\/wp\/v2\/media\/2195"}],"wp:attachment":[{"href":"https:\/\/www.brazilcarestore.com\/fr\/wp-json\/wp\/v2\/media?parent=2308"}],"wp:term":[{"taxonomy":"product_brand","embeddable":true,"href":"https:\/\/www.brazilcarestore.com\/fr\/wp-json\/wp\/v2\/product_brand?post=2308"},{"taxonomy":"product_cat","embeddable":true,"href":"https:\/\/www.brazilcarestore.com\/fr\/wp-json\/wp\/v2\/product_cat?post=2308"},{"taxonomy":"product_tag","embeddable":true,"href":"https:\/\/www.brazilcarestore.com\/fr\/wp-json\/wp\/v2\/product_tag?post=2308"}],"curies":[{"name":"wp","href":"https:\/\/api.w.org\/{rel}","templated":true}]}}