{"id":2302,"date":"2024-07-08T04:56:15","date_gmt":"2024-07-08T07:56:15","guid":{"rendered":"https:\/\/www.brazilcarestore.com\/product\/non%20class\u00e9\/kit-beurre-corporel-exfoliant-et-au-calendula\/"},"modified":"2025-05-01T19:58:10","modified_gmt":"2025-05-01T22:58:10","slug":"kit-beurre-corporel-exfoliant-et-au-calendula","status":"publish","type":"product","link":"https:\/\/www.brazilcarestore.com\/fr\/product\/granado-fr\/kits-fr\/kit-beurre-corporel-exfoliant-et-au-calendula\/","title":{"rendered":"Kit beurre corporel exfoliant et au calendula"},"content":{"rendered":"<p>Kit de produits pour un traitement complet de la peau.<\/p>\n<p>L&rsquo;extrait naturel de calendula apaise la peau. Commencez par l&rsquo;exfoliation, qui favorise la r\u00e9g\u00e9n\u00e9ration cellulaire et rend votre peau plus douce. Terminez par un beurre pour une hydratation en profondeur. Emballage pratique \u00e0 transporter dans votre trousse de toilette.  <\/p>\n<p>Sans parab\u00e8nes, colorants ni ingr\u00e9dients d&rsquo;origine animale.<\/p>\n<p>Contenu : 2 x 60g.<\/p>\n<p>Comment l&rsquo;utiliser ?<\/p>\n<p>Commencez par une exfoliation, pour favoriser la r\u00e9g\u00e9n\u00e9ration cellulaire et rendre votre peau plus douce. Terminez par un beurre pour une hydratation en profondeur. <\/p>\n","protected":false},"excerpt":{"rendered":"<p>Sans parab\u00e8nes, colorants ni ingr\u00e9dients d&rsquo;origine animale.<\/p>\n","protected":false},"featured_media":2151,"template":"","meta":[],"product_brand":[209],"product_cat":[127,133],"product_tag":[],"class_list":{"0":"post-2302","1":"product","2":"type-product","3":"status-publish","4":"has-post-thumbnail","6":"product_brand-granado","7":"product_cat-granado-fr","8":"product_cat-kits-fr","9":"product_shipping_class-feuilles-de-500-a-999-grammes","11":"first","12":"instock","13":"shipping-taxable","14":"purchasable","15":"product-type-simple"},"yoast_head":"<!-- This site is optimized with the Yoast SEO plugin v27.1.1 - https:\/\/yoast.com\/product\/yoast-seo-wordpress\/ -->\n<title>Kit beurre corporel exfoliant et au calendula - Brazil Care Store<\/title>\n<meta name=\"description\" content=\"Sans parab\u00e8nes, colorants ni ingr\u00e9dients d&#039;origine animale.\" \/>\n<meta name=\"robots\" content=\"index, follow, max-snippet:-1, max-image-preview:large, max-video-preview:-1\" \/>\n<link rel=\"canonical\" href=\"https:\/\/www.brazilcarestore.com\/fr\/product\/granado-fr\/kits-fr\/kit-beurre-corporel-exfoliant-et-au-calendula\/\" \/>\n<meta property=\"og:locale\" content=\"fr_FR\" \/>\n<meta property=\"og:type\" content=\"article\" \/>\n<meta property=\"og:title\" content=\"Kit beurre corporel exfoliant et au calendula - Brazil Care Store\" \/>\n<meta property=\"og:description\" content=\"Sans parab\u00e8nes, colorants ni ingr\u00e9dients d&#039;origine animale.\" \/>\n<meta property=\"og:url\" content=\"https:\/\/www.brazilcarestore.com\/fr\/product\/granado-fr\/kits-fr\/kit-beurre-corporel-exfoliant-et-au-calendula\/\" \/>\n<meta property=\"og:site_name\" content=\"Brazil Care Store\" \/>\n<meta property=\"article:publisher\" content=\"https:\/\/www.facebook.com\/brazilcarestore\" \/>\n<meta property=\"article:modified_time\" content=\"2025-05-01T22:58:10+00:00\" \/>\n<meta property=\"og:image\" content=\"https:\/\/i0.wp.com\/www.brazilcarestore.com\/wp-content\/uploads\/2024\/07\/Exfoliating-and-Calendula-Body-Butter-kit-1.jpg?fit=450%2C344&ssl=1\" \/>\n\t<meta property=\"og:image:width\" content=\"450\" \/>\n\t<meta property=\"og:image:height\" content=\"344\" \/>\n\t<meta property=\"og:image:type\" content=\"image\/jpeg\" \/>\n<meta name=\"twitter:card\" content=\"summary_large_image\" \/>\n<script type=\"application\/ld+json\" class=\"yoast-schema-graph\">{\"@context\":\"https:\/\/schema.org\",\"@graph\":[{\"@type\":\"WebPage\",\"@id\":\"https:\/\/www.brazilcarestore.com\/fr\/product\/granado-fr\/kits-fr\/kit-beurre-corporel-exfoliant-et-au-calendula\/\",\"url\":\"https:\/\/www.brazilcarestore.com\/fr\/product\/granado-fr\/kits-fr\/kit-beurre-corporel-exfoliant-et-au-calendula\/\",\"name\":\"Kit beurre corporel exfoliant et au calendula - Brazil Care Store\",\"isPartOf\":{\"@id\":\"https:\/\/www.brazilcarestore.com\/fr\/#website\"},\"primaryImageOfPage\":{\"@id\":\"https:\/\/www.brazilcarestore.com\/fr\/product\/granado-fr\/kits-fr\/kit-beurre-corporel-exfoliant-et-au-calendula\/#primaryimage\"},\"image\":{\"@id\":\"https:\/\/www.brazilcarestore.com\/fr\/product\/granado-fr\/kits-fr\/kit-beurre-corporel-exfoliant-et-au-calendula\/#primaryimage\"},\"thumbnailUrl\":\"https:\/\/i0.wp.com\/www.brazilcarestore.com\/wp-content\/uploads\/2024\/07\/Exfoliating-and-Calendula-Body-Butter-kit-1.jpg?fit=450%2C344&ssl=1\",\"datePublished\":\"2024-07-08T07:56:15+00:00\",\"dateModified\":\"2025-05-01T22:58:10+00:00\",\"description\":\"Sans parab\u00e8nes, colorants ni ingr\u00e9dients d'origine animale.\",\"breadcrumb\":{\"@id\":\"https:\/\/www.brazilcarestore.com\/fr\/product\/granado-fr\/kits-fr\/kit-beurre-corporel-exfoliant-et-au-calendula\/#breadcrumb\"},\"inLanguage\":\"fr-FR\",\"potentialAction\":[{\"@type\":\"ReadAction\",\"target\":[\"https:\/\/www.brazilcarestore.com\/fr\/product\/granado-fr\/kits-fr\/kit-beurre-corporel-exfoliant-et-au-calendula\/\"]}]},{\"@type\":\"ImageObject\",\"inLanguage\":\"fr-FR\",\"@id\":\"https:\/\/www.brazilcarestore.com\/fr\/product\/granado-fr\/kits-fr\/kit-beurre-corporel-exfoliant-et-au-calendula\/#primaryimage\",\"url\":\"https:\/\/i0.wp.com\/www.brazilcarestore.com\/wp-content\/uploads\/2024\/07\/Exfoliating-and-Calendula-Body-Butter-kit-1.jpg?fit=450%2C344&ssl=1\",\"contentUrl\":\"https:\/\/i0.wp.com\/www.brazilcarestore.com\/wp-content\/uploads\/2024\/07\/Exfoliating-and-Calendula-Body-Butter-kit-1.jpg?fit=450%2C344&ssl=1\",\"width\":450,\"height\":344},{\"@type\":\"BreadcrumbList\",\"@id\":\"https:\/\/www.brazilcarestore.com\/fr\/product\/granado-fr\/kits-fr\/kit-beurre-corporel-exfoliant-et-au-calendula\/#breadcrumb\",\"itemListElement\":[{\"@type\":\"ListItem\",\"position\":1,\"name\":\"Home\",\"item\":\"https:\/\/www.brazilcarestore.com\/fr\/\"},{\"@type\":\"ListItem\",\"position\":2,\"name\":\"Boutique\",\"item\":\"https:\/\/www.brazilcarestore.com\/fr\/boutique\/\"},{\"@type\":\"ListItem\",\"position\":3,\"name\":\"Kit beurre corporel exfoliant et au calendula\"}]},{\"@type\":\"WebSite\",\"@id\":\"https:\/\/www.brazilcarestore.com\/fr\/#website\",\"url\":\"https:\/\/www.brazilcarestore.com\/fr\/\",\"name\":\"Brazil Care Store\",\"description\":\"The way to Beauty\",\"publisher\":{\"@id\":\"https:\/\/www.brazilcarestore.com\/fr\/#organization\"},\"potentialAction\":[{\"@type\":\"SearchAction\",\"target\":{\"@type\":\"EntryPoint\",\"urlTemplate\":\"https:\/\/www.brazilcarestore.com\/fr\/?s={search_term_string}\"},\"query-input\":{\"@type\":\"PropertyValueSpecification\",\"valueRequired\":true,\"valueName\":\"search_term_string\"}}],\"inLanguage\":\"fr-FR\"},{\"@type\":\"Organization\",\"@id\":\"https:\/\/www.brazilcarestore.com\/fr\/#organization\",\"name\":\"Brazil Care Store\",\"url\":\"https:\/\/www.brazilcarestore.com\/fr\/\",\"logo\":{\"@type\":\"ImageObject\",\"inLanguage\":\"fr-FR\",\"@id\":\"https:\/\/www.brazilcarestore.com\/fr\/#\/schema\/logo\/image\/\",\"url\":\"https:\/\/i0.wp.com\/www.brazilcarestore.com\/wp-content\/uploads\/2024\/02\/Brazil-Care-Store.png?fit=350%2C369&ssl=1\",\"contentUrl\":\"https:\/\/i0.wp.com\/www.brazilcarestore.com\/wp-content\/uploads\/2024\/02\/Brazil-Care-Store.png?fit=350%2C369&ssl=1\",\"width\":350,\"height\":369,\"caption\":\"Brazil Care Store\"},\"image\":{\"@id\":\"https:\/\/www.brazilcarestore.com\/fr\/#\/schema\/logo\/image\/\"},\"sameAs\":[\"https:\/\/www.facebook.com\/brazilcarestore\",\"https:\/\/www.instagram.com\/brazilcarestore\",\"https:\/\/www.tiktok.com\/@brazilcarestore\"]}]}<\/script>\n<!-- \/ Yoast SEO plugin. -->","yoast_head_json":{"title":"Kit beurre corporel exfoliant et au calendula - Brazil Care Store","description":"Sans parab\u00e8nes, colorants ni ingr\u00e9dients d'origine animale.","robots":{"index":"index","follow":"follow","max-snippet":"max-snippet:-1","max-image-preview":"max-image-preview:large","max-video-preview":"max-video-preview:-1"},"canonical":"https:\/\/www.brazilcarestore.com\/fr\/product\/granado-fr\/kits-fr\/kit-beurre-corporel-exfoliant-et-au-calendula\/","og_locale":"fr_FR","og_type":"article","og_title":"Kit beurre corporel exfoliant et au calendula - Brazil Care Store","og_description":"Sans parab\u00e8nes, colorants ni ingr\u00e9dients d'origine animale.","og_url":"https:\/\/www.brazilcarestore.com\/fr\/product\/granado-fr\/kits-fr\/kit-beurre-corporel-exfoliant-et-au-calendula\/","og_site_name":"Brazil Care Store","article_publisher":"https:\/\/www.facebook.com\/brazilcarestore","article_modified_time":"2025-05-01T22:58:10+00:00","og_image":[{"width":450,"height":344,"url":"https:\/\/i0.wp.com\/www.brazilcarestore.com\/wp-content\/uploads\/2024\/07\/Exfoliating-and-Calendula-Body-Butter-kit-1.jpg?fit=450%2C344&ssl=1","type":"image\/jpeg"}],"twitter_card":"summary_large_image","schema":{"@context":"https:\/\/schema.org","@graph":[{"@type":"WebPage","@id":"https:\/\/www.brazilcarestore.com\/fr\/product\/granado-fr\/kits-fr\/kit-beurre-corporel-exfoliant-et-au-calendula\/","url":"https:\/\/www.brazilcarestore.com\/fr\/product\/granado-fr\/kits-fr\/kit-beurre-corporel-exfoliant-et-au-calendula\/","name":"Kit beurre corporel exfoliant et au calendula - Brazil Care Store","isPartOf":{"@id":"https:\/\/www.brazilcarestore.com\/fr\/#website"},"primaryImageOfPage":{"@id":"https:\/\/www.brazilcarestore.com\/fr\/product\/granado-fr\/kits-fr\/kit-beurre-corporel-exfoliant-et-au-calendula\/#primaryimage"},"image":{"@id":"https:\/\/www.brazilcarestore.com\/fr\/product\/granado-fr\/kits-fr\/kit-beurre-corporel-exfoliant-et-au-calendula\/#primaryimage"},"thumbnailUrl":"https:\/\/i0.wp.com\/www.brazilcarestore.com\/wp-content\/uploads\/2024\/07\/Exfoliating-and-Calendula-Body-Butter-kit-1.jpg?fit=450%2C344&ssl=1","datePublished":"2024-07-08T07:56:15+00:00","dateModified":"2025-05-01T22:58:10+00:00","description":"Sans parab\u00e8nes, colorants ni ingr\u00e9dients d'origine animale.","breadcrumb":{"@id":"https:\/\/www.brazilcarestore.com\/fr\/product\/granado-fr\/kits-fr\/kit-beurre-corporel-exfoliant-et-au-calendula\/#breadcrumb"},"inLanguage":"fr-FR","potentialAction":[{"@type":"ReadAction","target":["https:\/\/www.brazilcarestore.com\/fr\/product\/granado-fr\/kits-fr\/kit-beurre-corporel-exfoliant-et-au-calendula\/"]}]},{"@type":"ImageObject","inLanguage":"fr-FR","@id":"https:\/\/www.brazilcarestore.com\/fr\/product\/granado-fr\/kits-fr\/kit-beurre-corporel-exfoliant-et-au-calendula\/#primaryimage","url":"https:\/\/i0.wp.com\/www.brazilcarestore.com\/wp-content\/uploads\/2024\/07\/Exfoliating-and-Calendula-Body-Butter-kit-1.jpg?fit=450%2C344&ssl=1","contentUrl":"https:\/\/i0.wp.com\/www.brazilcarestore.com\/wp-content\/uploads\/2024\/07\/Exfoliating-and-Calendula-Body-Butter-kit-1.jpg?fit=450%2C344&ssl=1","width":450,"height":344},{"@type":"BreadcrumbList","@id":"https:\/\/www.brazilcarestore.com\/fr\/product\/granado-fr\/kits-fr\/kit-beurre-corporel-exfoliant-et-au-calendula\/#breadcrumb","itemListElement":[{"@type":"ListItem","position":1,"name":"Home","item":"https:\/\/www.brazilcarestore.com\/fr\/"},{"@type":"ListItem","position":2,"name":"Boutique","item":"https:\/\/www.brazilcarestore.com\/fr\/boutique\/"},{"@type":"ListItem","position":3,"name":"Kit beurre corporel exfoliant et au calendula"}]},{"@type":"WebSite","@id":"https:\/\/www.brazilcarestore.com\/fr\/#website","url":"https:\/\/www.brazilcarestore.com\/fr\/","name":"Brazil Care Store","description":"The way to Beauty","publisher":{"@id":"https:\/\/www.brazilcarestore.com\/fr\/#organization"},"potentialAction":[{"@type":"SearchAction","target":{"@type":"EntryPoint","urlTemplate":"https:\/\/www.brazilcarestore.com\/fr\/?s={search_term_string}"},"query-input":{"@type":"PropertyValueSpecification","valueRequired":true,"valueName":"search_term_string"}}],"inLanguage":"fr-FR"},{"@type":"Organization","@id":"https:\/\/www.brazilcarestore.com\/fr\/#organization","name":"Brazil Care Store","url":"https:\/\/www.brazilcarestore.com\/fr\/","logo":{"@type":"ImageObject","inLanguage":"fr-FR","@id":"https:\/\/www.brazilcarestore.com\/fr\/#\/schema\/logo\/image\/","url":"https:\/\/i0.wp.com\/www.brazilcarestore.com\/wp-content\/uploads\/2024\/02\/Brazil-Care-Store.png?fit=350%2C369&ssl=1","contentUrl":"https:\/\/i0.wp.com\/www.brazilcarestore.com\/wp-content\/uploads\/2024\/02\/Brazil-Care-Store.png?fit=350%2C369&ssl=1","width":350,"height":369,"caption":"Brazil Care Store"},"image":{"@id":"https:\/\/www.brazilcarestore.com\/fr\/#\/schema\/logo\/image\/"},"sameAs":["https:\/\/www.facebook.com\/brazilcarestore","https:\/\/www.instagram.com\/brazilcarestore","https:\/\/www.tiktok.com\/@brazilcarestore"]}]}},"_links":{"self":[{"href":"https:\/\/www.brazilcarestore.com\/fr\/wp-json\/wp\/v2\/product\/2302","targetHints":{"allow":["GET"]}}],"collection":[{"href":"https:\/\/www.brazilcarestore.com\/fr\/wp-json\/wp\/v2\/product"}],"about":[{"href":"https:\/\/www.brazilcarestore.com\/fr\/wp-json\/wp\/v2\/types\/product"}],"wp:featuredmedia":[{"embeddable":true,"href":"https:\/\/www.brazilcarestore.com\/fr\/wp-json\/wp\/v2\/media\/2151"}],"wp:attachment":[{"href":"https:\/\/www.brazilcarestore.com\/fr\/wp-json\/wp\/v2\/media?parent=2302"}],"wp:term":[{"taxonomy":"product_brand","embeddable":true,"href":"https:\/\/www.brazilcarestore.com\/fr\/wp-json\/wp\/v2\/product_brand?post=2302"},{"taxonomy":"product_cat","embeddable":true,"href":"https:\/\/www.brazilcarestore.com\/fr\/wp-json\/wp\/v2\/product_cat?post=2302"},{"taxonomy":"product_tag","embeddable":true,"href":"https:\/\/www.brazilcarestore.com\/fr\/wp-json\/wp\/v2\/product_tag?post=2302"}],"curies":[{"name":"wp","href":"https:\/\/api.w.org\/{rel}","templated":true}]}}