{"id":2300,"date":"2024-07-08T04:14:24","date_gmt":"2024-07-08T07:14:24","guid":{"rendered":"https:\/\/www.brazilcarestore.com\/product\/non%20class\u00e9\/savon-en-barre-a-la-menthe-poivree-90g\/"},"modified":"2025-05-01T19:55:15","modified_gmt":"2025-05-01T22:55:15","slug":"savon-en-barre-a-la-menthe-poivree-90g","status":"publish","type":"product","link":"https:\/\/www.brazilcarestore.com\/fr\/product\/granado-fr\/savons-liquides\/savon-en-barre-a-la-menthe-poivree-90g\/","title":{"rendered":"Savon en barre \u00e0 la menthe poivr\u00e9e 90g"},"content":{"rendered":"<p>La menthe est un parfum aromatique et moderne, qui met en valeur la fra\u00eecheur et le naturel. Sa version liquide contient une forte concentration d&rsquo;extraits d&rsquo;herbes naturelles qui exercent une action rafra\u00eechissante, laissant votre peau plus propre et plus saine. Une option id\u00e9ale pour rendre votre bain vivifiant et \u00e9tonnamment frais.  <\/p>\n<p>Le savon \u00e0 la glyc\u00e9rine Granado contient 76% d&rsquo;ingr\u00e9dients d&rsquo;origine naturelle ! Chaque savon est formul\u00e9 \u00e0 partir d&rsquo;une base v\u00e9g\u00e9tale et de 100% de glyc\u00e9rine d&rsquo;origine naturelle, qui a des propri\u00e9t\u00e9s hydratantes qui aident \u00e0 retenir l&rsquo;humidit\u00e9 dans la peau, pr\u00e9venant ainsi le dess\u00e8chement. En outre, le savon pour le corps et les mains est sans parab\u00e8ne et test\u00e9 sous contr\u00f4le dermatologique.  <\/p>\n<p>L&#8217;emballage est une resuc\u00e9e du premier art du savon \u00e0 la glyc\u00e9rine, lanc\u00e9 en 1915, retravaill\u00e9 pour conserver son identit\u00e9 originale, plus d\u00e9corative et plus sophistiqu\u00e9e. Produit v\u00e9g\u00e9talien. Non test\u00e9 sur les animaux.  <\/p>\n<p>Contenu : 90g.<\/p>\n<p>Comment l&rsquo;utiliser ?<\/p>\n<p>Appliquez votre savon Granado sur la peau mouill\u00e9e, en frottant doucement pour obtenir de la mousse. Rincez ensuite abondamment.  Pendant le bain, \u00e9vitez d&rsquo;utiliser le savon sous l&rsquo;eau courante afin de prolonger la dur\u00e9e de vie du produit.<\/p>\n","protected":false},"excerpt":{"rendered":"<p>En outre, le savon pour le corps et les mains est sans parab\u00e8ne et test\u00e9 sous contr\u00f4le dermatologique.<\/p>\n","protected":false},"featured_media":2183,"template":"","meta":[],"product_brand":[209],"product_cat":[127,128],"product_tag":[],"class_list":{"0":"post-2300","1":"product","2":"type-product","3":"status-publish","4":"has-post-thumbnail","6":"product_brand-granado","7":"product_cat-granado-fr","8":"product_cat-savons-liquides","9":"product_shipping_class-feuilles-de-500-a-999-grammes","11":"first","12":"instock","13":"shipping-taxable","14":"purchasable","15":"product-type-simple"},"yoast_head":"<!-- This site is optimized with the Yoast SEO plugin v27.1.1 - https:\/\/yoast.com\/product\/yoast-seo-wordpress\/ -->\n<title>Savon en barre \u00e0 la menthe poivr\u00e9e 90g - Brazil Care Store<\/title>\n<meta name=\"description\" content=\"En outre, le savon pour le corps et les mains est sans parab\u00e8ne et test\u00e9 sous contr\u00f4le dermatologique.\" \/>\n<meta name=\"robots\" content=\"index, follow, max-snippet:-1, max-image-preview:large, max-video-preview:-1\" \/>\n<link rel=\"canonical\" href=\"https:\/\/www.brazilcarestore.com\/fr\/product\/granado-fr\/savons-liquides\/savon-en-barre-a-la-menthe-poivree-90g\/\" \/>\n<meta property=\"og:locale\" content=\"fr_FR\" \/>\n<meta property=\"og:type\" content=\"article\" \/>\n<meta property=\"og:title\" content=\"Savon en barre \u00e0 la menthe poivr\u00e9e 90g - Brazil Care Store\" \/>\n<meta property=\"og:description\" content=\"En outre, le savon pour le corps et les mains est sans parab\u00e8ne et test\u00e9 sous contr\u00f4le dermatologique.\" \/>\n<meta property=\"og:url\" content=\"https:\/\/www.brazilcarestore.com\/fr\/product\/granado-fr\/savons-liquides\/savon-en-barre-a-la-menthe-poivree-90g\/\" \/>\n<meta property=\"og:site_name\" content=\"Brazil Care Store\" \/>\n<meta property=\"article:publisher\" content=\"https:\/\/www.facebook.com\/brazilcarestore\" \/>\n<meta property=\"article:modified_time\" content=\"2025-05-01T22:55:15+00:00\" \/>\n<meta property=\"og:image\" content=\"https:\/\/i0.wp.com\/www.brazilcarestore.com\/wp-content\/uploads\/2024\/07\/Hortela-2.webp?fit=1000%2C1000&ssl=1\" \/>\n\t<meta property=\"og:image:width\" content=\"1000\" \/>\n\t<meta property=\"og:image:height\" content=\"1000\" \/>\n\t<meta property=\"og:image:type\" content=\"image\/webp\" \/>\n<meta name=\"twitter:card\" content=\"summary_large_image\" \/>\n<meta name=\"twitter:label1\" content=\"Dur\u00e9e de lecture estim\u00e9e\" \/>\n\t<meta name=\"twitter:data1\" content=\"1 minute\" \/>\n<script type=\"application\/ld+json\" class=\"yoast-schema-graph\">{\"@context\":\"https:\/\/schema.org\",\"@graph\":[{\"@type\":\"WebPage\",\"@id\":\"https:\/\/www.brazilcarestore.com\/fr\/product\/granado-fr\/savons-liquides\/savon-en-barre-a-la-menthe-poivree-90g\/\",\"url\":\"https:\/\/www.brazilcarestore.com\/fr\/product\/granado-fr\/savons-liquides\/savon-en-barre-a-la-menthe-poivree-90g\/\",\"name\":\"Savon en barre \u00e0 la menthe poivr\u00e9e 90g - Brazil Care Store\",\"isPartOf\":{\"@id\":\"https:\/\/www.brazilcarestore.com\/fr\/#website\"},\"primaryImageOfPage\":{\"@id\":\"https:\/\/www.brazilcarestore.com\/fr\/product\/granado-fr\/savons-liquides\/savon-en-barre-a-la-menthe-poivree-90g\/#primaryimage\"},\"image\":{\"@id\":\"https:\/\/www.brazilcarestore.com\/fr\/product\/granado-fr\/savons-liquides\/savon-en-barre-a-la-menthe-poivree-90g\/#primaryimage\"},\"thumbnailUrl\":\"https:\/\/i0.wp.com\/www.brazilcarestore.com\/wp-content\/uploads\/2024\/07\/Hortela-2.webp?fit=1000%2C1000&ssl=1\",\"datePublished\":\"2024-07-08T07:14:24+00:00\",\"dateModified\":\"2025-05-01T22:55:15+00:00\",\"description\":\"En outre, le savon pour le corps et les mains est sans parab\u00e8ne et test\u00e9 sous contr\u00f4le dermatologique.\",\"breadcrumb\":{\"@id\":\"https:\/\/www.brazilcarestore.com\/fr\/product\/granado-fr\/savons-liquides\/savon-en-barre-a-la-menthe-poivree-90g\/#breadcrumb\"},\"inLanguage\":\"fr-FR\",\"potentialAction\":[{\"@type\":\"ReadAction\",\"target\":[\"https:\/\/www.brazilcarestore.com\/fr\/product\/granado-fr\/savons-liquides\/savon-en-barre-a-la-menthe-poivree-90g\/\"]}]},{\"@type\":\"ImageObject\",\"inLanguage\":\"fr-FR\",\"@id\":\"https:\/\/www.brazilcarestore.com\/fr\/product\/granado-fr\/savons-liquides\/savon-en-barre-a-la-menthe-poivree-90g\/#primaryimage\",\"url\":\"https:\/\/i0.wp.com\/www.brazilcarestore.com\/wp-content\/uploads\/2024\/07\/Hortela-2.webp?fit=1000%2C1000&ssl=1\",\"contentUrl\":\"https:\/\/i0.wp.com\/www.brazilcarestore.com\/wp-content\/uploads\/2024\/07\/Hortela-2.webp?fit=1000%2C1000&ssl=1\",\"width\":1000,\"height\":1000},{\"@type\":\"BreadcrumbList\",\"@id\":\"https:\/\/www.brazilcarestore.com\/fr\/product\/granado-fr\/savons-liquides\/savon-en-barre-a-la-menthe-poivree-90g\/#breadcrumb\",\"itemListElement\":[{\"@type\":\"ListItem\",\"position\":1,\"name\":\"Home\",\"item\":\"https:\/\/www.brazilcarestore.com\/fr\/\"},{\"@type\":\"ListItem\",\"position\":2,\"name\":\"Boutique\",\"item\":\"https:\/\/www.brazilcarestore.com\/fr\/boutique\/\"},{\"@type\":\"ListItem\",\"position\":3,\"name\":\"Savon en barre \u00e0 la menthe poivr\u00e9e 90g\"}]},{\"@type\":\"WebSite\",\"@id\":\"https:\/\/www.brazilcarestore.com\/fr\/#website\",\"url\":\"https:\/\/www.brazilcarestore.com\/fr\/\",\"name\":\"Brazil Care Store\",\"description\":\"The way to Beauty\",\"publisher\":{\"@id\":\"https:\/\/www.brazilcarestore.com\/fr\/#organization\"},\"potentialAction\":[{\"@type\":\"SearchAction\",\"target\":{\"@type\":\"EntryPoint\",\"urlTemplate\":\"https:\/\/www.brazilcarestore.com\/fr\/?s={search_term_string}\"},\"query-input\":{\"@type\":\"PropertyValueSpecification\",\"valueRequired\":true,\"valueName\":\"search_term_string\"}}],\"inLanguage\":\"fr-FR\"},{\"@type\":\"Organization\",\"@id\":\"https:\/\/www.brazilcarestore.com\/fr\/#organization\",\"name\":\"Brazil Care Store\",\"url\":\"https:\/\/www.brazilcarestore.com\/fr\/\",\"logo\":{\"@type\":\"ImageObject\",\"inLanguage\":\"fr-FR\",\"@id\":\"https:\/\/www.brazilcarestore.com\/fr\/#\/schema\/logo\/image\/\",\"url\":\"https:\/\/i0.wp.com\/www.brazilcarestore.com\/wp-content\/uploads\/2024\/02\/Brazil-Care-Store.png?fit=350%2C369&ssl=1\",\"contentUrl\":\"https:\/\/i0.wp.com\/www.brazilcarestore.com\/wp-content\/uploads\/2024\/02\/Brazil-Care-Store.png?fit=350%2C369&ssl=1\",\"width\":350,\"height\":369,\"caption\":\"Brazil Care Store\"},\"image\":{\"@id\":\"https:\/\/www.brazilcarestore.com\/fr\/#\/schema\/logo\/image\/\"},\"sameAs\":[\"https:\/\/www.facebook.com\/brazilcarestore\",\"https:\/\/www.instagram.com\/brazilcarestore\",\"https:\/\/www.tiktok.com\/@brazilcarestore\"]}]}<\/script>\n<!-- \/ Yoast SEO plugin. -->","yoast_head_json":{"title":"Savon en barre \u00e0 la menthe poivr\u00e9e 90g - Brazil Care Store","description":"En outre, le savon pour le corps et les mains est sans parab\u00e8ne et test\u00e9 sous contr\u00f4le dermatologique.","robots":{"index":"index","follow":"follow","max-snippet":"max-snippet:-1","max-image-preview":"max-image-preview:large","max-video-preview":"max-video-preview:-1"},"canonical":"https:\/\/www.brazilcarestore.com\/fr\/product\/granado-fr\/savons-liquides\/savon-en-barre-a-la-menthe-poivree-90g\/","og_locale":"fr_FR","og_type":"article","og_title":"Savon en barre \u00e0 la menthe poivr\u00e9e 90g - Brazil Care Store","og_description":"En outre, le savon pour le corps et les mains est sans parab\u00e8ne et test\u00e9 sous contr\u00f4le dermatologique.","og_url":"https:\/\/www.brazilcarestore.com\/fr\/product\/granado-fr\/savons-liquides\/savon-en-barre-a-la-menthe-poivree-90g\/","og_site_name":"Brazil Care Store","article_publisher":"https:\/\/www.facebook.com\/brazilcarestore","article_modified_time":"2025-05-01T22:55:15+00:00","og_image":[{"width":1000,"height":1000,"url":"https:\/\/i0.wp.com\/www.brazilcarestore.com\/wp-content\/uploads\/2024\/07\/Hortela-2.webp?fit=1000%2C1000&ssl=1","type":"image\/webp"}],"twitter_card":"summary_large_image","twitter_misc":{"Dur\u00e9e de lecture estim\u00e9e":"1 minute"},"schema":{"@context":"https:\/\/schema.org","@graph":[{"@type":"WebPage","@id":"https:\/\/www.brazilcarestore.com\/fr\/product\/granado-fr\/savons-liquides\/savon-en-barre-a-la-menthe-poivree-90g\/","url":"https:\/\/www.brazilcarestore.com\/fr\/product\/granado-fr\/savons-liquides\/savon-en-barre-a-la-menthe-poivree-90g\/","name":"Savon en barre \u00e0 la menthe poivr\u00e9e 90g - Brazil Care Store","isPartOf":{"@id":"https:\/\/www.brazilcarestore.com\/fr\/#website"},"primaryImageOfPage":{"@id":"https:\/\/www.brazilcarestore.com\/fr\/product\/granado-fr\/savons-liquides\/savon-en-barre-a-la-menthe-poivree-90g\/#primaryimage"},"image":{"@id":"https:\/\/www.brazilcarestore.com\/fr\/product\/granado-fr\/savons-liquides\/savon-en-barre-a-la-menthe-poivree-90g\/#primaryimage"},"thumbnailUrl":"https:\/\/i0.wp.com\/www.brazilcarestore.com\/wp-content\/uploads\/2024\/07\/Hortela-2.webp?fit=1000%2C1000&ssl=1","datePublished":"2024-07-08T07:14:24+00:00","dateModified":"2025-05-01T22:55:15+00:00","description":"En outre, le savon pour le corps et les mains est sans parab\u00e8ne et test\u00e9 sous contr\u00f4le dermatologique.","breadcrumb":{"@id":"https:\/\/www.brazilcarestore.com\/fr\/product\/granado-fr\/savons-liquides\/savon-en-barre-a-la-menthe-poivree-90g\/#breadcrumb"},"inLanguage":"fr-FR","potentialAction":[{"@type":"ReadAction","target":["https:\/\/www.brazilcarestore.com\/fr\/product\/granado-fr\/savons-liquides\/savon-en-barre-a-la-menthe-poivree-90g\/"]}]},{"@type":"ImageObject","inLanguage":"fr-FR","@id":"https:\/\/www.brazilcarestore.com\/fr\/product\/granado-fr\/savons-liquides\/savon-en-barre-a-la-menthe-poivree-90g\/#primaryimage","url":"https:\/\/i0.wp.com\/www.brazilcarestore.com\/wp-content\/uploads\/2024\/07\/Hortela-2.webp?fit=1000%2C1000&ssl=1","contentUrl":"https:\/\/i0.wp.com\/www.brazilcarestore.com\/wp-content\/uploads\/2024\/07\/Hortela-2.webp?fit=1000%2C1000&ssl=1","width":1000,"height":1000},{"@type":"BreadcrumbList","@id":"https:\/\/www.brazilcarestore.com\/fr\/product\/granado-fr\/savons-liquides\/savon-en-barre-a-la-menthe-poivree-90g\/#breadcrumb","itemListElement":[{"@type":"ListItem","position":1,"name":"Home","item":"https:\/\/www.brazilcarestore.com\/fr\/"},{"@type":"ListItem","position":2,"name":"Boutique","item":"https:\/\/www.brazilcarestore.com\/fr\/boutique\/"},{"@type":"ListItem","position":3,"name":"Savon en barre \u00e0 la menthe poivr\u00e9e 90g"}]},{"@type":"WebSite","@id":"https:\/\/www.brazilcarestore.com\/fr\/#website","url":"https:\/\/www.brazilcarestore.com\/fr\/","name":"Brazil Care Store","description":"The way to Beauty","publisher":{"@id":"https:\/\/www.brazilcarestore.com\/fr\/#organization"},"potentialAction":[{"@type":"SearchAction","target":{"@type":"EntryPoint","urlTemplate":"https:\/\/www.brazilcarestore.com\/fr\/?s={search_term_string}"},"query-input":{"@type":"PropertyValueSpecification","valueRequired":true,"valueName":"search_term_string"}}],"inLanguage":"fr-FR"},{"@type":"Organization","@id":"https:\/\/www.brazilcarestore.com\/fr\/#organization","name":"Brazil Care Store","url":"https:\/\/www.brazilcarestore.com\/fr\/","logo":{"@type":"ImageObject","inLanguage":"fr-FR","@id":"https:\/\/www.brazilcarestore.com\/fr\/#\/schema\/logo\/image\/","url":"https:\/\/i0.wp.com\/www.brazilcarestore.com\/wp-content\/uploads\/2024\/02\/Brazil-Care-Store.png?fit=350%2C369&ssl=1","contentUrl":"https:\/\/i0.wp.com\/www.brazilcarestore.com\/wp-content\/uploads\/2024\/02\/Brazil-Care-Store.png?fit=350%2C369&ssl=1","width":350,"height":369,"caption":"Brazil Care Store"},"image":{"@id":"https:\/\/www.brazilcarestore.com\/fr\/#\/schema\/logo\/image\/"},"sameAs":["https:\/\/www.facebook.com\/brazilcarestore","https:\/\/www.instagram.com\/brazilcarestore","https:\/\/www.tiktok.com\/@brazilcarestore"]}]}},"_links":{"self":[{"href":"https:\/\/www.brazilcarestore.com\/fr\/wp-json\/wp\/v2\/product\/2300","targetHints":{"allow":["GET"]}}],"collection":[{"href":"https:\/\/www.brazilcarestore.com\/fr\/wp-json\/wp\/v2\/product"}],"about":[{"href":"https:\/\/www.brazilcarestore.com\/fr\/wp-json\/wp\/v2\/types\/product"}],"wp:featuredmedia":[{"embeddable":true,"href":"https:\/\/www.brazilcarestore.com\/fr\/wp-json\/wp\/v2\/media\/2183"}],"wp:attachment":[{"href":"https:\/\/www.brazilcarestore.com\/fr\/wp-json\/wp\/v2\/media?parent=2300"}],"wp:term":[{"taxonomy":"product_brand","embeddable":true,"href":"https:\/\/www.brazilcarestore.com\/fr\/wp-json\/wp\/v2\/product_brand?post=2300"},{"taxonomy":"product_cat","embeddable":true,"href":"https:\/\/www.brazilcarestore.com\/fr\/wp-json\/wp\/v2\/product_cat?post=2300"},{"taxonomy":"product_tag","embeddable":true,"href":"https:\/\/www.brazilcarestore.com\/fr\/wp-json\/wp\/v2\/product_tag?post=2300"}],"curies":[{"name":"wp","href":"https:\/\/api.w.org\/{rel}","templated":true}]}}