{"id":2298,"date":"2024-07-08T04:53:56","date_gmt":"2024-07-08T07:53:56","guid":{"rendered":"https:\/\/www.brazilcarestore.com\/product\/non%20class\u00e9\/kit-de-savon-historique-traditionnel\/"},"modified":"2025-05-01T19:57:16","modified_gmt":"2025-05-01T22:57:16","slug":"kit-de-savon-historique-traditionnel","status":"publish","type":"product","link":"https:\/\/www.brazilcarestore.com\/fr\/product\/granado-fr\/kits-fr\/kit-de-savon-historique-traditionnel\/","title":{"rendered":"Kit de savon historique traditionnel"},"content":{"rendered":"<p>Cr\u00e9\u00e9 en 1915, le premier savon \u00e0 la glyc\u00e9rine de Granado est encore aujourd&rsquo;hui l&rsquo;un des savons phares de la marque.<\/p>\n<p>Consid\u00e9r\u00e9 comme le premier savon br\u00e9silien \u00e0 utiliser des graisses v\u00e9g\u00e9tales dans sa production, abolissant ainsi l&rsquo;utilisation de graisses animales, le parfum Tradicional est \u00e0 l&rsquo;origine de toute la gamme Granado Glicerina.<\/p>\n<p>En \u00e9dition limit\u00e9e, le kit c\u00e9l\u00e8bre l&rsquo;histoire du savon embl\u00e9matique de Granado avec quatre unit\u00e9s du parfum Traditionnel.<\/p>\n<p>Chacun d&rsquo;entre eux a un emballage sp\u00e9cial qui pr\u00e9sente une \u00e9poque importante depuis le d\u00e9but de sa cr\u00e9ation : 1994, 1999, 2006 et 2018. Sp\u00e9cialement con\u00e7u pour \u00eatre un cadeau de collection ! <\/p>\n<p>Le pain de savon glyc\u00e9rin\u00e9 pour le corps et les mains a une base v\u00e9g\u00e9tale et 76% d&rsquo;ingr\u00e9dients d&rsquo;origine naturelle, en plus de la glyc\u00e9rine \u00e9galement d&rsquo;origine naturelle, qui hydrate et nettoie la peau en douceur.<\/p>\n<p>Produit v\u00e9g\u00e9talien.<\/p>\n<p>Non test\u00e9 sur les animaux.<\/p>\n<p>Sans parab\u00e8ne.<\/p>\n<p>Contenu : 4 savons de 90g.<\/p>\n<p>Comment l&rsquo;utiliser ?<\/p>\n<p>Appliquez votre savon Granado sur la peau mouill\u00e9e, en frottant doucement pour obtenir de la mousse. Rincez ensuite abondamment. Pendant le bain, \u00e9vitez d&rsquo;utiliser le savon sous l&rsquo;eau courante afin de prolonger la dur\u00e9e de vie du produit.  <\/p>\n","protected":false},"excerpt":{"rendered":"<p>Le pain de savon glyc\u00e9rin\u00e9 pour le corps et les mains a une base v\u00e9g\u00e9tale et 76% d&rsquo;ingr\u00e9dients d&rsquo;origine naturelle.<\/p>\n","protected":false},"featured_media":2121,"template":"","meta":[],"product_brand":[209],"product_cat":[127,133],"product_tag":[],"class_list":{"0":"post-2298","1":"product","2":"type-product","3":"status-publish","4":"has-post-thumbnail","6":"product_brand-granado","7":"product_cat-granado-fr","8":"product_cat-kits-fr","9":"product_shipping_class-feuilles-de-500-a-999-grammes","11":"first","12":"instock","13":"shipping-taxable","14":"purchasable","15":"product-type-simple"},"yoast_head":"<!-- This site is optimized with the Yoast SEO plugin v27.1.1 - https:\/\/yoast.com\/product\/yoast-seo-wordpress\/ -->\n<title>Kit de savon historique traditionnel - Brazil Care Store<\/title>\n<meta name=\"description\" content=\"Le pain de savon glyc\u00e9rin\u00e9 pour le corps et les mains a une base v\u00e9g\u00e9tale et 76% d&#039;ingr\u00e9dients d&#039;origine naturelle.\" \/>\n<meta name=\"robots\" content=\"index, follow, max-snippet:-1, max-image-preview:large, max-video-preview:-1\" \/>\n<link rel=\"canonical\" href=\"https:\/\/www.brazilcarestore.com\/fr\/product\/granado-fr\/kits-fr\/kit-de-savon-historique-traditionnel\/\" \/>\n<meta property=\"og:locale\" content=\"fr_FR\" \/>\n<meta property=\"og:type\" content=\"article\" \/>\n<meta property=\"og:title\" content=\"Kit de savon historique traditionnel - Brazil Care Store\" \/>\n<meta property=\"og:description\" content=\"Le pain de savon glyc\u00e9rin\u00e9 pour le corps et les mains a une base v\u00e9g\u00e9tale et 76% d&#039;ingr\u00e9dients d&#039;origine naturelle.\" \/>\n<meta property=\"og:url\" content=\"https:\/\/www.brazilcarestore.com\/fr\/product\/granado-fr\/kits-fr\/kit-de-savon-historique-traditionnel\/\" \/>\n<meta property=\"og:site_name\" content=\"Brazil Care Store\" \/>\n<meta property=\"article:publisher\" content=\"https:\/\/www.facebook.com\/brazilcarestore\" \/>\n<meta property=\"article:modified_time\" content=\"2025-05-01T22:57:16+00:00\" \/>\n<meta property=\"og:image\" content=\"https:\/\/i0.wp.com\/www.brazilcarestore.com\/wp-content\/uploads\/2024\/07\/Traditional-Historical-Soap-Kit.webp?fit=836%2C1076&ssl=1\" \/>\n\t<meta property=\"og:image:width\" content=\"836\" \/>\n\t<meta property=\"og:image:height\" content=\"1076\" \/>\n\t<meta property=\"og:image:type\" content=\"image\/webp\" \/>\n<meta name=\"twitter:card\" content=\"summary_large_image\" \/>\n<meta name=\"twitter:label1\" content=\"Dur\u00e9e de lecture estim\u00e9e\" \/>\n\t<meta name=\"twitter:data1\" content=\"1 minute\" \/>\n<script type=\"application\/ld+json\" class=\"yoast-schema-graph\">{\"@context\":\"https:\/\/schema.org\",\"@graph\":[{\"@type\":\"WebPage\",\"@id\":\"https:\/\/www.brazilcarestore.com\/fr\/product\/granado-fr\/kits-fr\/kit-de-savon-historique-traditionnel\/\",\"url\":\"https:\/\/www.brazilcarestore.com\/fr\/product\/granado-fr\/kits-fr\/kit-de-savon-historique-traditionnel\/\",\"name\":\"Kit de savon historique traditionnel - Brazil Care Store\",\"isPartOf\":{\"@id\":\"https:\/\/www.brazilcarestore.com\/fr\/#website\"},\"primaryImageOfPage\":{\"@id\":\"https:\/\/www.brazilcarestore.com\/fr\/product\/granado-fr\/kits-fr\/kit-de-savon-historique-traditionnel\/#primaryimage\"},\"image\":{\"@id\":\"https:\/\/www.brazilcarestore.com\/fr\/product\/granado-fr\/kits-fr\/kit-de-savon-historique-traditionnel\/#primaryimage\"},\"thumbnailUrl\":\"https:\/\/i0.wp.com\/www.brazilcarestore.com\/wp-content\/uploads\/2024\/07\/Traditional-Historical-Soap-Kit.webp?fit=836%2C1076&ssl=1\",\"datePublished\":\"2024-07-08T07:53:56+00:00\",\"dateModified\":\"2025-05-01T22:57:16+00:00\",\"description\":\"Le pain de savon glyc\u00e9rin\u00e9 pour le corps et les mains a une base v\u00e9g\u00e9tale et 76% d'ingr\u00e9dients d'origine naturelle.\",\"breadcrumb\":{\"@id\":\"https:\/\/www.brazilcarestore.com\/fr\/product\/granado-fr\/kits-fr\/kit-de-savon-historique-traditionnel\/#breadcrumb\"},\"inLanguage\":\"fr-FR\",\"potentialAction\":[{\"@type\":\"ReadAction\",\"target\":[\"https:\/\/www.brazilcarestore.com\/fr\/product\/granado-fr\/kits-fr\/kit-de-savon-historique-traditionnel\/\"]}]},{\"@type\":\"ImageObject\",\"inLanguage\":\"fr-FR\",\"@id\":\"https:\/\/www.brazilcarestore.com\/fr\/product\/granado-fr\/kits-fr\/kit-de-savon-historique-traditionnel\/#primaryimage\",\"url\":\"https:\/\/i0.wp.com\/www.brazilcarestore.com\/wp-content\/uploads\/2024\/07\/Traditional-Historical-Soap-Kit.webp?fit=836%2C1076&ssl=1\",\"contentUrl\":\"https:\/\/i0.wp.com\/www.brazilcarestore.com\/wp-content\/uploads\/2024\/07\/Traditional-Historical-Soap-Kit.webp?fit=836%2C1076&ssl=1\",\"width\":836,\"height\":1076},{\"@type\":\"BreadcrumbList\",\"@id\":\"https:\/\/www.brazilcarestore.com\/fr\/product\/granado-fr\/kits-fr\/kit-de-savon-historique-traditionnel\/#breadcrumb\",\"itemListElement\":[{\"@type\":\"ListItem\",\"position\":1,\"name\":\"Home\",\"item\":\"https:\/\/www.brazilcarestore.com\/fr\/\"},{\"@type\":\"ListItem\",\"position\":2,\"name\":\"Boutique\",\"item\":\"https:\/\/www.brazilcarestore.com\/fr\/boutique\/\"},{\"@type\":\"ListItem\",\"position\":3,\"name\":\"Kit de savon historique traditionnel\"}]},{\"@type\":\"WebSite\",\"@id\":\"https:\/\/www.brazilcarestore.com\/fr\/#website\",\"url\":\"https:\/\/www.brazilcarestore.com\/fr\/\",\"name\":\"Brazil Care Store\",\"description\":\"The way to Beauty\",\"publisher\":{\"@id\":\"https:\/\/www.brazilcarestore.com\/fr\/#organization\"},\"potentialAction\":[{\"@type\":\"SearchAction\",\"target\":{\"@type\":\"EntryPoint\",\"urlTemplate\":\"https:\/\/www.brazilcarestore.com\/fr\/?s={search_term_string}\"},\"query-input\":{\"@type\":\"PropertyValueSpecification\",\"valueRequired\":true,\"valueName\":\"search_term_string\"}}],\"inLanguage\":\"fr-FR\"},{\"@type\":\"Organization\",\"@id\":\"https:\/\/www.brazilcarestore.com\/fr\/#organization\",\"name\":\"Brazil Care Store\",\"url\":\"https:\/\/www.brazilcarestore.com\/fr\/\",\"logo\":{\"@type\":\"ImageObject\",\"inLanguage\":\"fr-FR\",\"@id\":\"https:\/\/www.brazilcarestore.com\/fr\/#\/schema\/logo\/image\/\",\"url\":\"https:\/\/i0.wp.com\/www.brazilcarestore.com\/wp-content\/uploads\/2024\/02\/Brazil-Care-Store.png?fit=350%2C369&ssl=1\",\"contentUrl\":\"https:\/\/i0.wp.com\/www.brazilcarestore.com\/wp-content\/uploads\/2024\/02\/Brazil-Care-Store.png?fit=350%2C369&ssl=1\",\"width\":350,\"height\":369,\"caption\":\"Brazil Care Store\"},\"image\":{\"@id\":\"https:\/\/www.brazilcarestore.com\/fr\/#\/schema\/logo\/image\/\"},\"sameAs\":[\"https:\/\/www.facebook.com\/brazilcarestore\",\"https:\/\/www.instagram.com\/brazilcarestore\",\"https:\/\/www.tiktok.com\/@brazilcarestore\"]}]}<\/script>\n<!-- \/ Yoast SEO plugin. -->","yoast_head_json":{"title":"Kit de savon historique traditionnel - Brazil Care Store","description":"Le pain de savon glyc\u00e9rin\u00e9 pour le corps et les mains a une base v\u00e9g\u00e9tale et 76% d'ingr\u00e9dients d'origine naturelle.","robots":{"index":"index","follow":"follow","max-snippet":"max-snippet:-1","max-image-preview":"max-image-preview:large","max-video-preview":"max-video-preview:-1"},"canonical":"https:\/\/www.brazilcarestore.com\/fr\/product\/granado-fr\/kits-fr\/kit-de-savon-historique-traditionnel\/","og_locale":"fr_FR","og_type":"article","og_title":"Kit de savon historique traditionnel - Brazil Care Store","og_description":"Le pain de savon glyc\u00e9rin\u00e9 pour le corps et les mains a une base v\u00e9g\u00e9tale et 76% d'ingr\u00e9dients d'origine naturelle.","og_url":"https:\/\/www.brazilcarestore.com\/fr\/product\/granado-fr\/kits-fr\/kit-de-savon-historique-traditionnel\/","og_site_name":"Brazil Care Store","article_publisher":"https:\/\/www.facebook.com\/brazilcarestore","article_modified_time":"2025-05-01T22:57:16+00:00","og_image":[{"width":836,"height":1076,"url":"https:\/\/i0.wp.com\/www.brazilcarestore.com\/wp-content\/uploads\/2024\/07\/Traditional-Historical-Soap-Kit.webp?fit=836%2C1076&ssl=1","type":"image\/webp"}],"twitter_card":"summary_large_image","twitter_misc":{"Dur\u00e9e de lecture estim\u00e9e":"1 minute"},"schema":{"@context":"https:\/\/schema.org","@graph":[{"@type":"WebPage","@id":"https:\/\/www.brazilcarestore.com\/fr\/product\/granado-fr\/kits-fr\/kit-de-savon-historique-traditionnel\/","url":"https:\/\/www.brazilcarestore.com\/fr\/product\/granado-fr\/kits-fr\/kit-de-savon-historique-traditionnel\/","name":"Kit de savon historique traditionnel - Brazil Care Store","isPartOf":{"@id":"https:\/\/www.brazilcarestore.com\/fr\/#website"},"primaryImageOfPage":{"@id":"https:\/\/www.brazilcarestore.com\/fr\/product\/granado-fr\/kits-fr\/kit-de-savon-historique-traditionnel\/#primaryimage"},"image":{"@id":"https:\/\/www.brazilcarestore.com\/fr\/product\/granado-fr\/kits-fr\/kit-de-savon-historique-traditionnel\/#primaryimage"},"thumbnailUrl":"https:\/\/i0.wp.com\/www.brazilcarestore.com\/wp-content\/uploads\/2024\/07\/Traditional-Historical-Soap-Kit.webp?fit=836%2C1076&ssl=1","datePublished":"2024-07-08T07:53:56+00:00","dateModified":"2025-05-01T22:57:16+00:00","description":"Le pain de savon glyc\u00e9rin\u00e9 pour le corps et les mains a une base v\u00e9g\u00e9tale et 76% d'ingr\u00e9dients d'origine naturelle.","breadcrumb":{"@id":"https:\/\/www.brazilcarestore.com\/fr\/product\/granado-fr\/kits-fr\/kit-de-savon-historique-traditionnel\/#breadcrumb"},"inLanguage":"fr-FR","potentialAction":[{"@type":"ReadAction","target":["https:\/\/www.brazilcarestore.com\/fr\/product\/granado-fr\/kits-fr\/kit-de-savon-historique-traditionnel\/"]}]},{"@type":"ImageObject","inLanguage":"fr-FR","@id":"https:\/\/www.brazilcarestore.com\/fr\/product\/granado-fr\/kits-fr\/kit-de-savon-historique-traditionnel\/#primaryimage","url":"https:\/\/i0.wp.com\/www.brazilcarestore.com\/wp-content\/uploads\/2024\/07\/Traditional-Historical-Soap-Kit.webp?fit=836%2C1076&ssl=1","contentUrl":"https:\/\/i0.wp.com\/www.brazilcarestore.com\/wp-content\/uploads\/2024\/07\/Traditional-Historical-Soap-Kit.webp?fit=836%2C1076&ssl=1","width":836,"height":1076},{"@type":"BreadcrumbList","@id":"https:\/\/www.brazilcarestore.com\/fr\/product\/granado-fr\/kits-fr\/kit-de-savon-historique-traditionnel\/#breadcrumb","itemListElement":[{"@type":"ListItem","position":1,"name":"Home","item":"https:\/\/www.brazilcarestore.com\/fr\/"},{"@type":"ListItem","position":2,"name":"Boutique","item":"https:\/\/www.brazilcarestore.com\/fr\/boutique\/"},{"@type":"ListItem","position":3,"name":"Kit de savon historique traditionnel"}]},{"@type":"WebSite","@id":"https:\/\/www.brazilcarestore.com\/fr\/#website","url":"https:\/\/www.brazilcarestore.com\/fr\/","name":"Brazil Care Store","description":"The way to Beauty","publisher":{"@id":"https:\/\/www.brazilcarestore.com\/fr\/#organization"},"potentialAction":[{"@type":"SearchAction","target":{"@type":"EntryPoint","urlTemplate":"https:\/\/www.brazilcarestore.com\/fr\/?s={search_term_string}"},"query-input":{"@type":"PropertyValueSpecification","valueRequired":true,"valueName":"search_term_string"}}],"inLanguage":"fr-FR"},{"@type":"Organization","@id":"https:\/\/www.brazilcarestore.com\/fr\/#organization","name":"Brazil Care Store","url":"https:\/\/www.brazilcarestore.com\/fr\/","logo":{"@type":"ImageObject","inLanguage":"fr-FR","@id":"https:\/\/www.brazilcarestore.com\/fr\/#\/schema\/logo\/image\/","url":"https:\/\/i0.wp.com\/www.brazilcarestore.com\/wp-content\/uploads\/2024\/02\/Brazil-Care-Store.png?fit=350%2C369&ssl=1","contentUrl":"https:\/\/i0.wp.com\/www.brazilcarestore.com\/wp-content\/uploads\/2024\/02\/Brazil-Care-Store.png?fit=350%2C369&ssl=1","width":350,"height":369,"caption":"Brazil Care Store"},"image":{"@id":"https:\/\/www.brazilcarestore.com\/fr\/#\/schema\/logo\/image\/"},"sameAs":["https:\/\/www.facebook.com\/brazilcarestore","https:\/\/www.instagram.com\/brazilcarestore","https:\/\/www.tiktok.com\/@brazilcarestore"]}]}},"_links":{"self":[{"href":"https:\/\/www.brazilcarestore.com\/fr\/wp-json\/wp\/v2\/product\/2298","targetHints":{"allow":["GET"]}}],"collection":[{"href":"https:\/\/www.brazilcarestore.com\/fr\/wp-json\/wp\/v2\/product"}],"about":[{"href":"https:\/\/www.brazilcarestore.com\/fr\/wp-json\/wp\/v2\/types\/product"}],"wp:featuredmedia":[{"embeddable":true,"href":"https:\/\/www.brazilcarestore.com\/fr\/wp-json\/wp\/v2\/media\/2121"}],"wp:attachment":[{"href":"https:\/\/www.brazilcarestore.com\/fr\/wp-json\/wp\/v2\/media?parent=2298"}],"wp:term":[{"taxonomy":"product_brand","embeddable":true,"href":"https:\/\/www.brazilcarestore.com\/fr\/wp-json\/wp\/v2\/product_brand?post=2298"},{"taxonomy":"product_cat","embeddable":true,"href":"https:\/\/www.brazilcarestore.com\/fr\/wp-json\/wp\/v2\/product_cat?post=2298"},{"taxonomy":"product_tag","embeddable":true,"href":"https:\/\/www.brazilcarestore.com\/fr\/wp-json\/wp\/v2\/product_tag?post=2298"}],"curies":[{"name":"wp","href":"https:\/\/api.w.org\/{rel}","templated":true}]}}