{"id":2295,"date":"2024-07-08T04:02:46","date_gmt":"2024-07-08T07:02:46","guid":{"rendered":"https:\/\/www.brazilcarestore.com\/product\/non%20class\u00e9\/savon-au-gingembre-90g\/"},"modified":"2025-05-01T19:53:32","modified_gmt":"2025-05-01T22:53:32","slug":"savon-au-gingembre-90g","status":"publish","type":"product","link":"https:\/\/www.brazilcarestore.com\/fr\/product\/granado-fr\/savons-liquides\/savon-au-gingembre-90g\/","title":{"rendered":"Savon au gingembre 90g"},"content":{"rendered":"<p>Le gingembre a un parfum d&rsquo;agrumes, \u00e9pic\u00e9 et intense. Gr\u00e2ce \u00e0 sa forte concentration en extrait de gingembre, il procure une sensation \u00e9nergisante et revigorante. Associ\u00e9 \u00e0 la forte concentration de parfum, le savon \u00e0 la glyc\u00e9rine nettoie en douceur et laisse la peau parfum\u00e9e plus longtemps.  <\/p>\n<p>Le savon \u00e0 la glyc\u00e9rine est formul\u00e9 \u00e0 partir d&rsquo;ingr\u00e9dients v\u00e9g\u00e9taux et de glyc\u00e9rine naturelle, dont les propri\u00e9t\u00e9s hydratantes aident \u00e0 retenir l&rsquo;humidit\u00e9 dans la peau, pr\u00e9venant ainsi le dess\u00e8chement. De plus, le savon pour le corps et les mains Terrapeutics a une formule biod\u00e9gradable et est exempt de parab\u00e8nes et d&rsquo;ingr\u00e9dients d&rsquo;origine animale. <\/p>\n<p>L&rsquo;identit\u00e9 visuelle de l&#8217;emballage suit le mod\u00e8le minimaliste et d\u00e9licat de la ligne Terrapeutics. Contenu : 90g.<\/p>\n<p>Comment l&rsquo;utiliser ?<\/p>\n<p>Appliquez votre savon Granado sur la peau mouill\u00e9e, en frottant doucement pour obtenir de la mousse. Rincez ensuite abondamment. Pendant le bain, \u00e9vitez d&rsquo;utiliser le savon sous l&rsquo;eau courante afin de prolonger la dur\u00e9e de vie du produit.  <\/p>\n","protected":false},"excerpt":{"rendered":"<p>Le savon \u00e0 la glyc\u00e9rine est formul\u00e9 \u00e0 partir d&rsquo;ingr\u00e9dients v\u00e9g\u00e9taux et de glyc\u00e9rine naturelle.<\/p>\n","protected":false},"featured_media":2175,"template":"","meta":[],"product_brand":[209],"product_cat":[127,128],"product_tag":[],"class_list":{"0":"post-2295","1":"product","2":"type-product","3":"status-publish","4":"has-post-thumbnail","6":"product_brand-granado","7":"product_cat-granado-fr","8":"product_cat-savons-liquides","9":"product_shipping_class-feuilles-de-500-a-999-grammes","11":"first","12":"instock","13":"shipping-taxable","14":"purchasable","15":"product-type-simple"},"yoast_head":"<!-- This site is optimized with the Yoast SEO plugin v27.1.1 - https:\/\/yoast.com\/product\/yoast-seo-wordpress\/ -->\n<title>Savon au gingembre 90g - Brazil Care Store<\/title>\n<meta name=\"description\" content=\"Le savon \u00e0 la glyc\u00e9rine est formul\u00e9 \u00e0 partir d&#039;ingr\u00e9dients v\u00e9g\u00e9taux et de glyc\u00e9rine naturelle.\" \/>\n<meta name=\"robots\" content=\"index, follow, max-snippet:-1, max-image-preview:large, max-video-preview:-1\" \/>\n<link rel=\"canonical\" href=\"https:\/\/www.brazilcarestore.com\/fr\/product\/granado-fr\/savons-liquides\/savon-au-gingembre-90g\/\" \/>\n<meta property=\"og:locale\" content=\"fr_FR\" \/>\n<meta property=\"og:type\" content=\"article\" \/>\n<meta property=\"og:title\" content=\"Savon au gingembre 90g - Brazil Care Store\" \/>\n<meta property=\"og:description\" content=\"Le savon \u00e0 la glyc\u00e9rine est formul\u00e9 \u00e0 partir d&#039;ingr\u00e9dients v\u00e9g\u00e9taux et de glyc\u00e9rine naturelle.\" \/>\n<meta property=\"og:url\" content=\"https:\/\/www.brazilcarestore.com\/fr\/product\/granado-fr\/savons-liquides\/savon-au-gingembre-90g\/\" \/>\n<meta property=\"og:site_name\" content=\"Brazil Care Store\" \/>\n<meta property=\"article:publisher\" content=\"https:\/\/www.facebook.com\/brazilcarestore\" \/>\n<meta property=\"article:modified_time\" content=\"2025-05-01T22:53:32+00:00\" \/>\n<meta property=\"og:image\" content=\"https:\/\/i0.wp.com\/www.brazilcarestore.com\/wp-content\/uploads\/2024\/07\/Ginger-Bar-Soap-90g.webp?fit=836%2C1076&ssl=1\" \/>\n\t<meta property=\"og:image:width\" content=\"836\" \/>\n\t<meta property=\"og:image:height\" content=\"1076\" \/>\n\t<meta property=\"og:image:type\" content=\"image\/webp\" \/>\n<meta name=\"twitter:card\" content=\"summary_large_image\" \/>\n<meta name=\"twitter:label1\" content=\"Dur\u00e9e de lecture estim\u00e9e\" \/>\n\t<meta name=\"twitter:data1\" content=\"1 minute\" \/>\n<script type=\"application\/ld+json\" class=\"yoast-schema-graph\">{\"@context\":\"https:\/\/schema.org\",\"@graph\":[{\"@type\":\"WebPage\",\"@id\":\"https:\/\/www.brazilcarestore.com\/fr\/product\/granado-fr\/savons-liquides\/savon-au-gingembre-90g\/\",\"url\":\"https:\/\/www.brazilcarestore.com\/fr\/product\/granado-fr\/savons-liquides\/savon-au-gingembre-90g\/\",\"name\":\"Savon au gingembre 90g - Brazil Care Store\",\"isPartOf\":{\"@id\":\"https:\/\/www.brazilcarestore.com\/fr\/#website\"},\"primaryImageOfPage\":{\"@id\":\"https:\/\/www.brazilcarestore.com\/fr\/product\/granado-fr\/savons-liquides\/savon-au-gingembre-90g\/#primaryimage\"},\"image\":{\"@id\":\"https:\/\/www.brazilcarestore.com\/fr\/product\/granado-fr\/savons-liquides\/savon-au-gingembre-90g\/#primaryimage\"},\"thumbnailUrl\":\"https:\/\/i0.wp.com\/www.brazilcarestore.com\/wp-content\/uploads\/2024\/07\/Ginger-Bar-Soap-90g.webp?fit=836%2C1076&ssl=1\",\"datePublished\":\"2024-07-08T07:02:46+00:00\",\"dateModified\":\"2025-05-01T22:53:32+00:00\",\"description\":\"Le savon \u00e0 la glyc\u00e9rine est formul\u00e9 \u00e0 partir d'ingr\u00e9dients v\u00e9g\u00e9taux et de glyc\u00e9rine naturelle.\",\"breadcrumb\":{\"@id\":\"https:\/\/www.brazilcarestore.com\/fr\/product\/granado-fr\/savons-liquides\/savon-au-gingembre-90g\/#breadcrumb\"},\"inLanguage\":\"fr-FR\",\"potentialAction\":[{\"@type\":\"ReadAction\",\"target\":[\"https:\/\/www.brazilcarestore.com\/fr\/product\/granado-fr\/savons-liquides\/savon-au-gingembre-90g\/\"]}]},{\"@type\":\"ImageObject\",\"inLanguage\":\"fr-FR\",\"@id\":\"https:\/\/www.brazilcarestore.com\/fr\/product\/granado-fr\/savons-liquides\/savon-au-gingembre-90g\/#primaryimage\",\"url\":\"https:\/\/i0.wp.com\/www.brazilcarestore.com\/wp-content\/uploads\/2024\/07\/Ginger-Bar-Soap-90g.webp?fit=836%2C1076&ssl=1\",\"contentUrl\":\"https:\/\/i0.wp.com\/www.brazilcarestore.com\/wp-content\/uploads\/2024\/07\/Ginger-Bar-Soap-90g.webp?fit=836%2C1076&ssl=1\",\"width\":836,\"height\":1076},{\"@type\":\"BreadcrumbList\",\"@id\":\"https:\/\/www.brazilcarestore.com\/fr\/product\/granado-fr\/savons-liquides\/savon-au-gingembre-90g\/#breadcrumb\",\"itemListElement\":[{\"@type\":\"ListItem\",\"position\":1,\"name\":\"Home\",\"item\":\"https:\/\/www.brazilcarestore.com\/fr\/\"},{\"@type\":\"ListItem\",\"position\":2,\"name\":\"Boutique\",\"item\":\"https:\/\/www.brazilcarestore.com\/fr\/boutique\/\"},{\"@type\":\"ListItem\",\"position\":3,\"name\":\"Savon au gingembre 90g\"}]},{\"@type\":\"WebSite\",\"@id\":\"https:\/\/www.brazilcarestore.com\/fr\/#website\",\"url\":\"https:\/\/www.brazilcarestore.com\/fr\/\",\"name\":\"Brazil Care Store\",\"description\":\"The way to Beauty\",\"publisher\":{\"@id\":\"https:\/\/www.brazilcarestore.com\/fr\/#organization\"},\"potentialAction\":[{\"@type\":\"SearchAction\",\"target\":{\"@type\":\"EntryPoint\",\"urlTemplate\":\"https:\/\/www.brazilcarestore.com\/fr\/?s={search_term_string}\"},\"query-input\":{\"@type\":\"PropertyValueSpecification\",\"valueRequired\":true,\"valueName\":\"search_term_string\"}}],\"inLanguage\":\"fr-FR\"},{\"@type\":\"Organization\",\"@id\":\"https:\/\/www.brazilcarestore.com\/fr\/#organization\",\"name\":\"Brazil Care Store\",\"url\":\"https:\/\/www.brazilcarestore.com\/fr\/\",\"logo\":{\"@type\":\"ImageObject\",\"inLanguage\":\"fr-FR\",\"@id\":\"https:\/\/www.brazilcarestore.com\/fr\/#\/schema\/logo\/image\/\",\"url\":\"https:\/\/i0.wp.com\/www.brazilcarestore.com\/wp-content\/uploads\/2024\/02\/Brazil-Care-Store.png?fit=350%2C369&ssl=1\",\"contentUrl\":\"https:\/\/i0.wp.com\/www.brazilcarestore.com\/wp-content\/uploads\/2024\/02\/Brazil-Care-Store.png?fit=350%2C369&ssl=1\",\"width\":350,\"height\":369,\"caption\":\"Brazil Care Store\"},\"image\":{\"@id\":\"https:\/\/www.brazilcarestore.com\/fr\/#\/schema\/logo\/image\/\"},\"sameAs\":[\"https:\/\/www.facebook.com\/brazilcarestore\",\"https:\/\/www.instagram.com\/brazilcarestore\",\"https:\/\/www.tiktok.com\/@brazilcarestore\"]}]}<\/script>\n<!-- \/ Yoast SEO plugin. -->","yoast_head_json":{"title":"Savon au gingembre 90g - Brazil Care Store","description":"Le savon \u00e0 la glyc\u00e9rine est formul\u00e9 \u00e0 partir d'ingr\u00e9dients v\u00e9g\u00e9taux et de glyc\u00e9rine naturelle.","robots":{"index":"index","follow":"follow","max-snippet":"max-snippet:-1","max-image-preview":"max-image-preview:large","max-video-preview":"max-video-preview:-1"},"canonical":"https:\/\/www.brazilcarestore.com\/fr\/product\/granado-fr\/savons-liquides\/savon-au-gingembre-90g\/","og_locale":"fr_FR","og_type":"article","og_title":"Savon au gingembre 90g - Brazil Care Store","og_description":"Le savon \u00e0 la glyc\u00e9rine est formul\u00e9 \u00e0 partir d'ingr\u00e9dients v\u00e9g\u00e9taux et de glyc\u00e9rine naturelle.","og_url":"https:\/\/www.brazilcarestore.com\/fr\/product\/granado-fr\/savons-liquides\/savon-au-gingembre-90g\/","og_site_name":"Brazil Care Store","article_publisher":"https:\/\/www.facebook.com\/brazilcarestore","article_modified_time":"2025-05-01T22:53:32+00:00","og_image":[{"width":836,"height":1076,"url":"https:\/\/i0.wp.com\/www.brazilcarestore.com\/wp-content\/uploads\/2024\/07\/Ginger-Bar-Soap-90g.webp?fit=836%2C1076&ssl=1","type":"image\/webp"}],"twitter_card":"summary_large_image","twitter_misc":{"Dur\u00e9e de lecture estim\u00e9e":"1 minute"},"schema":{"@context":"https:\/\/schema.org","@graph":[{"@type":"WebPage","@id":"https:\/\/www.brazilcarestore.com\/fr\/product\/granado-fr\/savons-liquides\/savon-au-gingembre-90g\/","url":"https:\/\/www.brazilcarestore.com\/fr\/product\/granado-fr\/savons-liquides\/savon-au-gingembre-90g\/","name":"Savon au gingembre 90g - Brazil Care Store","isPartOf":{"@id":"https:\/\/www.brazilcarestore.com\/fr\/#website"},"primaryImageOfPage":{"@id":"https:\/\/www.brazilcarestore.com\/fr\/product\/granado-fr\/savons-liquides\/savon-au-gingembre-90g\/#primaryimage"},"image":{"@id":"https:\/\/www.brazilcarestore.com\/fr\/product\/granado-fr\/savons-liquides\/savon-au-gingembre-90g\/#primaryimage"},"thumbnailUrl":"https:\/\/i0.wp.com\/www.brazilcarestore.com\/wp-content\/uploads\/2024\/07\/Ginger-Bar-Soap-90g.webp?fit=836%2C1076&ssl=1","datePublished":"2024-07-08T07:02:46+00:00","dateModified":"2025-05-01T22:53:32+00:00","description":"Le savon \u00e0 la glyc\u00e9rine est formul\u00e9 \u00e0 partir d'ingr\u00e9dients v\u00e9g\u00e9taux et de glyc\u00e9rine naturelle.","breadcrumb":{"@id":"https:\/\/www.brazilcarestore.com\/fr\/product\/granado-fr\/savons-liquides\/savon-au-gingembre-90g\/#breadcrumb"},"inLanguage":"fr-FR","potentialAction":[{"@type":"ReadAction","target":["https:\/\/www.brazilcarestore.com\/fr\/product\/granado-fr\/savons-liquides\/savon-au-gingembre-90g\/"]}]},{"@type":"ImageObject","inLanguage":"fr-FR","@id":"https:\/\/www.brazilcarestore.com\/fr\/product\/granado-fr\/savons-liquides\/savon-au-gingembre-90g\/#primaryimage","url":"https:\/\/i0.wp.com\/www.brazilcarestore.com\/wp-content\/uploads\/2024\/07\/Ginger-Bar-Soap-90g.webp?fit=836%2C1076&ssl=1","contentUrl":"https:\/\/i0.wp.com\/www.brazilcarestore.com\/wp-content\/uploads\/2024\/07\/Ginger-Bar-Soap-90g.webp?fit=836%2C1076&ssl=1","width":836,"height":1076},{"@type":"BreadcrumbList","@id":"https:\/\/www.brazilcarestore.com\/fr\/product\/granado-fr\/savons-liquides\/savon-au-gingembre-90g\/#breadcrumb","itemListElement":[{"@type":"ListItem","position":1,"name":"Home","item":"https:\/\/www.brazilcarestore.com\/fr\/"},{"@type":"ListItem","position":2,"name":"Boutique","item":"https:\/\/www.brazilcarestore.com\/fr\/boutique\/"},{"@type":"ListItem","position":3,"name":"Savon au gingembre 90g"}]},{"@type":"WebSite","@id":"https:\/\/www.brazilcarestore.com\/fr\/#website","url":"https:\/\/www.brazilcarestore.com\/fr\/","name":"Brazil Care Store","description":"The way to Beauty","publisher":{"@id":"https:\/\/www.brazilcarestore.com\/fr\/#organization"},"potentialAction":[{"@type":"SearchAction","target":{"@type":"EntryPoint","urlTemplate":"https:\/\/www.brazilcarestore.com\/fr\/?s={search_term_string}"},"query-input":{"@type":"PropertyValueSpecification","valueRequired":true,"valueName":"search_term_string"}}],"inLanguage":"fr-FR"},{"@type":"Organization","@id":"https:\/\/www.brazilcarestore.com\/fr\/#organization","name":"Brazil Care Store","url":"https:\/\/www.brazilcarestore.com\/fr\/","logo":{"@type":"ImageObject","inLanguage":"fr-FR","@id":"https:\/\/www.brazilcarestore.com\/fr\/#\/schema\/logo\/image\/","url":"https:\/\/i0.wp.com\/www.brazilcarestore.com\/wp-content\/uploads\/2024\/02\/Brazil-Care-Store.png?fit=350%2C369&ssl=1","contentUrl":"https:\/\/i0.wp.com\/www.brazilcarestore.com\/wp-content\/uploads\/2024\/02\/Brazil-Care-Store.png?fit=350%2C369&ssl=1","width":350,"height":369,"caption":"Brazil Care Store"},"image":{"@id":"https:\/\/www.brazilcarestore.com\/fr\/#\/schema\/logo\/image\/"},"sameAs":["https:\/\/www.facebook.com\/brazilcarestore","https:\/\/www.instagram.com\/brazilcarestore","https:\/\/www.tiktok.com\/@brazilcarestore"]}]}},"_links":{"self":[{"href":"https:\/\/www.brazilcarestore.com\/fr\/wp-json\/wp\/v2\/product\/2295","targetHints":{"allow":["GET"]}}],"collection":[{"href":"https:\/\/www.brazilcarestore.com\/fr\/wp-json\/wp\/v2\/product"}],"about":[{"href":"https:\/\/www.brazilcarestore.com\/fr\/wp-json\/wp\/v2\/types\/product"}],"wp:featuredmedia":[{"embeddable":true,"href":"https:\/\/www.brazilcarestore.com\/fr\/wp-json\/wp\/v2\/media\/2175"}],"wp:attachment":[{"href":"https:\/\/www.brazilcarestore.com\/fr\/wp-json\/wp\/v2\/media?parent=2295"}],"wp:term":[{"taxonomy":"product_brand","embeddable":true,"href":"https:\/\/www.brazilcarestore.com\/fr\/wp-json\/wp\/v2\/product_brand?post=2295"},{"taxonomy":"product_cat","embeddable":true,"href":"https:\/\/www.brazilcarestore.com\/fr\/wp-json\/wp\/v2\/product_cat?post=2295"},{"taxonomy":"product_tag","embeddable":true,"href":"https:\/\/www.brazilcarestore.com\/fr\/wp-json\/wp\/v2\/product_tag?post=2295"}],"curies":[{"name":"wp","href":"https:\/\/api.w.org\/{rel}","templated":true}]}}