{"id":2289,"date":"2024-07-07T12:51:15","date_gmt":"2024-07-07T15:51:15","guid":{"rendered":"https:\/\/www.brazilcarestore.com\/product\/non%20class\u00e9\/apres-shampoing-diluant-rainbow-pour-les-cheveux-150ml\/"},"modified":"2025-05-01T19:46:21","modified_gmt":"2025-05-01T22:46:21","slug":"apres-shampoing-diluant-rainbow-pour-les-cheveux-150ml","status":"publish","type":"product","link":"https:\/\/www.brazilcarestore.com\/fr\/product\/kamaleao-color-fr\/apres-shampoing-diluant-rainbow-pour-les-cheveux-150ml\/","title":{"rendered":"Apr\u00e8s-shampoing diluant Rainbow pour les cheveux 150ml"},"content":{"rendered":"<p>A propos de cet article :<\/p>\n<p>DILUTEUR &#8211; Utilis\u00e9 pour diluer nos masques pigmentaires. Il contient un fixateur de couleur actif.<br \/>\nCONDITIONER &#8211; D\u00e9m\u00eale et conditionne les cheveux. Apr\u00e8s avoir enlev\u00e9 le shampooing, enlevez l&rsquo;exc\u00e8s d&rsquo;eau et appliquez le produit en massant les cheveux.<br \/>\nCO-WASH (released for Low Poo) &#8211; Id\u00e9al pour les cheveux secs, teints, fris\u00e9s et cr\u00e9pus. Le lavage avec la cr\u00e8me multifonctionnelle Arco Iris nettoie et laisse les cheveux sains et doux. Appliquez le produit sur les cheveux mouill\u00e9s, massez et rincez<br \/>\nHYDRATION ET BAIN DE CR\u00c8ME &#8211; Apr\u00e8s avoir enlev\u00e9 le shampooing, appliquez la Cr\u00e8me Multifonctionnelle Rainbow sur les cheveux, laissez agir pendant 10 \u00e0 20 minutes. Apr\u00e8s le temps d&rsquo;attente, rincez bien et terminez comme vous le souhaitez<br \/>\nPAS DE PRODUITS CHIMIQUES DANGEREUX &#8211; FAIBLE POUSS\u00c9E : sans parab\u00e8nes, sans ammoniaque et sans peroxydes     <\/p>\n<p>Comment l&rsquo;utiliser ?<\/p>\n<p>La ligne Rainbow a \u00e9t\u00e9 d\u00e9velopp\u00e9e pour am\u00e9liorer les r\u00e9sultats du processus de coloration des cheveux, en rendant possible la cr\u00e9ation de nuances personnalis\u00e9es et de couleurs pastel gr\u00e2ce \u00e0 la dilution et \u00e0 un effet de pigmentation plus \u00e9lev\u00e9. Sa formule contient des ingr\u00e9dients qui apportent douceur, soyeux et hydratation. <\/p>\n","protected":false},"excerpt":{"rendered":"<p>DILUTEUR &#8211; Utilis\u00e9 pour diluer nos masques pigmentaires. Il contient un fixateur de couleur actif. <\/p>\n","protected":false},"featured_media":2075,"template":"","meta":[],"product_brand":[206],"product_cat":[123],"product_tag":[],"class_list":{"0":"post-2289","1":"product","2":"type-product","3":"status-publish","4":"has-post-thumbnail","6":"product_brand-kamaleao-color","7":"product_cat-kamaleao-color-fr","8":"product_shipping_class-leves-ate-499","10":"first","11":"instock","12":"shipping-taxable","13":"purchasable","14":"product-type-simple"},"yoast_head":"<!-- This site is optimized with the Yoast SEO plugin v27.1.1 - https:\/\/yoast.com\/product\/yoast-seo-wordpress\/ -->\n<title>Apr\u00e8s-shampoing diluant Rainbow pour les cheveux 150ml - Brazil Care Store<\/title>\n<meta name=\"description\" content=\"DILUTEUR - Utilis\u00e9 pour diluer nos masques pigmentaires. Il contient un fixateur de couleur actif.\" \/>\n<meta name=\"robots\" content=\"index, follow, max-snippet:-1, max-image-preview:large, max-video-preview:-1\" \/>\n<link rel=\"canonical\" href=\"https:\/\/www.brazilcarestore.com\/fr\/product\/kamaleao-color-fr\/apres-shampoing-diluant-rainbow-pour-les-cheveux-150ml\/\" \/>\n<meta property=\"og:locale\" content=\"fr_FR\" \/>\n<meta property=\"og:type\" content=\"article\" \/>\n<meta property=\"og:title\" content=\"Apr\u00e8s-shampoing diluant Rainbow pour les cheveux 150ml - Brazil Care Store\" \/>\n<meta property=\"og:description\" content=\"DILUTEUR - Utilis\u00e9 pour diluer nos masques pigmentaires. Il contient un fixateur de couleur actif.\" \/>\n<meta property=\"og:url\" content=\"https:\/\/www.brazilcarestore.com\/fr\/product\/kamaleao-color-fr\/apres-shampoing-diluant-rainbow-pour-les-cheveux-150ml\/\" \/>\n<meta property=\"og:site_name\" content=\"Brazil Care Store\" \/>\n<meta property=\"article:publisher\" content=\"https:\/\/www.facebook.com\/brazilcarestore\" \/>\n<meta property=\"article:modified_time\" content=\"2025-05-01T22:46:21+00:00\" \/>\n<meta property=\"og:image\" content=\"https:\/\/i0.wp.com\/www.brazilcarestore.com\/wp-content\/uploads\/2024\/07\/Rainbow-Diluting-Conditioner-for-Hair-150ml.jpg?fit=425%2C425&ssl=1\" \/>\n\t<meta property=\"og:image:width\" content=\"425\" \/>\n\t<meta property=\"og:image:height\" content=\"425\" \/>\n\t<meta property=\"og:image:type\" content=\"image\/jpeg\" \/>\n<meta name=\"twitter:card\" content=\"summary_large_image\" \/>\n<meta name=\"twitter:label1\" content=\"Dur\u00e9e de lecture estim\u00e9e\" \/>\n\t<meta name=\"twitter:data1\" content=\"1 minute\" \/>\n<script type=\"application\/ld+json\" class=\"yoast-schema-graph\">{\"@context\":\"https:\/\/schema.org\",\"@graph\":[{\"@type\":\"WebPage\",\"@id\":\"https:\/\/www.brazilcarestore.com\/fr\/product\/kamaleao-color-fr\/apres-shampoing-diluant-rainbow-pour-les-cheveux-150ml\/\",\"url\":\"https:\/\/www.brazilcarestore.com\/fr\/product\/kamaleao-color-fr\/apres-shampoing-diluant-rainbow-pour-les-cheveux-150ml\/\",\"name\":\"Apr\u00e8s-shampoing diluant Rainbow pour les cheveux 150ml - Brazil Care Store\",\"isPartOf\":{\"@id\":\"https:\/\/www.brazilcarestore.com\/fr\/#website\"},\"primaryImageOfPage\":{\"@id\":\"https:\/\/www.brazilcarestore.com\/fr\/product\/kamaleao-color-fr\/apres-shampoing-diluant-rainbow-pour-les-cheveux-150ml\/#primaryimage\"},\"image\":{\"@id\":\"https:\/\/www.brazilcarestore.com\/fr\/product\/kamaleao-color-fr\/apres-shampoing-diluant-rainbow-pour-les-cheveux-150ml\/#primaryimage\"},\"thumbnailUrl\":\"https:\/\/i0.wp.com\/www.brazilcarestore.com\/wp-content\/uploads\/2024\/07\/Rainbow-Diluting-Conditioner-for-Hair-150ml.jpg?fit=425%2C425&ssl=1\",\"datePublished\":\"2024-07-07T15:51:15+00:00\",\"dateModified\":\"2025-05-01T22:46:21+00:00\",\"description\":\"DILUTEUR - Utilis\u00e9 pour diluer nos masques pigmentaires. Il contient un fixateur de couleur actif.\",\"breadcrumb\":{\"@id\":\"https:\/\/www.brazilcarestore.com\/fr\/product\/kamaleao-color-fr\/apres-shampoing-diluant-rainbow-pour-les-cheveux-150ml\/#breadcrumb\"},\"inLanguage\":\"fr-FR\",\"potentialAction\":[{\"@type\":\"ReadAction\",\"target\":[\"https:\/\/www.brazilcarestore.com\/fr\/product\/kamaleao-color-fr\/apres-shampoing-diluant-rainbow-pour-les-cheveux-150ml\/\"]}]},{\"@type\":\"ImageObject\",\"inLanguage\":\"fr-FR\",\"@id\":\"https:\/\/www.brazilcarestore.com\/fr\/product\/kamaleao-color-fr\/apres-shampoing-diluant-rainbow-pour-les-cheveux-150ml\/#primaryimage\",\"url\":\"https:\/\/i0.wp.com\/www.brazilcarestore.com\/wp-content\/uploads\/2024\/07\/Rainbow-Diluting-Conditioner-for-Hair-150ml.jpg?fit=425%2C425&ssl=1\",\"contentUrl\":\"https:\/\/i0.wp.com\/www.brazilcarestore.com\/wp-content\/uploads\/2024\/07\/Rainbow-Diluting-Conditioner-for-Hair-150ml.jpg?fit=425%2C425&ssl=1\",\"width\":425,\"height\":425},{\"@type\":\"BreadcrumbList\",\"@id\":\"https:\/\/www.brazilcarestore.com\/fr\/product\/kamaleao-color-fr\/apres-shampoing-diluant-rainbow-pour-les-cheveux-150ml\/#breadcrumb\",\"itemListElement\":[{\"@type\":\"ListItem\",\"position\":1,\"name\":\"Home\",\"item\":\"https:\/\/www.brazilcarestore.com\/fr\/\"},{\"@type\":\"ListItem\",\"position\":2,\"name\":\"Boutique\",\"item\":\"https:\/\/www.brazilcarestore.com\/fr\/boutique\/\"},{\"@type\":\"ListItem\",\"position\":3,\"name\":\"Apr\u00e8s-shampoing diluant Rainbow pour les cheveux 150ml\"}]},{\"@type\":\"WebSite\",\"@id\":\"https:\/\/www.brazilcarestore.com\/fr\/#website\",\"url\":\"https:\/\/www.brazilcarestore.com\/fr\/\",\"name\":\"Brazil Care Store\",\"description\":\"The way to Beauty\",\"publisher\":{\"@id\":\"https:\/\/www.brazilcarestore.com\/fr\/#organization\"},\"potentialAction\":[{\"@type\":\"SearchAction\",\"target\":{\"@type\":\"EntryPoint\",\"urlTemplate\":\"https:\/\/www.brazilcarestore.com\/fr\/?s={search_term_string}\"},\"query-input\":{\"@type\":\"PropertyValueSpecification\",\"valueRequired\":true,\"valueName\":\"search_term_string\"}}],\"inLanguage\":\"fr-FR\"},{\"@type\":\"Organization\",\"@id\":\"https:\/\/www.brazilcarestore.com\/fr\/#organization\",\"name\":\"Brazil Care Store\",\"url\":\"https:\/\/www.brazilcarestore.com\/fr\/\",\"logo\":{\"@type\":\"ImageObject\",\"inLanguage\":\"fr-FR\",\"@id\":\"https:\/\/www.brazilcarestore.com\/fr\/#\/schema\/logo\/image\/\",\"url\":\"https:\/\/i0.wp.com\/www.brazilcarestore.com\/wp-content\/uploads\/2024\/02\/Brazil-Care-Store.png?fit=350%2C369&ssl=1\",\"contentUrl\":\"https:\/\/i0.wp.com\/www.brazilcarestore.com\/wp-content\/uploads\/2024\/02\/Brazil-Care-Store.png?fit=350%2C369&ssl=1\",\"width\":350,\"height\":369,\"caption\":\"Brazil Care Store\"},\"image\":{\"@id\":\"https:\/\/www.brazilcarestore.com\/fr\/#\/schema\/logo\/image\/\"},\"sameAs\":[\"https:\/\/www.facebook.com\/brazilcarestore\",\"https:\/\/www.instagram.com\/brazilcarestore\",\"https:\/\/www.tiktok.com\/@brazilcarestore\"]}]}<\/script>\n<!-- \/ Yoast SEO plugin. -->","yoast_head_json":{"title":"Apr\u00e8s-shampoing diluant Rainbow pour les cheveux 150ml - Brazil Care Store","description":"DILUTEUR - Utilis\u00e9 pour diluer nos masques pigmentaires. Il contient un fixateur de couleur actif.","robots":{"index":"index","follow":"follow","max-snippet":"max-snippet:-1","max-image-preview":"max-image-preview:large","max-video-preview":"max-video-preview:-1"},"canonical":"https:\/\/www.brazilcarestore.com\/fr\/product\/kamaleao-color-fr\/apres-shampoing-diluant-rainbow-pour-les-cheveux-150ml\/","og_locale":"fr_FR","og_type":"article","og_title":"Apr\u00e8s-shampoing diluant Rainbow pour les cheveux 150ml - Brazil Care Store","og_description":"DILUTEUR - Utilis\u00e9 pour diluer nos masques pigmentaires. Il contient un fixateur de couleur actif.","og_url":"https:\/\/www.brazilcarestore.com\/fr\/product\/kamaleao-color-fr\/apres-shampoing-diluant-rainbow-pour-les-cheveux-150ml\/","og_site_name":"Brazil Care Store","article_publisher":"https:\/\/www.facebook.com\/brazilcarestore","article_modified_time":"2025-05-01T22:46:21+00:00","og_image":[{"width":425,"height":425,"url":"https:\/\/i0.wp.com\/www.brazilcarestore.com\/wp-content\/uploads\/2024\/07\/Rainbow-Diluting-Conditioner-for-Hair-150ml.jpg?fit=425%2C425&ssl=1","type":"image\/jpeg"}],"twitter_card":"summary_large_image","twitter_misc":{"Dur\u00e9e de lecture estim\u00e9e":"1 minute"},"schema":{"@context":"https:\/\/schema.org","@graph":[{"@type":"WebPage","@id":"https:\/\/www.brazilcarestore.com\/fr\/product\/kamaleao-color-fr\/apres-shampoing-diluant-rainbow-pour-les-cheveux-150ml\/","url":"https:\/\/www.brazilcarestore.com\/fr\/product\/kamaleao-color-fr\/apres-shampoing-diluant-rainbow-pour-les-cheveux-150ml\/","name":"Apr\u00e8s-shampoing diluant Rainbow pour les cheveux 150ml - Brazil Care Store","isPartOf":{"@id":"https:\/\/www.brazilcarestore.com\/fr\/#website"},"primaryImageOfPage":{"@id":"https:\/\/www.brazilcarestore.com\/fr\/product\/kamaleao-color-fr\/apres-shampoing-diluant-rainbow-pour-les-cheveux-150ml\/#primaryimage"},"image":{"@id":"https:\/\/www.brazilcarestore.com\/fr\/product\/kamaleao-color-fr\/apres-shampoing-diluant-rainbow-pour-les-cheveux-150ml\/#primaryimage"},"thumbnailUrl":"https:\/\/i0.wp.com\/www.brazilcarestore.com\/wp-content\/uploads\/2024\/07\/Rainbow-Diluting-Conditioner-for-Hair-150ml.jpg?fit=425%2C425&ssl=1","datePublished":"2024-07-07T15:51:15+00:00","dateModified":"2025-05-01T22:46:21+00:00","description":"DILUTEUR - Utilis\u00e9 pour diluer nos masques pigmentaires. Il contient un fixateur de couleur actif.","breadcrumb":{"@id":"https:\/\/www.brazilcarestore.com\/fr\/product\/kamaleao-color-fr\/apres-shampoing-diluant-rainbow-pour-les-cheveux-150ml\/#breadcrumb"},"inLanguage":"fr-FR","potentialAction":[{"@type":"ReadAction","target":["https:\/\/www.brazilcarestore.com\/fr\/product\/kamaleao-color-fr\/apres-shampoing-diluant-rainbow-pour-les-cheveux-150ml\/"]}]},{"@type":"ImageObject","inLanguage":"fr-FR","@id":"https:\/\/www.brazilcarestore.com\/fr\/product\/kamaleao-color-fr\/apres-shampoing-diluant-rainbow-pour-les-cheveux-150ml\/#primaryimage","url":"https:\/\/i0.wp.com\/www.brazilcarestore.com\/wp-content\/uploads\/2024\/07\/Rainbow-Diluting-Conditioner-for-Hair-150ml.jpg?fit=425%2C425&ssl=1","contentUrl":"https:\/\/i0.wp.com\/www.brazilcarestore.com\/wp-content\/uploads\/2024\/07\/Rainbow-Diluting-Conditioner-for-Hair-150ml.jpg?fit=425%2C425&ssl=1","width":425,"height":425},{"@type":"BreadcrumbList","@id":"https:\/\/www.brazilcarestore.com\/fr\/product\/kamaleao-color-fr\/apres-shampoing-diluant-rainbow-pour-les-cheveux-150ml\/#breadcrumb","itemListElement":[{"@type":"ListItem","position":1,"name":"Home","item":"https:\/\/www.brazilcarestore.com\/fr\/"},{"@type":"ListItem","position":2,"name":"Boutique","item":"https:\/\/www.brazilcarestore.com\/fr\/boutique\/"},{"@type":"ListItem","position":3,"name":"Apr\u00e8s-shampoing diluant Rainbow pour les cheveux 150ml"}]},{"@type":"WebSite","@id":"https:\/\/www.brazilcarestore.com\/fr\/#website","url":"https:\/\/www.brazilcarestore.com\/fr\/","name":"Brazil Care Store","description":"The way to Beauty","publisher":{"@id":"https:\/\/www.brazilcarestore.com\/fr\/#organization"},"potentialAction":[{"@type":"SearchAction","target":{"@type":"EntryPoint","urlTemplate":"https:\/\/www.brazilcarestore.com\/fr\/?s={search_term_string}"},"query-input":{"@type":"PropertyValueSpecification","valueRequired":true,"valueName":"search_term_string"}}],"inLanguage":"fr-FR"},{"@type":"Organization","@id":"https:\/\/www.brazilcarestore.com\/fr\/#organization","name":"Brazil Care Store","url":"https:\/\/www.brazilcarestore.com\/fr\/","logo":{"@type":"ImageObject","inLanguage":"fr-FR","@id":"https:\/\/www.brazilcarestore.com\/fr\/#\/schema\/logo\/image\/","url":"https:\/\/i0.wp.com\/www.brazilcarestore.com\/wp-content\/uploads\/2024\/02\/Brazil-Care-Store.png?fit=350%2C369&ssl=1","contentUrl":"https:\/\/i0.wp.com\/www.brazilcarestore.com\/wp-content\/uploads\/2024\/02\/Brazil-Care-Store.png?fit=350%2C369&ssl=1","width":350,"height":369,"caption":"Brazil Care Store"},"image":{"@id":"https:\/\/www.brazilcarestore.com\/fr\/#\/schema\/logo\/image\/"},"sameAs":["https:\/\/www.facebook.com\/brazilcarestore","https:\/\/www.instagram.com\/brazilcarestore","https:\/\/www.tiktok.com\/@brazilcarestore"]}]}},"_links":{"self":[{"href":"https:\/\/www.brazilcarestore.com\/fr\/wp-json\/wp\/v2\/product\/2289","targetHints":{"allow":["GET"]}}],"collection":[{"href":"https:\/\/www.brazilcarestore.com\/fr\/wp-json\/wp\/v2\/product"}],"about":[{"href":"https:\/\/www.brazilcarestore.com\/fr\/wp-json\/wp\/v2\/types\/product"}],"wp:featuredmedia":[{"embeddable":true,"href":"https:\/\/www.brazilcarestore.com\/fr\/wp-json\/wp\/v2\/media\/2075"}],"wp:attachment":[{"href":"https:\/\/www.brazilcarestore.com\/fr\/wp-json\/wp\/v2\/media?parent=2289"}],"wp:term":[{"taxonomy":"product_brand","embeddable":true,"href":"https:\/\/www.brazilcarestore.com\/fr\/wp-json\/wp\/v2\/product_brand?post=2289"},{"taxonomy":"product_cat","embeddable":true,"href":"https:\/\/www.brazilcarestore.com\/fr\/wp-json\/wp\/v2\/product_cat?post=2289"},{"taxonomy":"product_tag","embeddable":true,"href":"https:\/\/www.brazilcarestore.com\/fr\/wp-json\/wp\/v2\/product_tag?post=2289"}],"curies":[{"name":"wp","href":"https:\/\/api.w.org\/{rel}","templated":true}]}}