{"id":2258,"date":"2024-07-07T12:02:14","date_gmt":"2024-07-07T15:02:14","guid":{"rendered":"https:\/\/www.brazilcarestore.com\/product\/non class\u00e9\/little-fox-semi-permant-hair-color-toner-150ml\/"},"modified":"2024-07-07T12:02:14","modified_gmt":"2024-07-07T15:02:14","slug":"little-fox-semi-permant-hair-color-toner-150ml","status":"publish","type":"product","link":"https:\/\/www.brazilcarestore.com\/fr\/product\/kamaleao-color-fr\/little-fox-semi-permant-hair-color-toner-150ml\/","title":{"rendered":"Little Fox Semi-Permant Hair Color Toner 150ml"},"content":{"rendered":"<p>A propos de cet article :<\/p>\n<p>Colorant capillaire semi-permanent Little Fox (Copped Red), 5 OZ \/ KC COLOR<br \/>\nMarque KC COLOR \/ KAMALE\u00c3O COLOR<br \/>\nDURABILITE : De 5 \u00e0 25 lavages (la dur\u00e9e varie selon les cheveux, les couleurs et l&rsquo;entretien) ;<br \/>\nLOW POO : Sans parab\u00e8nes, ammoniaque, peroxydes et aniline.<br \/>\nCOULEURS ET TONS MIXABLES : Les colorations semi-permanentes KC Color (Kamale\u00e3o Color Brasil) peuvent \u00eatre m\u00e9lang\u00e9es en toute s\u00e9curit\u00e9 pour cr\u00e9er de nouvelles possibilit\u00e9s de nuances et vous pouvez m\u00eame les m\u00e9langer avec notre cr\u00e8me de dilution Rainbow pour cr\u00e9er des tons plus pastel ;<br \/>\nCOULEURS VIBRANTES : KC Color (Kamale\u00e3o Color Brasil) travaille dur pour vous apporter les nouvelles couleurs tendance les plus chaudes, les plus brillantes et les plus audacieuses ;<\/p>\n<p>Comment l&rsquo;utiliser ?<\/p>\n<p>Colorant capillaire semi-permanent Little Fox (Copped Red), 5 OZ \/ KC COLOR \/\/\/\/\/ AVERTISSEMENTS : &#8211; Les cheveux doivent \u00eatre d\u00e9color\u00e9s ou teints ; &#8211; Portez des gants pendant le processus ; &#8211; Nous recommandons de ne pas rincer le produit sous la douche car il peut tacher la peau ; &#8211; Effectuez un test \u00e9picutan\u00e9 et un test de m\u00e8che avant de l&rsquo;utiliser. Les images sont purement illustratives ! Le r\u00e9sultat peut \u00eatre diff\u00e9rent selon la base blonde appliqu\u00e9e et le mode d&rsquo;utilisation. \/\/\/ Nous vous recommandons d&rsquo;effectuer un test de m\u00e8che avant l&rsquo;application. TEST DE M\u00c8CHE : Isolez une m\u00e8che de cheveux et suivez le mode d&#8217;emploi. PATCH TEST : Appliquez une petite quantit\u00e9 sur l&rsquo;int\u00e9rieur de votre coude et laissez agir pendant 20 minutes, rincez et attendez jusqu&rsquo;\u00e0 24 heures. MODE D&rsquo;EMPLOI : Sur des cheveux propres et secs (lav\u00e9s uniquement avec du shampooing), appliquez et laissez agir pendant 30 \u00e0 40 minutes, puis rincez abondamment. Portez des gants. Pour appliquer votre coloration, vous devez \u00eatre au niveau 11 ou 12 (blond super clair \u00e0 ultra clair). Si la base de la coloration est un ton jaune, vos cheveux peuvent virer au vert, et si la couleur n&rsquo;est pas uniforme, vos cheveux peuvent \u00eatre tach\u00e9s. MISES EN GARDE : Pour usage externe uniquement. Tenir hors de port\u00e9e des enfants. Ne pas utiliser sur les sourcils ou les cils. En cas de contact avec les yeux, rincez abondamment \u00e0 l&rsquo;eau. Ne pas appliquer sur les cheveux si votre cuir chevelu est irrit\u00e9, br\u00fbl\u00e9 par le soleil ou bless\u00e9. En cas d&rsquo;irritation, arr\u00eatez l&rsquo;application et demandez une assistance m\u00e9dicale. N&rsquo;utilisez pas le produit si vous \u00eates allergique \u00e0 l&rsquo;un de ses ingr\u00e9dients. FABRIQU\u00c9 AU BR\u00c9SIL                 <\/p>\n","protected":false},"excerpt":{"rendered":"<p>Colorant capillaire semi-permanent Little Fox (Copped Red), 5 OZ \/ KC COLOR<\/p>\n","protected":false},"featured_media":2041,"template":"","meta":[],"product_brand":[],"product_cat":[123],"product_tag":[],"class_list":{"0":"post-2258","1":"product","2":"type-product","3":"status-publish","4":"has-post-thumbnail","6":"product_cat-kamaleao-color-fr","7":"product_shipping_class-leves-ate-499","9":"first","10":"instock","11":"shipping-taxable","12":"purchasable","13":"product-type-simple"},"yoast_head":"<!-- This site is optimized with the Yoast SEO plugin v27.1.1 - https:\/\/yoast.com\/product\/yoast-seo-wordpress\/ -->\n<title>Little Fox Semi-Permant Hair Color Toner 150ml - Brazil Care Store<\/title>\n<meta name=\"description\" content=\"Colorant capillaire semi-permanent Little Fox (Copped Red), 5 OZ \/ KC COLOR\" \/>\n<meta name=\"robots\" content=\"index, follow, max-snippet:-1, max-image-preview:large, max-video-preview:-1\" \/>\n<link rel=\"canonical\" href=\"https:\/\/www.brazilcarestore.com\/fr\/product\/kamaleao-color-fr\/little-fox-semi-permant-hair-color-toner-150ml\/\" \/>\n<meta property=\"og:locale\" content=\"fr_FR\" \/>\n<meta property=\"og:type\" content=\"article\" \/>\n<meta property=\"og:title\" content=\"Little Fox Semi-Permant Hair Color Toner 150ml - Brazil Care Store\" \/>\n<meta property=\"og:description\" content=\"Colorant capillaire semi-permanent Little Fox (Copped Red), 5 OZ \/ KC COLOR\" \/>\n<meta property=\"og:url\" content=\"https:\/\/www.brazilcarestore.com\/fr\/product\/kamaleao-color-fr\/little-fox-semi-permant-hair-color-toner-150ml\/\" \/>\n<meta property=\"og:site_name\" content=\"Brazil Care Store\" \/>\n<meta property=\"article:publisher\" content=\"https:\/\/www.facebook.com\/brazilcarestore\" \/>\n<meta property=\"og:image\" content=\"https:\/\/i0.wp.com\/www.brazilcarestore.com\/wp-content\/uploads\/2024\/07\/Little-Fox-Semi-Permant-Hair-Color-Toner-150ml.jpg?fit=466%2C466&ssl=1\" \/>\n\t<meta property=\"og:image:width\" content=\"466\" \/>\n\t<meta property=\"og:image:height\" content=\"466\" \/>\n\t<meta property=\"og:image:type\" content=\"image\/jpeg\" \/>\n<meta name=\"twitter:card\" content=\"summary_large_image\" \/>\n<meta name=\"twitter:label1\" content=\"Dur\u00e9e de lecture estim\u00e9e\" \/>\n\t<meta name=\"twitter:data1\" content=\"2 minutes\" \/>\n<script type=\"application\/ld+json\" class=\"yoast-schema-graph\">{\"@context\":\"https:\/\/schema.org\",\"@graph\":[{\"@type\":\"WebPage\",\"@id\":\"https:\/\/www.brazilcarestore.com\/fr\/product\/kamaleao-color-fr\/little-fox-semi-permant-hair-color-toner-150ml\/\",\"url\":\"https:\/\/www.brazilcarestore.com\/fr\/product\/kamaleao-color-fr\/little-fox-semi-permant-hair-color-toner-150ml\/\",\"name\":\"Little Fox Semi-Permant Hair Color Toner 150ml - Brazil Care Store\",\"isPartOf\":{\"@id\":\"https:\/\/www.brazilcarestore.com\/fr\/#website\"},\"primaryImageOfPage\":{\"@id\":\"https:\/\/www.brazilcarestore.com\/fr\/product\/kamaleao-color-fr\/little-fox-semi-permant-hair-color-toner-150ml\/#primaryimage\"},\"image\":{\"@id\":\"https:\/\/www.brazilcarestore.com\/fr\/product\/kamaleao-color-fr\/little-fox-semi-permant-hair-color-toner-150ml\/#primaryimage\"},\"thumbnailUrl\":\"https:\/\/i0.wp.com\/www.brazilcarestore.com\/wp-content\/uploads\/2024\/07\/Little-Fox-Semi-Permant-Hair-Color-Toner-150ml.jpg?fit=466%2C466&ssl=1\",\"datePublished\":\"2024-07-07T15:02:14+00:00\",\"description\":\"Colorant capillaire semi-permanent Little Fox (Copped Red), 5 OZ \/ KC COLOR\",\"breadcrumb\":{\"@id\":\"https:\/\/www.brazilcarestore.com\/fr\/product\/kamaleao-color-fr\/little-fox-semi-permant-hair-color-toner-150ml\/#breadcrumb\"},\"inLanguage\":\"fr-FR\",\"potentialAction\":[{\"@type\":\"ReadAction\",\"target\":[\"https:\/\/www.brazilcarestore.com\/fr\/product\/kamaleao-color-fr\/little-fox-semi-permant-hair-color-toner-150ml\/\"]}]},{\"@type\":\"ImageObject\",\"inLanguage\":\"fr-FR\",\"@id\":\"https:\/\/www.brazilcarestore.com\/fr\/product\/kamaleao-color-fr\/little-fox-semi-permant-hair-color-toner-150ml\/#primaryimage\",\"url\":\"https:\/\/i0.wp.com\/www.brazilcarestore.com\/wp-content\/uploads\/2024\/07\/Little-Fox-Semi-Permant-Hair-Color-Toner-150ml.jpg?fit=466%2C466&ssl=1\",\"contentUrl\":\"https:\/\/i0.wp.com\/www.brazilcarestore.com\/wp-content\/uploads\/2024\/07\/Little-Fox-Semi-Permant-Hair-Color-Toner-150ml.jpg?fit=466%2C466&ssl=1\",\"width\":466,\"height\":466,\"caption\":\"Version 1.0.0\"},{\"@type\":\"BreadcrumbList\",\"@id\":\"https:\/\/www.brazilcarestore.com\/fr\/product\/kamaleao-color-fr\/little-fox-semi-permant-hair-color-toner-150ml\/#breadcrumb\",\"itemListElement\":[{\"@type\":\"ListItem\",\"position\":1,\"name\":\"Home\",\"item\":\"https:\/\/www.brazilcarestore.com\/fr\/\"},{\"@type\":\"ListItem\",\"position\":2,\"name\":\"Boutique\",\"item\":\"https:\/\/www.brazilcarestore.com\/fr\/boutique\/\"},{\"@type\":\"ListItem\",\"position\":3,\"name\":\"Little Fox Semi-Permant Hair Color Toner 150ml\"}]},{\"@type\":\"WebSite\",\"@id\":\"https:\/\/www.brazilcarestore.com\/fr\/#website\",\"url\":\"https:\/\/www.brazilcarestore.com\/fr\/\",\"name\":\"Brazil Care Store\",\"description\":\"The way to Beauty\",\"publisher\":{\"@id\":\"https:\/\/www.brazilcarestore.com\/fr\/#organization\"},\"potentialAction\":[{\"@type\":\"SearchAction\",\"target\":{\"@type\":\"EntryPoint\",\"urlTemplate\":\"https:\/\/www.brazilcarestore.com\/fr\/?s={search_term_string}\"},\"query-input\":{\"@type\":\"PropertyValueSpecification\",\"valueRequired\":true,\"valueName\":\"search_term_string\"}}],\"inLanguage\":\"fr-FR\"},{\"@type\":\"Organization\",\"@id\":\"https:\/\/www.brazilcarestore.com\/fr\/#organization\",\"name\":\"Brazil Care Store\",\"url\":\"https:\/\/www.brazilcarestore.com\/fr\/\",\"logo\":{\"@type\":\"ImageObject\",\"inLanguage\":\"fr-FR\",\"@id\":\"https:\/\/www.brazilcarestore.com\/fr\/#\/schema\/logo\/image\/\",\"url\":\"https:\/\/i0.wp.com\/www.brazilcarestore.com\/wp-content\/uploads\/2024\/02\/Brazil-Care-Store.png?fit=350%2C369&ssl=1\",\"contentUrl\":\"https:\/\/i0.wp.com\/www.brazilcarestore.com\/wp-content\/uploads\/2024\/02\/Brazil-Care-Store.png?fit=350%2C369&ssl=1\",\"width\":350,\"height\":369,\"caption\":\"Brazil Care Store\"},\"image\":{\"@id\":\"https:\/\/www.brazilcarestore.com\/fr\/#\/schema\/logo\/image\/\"},\"sameAs\":[\"https:\/\/www.facebook.com\/brazilcarestore\",\"https:\/\/www.instagram.com\/brazilcarestore\",\"https:\/\/www.tiktok.com\/@brazilcarestore\"]}]}<\/script>\n<!-- \/ Yoast SEO plugin. -->","yoast_head_json":{"title":"Little Fox Semi-Permant Hair Color Toner 150ml - Brazil Care Store","description":"Colorant capillaire semi-permanent Little Fox (Copped Red), 5 OZ \/ KC COLOR","robots":{"index":"index","follow":"follow","max-snippet":"max-snippet:-1","max-image-preview":"max-image-preview:large","max-video-preview":"max-video-preview:-1"},"canonical":"https:\/\/www.brazilcarestore.com\/fr\/product\/kamaleao-color-fr\/little-fox-semi-permant-hair-color-toner-150ml\/","og_locale":"fr_FR","og_type":"article","og_title":"Little Fox Semi-Permant Hair Color Toner 150ml - Brazil Care Store","og_description":"Colorant capillaire semi-permanent Little Fox (Copped Red), 5 OZ \/ KC COLOR","og_url":"https:\/\/www.brazilcarestore.com\/fr\/product\/kamaleao-color-fr\/little-fox-semi-permant-hair-color-toner-150ml\/","og_site_name":"Brazil Care Store","article_publisher":"https:\/\/www.facebook.com\/brazilcarestore","og_image":[{"width":466,"height":466,"url":"https:\/\/i0.wp.com\/www.brazilcarestore.com\/wp-content\/uploads\/2024\/07\/Little-Fox-Semi-Permant-Hair-Color-Toner-150ml.jpg?fit=466%2C466&ssl=1","type":"image\/jpeg"}],"twitter_card":"summary_large_image","twitter_misc":{"Dur\u00e9e de lecture estim\u00e9e":"2 minutes"},"schema":{"@context":"https:\/\/schema.org","@graph":[{"@type":"WebPage","@id":"https:\/\/www.brazilcarestore.com\/fr\/product\/kamaleao-color-fr\/little-fox-semi-permant-hair-color-toner-150ml\/","url":"https:\/\/www.brazilcarestore.com\/fr\/product\/kamaleao-color-fr\/little-fox-semi-permant-hair-color-toner-150ml\/","name":"Little Fox Semi-Permant Hair Color Toner 150ml - Brazil Care Store","isPartOf":{"@id":"https:\/\/www.brazilcarestore.com\/fr\/#website"},"primaryImageOfPage":{"@id":"https:\/\/www.brazilcarestore.com\/fr\/product\/kamaleao-color-fr\/little-fox-semi-permant-hair-color-toner-150ml\/#primaryimage"},"image":{"@id":"https:\/\/www.brazilcarestore.com\/fr\/product\/kamaleao-color-fr\/little-fox-semi-permant-hair-color-toner-150ml\/#primaryimage"},"thumbnailUrl":"https:\/\/i0.wp.com\/www.brazilcarestore.com\/wp-content\/uploads\/2024\/07\/Little-Fox-Semi-Permant-Hair-Color-Toner-150ml.jpg?fit=466%2C466&ssl=1","datePublished":"2024-07-07T15:02:14+00:00","description":"Colorant capillaire semi-permanent Little Fox (Copped Red), 5 OZ \/ KC COLOR","breadcrumb":{"@id":"https:\/\/www.brazilcarestore.com\/fr\/product\/kamaleao-color-fr\/little-fox-semi-permant-hair-color-toner-150ml\/#breadcrumb"},"inLanguage":"fr-FR","potentialAction":[{"@type":"ReadAction","target":["https:\/\/www.brazilcarestore.com\/fr\/product\/kamaleao-color-fr\/little-fox-semi-permant-hair-color-toner-150ml\/"]}]},{"@type":"ImageObject","inLanguage":"fr-FR","@id":"https:\/\/www.brazilcarestore.com\/fr\/product\/kamaleao-color-fr\/little-fox-semi-permant-hair-color-toner-150ml\/#primaryimage","url":"https:\/\/i0.wp.com\/www.brazilcarestore.com\/wp-content\/uploads\/2024\/07\/Little-Fox-Semi-Permant-Hair-Color-Toner-150ml.jpg?fit=466%2C466&ssl=1","contentUrl":"https:\/\/i0.wp.com\/www.brazilcarestore.com\/wp-content\/uploads\/2024\/07\/Little-Fox-Semi-Permant-Hair-Color-Toner-150ml.jpg?fit=466%2C466&ssl=1","width":466,"height":466,"caption":"Version 1.0.0"},{"@type":"BreadcrumbList","@id":"https:\/\/www.brazilcarestore.com\/fr\/product\/kamaleao-color-fr\/little-fox-semi-permant-hair-color-toner-150ml\/#breadcrumb","itemListElement":[{"@type":"ListItem","position":1,"name":"Home","item":"https:\/\/www.brazilcarestore.com\/fr\/"},{"@type":"ListItem","position":2,"name":"Boutique","item":"https:\/\/www.brazilcarestore.com\/fr\/boutique\/"},{"@type":"ListItem","position":3,"name":"Little Fox Semi-Permant Hair Color Toner 150ml"}]},{"@type":"WebSite","@id":"https:\/\/www.brazilcarestore.com\/fr\/#website","url":"https:\/\/www.brazilcarestore.com\/fr\/","name":"Brazil Care Store","description":"The way to Beauty","publisher":{"@id":"https:\/\/www.brazilcarestore.com\/fr\/#organization"},"potentialAction":[{"@type":"SearchAction","target":{"@type":"EntryPoint","urlTemplate":"https:\/\/www.brazilcarestore.com\/fr\/?s={search_term_string}"},"query-input":{"@type":"PropertyValueSpecification","valueRequired":true,"valueName":"search_term_string"}}],"inLanguage":"fr-FR"},{"@type":"Organization","@id":"https:\/\/www.brazilcarestore.com\/fr\/#organization","name":"Brazil Care Store","url":"https:\/\/www.brazilcarestore.com\/fr\/","logo":{"@type":"ImageObject","inLanguage":"fr-FR","@id":"https:\/\/www.brazilcarestore.com\/fr\/#\/schema\/logo\/image\/","url":"https:\/\/i0.wp.com\/www.brazilcarestore.com\/wp-content\/uploads\/2024\/02\/Brazil-Care-Store.png?fit=350%2C369&ssl=1","contentUrl":"https:\/\/i0.wp.com\/www.brazilcarestore.com\/wp-content\/uploads\/2024\/02\/Brazil-Care-Store.png?fit=350%2C369&ssl=1","width":350,"height":369,"caption":"Brazil Care Store"},"image":{"@id":"https:\/\/www.brazilcarestore.com\/fr\/#\/schema\/logo\/image\/"},"sameAs":["https:\/\/www.facebook.com\/brazilcarestore","https:\/\/www.instagram.com\/brazilcarestore","https:\/\/www.tiktok.com\/@brazilcarestore"]}]}},"_links":{"self":[{"href":"https:\/\/www.brazilcarestore.com\/fr\/wp-json\/wp\/v2\/product\/2258","targetHints":{"allow":["GET"]}}],"collection":[{"href":"https:\/\/www.brazilcarestore.com\/fr\/wp-json\/wp\/v2\/product"}],"about":[{"href":"https:\/\/www.brazilcarestore.com\/fr\/wp-json\/wp\/v2\/types\/product"}],"wp:featuredmedia":[{"embeddable":true,"href":"https:\/\/www.brazilcarestore.com\/fr\/wp-json\/wp\/v2\/media\/2041"}],"wp:attachment":[{"href":"https:\/\/www.brazilcarestore.com\/fr\/wp-json\/wp\/v2\/media?parent=2258"}],"wp:term":[{"taxonomy":"product_brand","embeddable":true,"href":"https:\/\/www.brazilcarestore.com\/fr\/wp-json\/wp\/v2\/product_brand?post=2258"},{"taxonomy":"product_cat","embeddable":true,"href":"https:\/\/www.brazilcarestore.com\/fr\/wp-json\/wp\/v2\/product_cat?post=2258"},{"taxonomy":"product_tag","embeddable":true,"href":"https:\/\/www.brazilcarestore.com\/fr\/wp-json\/wp\/v2\/product_tag?post=2258"}],"curies":[{"name":"wp","href":"https:\/\/api.w.org\/{rel}","templated":true}]}}