{"id":2735,"date":"2025-04-01T11:12:27","date_gmt":"2025-04-01T14:12:27","guid":{"rendered":"https:\/\/www.brazilcarestore.com\/product\/sin categor\u00eda\/brscience-amazon-forest-alisado-capilar-progresivo-organico-1l\/"},"modified":"2025-04-01T11:12:27","modified_gmt":"2025-04-01T14:12:27","slug":"brscience-amazon-forest-alisado-capilar-progresivo-organico-1l","status":"publish","type":"product","link":"https:\/\/www.brazilcarestore.com\/es\/product\/brscience-es\/tratamiento\/brscience-amazon-forest-alisado-capilar-progresivo-organico-1l\/","title":{"rendered":"BRScience Amazon Forest &#8211; Alisado Capilar Progresivo Org\u00e1nico 1L"},"content":{"rendered":"<p class=\"\" data-start=\"93\" data-end=\"595\">El <strong data-start=\"97\" data-end=\"143\">Sellador Capilar T\u00e9rmico Org\u00e1nico de la Selva Amaz\u00f3nica<\/strong> es un tratamiento reconstructor intensivo que proporciona una reducci\u00f3n m\u00e1xima del volumen y una alineaci\u00f3n completa del cabello. Formulado con aceites esenciales de la Amazonia, como aceite de nuez de Brasil, burit\u00ed y pracaxi, su acci\u00f3n deja el cabello sedoso al tacto, con brillo, suavidad y movimiento. El tratamiento reestructura la fibra capilar desde adentro hacia afuera, utilizando el calor del cepillo y la plancha para asegurar un cabello m\u00e1s suave, fuerte y saludable.  <\/p>\n<p class=\"\" data-start=\"597\" data-end=\"875\">Adem\u00e1s de reducir el volumen y alinear las fibras capilares, el Sellado T\u00e9rmico Org\u00e1nico fortalece la fibra capilar, devolviendo la vitalidad al cabello da\u00f1ado sin causar da\u00f1o ni molestias. No irrita los ojos y tiene una fragancia sutil, lo que hace que el proceso sea m\u00e1s c\u00f3modo. <\/p>\n<p class=\"\" data-start=\"877\" data-end=\"888\"><strong data-start=\"877\" data-end=\"888\">Acci\u00f3n:<\/strong><\/p>\n<ul data-start=\"890\" data-end=\"1412\">\n<li class=\"\" data-start=\"890\" data-end=\"983\">\n<p class=\"\" data-start=\"892\" data-end=\"983\"><strong data-start=\"892\" data-end=\"912\">Reducci\u00f3n de volumen<\/strong>: Proporciona una reducci\u00f3n m\u00e1xima del volumen, dejando el cabello alineado y m\u00e1s suave.<\/p>\n<\/li>\n<li class=\"\" data-start=\"984\" data-end=\"1099\">\n<p class=\"\" data-start=\"986\" data-end=\"1099\"><strong data-start=\"986\" data-end=\"1015\">Reconstrucci\u00f3n de la Fibra Capilar<\/strong>: Reestructura la fibra capilar, fortaleciendo las hebras da\u00f1adas y devolvi\u00e9ndole la vitalidad.<\/p>\n<\/li>\n<li class=\"\" data-start=\"1100\" data-end=\"1209\">\n<p class=\"\" data-start=\"1102\" data-end=\"1209\"><strong data-start=\"1102\" data-end=\"1122\">Nutrici\u00f3n profunda<\/strong>: Enriquecido con aceites amaz\u00f3nicos y manteca de karit\u00e9, nutre e hidrata profundamente el cabello.<\/p>\n<\/li>\n<li class=\"\" data-start=\"1210\" data-end=\"1307\">\n<p class=\"\" data-start=\"1212\" data-end=\"1307\"><strong data-start=\"1212\" data-end=\"1234\">Suavidad y Brillo<\/strong>: Deja el cabello suave, sedoso y brillante, manteniendo el movimiento natural.<\/p>\n<\/li>\n<li class=\"\" data-start=\"1308\" data-end=\"1412\">\n<p class=\"\" data-start=\"1310\" data-end=\"1412\"><strong data-start=\"1310\" data-end=\"1328\">F\u00f3rmula suave<\/strong>: No irrita los ojos y tiene una fragancia suave, proporcionando comodidad durante su uso.<\/p>\n<\/li>\n<\/ul>\n<p class=\"\" data-start=\"1414\" data-end=\"1429\"><strong data-start=\"1414\" data-end=\"1429\">Modo de empleo:<\/strong><\/p>\n<p class=\"\" data-start=\"1431\" data-end=\"1765\">Sobre el cabello seco o h\u00famedo, aplique el producto Sellador T\u00e9rmico Org\u00e1nico mech\u00f3n a mech\u00f3n, asegur\u00e1ndose de distribuirlo uniformemente. D\u00e9jelo actuar de 15 a 30 minutos. Transcurrido este tiempo, enjuague con agua corriente y seque el cabello con un cepillo y un secador. Para finalizar, utilice una plancha para sellar los mechones y lograr el efecto deseado.   <\/p>\n<p class=\"\" data-start=\"1767\" data-end=\"1780\"><strong data-start=\"1767\" data-end=\"1780\">Beneficios:<\/strong><\/p>\n<ul data-start=\"1782\" data-end=\"1991\">\n<li class=\"\" data-start=\"1782\" data-end=\"1814\">\n<p class=\"\" data-start=\"1784\" data-end=\"1814\">Reduce el volumen y alinea el cabello.<\/p>\n<\/li>\n<li class=\"\" data-start=\"1815\" data-end=\"1856\">\n<p class=\"\" data-start=\"1817\" data-end=\"1856\">Reconstruye y fortalece la fibra capilar.<\/p>\n<\/li>\n<li class=\"\" data-start=\"1857\" data-end=\"1893\">\n<p class=\"\" data-start=\"1859\" data-end=\"1893\">Hidrataci\u00f3n intensa con aceites amaz\u00f3nicos<\/p>\n<\/li>\n<li class=\"\" data-start=\"1894\" data-end=\"1942\">\n<p class=\"\" data-start=\"1896\" data-end=\"1942\">Proporciona suavidad, brillo y movimiento natural.<\/p>\n<\/li>\n<li class=\"\" data-start=\"1943\" data-end=\"1991\">\n<p class=\"\" data-start=\"1945\" data-end=\"1991\">F\u00f3rmula suave que no irrita los ojos.<\/p>\n<\/li>\n<\/ul>\n","protected":false},"excerpt":{"rendered":"<p>El <strong data-start=\"97\" data-end=\"143\">Sellador Capilar T\u00e9rmico Org\u00e1nico de la Selva Amaz\u00f3nica<\/strong> es un tratamiento reconstructor intensivo que proporciona una reducci\u00f3n m\u00e1xima del volumen y una alineaci\u00f3n completa del cabello. Formulado con aceites esenciales de la Amazonia, como aceite de nuez de Brasil, burit\u00ed y pracaxi, su acci\u00f3n deja el cabello sedoso al tacto, con brillo, suavidad y movimiento. El tratamiento reestructura la fibra capilar desde adentro hacia afuera, utilizando el calor del cepillo y la plancha para asegurar un cabello m\u00e1s suave, fuerte y saludable.  <\/p>\n","protected":false},"featured_media":2545,"template":"","meta":[],"product_brand":[208],"product_cat":[144,233,145],"product_tag":[146],"class_list":{"0":"post-2735","1":"product","2":"type-product","3":"status-publish","4":"has-post-thumbnail","6":"product_brand-brscience","7":"product_cat-brscience-es","8":"product_cat-los-mejores-cosmeticos-brasilenos-2025-abril","9":"product_cat-tratamiento","10":"product_tag-tratamiento-capilar","11":"product_shipping_class-1l-es","13":"first","14":"instock","15":"sale","16":"shipping-taxable","17":"purchasable","18":"product-type-simple"},"yoast_head":"<!-- This site is optimized with the Yoast SEO plugin v27.1.1 - https:\/\/yoast.com\/product\/yoast-seo-wordpress\/ -->\n<title>BRScience Amazon Forest - Alisado Capilar Progresivo Org\u00e1nico 1L - Brazil Care Store<\/title>\n<meta name=\"robots\" content=\"index, follow, max-snippet:-1, max-image-preview:large, max-video-preview:-1\" \/>\n<link rel=\"canonical\" href=\"https:\/\/www.brazilcarestore.com\/es\/product\/brscience-es\/tratamiento\/brscience-amazon-forest-alisado-capilar-progresivo-organico-1l\/\" \/>\n<meta property=\"og:locale\" content=\"es_ES\" \/>\n<meta property=\"og:type\" content=\"article\" \/>\n<meta property=\"og:title\" content=\"BRScience Amazon Forest - Alisado Capilar Progresivo Org\u00e1nico 1L - Brazil Care Store\" \/>\n<meta property=\"og:description\" content=\"El Sellador Capilar T\u00e9rmico Org\u00e1nico de la Selva Amaz\u00f3nica es un tratamiento reconstructor intensivo que proporciona una reducci\u00f3n m\u00e1xima del volumen y una alineaci\u00f3n completa del cabello. Formulado con aceites esenciales de la Amazonia, como aceite de nuez de Brasil, burit\u00ed y pracaxi, su acci\u00f3n deja el cabello sedoso al tacto, con brillo, suavidad y movimiento. El tratamiento reestructura la fibra capilar desde adentro hacia afuera, utilizando el calor del cepillo y la plancha para asegurar un cabello m\u00e1s suave, fuerte y saludable.\" \/>\n<meta property=\"og:url\" content=\"https:\/\/www.brazilcarestore.com\/es\/product\/brscience-es\/tratamiento\/brscience-amazon-forest-alisado-capilar-progresivo-organico-1l\/\" \/>\n<meta property=\"og:site_name\" content=\"Brazil Care Store\" \/>\n<meta property=\"article:publisher\" content=\"https:\/\/www.facebook.com\/brazilcarestore\" \/>\n<meta name=\"twitter:card\" content=\"summary_large_image\" \/>\n<meta name=\"twitter:label1\" content=\"Tiempo de lectura\" \/>\n\t<meta name=\"twitter:data1\" content=\"2 minutos\" \/>\n<script type=\"application\/ld+json\" class=\"yoast-schema-graph\">{\"@context\":\"https:\/\/schema.org\",\"@graph\":[{\"@type\":\"WebPage\",\"@id\":\"https:\/\/www.brazilcarestore.com\/es\/product\/brscience-es\/tratamiento\/brscience-amazon-forest-alisado-capilar-progresivo-organico-1l\/\",\"url\":\"https:\/\/www.brazilcarestore.com\/es\/product\/brscience-es\/tratamiento\/brscience-amazon-forest-alisado-capilar-progresivo-organico-1l\/\",\"name\":\"BRScience Amazon Forest - Alisado Capilar Progresivo Org\u00e1nico 1L - Brazil Care Store\",\"isPartOf\":{\"@id\":\"https:\/\/www.brazilcarestore.com\/es\/#website\"},\"primaryImageOfPage\":{\"@id\":\"https:\/\/www.brazilcarestore.com\/es\/product\/brscience-es\/tratamiento\/brscience-amazon-forest-alisado-capilar-progresivo-organico-1l\/#primaryimage\"},\"image\":{\"@id\":\"https:\/\/www.brazilcarestore.com\/es\/product\/brscience-es\/tratamiento\/brscience-amazon-forest-alisado-capilar-progresivo-organico-1l\/#primaryimage\"},\"thumbnailUrl\":\"https:\/\/i0.wp.com\/www.brazilcarestore.com\/wp-content\/uploads\/2025\/04\/AmazonForest_selagemtermicaorganica1l_01_700x.jpg?fit=700%2C700&ssl=1\",\"datePublished\":\"2025-04-01T14:12:27+00:00\",\"breadcrumb\":{\"@id\":\"https:\/\/www.brazilcarestore.com\/es\/product\/brscience-es\/tratamiento\/brscience-amazon-forest-alisado-capilar-progresivo-organico-1l\/#breadcrumb\"},\"inLanguage\":\"es\",\"potentialAction\":[{\"@type\":\"ReadAction\",\"target\":[\"https:\/\/www.brazilcarestore.com\/es\/product\/brscience-es\/tratamiento\/brscience-amazon-forest-alisado-capilar-progresivo-organico-1l\/\"]}]},{\"@type\":\"ImageObject\",\"inLanguage\":\"es\",\"@id\":\"https:\/\/www.brazilcarestore.com\/es\/product\/brscience-es\/tratamiento\/brscience-amazon-forest-alisado-capilar-progresivo-organico-1l\/#primaryimage\",\"url\":\"https:\/\/i0.wp.com\/www.brazilcarestore.com\/wp-content\/uploads\/2025\/04\/AmazonForest_selagemtermicaorganica1l_01_700x.jpg?fit=700%2C700&ssl=1\",\"contentUrl\":\"https:\/\/i0.wp.com\/www.brazilcarestore.com\/wp-content\/uploads\/2025\/04\/AmazonForest_selagemtermicaorganica1l_01_700x.jpg?fit=700%2C700&ssl=1\",\"width\":700,\"height\":700,\"caption\":\"BRScience Amazon Forest - Alisado Capilar Progresivo Org\u00e1nico 1L\"},{\"@type\":\"BreadcrumbList\",\"@id\":\"https:\/\/www.brazilcarestore.com\/es\/product\/brscience-es\/tratamiento\/brscience-amazon-forest-alisado-capilar-progresivo-organico-1l\/#breadcrumb\",\"itemListElement\":[{\"@type\":\"ListItem\",\"position\":1,\"name\":\"Home\",\"item\":\"https:\/\/www.brazilcarestore.com\/es\/\"},{\"@type\":\"ListItem\",\"position\":2,\"name\":\"Tienda\",\"item\":\"https:\/\/www.brazilcarestore.com\/es\/tienda\/\"},{\"@type\":\"ListItem\",\"position\":3,\"name\":\"BRScience Amazon Forest &#8211; Alisado Capilar Progresivo Org\u00e1nico 1L\"}]},{\"@type\":\"WebSite\",\"@id\":\"https:\/\/www.brazilcarestore.com\/es\/#website\",\"url\":\"https:\/\/www.brazilcarestore.com\/es\/\",\"name\":\"Brazil Care Store\",\"description\":\"The way to Beauty\",\"publisher\":{\"@id\":\"https:\/\/www.brazilcarestore.com\/es\/#organization\"},\"potentialAction\":[{\"@type\":\"SearchAction\",\"target\":{\"@type\":\"EntryPoint\",\"urlTemplate\":\"https:\/\/www.brazilcarestore.com\/es\/?s={search_term_string}\"},\"query-input\":{\"@type\":\"PropertyValueSpecification\",\"valueRequired\":true,\"valueName\":\"search_term_string\"}}],\"inLanguage\":\"es\"},{\"@type\":\"Organization\",\"@id\":\"https:\/\/www.brazilcarestore.com\/es\/#organization\",\"name\":\"Brazil Care Store\",\"url\":\"https:\/\/www.brazilcarestore.com\/es\/\",\"logo\":{\"@type\":\"ImageObject\",\"inLanguage\":\"es\",\"@id\":\"https:\/\/www.brazilcarestore.com\/es\/#\/schema\/logo\/image\/\",\"url\":\"https:\/\/i0.wp.com\/www.brazilcarestore.com\/wp-content\/uploads\/2024\/02\/Brazil-Care-Store.png?fit=350%2C369&ssl=1\",\"contentUrl\":\"https:\/\/i0.wp.com\/www.brazilcarestore.com\/wp-content\/uploads\/2024\/02\/Brazil-Care-Store.png?fit=350%2C369&ssl=1\",\"width\":350,\"height\":369,\"caption\":\"Brazil Care Store\"},\"image\":{\"@id\":\"https:\/\/www.brazilcarestore.com\/es\/#\/schema\/logo\/image\/\"},\"sameAs\":[\"https:\/\/www.facebook.com\/brazilcarestore\",\"https:\/\/www.instagram.com\/brazilcarestore\",\"https:\/\/www.tiktok.com\/@brazilcarestore\"]}]}<\/script>\n<!-- \/ Yoast SEO plugin. -->","yoast_head_json":{"title":"BRScience Amazon Forest - Alisado Capilar Progresivo Org\u00e1nico 1L - Brazil Care Store","robots":{"index":"index","follow":"follow","max-snippet":"max-snippet:-1","max-image-preview":"max-image-preview:large","max-video-preview":"max-video-preview:-1"},"canonical":"https:\/\/www.brazilcarestore.com\/es\/product\/brscience-es\/tratamiento\/brscience-amazon-forest-alisado-capilar-progresivo-organico-1l\/","og_locale":"es_ES","og_type":"article","og_title":"BRScience Amazon Forest - Alisado Capilar Progresivo Org\u00e1nico 1L - Brazil Care Store","og_description":"El Sellador Capilar T\u00e9rmico Org\u00e1nico de la Selva Amaz\u00f3nica es un tratamiento reconstructor intensivo que proporciona una reducci\u00f3n m\u00e1xima del volumen y una alineaci\u00f3n completa del cabello. Formulado con aceites esenciales de la Amazonia, como aceite de nuez de Brasil, burit\u00ed y pracaxi, su acci\u00f3n deja el cabello sedoso al tacto, con brillo, suavidad y movimiento. El tratamiento reestructura la fibra capilar desde adentro hacia afuera, utilizando el calor del cepillo y la plancha para asegurar un cabello m\u00e1s suave, fuerte y saludable.","og_url":"https:\/\/www.brazilcarestore.com\/es\/product\/brscience-es\/tratamiento\/brscience-amazon-forest-alisado-capilar-progresivo-organico-1l\/","og_site_name":"Brazil Care Store","article_publisher":"https:\/\/www.facebook.com\/brazilcarestore","twitter_card":"summary_large_image","twitter_misc":{"Tiempo de lectura":"2 minutos"},"schema":{"@context":"https:\/\/schema.org","@graph":[{"@type":"WebPage","@id":"https:\/\/www.brazilcarestore.com\/es\/product\/brscience-es\/tratamiento\/brscience-amazon-forest-alisado-capilar-progresivo-organico-1l\/","url":"https:\/\/www.brazilcarestore.com\/es\/product\/brscience-es\/tratamiento\/brscience-amazon-forest-alisado-capilar-progresivo-organico-1l\/","name":"BRScience Amazon Forest - Alisado Capilar Progresivo Org\u00e1nico 1L - Brazil Care Store","isPartOf":{"@id":"https:\/\/www.brazilcarestore.com\/es\/#website"},"primaryImageOfPage":{"@id":"https:\/\/www.brazilcarestore.com\/es\/product\/brscience-es\/tratamiento\/brscience-amazon-forest-alisado-capilar-progresivo-organico-1l\/#primaryimage"},"image":{"@id":"https:\/\/www.brazilcarestore.com\/es\/product\/brscience-es\/tratamiento\/brscience-amazon-forest-alisado-capilar-progresivo-organico-1l\/#primaryimage"},"thumbnailUrl":"https:\/\/i0.wp.com\/www.brazilcarestore.com\/wp-content\/uploads\/2025\/04\/AmazonForest_selagemtermicaorganica1l_01_700x.jpg?fit=700%2C700&ssl=1","datePublished":"2025-04-01T14:12:27+00:00","breadcrumb":{"@id":"https:\/\/www.brazilcarestore.com\/es\/product\/brscience-es\/tratamiento\/brscience-amazon-forest-alisado-capilar-progresivo-organico-1l\/#breadcrumb"},"inLanguage":"es","potentialAction":[{"@type":"ReadAction","target":["https:\/\/www.brazilcarestore.com\/es\/product\/brscience-es\/tratamiento\/brscience-amazon-forest-alisado-capilar-progresivo-organico-1l\/"]}]},{"@type":"ImageObject","inLanguage":"es","@id":"https:\/\/www.brazilcarestore.com\/es\/product\/brscience-es\/tratamiento\/brscience-amazon-forest-alisado-capilar-progresivo-organico-1l\/#primaryimage","url":"https:\/\/i0.wp.com\/www.brazilcarestore.com\/wp-content\/uploads\/2025\/04\/AmazonForest_selagemtermicaorganica1l_01_700x.jpg?fit=700%2C700&ssl=1","contentUrl":"https:\/\/i0.wp.com\/www.brazilcarestore.com\/wp-content\/uploads\/2025\/04\/AmazonForest_selagemtermicaorganica1l_01_700x.jpg?fit=700%2C700&ssl=1","width":700,"height":700,"caption":"BRScience Amazon Forest - Alisado Capilar Progresivo Org\u00e1nico 1L"},{"@type":"BreadcrumbList","@id":"https:\/\/www.brazilcarestore.com\/es\/product\/brscience-es\/tratamiento\/brscience-amazon-forest-alisado-capilar-progresivo-organico-1l\/#breadcrumb","itemListElement":[{"@type":"ListItem","position":1,"name":"Home","item":"https:\/\/www.brazilcarestore.com\/es\/"},{"@type":"ListItem","position":2,"name":"Tienda","item":"https:\/\/www.brazilcarestore.com\/es\/tienda\/"},{"@type":"ListItem","position":3,"name":"BRScience Amazon Forest &#8211; Alisado Capilar Progresivo Org\u00e1nico 1L"}]},{"@type":"WebSite","@id":"https:\/\/www.brazilcarestore.com\/es\/#website","url":"https:\/\/www.brazilcarestore.com\/es\/","name":"Brazil Care Store","description":"The way to Beauty","publisher":{"@id":"https:\/\/www.brazilcarestore.com\/es\/#organization"},"potentialAction":[{"@type":"SearchAction","target":{"@type":"EntryPoint","urlTemplate":"https:\/\/www.brazilcarestore.com\/es\/?s={search_term_string}"},"query-input":{"@type":"PropertyValueSpecification","valueRequired":true,"valueName":"search_term_string"}}],"inLanguage":"es"},{"@type":"Organization","@id":"https:\/\/www.brazilcarestore.com\/es\/#organization","name":"Brazil Care Store","url":"https:\/\/www.brazilcarestore.com\/es\/","logo":{"@type":"ImageObject","inLanguage":"es","@id":"https:\/\/www.brazilcarestore.com\/es\/#\/schema\/logo\/image\/","url":"https:\/\/i0.wp.com\/www.brazilcarestore.com\/wp-content\/uploads\/2024\/02\/Brazil-Care-Store.png?fit=350%2C369&ssl=1","contentUrl":"https:\/\/i0.wp.com\/www.brazilcarestore.com\/wp-content\/uploads\/2024\/02\/Brazil-Care-Store.png?fit=350%2C369&ssl=1","width":350,"height":369,"caption":"Brazil Care Store"},"image":{"@id":"https:\/\/www.brazilcarestore.com\/es\/#\/schema\/logo\/image\/"},"sameAs":["https:\/\/www.facebook.com\/brazilcarestore","https:\/\/www.instagram.com\/brazilcarestore","https:\/\/www.tiktok.com\/@brazilcarestore"]}]}},"_links":{"self":[{"href":"https:\/\/www.brazilcarestore.com\/es\/wp-json\/wp\/v2\/product\/2735","targetHints":{"allow":["GET"]}}],"collection":[{"href":"https:\/\/www.brazilcarestore.com\/es\/wp-json\/wp\/v2\/product"}],"about":[{"href":"https:\/\/www.brazilcarestore.com\/es\/wp-json\/wp\/v2\/types\/product"}],"wp:featuredmedia":[{"embeddable":true,"href":"https:\/\/www.brazilcarestore.com\/es\/wp-json\/wp\/v2\/media\/2545"}],"wp:attachment":[{"href":"https:\/\/www.brazilcarestore.com\/es\/wp-json\/wp\/v2\/media?parent=2735"}],"wp:term":[{"taxonomy":"product_brand","embeddable":true,"href":"https:\/\/www.brazilcarestore.com\/es\/wp-json\/wp\/v2\/product_brand?post=2735"},{"taxonomy":"product_cat","embeddable":true,"href":"https:\/\/www.brazilcarestore.com\/es\/wp-json\/wp\/v2\/product_cat?post=2735"},{"taxonomy":"product_tag","embeddable":true,"href":"https:\/\/www.brazilcarestore.com\/es\/wp-json\/wp\/v2\/product_tag?post=2735"}],"curies":[{"name":"wp","href":"https:\/\/api.w.org\/{rel}","templated":true}]}}