{"id":2733,"date":"2025-04-01T11:19:48","date_gmt":"2025-04-01T14:19:48","guid":{"rendered":"https:\/\/www.brazilcarestore.com\/product\/sin categor\u00eda\/brscience-amazon-forest-btx-reconstructor-antifrizz-con-aceites-esenciales-de-la-amazonia-1-kg\/"},"modified":"2025-04-01T11:19:48","modified_gmt":"2025-04-01T14:19:48","slug":"brscience-amazon-forest-btx-reconstructor-antifrizz-con-aceites-esenciales-de-la-amazonia-1-kg","status":"publish","type":"product","link":"https:\/\/www.brazilcarestore.com\/es\/product\/brscience-es\/tratamiento\/brscience-amazon-forest-btx-reconstructor-antifrizz-con-aceites-esenciales-de-la-amazonia-1-kg\/","title":{"rendered":"BRScience Amazon Forest &#8211; BTX Reconstructor Antifrizz con Aceites Esenciales de la Amazon\u00eda 1 kg"},"content":{"rendered":"<p class=\"\" data-start=\"123\" data-end=\"582\">El <strong data-start=\"127\" data-end=\"148\">BTX Selva Amaz\u00f3nica<\/strong> es un potente reconstructor capilar con acci\u00f3n antifrizz y efecto nutritivo-sellante, ideal para cabello que necesita una reconstrucci\u00f3n intensa y control de volumen. Su f\u00f3rmula exclusiva, enriquecida con aceites amaz\u00f3nicos como el de nuez de Brasil, burit\u00ed y pracaxi, act\u00faa directamente sobre la estructura capilar, reponiendo la masa perdida y reconstruyendo las fibras capilares desde adentro hacia afuera, dej\u00e1ndolas m\u00e1s fuertes, m\u00e1s tersas y con un brillo intenso. <\/p>\n<p class=\"\" data-start=\"584\" data-end=\"812\">El BTX repara profundamente el cabello da\u00f1ado, promoviendo un efecto de alisado natural y nutrido sin irritar el cuero cabelludo. Adem\u00e1s, su f\u00f3rmula suave no produce humo, lo que proporciona una aplicaci\u00f3n c\u00f3moda y segura. <\/p>\n<p class=\"\" data-start=\"814\" data-end=\"825\"><strong data-start=\"814\" data-end=\"825\">Acci\u00f3n:<\/strong><\/p>\n<ul data-start=\"827\" data-end=\"1337\">\n<li class=\"\" data-start=\"827\" data-end=\"956\">\n<p class=\"\" data-start=\"829\" data-end=\"956\"><strong data-start=\"829\" data-end=\"852\">Reconstrucci\u00f3n Profunda<\/strong>: Repara la estructura interna de las hebras, reponiendo la masa capilar perdida y fortaleciendo el cabello.<\/p>\n<\/li>\n<li class=\"\" data-start=\"957\" data-end=\"1067\">\n<p class=\"\" data-start=\"959\" data-end=\"1067\"><strong data-start=\"959\" data-end=\"992\">Anti-frizz y Alineaci\u00f3n del Cabello<\/strong>: Controla el frizz y proporciona un efecto de alisado natural y duradero.<\/p>\n<\/li>\n<li class=\"\" data-start=\"1068\" data-end=\"1197\">\n<p class=\"\" data-start=\"1070\" data-end=\"1197\"><strong data-start=\"1070\" data-end=\"1102\">Nutrici\u00f3n con aceites amaz\u00f3nicos<\/strong>: hidrata profundamente las hebras con aceites nutritivos como buriti, pracaxi y aceite de nuez de Brasil.<\/p>\n<\/li>\n<li class=\"\" data-start=\"1198\" data-end=\"1337\">\n<p class=\"\" data-start=\"1200\" data-end=\"1337\"><strong data-start=\"1200\" data-end=\"1218\">F\u00f3rmula suave<\/strong>: No causa irritaci\u00f3n, no produce humo y tiene una fragancia suave, proporcionando una experiencia de usuario c\u00f3moda.<\/p>\n<\/li>\n<\/ul>\n<p class=\"\" data-start=\"1339\" data-end=\"1354\"><strong data-start=\"1339\" data-end=\"1354\">Modo de empleo:<\/strong><\/p>\n<p class=\"\" data-start=\"1356\" data-end=\"1607\">Sobre el cabello seco o h\u00famedo, aplique el <strong data-start=\"1387\" data-end=\"1408\">BTX de la Selva Amaz\u00f3nica<\/strong> mech\u00f3n por mech\u00f3n, asegur\u00e1ndose de distribuirlo uniformemente. Deje actuar de 15 a 30 minutos. Transcurrido este tiempo, enjuague bien y seque el cabello con un cepillo y un secador. Termine como desee.   <\/p>\n<p class=\"\" data-start=\"1609\" data-end=\"1622\"><strong data-start=\"1609\" data-end=\"1622\">Beneficios:<\/strong><\/p>\n<ul data-start=\"1624\" data-end=\"1836\">\n<li class=\"\" data-start=\"1624\" data-end=\"1668\">\n<p class=\"\" data-start=\"1626\" data-end=\"1668\">Reconstrucci\u00f3n capilar y reposici\u00f3n de masa<\/p>\n<\/li>\n<li class=\"\" data-start=\"1669\" data-end=\"1703\">\n<p class=\"\" data-start=\"1671\" data-end=\"1703\">Control del frizz y alineaci\u00f3n del cabello<\/p>\n<\/li>\n<li class=\"\" data-start=\"1704\" data-end=\"1737\">\n<p class=\"\" data-start=\"1706\" data-end=\"1737\">Hidrataci\u00f3n profunda con aceites amaz\u00f3nicos<\/p>\n<\/li>\n<li class=\"\" data-start=\"1738\" data-end=\"1782\">\n<p class=\"\" data-start=\"1740\" data-end=\"1782\">No causa irritaci\u00f3n ni produce humo.<\/p>\n<\/li>\n<li class=\"\" data-start=\"1783\" data-end=\"1836\">\n<p class=\"\" data-start=\"1785\" data-end=\"1836\">Deja el cabello nutrido, suave y con brillo intenso.<\/p>\n<\/li>\n<\/ul>\n","protected":false},"excerpt":{"rendered":"<p>El <strong data-start=\"127\" data-end=\"148\">BTX Selva Amaz\u00f3nica<\/strong> es un potente reconstructor capilar con acci\u00f3n antifrizz y efecto nutritivo-sellante, ideal para cabello que necesita una reconstrucci\u00f3n intensa y control de volumen. Su f\u00f3rmula exclusiva, enriquecida con aceites amaz\u00f3nicos como el de nuez de Brasil, burit\u00ed y pracaxi, act\u00faa directamente sobre la estructura capilar, reponiendo la masa perdida y reconstruyendo las fibras capilares desde adentro hacia afuera, dej\u00e1ndolas m\u00e1s fuertes, m\u00e1s tersas y con un brillo intenso. <\/p>\n","protected":false},"featured_media":2552,"template":"","meta":[],"product_brand":[208],"product_cat":[144,233,145],"product_tag":[146],"class_list":{"0":"post-2733","1":"product","2":"type-product","3":"status-publish","4":"has-post-thumbnail","6":"product_brand-brscience","7":"product_cat-brscience-es","8":"product_cat-los-mejores-cosmeticos-brasilenos-2025-abril","9":"product_cat-tratamiento","10":"product_tag-tratamiento-capilar","11":"product_shipping_class-1l-es","13":"first","14":"instock","15":"shipping-taxable","16":"purchasable","17":"product-type-simple"},"yoast_head":"<!-- This site is optimized with the Yoast SEO plugin v27.1.1 - https:\/\/yoast.com\/product\/yoast-seo-wordpress\/ -->\n<title>BRScience Amazon Forest - BTX Reconstructor Antifrizz con Aceites Esenciales de la Amazon\u00eda 1 kg - Brazil Care Store<\/title>\n<meta name=\"robots\" content=\"index, follow, max-snippet:-1, max-image-preview:large, max-video-preview:-1\" \/>\n<link rel=\"canonical\" href=\"https:\/\/www.brazilcarestore.com\/es\/product\/brscience-es\/tratamiento\/brscience-amazon-forest-btx-reconstructor-antifrizz-con-aceites-esenciales-de-la-amazonia-1-kg\/\" \/>\n<meta property=\"og:locale\" content=\"es_ES\" \/>\n<meta property=\"og:type\" content=\"article\" \/>\n<meta property=\"og:title\" content=\"BRScience Amazon Forest - BTX Reconstructor Antifrizz con Aceites Esenciales de la Amazon\u00eda 1 kg - Brazil Care Store\" \/>\n<meta property=\"og:description\" content=\"El BTX Selva Amaz\u00f3nica es un potente reconstructor capilar con acci\u00f3n antifrizz y efecto nutritivo-sellante, ideal para cabello que necesita una reconstrucci\u00f3n intensa y control de volumen. Su f\u00f3rmula exclusiva, enriquecida con aceites amaz\u00f3nicos como el de nuez de Brasil, burit\u00ed y pracaxi, act\u00faa directamente sobre la estructura capilar, reponiendo la masa perdida y reconstruyendo las fibras capilares desde adentro hacia afuera, dej\u00e1ndolas m\u00e1s fuertes, m\u00e1s tersas y con un brillo intenso.\" \/>\n<meta property=\"og:url\" content=\"https:\/\/www.brazilcarestore.com\/es\/product\/brscience-es\/tratamiento\/brscience-amazon-forest-btx-reconstructor-antifrizz-con-aceites-esenciales-de-la-amazonia-1-kg\/\" \/>\n<meta property=\"og:site_name\" content=\"Brazil Care Store\" \/>\n<meta property=\"article:publisher\" content=\"https:\/\/www.facebook.com\/brazilcarestore\" \/>\n<meta name=\"twitter:card\" content=\"summary_large_image\" \/>\n<meta name=\"twitter:label1\" content=\"Tiempo de lectura\" \/>\n\t<meta name=\"twitter:data1\" content=\"1 minuto\" \/>\n<script type=\"application\/ld+json\" class=\"yoast-schema-graph\">{\"@context\":\"https:\/\/schema.org\",\"@graph\":[{\"@type\":\"WebPage\",\"@id\":\"https:\/\/www.brazilcarestore.com\/es\/product\/brscience-es\/tratamiento\/brscience-amazon-forest-btx-reconstructor-antifrizz-con-aceites-esenciales-de-la-amazonia-1-kg\/\",\"url\":\"https:\/\/www.brazilcarestore.com\/es\/product\/brscience-es\/tratamiento\/brscience-amazon-forest-btx-reconstructor-antifrizz-con-aceites-esenciales-de-la-amazonia-1-kg\/\",\"name\":\"BRScience Amazon Forest - BTX Reconstructor Antifrizz con Aceites Esenciales de la Amazon\u00eda 1 kg - Brazil Care Store\",\"isPartOf\":{\"@id\":\"https:\/\/www.brazilcarestore.com\/es\/#website\"},\"primaryImageOfPage\":{\"@id\":\"https:\/\/www.brazilcarestore.com\/es\/product\/brscience-es\/tratamiento\/brscience-amazon-forest-btx-reconstructor-antifrizz-con-aceites-esenciales-de-la-amazonia-1-kg\/#primaryimage\"},\"image\":{\"@id\":\"https:\/\/www.brazilcarestore.com\/es\/product\/brscience-es\/tratamiento\/brscience-amazon-forest-btx-reconstructor-antifrizz-con-aceites-esenciales-de-la-amazonia-1-kg\/#primaryimage\"},\"thumbnailUrl\":\"https:\/\/i0.wp.com\/www.brazilcarestore.com\/wp-content\/uploads\/2025\/04\/btx_organico_1kg_01_591f25a5-adc4-41d5-a983-b1a16a5806c8_700x.webp?fit=700%2C700&ssl=1\",\"datePublished\":\"2025-04-01T14:19:48+00:00\",\"breadcrumb\":{\"@id\":\"https:\/\/www.brazilcarestore.com\/es\/product\/brscience-es\/tratamiento\/brscience-amazon-forest-btx-reconstructor-antifrizz-con-aceites-esenciales-de-la-amazonia-1-kg\/#breadcrumb\"},\"inLanguage\":\"es\",\"potentialAction\":[{\"@type\":\"ReadAction\",\"target\":[\"https:\/\/www.brazilcarestore.com\/es\/product\/brscience-es\/tratamiento\/brscience-amazon-forest-btx-reconstructor-antifrizz-con-aceites-esenciales-de-la-amazonia-1-kg\/\"]}]},{\"@type\":\"ImageObject\",\"inLanguage\":\"es\",\"@id\":\"https:\/\/www.brazilcarestore.com\/es\/product\/brscience-es\/tratamiento\/brscience-amazon-forest-btx-reconstructor-antifrizz-con-aceites-esenciales-de-la-amazonia-1-kg\/#primaryimage\",\"url\":\"https:\/\/i0.wp.com\/www.brazilcarestore.com\/wp-content\/uploads\/2025\/04\/btx_organico_1kg_01_591f25a5-adc4-41d5-a983-b1a16a5806c8_700x.webp?fit=700%2C700&ssl=1\",\"contentUrl\":\"https:\/\/i0.wp.com\/www.brazilcarestore.com\/wp-content\/uploads\/2025\/04\/btx_organico_1kg_01_591f25a5-adc4-41d5-a983-b1a16a5806c8_700x.webp?fit=700%2C700&ssl=1\",\"width\":700,\"height\":700,\"caption\":\"BRScience Amazon Forest - BTX Reconstructor Antifrizz con Aceites Esenciales de la Amazon\u00eda 1 kg\"},{\"@type\":\"BreadcrumbList\",\"@id\":\"https:\/\/www.brazilcarestore.com\/es\/product\/brscience-es\/tratamiento\/brscience-amazon-forest-btx-reconstructor-antifrizz-con-aceites-esenciales-de-la-amazonia-1-kg\/#breadcrumb\",\"itemListElement\":[{\"@type\":\"ListItem\",\"position\":1,\"name\":\"Home\",\"item\":\"https:\/\/www.brazilcarestore.com\/es\/\"},{\"@type\":\"ListItem\",\"position\":2,\"name\":\"Tienda\",\"item\":\"https:\/\/www.brazilcarestore.com\/es\/tienda\/\"},{\"@type\":\"ListItem\",\"position\":3,\"name\":\"BRScience Amazon Forest &#8211; BTX Reconstructor Antifrizz con Aceites Esenciales de la Amazon\u00eda 1 kg\"}]},{\"@type\":\"WebSite\",\"@id\":\"https:\/\/www.brazilcarestore.com\/es\/#website\",\"url\":\"https:\/\/www.brazilcarestore.com\/es\/\",\"name\":\"Brazil Care Store\",\"description\":\"The way to Beauty\",\"publisher\":{\"@id\":\"https:\/\/www.brazilcarestore.com\/es\/#organization\"},\"potentialAction\":[{\"@type\":\"SearchAction\",\"target\":{\"@type\":\"EntryPoint\",\"urlTemplate\":\"https:\/\/www.brazilcarestore.com\/es\/?s={search_term_string}\"},\"query-input\":{\"@type\":\"PropertyValueSpecification\",\"valueRequired\":true,\"valueName\":\"search_term_string\"}}],\"inLanguage\":\"es\"},{\"@type\":\"Organization\",\"@id\":\"https:\/\/www.brazilcarestore.com\/es\/#organization\",\"name\":\"Brazil Care Store\",\"url\":\"https:\/\/www.brazilcarestore.com\/es\/\",\"logo\":{\"@type\":\"ImageObject\",\"inLanguage\":\"es\",\"@id\":\"https:\/\/www.brazilcarestore.com\/es\/#\/schema\/logo\/image\/\",\"url\":\"https:\/\/i0.wp.com\/www.brazilcarestore.com\/wp-content\/uploads\/2024\/02\/Brazil-Care-Store.png?fit=350%2C369&ssl=1\",\"contentUrl\":\"https:\/\/i0.wp.com\/www.brazilcarestore.com\/wp-content\/uploads\/2024\/02\/Brazil-Care-Store.png?fit=350%2C369&ssl=1\",\"width\":350,\"height\":369,\"caption\":\"Brazil Care Store\"},\"image\":{\"@id\":\"https:\/\/www.brazilcarestore.com\/es\/#\/schema\/logo\/image\/\"},\"sameAs\":[\"https:\/\/www.facebook.com\/brazilcarestore\",\"https:\/\/www.instagram.com\/brazilcarestore\",\"https:\/\/www.tiktok.com\/@brazilcarestore\"]}]}<\/script>\n<!-- \/ Yoast SEO plugin. -->","yoast_head_json":{"title":"BRScience Amazon Forest - BTX Reconstructor Antifrizz con Aceites Esenciales de la Amazon\u00eda 1 kg - Brazil Care Store","robots":{"index":"index","follow":"follow","max-snippet":"max-snippet:-1","max-image-preview":"max-image-preview:large","max-video-preview":"max-video-preview:-1"},"canonical":"https:\/\/www.brazilcarestore.com\/es\/product\/brscience-es\/tratamiento\/brscience-amazon-forest-btx-reconstructor-antifrizz-con-aceites-esenciales-de-la-amazonia-1-kg\/","og_locale":"es_ES","og_type":"article","og_title":"BRScience Amazon Forest - BTX Reconstructor Antifrizz con Aceites Esenciales de la Amazon\u00eda 1 kg - Brazil Care Store","og_description":"El BTX Selva Amaz\u00f3nica es un potente reconstructor capilar con acci\u00f3n antifrizz y efecto nutritivo-sellante, ideal para cabello que necesita una reconstrucci\u00f3n intensa y control de volumen. Su f\u00f3rmula exclusiva, enriquecida con aceites amaz\u00f3nicos como el de nuez de Brasil, burit\u00ed y pracaxi, act\u00faa directamente sobre la estructura capilar, reponiendo la masa perdida y reconstruyendo las fibras capilares desde adentro hacia afuera, dej\u00e1ndolas m\u00e1s fuertes, m\u00e1s tersas y con un brillo intenso.","og_url":"https:\/\/www.brazilcarestore.com\/es\/product\/brscience-es\/tratamiento\/brscience-amazon-forest-btx-reconstructor-antifrizz-con-aceites-esenciales-de-la-amazonia-1-kg\/","og_site_name":"Brazil Care Store","article_publisher":"https:\/\/www.facebook.com\/brazilcarestore","twitter_card":"summary_large_image","twitter_misc":{"Tiempo de lectura":"1 minuto"},"schema":{"@context":"https:\/\/schema.org","@graph":[{"@type":"WebPage","@id":"https:\/\/www.brazilcarestore.com\/es\/product\/brscience-es\/tratamiento\/brscience-amazon-forest-btx-reconstructor-antifrizz-con-aceites-esenciales-de-la-amazonia-1-kg\/","url":"https:\/\/www.brazilcarestore.com\/es\/product\/brscience-es\/tratamiento\/brscience-amazon-forest-btx-reconstructor-antifrizz-con-aceites-esenciales-de-la-amazonia-1-kg\/","name":"BRScience Amazon Forest - BTX Reconstructor Antifrizz con Aceites Esenciales de la Amazon\u00eda 1 kg - Brazil Care Store","isPartOf":{"@id":"https:\/\/www.brazilcarestore.com\/es\/#website"},"primaryImageOfPage":{"@id":"https:\/\/www.brazilcarestore.com\/es\/product\/brscience-es\/tratamiento\/brscience-amazon-forest-btx-reconstructor-antifrizz-con-aceites-esenciales-de-la-amazonia-1-kg\/#primaryimage"},"image":{"@id":"https:\/\/www.brazilcarestore.com\/es\/product\/brscience-es\/tratamiento\/brscience-amazon-forest-btx-reconstructor-antifrizz-con-aceites-esenciales-de-la-amazonia-1-kg\/#primaryimage"},"thumbnailUrl":"https:\/\/i0.wp.com\/www.brazilcarestore.com\/wp-content\/uploads\/2025\/04\/btx_organico_1kg_01_591f25a5-adc4-41d5-a983-b1a16a5806c8_700x.webp?fit=700%2C700&ssl=1","datePublished":"2025-04-01T14:19:48+00:00","breadcrumb":{"@id":"https:\/\/www.brazilcarestore.com\/es\/product\/brscience-es\/tratamiento\/brscience-amazon-forest-btx-reconstructor-antifrizz-con-aceites-esenciales-de-la-amazonia-1-kg\/#breadcrumb"},"inLanguage":"es","potentialAction":[{"@type":"ReadAction","target":["https:\/\/www.brazilcarestore.com\/es\/product\/brscience-es\/tratamiento\/brscience-amazon-forest-btx-reconstructor-antifrizz-con-aceites-esenciales-de-la-amazonia-1-kg\/"]}]},{"@type":"ImageObject","inLanguage":"es","@id":"https:\/\/www.brazilcarestore.com\/es\/product\/brscience-es\/tratamiento\/brscience-amazon-forest-btx-reconstructor-antifrizz-con-aceites-esenciales-de-la-amazonia-1-kg\/#primaryimage","url":"https:\/\/i0.wp.com\/www.brazilcarestore.com\/wp-content\/uploads\/2025\/04\/btx_organico_1kg_01_591f25a5-adc4-41d5-a983-b1a16a5806c8_700x.webp?fit=700%2C700&ssl=1","contentUrl":"https:\/\/i0.wp.com\/www.brazilcarestore.com\/wp-content\/uploads\/2025\/04\/btx_organico_1kg_01_591f25a5-adc4-41d5-a983-b1a16a5806c8_700x.webp?fit=700%2C700&ssl=1","width":700,"height":700,"caption":"BRScience Amazon Forest - BTX Reconstructor Antifrizz con Aceites Esenciales de la Amazon\u00eda 1 kg"},{"@type":"BreadcrumbList","@id":"https:\/\/www.brazilcarestore.com\/es\/product\/brscience-es\/tratamiento\/brscience-amazon-forest-btx-reconstructor-antifrizz-con-aceites-esenciales-de-la-amazonia-1-kg\/#breadcrumb","itemListElement":[{"@type":"ListItem","position":1,"name":"Home","item":"https:\/\/www.brazilcarestore.com\/es\/"},{"@type":"ListItem","position":2,"name":"Tienda","item":"https:\/\/www.brazilcarestore.com\/es\/tienda\/"},{"@type":"ListItem","position":3,"name":"BRScience Amazon Forest &#8211; BTX Reconstructor Antifrizz con Aceites Esenciales de la Amazon\u00eda 1 kg"}]},{"@type":"WebSite","@id":"https:\/\/www.brazilcarestore.com\/es\/#website","url":"https:\/\/www.brazilcarestore.com\/es\/","name":"Brazil Care Store","description":"The way to Beauty","publisher":{"@id":"https:\/\/www.brazilcarestore.com\/es\/#organization"},"potentialAction":[{"@type":"SearchAction","target":{"@type":"EntryPoint","urlTemplate":"https:\/\/www.brazilcarestore.com\/es\/?s={search_term_string}"},"query-input":{"@type":"PropertyValueSpecification","valueRequired":true,"valueName":"search_term_string"}}],"inLanguage":"es"},{"@type":"Organization","@id":"https:\/\/www.brazilcarestore.com\/es\/#organization","name":"Brazil Care Store","url":"https:\/\/www.brazilcarestore.com\/es\/","logo":{"@type":"ImageObject","inLanguage":"es","@id":"https:\/\/www.brazilcarestore.com\/es\/#\/schema\/logo\/image\/","url":"https:\/\/i0.wp.com\/www.brazilcarestore.com\/wp-content\/uploads\/2024\/02\/Brazil-Care-Store.png?fit=350%2C369&ssl=1","contentUrl":"https:\/\/i0.wp.com\/www.brazilcarestore.com\/wp-content\/uploads\/2024\/02\/Brazil-Care-Store.png?fit=350%2C369&ssl=1","width":350,"height":369,"caption":"Brazil Care Store"},"image":{"@id":"https:\/\/www.brazilcarestore.com\/es\/#\/schema\/logo\/image\/"},"sameAs":["https:\/\/www.facebook.com\/brazilcarestore","https:\/\/www.instagram.com\/brazilcarestore","https:\/\/www.tiktok.com\/@brazilcarestore"]}]}},"_links":{"self":[{"href":"https:\/\/www.brazilcarestore.com\/es\/wp-json\/wp\/v2\/product\/2733","targetHints":{"allow":["GET"]}}],"collection":[{"href":"https:\/\/www.brazilcarestore.com\/es\/wp-json\/wp\/v2\/product"}],"about":[{"href":"https:\/\/www.brazilcarestore.com\/es\/wp-json\/wp\/v2\/types\/product"}],"wp:featuredmedia":[{"embeddable":true,"href":"https:\/\/www.brazilcarestore.com\/es\/wp-json\/wp\/v2\/media\/2552"}],"wp:attachment":[{"href":"https:\/\/www.brazilcarestore.com\/es\/wp-json\/wp\/v2\/media?parent=2733"}],"wp:term":[{"taxonomy":"product_brand","embeddable":true,"href":"https:\/\/www.brazilcarestore.com\/es\/wp-json\/wp\/v2\/product_brand?post=2733"},{"taxonomy":"product_cat","embeddable":true,"href":"https:\/\/www.brazilcarestore.com\/es\/wp-json\/wp\/v2\/product_cat?post=2733"},{"taxonomy":"product_tag","embeddable":true,"href":"https:\/\/www.brazilcarestore.com\/es\/wp-json\/wp\/v2\/product_tag?post=2733"}],"curies":[{"name":"wp","href":"https:\/\/api.w.org\/{rel}","templated":true}]}}