{"id":2729,"date":"2025-04-01T12:52:29","date_gmt":"2025-04-01T15:52:29","guid":{"rendered":"https:\/\/www.brazilcarestore.com\/product\/sin categor\u00eda\/donna-indiana-gluhen-cuticula-capilar-1l-3un\/"},"modified":"2025-04-01T12:52:29","modified_gmt":"2025-04-01T15:52:29","slug":"donna-indiana-gluhen-cuticula-capilar-1l-3un","status":"publish","type":"product","link":"https:\/\/www.brazilcarestore.com\/es\/product\/los-mejores-cosmeticos-brasilenos-2025-abril\/donna-indiana-gluhen-cuticula-capilar-1l-3un\/","title":{"rendered":"Donna Indiana Gl\u00fchen Cut\u00edcula Capilar &#8211; 1L (3un)"},"content":{"rendered":"<p class=\"\" data-start=\"42\" data-end=\"77\"><strong data-start=\"42\" data-end=\"77\">3 UNIDADES GL\u00dcHEN BRILLO INDIANA 1L<\/strong><\/p>\n<p class=\"\" data-start=\"79\" data-end=\"237\">El <strong data-start=\"83\" data-end=\"120\">Gl\u00fchen Hair Cuticle Donna Indiana <\/strong> fue desarrollado con tecnolog\u00eda de tratamiento avanzada para promover la alineaci\u00f3n del cabello, la reducci\u00f3n del frizz y un brillo duradero.<\/p>\n<p class=\"\" data-start=\"239\" data-end=\"629\">Su f\u00f3rmula crea una pel\u00edcula protectora inteligente alrededor de la fibra capilar, ofreciendo flexibilidad, suavidad al tacto y una resistencia prolongada a factores externos como la humedad y el calor excesivo. Con ingredientes de alto rendimiento como la manteca de karit\u00e9 y el \u00e1cido hialur\u00f3nico hidrolizado, el producto proporciona una hidrataci\u00f3n intensa y un acondicionamiento profundo sin apelmazar el cabello. <\/p>\n<p class=\"\" data-start=\"631\" data-end=\"632\">\u2e3b<\/p>\n<p class=\"\" data-start=\"634\" data-end=\"649\"><strong data-start=\"634\" data-end=\"649\">Indicaci\u00f3n:<\/strong><\/p>\n<p class=\"\" data-start=\"651\" data-end=\"821\">Indicado para todo tipo de cabello que busque disciplina, control del frizz y un acabado profesional, especialmente para aquellos que sufren de sequedad, falta de brillo o exceso de volumen.<\/p>\n<p class=\"\" data-start=\"823\" data-end=\"836\"><strong data-start=\"823\" data-end=\"836\">Beneficios:<\/strong><\/p>\n<ul data-start=\"837\" data-end=\"1114\">\n<li class=\"\" data-start=\"837\" data-end=\"868\">\n<p class=\"\" data-start=\"839\" data-end=\"868\">Alinea el cabello sin rigidez.<\/p>\n<\/li>\n<li class=\"\" data-start=\"869\" data-end=\"894\">\n<p class=\"\" data-start=\"871\" data-end=\"894\">Control eficaz del frizz<\/p>\n<\/li>\n<li class=\"\" data-start=\"895\" data-end=\"927\">\n<p class=\"\" data-start=\"897\" data-end=\"927\">Brillo intenso y duradero<\/p>\n<\/li>\n<li class=\"\" data-start=\"928\" data-end=\"957\">\n<p class=\"\" data-start=\"930\" data-end=\"957\">Tacto suave y acabado sedoso.<\/p>\n<\/li>\n<li class=\"\" data-start=\"958\" data-end=\"1007\">\n<p class=\"\" data-start=\"960\" data-end=\"1007\">Protecci\u00f3n contra la humedad y los agentes externos<\/p>\n<\/li>\n<li class=\"\" data-start=\"1008\" data-end=\"1062\">\n<p class=\"\" data-start=\"1010\" data-end=\"1062\">Acci\u00f3n disciplinante con \u00c1cido T\u00e1nico y \u00c1cido L\u00e1ctico<\/p>\n<\/li>\n<li class=\"\" data-start=\"1063\" data-end=\"1114\">\n<p class=\"\" data-start=\"1065\" data-end=\"1114\">Hidrataci\u00f3n profunda con ingredientes activos nutritivos.<\/p>\n<\/li>\n<\/ul>\n","protected":false},"excerpt":{"rendered":"<p class=\"\" data-start=\"42\" data-end=\"77\"><strong data-start=\"42\" data-end=\"77\">3 UNIDADES GL\u00dcHEN BRILLO INDIANA 1L<\/strong><\/p>\n<p class=\"\" data-start=\"79\" data-end=\"237\">El <strong data-start=\"83\" data-end=\"120\">Gl\u00fchen Hair Cuticle Donna Indiana <\/strong> fue desarrollado con tecnolog\u00eda de tratamiento avanzada para promover la alineaci\u00f3n del cabello, la reducci\u00f3n del frizz y un brillo duradero.<\/p>\n","protected":false},"featured_media":2567,"template":"","meta":[],"product_brand":[216],"product_cat":[236,233],"product_tag":[146],"class_list":{"0":"post-2729","1":"product","2":"type-product","3":"status-publish","4":"has-post-thumbnail","6":"product_brand-donna-indiana","7":"product_cat-donna-indiana-es","8":"product_cat-los-mejores-cosmeticos-brasilenos-2025-abril","9":"product_tag-tratamiento-capilar","10":"product_shipping_class-1l-es","12":"first","13":"instock","14":"sale","15":"shipping-taxable","16":"purchasable","17":"product-type-simple"},"yoast_head":"<!-- This site is optimized with the Yoast SEO plugin v27.1.1 - https:\/\/yoast.com\/product\/yoast-seo-wordpress\/ -->\n<title>Donna Indiana Gl\u00fchen Cut\u00edcula Capilar - 1L (3un) - Brazil Care Store<\/title>\n<meta name=\"robots\" content=\"index, follow, max-snippet:-1, max-image-preview:large, max-video-preview:-1\" \/>\n<link rel=\"canonical\" href=\"https:\/\/www.brazilcarestore.com\/es\/product\/los-mejores-cosmeticos-brasilenos-2025-abril\/donna-indiana-gluhen-cuticula-capilar-1l-3un\/\" \/>\n<meta property=\"og:locale\" content=\"es_ES\" \/>\n<meta property=\"og:type\" content=\"article\" \/>\n<meta property=\"og:title\" content=\"Donna Indiana Gl\u00fchen Cut\u00edcula Capilar - 1L (3un) - Brazil Care Store\" \/>\n<meta property=\"og:description\" content=\"3 UNIDADES GL\u00dcHEN BRILLO INDIANA 1L El Gl\u00fchen Hair Cuticle Donna Indiana fue desarrollado con tecnolog\u00eda de tratamiento avanzada para promover la alineaci\u00f3n del cabello, la reducci\u00f3n del frizz y un brillo duradero.\" \/>\n<meta property=\"og:url\" content=\"https:\/\/www.brazilcarestore.com\/es\/product\/los-mejores-cosmeticos-brasilenos-2025-abril\/donna-indiana-gluhen-cuticula-capilar-1l-3un\/\" \/>\n<meta property=\"og:site_name\" content=\"Brazil Care Store\" \/>\n<meta property=\"article:publisher\" content=\"https:\/\/www.facebook.com\/brazilcarestore\" \/>\n<meta name=\"twitter:card\" content=\"summary_large_image\" \/>\n<meta name=\"twitter:label1\" content=\"Tiempo de lectura\" \/>\n\t<meta name=\"twitter:data1\" content=\"1 minuto\" \/>\n<script type=\"application\/ld+json\" class=\"yoast-schema-graph\">{\"@context\":\"https:\/\/schema.org\",\"@graph\":[{\"@type\":\"WebPage\",\"@id\":\"https:\/\/www.brazilcarestore.com\/es\/product\/los-mejores-cosmeticos-brasilenos-2025-abril\/donna-indiana-gluhen-cuticula-capilar-1l-3un\/\",\"url\":\"https:\/\/www.brazilcarestore.com\/es\/product\/los-mejores-cosmeticos-brasilenos-2025-abril\/donna-indiana-gluhen-cuticula-capilar-1l-3un\/\",\"name\":\"Donna Indiana Gl\u00fchen Cut\u00edcula Capilar - 1L (3un) - Brazil Care Store\",\"isPartOf\":{\"@id\":\"https:\/\/www.brazilcarestore.com\/es\/#website\"},\"primaryImageOfPage\":{\"@id\":\"https:\/\/www.brazilcarestore.com\/es\/product\/los-mejores-cosmeticos-brasilenos-2025-abril\/donna-indiana-gluhen-cuticula-capilar-1l-3un\/#primaryimage\"},\"image\":{\"@id\":\"https:\/\/www.brazilcarestore.com\/es\/product\/los-mejores-cosmeticos-brasilenos-2025-abril\/donna-indiana-gluhen-cuticula-capilar-1l-3un\/#primaryimage\"},\"thumbnailUrl\":\"https:\/\/i0.wp.com\/www.brazilcarestore.com\/wp-content\/uploads\/2025\/04\/gra-tis-3-mak93aqopm.png?fit=600%2C600&ssl=1\",\"datePublished\":\"2025-04-01T15:52:29+00:00\",\"breadcrumb\":{\"@id\":\"https:\/\/www.brazilcarestore.com\/es\/product\/los-mejores-cosmeticos-brasilenos-2025-abril\/donna-indiana-gluhen-cuticula-capilar-1l-3un\/#breadcrumb\"},\"inLanguage\":\"es\",\"potentialAction\":[{\"@type\":\"ReadAction\",\"target\":[\"https:\/\/www.brazilcarestore.com\/es\/product\/los-mejores-cosmeticos-brasilenos-2025-abril\/donna-indiana-gluhen-cuticula-capilar-1l-3un\/\"]}]},{\"@type\":\"ImageObject\",\"inLanguage\":\"es\",\"@id\":\"https:\/\/www.brazilcarestore.com\/es\/product\/los-mejores-cosmeticos-brasilenos-2025-abril\/donna-indiana-gluhen-cuticula-capilar-1l-3un\/#primaryimage\",\"url\":\"https:\/\/i0.wp.com\/www.brazilcarestore.com\/wp-content\/uploads\/2025\/04\/gra-tis-3-mak93aqopm.png?fit=600%2C600&ssl=1\",\"contentUrl\":\"https:\/\/i0.wp.com\/www.brazilcarestore.com\/wp-content\/uploads\/2025\/04\/gra-tis-3-mak93aqopm.png?fit=600%2C600&ssl=1\",\"width\":600,\"height\":600,\"caption\":\"Donna Indiana Gl\u00fchen Cut\u00edcula Capilar - 1L (3un)\"},{\"@type\":\"BreadcrumbList\",\"@id\":\"https:\/\/www.brazilcarestore.com\/es\/product\/los-mejores-cosmeticos-brasilenos-2025-abril\/donna-indiana-gluhen-cuticula-capilar-1l-3un\/#breadcrumb\",\"itemListElement\":[{\"@type\":\"ListItem\",\"position\":1,\"name\":\"Home\",\"item\":\"https:\/\/www.brazilcarestore.com\/es\/\"},{\"@type\":\"ListItem\",\"position\":2,\"name\":\"Tienda\",\"item\":\"https:\/\/www.brazilcarestore.com\/es\/tienda\/\"},{\"@type\":\"ListItem\",\"position\":3,\"name\":\"Donna Indiana Gl\u00fchen Cut\u00edcula Capilar &#8211; 1L (3un)\"}]},{\"@type\":\"WebSite\",\"@id\":\"https:\/\/www.brazilcarestore.com\/es\/#website\",\"url\":\"https:\/\/www.brazilcarestore.com\/es\/\",\"name\":\"Brazil Care Store\",\"description\":\"The way to Beauty\",\"publisher\":{\"@id\":\"https:\/\/www.brazilcarestore.com\/es\/#organization\"},\"potentialAction\":[{\"@type\":\"SearchAction\",\"target\":{\"@type\":\"EntryPoint\",\"urlTemplate\":\"https:\/\/www.brazilcarestore.com\/es\/?s={search_term_string}\"},\"query-input\":{\"@type\":\"PropertyValueSpecification\",\"valueRequired\":true,\"valueName\":\"search_term_string\"}}],\"inLanguage\":\"es\"},{\"@type\":\"Organization\",\"@id\":\"https:\/\/www.brazilcarestore.com\/es\/#organization\",\"name\":\"Brazil Care Store\",\"url\":\"https:\/\/www.brazilcarestore.com\/es\/\",\"logo\":{\"@type\":\"ImageObject\",\"inLanguage\":\"es\",\"@id\":\"https:\/\/www.brazilcarestore.com\/es\/#\/schema\/logo\/image\/\",\"url\":\"https:\/\/i0.wp.com\/www.brazilcarestore.com\/wp-content\/uploads\/2024\/02\/Brazil-Care-Store.png?fit=350%2C369&ssl=1\",\"contentUrl\":\"https:\/\/i0.wp.com\/www.brazilcarestore.com\/wp-content\/uploads\/2024\/02\/Brazil-Care-Store.png?fit=350%2C369&ssl=1\",\"width\":350,\"height\":369,\"caption\":\"Brazil Care Store\"},\"image\":{\"@id\":\"https:\/\/www.brazilcarestore.com\/es\/#\/schema\/logo\/image\/\"},\"sameAs\":[\"https:\/\/www.facebook.com\/brazilcarestore\",\"https:\/\/www.instagram.com\/brazilcarestore\",\"https:\/\/www.tiktok.com\/@brazilcarestore\"]}]}<\/script>\n<!-- \/ Yoast SEO plugin. -->","yoast_head_json":{"title":"Donna Indiana Gl\u00fchen Cut\u00edcula Capilar - 1L (3un) - Brazil Care Store","robots":{"index":"index","follow":"follow","max-snippet":"max-snippet:-1","max-image-preview":"max-image-preview:large","max-video-preview":"max-video-preview:-1"},"canonical":"https:\/\/www.brazilcarestore.com\/es\/product\/los-mejores-cosmeticos-brasilenos-2025-abril\/donna-indiana-gluhen-cuticula-capilar-1l-3un\/","og_locale":"es_ES","og_type":"article","og_title":"Donna Indiana Gl\u00fchen Cut\u00edcula Capilar - 1L (3un) - Brazil Care Store","og_description":"3 UNIDADES GL\u00dcHEN BRILLO INDIANA 1L El Gl\u00fchen Hair Cuticle Donna Indiana fue desarrollado con tecnolog\u00eda de tratamiento avanzada para promover la alineaci\u00f3n del cabello, la reducci\u00f3n del frizz y un brillo duradero.","og_url":"https:\/\/www.brazilcarestore.com\/es\/product\/los-mejores-cosmeticos-brasilenos-2025-abril\/donna-indiana-gluhen-cuticula-capilar-1l-3un\/","og_site_name":"Brazil Care Store","article_publisher":"https:\/\/www.facebook.com\/brazilcarestore","twitter_card":"summary_large_image","twitter_misc":{"Tiempo de lectura":"1 minuto"},"schema":{"@context":"https:\/\/schema.org","@graph":[{"@type":"WebPage","@id":"https:\/\/www.brazilcarestore.com\/es\/product\/los-mejores-cosmeticos-brasilenos-2025-abril\/donna-indiana-gluhen-cuticula-capilar-1l-3un\/","url":"https:\/\/www.brazilcarestore.com\/es\/product\/los-mejores-cosmeticos-brasilenos-2025-abril\/donna-indiana-gluhen-cuticula-capilar-1l-3un\/","name":"Donna Indiana Gl\u00fchen Cut\u00edcula Capilar - 1L (3un) - Brazil Care Store","isPartOf":{"@id":"https:\/\/www.brazilcarestore.com\/es\/#website"},"primaryImageOfPage":{"@id":"https:\/\/www.brazilcarestore.com\/es\/product\/los-mejores-cosmeticos-brasilenos-2025-abril\/donna-indiana-gluhen-cuticula-capilar-1l-3un\/#primaryimage"},"image":{"@id":"https:\/\/www.brazilcarestore.com\/es\/product\/los-mejores-cosmeticos-brasilenos-2025-abril\/donna-indiana-gluhen-cuticula-capilar-1l-3un\/#primaryimage"},"thumbnailUrl":"https:\/\/i0.wp.com\/www.brazilcarestore.com\/wp-content\/uploads\/2025\/04\/gra-tis-3-mak93aqopm.png?fit=600%2C600&ssl=1","datePublished":"2025-04-01T15:52:29+00:00","breadcrumb":{"@id":"https:\/\/www.brazilcarestore.com\/es\/product\/los-mejores-cosmeticos-brasilenos-2025-abril\/donna-indiana-gluhen-cuticula-capilar-1l-3un\/#breadcrumb"},"inLanguage":"es","potentialAction":[{"@type":"ReadAction","target":["https:\/\/www.brazilcarestore.com\/es\/product\/los-mejores-cosmeticos-brasilenos-2025-abril\/donna-indiana-gluhen-cuticula-capilar-1l-3un\/"]}]},{"@type":"ImageObject","inLanguage":"es","@id":"https:\/\/www.brazilcarestore.com\/es\/product\/los-mejores-cosmeticos-brasilenos-2025-abril\/donna-indiana-gluhen-cuticula-capilar-1l-3un\/#primaryimage","url":"https:\/\/i0.wp.com\/www.brazilcarestore.com\/wp-content\/uploads\/2025\/04\/gra-tis-3-mak93aqopm.png?fit=600%2C600&ssl=1","contentUrl":"https:\/\/i0.wp.com\/www.brazilcarestore.com\/wp-content\/uploads\/2025\/04\/gra-tis-3-mak93aqopm.png?fit=600%2C600&ssl=1","width":600,"height":600,"caption":"Donna Indiana Gl\u00fchen Cut\u00edcula Capilar - 1L (3un)"},{"@type":"BreadcrumbList","@id":"https:\/\/www.brazilcarestore.com\/es\/product\/los-mejores-cosmeticos-brasilenos-2025-abril\/donna-indiana-gluhen-cuticula-capilar-1l-3un\/#breadcrumb","itemListElement":[{"@type":"ListItem","position":1,"name":"Home","item":"https:\/\/www.brazilcarestore.com\/es\/"},{"@type":"ListItem","position":2,"name":"Tienda","item":"https:\/\/www.brazilcarestore.com\/es\/tienda\/"},{"@type":"ListItem","position":3,"name":"Donna Indiana Gl\u00fchen Cut\u00edcula Capilar &#8211; 1L (3un)"}]},{"@type":"WebSite","@id":"https:\/\/www.brazilcarestore.com\/es\/#website","url":"https:\/\/www.brazilcarestore.com\/es\/","name":"Brazil Care Store","description":"The way to Beauty","publisher":{"@id":"https:\/\/www.brazilcarestore.com\/es\/#organization"},"potentialAction":[{"@type":"SearchAction","target":{"@type":"EntryPoint","urlTemplate":"https:\/\/www.brazilcarestore.com\/es\/?s={search_term_string}"},"query-input":{"@type":"PropertyValueSpecification","valueRequired":true,"valueName":"search_term_string"}}],"inLanguage":"es"},{"@type":"Organization","@id":"https:\/\/www.brazilcarestore.com\/es\/#organization","name":"Brazil Care Store","url":"https:\/\/www.brazilcarestore.com\/es\/","logo":{"@type":"ImageObject","inLanguage":"es","@id":"https:\/\/www.brazilcarestore.com\/es\/#\/schema\/logo\/image\/","url":"https:\/\/i0.wp.com\/www.brazilcarestore.com\/wp-content\/uploads\/2024\/02\/Brazil-Care-Store.png?fit=350%2C369&ssl=1","contentUrl":"https:\/\/i0.wp.com\/www.brazilcarestore.com\/wp-content\/uploads\/2024\/02\/Brazil-Care-Store.png?fit=350%2C369&ssl=1","width":350,"height":369,"caption":"Brazil Care Store"},"image":{"@id":"https:\/\/www.brazilcarestore.com\/es\/#\/schema\/logo\/image\/"},"sameAs":["https:\/\/www.facebook.com\/brazilcarestore","https:\/\/www.instagram.com\/brazilcarestore","https:\/\/www.tiktok.com\/@brazilcarestore"]}]}},"_links":{"self":[{"href":"https:\/\/www.brazilcarestore.com\/es\/wp-json\/wp\/v2\/product\/2729","targetHints":{"allow":["GET"]}}],"collection":[{"href":"https:\/\/www.brazilcarestore.com\/es\/wp-json\/wp\/v2\/product"}],"about":[{"href":"https:\/\/www.brazilcarestore.com\/es\/wp-json\/wp\/v2\/types\/product"}],"wp:featuredmedia":[{"embeddable":true,"href":"https:\/\/www.brazilcarestore.com\/es\/wp-json\/wp\/v2\/media\/2567"}],"wp:attachment":[{"href":"https:\/\/www.brazilcarestore.com\/es\/wp-json\/wp\/v2\/media?parent=2729"}],"wp:term":[{"taxonomy":"product_brand","embeddable":true,"href":"https:\/\/www.brazilcarestore.com\/es\/wp-json\/wp\/v2\/product_brand?post=2729"},{"taxonomy":"product_cat","embeddable":true,"href":"https:\/\/www.brazilcarestore.com\/es\/wp-json\/wp\/v2\/product_cat?post=2729"},{"taxonomy":"product_tag","embeddable":true,"href":"https:\/\/www.brazilcarestore.com\/es\/wp-json\/wp\/v2\/product_tag?post=2729"}],"curies":[{"name":"wp","href":"https:\/\/api.w.org\/{rel}","templated":true}]}}