{"id":2712,"date":"2025-04-01T13:10:35","date_gmt":"2025-04-01T16:10:35","guid":{"rendered":"https:\/\/www.brazilcarestore.com\/product\/sin categor\u00eda\/felps-professional-omega-zero-nanoplasty-resistance-1l\/"},"modified":"2025-04-01T13:10:35","modified_gmt":"2025-04-01T16:10:35","slug":"felps-professional-omega-zero-nanoplasty-resistance-1l","status":"publish","type":"product","link":"https:\/\/www.brazilcarestore.com\/es\/product\/los-mejores-cosmeticos-brasilenos-2025-abril\/felps-professional-omega-zero-nanoplasty-resistance-1l\/","title":{"rendered":"Felps Professional Omega Zero Nanoplasty Resistance 1L"},"content":{"rendered":"<p class=\"\" data-start=\"117\" data-end=\"515\">El <strong data-start=\"121\" data-end=\"201\">alisado progresivo Felps Omega Zero Unique Nanoplasty Resistance<\/strong> trae una nueva y poderosa f\u00f3rmula mucho m\u00e1s f\u00e1cil de aplicar, enriquecida con col\u00e1geno, keratina, silicona y una mezcla de nutrientes que alisan mientras nutren y reponen la estructura natural del cabello, haci\u00e9ndolo m\u00e1s saludable y resistente al calor necesario para activar el producto y potenciar los resultados.<\/p>\n<p class=\"\" data-start=\"517\" data-end=\"532\"><strong data-start=\"517\" data-end=\"532\">Modo de empleo:<\/strong><\/p>\n<ol data-start=\"533\" data-end=\"1031\">\n<li class=\"\" data-start=\"533\" data-end=\"624\">\n<p class=\"\" data-start=\"536\" data-end=\"624\">Divide el cabello limpio y h\u00famedo en cuadrantes, retirando el exceso de agua con ayuda de una toalla.<\/p>\n<\/li>\n<li class=\"\" data-start=\"625\" data-end=\"743\">\n<p class=\"\" data-start=\"628\" data-end=\"743\">Con ayuda de una brocha, aplicar Omega Zero Resistance a 1 cm del cuero cabelludo, repartiendo uniformemente por largos y puntas.<\/p>\n<\/li>\n<li class=\"\" data-start=\"744\" data-end=\"803\">\n<p class=\"\" data-start=\"747\" data-end=\"803\">Dejar actuar de 60 a 90 minutos (para cabellos muy resistentes).<\/p>\n<\/li>\n<li class=\"\" data-start=\"804\" data-end=\"862\">\n<p class=\"\" data-start=\"807\" data-end=\"862\">Enjuagar \u00fanicamente con agua, retirando totalmente el producto.<\/p>\n<\/li>\n<li class=\"\" data-start=\"863\" data-end=\"916\">\n<p class=\"\" data-start=\"866\" data-end=\"916\">Seca el cabello con secador (no es necesario cepillarlo).<\/p>\n<\/li>\n<li class=\"\" data-start=\"917\" data-end=\"968\">\n<p class=\"\" data-start=\"920\" data-end=\"968\">Planche peque\u00f1as secciones de cabello de 10 a 15 veces.<\/p>\n<\/li>\n<li class=\"\" data-start=\"969\" data-end=\"1031\">\n<p class=\"\" data-start=\"972\" data-end=\"1031\">Lavar el cabello como de costumbre, comenzando 1 d\u00eda despu\u00e9s del procedimiento.<\/p>\n<\/li>\n<\/ol>\n<p class=\"\" data-start=\"1033\" data-end=\"1253\"><strong data-start=\"1033\" data-end=\"1049\">Precauciones<\/strong>: Se recomienda aplicar el producto con guantes. En caso de contacto con los ojos, enju\u00e1guelos inmediatamente con abundante agua. Conserve <strong data-start=\"1185\" data-end=\"1210\">Omega Zero Nanoplasty<\/strong> en un lugar fresco, fuera del alcance de los ni\u00f1os. <\/p>\n","protected":false},"excerpt":{"rendered":"<p>El <strong data-start=\"121\" data-end=\"201\">alisado progresivo Felps Omega Zero Unique Nanoplasty Resistance<\/strong> trae una nueva y poderosa f\u00f3rmula mucho m\u00e1s f\u00e1cil de aplicar, enriquecida con col\u00e1geno, keratina, silicona y una mezcla de nutrientes que alisan mientras nutren y reponen la estructura natural del cabello, haci\u00e9ndolo m\u00e1s saludable y resistente al calor necesario para activar el producto y potenciar los resultados.<\/p>\n","protected":false},"featured_media":2583,"template":"","meta":[],"product_brand":[220],"product_cat":[234,233],"product_tag":[146],"class_list":{"0":"post-2712","1":"product","2":"type-product","3":"status-publish","4":"has-post-thumbnail","6":"product_brand-felps","7":"product_cat-felps-es","8":"product_cat-los-mejores-cosmeticos-brasilenos-2025-abril","9":"product_tag-tratamiento-capilar","10":"product_shipping_class-1l-es","12":"first","13":"instock","14":"sale","15":"shipping-taxable","16":"purchasable","17":"product-type-simple"},"yoast_head":"<!-- This site is optimized with the Yoast SEO plugin v27.1.1 - https:\/\/yoast.com\/product\/yoast-seo-wordpress\/ -->\n<title>Felps Professional Omega Zero Nanoplasty Resistance 1L - Brazil Care Store<\/title>\n<meta name=\"robots\" content=\"index, follow, max-snippet:-1, max-image-preview:large, max-video-preview:-1\" \/>\n<link rel=\"canonical\" href=\"https:\/\/www.brazilcarestore.com\/es\/product\/los-mejores-cosmeticos-brasilenos-2025-abril\/felps-professional-omega-zero-nanoplasty-resistance-1l\/\" \/>\n<meta property=\"og:locale\" content=\"es_ES\" \/>\n<meta property=\"og:type\" content=\"article\" \/>\n<meta property=\"og:title\" content=\"Felps Professional Omega Zero Nanoplasty Resistance 1L - Brazil Care Store\" \/>\n<meta property=\"og:description\" content=\"El alisado progresivo Felps Omega Zero Unique Nanoplasty Resistance trae una nueva y poderosa f\u00f3rmula mucho m\u00e1s f\u00e1cil de aplicar, enriquecida con col\u00e1geno, keratina, silicona y una mezcla de nutrientes que alisan mientras nutren y reponen la estructura natural del cabello, haci\u00e9ndolo m\u00e1s saludable y resistente al calor necesario para activar el producto y potenciar los resultados.\" \/>\n<meta property=\"og:url\" content=\"https:\/\/www.brazilcarestore.com\/es\/product\/los-mejores-cosmeticos-brasilenos-2025-abril\/felps-professional-omega-zero-nanoplasty-resistance-1l\/\" \/>\n<meta property=\"og:site_name\" content=\"Brazil Care Store\" \/>\n<meta property=\"article:publisher\" content=\"https:\/\/www.facebook.com\/brazilcarestore\" \/>\n<meta name=\"twitter:card\" content=\"summary_large_image\" \/>\n<meta name=\"twitter:label1\" content=\"Tiempo de lectura\" \/>\n\t<meta name=\"twitter:data1\" content=\"1 minuto\" \/>\n<script type=\"application\/ld+json\" class=\"yoast-schema-graph\">{\"@context\":\"https:\/\/schema.org\",\"@graph\":[{\"@type\":\"WebPage\",\"@id\":\"https:\/\/www.brazilcarestore.com\/es\/product\/los-mejores-cosmeticos-brasilenos-2025-abril\/felps-professional-omega-zero-nanoplasty-resistance-1l\/\",\"url\":\"https:\/\/www.brazilcarestore.com\/es\/product\/los-mejores-cosmeticos-brasilenos-2025-abril\/felps-professional-omega-zero-nanoplasty-resistance-1l\/\",\"name\":\"Felps Professional Omega Zero Nanoplasty Resistance 1L - Brazil Care Store\",\"isPartOf\":{\"@id\":\"https:\/\/www.brazilcarestore.com\/es\/#website\"},\"primaryImageOfPage\":{\"@id\":\"https:\/\/www.brazilcarestore.com\/es\/product\/los-mejores-cosmeticos-brasilenos-2025-abril\/felps-professional-omega-zero-nanoplasty-resistance-1l\/#primaryimage\"},\"image\":{\"@id\":\"https:\/\/www.brazilcarestore.com\/es\/product\/los-mejores-cosmeticos-brasilenos-2025-abril\/felps-professional-omega-zero-nanoplasty-resistance-1l\/#primaryimage\"},\"thumbnailUrl\":\"https:\/\/i0.wp.com\/www.brazilcarestore.com\/wp-content\/uploads\/2025\/04\/257085.jpg?fit=1200%2C1000&ssl=1\",\"datePublished\":\"2025-04-01T16:10:35+00:00\",\"breadcrumb\":{\"@id\":\"https:\/\/www.brazilcarestore.com\/es\/product\/los-mejores-cosmeticos-brasilenos-2025-abril\/felps-professional-omega-zero-nanoplasty-resistance-1l\/#breadcrumb\"},\"inLanguage\":\"es\",\"potentialAction\":[{\"@type\":\"ReadAction\",\"target\":[\"https:\/\/www.brazilcarestore.com\/es\/product\/los-mejores-cosmeticos-brasilenos-2025-abril\/felps-professional-omega-zero-nanoplasty-resistance-1l\/\"]}]},{\"@type\":\"ImageObject\",\"inLanguage\":\"es\",\"@id\":\"https:\/\/www.brazilcarestore.com\/es\/product\/los-mejores-cosmeticos-brasilenos-2025-abril\/felps-professional-omega-zero-nanoplasty-resistance-1l\/#primaryimage\",\"url\":\"https:\/\/i0.wp.com\/www.brazilcarestore.com\/wp-content\/uploads\/2025\/04\/257085.jpg?fit=1200%2C1000&ssl=1\",\"contentUrl\":\"https:\/\/i0.wp.com\/www.brazilcarestore.com\/wp-content\/uploads\/2025\/04\/257085.jpg?fit=1200%2C1000&ssl=1\",\"width\":1200,\"height\":1000,\"caption\":\"Felps Professional Omega Zero Nanoplasty Resistance 1L\"},{\"@type\":\"BreadcrumbList\",\"@id\":\"https:\/\/www.brazilcarestore.com\/es\/product\/los-mejores-cosmeticos-brasilenos-2025-abril\/felps-professional-omega-zero-nanoplasty-resistance-1l\/#breadcrumb\",\"itemListElement\":[{\"@type\":\"ListItem\",\"position\":1,\"name\":\"Home\",\"item\":\"https:\/\/www.brazilcarestore.com\/es\/\"},{\"@type\":\"ListItem\",\"position\":2,\"name\":\"Tienda\",\"item\":\"https:\/\/www.brazilcarestore.com\/es\/tienda\/\"},{\"@type\":\"ListItem\",\"position\":3,\"name\":\"Felps Professional Omega Zero Nanoplasty Resistance 1L\"}]},{\"@type\":\"WebSite\",\"@id\":\"https:\/\/www.brazilcarestore.com\/es\/#website\",\"url\":\"https:\/\/www.brazilcarestore.com\/es\/\",\"name\":\"Brazil Care Store\",\"description\":\"The way to Beauty\",\"publisher\":{\"@id\":\"https:\/\/www.brazilcarestore.com\/es\/#organization\"},\"potentialAction\":[{\"@type\":\"SearchAction\",\"target\":{\"@type\":\"EntryPoint\",\"urlTemplate\":\"https:\/\/www.brazilcarestore.com\/es\/?s={search_term_string}\"},\"query-input\":{\"@type\":\"PropertyValueSpecification\",\"valueRequired\":true,\"valueName\":\"search_term_string\"}}],\"inLanguage\":\"es\"},{\"@type\":\"Organization\",\"@id\":\"https:\/\/www.brazilcarestore.com\/es\/#organization\",\"name\":\"Brazil Care Store\",\"url\":\"https:\/\/www.brazilcarestore.com\/es\/\",\"logo\":{\"@type\":\"ImageObject\",\"inLanguage\":\"es\",\"@id\":\"https:\/\/www.brazilcarestore.com\/es\/#\/schema\/logo\/image\/\",\"url\":\"https:\/\/i0.wp.com\/www.brazilcarestore.com\/wp-content\/uploads\/2024\/02\/Brazil-Care-Store.png?fit=350%2C369&ssl=1\",\"contentUrl\":\"https:\/\/i0.wp.com\/www.brazilcarestore.com\/wp-content\/uploads\/2024\/02\/Brazil-Care-Store.png?fit=350%2C369&ssl=1\",\"width\":350,\"height\":369,\"caption\":\"Brazil Care Store\"},\"image\":{\"@id\":\"https:\/\/www.brazilcarestore.com\/es\/#\/schema\/logo\/image\/\"},\"sameAs\":[\"https:\/\/www.facebook.com\/brazilcarestore\",\"https:\/\/www.instagram.com\/brazilcarestore\",\"https:\/\/www.tiktok.com\/@brazilcarestore\"]}]}<\/script>\n<!-- \/ Yoast SEO plugin. -->","yoast_head_json":{"title":"Felps Professional Omega Zero Nanoplasty Resistance 1L - Brazil Care Store","robots":{"index":"index","follow":"follow","max-snippet":"max-snippet:-1","max-image-preview":"max-image-preview:large","max-video-preview":"max-video-preview:-1"},"canonical":"https:\/\/www.brazilcarestore.com\/es\/product\/los-mejores-cosmeticos-brasilenos-2025-abril\/felps-professional-omega-zero-nanoplasty-resistance-1l\/","og_locale":"es_ES","og_type":"article","og_title":"Felps Professional Omega Zero Nanoplasty Resistance 1L - Brazil Care Store","og_description":"El alisado progresivo Felps Omega Zero Unique Nanoplasty Resistance trae una nueva y poderosa f\u00f3rmula mucho m\u00e1s f\u00e1cil de aplicar, enriquecida con col\u00e1geno, keratina, silicona y una mezcla de nutrientes que alisan mientras nutren y reponen la estructura natural del cabello, haci\u00e9ndolo m\u00e1s saludable y resistente al calor necesario para activar el producto y potenciar los resultados.","og_url":"https:\/\/www.brazilcarestore.com\/es\/product\/los-mejores-cosmeticos-brasilenos-2025-abril\/felps-professional-omega-zero-nanoplasty-resistance-1l\/","og_site_name":"Brazil Care Store","article_publisher":"https:\/\/www.facebook.com\/brazilcarestore","twitter_card":"summary_large_image","twitter_misc":{"Tiempo de lectura":"1 minuto"},"schema":{"@context":"https:\/\/schema.org","@graph":[{"@type":"WebPage","@id":"https:\/\/www.brazilcarestore.com\/es\/product\/los-mejores-cosmeticos-brasilenos-2025-abril\/felps-professional-omega-zero-nanoplasty-resistance-1l\/","url":"https:\/\/www.brazilcarestore.com\/es\/product\/los-mejores-cosmeticos-brasilenos-2025-abril\/felps-professional-omega-zero-nanoplasty-resistance-1l\/","name":"Felps Professional Omega Zero Nanoplasty Resistance 1L - Brazil Care Store","isPartOf":{"@id":"https:\/\/www.brazilcarestore.com\/es\/#website"},"primaryImageOfPage":{"@id":"https:\/\/www.brazilcarestore.com\/es\/product\/los-mejores-cosmeticos-brasilenos-2025-abril\/felps-professional-omega-zero-nanoplasty-resistance-1l\/#primaryimage"},"image":{"@id":"https:\/\/www.brazilcarestore.com\/es\/product\/los-mejores-cosmeticos-brasilenos-2025-abril\/felps-professional-omega-zero-nanoplasty-resistance-1l\/#primaryimage"},"thumbnailUrl":"https:\/\/i0.wp.com\/www.brazilcarestore.com\/wp-content\/uploads\/2025\/04\/257085.jpg?fit=1200%2C1000&ssl=1","datePublished":"2025-04-01T16:10:35+00:00","breadcrumb":{"@id":"https:\/\/www.brazilcarestore.com\/es\/product\/los-mejores-cosmeticos-brasilenos-2025-abril\/felps-professional-omega-zero-nanoplasty-resistance-1l\/#breadcrumb"},"inLanguage":"es","potentialAction":[{"@type":"ReadAction","target":["https:\/\/www.brazilcarestore.com\/es\/product\/los-mejores-cosmeticos-brasilenos-2025-abril\/felps-professional-omega-zero-nanoplasty-resistance-1l\/"]}]},{"@type":"ImageObject","inLanguage":"es","@id":"https:\/\/www.brazilcarestore.com\/es\/product\/los-mejores-cosmeticos-brasilenos-2025-abril\/felps-professional-omega-zero-nanoplasty-resistance-1l\/#primaryimage","url":"https:\/\/i0.wp.com\/www.brazilcarestore.com\/wp-content\/uploads\/2025\/04\/257085.jpg?fit=1200%2C1000&ssl=1","contentUrl":"https:\/\/i0.wp.com\/www.brazilcarestore.com\/wp-content\/uploads\/2025\/04\/257085.jpg?fit=1200%2C1000&ssl=1","width":1200,"height":1000,"caption":"Felps Professional Omega Zero Nanoplasty Resistance 1L"},{"@type":"BreadcrumbList","@id":"https:\/\/www.brazilcarestore.com\/es\/product\/los-mejores-cosmeticos-brasilenos-2025-abril\/felps-professional-omega-zero-nanoplasty-resistance-1l\/#breadcrumb","itemListElement":[{"@type":"ListItem","position":1,"name":"Home","item":"https:\/\/www.brazilcarestore.com\/es\/"},{"@type":"ListItem","position":2,"name":"Tienda","item":"https:\/\/www.brazilcarestore.com\/es\/tienda\/"},{"@type":"ListItem","position":3,"name":"Felps Professional Omega Zero Nanoplasty Resistance 1L"}]},{"@type":"WebSite","@id":"https:\/\/www.brazilcarestore.com\/es\/#website","url":"https:\/\/www.brazilcarestore.com\/es\/","name":"Brazil Care Store","description":"The way to Beauty","publisher":{"@id":"https:\/\/www.brazilcarestore.com\/es\/#organization"},"potentialAction":[{"@type":"SearchAction","target":{"@type":"EntryPoint","urlTemplate":"https:\/\/www.brazilcarestore.com\/es\/?s={search_term_string}"},"query-input":{"@type":"PropertyValueSpecification","valueRequired":true,"valueName":"search_term_string"}}],"inLanguage":"es"},{"@type":"Organization","@id":"https:\/\/www.brazilcarestore.com\/es\/#organization","name":"Brazil Care Store","url":"https:\/\/www.brazilcarestore.com\/es\/","logo":{"@type":"ImageObject","inLanguage":"es","@id":"https:\/\/www.brazilcarestore.com\/es\/#\/schema\/logo\/image\/","url":"https:\/\/i0.wp.com\/www.brazilcarestore.com\/wp-content\/uploads\/2024\/02\/Brazil-Care-Store.png?fit=350%2C369&ssl=1","contentUrl":"https:\/\/i0.wp.com\/www.brazilcarestore.com\/wp-content\/uploads\/2024\/02\/Brazil-Care-Store.png?fit=350%2C369&ssl=1","width":350,"height":369,"caption":"Brazil Care Store"},"image":{"@id":"https:\/\/www.brazilcarestore.com\/es\/#\/schema\/logo\/image\/"},"sameAs":["https:\/\/www.facebook.com\/brazilcarestore","https:\/\/www.instagram.com\/brazilcarestore","https:\/\/www.tiktok.com\/@brazilcarestore"]}]}},"_links":{"self":[{"href":"https:\/\/www.brazilcarestore.com\/es\/wp-json\/wp\/v2\/product\/2712","targetHints":{"allow":["GET"]}}],"collection":[{"href":"https:\/\/www.brazilcarestore.com\/es\/wp-json\/wp\/v2\/product"}],"about":[{"href":"https:\/\/www.brazilcarestore.com\/es\/wp-json\/wp\/v2\/types\/product"}],"wp:featuredmedia":[{"embeddable":true,"href":"https:\/\/www.brazilcarestore.com\/es\/wp-json\/wp\/v2\/media\/2583"}],"wp:attachment":[{"href":"https:\/\/www.brazilcarestore.com\/es\/wp-json\/wp\/v2\/media?parent=2712"}],"wp:term":[{"taxonomy":"product_brand","embeddable":true,"href":"https:\/\/www.brazilcarestore.com\/es\/wp-json\/wp\/v2\/product_brand?post=2712"},{"taxonomy":"product_cat","embeddable":true,"href":"https:\/\/www.brazilcarestore.com\/es\/wp-json\/wp\/v2\/product_cat?post=2712"},{"taxonomy":"product_tag","embeddable":true,"href":"https:\/\/www.brazilcarestore.com\/es\/wp-json\/wp\/v2\/product_tag?post=2712"}],"curies":[{"name":"wp","href":"https:\/\/api.w.org\/{rel}","templated":true}]}}