{"id":2711,"date":"2025-04-01T13:17:14","date_gmt":"2025-04-01T16:17:14","guid":{"rendered":"https:\/\/www.brazilcarestore.com\/product\/sin categor\u00eda\/kit-premium-salvatore-blue-gold-1l-pasos-1-y-2\/"},"modified":"2025-04-01T13:17:14","modified_gmt":"2025-04-01T16:17:14","slug":"kit-premium-salvatore-blue-gold-1l-pasos-1-y-2","status":"publish","type":"product","link":"https:\/\/www.brazilcarestore.com\/es\/product\/salvatore-es\/kit-premium-salvatore-blue-gold-1l-pasos-1-y-2\/","title":{"rendered":"Kit Premium Salvatore Blue Gold 1L Pasos 1 y 2"},"content":{"rendered":"<p class=\"\" data-start=\"42\" data-end=\"185\">El alisador Blue Gold Premium est\u00e1 libre de formaldeh\u00eddo y libre de sus derivados, proporcionando un efecto de alisado natural y con equilibrio.<\/p>\n<p class=\"\" data-start=\"187\" data-end=\"249\">Indicaci\u00f3n: Todo tipo de cabello, siempre que est\u00e9 sano.<\/p>\n<p class=\"\" data-start=\"251\" data-end=\"659\">Su principal ingrediente activo, el tanino, se extrae de diversos \u00e1rboles y act\u00faa internamente en la fibra capilar. La f\u00f3rmula tambi\u00e9n contiene una mezcla de activos de tratamiento que nutren y cuidan el cabello, resultando en una f\u00f3rmula m\u00e1s consistente. No impermeabiliza las fibras y alisa desde el cabello fino y ondulado hasta el m\u00e1s rizado y resistente, logrando un alisado de hasta el 100%.  <\/p>\n","protected":false},"excerpt":{"rendered":"<p>El alisador Blue Gold Premium est\u00e1 libre de formaldeh\u00eddo y libre de sus derivados, proporcionando un efecto de alisado natural y con equilibrio.<\/p>\n","protected":false},"featured_media":2590,"template":"","meta":[],"product_brand":[222],"product_cat":[233,232],"product_tag":[146],"class_list":{"0":"post-2711","1":"product","2":"type-product","3":"status-publish","4":"has-post-thumbnail","6":"product_brand-salvatore","7":"product_cat-los-mejores-cosmeticos-brasilenos-2025-abril","8":"product_cat-salvatore-es","9":"product_tag-tratamiento-capilar","10":"product_shipping_class-1l-es","12":"first","13":"instock","14":"sale","15":"shipping-taxable","16":"purchasable","17":"product-type-simple"},"yoast_head":"<!-- This site is optimized with the Yoast SEO plugin v27.1.1 - https:\/\/yoast.com\/product\/yoast-seo-wordpress\/ -->\n<title>Kit Premium Salvatore Blue Gold 1L Pasos 1 y 2 - Brazil Care Store<\/title>\n<meta name=\"robots\" content=\"index, follow, max-snippet:-1, max-image-preview:large, max-video-preview:-1\" \/>\n<link rel=\"canonical\" href=\"https:\/\/www.brazilcarestore.com\/es\/product\/salvatore-es\/kit-premium-salvatore-blue-gold-1l-pasos-1-y-2\/\" \/>\n<meta property=\"og:locale\" content=\"es_ES\" \/>\n<meta property=\"og:type\" content=\"article\" \/>\n<meta property=\"og:title\" content=\"Kit Premium Salvatore Blue Gold 1L Pasos 1 y 2 - Brazil Care Store\" \/>\n<meta property=\"og:description\" content=\"El alisador Blue Gold Premium est\u00e1 libre de formaldeh\u00eddo y libre de sus derivados, proporcionando un efecto de alisado natural y con equilibrio.\" \/>\n<meta property=\"og:url\" content=\"https:\/\/www.brazilcarestore.com\/es\/product\/salvatore-es\/kit-premium-salvatore-blue-gold-1l-pasos-1-y-2\/\" \/>\n<meta property=\"og:site_name\" content=\"Brazil Care Store\" \/>\n<meta property=\"article:publisher\" content=\"https:\/\/www.facebook.com\/brazilcarestore\" \/>\n<meta name=\"twitter:card\" content=\"summary_large_image\" \/>\n<meta name=\"twitter:label1\" content=\"Tiempo de lectura\" \/>\n\t<meta name=\"twitter:data1\" content=\"1 minuto\" \/>\n<script type=\"application\/ld+json\" class=\"yoast-schema-graph\">{\"@context\":\"https:\/\/schema.org\",\"@graph\":[{\"@type\":\"WebPage\",\"@id\":\"https:\/\/www.brazilcarestore.com\/es\/product\/salvatore-es\/kit-premium-salvatore-blue-gold-1l-pasos-1-y-2\/\",\"url\":\"https:\/\/www.brazilcarestore.com\/es\/product\/salvatore-es\/kit-premium-salvatore-blue-gold-1l-pasos-1-y-2\/\",\"name\":\"Kit Premium Salvatore Blue Gold 1L Pasos 1 y 2 - Brazil Care Store\",\"isPartOf\":{\"@id\":\"https:\/\/www.brazilcarestore.com\/es\/#website\"},\"primaryImageOfPage\":{\"@id\":\"https:\/\/www.brazilcarestore.com\/es\/product\/salvatore-es\/kit-premium-salvatore-blue-gold-1l-pasos-1-y-2\/#primaryimage\"},\"image\":{\"@id\":\"https:\/\/www.brazilcarestore.com\/es\/product\/salvatore-es\/kit-premium-salvatore-blue-gold-1l-pasos-1-y-2\/#primaryimage\"},\"thumbnailUrl\":\"https:\/\/i0.wp.com\/www.brazilcarestore.com\/wp-content\/uploads\/2025\/04\/kit_blue_gold_premium_1l_passo_1_e_2_227_1_9f80dc013f118b803f84c9973542404e.jpg?fit=720%2C720&ssl=1\",\"datePublished\":\"2025-04-01T16:17:14+00:00\",\"breadcrumb\":{\"@id\":\"https:\/\/www.brazilcarestore.com\/es\/product\/salvatore-es\/kit-premium-salvatore-blue-gold-1l-pasos-1-y-2\/#breadcrumb\"},\"inLanguage\":\"es\",\"potentialAction\":[{\"@type\":\"ReadAction\",\"target\":[\"https:\/\/www.brazilcarestore.com\/es\/product\/salvatore-es\/kit-premium-salvatore-blue-gold-1l-pasos-1-y-2\/\"]}]},{\"@type\":\"ImageObject\",\"inLanguage\":\"es\",\"@id\":\"https:\/\/www.brazilcarestore.com\/es\/product\/salvatore-es\/kit-premium-salvatore-blue-gold-1l-pasos-1-y-2\/#primaryimage\",\"url\":\"https:\/\/i0.wp.com\/www.brazilcarestore.com\/wp-content\/uploads\/2025\/04\/kit_blue_gold_premium_1l_passo_1_e_2_227_1_9f80dc013f118b803f84c9973542404e.jpg?fit=720%2C720&ssl=1\",\"contentUrl\":\"https:\/\/i0.wp.com\/www.brazilcarestore.com\/wp-content\/uploads\/2025\/04\/kit_blue_gold_premium_1l_passo_1_e_2_227_1_9f80dc013f118b803f84c9973542404e.jpg?fit=720%2C720&ssl=1\",\"width\":720,\"height\":720,\"caption\":\"Kit Premium Salvatore Blue Gold 1L Pasos 1 y 2\"},{\"@type\":\"BreadcrumbList\",\"@id\":\"https:\/\/www.brazilcarestore.com\/es\/product\/salvatore-es\/kit-premium-salvatore-blue-gold-1l-pasos-1-y-2\/#breadcrumb\",\"itemListElement\":[{\"@type\":\"ListItem\",\"position\":1,\"name\":\"Home\",\"item\":\"https:\/\/www.brazilcarestore.com\/es\/\"},{\"@type\":\"ListItem\",\"position\":2,\"name\":\"Tienda\",\"item\":\"https:\/\/www.brazilcarestore.com\/es\/tienda\/\"},{\"@type\":\"ListItem\",\"position\":3,\"name\":\"Kit Premium Salvatore Blue Gold 1L Pasos 1 y 2\"}]},{\"@type\":\"WebSite\",\"@id\":\"https:\/\/www.brazilcarestore.com\/es\/#website\",\"url\":\"https:\/\/www.brazilcarestore.com\/es\/\",\"name\":\"Brazil Care Store\",\"description\":\"The way to Beauty\",\"publisher\":{\"@id\":\"https:\/\/www.brazilcarestore.com\/es\/#organization\"},\"potentialAction\":[{\"@type\":\"SearchAction\",\"target\":{\"@type\":\"EntryPoint\",\"urlTemplate\":\"https:\/\/www.brazilcarestore.com\/es\/?s={search_term_string}\"},\"query-input\":{\"@type\":\"PropertyValueSpecification\",\"valueRequired\":true,\"valueName\":\"search_term_string\"}}],\"inLanguage\":\"es\"},{\"@type\":\"Organization\",\"@id\":\"https:\/\/www.brazilcarestore.com\/es\/#organization\",\"name\":\"Brazil Care Store\",\"url\":\"https:\/\/www.brazilcarestore.com\/es\/\",\"logo\":{\"@type\":\"ImageObject\",\"inLanguage\":\"es\",\"@id\":\"https:\/\/www.brazilcarestore.com\/es\/#\/schema\/logo\/image\/\",\"url\":\"https:\/\/i0.wp.com\/www.brazilcarestore.com\/wp-content\/uploads\/2024\/02\/Brazil-Care-Store.png?fit=350%2C369&ssl=1\",\"contentUrl\":\"https:\/\/i0.wp.com\/www.brazilcarestore.com\/wp-content\/uploads\/2024\/02\/Brazil-Care-Store.png?fit=350%2C369&ssl=1\",\"width\":350,\"height\":369,\"caption\":\"Brazil Care Store\"},\"image\":{\"@id\":\"https:\/\/www.brazilcarestore.com\/es\/#\/schema\/logo\/image\/\"},\"sameAs\":[\"https:\/\/www.facebook.com\/brazilcarestore\",\"https:\/\/www.instagram.com\/brazilcarestore\",\"https:\/\/www.tiktok.com\/@brazilcarestore\"]}]}<\/script>\n<!-- \/ Yoast SEO plugin. -->","yoast_head_json":{"title":"Kit Premium Salvatore Blue Gold 1L Pasos 1 y 2 - Brazil Care Store","robots":{"index":"index","follow":"follow","max-snippet":"max-snippet:-1","max-image-preview":"max-image-preview:large","max-video-preview":"max-video-preview:-1"},"canonical":"https:\/\/www.brazilcarestore.com\/es\/product\/salvatore-es\/kit-premium-salvatore-blue-gold-1l-pasos-1-y-2\/","og_locale":"es_ES","og_type":"article","og_title":"Kit Premium Salvatore Blue Gold 1L Pasos 1 y 2 - Brazil Care Store","og_description":"El alisador Blue Gold Premium est\u00e1 libre de formaldeh\u00eddo y libre de sus derivados, proporcionando un efecto de alisado natural y con equilibrio.","og_url":"https:\/\/www.brazilcarestore.com\/es\/product\/salvatore-es\/kit-premium-salvatore-blue-gold-1l-pasos-1-y-2\/","og_site_name":"Brazil Care Store","article_publisher":"https:\/\/www.facebook.com\/brazilcarestore","twitter_card":"summary_large_image","twitter_misc":{"Tiempo de lectura":"1 minuto"},"schema":{"@context":"https:\/\/schema.org","@graph":[{"@type":"WebPage","@id":"https:\/\/www.brazilcarestore.com\/es\/product\/salvatore-es\/kit-premium-salvatore-blue-gold-1l-pasos-1-y-2\/","url":"https:\/\/www.brazilcarestore.com\/es\/product\/salvatore-es\/kit-premium-salvatore-blue-gold-1l-pasos-1-y-2\/","name":"Kit Premium Salvatore Blue Gold 1L Pasos 1 y 2 - Brazil Care Store","isPartOf":{"@id":"https:\/\/www.brazilcarestore.com\/es\/#website"},"primaryImageOfPage":{"@id":"https:\/\/www.brazilcarestore.com\/es\/product\/salvatore-es\/kit-premium-salvatore-blue-gold-1l-pasos-1-y-2\/#primaryimage"},"image":{"@id":"https:\/\/www.brazilcarestore.com\/es\/product\/salvatore-es\/kit-premium-salvatore-blue-gold-1l-pasos-1-y-2\/#primaryimage"},"thumbnailUrl":"https:\/\/i0.wp.com\/www.brazilcarestore.com\/wp-content\/uploads\/2025\/04\/kit_blue_gold_premium_1l_passo_1_e_2_227_1_9f80dc013f118b803f84c9973542404e.jpg?fit=720%2C720&ssl=1","datePublished":"2025-04-01T16:17:14+00:00","breadcrumb":{"@id":"https:\/\/www.brazilcarestore.com\/es\/product\/salvatore-es\/kit-premium-salvatore-blue-gold-1l-pasos-1-y-2\/#breadcrumb"},"inLanguage":"es","potentialAction":[{"@type":"ReadAction","target":["https:\/\/www.brazilcarestore.com\/es\/product\/salvatore-es\/kit-premium-salvatore-blue-gold-1l-pasos-1-y-2\/"]}]},{"@type":"ImageObject","inLanguage":"es","@id":"https:\/\/www.brazilcarestore.com\/es\/product\/salvatore-es\/kit-premium-salvatore-blue-gold-1l-pasos-1-y-2\/#primaryimage","url":"https:\/\/i0.wp.com\/www.brazilcarestore.com\/wp-content\/uploads\/2025\/04\/kit_blue_gold_premium_1l_passo_1_e_2_227_1_9f80dc013f118b803f84c9973542404e.jpg?fit=720%2C720&ssl=1","contentUrl":"https:\/\/i0.wp.com\/www.brazilcarestore.com\/wp-content\/uploads\/2025\/04\/kit_blue_gold_premium_1l_passo_1_e_2_227_1_9f80dc013f118b803f84c9973542404e.jpg?fit=720%2C720&ssl=1","width":720,"height":720,"caption":"Kit Premium Salvatore Blue Gold 1L Pasos 1 y 2"},{"@type":"BreadcrumbList","@id":"https:\/\/www.brazilcarestore.com\/es\/product\/salvatore-es\/kit-premium-salvatore-blue-gold-1l-pasos-1-y-2\/#breadcrumb","itemListElement":[{"@type":"ListItem","position":1,"name":"Home","item":"https:\/\/www.brazilcarestore.com\/es\/"},{"@type":"ListItem","position":2,"name":"Tienda","item":"https:\/\/www.brazilcarestore.com\/es\/tienda\/"},{"@type":"ListItem","position":3,"name":"Kit Premium Salvatore Blue Gold 1L Pasos 1 y 2"}]},{"@type":"WebSite","@id":"https:\/\/www.brazilcarestore.com\/es\/#website","url":"https:\/\/www.brazilcarestore.com\/es\/","name":"Brazil Care Store","description":"The way to Beauty","publisher":{"@id":"https:\/\/www.brazilcarestore.com\/es\/#organization"},"potentialAction":[{"@type":"SearchAction","target":{"@type":"EntryPoint","urlTemplate":"https:\/\/www.brazilcarestore.com\/es\/?s={search_term_string}"},"query-input":{"@type":"PropertyValueSpecification","valueRequired":true,"valueName":"search_term_string"}}],"inLanguage":"es"},{"@type":"Organization","@id":"https:\/\/www.brazilcarestore.com\/es\/#organization","name":"Brazil Care Store","url":"https:\/\/www.brazilcarestore.com\/es\/","logo":{"@type":"ImageObject","inLanguage":"es","@id":"https:\/\/www.brazilcarestore.com\/es\/#\/schema\/logo\/image\/","url":"https:\/\/i0.wp.com\/www.brazilcarestore.com\/wp-content\/uploads\/2024\/02\/Brazil-Care-Store.png?fit=350%2C369&ssl=1","contentUrl":"https:\/\/i0.wp.com\/www.brazilcarestore.com\/wp-content\/uploads\/2024\/02\/Brazil-Care-Store.png?fit=350%2C369&ssl=1","width":350,"height":369,"caption":"Brazil Care Store"},"image":{"@id":"https:\/\/www.brazilcarestore.com\/es\/#\/schema\/logo\/image\/"},"sameAs":["https:\/\/www.facebook.com\/brazilcarestore","https:\/\/www.instagram.com\/brazilcarestore","https:\/\/www.tiktok.com\/@brazilcarestore"]}]}},"_links":{"self":[{"href":"https:\/\/www.brazilcarestore.com\/es\/wp-json\/wp\/v2\/product\/2711","targetHints":{"allow":["GET"]}}],"collection":[{"href":"https:\/\/www.brazilcarestore.com\/es\/wp-json\/wp\/v2\/product"}],"about":[{"href":"https:\/\/www.brazilcarestore.com\/es\/wp-json\/wp\/v2\/types\/product"}],"wp:featuredmedia":[{"embeddable":true,"href":"https:\/\/www.brazilcarestore.com\/es\/wp-json\/wp\/v2\/media\/2590"}],"wp:attachment":[{"href":"https:\/\/www.brazilcarestore.com\/es\/wp-json\/wp\/v2\/media?parent=2711"}],"wp:term":[{"taxonomy":"product_brand","embeddable":true,"href":"https:\/\/www.brazilcarestore.com\/es\/wp-json\/wp\/v2\/product_brand?post=2711"},{"taxonomy":"product_cat","embeddable":true,"href":"https:\/\/www.brazilcarestore.com\/es\/wp-json\/wp\/v2\/product_cat?post=2711"},{"taxonomy":"product_tag","embeddable":true,"href":"https:\/\/www.brazilcarestore.com\/es\/wp-json\/wp\/v2\/product_tag?post=2711"}],"curies":[{"name":"wp","href":"https:\/\/api.w.org\/{rel}","templated":true}]}}