{"id":2710,"date":"2025-04-01T13:24:46","date_gmt":"2025-04-01T16:24:46","guid":{"rendered":"https:\/\/www.brazilcarestore.com\/product\/sin%20categor\u00eda\/alisador-de-cabello-salvatore-blue-gold-2x1l-hair-pro\/"},"modified":"2025-04-10T16:35:29","modified_gmt":"2025-04-10T19:35:29","slug":"alisador-de-cabello-salvatore-blue-gold-2x1l-hair-pro","status":"publish","type":"product","link":"https:\/\/www.brazilcarestore.com\/es\/product\/salvatore-es\/alisador-de-cabello-salvatore-blue-gold-2x1l-hair-pro\/","title":{"rendered":"Alisador de cabello Salvatore Blue Gold 2x1L &#8211; Hair Pro"},"content":{"rendered":"<p>El tratamiento profesional pionero de Salvatore Cosmetics, Blue Gold, se consolida cada vez m\u00e1s y se mantiene fiel a los principios expuestos desde su lanzamiento. Consolida progresivamente los resultados eficaces de un producto completo de Realineaci\u00f3n Capilar.<\/p>\n<p>-0% Formol y derivados<br \/>\n-Alinea hasta 100% de forma natural;<br \/>\n-Act\u00faa directamente dentro de la fibra, resultando en un cabello reestructurado y reconstruido;<br \/>\n-Crea una red de prote\u00ednas y mayor adherencia de los activos al Tratamiento;<br \/>\n-No impermeabiliza el cabello, ni da\u00f1a la fibra;<\/p>\n<p>-No modifica la estructura interna del cabello, proporcionando un alisado natural.<br \/>\n-Aprobado por laboratorios nacionales e internacionales.<br \/>\n-No representa ning\u00fan riesgo para la salud del cliente ni del profesional.<br \/>\n-Comodidad de aplicaci\u00f3n: sin humo, ardor en los ojos ni irritaci\u00f3n en las v\u00edas respiratorias.<br \/>\n-Compatible con todo tipo de cabello.<br \/>\n-Mayor seguridad en cabello rubio o decolorado.<br \/>\n-Presente en m\u00e1s de 20 pa\u00edses.<\/p>\n<p><strong>TANINOPLASTIA\u00ae<\/strong><br \/>\nLa Taninoplastia es el equilibrio entre naturaleza y tecnolog\u00eda, que transforma la materia prima Tanino en un elemento capaz de sintetizar las prote\u00ednas asociadas a \u00e9l.<\/p>\n<p>Desarrollado y patentado exclusivamente en nuestros laboratorios con los m\u00e1s avanzados activos, 0% Formol y Derivados, es el primero en el mundo a base de Tanino, principal acci\u00f3n activa del Tratamiento, que act\u00faa rellenando y reconstruyendo los hilos al ser activado por la temperatura de la plancha, dando como resultado un cabello liso, sano, resistente, con brillo intenso y aspecto natural.<\/p>\n<p>Utilizamos Tanino en sus diversas presentaciones, revelando en cada producto Salvatore su m\u00e1ximo rendimiento. Entre sus diversas funciones, cumplen las siguientes:<\/p>\n<p>AGLUTINADOR DE PROTE\u00cdNAS: Conduce cualquier activo asociado a \u00e9l, provocando mayor penetraci\u00f3n en la fibra y adherencia de los activos en el hilo;<br \/>\nADSTRINGENTE: Equilibra la producci\u00f3n de aceite natural de la gl\u00e1ndula seb\u00e1cea;<br \/>\nBACTERICIDA: Previene la proliferaci\u00f3n de bacterias;<br \/>\nANTIS\u00c9PTICO: Promueve la cicatrizaci\u00f3n y renovaci\u00f3n celular, tratando posibles heridas o alergias presentes en la dermis.<\/p>\n<p><strong>Activos<\/strong>:<br \/>\n\u2022 <strong>AMINO\u00c1CIDOS<\/strong>: Los 19 amino\u00e1cidos encargados de la nutrici\u00f3n y reestructuraci\u00f3n del hilo, frenando as\u00ed la rotura excesiva del hilo causada por la falta de nutrientes.<br \/>\n\u2022 <strong>PROTE\u00cdNA DE SEDA<\/strong>: Pel\u00edcula protectora biol\u00f3gica, protectora de la cut\u00edcula, responsable de la nutrici\u00f3n e hidrataci\u00f3n (interna y externa), aumenta la resistencia y elasticidad, reconstituci\u00f3n del brillo natural.<br \/>\n\u2022 <strong>QUERATINA NATURAL HIDROLIZADA<\/strong>: Aumenta la absorci\u00f3n capilar, mejora la peinabilidad en h\u00famedo y seco, rica en Glicina, Cistina y Ciste\u00edna, proporciona un crecimiento uniforme y saludable, hilos fuertes y suaves.<br \/>\n\u2022 <strong>COL\u00c1GENO BIOL\u00d3GICO<\/strong>: Brillo, suavidad, previene y combate las puntas abiertas, pel\u00edcula hidratante natural y reductora de la agresividad de los agentes qu\u00edmicos y f\u00edsicos.<br \/>\n\u2022 <strong>CEMENTO INTERCELULAR<\/strong>: Responsable del fortalecimiento y perfecto sellado de las cut\u00edculas.<br \/>\n\u2022 <strong>VITAMINAS E y C<\/strong>: Antioxidantes naturales y protectores del ADN capilar. Protecci\u00f3n contra radicales libres, hidrataci\u00f3n y revitalizaci\u00f3n natural, rayos UV y preservaci\u00f3n del color.<br \/>\n\u2022 <strong>VITAMINAS B3, B5 Y B6<\/strong>: Activadores del metabolismo celular, estimulan la circulaci\u00f3n sangu\u00ednea, activan el transporte de ox\u00edgeno a los fol\u00edculos pilosos, estimulan el crecimiento y la regeneraci\u00f3n tisular, humectantes y emolientes.<br \/>\n\u2022 <strong>EXTRACTOS VEGETALES<\/strong>: Guaran\u00e1, Bamb\u00fa y Frutos Rojos. Act\u00faan directamente en la reposici\u00f3n de nutrientes para la reversi\u00f3n de procesos qu\u00edmicos y f\u00edsicos.<br \/>\n\u2022 <strong>ACEITES NATURALES<\/strong>: Macadamia, Tucum\u00e3 y Cupua\u00e7u. Excelentes emolientes, hidratantes, desobstructores de la circulaci\u00f3n capilar y protectores t\u00e9rmicos.<br \/>\n\u2022 <strong>T\u00c9 VERDE (CAMELLIA SINENSIS)<\/strong>: Alto poder antioxidante, regulador de la grasa del cuero cabelludo, previene la ca\u00edda del cabello y alta acci\u00f3n bactericida.<br \/>\n\u2022 <strong>NOBLES DE SILICONAS<\/strong>: Ciclometicona, Dimeticona y Ciclopentasiloxano. Act\u00faan como protectores t\u00e9rmicos, desintegradores, activadores del brillo, la suavidad y la sedosidad.<\/p>\n<p><strong>Modo de uso<\/strong>:<br \/>\n&#8211; Lavar el cabello con el champ\u00fa dilatador Paso 1 Blue Gold las cut\u00edculas, masajeando suavemente con las yemas de los dedos, sin frotar el cuero cabelludo, hasta obtener espuma.<br \/>\n&#8211; Repartir uniformemente por todo el cabello, enjuagar con abundante agua<br \/>\n&#8211; Repetir el proceso tres veces, la tercera dejar actuar el producto por 20 minutos y luego enjuagar.<br \/>\nConsejo: En caso de cabello extremadamente da\u00f1ado o rubio, el tiempo queda a criterio del profesional.<br \/>\n&#8211; Seca el 100% del cabello y divide el cabello en secciones.<br \/>\n&#8211; Aplicar la Crema Acondicionadora Factor Paso 2 Blue Gold desde la ra\u00edz hasta las puntas.<br \/>\n&#8211; Aseg\u00farate de que todos los hilos est\u00e9n uniformemente h\u00famedos y deja que el Creme Conditioning Factor act\u00fae durante 30 minutos para que el cabello absorba todas las propiedades del producto.<br \/>\n&#8211; Enjuaga tu cabello retirando el exceso de producto.<br \/>\n&#8211; Secar el cabello con el secador y finalizar con la plancha al menos 10 veces lentamente.<\/p>\n<p><strong>Contiene<\/strong>:<br \/>\n01 &#8211; Crema Acondicionadora Reconstructora Blue Gold 1000ml<br \/>\n01 &#8211; Champ\u00fa Preparador Blue Gold 1000ml<\/p>\n","protected":false},"excerpt":{"rendered":"<p>El tratamiento profesional pionero de Salvatore Cosmetics, Blue Gold, se consolida cada vez m\u00e1s y se mantiene fiel a los principios expuestos desde su lanzamiento. Consolida progresivamente los resultados eficaces de un producto completo de Realineaci\u00f3n Capilar.<\/p>\n","protected":false},"featured_media":2600,"template":"","meta":[],"product_brand":[222],"product_cat":[233,232],"product_tag":[146],"class_list":{"0":"post-2710","1":"product","2":"type-product","3":"status-publish","4":"has-post-thumbnail","6":"product_brand-salvatore","7":"product_cat-los-mejores-cosmeticos-brasilenos-2025-abril","8":"product_cat-salvatore-es","9":"product_tag-tratamiento-capilar","10":"product_shipping_class-1l-es","12":"first","13":"instock","14":"sale","15":"shipping-taxable","16":"purchasable","17":"product-type-simple"},"yoast_head":"<!-- This site is optimized with the Yoast SEO plugin v27.1.1 - https:\/\/yoast.com\/product\/yoast-seo-wordpress\/ -->\n<title>Alisador de cabello Salvatore Blue Gold 2x1L - Hair Pro - Brazil Care Store<\/title>\n<meta name=\"robots\" content=\"index, follow, max-snippet:-1, max-image-preview:large, max-video-preview:-1\" \/>\n<link rel=\"canonical\" href=\"https:\/\/www.brazilcarestore.com\/es\/product\/salvatore-es\/alisador-de-cabello-salvatore-blue-gold-2x1l-hair-pro\/\" \/>\n<meta property=\"og:locale\" content=\"es_ES\" \/>\n<meta property=\"og:type\" content=\"article\" \/>\n<meta property=\"og:title\" content=\"Alisador de cabello Salvatore Blue Gold 2x1L - Hair Pro - Brazil Care Store\" \/>\n<meta property=\"og:description\" content=\"El tratamiento profesional pionero de Salvatore Cosmetics, Blue Gold, se consolida cada vez m\u00e1s y se mantiene fiel a los principios expuestos desde su lanzamiento. Consolida progresivamente los resultados eficaces de un producto completo de Realineaci\u00f3n Capilar.\" \/>\n<meta property=\"og:url\" content=\"https:\/\/www.brazilcarestore.com\/es\/product\/salvatore-es\/alisador-de-cabello-salvatore-blue-gold-2x1l-hair-pro\/\" \/>\n<meta property=\"og:site_name\" content=\"Brazil Care Store\" \/>\n<meta property=\"article:publisher\" content=\"https:\/\/www.facebook.com\/brazilcarestore\" \/>\n<meta property=\"article:modified_time\" content=\"2025-04-10T19:35:29+00:00\" \/>\n<meta property=\"og:image\" content=\"https:\/\/www.brazilcarestore.com\/wp-content\/uploads\/2025\/04\/c7e65f163292ea9ca7208bc92b514182.webp\" \/>\n\t<meta property=\"og:image:width\" content=\"559\" \/>\n\t<meta property=\"og:image:height\" content=\"560\" \/>\n\t<meta property=\"og:image:type\" content=\"image\/webp\" \/>\n<meta name=\"twitter:card\" content=\"summary_large_image\" \/>\n<meta name=\"twitter:label1\" content=\"Tiempo de lectura\" \/>\n\t<meta name=\"twitter:data1\" content=\"4 minutos\" \/>\n<script type=\"application\/ld+json\" class=\"yoast-schema-graph\">{\"@context\":\"https:\/\/schema.org\",\"@graph\":[{\"@type\":\"WebPage\",\"@id\":\"https:\/\/www.brazilcarestore.com\/es\/product\/salvatore-es\/alisador-de-cabello-salvatore-blue-gold-2x1l-hair-pro\/\",\"url\":\"https:\/\/www.brazilcarestore.com\/es\/product\/salvatore-es\/alisador-de-cabello-salvatore-blue-gold-2x1l-hair-pro\/\",\"name\":\"Alisador de cabello Salvatore Blue Gold 2x1L - Hair Pro - Brazil Care Store\",\"isPartOf\":{\"@id\":\"https:\/\/www.brazilcarestore.com\/es\/#website\"},\"primaryImageOfPage\":{\"@id\":\"https:\/\/www.brazilcarestore.com\/es\/product\/salvatore-es\/alisador-de-cabello-salvatore-blue-gold-2x1l-hair-pro\/#primaryimage\"},\"image\":{\"@id\":\"https:\/\/www.brazilcarestore.com\/es\/product\/salvatore-es\/alisador-de-cabello-salvatore-blue-gold-2x1l-hair-pro\/#primaryimage\"},\"thumbnailUrl\":\"https:\/\/i0.wp.com\/www.brazilcarestore.com\/wp-content\/uploads\/2025\/04\/c7e65f163292ea9ca7208bc92b514182.webp?fit=559%2C560&ssl=1\",\"datePublished\":\"2025-04-01T16:24:46+00:00\",\"dateModified\":\"2025-04-10T19:35:29+00:00\",\"breadcrumb\":{\"@id\":\"https:\/\/www.brazilcarestore.com\/es\/product\/salvatore-es\/alisador-de-cabello-salvatore-blue-gold-2x1l-hair-pro\/#breadcrumb\"},\"inLanguage\":\"es\",\"potentialAction\":[{\"@type\":\"ReadAction\",\"target\":[\"https:\/\/www.brazilcarestore.com\/es\/product\/salvatore-es\/alisador-de-cabello-salvatore-blue-gold-2x1l-hair-pro\/\"]}]},{\"@type\":\"ImageObject\",\"inLanguage\":\"es\",\"@id\":\"https:\/\/www.brazilcarestore.com\/es\/product\/salvatore-es\/alisador-de-cabello-salvatore-blue-gold-2x1l-hair-pro\/#primaryimage\",\"url\":\"https:\/\/i0.wp.com\/www.brazilcarestore.com\/wp-content\/uploads\/2025\/04\/c7e65f163292ea9ca7208bc92b514182.webp?fit=559%2C560&ssl=1\",\"contentUrl\":\"https:\/\/i0.wp.com\/www.brazilcarestore.com\/wp-content\/uploads\/2025\/04\/c7e65f163292ea9ca7208bc92b514182.webp?fit=559%2C560&ssl=1\",\"width\":559,\"height\":560,\"caption\":\"Alisador de cabello Salvatore Blue Gold x2 1L - Hair Pro\"},{\"@type\":\"BreadcrumbList\",\"@id\":\"https:\/\/www.brazilcarestore.com\/es\/product\/salvatore-es\/alisador-de-cabello-salvatore-blue-gold-2x1l-hair-pro\/#breadcrumb\",\"itemListElement\":[{\"@type\":\"ListItem\",\"position\":1,\"name\":\"Home\",\"item\":\"https:\/\/www.brazilcarestore.com\/es\/\"},{\"@type\":\"ListItem\",\"position\":2,\"name\":\"Tienda\",\"item\":\"https:\/\/www.brazilcarestore.com\/es\/tienda\/\"},{\"@type\":\"ListItem\",\"position\":3,\"name\":\"Alisador de cabello Salvatore Blue Gold 2x1L &#8211; Hair Pro\"}]},{\"@type\":\"WebSite\",\"@id\":\"https:\/\/www.brazilcarestore.com\/es\/#website\",\"url\":\"https:\/\/www.brazilcarestore.com\/es\/\",\"name\":\"Brazil Care Store\",\"description\":\"The way to Beauty\",\"publisher\":{\"@id\":\"https:\/\/www.brazilcarestore.com\/es\/#organization\"},\"potentialAction\":[{\"@type\":\"SearchAction\",\"target\":{\"@type\":\"EntryPoint\",\"urlTemplate\":\"https:\/\/www.brazilcarestore.com\/es\/?s={search_term_string}\"},\"query-input\":{\"@type\":\"PropertyValueSpecification\",\"valueRequired\":true,\"valueName\":\"search_term_string\"}}],\"inLanguage\":\"es\"},{\"@type\":\"Organization\",\"@id\":\"https:\/\/www.brazilcarestore.com\/es\/#organization\",\"name\":\"Brazil Care Store\",\"url\":\"https:\/\/www.brazilcarestore.com\/es\/\",\"logo\":{\"@type\":\"ImageObject\",\"inLanguage\":\"es\",\"@id\":\"https:\/\/www.brazilcarestore.com\/es\/#\/schema\/logo\/image\/\",\"url\":\"https:\/\/i0.wp.com\/www.brazilcarestore.com\/wp-content\/uploads\/2024\/02\/Brazil-Care-Store.png?fit=350%2C369&ssl=1\",\"contentUrl\":\"https:\/\/i0.wp.com\/www.brazilcarestore.com\/wp-content\/uploads\/2024\/02\/Brazil-Care-Store.png?fit=350%2C369&ssl=1\",\"width\":350,\"height\":369,\"caption\":\"Brazil Care Store\"},\"image\":{\"@id\":\"https:\/\/www.brazilcarestore.com\/es\/#\/schema\/logo\/image\/\"},\"sameAs\":[\"https:\/\/www.facebook.com\/brazilcarestore\",\"https:\/\/www.instagram.com\/brazilcarestore\",\"https:\/\/www.tiktok.com\/@brazilcarestore\"]}]}<\/script>\n<!-- \/ Yoast SEO plugin. -->","yoast_head_json":{"title":"Alisador de cabello Salvatore Blue Gold 2x1L - Hair Pro - Brazil Care Store","robots":{"index":"index","follow":"follow","max-snippet":"max-snippet:-1","max-image-preview":"max-image-preview:large","max-video-preview":"max-video-preview:-1"},"canonical":"https:\/\/www.brazilcarestore.com\/es\/product\/salvatore-es\/alisador-de-cabello-salvatore-blue-gold-2x1l-hair-pro\/","og_locale":"es_ES","og_type":"article","og_title":"Alisador de cabello Salvatore Blue Gold 2x1L - Hair Pro - Brazil Care Store","og_description":"El tratamiento profesional pionero de Salvatore Cosmetics, Blue Gold, se consolida cada vez m\u00e1s y se mantiene fiel a los principios expuestos desde su lanzamiento. Consolida progresivamente los resultados eficaces de un producto completo de Realineaci\u00f3n Capilar.","og_url":"https:\/\/www.brazilcarestore.com\/es\/product\/salvatore-es\/alisador-de-cabello-salvatore-blue-gold-2x1l-hair-pro\/","og_site_name":"Brazil Care Store","article_publisher":"https:\/\/www.facebook.com\/brazilcarestore","article_modified_time":"2025-04-10T19:35:29+00:00","og_image":[{"width":559,"height":560,"url":"https:\/\/www.brazilcarestore.com\/wp-content\/uploads\/2025\/04\/c7e65f163292ea9ca7208bc92b514182.webp","type":"image\/webp"}],"twitter_card":"summary_large_image","twitter_misc":{"Tiempo de lectura":"4 minutos"},"schema":{"@context":"https:\/\/schema.org","@graph":[{"@type":"WebPage","@id":"https:\/\/www.brazilcarestore.com\/es\/product\/salvatore-es\/alisador-de-cabello-salvatore-blue-gold-2x1l-hair-pro\/","url":"https:\/\/www.brazilcarestore.com\/es\/product\/salvatore-es\/alisador-de-cabello-salvatore-blue-gold-2x1l-hair-pro\/","name":"Alisador de cabello Salvatore Blue Gold 2x1L - Hair Pro - Brazil Care Store","isPartOf":{"@id":"https:\/\/www.brazilcarestore.com\/es\/#website"},"primaryImageOfPage":{"@id":"https:\/\/www.brazilcarestore.com\/es\/product\/salvatore-es\/alisador-de-cabello-salvatore-blue-gold-2x1l-hair-pro\/#primaryimage"},"image":{"@id":"https:\/\/www.brazilcarestore.com\/es\/product\/salvatore-es\/alisador-de-cabello-salvatore-blue-gold-2x1l-hair-pro\/#primaryimage"},"thumbnailUrl":"https:\/\/i0.wp.com\/www.brazilcarestore.com\/wp-content\/uploads\/2025\/04\/c7e65f163292ea9ca7208bc92b514182.webp?fit=559%2C560&ssl=1","datePublished":"2025-04-01T16:24:46+00:00","dateModified":"2025-04-10T19:35:29+00:00","breadcrumb":{"@id":"https:\/\/www.brazilcarestore.com\/es\/product\/salvatore-es\/alisador-de-cabello-salvatore-blue-gold-2x1l-hair-pro\/#breadcrumb"},"inLanguage":"es","potentialAction":[{"@type":"ReadAction","target":["https:\/\/www.brazilcarestore.com\/es\/product\/salvatore-es\/alisador-de-cabello-salvatore-blue-gold-2x1l-hair-pro\/"]}]},{"@type":"ImageObject","inLanguage":"es","@id":"https:\/\/www.brazilcarestore.com\/es\/product\/salvatore-es\/alisador-de-cabello-salvatore-blue-gold-2x1l-hair-pro\/#primaryimage","url":"https:\/\/i0.wp.com\/www.brazilcarestore.com\/wp-content\/uploads\/2025\/04\/c7e65f163292ea9ca7208bc92b514182.webp?fit=559%2C560&ssl=1","contentUrl":"https:\/\/i0.wp.com\/www.brazilcarestore.com\/wp-content\/uploads\/2025\/04\/c7e65f163292ea9ca7208bc92b514182.webp?fit=559%2C560&ssl=1","width":559,"height":560,"caption":"Alisador de cabello Salvatore Blue Gold x2 1L - Hair Pro"},{"@type":"BreadcrumbList","@id":"https:\/\/www.brazilcarestore.com\/es\/product\/salvatore-es\/alisador-de-cabello-salvatore-blue-gold-2x1l-hair-pro\/#breadcrumb","itemListElement":[{"@type":"ListItem","position":1,"name":"Home","item":"https:\/\/www.brazilcarestore.com\/es\/"},{"@type":"ListItem","position":2,"name":"Tienda","item":"https:\/\/www.brazilcarestore.com\/es\/tienda\/"},{"@type":"ListItem","position":3,"name":"Alisador de cabello Salvatore Blue Gold 2x1L &#8211; Hair Pro"}]},{"@type":"WebSite","@id":"https:\/\/www.brazilcarestore.com\/es\/#website","url":"https:\/\/www.brazilcarestore.com\/es\/","name":"Brazil Care Store","description":"The way to Beauty","publisher":{"@id":"https:\/\/www.brazilcarestore.com\/es\/#organization"},"potentialAction":[{"@type":"SearchAction","target":{"@type":"EntryPoint","urlTemplate":"https:\/\/www.brazilcarestore.com\/es\/?s={search_term_string}"},"query-input":{"@type":"PropertyValueSpecification","valueRequired":true,"valueName":"search_term_string"}}],"inLanguage":"es"},{"@type":"Organization","@id":"https:\/\/www.brazilcarestore.com\/es\/#organization","name":"Brazil Care Store","url":"https:\/\/www.brazilcarestore.com\/es\/","logo":{"@type":"ImageObject","inLanguage":"es","@id":"https:\/\/www.brazilcarestore.com\/es\/#\/schema\/logo\/image\/","url":"https:\/\/i0.wp.com\/www.brazilcarestore.com\/wp-content\/uploads\/2024\/02\/Brazil-Care-Store.png?fit=350%2C369&ssl=1","contentUrl":"https:\/\/i0.wp.com\/www.brazilcarestore.com\/wp-content\/uploads\/2024\/02\/Brazil-Care-Store.png?fit=350%2C369&ssl=1","width":350,"height":369,"caption":"Brazil Care Store"},"image":{"@id":"https:\/\/www.brazilcarestore.com\/es\/#\/schema\/logo\/image\/"},"sameAs":["https:\/\/www.facebook.com\/brazilcarestore","https:\/\/www.instagram.com\/brazilcarestore","https:\/\/www.tiktok.com\/@brazilcarestore"]}]}},"_links":{"self":[{"href":"https:\/\/www.brazilcarestore.com\/es\/wp-json\/wp\/v2\/product\/2710","targetHints":{"allow":["GET"]}}],"collection":[{"href":"https:\/\/www.brazilcarestore.com\/es\/wp-json\/wp\/v2\/product"}],"about":[{"href":"https:\/\/www.brazilcarestore.com\/es\/wp-json\/wp\/v2\/types\/product"}],"wp:featuredmedia":[{"embeddable":true,"href":"https:\/\/www.brazilcarestore.com\/es\/wp-json\/wp\/v2\/media\/2600"}],"wp:attachment":[{"href":"https:\/\/www.brazilcarestore.com\/es\/wp-json\/wp\/v2\/media?parent=2710"}],"wp:term":[{"taxonomy":"product_brand","embeddable":true,"href":"https:\/\/www.brazilcarestore.com\/es\/wp-json\/wp\/v2\/product_brand?post=2710"},{"taxonomy":"product_cat","embeddable":true,"href":"https:\/\/www.brazilcarestore.com\/es\/wp-json\/wp\/v2\/product_cat?post=2710"},{"taxonomy":"product_tag","embeddable":true,"href":"https:\/\/www.brazilcarestore.com\/es\/wp-json\/wp\/v2\/product_tag?post=2710"}],"curies":[{"name":"wp","href":"https:\/\/api.w.org\/{rel}","templated":true}]}}