{"id":2487,"date":"2024-07-07T10:33:23","date_gmt":"2024-07-07T13:33:23","guid":{"rendered":"https:\/\/www.brazilcarestore.com\/product\/sin%20categor\u00eda\/betta-tonico-colorante-capilar-semipermanente-150ml\/"},"modified":"2025-05-02T12:34:48","modified_gmt":"2025-05-02T15:34:48","slug":"betta-tonico-colorante-capilar-semipermanente-150ml","status":"publish","type":"product","link":"https:\/\/www.brazilcarestore.com\/es\/product\/kamaleao-color-es\/betta-tonico-colorante-capilar-semipermanente-150ml\/","title":{"rendered":"Betta T\u00f3nico Colorante Capilar Semipermanente 150ml"},"content":{"rendered":"<p>Acerca del producto:<\/p>\n<p>Sin amon\u00edaco<br \/>\nSin parabenos ni per\u00f3xidos<br \/>\nPuedes mezclarlo con otros colores para obtener nuevos tonos<br \/>\nDiluido con nuestra Crema Multifuncional Arco Iris puedes suavizar el color y obtener tonos pastel<br \/>\nColor intenso y vibrante<br \/>\nNo contiene anilina<br \/>\nDurabilidad de 5 a 25 lavados (la duraci\u00f3n var\u00eda seg\u00fan el cabello y el mantenimiento)<br \/>\nExtremadamente hidratante<\/p>\n<p>Modo de empleo:<br \/>\nCon el cabello limpio (lavado s\u00f3lo con el Champ\u00fa Antirresiduos Arco Iris para una mejor absorci\u00f3n del producto) y seco, aplica la Mascarilla Pigmentante Iguana y d\u00e9jala actuar de 30 a 40 minutos. Pasado el tiempo de espera, aclara * s\u00f3lo con agua hasta eliminar todo el exceso. Dale el acabado que desees. Utiliza guantes durante la aplicaci\u00f3n. Para obtener el mejor resultado posible, lo ideal es que tu cabello tenga una base de 8 (rubio claro) a 10 (rubio claro).    <\/p>\n<p>Se puede utilizar puro o diluido. Para diluirlo, recomendamos utilizar la Crema Diluyente Multifuncional Arco \u00cdris. Si se aplica puro sobre el pelo y no se elimina correctamente el exceso de pigmento, el pigmento que estaba en exceso puede manchar la piel.  <\/p>\n<p>* Recomendamos no retirar el producto en el ba\u00f1o, ya que existe el riesgo de manchar la piel.<\/p>\n","protected":false},"excerpt":{"rendered":"<p>Recomendamos no retirar el producto en el ba\u00f1o, ya que existe el riesgo de manchar la piel.<\/p>\n","protected":false},"featured_media":2084,"template":"","meta":[],"product_brand":[206],"product_cat":[125],"product_tag":[],"class_list":{"0":"post-2487","1":"product","2":"type-product","3":"status-publish","4":"has-post-thumbnail","6":"product_brand-kamaleao-color","7":"product_cat-kamaleao-color-es","9":"first","10":"instock","11":"shipping-taxable","12":"purchasable","13":"product-type-simple"},"yoast_head":"<!-- This site is optimized with the Yoast SEO plugin v27.1.1 - https:\/\/yoast.com\/product\/yoast-seo-wordpress\/ -->\n<title>Betta T\u00f3nico Colorante Capilar Semipermanente 150ml - Brazil Care Store<\/title>\n<meta name=\"description\" content=\"* Recomendamos no retirar el producto en el ba\u00f1o, ya que existe el riesgo de manchar la piel.\" \/>\n<meta name=\"robots\" content=\"index, follow, max-snippet:-1, max-image-preview:large, max-video-preview:-1\" \/>\n<link rel=\"canonical\" href=\"https:\/\/www.brazilcarestore.com\/es\/product\/kamaleao-color-es\/betta-tonico-colorante-capilar-semipermanente-150ml\/\" \/>\n<meta property=\"og:locale\" content=\"es_ES\" \/>\n<meta property=\"og:type\" content=\"article\" \/>\n<meta property=\"og:title\" content=\"Betta T\u00f3nico Colorante Capilar Semipermanente 150ml - Brazil Care Store\" \/>\n<meta property=\"og:description\" content=\"* Recomendamos no retirar el producto en el ba\u00f1o, ya que existe el riesgo de manchar la piel.\" \/>\n<meta property=\"og:url\" content=\"https:\/\/www.brazilcarestore.com\/es\/product\/kamaleao-color-es\/betta-tonico-colorante-capilar-semipermanente-150ml\/\" \/>\n<meta property=\"og:site_name\" content=\"Brazil Care Store\" \/>\n<meta property=\"article:publisher\" content=\"https:\/\/www.facebook.com\/brazilcarestore\" \/>\n<meta property=\"article:modified_time\" content=\"2025-05-02T15:34:48+00:00\" \/>\n<meta property=\"og:image\" content=\"https:\/\/i0.wp.com\/www.brazilcarestore.com\/wp-content\/uploads\/2024\/07\/Betta-Semi-Permant-Hair-Color-Toner-150ml.jpg?fit=1100%2C1100&ssl=1\" \/>\n\t<meta property=\"og:image:width\" content=\"1100\" \/>\n\t<meta property=\"og:image:height\" content=\"1100\" \/>\n\t<meta property=\"og:image:type\" content=\"image\/jpeg\" \/>\n<meta name=\"twitter:card\" content=\"summary_large_image\" \/>\n<meta name=\"twitter:label1\" content=\"Tiempo de lectura\" \/>\n\t<meta name=\"twitter:data1\" content=\"1 minuto\" \/>\n<script type=\"application\/ld+json\" class=\"yoast-schema-graph\">{\"@context\":\"https:\/\/schema.org\",\"@graph\":[{\"@type\":\"WebPage\",\"@id\":\"https:\/\/www.brazilcarestore.com\/es\/product\/kamaleao-color-es\/betta-tonico-colorante-capilar-semipermanente-150ml\/\",\"url\":\"https:\/\/www.brazilcarestore.com\/es\/product\/kamaleao-color-es\/betta-tonico-colorante-capilar-semipermanente-150ml\/\",\"name\":\"Betta T\u00f3nico Colorante Capilar Semipermanente 150ml - Brazil Care Store\",\"isPartOf\":{\"@id\":\"https:\/\/www.brazilcarestore.com\/es\/#website\"},\"primaryImageOfPage\":{\"@id\":\"https:\/\/www.brazilcarestore.com\/es\/product\/kamaleao-color-es\/betta-tonico-colorante-capilar-semipermanente-150ml\/#primaryimage\"},\"image\":{\"@id\":\"https:\/\/www.brazilcarestore.com\/es\/product\/kamaleao-color-es\/betta-tonico-colorante-capilar-semipermanente-150ml\/#primaryimage\"},\"thumbnailUrl\":\"https:\/\/i0.wp.com\/www.brazilcarestore.com\/wp-content\/uploads\/2024\/07\/Betta-Semi-Permant-Hair-Color-Toner-150ml.jpg?fit=1100%2C1100&ssl=1\",\"datePublished\":\"2024-07-07T13:33:23+00:00\",\"dateModified\":\"2025-05-02T15:34:48+00:00\",\"description\":\"* Recomendamos no retirar el producto en el ba\u00f1o, ya que existe el riesgo de manchar la piel.\",\"breadcrumb\":{\"@id\":\"https:\/\/www.brazilcarestore.com\/es\/product\/kamaleao-color-es\/betta-tonico-colorante-capilar-semipermanente-150ml\/#breadcrumb\"},\"inLanguage\":\"es\",\"potentialAction\":[{\"@type\":\"ReadAction\",\"target\":[\"https:\/\/www.brazilcarestore.com\/es\/product\/kamaleao-color-es\/betta-tonico-colorante-capilar-semipermanente-150ml\/\"]}]},{\"@type\":\"ImageObject\",\"inLanguage\":\"es\",\"@id\":\"https:\/\/www.brazilcarestore.com\/es\/product\/kamaleao-color-es\/betta-tonico-colorante-capilar-semipermanente-150ml\/#primaryimage\",\"url\":\"https:\/\/i0.wp.com\/www.brazilcarestore.com\/wp-content\/uploads\/2024\/07\/Betta-Semi-Permant-Hair-Color-Toner-150ml.jpg?fit=1100%2C1100&ssl=1\",\"contentUrl\":\"https:\/\/i0.wp.com\/www.brazilcarestore.com\/wp-content\/uploads\/2024\/07\/Betta-Semi-Permant-Hair-Color-Toner-150ml.jpg?fit=1100%2C1100&ssl=1\",\"width\":1100,\"height\":1100},{\"@type\":\"BreadcrumbList\",\"@id\":\"https:\/\/www.brazilcarestore.com\/es\/product\/kamaleao-color-es\/betta-tonico-colorante-capilar-semipermanente-150ml\/#breadcrumb\",\"itemListElement\":[{\"@type\":\"ListItem\",\"position\":1,\"name\":\"Home\",\"item\":\"https:\/\/www.brazilcarestore.com\/es\/\"},{\"@type\":\"ListItem\",\"position\":2,\"name\":\"Tienda\",\"item\":\"https:\/\/www.brazilcarestore.com\/es\/tienda\/\"},{\"@type\":\"ListItem\",\"position\":3,\"name\":\"Betta T\u00f3nico Colorante Capilar Semipermanente 150ml\"}]},{\"@type\":\"WebSite\",\"@id\":\"https:\/\/www.brazilcarestore.com\/es\/#website\",\"url\":\"https:\/\/www.brazilcarestore.com\/es\/\",\"name\":\"Brazil Care Store\",\"description\":\"The way to Beauty\",\"publisher\":{\"@id\":\"https:\/\/www.brazilcarestore.com\/es\/#organization\"},\"potentialAction\":[{\"@type\":\"SearchAction\",\"target\":{\"@type\":\"EntryPoint\",\"urlTemplate\":\"https:\/\/www.brazilcarestore.com\/es\/?s={search_term_string}\"},\"query-input\":{\"@type\":\"PropertyValueSpecification\",\"valueRequired\":true,\"valueName\":\"search_term_string\"}}],\"inLanguage\":\"es\"},{\"@type\":\"Organization\",\"@id\":\"https:\/\/www.brazilcarestore.com\/es\/#organization\",\"name\":\"Brazil Care Store\",\"url\":\"https:\/\/www.brazilcarestore.com\/es\/\",\"logo\":{\"@type\":\"ImageObject\",\"inLanguage\":\"es\",\"@id\":\"https:\/\/www.brazilcarestore.com\/es\/#\/schema\/logo\/image\/\",\"url\":\"https:\/\/i0.wp.com\/www.brazilcarestore.com\/wp-content\/uploads\/2024\/02\/Brazil-Care-Store.png?fit=350%2C369&ssl=1\",\"contentUrl\":\"https:\/\/i0.wp.com\/www.brazilcarestore.com\/wp-content\/uploads\/2024\/02\/Brazil-Care-Store.png?fit=350%2C369&ssl=1\",\"width\":350,\"height\":369,\"caption\":\"Brazil Care Store\"},\"image\":{\"@id\":\"https:\/\/www.brazilcarestore.com\/es\/#\/schema\/logo\/image\/\"},\"sameAs\":[\"https:\/\/www.facebook.com\/brazilcarestore\",\"https:\/\/www.instagram.com\/brazilcarestore\",\"https:\/\/www.tiktok.com\/@brazilcarestore\"]}]}<\/script>\n<!-- \/ Yoast SEO plugin. -->","yoast_head_json":{"title":"Betta T\u00f3nico Colorante Capilar Semipermanente 150ml - Brazil Care Store","description":"* Recomendamos no retirar el producto en el ba\u00f1o, ya que existe el riesgo de manchar la piel.","robots":{"index":"index","follow":"follow","max-snippet":"max-snippet:-1","max-image-preview":"max-image-preview:large","max-video-preview":"max-video-preview:-1"},"canonical":"https:\/\/www.brazilcarestore.com\/es\/product\/kamaleao-color-es\/betta-tonico-colorante-capilar-semipermanente-150ml\/","og_locale":"es_ES","og_type":"article","og_title":"Betta T\u00f3nico Colorante Capilar Semipermanente 150ml - Brazil Care Store","og_description":"* Recomendamos no retirar el producto en el ba\u00f1o, ya que existe el riesgo de manchar la piel.","og_url":"https:\/\/www.brazilcarestore.com\/es\/product\/kamaleao-color-es\/betta-tonico-colorante-capilar-semipermanente-150ml\/","og_site_name":"Brazil Care Store","article_publisher":"https:\/\/www.facebook.com\/brazilcarestore","article_modified_time":"2025-05-02T15:34:48+00:00","og_image":[{"width":1100,"height":1100,"url":"https:\/\/i0.wp.com\/www.brazilcarestore.com\/wp-content\/uploads\/2024\/07\/Betta-Semi-Permant-Hair-Color-Toner-150ml.jpg?fit=1100%2C1100&ssl=1","type":"image\/jpeg"}],"twitter_card":"summary_large_image","twitter_misc":{"Tiempo de lectura":"1 minuto"},"schema":{"@context":"https:\/\/schema.org","@graph":[{"@type":"WebPage","@id":"https:\/\/www.brazilcarestore.com\/es\/product\/kamaleao-color-es\/betta-tonico-colorante-capilar-semipermanente-150ml\/","url":"https:\/\/www.brazilcarestore.com\/es\/product\/kamaleao-color-es\/betta-tonico-colorante-capilar-semipermanente-150ml\/","name":"Betta T\u00f3nico Colorante Capilar Semipermanente 150ml - Brazil Care Store","isPartOf":{"@id":"https:\/\/www.brazilcarestore.com\/es\/#website"},"primaryImageOfPage":{"@id":"https:\/\/www.brazilcarestore.com\/es\/product\/kamaleao-color-es\/betta-tonico-colorante-capilar-semipermanente-150ml\/#primaryimage"},"image":{"@id":"https:\/\/www.brazilcarestore.com\/es\/product\/kamaleao-color-es\/betta-tonico-colorante-capilar-semipermanente-150ml\/#primaryimage"},"thumbnailUrl":"https:\/\/i0.wp.com\/www.brazilcarestore.com\/wp-content\/uploads\/2024\/07\/Betta-Semi-Permant-Hair-Color-Toner-150ml.jpg?fit=1100%2C1100&ssl=1","datePublished":"2024-07-07T13:33:23+00:00","dateModified":"2025-05-02T15:34:48+00:00","description":"* Recomendamos no retirar el producto en el ba\u00f1o, ya que existe el riesgo de manchar la piel.","breadcrumb":{"@id":"https:\/\/www.brazilcarestore.com\/es\/product\/kamaleao-color-es\/betta-tonico-colorante-capilar-semipermanente-150ml\/#breadcrumb"},"inLanguage":"es","potentialAction":[{"@type":"ReadAction","target":["https:\/\/www.brazilcarestore.com\/es\/product\/kamaleao-color-es\/betta-tonico-colorante-capilar-semipermanente-150ml\/"]}]},{"@type":"ImageObject","inLanguage":"es","@id":"https:\/\/www.brazilcarestore.com\/es\/product\/kamaleao-color-es\/betta-tonico-colorante-capilar-semipermanente-150ml\/#primaryimage","url":"https:\/\/i0.wp.com\/www.brazilcarestore.com\/wp-content\/uploads\/2024\/07\/Betta-Semi-Permant-Hair-Color-Toner-150ml.jpg?fit=1100%2C1100&ssl=1","contentUrl":"https:\/\/i0.wp.com\/www.brazilcarestore.com\/wp-content\/uploads\/2024\/07\/Betta-Semi-Permant-Hair-Color-Toner-150ml.jpg?fit=1100%2C1100&ssl=1","width":1100,"height":1100},{"@type":"BreadcrumbList","@id":"https:\/\/www.brazilcarestore.com\/es\/product\/kamaleao-color-es\/betta-tonico-colorante-capilar-semipermanente-150ml\/#breadcrumb","itemListElement":[{"@type":"ListItem","position":1,"name":"Home","item":"https:\/\/www.brazilcarestore.com\/es\/"},{"@type":"ListItem","position":2,"name":"Tienda","item":"https:\/\/www.brazilcarestore.com\/es\/tienda\/"},{"@type":"ListItem","position":3,"name":"Betta T\u00f3nico Colorante Capilar Semipermanente 150ml"}]},{"@type":"WebSite","@id":"https:\/\/www.brazilcarestore.com\/es\/#website","url":"https:\/\/www.brazilcarestore.com\/es\/","name":"Brazil Care Store","description":"The way to Beauty","publisher":{"@id":"https:\/\/www.brazilcarestore.com\/es\/#organization"},"potentialAction":[{"@type":"SearchAction","target":{"@type":"EntryPoint","urlTemplate":"https:\/\/www.brazilcarestore.com\/es\/?s={search_term_string}"},"query-input":{"@type":"PropertyValueSpecification","valueRequired":true,"valueName":"search_term_string"}}],"inLanguage":"es"},{"@type":"Organization","@id":"https:\/\/www.brazilcarestore.com\/es\/#organization","name":"Brazil Care Store","url":"https:\/\/www.brazilcarestore.com\/es\/","logo":{"@type":"ImageObject","inLanguage":"es","@id":"https:\/\/www.brazilcarestore.com\/es\/#\/schema\/logo\/image\/","url":"https:\/\/i0.wp.com\/www.brazilcarestore.com\/wp-content\/uploads\/2024\/02\/Brazil-Care-Store.png?fit=350%2C369&ssl=1","contentUrl":"https:\/\/i0.wp.com\/www.brazilcarestore.com\/wp-content\/uploads\/2024\/02\/Brazil-Care-Store.png?fit=350%2C369&ssl=1","width":350,"height":369,"caption":"Brazil Care Store"},"image":{"@id":"https:\/\/www.brazilcarestore.com\/es\/#\/schema\/logo\/image\/"},"sameAs":["https:\/\/www.facebook.com\/brazilcarestore","https:\/\/www.instagram.com\/brazilcarestore","https:\/\/www.tiktok.com\/@brazilcarestore"]}]}},"_links":{"self":[{"href":"https:\/\/www.brazilcarestore.com\/es\/wp-json\/wp\/v2\/product\/2487","targetHints":{"allow":["GET"]}}],"collection":[{"href":"https:\/\/www.brazilcarestore.com\/es\/wp-json\/wp\/v2\/product"}],"about":[{"href":"https:\/\/www.brazilcarestore.com\/es\/wp-json\/wp\/v2\/types\/product"}],"wp:featuredmedia":[{"embeddable":true,"href":"https:\/\/www.brazilcarestore.com\/es\/wp-json\/wp\/v2\/media\/2084"}],"wp:attachment":[{"href":"https:\/\/www.brazilcarestore.com\/es\/wp-json\/wp\/v2\/media?parent=2487"}],"wp:term":[{"taxonomy":"product_brand","embeddable":true,"href":"https:\/\/www.brazilcarestore.com\/es\/wp-json\/wp\/v2\/product_brand?post=2487"},{"taxonomy":"product_cat","embeddable":true,"href":"https:\/\/www.brazilcarestore.com\/es\/wp-json\/wp\/v2\/product_cat?post=2487"},{"taxonomy":"product_tag","embeddable":true,"href":"https:\/\/www.brazilcarestore.com\/es\/wp-json\/wp\/v2\/product_tag?post=2487"}],"curies":[{"name":"wp","href":"https:\/\/api.w.org\/{rel}","templated":true}]}}