{"id":2474,"date":"2024-07-06T13:21:35","date_gmt":"2024-07-06T16:21:35","guid":{"rendered":"https:\/\/www.brazilcarestore.com\/product\/sin categor\u00eda\/organicplastia-fusion-frizz-100ml\/"},"modified":"2024-07-06T13:21:35","modified_gmt":"2024-07-06T16:21:35","slug":"organicplastia-fusion-frizz-100ml","status":"publish","type":"product","link":"https:\/\/www.brazilcarestore.com\/es\/product\/brscience-es\/tratamiento\/organicplastia-fusion-frizz-100ml\/","title":{"rendered":"Organicplastia Fusi\u00f3n Frizz 100ml"},"content":{"rendered":"<p id=\"tw-target-text\" class=\"tw-data-text tw-text-large tw-ta\" dir=\"ltr\" data-placeholder=\"Tradu\u00e7\u00e3o\" aria-label=\"Texto traduzido\" data-ved=\"2ahUKEwj0psCwx5KHAxXQrZUCHTguArMQ3ewLegQIBhAU\"><span class=\"Y2IQFc\" lang=\"en\">Fusion Frizz Organicplasty es un tratamiento multirreconstructor, desarrollado con \u00c1cidos Org\u00e1nicos, Queratina y Prote\u00ednas Nobles, su tratamiento suavizante y progresivo, proporciona libertad al peluquero para crear y realizar diversos servicios en su establecimiento, ya sea hidrataci\u00f3n, reconstrucci\u00f3n o sellado. Modo de empleo: 1 &#8211; Con el cabello limpio y seco, separar y dividir en partes para facilitar la aplicaci\u00f3n. 2 &#8211; Utilizando un cepillo y un peine, empieza a aplicar Fusion Frizz Organicplastia en cada mech\u00f3n (respetando siempre una distancia de 1 cent\u00edmetro desde la ra\u00edz). 3 &#8211; D\u00e9jalo actuar de 10 a 50 minutos (dependiendo de las caracter\u00edsticas y grosor del mech\u00f3n y del tipo de tratamiento elegido). 4 &#8211; Despu\u00e9s, aclara tu cabello con agua, eliminando el 100% del producto, en este momento el cabello estar\u00e1 Nutrido, Hidratado y Reconstruido. 5 &#8211; Opcional Para modificar la forma del alambre, ser\u00e1 necesario utilizar una fuente t\u00e9rmica para finalizar y fijar la forma a los alambres. Para obtener resultados suaves y brillantes, cepilla bien y pasa la plancha a una temperatura de hasta 215\u00b0C (pasa por cada mech\u00f3n al menos 10 veces). Para suavizar los rizos, seca modelando los mechones con ayuda de un difusor y\/o un rizador. Composici\u00f3n: Agua, metilcloroisotiazolinona, EDTA dis\u00f3dico, proprilenglicol, alcohol cetear\u00edlico, alcohol cet\u00edlico, metosulfato de behentrimonio, BHT, aceite de glicina soja, cloruro de cetrimonio, queratina hidrolizada, ciclopentasiloxano, dimeticona, aminopropilfeniltrimeticona, feniltrimeticona, seda hidrolizada, perfume, hexilcinamal, salicilato de bencilo, \u00e1cido c\u00edtrico. Precauciones: Mant\u00e9n el producto en un lugar fresco, alejado de la luz solar directa y fuera del alcance de ni\u00f1os y animales.         <\/span><\/p>\n","protected":false},"excerpt":{"rendered":"<pre id=\"tw-target-text\" class=\"tw-data-text tw-text-large tw-ta\" dir=\"ltr\" data-placeholder=\"Tradu\u00e7\u00e3o\" aria-label=\"Texto traduzido\" data-ved=\"2ahUKEwj0psCwx5KHAxXQrZUCHTguArMQ3ewLegQIBhAU\"><span class=\"Y2IQFc\" lang=\"en\">Fusion Frizz Organicplasty is a multi-reconstructive treatment, developed with Organic Acids, Keratin and Noble Proteins, its softening and progressive treatment, provides freedom for the hairdresser to create and execute various services in their establishment, whether hydrating, reconstructing or sealing.<\/span><\/pre>\n","protected":false},"featured_media":1988,"template":"","meta":[],"product_brand":[],"product_cat":[144,145],"product_tag":[],"class_list":{"0":"post-2474","1":"product","2":"type-product","3":"status-publish","4":"has-post-thumbnail","6":"product_cat-brscience-es","7":"product_cat-tratamiento","8":"product_shipping_class-leves-a-499","10":"first","11":"instock","12":"shipping-taxable","13":"purchasable","14":"product-type-simple"},"yoast_head":"<!-- This site is optimized with the Yoast SEO plugin v27.1.1 - https:\/\/yoast.com\/product\/yoast-seo-wordpress\/ -->\n<title>Organicplastia Fusi\u00f3n Frizz 100ml - Brazil Care Store<\/title>\n<meta name=\"description\" content=\"Fusion Frizz Organicplasty es un tratamiento multirreconstructor, desarrollado con \u00c1cidos Org\u00e1nicos, Queratina y Prote\u00ednas Nobles, su tratamiento suavizante y progresivo, proporciona libertad al peluquero para crear y ejecutar diversos servicios en su establecimiento, ya sea hidratando, reconstruyendo o sellando.\" \/>\n<meta name=\"robots\" content=\"index, follow, max-snippet:-1, max-image-preview:large, max-video-preview:-1\" \/>\n<link rel=\"canonical\" href=\"https:\/\/www.brazilcarestore.com\/es\/product\/brscience-es\/tratamiento\/organicplastia-fusion-frizz-100ml\/\" \/>\n<meta property=\"og:locale\" content=\"es_ES\" \/>\n<meta property=\"og:type\" content=\"article\" \/>\n<meta property=\"og:title\" content=\"Organicplastia Fusi\u00f3n Frizz 100ml - Brazil Care Store\" \/>\n<meta property=\"og:description\" content=\"Fusion Frizz Organicplasty es un tratamiento multirreconstructor, desarrollado con \u00c1cidos Org\u00e1nicos, Queratina y Prote\u00ednas Nobles, su tratamiento suavizante y progresivo, proporciona libertad al peluquero para crear y ejecutar diversos servicios en su establecimiento, ya sea hidratando, reconstruyendo o sellando.\" \/>\n<meta property=\"og:url\" content=\"https:\/\/www.brazilcarestore.com\/es\/product\/brscience-es\/tratamiento\/organicplastia-fusion-frizz-100ml\/\" \/>\n<meta property=\"og:site_name\" content=\"Brazil Care Store\" \/>\n<meta property=\"article:publisher\" content=\"https:\/\/www.facebook.com\/brazilcarestore\" \/>\n<meta property=\"og:image\" content=\"https:\/\/i0.wp.com\/www.brazilcarestore.com\/wp-content\/uploads\/2024\/07\/Organicplastia-100ml-A.jpg?fit=1080%2C1080&ssl=1\" \/>\n\t<meta property=\"og:image:width\" content=\"1080\" \/>\n\t<meta property=\"og:image:height\" content=\"1080\" \/>\n\t<meta property=\"og:image:type\" content=\"image\/jpeg\" \/>\n<meta name=\"twitter:card\" content=\"summary_large_image\" \/>\n<meta name=\"twitter:label1\" content=\"Tiempo de lectura\" \/>\n\t<meta name=\"twitter:data1\" content=\"1 minuto\" \/>\n<script type=\"application\/ld+json\" class=\"yoast-schema-graph\">{\"@context\":\"https:\/\/schema.org\",\"@graph\":[{\"@type\":\"WebPage\",\"@id\":\"https:\/\/www.brazilcarestore.com\/es\/product\/brscience-es\/tratamiento\/organicplastia-fusion-frizz-100ml\/\",\"url\":\"https:\/\/www.brazilcarestore.com\/es\/product\/brscience-es\/tratamiento\/organicplastia-fusion-frizz-100ml\/\",\"name\":\"Organicplastia Fusi\u00f3n Frizz 100ml - Brazil Care Store\",\"isPartOf\":{\"@id\":\"https:\/\/www.brazilcarestore.com\/es\/#website\"},\"primaryImageOfPage\":{\"@id\":\"https:\/\/www.brazilcarestore.com\/es\/product\/brscience-es\/tratamiento\/organicplastia-fusion-frizz-100ml\/#primaryimage\"},\"image\":{\"@id\":\"https:\/\/www.brazilcarestore.com\/es\/product\/brscience-es\/tratamiento\/organicplastia-fusion-frizz-100ml\/#primaryimage\"},\"thumbnailUrl\":\"https:\/\/i0.wp.com\/www.brazilcarestore.com\/wp-content\/uploads\/2024\/07\/Organicplastia-100ml-A.jpg?fit=1080%2C1080&ssl=1\",\"datePublished\":\"2024-07-06T16:21:35+00:00\",\"description\":\"Fusion Frizz Organicplasty es un tratamiento multirreconstructor, desarrollado con \u00c1cidos Org\u00e1nicos, Queratina y Prote\u00ednas Nobles, su tratamiento suavizante y progresivo, proporciona libertad al peluquero para crear y ejecutar diversos servicios en su establecimiento, ya sea hidratando, reconstruyendo o sellando.\",\"breadcrumb\":{\"@id\":\"https:\/\/www.brazilcarestore.com\/es\/product\/brscience-es\/tratamiento\/organicplastia-fusion-frizz-100ml\/#breadcrumb\"},\"inLanguage\":\"es\",\"potentialAction\":[{\"@type\":\"ReadAction\",\"target\":[\"https:\/\/www.brazilcarestore.com\/es\/product\/brscience-es\/tratamiento\/organicplastia-fusion-frizz-100ml\/\"]}]},{\"@type\":\"ImageObject\",\"inLanguage\":\"es\",\"@id\":\"https:\/\/www.brazilcarestore.com\/es\/product\/brscience-es\/tratamiento\/organicplastia-fusion-frizz-100ml\/#primaryimage\",\"url\":\"https:\/\/i0.wp.com\/www.brazilcarestore.com\/wp-content\/uploads\/2024\/07\/Organicplastia-100ml-A.jpg?fit=1080%2C1080&ssl=1\",\"contentUrl\":\"https:\/\/i0.wp.com\/www.brazilcarestore.com\/wp-content\/uploads\/2024\/07\/Organicplastia-100ml-A.jpg?fit=1080%2C1080&ssl=1\",\"width\":1080,\"height\":1080},{\"@type\":\"BreadcrumbList\",\"@id\":\"https:\/\/www.brazilcarestore.com\/es\/product\/brscience-es\/tratamiento\/organicplastia-fusion-frizz-100ml\/#breadcrumb\",\"itemListElement\":[{\"@type\":\"ListItem\",\"position\":1,\"name\":\"Home\",\"item\":\"https:\/\/www.brazilcarestore.com\/es\/\"},{\"@type\":\"ListItem\",\"position\":2,\"name\":\"Tienda\",\"item\":\"https:\/\/www.brazilcarestore.com\/es\/tienda\/\"},{\"@type\":\"ListItem\",\"position\":3,\"name\":\"Organicplastia Fusi\u00f3n Frizz 100ml\"}]},{\"@type\":\"WebSite\",\"@id\":\"https:\/\/www.brazilcarestore.com\/es\/#website\",\"url\":\"https:\/\/www.brazilcarestore.com\/es\/\",\"name\":\"Brazil Care Store\",\"description\":\"The way to Beauty\",\"publisher\":{\"@id\":\"https:\/\/www.brazilcarestore.com\/es\/#organization\"},\"potentialAction\":[{\"@type\":\"SearchAction\",\"target\":{\"@type\":\"EntryPoint\",\"urlTemplate\":\"https:\/\/www.brazilcarestore.com\/es\/?s={search_term_string}\"},\"query-input\":{\"@type\":\"PropertyValueSpecification\",\"valueRequired\":true,\"valueName\":\"search_term_string\"}}],\"inLanguage\":\"es\"},{\"@type\":\"Organization\",\"@id\":\"https:\/\/www.brazilcarestore.com\/es\/#organization\",\"name\":\"Brazil Care Store\",\"url\":\"https:\/\/www.brazilcarestore.com\/es\/\",\"logo\":{\"@type\":\"ImageObject\",\"inLanguage\":\"es\",\"@id\":\"https:\/\/www.brazilcarestore.com\/es\/#\/schema\/logo\/image\/\",\"url\":\"https:\/\/i0.wp.com\/www.brazilcarestore.com\/wp-content\/uploads\/2024\/02\/Brazil-Care-Store.png?fit=350%2C369&ssl=1\",\"contentUrl\":\"https:\/\/i0.wp.com\/www.brazilcarestore.com\/wp-content\/uploads\/2024\/02\/Brazil-Care-Store.png?fit=350%2C369&ssl=1\",\"width\":350,\"height\":369,\"caption\":\"Brazil Care Store\"},\"image\":{\"@id\":\"https:\/\/www.brazilcarestore.com\/es\/#\/schema\/logo\/image\/\"},\"sameAs\":[\"https:\/\/www.facebook.com\/brazilcarestore\",\"https:\/\/www.instagram.com\/brazilcarestore\",\"https:\/\/www.tiktok.com\/@brazilcarestore\"]}]}<\/script>\n<!-- \/ Yoast SEO plugin. -->","yoast_head_json":{"title":"Organicplastia Fusi\u00f3n Frizz 100ml - Brazil Care Store","description":"Fusion Frizz Organicplasty es un tratamiento multirreconstructor, desarrollado con \u00c1cidos Org\u00e1nicos, Queratina y Prote\u00ednas Nobles, su tratamiento suavizante y progresivo, proporciona libertad al peluquero para crear y ejecutar diversos servicios en su establecimiento, ya sea hidratando, reconstruyendo o sellando.","robots":{"index":"index","follow":"follow","max-snippet":"max-snippet:-1","max-image-preview":"max-image-preview:large","max-video-preview":"max-video-preview:-1"},"canonical":"https:\/\/www.brazilcarestore.com\/es\/product\/brscience-es\/tratamiento\/organicplastia-fusion-frizz-100ml\/","og_locale":"es_ES","og_type":"article","og_title":"Organicplastia Fusi\u00f3n Frizz 100ml - Brazil Care Store","og_description":"Fusion Frizz Organicplasty es un tratamiento multirreconstructor, desarrollado con \u00c1cidos Org\u00e1nicos, Queratina y Prote\u00ednas Nobles, su tratamiento suavizante y progresivo, proporciona libertad al peluquero para crear y ejecutar diversos servicios en su establecimiento, ya sea hidratando, reconstruyendo o sellando.","og_url":"https:\/\/www.brazilcarestore.com\/es\/product\/brscience-es\/tratamiento\/organicplastia-fusion-frizz-100ml\/","og_site_name":"Brazil Care Store","article_publisher":"https:\/\/www.facebook.com\/brazilcarestore","og_image":[{"width":1080,"height":1080,"url":"https:\/\/i0.wp.com\/www.brazilcarestore.com\/wp-content\/uploads\/2024\/07\/Organicplastia-100ml-A.jpg?fit=1080%2C1080&ssl=1","type":"image\/jpeg"}],"twitter_card":"summary_large_image","twitter_misc":{"Tiempo de lectura":"1 minuto"},"schema":{"@context":"https:\/\/schema.org","@graph":[{"@type":"WebPage","@id":"https:\/\/www.brazilcarestore.com\/es\/product\/brscience-es\/tratamiento\/organicplastia-fusion-frizz-100ml\/","url":"https:\/\/www.brazilcarestore.com\/es\/product\/brscience-es\/tratamiento\/organicplastia-fusion-frizz-100ml\/","name":"Organicplastia Fusi\u00f3n Frizz 100ml - Brazil Care Store","isPartOf":{"@id":"https:\/\/www.brazilcarestore.com\/es\/#website"},"primaryImageOfPage":{"@id":"https:\/\/www.brazilcarestore.com\/es\/product\/brscience-es\/tratamiento\/organicplastia-fusion-frizz-100ml\/#primaryimage"},"image":{"@id":"https:\/\/www.brazilcarestore.com\/es\/product\/brscience-es\/tratamiento\/organicplastia-fusion-frizz-100ml\/#primaryimage"},"thumbnailUrl":"https:\/\/i0.wp.com\/www.brazilcarestore.com\/wp-content\/uploads\/2024\/07\/Organicplastia-100ml-A.jpg?fit=1080%2C1080&ssl=1","datePublished":"2024-07-06T16:21:35+00:00","description":"Fusion Frizz Organicplasty es un tratamiento multirreconstructor, desarrollado con \u00c1cidos Org\u00e1nicos, Queratina y Prote\u00ednas Nobles, su tratamiento suavizante y progresivo, proporciona libertad al peluquero para crear y ejecutar diversos servicios en su establecimiento, ya sea hidratando, reconstruyendo o sellando.","breadcrumb":{"@id":"https:\/\/www.brazilcarestore.com\/es\/product\/brscience-es\/tratamiento\/organicplastia-fusion-frizz-100ml\/#breadcrumb"},"inLanguage":"es","potentialAction":[{"@type":"ReadAction","target":["https:\/\/www.brazilcarestore.com\/es\/product\/brscience-es\/tratamiento\/organicplastia-fusion-frizz-100ml\/"]}]},{"@type":"ImageObject","inLanguage":"es","@id":"https:\/\/www.brazilcarestore.com\/es\/product\/brscience-es\/tratamiento\/organicplastia-fusion-frizz-100ml\/#primaryimage","url":"https:\/\/i0.wp.com\/www.brazilcarestore.com\/wp-content\/uploads\/2024\/07\/Organicplastia-100ml-A.jpg?fit=1080%2C1080&ssl=1","contentUrl":"https:\/\/i0.wp.com\/www.brazilcarestore.com\/wp-content\/uploads\/2024\/07\/Organicplastia-100ml-A.jpg?fit=1080%2C1080&ssl=1","width":1080,"height":1080},{"@type":"BreadcrumbList","@id":"https:\/\/www.brazilcarestore.com\/es\/product\/brscience-es\/tratamiento\/organicplastia-fusion-frizz-100ml\/#breadcrumb","itemListElement":[{"@type":"ListItem","position":1,"name":"Home","item":"https:\/\/www.brazilcarestore.com\/es\/"},{"@type":"ListItem","position":2,"name":"Tienda","item":"https:\/\/www.brazilcarestore.com\/es\/tienda\/"},{"@type":"ListItem","position":3,"name":"Organicplastia Fusi\u00f3n Frizz 100ml"}]},{"@type":"WebSite","@id":"https:\/\/www.brazilcarestore.com\/es\/#website","url":"https:\/\/www.brazilcarestore.com\/es\/","name":"Brazil Care Store","description":"The way to Beauty","publisher":{"@id":"https:\/\/www.brazilcarestore.com\/es\/#organization"},"potentialAction":[{"@type":"SearchAction","target":{"@type":"EntryPoint","urlTemplate":"https:\/\/www.brazilcarestore.com\/es\/?s={search_term_string}"},"query-input":{"@type":"PropertyValueSpecification","valueRequired":true,"valueName":"search_term_string"}}],"inLanguage":"es"},{"@type":"Organization","@id":"https:\/\/www.brazilcarestore.com\/es\/#organization","name":"Brazil Care Store","url":"https:\/\/www.brazilcarestore.com\/es\/","logo":{"@type":"ImageObject","inLanguage":"es","@id":"https:\/\/www.brazilcarestore.com\/es\/#\/schema\/logo\/image\/","url":"https:\/\/i0.wp.com\/www.brazilcarestore.com\/wp-content\/uploads\/2024\/02\/Brazil-Care-Store.png?fit=350%2C369&ssl=1","contentUrl":"https:\/\/i0.wp.com\/www.brazilcarestore.com\/wp-content\/uploads\/2024\/02\/Brazil-Care-Store.png?fit=350%2C369&ssl=1","width":350,"height":369,"caption":"Brazil Care Store"},"image":{"@id":"https:\/\/www.brazilcarestore.com\/es\/#\/schema\/logo\/image\/"},"sameAs":["https:\/\/www.facebook.com\/brazilcarestore","https:\/\/www.instagram.com\/brazilcarestore","https:\/\/www.tiktok.com\/@brazilcarestore"]}]}},"_links":{"self":[{"href":"https:\/\/www.brazilcarestore.com\/es\/wp-json\/wp\/v2\/product\/2474","targetHints":{"allow":["GET"]}}],"collection":[{"href":"https:\/\/www.brazilcarestore.com\/es\/wp-json\/wp\/v2\/product"}],"about":[{"href":"https:\/\/www.brazilcarestore.com\/es\/wp-json\/wp\/v2\/types\/product"}],"wp:featuredmedia":[{"embeddable":true,"href":"https:\/\/www.brazilcarestore.com\/es\/wp-json\/wp\/v2\/media\/1988"}],"wp:attachment":[{"href":"https:\/\/www.brazilcarestore.com\/es\/wp-json\/wp\/v2\/media?parent=2474"}],"wp:term":[{"taxonomy":"product_brand","embeddable":true,"href":"https:\/\/www.brazilcarestore.com\/es\/wp-json\/wp\/v2\/product_brand?post=2474"},{"taxonomy":"product_cat","embeddable":true,"href":"https:\/\/www.brazilcarestore.com\/es\/wp-json\/wp\/v2\/product_cat?post=2474"},{"taxonomy":"product_tag","embeddable":true,"href":"https:\/\/www.brazilcarestore.com\/es\/wp-json\/wp\/v2\/product_tag?post=2474"}],"curies":[{"name":"wp","href":"https:\/\/api.w.org\/{rel}","templated":true}]}}