{"id":2473,"date":"2024-07-06T13:02:35","date_gmt":"2024-07-06T16:02:35","guid":{"rendered":"https:\/\/www.brazilcarestore.com\/product\/sin categor\u00eda\/hidratacion-reparadora-fusion-frizz-250g\/"},"modified":"2024-07-06T13:02:35","modified_gmt":"2024-07-06T16:02:35","slug":"hidratacion-reparadora-fusion-frizz-250g","status":"publish","type":"product","link":"https:\/\/www.brazilcarestore.com\/es\/product\/brscience-es\/tratamiento\/hidratacion-reparadora-fusion-frizz-250g\/","title":{"rendered":"Hidrataci\u00f3n Reparadora Fusi\u00f3n Frizz 250g"},"content":{"rendered":"<p><span class=\"Y2IQFc\" lang=\"en\">Fusion Frizz Mix Repair es un tratamiento profundo y reconstructor para cabellos muy da\u00f1ados y porosos. Esta mascarilla reconstruye y nutre las fibras capilares da\u00f1adas, alineando las cut\u00edculas, nutriendo todas las capas y el interior de las hebras. Modo de empleo: Despu\u00e9s de lavar el cabello, aplica la mascarilla reconstructiva Reparaci\u00f3n Hidrataci\u00f3n, d\u00e9jala actuar de 3 a 5 minutos y aclara. Composici\u00f3n: Agua, EDTA dis\u00f3dico, Propilenglicol, Cloruro de Behetrimonio, Bis-(Isostearoyl\/Oleoyl Isopropyl) Dimonium Methosulfate, Glcerina, Aceite de Semilla de Helianthus Annus (Girasol), Aceite de Semilla de Ricinus Communis, Aceite de Cocos Nucifera, BHT, Alcohol cetear\u00edlico, Alcohol cet\u00edlico , Metosulfato de behentrimonio (y) Alcohol cetvl (y) Alcohol estear\u00edlico, Cloruro de cetrimonio, Fenoxietanol, Trimeticona de fenilo, Goma de biosac\u00e1rido-1, Parfum, Hexil cinamal, Salicilato de bencilo. Precauciones: Mant\u00e9n el producto en un lugar fresco, alejado de la luz solar directa y fuera del alcance de los ni\u00f1os y los animales dom\u00e9sticos. Si eres sensible o al\u00e9rgico a alg\u00fan componente de la f\u00f3rmula, interrumpe su uso. Uso externo.      <\/span><\/p>\n","protected":false},"excerpt":{"rendered":"<p id=\"tw-target-text\" class=\"tw-data-text tw-text-large tw-ta\" dir=\"ltr\" data-placeholder=\"Tradu\u00e7\u00e3o\" aria-label=\"Texto traduzido\" data-ved=\"2ahUKEwj0psCwx5KHAxXQrZUCHTguArMQ3ewLegQIBhAU\"><span class=\"Y2IQFc\" lang=\"en\">Fusion Frizz Mix Repair es un tratamiento profundo y reconstructor para cabellos muy da\u00f1ados y porosos. Esta mascarilla reconstruye y nutre las fibras capilares da\u00f1adas, alineando las cut\u00edculas, nutriendo todas las capas y el interior de las hebras. <\/span><\/p>\n","protected":false},"featured_media":1984,"template":"","meta":[],"product_brand":[],"product_cat":[144,145],"product_tag":[],"class_list":{"0":"post-2473","1":"product","2":"type-product","3":"status-publish","4":"has-post-thumbnail","6":"product_cat-brscience-es","7":"product_cat-tratamiento","8":"product_shipping_class-leves-a-499","10":"first","11":"instock","12":"shipping-taxable","13":"purchasable","14":"product-type-simple"},"yoast_head":"<!-- This site is optimized with the Yoast SEO plugin v27.1.1 - https:\/\/yoast.com\/product\/yoast-seo-wordpress\/ -->\n<title>Hidrataci\u00f3n Reparadora Fusi\u00f3n Frizz 250g - Brazil Care Store<\/title>\n<meta name=\"description\" content=\"Fusion Frizz Mix Repair es un tratamiento profundo y reconstructor para cabellos muy da\u00f1ados y porosos. Esta mascarilla reconstruye y nutre las fibras capilares da\u00f1adas, alineando las cut\u00edculas, nutriendo todas las capas y el interior de las hebras.\" \/>\n<meta name=\"robots\" content=\"index, follow, max-snippet:-1, max-image-preview:large, max-video-preview:-1\" \/>\n<link rel=\"canonical\" href=\"https:\/\/www.brazilcarestore.com\/es\/product\/brscience-es\/tratamiento\/hidratacion-reparadora-fusion-frizz-250g\/\" \/>\n<meta property=\"og:locale\" content=\"es_ES\" \/>\n<meta property=\"og:type\" content=\"article\" \/>\n<meta property=\"og:title\" content=\"Hidrataci\u00f3n Reparadora Fusi\u00f3n Frizz 250g - Brazil Care Store\" \/>\n<meta property=\"og:description\" content=\"Fusion Frizz Mix Repair es un tratamiento profundo y reconstructor para cabellos muy da\u00f1ados y porosos. Esta mascarilla reconstruye y nutre las fibras capilares da\u00f1adas, alineando las cut\u00edculas, nutriendo todas las capas y el interior de las hebras.\" \/>\n<meta property=\"og:url\" content=\"https:\/\/www.brazilcarestore.com\/es\/product\/brscience-es\/tratamiento\/hidratacion-reparadora-fusion-frizz-250g\/\" \/>\n<meta property=\"og:site_name\" content=\"Brazil Care Store\" \/>\n<meta property=\"article:publisher\" content=\"https:\/\/www.facebook.com\/brazilcarestore\" \/>\n<meta property=\"og:image\" content=\"https:\/\/i0.wp.com\/www.brazilcarestore.com\/wp-content\/uploads\/2024\/07\/Moisture-Repair-Fusion-Frizz-250g-A.jpg?fit=1080%2C1080&ssl=1\" \/>\n\t<meta property=\"og:image:width\" content=\"1080\" \/>\n\t<meta property=\"og:image:height\" content=\"1080\" \/>\n\t<meta property=\"og:image:type\" content=\"image\/jpeg\" \/>\n<meta name=\"twitter:card\" content=\"summary_large_image\" \/>\n<meta name=\"twitter:label1\" content=\"Tiempo de lectura\" \/>\n\t<meta name=\"twitter:data1\" content=\"1 minuto\" \/>\n<script type=\"application\/ld+json\" class=\"yoast-schema-graph\">{\"@context\":\"https:\/\/schema.org\",\"@graph\":[{\"@type\":\"WebPage\",\"@id\":\"https:\/\/www.brazilcarestore.com\/es\/product\/brscience-es\/tratamiento\/hidratacion-reparadora-fusion-frizz-250g\/\",\"url\":\"https:\/\/www.brazilcarestore.com\/es\/product\/brscience-es\/tratamiento\/hidratacion-reparadora-fusion-frizz-250g\/\",\"name\":\"Hidrataci\u00f3n Reparadora Fusi\u00f3n Frizz 250g - Brazil Care Store\",\"isPartOf\":{\"@id\":\"https:\/\/www.brazilcarestore.com\/es\/#website\"},\"primaryImageOfPage\":{\"@id\":\"https:\/\/www.brazilcarestore.com\/es\/product\/brscience-es\/tratamiento\/hidratacion-reparadora-fusion-frizz-250g\/#primaryimage\"},\"image\":{\"@id\":\"https:\/\/www.brazilcarestore.com\/es\/product\/brscience-es\/tratamiento\/hidratacion-reparadora-fusion-frizz-250g\/#primaryimage\"},\"thumbnailUrl\":\"https:\/\/i0.wp.com\/www.brazilcarestore.com\/wp-content\/uploads\/2024\/07\/Moisture-Repair-Fusion-Frizz-250g-A.jpg?fit=1080%2C1080&ssl=1\",\"datePublished\":\"2024-07-06T16:02:35+00:00\",\"description\":\"Fusion Frizz Mix Repair es un tratamiento profundo y reconstructor para cabellos muy da\u00f1ados y porosos. Esta mascarilla reconstruye y nutre las fibras capilares da\u00f1adas, alineando las cut\u00edculas, nutriendo todas las capas y el interior de las hebras.\",\"breadcrumb\":{\"@id\":\"https:\/\/www.brazilcarestore.com\/es\/product\/brscience-es\/tratamiento\/hidratacion-reparadora-fusion-frizz-250g\/#breadcrumb\"},\"inLanguage\":\"es\",\"potentialAction\":[{\"@type\":\"ReadAction\",\"target\":[\"https:\/\/www.brazilcarestore.com\/es\/product\/brscience-es\/tratamiento\/hidratacion-reparadora-fusion-frizz-250g\/\"]}]},{\"@type\":\"ImageObject\",\"inLanguage\":\"es\",\"@id\":\"https:\/\/www.brazilcarestore.com\/es\/product\/brscience-es\/tratamiento\/hidratacion-reparadora-fusion-frizz-250g\/#primaryimage\",\"url\":\"https:\/\/i0.wp.com\/www.brazilcarestore.com\/wp-content\/uploads\/2024\/07\/Moisture-Repair-Fusion-Frizz-250g-A.jpg?fit=1080%2C1080&ssl=1\",\"contentUrl\":\"https:\/\/i0.wp.com\/www.brazilcarestore.com\/wp-content\/uploads\/2024\/07\/Moisture-Repair-Fusion-Frizz-250g-A.jpg?fit=1080%2C1080&ssl=1\",\"width\":1080,\"height\":1080},{\"@type\":\"BreadcrumbList\",\"@id\":\"https:\/\/www.brazilcarestore.com\/es\/product\/brscience-es\/tratamiento\/hidratacion-reparadora-fusion-frizz-250g\/#breadcrumb\",\"itemListElement\":[{\"@type\":\"ListItem\",\"position\":1,\"name\":\"Home\",\"item\":\"https:\/\/www.brazilcarestore.com\/es\/\"},{\"@type\":\"ListItem\",\"position\":2,\"name\":\"Tienda\",\"item\":\"https:\/\/www.brazilcarestore.com\/es\/tienda\/\"},{\"@type\":\"ListItem\",\"position\":3,\"name\":\"Hidrataci\u00f3n Reparadora Fusi\u00f3n Frizz 250g\"}]},{\"@type\":\"WebSite\",\"@id\":\"https:\/\/www.brazilcarestore.com\/es\/#website\",\"url\":\"https:\/\/www.brazilcarestore.com\/es\/\",\"name\":\"Brazil Care Store\",\"description\":\"The way to Beauty\",\"publisher\":{\"@id\":\"https:\/\/www.brazilcarestore.com\/es\/#organization\"},\"potentialAction\":[{\"@type\":\"SearchAction\",\"target\":{\"@type\":\"EntryPoint\",\"urlTemplate\":\"https:\/\/www.brazilcarestore.com\/es\/?s={search_term_string}\"},\"query-input\":{\"@type\":\"PropertyValueSpecification\",\"valueRequired\":true,\"valueName\":\"search_term_string\"}}],\"inLanguage\":\"es\"},{\"@type\":\"Organization\",\"@id\":\"https:\/\/www.brazilcarestore.com\/es\/#organization\",\"name\":\"Brazil Care Store\",\"url\":\"https:\/\/www.brazilcarestore.com\/es\/\",\"logo\":{\"@type\":\"ImageObject\",\"inLanguage\":\"es\",\"@id\":\"https:\/\/www.brazilcarestore.com\/es\/#\/schema\/logo\/image\/\",\"url\":\"https:\/\/i0.wp.com\/www.brazilcarestore.com\/wp-content\/uploads\/2024\/02\/Brazil-Care-Store.png?fit=350%2C369&ssl=1\",\"contentUrl\":\"https:\/\/i0.wp.com\/www.brazilcarestore.com\/wp-content\/uploads\/2024\/02\/Brazil-Care-Store.png?fit=350%2C369&ssl=1\",\"width\":350,\"height\":369,\"caption\":\"Brazil Care Store\"},\"image\":{\"@id\":\"https:\/\/www.brazilcarestore.com\/es\/#\/schema\/logo\/image\/\"},\"sameAs\":[\"https:\/\/www.facebook.com\/brazilcarestore\",\"https:\/\/www.instagram.com\/brazilcarestore\",\"https:\/\/www.tiktok.com\/@brazilcarestore\"]}]}<\/script>\n<!-- \/ Yoast SEO plugin. -->","yoast_head_json":{"title":"Hidrataci\u00f3n Reparadora Fusi\u00f3n Frizz 250g - Brazil Care Store","description":"Fusion Frizz Mix Repair es un tratamiento profundo y reconstructor para cabellos muy da\u00f1ados y porosos. Esta mascarilla reconstruye y nutre las fibras capilares da\u00f1adas, alineando las cut\u00edculas, nutriendo todas las capas y el interior de las hebras.","robots":{"index":"index","follow":"follow","max-snippet":"max-snippet:-1","max-image-preview":"max-image-preview:large","max-video-preview":"max-video-preview:-1"},"canonical":"https:\/\/www.brazilcarestore.com\/es\/product\/brscience-es\/tratamiento\/hidratacion-reparadora-fusion-frizz-250g\/","og_locale":"es_ES","og_type":"article","og_title":"Hidrataci\u00f3n Reparadora Fusi\u00f3n Frizz 250g - Brazil Care Store","og_description":"Fusion Frizz Mix Repair es un tratamiento profundo y reconstructor para cabellos muy da\u00f1ados y porosos. Esta mascarilla reconstruye y nutre las fibras capilares da\u00f1adas, alineando las cut\u00edculas, nutriendo todas las capas y el interior de las hebras.","og_url":"https:\/\/www.brazilcarestore.com\/es\/product\/brscience-es\/tratamiento\/hidratacion-reparadora-fusion-frizz-250g\/","og_site_name":"Brazil Care Store","article_publisher":"https:\/\/www.facebook.com\/brazilcarestore","og_image":[{"width":1080,"height":1080,"url":"https:\/\/i0.wp.com\/www.brazilcarestore.com\/wp-content\/uploads\/2024\/07\/Moisture-Repair-Fusion-Frizz-250g-A.jpg?fit=1080%2C1080&ssl=1","type":"image\/jpeg"}],"twitter_card":"summary_large_image","twitter_misc":{"Tiempo de lectura":"1 minuto"},"schema":{"@context":"https:\/\/schema.org","@graph":[{"@type":"WebPage","@id":"https:\/\/www.brazilcarestore.com\/es\/product\/brscience-es\/tratamiento\/hidratacion-reparadora-fusion-frizz-250g\/","url":"https:\/\/www.brazilcarestore.com\/es\/product\/brscience-es\/tratamiento\/hidratacion-reparadora-fusion-frizz-250g\/","name":"Hidrataci\u00f3n Reparadora Fusi\u00f3n Frizz 250g - Brazil Care Store","isPartOf":{"@id":"https:\/\/www.brazilcarestore.com\/es\/#website"},"primaryImageOfPage":{"@id":"https:\/\/www.brazilcarestore.com\/es\/product\/brscience-es\/tratamiento\/hidratacion-reparadora-fusion-frizz-250g\/#primaryimage"},"image":{"@id":"https:\/\/www.brazilcarestore.com\/es\/product\/brscience-es\/tratamiento\/hidratacion-reparadora-fusion-frizz-250g\/#primaryimage"},"thumbnailUrl":"https:\/\/i0.wp.com\/www.brazilcarestore.com\/wp-content\/uploads\/2024\/07\/Moisture-Repair-Fusion-Frizz-250g-A.jpg?fit=1080%2C1080&ssl=1","datePublished":"2024-07-06T16:02:35+00:00","description":"Fusion Frizz Mix Repair es un tratamiento profundo y reconstructor para cabellos muy da\u00f1ados y porosos. Esta mascarilla reconstruye y nutre las fibras capilares da\u00f1adas, alineando las cut\u00edculas, nutriendo todas las capas y el interior de las hebras.","breadcrumb":{"@id":"https:\/\/www.brazilcarestore.com\/es\/product\/brscience-es\/tratamiento\/hidratacion-reparadora-fusion-frizz-250g\/#breadcrumb"},"inLanguage":"es","potentialAction":[{"@type":"ReadAction","target":["https:\/\/www.brazilcarestore.com\/es\/product\/brscience-es\/tratamiento\/hidratacion-reparadora-fusion-frizz-250g\/"]}]},{"@type":"ImageObject","inLanguage":"es","@id":"https:\/\/www.brazilcarestore.com\/es\/product\/brscience-es\/tratamiento\/hidratacion-reparadora-fusion-frizz-250g\/#primaryimage","url":"https:\/\/i0.wp.com\/www.brazilcarestore.com\/wp-content\/uploads\/2024\/07\/Moisture-Repair-Fusion-Frizz-250g-A.jpg?fit=1080%2C1080&ssl=1","contentUrl":"https:\/\/i0.wp.com\/www.brazilcarestore.com\/wp-content\/uploads\/2024\/07\/Moisture-Repair-Fusion-Frizz-250g-A.jpg?fit=1080%2C1080&ssl=1","width":1080,"height":1080},{"@type":"BreadcrumbList","@id":"https:\/\/www.brazilcarestore.com\/es\/product\/brscience-es\/tratamiento\/hidratacion-reparadora-fusion-frizz-250g\/#breadcrumb","itemListElement":[{"@type":"ListItem","position":1,"name":"Home","item":"https:\/\/www.brazilcarestore.com\/es\/"},{"@type":"ListItem","position":2,"name":"Tienda","item":"https:\/\/www.brazilcarestore.com\/es\/tienda\/"},{"@type":"ListItem","position":3,"name":"Hidrataci\u00f3n Reparadora Fusi\u00f3n Frizz 250g"}]},{"@type":"WebSite","@id":"https:\/\/www.brazilcarestore.com\/es\/#website","url":"https:\/\/www.brazilcarestore.com\/es\/","name":"Brazil Care Store","description":"The way to Beauty","publisher":{"@id":"https:\/\/www.brazilcarestore.com\/es\/#organization"},"potentialAction":[{"@type":"SearchAction","target":{"@type":"EntryPoint","urlTemplate":"https:\/\/www.brazilcarestore.com\/es\/?s={search_term_string}"},"query-input":{"@type":"PropertyValueSpecification","valueRequired":true,"valueName":"search_term_string"}}],"inLanguage":"es"},{"@type":"Organization","@id":"https:\/\/www.brazilcarestore.com\/es\/#organization","name":"Brazil Care Store","url":"https:\/\/www.brazilcarestore.com\/es\/","logo":{"@type":"ImageObject","inLanguage":"es","@id":"https:\/\/www.brazilcarestore.com\/es\/#\/schema\/logo\/image\/","url":"https:\/\/i0.wp.com\/www.brazilcarestore.com\/wp-content\/uploads\/2024\/02\/Brazil-Care-Store.png?fit=350%2C369&ssl=1","contentUrl":"https:\/\/i0.wp.com\/www.brazilcarestore.com\/wp-content\/uploads\/2024\/02\/Brazil-Care-Store.png?fit=350%2C369&ssl=1","width":350,"height":369,"caption":"Brazil Care Store"},"image":{"@id":"https:\/\/www.brazilcarestore.com\/es\/#\/schema\/logo\/image\/"},"sameAs":["https:\/\/www.facebook.com\/brazilcarestore","https:\/\/www.instagram.com\/brazilcarestore","https:\/\/www.tiktok.com\/@brazilcarestore"]}]}},"_links":{"self":[{"href":"https:\/\/www.brazilcarestore.com\/es\/wp-json\/wp\/v2\/product\/2473","targetHints":{"allow":["GET"]}}],"collection":[{"href":"https:\/\/www.brazilcarestore.com\/es\/wp-json\/wp\/v2\/product"}],"about":[{"href":"https:\/\/www.brazilcarestore.com\/es\/wp-json\/wp\/v2\/types\/product"}],"wp:featuredmedia":[{"embeddable":true,"href":"https:\/\/www.brazilcarestore.com\/es\/wp-json\/wp\/v2\/media\/1984"}],"wp:attachment":[{"href":"https:\/\/www.brazilcarestore.com\/es\/wp-json\/wp\/v2\/media?parent=2473"}],"wp:term":[{"taxonomy":"product_brand","embeddable":true,"href":"https:\/\/www.brazilcarestore.com\/es\/wp-json\/wp\/v2\/product_brand?post=2473"},{"taxonomy":"product_cat","embeddable":true,"href":"https:\/\/www.brazilcarestore.com\/es\/wp-json\/wp\/v2\/product_cat?post=2473"},{"taxonomy":"product_tag","embeddable":true,"href":"https:\/\/www.brazilcarestore.com\/es\/wp-json\/wp\/v2\/product_tag?post=2473"}],"curies":[{"name":"wp","href":"https:\/\/api.w.org\/{rel}","templated":true}]}}