{"id":2459,"date":"2024-07-06T12:37:51","date_gmt":"2024-07-06T15:37:51","guid":{"rendered":"https:\/\/www.brazilcarestore.com\/product\/sin categor\u00eda\/recuperacion-milagrosa-250ml\/"},"modified":"2024-07-06T12:37:51","modified_gmt":"2024-07-06T15:37:51","slug":"recuperacion-milagrosa-250ml","status":"publish","type":"product","link":"https:\/\/www.brazilcarestore.com\/es\/product\/brscience-es\/tratamiento\/recuperacion-milagrosa-250ml\/","title":{"rendered":"Recuperaci\u00f3n Milagrosa 250ml"},"content":{"rendered":"<p id=\"tw-target-text\" class=\"tw-data-text tw-text-large tw-ta\" dir=\"ltr\" data-placeholder=\"Tradu\u00e7\u00e3o\" aria-label=\"Texto traduzido\" data-ved=\"2ahUKEwj0psCwx5KHAxXQrZUCHTguArMQ3ewLegQIBhAU\"><span class=\"Y2IQFc\" lang=\"en\">El Reconstructor Recuperador Milagroso de Uso Obligatorio es un fluido de tratamiento intensivo que recupera el cabello da\u00f1ado. Protege el cabello tratado qu\u00edmicamente, restaura el brillo de las hebras, reconstruye el cabello desvitalizado y quebradizo sometido al uso constante del secador y las planchas. Tambi\u00e9n se puede utilizar como protector t\u00e9rmico del cepillo y la plancha. Modo de empleo: Pulveriza y extiende el Reconstructor Bio.Restore\u00ae Recuperaci\u00f3n Milagrosa sobre los largos y las puntas, siempre despu\u00e9s del Champ\u00fa y antes del Acondicionador o Mascarilla de tu elecci\u00f3n, masajea y aclara. Recuperaci\u00f3n Milagrosa tambi\u00e9n se puede utilizar como protector t\u00e9rmico antes del cepillado y del alisado. Composici\u00f3n: Aqua, Cloruro de Dicildimonio, Estearamidopropi | Dimetilaminie, Parfum, Propilenglicol, Alcohol Cetear\u00edlico, Glicerina, Bis- Cetear\u00edlico, Amodimeticona, PEG-40\/PPG-8 Meltilaminopropil\/Hidroxipropil Dimeticona Copol\u00edmero, Amodimeticona, Oleth-3, Mentosulfato de Beheritrimonio, \u00c1cido C\u00edtrico, Dipropilenglicol, C11-15 Pareth -7, Aceite de Cocos Nicifera, Laureth-p. Triceth-12, Linalool, Fenoxietanol, Hidroxicitronela, Limoneno, Geraniol, Butifenil Metilpropional, Ceteareth-25, Ceteareth7, Salicilato de bencilo, Extracto de Gardenia Tahitensis Flouwe, Anginina HCI, Pantenol, Creatinina, Glicina, Prote\u00edna de Ma\u00edz Hidrolizada, Prote\u00edna de Soja Hidrolizada, Prote\u00edna de Trigo Hidrolizada, Prolina, Serina, Acetil Ciste\u00edna y Dmdm Hidanto\u00edna. Precauciones: Mant\u00e9n el producto en un lugar fresco, alejado de la luz solar directa y fuera del alcance de los ni\u00f1os y los animales dom\u00e9sticos. Si eres sensible o al\u00e9rgico a alg\u00fan componente de la f\u00f3rmula, interrumpe su uso. Uso externo.         <\/span><\/p>\n<p>&nbsp;<\/p>\n","protected":false},"excerpt":{"rendered":"<p id=\"tw-target-text\" class=\"tw-data-text tw-text-large tw-ta\" dir=\"ltr\" data-placeholder=\"Tradu\u00e7\u00e3o\" aria-label=\"Texto traduzido\" data-ved=\"2ahUKEwj0psCwx5KHAxXQrZUCHTguArMQ3ewLegQIBhAU\"><span class=\"Y2IQFc\" lang=\"en\">Miracle Recovery Reconstructor Uso Obligatorio es un fluido de tratamiento intensivo que recupera el cabello da\u00f1ado. Protege el cabello tratado qu\u00edmicamente, restaura el brillo, reconstruye el cabello desvitalizado y quebradizo que utiliza constantemente secadores y planchas. Tambi\u00e9n se puede utilizar como protector t\u00e9rmico del cepillo y la plancha.  <\/span><\/p>\n","protected":false},"featured_media":1974,"template":"","meta":[],"product_brand":[],"product_cat":[144,145],"product_tag":[],"class_list":{"0":"post-2459","1":"product","2":"type-product","3":"status-publish","4":"has-post-thumbnail","6":"product_cat-brscience-es","7":"product_cat-tratamiento","8":"product_shipping_class-leves-a-499","10":"first","11":"instock","12":"shipping-taxable","13":"purchasable","14":"product-type-simple"},"yoast_head":"<!-- This site is optimized with the Yoast SEO plugin v27.1.1 - https:\/\/yoast.com\/product\/yoast-seo-wordpress\/ -->\n<title>Recuperaci\u00f3n Milagrosa 250ml - Brazil Care Store<\/title>\n<meta name=\"description\" content=\"Miracle Recovery Reconstructor Uso Obligatorio es un fluido de tratamiento intensivo que recupera el cabello da\u00f1ado. Protege el cabello tratado qu\u00edmicamente, restaura el brillo, reconstruye el cabello desvitalizado y quebradizo que utiliza constantemente secadores y planchas. Tambi\u00e9n se puede utilizar como protector t\u00e9rmico del cepillo y la plancha.\" \/>\n<meta name=\"robots\" content=\"index, follow, max-snippet:-1, max-image-preview:large, max-video-preview:-1\" \/>\n<link rel=\"canonical\" href=\"https:\/\/www.brazilcarestore.com\/es\/product\/brscience-es\/tratamiento\/recuperacion-milagrosa-250ml\/\" \/>\n<meta property=\"og:locale\" content=\"es_ES\" \/>\n<meta property=\"og:type\" content=\"article\" \/>\n<meta property=\"og:title\" content=\"Recuperaci\u00f3n Milagrosa 250ml - Brazil Care Store\" \/>\n<meta property=\"og:description\" content=\"Miracle Recovery Reconstructor Uso Obligatorio es un fluido de tratamiento intensivo que recupera el cabello da\u00f1ado. Protege el cabello tratado qu\u00edmicamente, restaura el brillo, reconstruye el cabello desvitalizado y quebradizo que utiliza constantemente secadores y planchas. Tambi\u00e9n se puede utilizar como protector t\u00e9rmico del cepillo y la plancha.\" \/>\n<meta property=\"og:url\" content=\"https:\/\/www.brazilcarestore.com\/es\/product\/brscience-es\/tratamiento\/recuperacion-milagrosa-250ml\/\" \/>\n<meta property=\"og:site_name\" content=\"Brazil Care Store\" \/>\n<meta property=\"article:publisher\" content=\"https:\/\/www.facebook.com\/brazilcarestore\" \/>\n<meta property=\"og:image\" content=\"https:\/\/i0.wp.com\/www.brazilcarestore.com\/wp-content\/uploads\/2024\/07\/Miracle-recovery-250ml-A.jpg?fit=1080%2C1080&ssl=1\" \/>\n\t<meta property=\"og:image:width\" content=\"1080\" \/>\n\t<meta property=\"og:image:height\" content=\"1080\" \/>\n\t<meta property=\"og:image:type\" content=\"image\/jpeg\" \/>\n<meta name=\"twitter:card\" content=\"summary_large_image\" \/>\n<meta name=\"twitter:label1\" content=\"Tiempo de lectura\" \/>\n\t<meta name=\"twitter:data1\" content=\"1 minuto\" \/>\n<script type=\"application\/ld+json\" class=\"yoast-schema-graph\">{\"@context\":\"https:\/\/schema.org\",\"@graph\":[{\"@type\":\"WebPage\",\"@id\":\"https:\/\/www.brazilcarestore.com\/es\/product\/brscience-es\/tratamiento\/recuperacion-milagrosa-250ml\/\",\"url\":\"https:\/\/www.brazilcarestore.com\/es\/product\/brscience-es\/tratamiento\/recuperacion-milagrosa-250ml\/\",\"name\":\"Recuperaci\u00f3n Milagrosa 250ml - Brazil Care Store\",\"isPartOf\":{\"@id\":\"https:\/\/www.brazilcarestore.com\/es\/#website\"},\"primaryImageOfPage\":{\"@id\":\"https:\/\/www.brazilcarestore.com\/es\/product\/brscience-es\/tratamiento\/recuperacion-milagrosa-250ml\/#primaryimage\"},\"image\":{\"@id\":\"https:\/\/www.brazilcarestore.com\/es\/product\/brscience-es\/tratamiento\/recuperacion-milagrosa-250ml\/#primaryimage\"},\"thumbnailUrl\":\"https:\/\/i0.wp.com\/www.brazilcarestore.com\/wp-content\/uploads\/2024\/07\/Miracle-recovery-250ml-A.jpg?fit=1080%2C1080&ssl=1\",\"datePublished\":\"2024-07-06T15:37:51+00:00\",\"description\":\"Miracle Recovery Reconstructor Uso Obligatorio es un fluido de tratamiento intensivo que recupera el cabello da\u00f1ado. Protege el cabello tratado qu\u00edmicamente, restaura el brillo, reconstruye el cabello desvitalizado y quebradizo que utiliza constantemente secadores y planchas. Tambi\u00e9n se puede utilizar como protector t\u00e9rmico del cepillo y la plancha.\",\"breadcrumb\":{\"@id\":\"https:\/\/www.brazilcarestore.com\/es\/product\/brscience-es\/tratamiento\/recuperacion-milagrosa-250ml\/#breadcrumb\"},\"inLanguage\":\"es\",\"potentialAction\":[{\"@type\":\"ReadAction\",\"target\":[\"https:\/\/www.brazilcarestore.com\/es\/product\/brscience-es\/tratamiento\/recuperacion-milagrosa-250ml\/\"]}]},{\"@type\":\"ImageObject\",\"inLanguage\":\"es\",\"@id\":\"https:\/\/www.brazilcarestore.com\/es\/product\/brscience-es\/tratamiento\/recuperacion-milagrosa-250ml\/#primaryimage\",\"url\":\"https:\/\/i0.wp.com\/www.brazilcarestore.com\/wp-content\/uploads\/2024\/07\/Miracle-recovery-250ml-A.jpg?fit=1080%2C1080&ssl=1\",\"contentUrl\":\"https:\/\/i0.wp.com\/www.brazilcarestore.com\/wp-content\/uploads\/2024\/07\/Miracle-recovery-250ml-A.jpg?fit=1080%2C1080&ssl=1\",\"width\":1080,\"height\":1080},{\"@type\":\"BreadcrumbList\",\"@id\":\"https:\/\/www.brazilcarestore.com\/es\/product\/brscience-es\/tratamiento\/recuperacion-milagrosa-250ml\/#breadcrumb\",\"itemListElement\":[{\"@type\":\"ListItem\",\"position\":1,\"name\":\"Home\",\"item\":\"https:\/\/www.brazilcarestore.com\/es\/\"},{\"@type\":\"ListItem\",\"position\":2,\"name\":\"Tienda\",\"item\":\"https:\/\/www.brazilcarestore.com\/es\/tienda\/\"},{\"@type\":\"ListItem\",\"position\":3,\"name\":\"Recuperaci\u00f3n Milagrosa 250ml\"}]},{\"@type\":\"WebSite\",\"@id\":\"https:\/\/www.brazilcarestore.com\/es\/#website\",\"url\":\"https:\/\/www.brazilcarestore.com\/es\/\",\"name\":\"Brazil Care Store\",\"description\":\"The way to Beauty\",\"publisher\":{\"@id\":\"https:\/\/www.brazilcarestore.com\/es\/#organization\"},\"potentialAction\":[{\"@type\":\"SearchAction\",\"target\":{\"@type\":\"EntryPoint\",\"urlTemplate\":\"https:\/\/www.brazilcarestore.com\/es\/?s={search_term_string}\"},\"query-input\":{\"@type\":\"PropertyValueSpecification\",\"valueRequired\":true,\"valueName\":\"search_term_string\"}}],\"inLanguage\":\"es\"},{\"@type\":\"Organization\",\"@id\":\"https:\/\/www.brazilcarestore.com\/es\/#organization\",\"name\":\"Brazil Care Store\",\"url\":\"https:\/\/www.brazilcarestore.com\/es\/\",\"logo\":{\"@type\":\"ImageObject\",\"inLanguage\":\"es\",\"@id\":\"https:\/\/www.brazilcarestore.com\/es\/#\/schema\/logo\/image\/\",\"url\":\"https:\/\/i0.wp.com\/www.brazilcarestore.com\/wp-content\/uploads\/2024\/02\/Brazil-Care-Store.png?fit=350%2C369&ssl=1\",\"contentUrl\":\"https:\/\/i0.wp.com\/www.brazilcarestore.com\/wp-content\/uploads\/2024\/02\/Brazil-Care-Store.png?fit=350%2C369&ssl=1\",\"width\":350,\"height\":369,\"caption\":\"Brazil Care Store\"},\"image\":{\"@id\":\"https:\/\/www.brazilcarestore.com\/es\/#\/schema\/logo\/image\/\"},\"sameAs\":[\"https:\/\/www.facebook.com\/brazilcarestore\",\"https:\/\/www.instagram.com\/brazilcarestore\",\"https:\/\/www.tiktok.com\/@brazilcarestore\"]}]}<\/script>\n<!-- \/ Yoast SEO plugin. -->","yoast_head_json":{"title":"Recuperaci\u00f3n Milagrosa 250ml - Brazil Care Store","description":"Miracle Recovery Reconstructor Uso Obligatorio es un fluido de tratamiento intensivo que recupera el cabello da\u00f1ado. Protege el cabello tratado qu\u00edmicamente, restaura el brillo, reconstruye el cabello desvitalizado y quebradizo que utiliza constantemente secadores y planchas. Tambi\u00e9n se puede utilizar como protector t\u00e9rmico del cepillo y la plancha.","robots":{"index":"index","follow":"follow","max-snippet":"max-snippet:-1","max-image-preview":"max-image-preview:large","max-video-preview":"max-video-preview:-1"},"canonical":"https:\/\/www.brazilcarestore.com\/es\/product\/brscience-es\/tratamiento\/recuperacion-milagrosa-250ml\/","og_locale":"es_ES","og_type":"article","og_title":"Recuperaci\u00f3n Milagrosa 250ml - Brazil Care Store","og_description":"Miracle Recovery Reconstructor Uso Obligatorio es un fluido de tratamiento intensivo que recupera el cabello da\u00f1ado. Protege el cabello tratado qu\u00edmicamente, restaura el brillo, reconstruye el cabello desvitalizado y quebradizo que utiliza constantemente secadores y planchas. Tambi\u00e9n se puede utilizar como protector t\u00e9rmico del cepillo y la plancha.","og_url":"https:\/\/www.brazilcarestore.com\/es\/product\/brscience-es\/tratamiento\/recuperacion-milagrosa-250ml\/","og_site_name":"Brazil Care Store","article_publisher":"https:\/\/www.facebook.com\/brazilcarestore","og_image":[{"width":1080,"height":1080,"url":"https:\/\/i0.wp.com\/www.brazilcarestore.com\/wp-content\/uploads\/2024\/07\/Miracle-recovery-250ml-A.jpg?fit=1080%2C1080&ssl=1","type":"image\/jpeg"}],"twitter_card":"summary_large_image","twitter_misc":{"Tiempo de lectura":"1 minuto"},"schema":{"@context":"https:\/\/schema.org","@graph":[{"@type":"WebPage","@id":"https:\/\/www.brazilcarestore.com\/es\/product\/brscience-es\/tratamiento\/recuperacion-milagrosa-250ml\/","url":"https:\/\/www.brazilcarestore.com\/es\/product\/brscience-es\/tratamiento\/recuperacion-milagrosa-250ml\/","name":"Recuperaci\u00f3n Milagrosa 250ml - Brazil Care Store","isPartOf":{"@id":"https:\/\/www.brazilcarestore.com\/es\/#website"},"primaryImageOfPage":{"@id":"https:\/\/www.brazilcarestore.com\/es\/product\/brscience-es\/tratamiento\/recuperacion-milagrosa-250ml\/#primaryimage"},"image":{"@id":"https:\/\/www.brazilcarestore.com\/es\/product\/brscience-es\/tratamiento\/recuperacion-milagrosa-250ml\/#primaryimage"},"thumbnailUrl":"https:\/\/i0.wp.com\/www.brazilcarestore.com\/wp-content\/uploads\/2024\/07\/Miracle-recovery-250ml-A.jpg?fit=1080%2C1080&ssl=1","datePublished":"2024-07-06T15:37:51+00:00","description":"Miracle Recovery Reconstructor Uso Obligatorio es un fluido de tratamiento intensivo que recupera el cabello da\u00f1ado. Protege el cabello tratado qu\u00edmicamente, restaura el brillo, reconstruye el cabello desvitalizado y quebradizo que utiliza constantemente secadores y planchas. Tambi\u00e9n se puede utilizar como protector t\u00e9rmico del cepillo y la plancha.","breadcrumb":{"@id":"https:\/\/www.brazilcarestore.com\/es\/product\/brscience-es\/tratamiento\/recuperacion-milagrosa-250ml\/#breadcrumb"},"inLanguage":"es","potentialAction":[{"@type":"ReadAction","target":["https:\/\/www.brazilcarestore.com\/es\/product\/brscience-es\/tratamiento\/recuperacion-milagrosa-250ml\/"]}]},{"@type":"ImageObject","inLanguage":"es","@id":"https:\/\/www.brazilcarestore.com\/es\/product\/brscience-es\/tratamiento\/recuperacion-milagrosa-250ml\/#primaryimage","url":"https:\/\/i0.wp.com\/www.brazilcarestore.com\/wp-content\/uploads\/2024\/07\/Miracle-recovery-250ml-A.jpg?fit=1080%2C1080&ssl=1","contentUrl":"https:\/\/i0.wp.com\/www.brazilcarestore.com\/wp-content\/uploads\/2024\/07\/Miracle-recovery-250ml-A.jpg?fit=1080%2C1080&ssl=1","width":1080,"height":1080},{"@type":"BreadcrumbList","@id":"https:\/\/www.brazilcarestore.com\/es\/product\/brscience-es\/tratamiento\/recuperacion-milagrosa-250ml\/#breadcrumb","itemListElement":[{"@type":"ListItem","position":1,"name":"Home","item":"https:\/\/www.brazilcarestore.com\/es\/"},{"@type":"ListItem","position":2,"name":"Tienda","item":"https:\/\/www.brazilcarestore.com\/es\/tienda\/"},{"@type":"ListItem","position":3,"name":"Recuperaci\u00f3n Milagrosa 250ml"}]},{"@type":"WebSite","@id":"https:\/\/www.brazilcarestore.com\/es\/#website","url":"https:\/\/www.brazilcarestore.com\/es\/","name":"Brazil Care Store","description":"The way to Beauty","publisher":{"@id":"https:\/\/www.brazilcarestore.com\/es\/#organization"},"potentialAction":[{"@type":"SearchAction","target":{"@type":"EntryPoint","urlTemplate":"https:\/\/www.brazilcarestore.com\/es\/?s={search_term_string}"},"query-input":{"@type":"PropertyValueSpecification","valueRequired":true,"valueName":"search_term_string"}}],"inLanguage":"es"},{"@type":"Organization","@id":"https:\/\/www.brazilcarestore.com\/es\/#organization","name":"Brazil Care Store","url":"https:\/\/www.brazilcarestore.com\/es\/","logo":{"@type":"ImageObject","inLanguage":"es","@id":"https:\/\/www.brazilcarestore.com\/es\/#\/schema\/logo\/image\/","url":"https:\/\/i0.wp.com\/www.brazilcarestore.com\/wp-content\/uploads\/2024\/02\/Brazil-Care-Store.png?fit=350%2C369&ssl=1","contentUrl":"https:\/\/i0.wp.com\/www.brazilcarestore.com\/wp-content\/uploads\/2024\/02\/Brazil-Care-Store.png?fit=350%2C369&ssl=1","width":350,"height":369,"caption":"Brazil Care Store"},"image":{"@id":"https:\/\/www.brazilcarestore.com\/es\/#\/schema\/logo\/image\/"},"sameAs":["https:\/\/www.facebook.com\/brazilcarestore","https:\/\/www.instagram.com\/brazilcarestore","https:\/\/www.tiktok.com\/@brazilcarestore"]}]}},"_links":{"self":[{"href":"https:\/\/www.brazilcarestore.com\/es\/wp-json\/wp\/v2\/product\/2459","targetHints":{"allow":["GET"]}}],"collection":[{"href":"https:\/\/www.brazilcarestore.com\/es\/wp-json\/wp\/v2\/product"}],"about":[{"href":"https:\/\/www.brazilcarestore.com\/es\/wp-json\/wp\/v2\/types\/product"}],"wp:featuredmedia":[{"embeddable":true,"href":"https:\/\/www.brazilcarestore.com\/es\/wp-json\/wp\/v2\/media\/1974"}],"wp:attachment":[{"href":"https:\/\/www.brazilcarestore.com\/es\/wp-json\/wp\/v2\/media?parent=2459"}],"wp:term":[{"taxonomy":"product_brand","embeddable":true,"href":"https:\/\/www.brazilcarestore.com\/es\/wp-json\/wp\/v2\/product_brand?post=2459"},{"taxonomy":"product_cat","embeddable":true,"href":"https:\/\/www.brazilcarestore.com\/es\/wp-json\/wp\/v2\/product_cat?post=2459"},{"taxonomy":"product_tag","embeddable":true,"href":"https:\/\/www.brazilcarestore.com\/es\/wp-json\/wp\/v2\/product_tag?post=2459"}],"curies":[{"name":"wp","href":"https:\/\/api.w.org\/{rel}","templated":true}]}}