{"id":2456,"date":"2024-07-06T12:27:26","date_gmt":"2024-07-06T15:27:26","guid":{"rendered":"https:\/\/www.brazilcarestore.com\/product\/sin categor\u00eda\/bruma-detox-acidificante-250ml\/"},"modified":"2024-07-06T12:27:26","modified_gmt":"2024-07-06T15:27:26","slug":"bruma-detox-acidificante-250ml","status":"publish","type":"product","link":"https:\/\/www.brazilcarestore.com\/es\/product\/brscience-es\/tratamiento\/bruma-detox-acidificante-250ml\/","title":{"rendered":"Bruma Detox Acidificante 250ml"},"content":{"rendered":"<p id=\"tw-target-text\" class=\"tw-data-text tw-text-large tw-ta\" dir=\"ltr\" data-placeholder=\"Tradu\u00e7\u00e3o\" aria-label=\"Texto traduzido\" data-ved=\"2ahUKEwj0psCwx5KHAxXQrZUCHTguArMQ3ewLegQIBhAU\"><span class=\"Y2IQFc\" lang=\"en\">Mist Detox es un acidificante desarrollado para equilibrar el pH del cabello, especialmente despu\u00e9s de procesos qu\u00edmicos. Su f\u00f3rmula avanzada contiene ingredientes antiporosidad que ayudan a fortalecer y restaurar la estructura capilar, dando como resultado unas hebras m\u00e1s sanas, brillantes y manejables. Modo de empleo: Pulveriza la Bruma Detox sobre el cabello limpio y h\u00famedo, reparti\u00e9ndola uniformemente. D\u00e9jalo actuar unos minutos y aclara. Para obtener mejores resultados, util\u00edzalo junto con el Champ\u00fa Detox y la Mascarilla Detox. Composici\u00f3n: Aqua, \u00c1cido L\u00e1ctico, Polisorbato 20, PCA S\u00f3dico, Cloruro de Cetrimonio, Glicerina, Fenoxietanol, Parfum, Hexil Cinamal, Aceite de Semilla de Bertholletia Excelsa, Aceite de Fruta de Mauritia Flexuosa, Aceite de Semilla de Pentaclethra Macroloba, d-Limoneno, Hidroxicitronelal, Citronelol, Prote\u00edna de Trigo Hidrolizada, Arginina, \u00c1cido Itac\u00f3nico, Alanina, Prote\u00edna de Ma\u00edz Hidrolizada, Prote\u00edna de Soja Hidrolizada, Lisina, \u00c1cido Asp\u00e1rtico, Extracto de Semilla de Linum Usitatissimum (Linaza), Pantenol, Leucina, Serina, Prolina, Hidroxiprolina, Fenilalanina, Laurato de Poligliceril-10, Extracto de Semillas de Salvia Hisp\u00e1nica, Valina, Treonina, Glicina, \u00c1cido Glut\u00e1mico, Histidina, Isoleucina, Metionina, DMDM, Hidanto\u00edna, Alcohol Benc\u00edlico, Tirosina, \u00c1cido Capr\u00edlico, Tript\u00f3fano, Xilitol. Precauciones: Mant\u00e9n el producto en un lugar fresco, alejado de la luz solar directa y fuera del alcance de los ni\u00f1os y los animales dom\u00e9sticos. Si eres sensible o al\u00e9rgico a alg\u00fan componente de la f\u00f3rmula, interrumpe su uso. Uso externo.        <\/span><\/p>\n","protected":false},"excerpt":{"rendered":"<div id=\"tw-target-text-container\" class=\"tw-ta-container F0azHf tw-nfl\" tabindex=\"0\">\n<p id=\"tw-target-text\" class=\"tw-data-text tw-text-large tw-ta\" dir=\"ltr\" data-placeholder=\"Tradu\u00e7\u00e3o\" aria-label=\"Texto traduzido\" data-ved=\"2ahUKEwj0psCwx5KHAxXQrZUCHTguArMQ3ewLegQIBhAU\"><span class=\"Y2IQFc\" lang=\"en\">El Bruma Detox es un acidificante desarrollado para equilibrar el pH del cabello, especialmente despu\u00e9s de procesos qu\u00edmicos. Su f\u00f3rmula avanzada contiene ingredientes antiporosidad que ayudan a fortalecer y restaurar la estructura capilar, dando como resultado unas hebras m\u00e1s sanas, brillantes y manejables. <\/span><\/p>\n<\/div>\n<div id=\"tw-target-rmn-container\" class=\"tw-target-rmn tw-ta-container F0azHf tw-nfl\">\n<pre id=\"tw-target-rmn\" class=\"tw-data-placeholder tw-text-small tw-ta\" dir=\"ltr\" data-placeholder=\"\"><\/pre>\n<\/div>\n<div class=\"iYB33c\">\n<div class=\"dlJLJe\">\n<div data-cviv=\"false\" data-ved=\"2ahUKEwj0psCwx5KHAxXQrZUCHTguArMQz_AEegQIBhAV\">\n<div class=\"U9URNb\"><\/div>\n<\/div>\n<\/div>\n<div id=\"tw-tmenu\" class=\"tw-menu\"><\/div>\n<\/div>\n","protected":false},"featured_media":1970,"template":"","meta":[],"product_brand":[],"product_cat":[144,145],"product_tag":[],"class_list":{"0":"post-2456","1":"product","2":"type-product","3":"status-publish","4":"has-post-thumbnail","6":"product_cat-brscience-es","7":"product_cat-tratamiento","8":"product_shipping_class-leves-a-499","10":"first","11":"instock","12":"shipping-taxable","13":"purchasable","14":"product-type-simple"},"yoast_head":"<!-- This site is optimized with the Yoast SEO plugin v27.1.1 - https:\/\/yoast.com\/product\/yoast-seo-wordpress\/ -->\n<title>Bruma Detox Acidificante 250ml - Brazil Care Store<\/title>\n<meta name=\"description\" content=\"El Bruma Detox es un acidificante desarrollado para equilibrar el pH del cabello, especialmente despu\u00e9s de procesos qu\u00edmicos. Su f\u00f3rmula avanzada contiene ingredientes antiporosidad que ayudan a fortalecer y restaurar la estructura capilar, dando como resultado unas hebras m\u00e1s sanas, brillantes y manejables.\" \/>\n<meta name=\"robots\" content=\"index, follow, max-snippet:-1, max-image-preview:large, max-video-preview:-1\" \/>\n<link rel=\"canonical\" href=\"https:\/\/www.brazilcarestore.com\/es\/product\/brscience-es\/tratamiento\/bruma-detox-acidificante-250ml\/\" \/>\n<meta property=\"og:locale\" content=\"es_ES\" \/>\n<meta property=\"og:type\" content=\"article\" \/>\n<meta property=\"og:title\" content=\"Bruma Detox Acidificante 250ml - Brazil Care Store\" \/>\n<meta property=\"og:description\" content=\"El Bruma Detox es un acidificante desarrollado para equilibrar el pH del cabello, especialmente despu\u00e9s de procesos qu\u00edmicos. Su f\u00f3rmula avanzada contiene ingredientes antiporosidad que ayudan a fortalecer y restaurar la estructura capilar, dando como resultado unas hebras m\u00e1s sanas, brillantes y manejables.\" \/>\n<meta property=\"og:url\" content=\"https:\/\/www.brazilcarestore.com\/es\/product\/brscience-es\/tratamiento\/bruma-detox-acidificante-250ml\/\" \/>\n<meta property=\"og:site_name\" content=\"Brazil Care Store\" \/>\n<meta property=\"article:publisher\" content=\"https:\/\/www.facebook.com\/brazilcarestore\" \/>\n<meta property=\"og:image\" content=\"https:\/\/i0.wp.com\/www.brazilcarestore.com\/wp-content\/uploads\/2024\/07\/Bruma-Detox-Acidificante-250ml-01.jpg?fit=1080%2C1080&ssl=1\" \/>\n\t<meta property=\"og:image:width\" content=\"1080\" \/>\n\t<meta property=\"og:image:height\" content=\"1080\" \/>\n\t<meta property=\"og:image:type\" content=\"image\/jpeg\" \/>\n<meta name=\"twitter:card\" content=\"summary_large_image\" \/>\n<meta name=\"twitter:label1\" content=\"Tiempo de lectura\" \/>\n\t<meta name=\"twitter:data1\" content=\"1 minuto\" \/>\n<script type=\"application\/ld+json\" class=\"yoast-schema-graph\">{\"@context\":\"https:\/\/schema.org\",\"@graph\":[{\"@type\":\"WebPage\",\"@id\":\"https:\/\/www.brazilcarestore.com\/es\/product\/brscience-es\/tratamiento\/bruma-detox-acidificante-250ml\/\",\"url\":\"https:\/\/www.brazilcarestore.com\/es\/product\/brscience-es\/tratamiento\/bruma-detox-acidificante-250ml\/\",\"name\":\"Bruma Detox Acidificante 250ml - Brazil Care Store\",\"isPartOf\":{\"@id\":\"https:\/\/www.brazilcarestore.com\/es\/#website\"},\"primaryImageOfPage\":{\"@id\":\"https:\/\/www.brazilcarestore.com\/es\/product\/brscience-es\/tratamiento\/bruma-detox-acidificante-250ml\/#primaryimage\"},\"image\":{\"@id\":\"https:\/\/www.brazilcarestore.com\/es\/product\/brscience-es\/tratamiento\/bruma-detox-acidificante-250ml\/#primaryimage\"},\"thumbnailUrl\":\"https:\/\/i0.wp.com\/www.brazilcarestore.com\/wp-content\/uploads\/2024\/07\/Bruma-Detox-Acidificante-250ml-01.jpg?fit=1080%2C1080&ssl=1\",\"datePublished\":\"2024-07-06T15:27:26+00:00\",\"description\":\"El Bruma Detox es un acidificante desarrollado para equilibrar el pH del cabello, especialmente despu\u00e9s de procesos qu\u00edmicos. Su f\u00f3rmula avanzada contiene ingredientes antiporosidad que ayudan a fortalecer y restaurar la estructura capilar, dando como resultado unas hebras m\u00e1s sanas, brillantes y manejables.\",\"breadcrumb\":{\"@id\":\"https:\/\/www.brazilcarestore.com\/es\/product\/brscience-es\/tratamiento\/bruma-detox-acidificante-250ml\/#breadcrumb\"},\"inLanguage\":\"es\",\"potentialAction\":[{\"@type\":\"ReadAction\",\"target\":[\"https:\/\/www.brazilcarestore.com\/es\/product\/brscience-es\/tratamiento\/bruma-detox-acidificante-250ml\/\"]}]},{\"@type\":\"ImageObject\",\"inLanguage\":\"es\",\"@id\":\"https:\/\/www.brazilcarestore.com\/es\/product\/brscience-es\/tratamiento\/bruma-detox-acidificante-250ml\/#primaryimage\",\"url\":\"https:\/\/i0.wp.com\/www.brazilcarestore.com\/wp-content\/uploads\/2024\/07\/Bruma-Detox-Acidificante-250ml-01.jpg?fit=1080%2C1080&ssl=1\",\"contentUrl\":\"https:\/\/i0.wp.com\/www.brazilcarestore.com\/wp-content\/uploads\/2024\/07\/Bruma-Detox-Acidificante-250ml-01.jpg?fit=1080%2C1080&ssl=1\",\"width\":1080,\"height\":1080},{\"@type\":\"BreadcrumbList\",\"@id\":\"https:\/\/www.brazilcarestore.com\/es\/product\/brscience-es\/tratamiento\/bruma-detox-acidificante-250ml\/#breadcrumb\",\"itemListElement\":[{\"@type\":\"ListItem\",\"position\":1,\"name\":\"Home\",\"item\":\"https:\/\/www.brazilcarestore.com\/es\/\"},{\"@type\":\"ListItem\",\"position\":2,\"name\":\"Tienda\",\"item\":\"https:\/\/www.brazilcarestore.com\/es\/tienda\/\"},{\"@type\":\"ListItem\",\"position\":3,\"name\":\"Bruma Detox Acidificante 250ml\"}]},{\"@type\":\"WebSite\",\"@id\":\"https:\/\/www.brazilcarestore.com\/es\/#website\",\"url\":\"https:\/\/www.brazilcarestore.com\/es\/\",\"name\":\"Brazil Care Store\",\"description\":\"The way to Beauty\",\"publisher\":{\"@id\":\"https:\/\/www.brazilcarestore.com\/es\/#organization\"},\"potentialAction\":[{\"@type\":\"SearchAction\",\"target\":{\"@type\":\"EntryPoint\",\"urlTemplate\":\"https:\/\/www.brazilcarestore.com\/es\/?s={search_term_string}\"},\"query-input\":{\"@type\":\"PropertyValueSpecification\",\"valueRequired\":true,\"valueName\":\"search_term_string\"}}],\"inLanguage\":\"es\"},{\"@type\":\"Organization\",\"@id\":\"https:\/\/www.brazilcarestore.com\/es\/#organization\",\"name\":\"Brazil Care Store\",\"url\":\"https:\/\/www.brazilcarestore.com\/es\/\",\"logo\":{\"@type\":\"ImageObject\",\"inLanguage\":\"es\",\"@id\":\"https:\/\/www.brazilcarestore.com\/es\/#\/schema\/logo\/image\/\",\"url\":\"https:\/\/i0.wp.com\/www.brazilcarestore.com\/wp-content\/uploads\/2024\/02\/Brazil-Care-Store.png?fit=350%2C369&ssl=1\",\"contentUrl\":\"https:\/\/i0.wp.com\/www.brazilcarestore.com\/wp-content\/uploads\/2024\/02\/Brazil-Care-Store.png?fit=350%2C369&ssl=1\",\"width\":350,\"height\":369,\"caption\":\"Brazil Care Store\"},\"image\":{\"@id\":\"https:\/\/www.brazilcarestore.com\/es\/#\/schema\/logo\/image\/\"},\"sameAs\":[\"https:\/\/www.facebook.com\/brazilcarestore\",\"https:\/\/www.instagram.com\/brazilcarestore\",\"https:\/\/www.tiktok.com\/@brazilcarestore\"]}]}<\/script>\n<!-- \/ Yoast SEO plugin. -->","yoast_head_json":{"title":"Bruma Detox Acidificante 250ml - Brazil Care Store","description":"El Bruma Detox es un acidificante desarrollado para equilibrar el pH del cabello, especialmente despu\u00e9s de procesos qu\u00edmicos. Su f\u00f3rmula avanzada contiene ingredientes antiporosidad que ayudan a fortalecer y restaurar la estructura capilar, dando como resultado unas hebras m\u00e1s sanas, brillantes y manejables.","robots":{"index":"index","follow":"follow","max-snippet":"max-snippet:-1","max-image-preview":"max-image-preview:large","max-video-preview":"max-video-preview:-1"},"canonical":"https:\/\/www.brazilcarestore.com\/es\/product\/brscience-es\/tratamiento\/bruma-detox-acidificante-250ml\/","og_locale":"es_ES","og_type":"article","og_title":"Bruma Detox Acidificante 250ml - Brazil Care Store","og_description":"El Bruma Detox es un acidificante desarrollado para equilibrar el pH del cabello, especialmente despu\u00e9s de procesos qu\u00edmicos. Su f\u00f3rmula avanzada contiene ingredientes antiporosidad que ayudan a fortalecer y restaurar la estructura capilar, dando como resultado unas hebras m\u00e1s sanas, brillantes y manejables.","og_url":"https:\/\/www.brazilcarestore.com\/es\/product\/brscience-es\/tratamiento\/bruma-detox-acidificante-250ml\/","og_site_name":"Brazil Care Store","article_publisher":"https:\/\/www.facebook.com\/brazilcarestore","og_image":[{"width":1080,"height":1080,"url":"https:\/\/i0.wp.com\/www.brazilcarestore.com\/wp-content\/uploads\/2024\/07\/Bruma-Detox-Acidificante-250ml-01.jpg?fit=1080%2C1080&ssl=1","type":"image\/jpeg"}],"twitter_card":"summary_large_image","twitter_misc":{"Tiempo de lectura":"1 minuto"},"schema":{"@context":"https:\/\/schema.org","@graph":[{"@type":"WebPage","@id":"https:\/\/www.brazilcarestore.com\/es\/product\/brscience-es\/tratamiento\/bruma-detox-acidificante-250ml\/","url":"https:\/\/www.brazilcarestore.com\/es\/product\/brscience-es\/tratamiento\/bruma-detox-acidificante-250ml\/","name":"Bruma Detox Acidificante 250ml - Brazil Care Store","isPartOf":{"@id":"https:\/\/www.brazilcarestore.com\/es\/#website"},"primaryImageOfPage":{"@id":"https:\/\/www.brazilcarestore.com\/es\/product\/brscience-es\/tratamiento\/bruma-detox-acidificante-250ml\/#primaryimage"},"image":{"@id":"https:\/\/www.brazilcarestore.com\/es\/product\/brscience-es\/tratamiento\/bruma-detox-acidificante-250ml\/#primaryimage"},"thumbnailUrl":"https:\/\/i0.wp.com\/www.brazilcarestore.com\/wp-content\/uploads\/2024\/07\/Bruma-Detox-Acidificante-250ml-01.jpg?fit=1080%2C1080&ssl=1","datePublished":"2024-07-06T15:27:26+00:00","description":"El Bruma Detox es un acidificante desarrollado para equilibrar el pH del cabello, especialmente despu\u00e9s de procesos qu\u00edmicos. Su f\u00f3rmula avanzada contiene ingredientes antiporosidad que ayudan a fortalecer y restaurar la estructura capilar, dando como resultado unas hebras m\u00e1s sanas, brillantes y manejables.","breadcrumb":{"@id":"https:\/\/www.brazilcarestore.com\/es\/product\/brscience-es\/tratamiento\/bruma-detox-acidificante-250ml\/#breadcrumb"},"inLanguage":"es","potentialAction":[{"@type":"ReadAction","target":["https:\/\/www.brazilcarestore.com\/es\/product\/brscience-es\/tratamiento\/bruma-detox-acidificante-250ml\/"]}]},{"@type":"ImageObject","inLanguage":"es","@id":"https:\/\/www.brazilcarestore.com\/es\/product\/brscience-es\/tratamiento\/bruma-detox-acidificante-250ml\/#primaryimage","url":"https:\/\/i0.wp.com\/www.brazilcarestore.com\/wp-content\/uploads\/2024\/07\/Bruma-Detox-Acidificante-250ml-01.jpg?fit=1080%2C1080&ssl=1","contentUrl":"https:\/\/i0.wp.com\/www.brazilcarestore.com\/wp-content\/uploads\/2024\/07\/Bruma-Detox-Acidificante-250ml-01.jpg?fit=1080%2C1080&ssl=1","width":1080,"height":1080},{"@type":"BreadcrumbList","@id":"https:\/\/www.brazilcarestore.com\/es\/product\/brscience-es\/tratamiento\/bruma-detox-acidificante-250ml\/#breadcrumb","itemListElement":[{"@type":"ListItem","position":1,"name":"Home","item":"https:\/\/www.brazilcarestore.com\/es\/"},{"@type":"ListItem","position":2,"name":"Tienda","item":"https:\/\/www.brazilcarestore.com\/es\/tienda\/"},{"@type":"ListItem","position":3,"name":"Bruma Detox Acidificante 250ml"}]},{"@type":"WebSite","@id":"https:\/\/www.brazilcarestore.com\/es\/#website","url":"https:\/\/www.brazilcarestore.com\/es\/","name":"Brazil Care Store","description":"The way to Beauty","publisher":{"@id":"https:\/\/www.brazilcarestore.com\/es\/#organization"},"potentialAction":[{"@type":"SearchAction","target":{"@type":"EntryPoint","urlTemplate":"https:\/\/www.brazilcarestore.com\/es\/?s={search_term_string}"},"query-input":{"@type":"PropertyValueSpecification","valueRequired":true,"valueName":"search_term_string"}}],"inLanguage":"es"},{"@type":"Organization","@id":"https:\/\/www.brazilcarestore.com\/es\/#organization","name":"Brazil Care Store","url":"https:\/\/www.brazilcarestore.com\/es\/","logo":{"@type":"ImageObject","inLanguage":"es","@id":"https:\/\/www.brazilcarestore.com\/es\/#\/schema\/logo\/image\/","url":"https:\/\/i0.wp.com\/www.brazilcarestore.com\/wp-content\/uploads\/2024\/02\/Brazil-Care-Store.png?fit=350%2C369&ssl=1","contentUrl":"https:\/\/i0.wp.com\/www.brazilcarestore.com\/wp-content\/uploads\/2024\/02\/Brazil-Care-Store.png?fit=350%2C369&ssl=1","width":350,"height":369,"caption":"Brazil Care Store"},"image":{"@id":"https:\/\/www.brazilcarestore.com\/es\/#\/schema\/logo\/image\/"},"sameAs":["https:\/\/www.facebook.com\/brazilcarestore","https:\/\/www.instagram.com\/brazilcarestore","https:\/\/www.tiktok.com\/@brazilcarestore"]}]}},"_links":{"self":[{"href":"https:\/\/www.brazilcarestore.com\/es\/wp-json\/wp\/v2\/product\/2456","targetHints":{"allow":["GET"]}}],"collection":[{"href":"https:\/\/www.brazilcarestore.com\/es\/wp-json\/wp\/v2\/product"}],"about":[{"href":"https:\/\/www.brazilcarestore.com\/es\/wp-json\/wp\/v2\/types\/product"}],"wp:featuredmedia":[{"embeddable":true,"href":"https:\/\/www.brazilcarestore.com\/es\/wp-json\/wp\/v2\/media\/1970"}],"wp:attachment":[{"href":"https:\/\/www.brazilcarestore.com\/es\/wp-json\/wp\/v2\/media?parent=2456"}],"wp:term":[{"taxonomy":"product_brand","embeddable":true,"href":"https:\/\/www.brazilcarestore.com\/es\/wp-json\/wp\/v2\/product_brand?post=2456"},{"taxonomy":"product_cat","embeddable":true,"href":"https:\/\/www.brazilcarestore.com\/es\/wp-json\/wp\/v2\/product_cat?post=2456"},{"taxonomy":"product_tag","embeddable":true,"href":"https:\/\/www.brazilcarestore.com\/es\/wp-json\/wp\/v2\/product_tag?post=2456"}],"curies":[{"name":"wp","href":"https:\/\/api.w.org\/{rel}","templated":true}]}}