{"id":2452,"date":"2024-07-06T12:21:53","date_gmt":"2024-07-06T15:21:53","guid":{"rendered":"https:\/\/www.brazilcarestore.com\/product\/sin categor\u00eda\/mascarilla-detox-250ml\/"},"modified":"2024-07-06T12:21:53","modified_gmt":"2024-07-06T15:21:53","slug":"mascarilla-detox-250ml","status":"publish","type":"product","link":"https:\/\/www.brazilcarestore.com\/es\/product\/brscience-es\/tratamiento\/mascarilla-detox-250ml\/","title":{"rendered":"Mascarilla Detox 250ml"},"content":{"rendered":"<p id=\"tw-target-text\" class=\"tw-data-text tw-text-large tw-ta\" dir=\"ltr\" data-placeholder=\"Tradu\u00e7\u00e3o\" aria-label=\"Texto traduzido\" data-ved=\"2ahUKEwj0psCwx5KHAxXQrZUCHTguArMQ3ewLegQIBhAU\"><span class=\"Y2IQFc\" lang=\"en\">La Mascarilla Detox revitaliza el cabello, proporcion\u00e1ndole una intensa acci\u00f3n acondicionadora. Su f\u00f3rmula exclusiva previene los da\u00f1os y sella las cut\u00edculas capilares, dando como resultado un aspecto m\u00e1s sano, sedoso y con un brillo intenso. Modo de empleo: Despu\u00e9s de lavar el cabello con el Champ\u00fa Detox, aplica la Mascarilla Detox sobre las hebras h\u00famedas, desde el largo hasta las puntas, masajeando suavemente. D\u00e9jala actuar de 5 a 10 minutos y aclara bien. Util\u00edzala de 1 a 2 veces por semana, o seg\u00fan sea necesario. Para obtener mejores resultados, util\u00edzala junto con la Bruma Detox y el Champ\u00fa Detox. Composici\u00f3n: Agua, Alcohol Cetear\u00edlico, Propilenglicol, Cloruro de Behentrimonio, Palmitato de Isopropilo, Lactato de Miristilo, Fenoxietanol, Perfume, Arginina, \u00c1cido Itac\u00f3nico, Alcohol Isoprop\u00edlico, Extracto de Semilla de Linum Usitatissimum (Linaza), Pantenol, Aceite de Semilla de Bertholletia Excelsa, Aceite de Frutos de Mauritia Flexuosa , Aceite de Semillas de Pentaclethra Macroloba, Acetato de tocoferilo, Laurato de poliglicerilo-10, Extracto de Semillas de Salvia Hispanica, \u00c1cido L\u00e1ctico, Hexil Cinamal, Prote\u00edna de Trigo Hidrolizada, Prote\u00edna de Ma\u00edz Hidrolizada, Prote\u00edna de Soja Hidrolizada, Alcohol Benc\u00edlico, d-Limoneno, \u00c1cido Caprvlico. Xvlitol. Hvdrovcitronellal. Citronelol. Alanina. Lisina. \u00c1cido Asp\u00e1rtico. SodioPCA. Leucina. Serina. Prolina, Hidroxiprolina, Fenilalanina, Valina, Treonina, Glicina, \u00c1cido Glut\u00e1mico, Histidina, Isoleucina, Metionina, DMDM Hidanto\u00edna, Tirosina, Tript\u00f3fano. Precauciones: Mant\u00e9n el producto en un lugar fresco, alejado de la luz solar directa y fuera del alcance de los ni\u00f1os y los animales dom\u00e9sticos. Si eres sensible o al\u00e9rgico a alg\u00fan componente de la f\u00f3rmula, interrumpe su uso. Uso externo.                   <\/span><\/p>\n","protected":false},"excerpt":{"rendered":"<div id=\"tw-target-text-container\" class=\"tw-ta-container F0azHf tw-nfl\" tabindex=\"0\">\n<p id=\"tw-target-text\" class=\"tw-data-text tw-text-large tw-ta\" dir=\"ltr\" data-placeholder=\"Tradu\u00e7\u00e3o\" aria-label=\"Texto traduzido\" data-ved=\"2ahUKEwj0psCwx5KHAxXQrZUCHTguArMQ3ewLegQIBhAU\"><span class=\"Y2IQFc\" lang=\"en\">La Mascarilla Detox revitaliza el cabello, proporcion\u00e1ndole una intensa acci\u00f3n acondicionadora. Su f\u00f3rmula exclusiva previene los da\u00f1os y sella las cut\u00edculas capilares, dando como resultado un aspecto m\u00e1s sano, sedoso y con un brillo intenso. <\/span><\/p>\n<\/div>\n<div id=\"tw-target-rmn-container\" class=\"tw-target-rmn tw-ta-container F0azHf tw-nfl\">\n<pre id=\"tw-target-rmn\" class=\"tw-data-placeholder tw-text-small tw-ta\" dir=\"ltr\" data-placeholder=\"\"><\/pre>\n<\/div>\n<div class=\"iYB33c\">\n<div id=\"tw-tmenu\" class=\"tw-menu\"><\/div>\n<\/div>\n","protected":false},"featured_media":1972,"template":"","meta":[],"product_brand":[],"product_cat":[144,145],"product_tag":[],"class_list":{"0":"post-2452","1":"product","2":"type-product","3":"status-publish","4":"has-post-thumbnail","6":"product_cat-brscience-es","7":"product_cat-tratamiento","8":"product_shipping_class-leves-a-499","10":"first","11":"instock","12":"shipping-taxable","13":"purchasable","14":"product-type-simple"},"yoast_head":"<!-- This site is optimized with the Yoast SEO plugin v27.1.1 - https:\/\/yoast.com\/product\/yoast-seo-wordpress\/ -->\n<title>Mascarilla Detox 250ml - Brazil Care Store<\/title>\n<meta name=\"description\" content=\"La Mascarilla Detox revitaliza el cabello, proporcion\u00e1ndole una intensa acci\u00f3n acondicionadora. Su f\u00f3rmula exclusiva previene los da\u00f1os y sella las cut\u00edculas capilares, dando como resultado un aspecto m\u00e1s sano, sedoso y con un brillo intenso.\" \/>\n<meta name=\"robots\" content=\"index, follow, max-snippet:-1, max-image-preview:large, max-video-preview:-1\" \/>\n<link rel=\"canonical\" href=\"https:\/\/www.brazilcarestore.com\/es\/product\/brscience-es\/tratamiento\/mascarilla-detox-250ml\/\" \/>\n<meta property=\"og:locale\" content=\"es_ES\" \/>\n<meta property=\"og:type\" content=\"article\" \/>\n<meta property=\"og:title\" content=\"Mascarilla Detox 250ml - Brazil Care Store\" \/>\n<meta property=\"og:description\" content=\"La Mascarilla Detox revitaliza el cabello, proporcion\u00e1ndole una intensa acci\u00f3n acondicionadora. Su f\u00f3rmula exclusiva previene los da\u00f1os y sella las cut\u00edculas capilares, dando como resultado un aspecto m\u00e1s sano, sedoso y con un brillo intenso.\" \/>\n<meta property=\"og:url\" content=\"https:\/\/www.brazilcarestore.com\/es\/product\/brscience-es\/tratamiento\/mascarilla-detox-250ml\/\" \/>\n<meta property=\"og:site_name\" content=\"Brazil Care Store\" \/>\n<meta property=\"article:publisher\" content=\"https:\/\/www.facebook.com\/brazilcarestore\" \/>\n<meta property=\"og:image\" content=\"https:\/\/i0.wp.com\/www.brazilcarestore.com\/wp-content\/uploads\/2024\/07\/Mascara-Detox-250ml-01.jpg?fit=1080%2C1080&ssl=1\" \/>\n\t<meta property=\"og:image:width\" content=\"1080\" \/>\n\t<meta property=\"og:image:height\" content=\"1080\" \/>\n\t<meta property=\"og:image:type\" content=\"image\/jpeg\" \/>\n<meta name=\"twitter:card\" content=\"summary_large_image\" \/>\n<meta name=\"twitter:label1\" content=\"Tiempo de lectura\" \/>\n\t<meta name=\"twitter:data1\" content=\"1 minuto\" \/>\n<script type=\"application\/ld+json\" class=\"yoast-schema-graph\">{\"@context\":\"https:\/\/schema.org\",\"@graph\":[{\"@type\":\"WebPage\",\"@id\":\"https:\/\/www.brazilcarestore.com\/es\/product\/brscience-es\/tratamiento\/mascarilla-detox-250ml\/\",\"url\":\"https:\/\/www.brazilcarestore.com\/es\/product\/brscience-es\/tratamiento\/mascarilla-detox-250ml\/\",\"name\":\"Mascarilla Detox 250ml - Brazil Care Store\",\"isPartOf\":{\"@id\":\"https:\/\/www.brazilcarestore.com\/es\/#website\"},\"primaryImageOfPage\":{\"@id\":\"https:\/\/www.brazilcarestore.com\/es\/product\/brscience-es\/tratamiento\/mascarilla-detox-250ml\/#primaryimage\"},\"image\":{\"@id\":\"https:\/\/www.brazilcarestore.com\/es\/product\/brscience-es\/tratamiento\/mascarilla-detox-250ml\/#primaryimage\"},\"thumbnailUrl\":\"https:\/\/i0.wp.com\/www.brazilcarestore.com\/wp-content\/uploads\/2024\/07\/Mascara-Detox-250ml-01.jpg?fit=1080%2C1080&ssl=1\",\"datePublished\":\"2024-07-06T15:21:53+00:00\",\"description\":\"La Mascarilla Detox revitaliza el cabello, proporcion\u00e1ndole una intensa acci\u00f3n acondicionadora. Su f\u00f3rmula exclusiva previene los da\u00f1os y sella las cut\u00edculas capilares, dando como resultado un aspecto m\u00e1s sano, sedoso y con un brillo intenso.\",\"breadcrumb\":{\"@id\":\"https:\/\/www.brazilcarestore.com\/es\/product\/brscience-es\/tratamiento\/mascarilla-detox-250ml\/#breadcrumb\"},\"inLanguage\":\"es\",\"potentialAction\":[{\"@type\":\"ReadAction\",\"target\":[\"https:\/\/www.brazilcarestore.com\/es\/product\/brscience-es\/tratamiento\/mascarilla-detox-250ml\/\"]}]},{\"@type\":\"ImageObject\",\"inLanguage\":\"es\",\"@id\":\"https:\/\/www.brazilcarestore.com\/es\/product\/brscience-es\/tratamiento\/mascarilla-detox-250ml\/#primaryimage\",\"url\":\"https:\/\/i0.wp.com\/www.brazilcarestore.com\/wp-content\/uploads\/2024\/07\/Mascara-Detox-250ml-01.jpg?fit=1080%2C1080&ssl=1\",\"contentUrl\":\"https:\/\/i0.wp.com\/www.brazilcarestore.com\/wp-content\/uploads\/2024\/07\/Mascara-Detox-250ml-01.jpg?fit=1080%2C1080&ssl=1\",\"width\":1080,\"height\":1080},{\"@type\":\"BreadcrumbList\",\"@id\":\"https:\/\/www.brazilcarestore.com\/es\/product\/brscience-es\/tratamiento\/mascarilla-detox-250ml\/#breadcrumb\",\"itemListElement\":[{\"@type\":\"ListItem\",\"position\":1,\"name\":\"Home\",\"item\":\"https:\/\/www.brazilcarestore.com\/es\/\"},{\"@type\":\"ListItem\",\"position\":2,\"name\":\"Tienda\",\"item\":\"https:\/\/www.brazilcarestore.com\/es\/tienda\/\"},{\"@type\":\"ListItem\",\"position\":3,\"name\":\"Mascarilla Detox 250ml\"}]},{\"@type\":\"WebSite\",\"@id\":\"https:\/\/www.brazilcarestore.com\/es\/#website\",\"url\":\"https:\/\/www.brazilcarestore.com\/es\/\",\"name\":\"Brazil Care Store\",\"description\":\"The way to Beauty\",\"publisher\":{\"@id\":\"https:\/\/www.brazilcarestore.com\/es\/#organization\"},\"potentialAction\":[{\"@type\":\"SearchAction\",\"target\":{\"@type\":\"EntryPoint\",\"urlTemplate\":\"https:\/\/www.brazilcarestore.com\/es\/?s={search_term_string}\"},\"query-input\":{\"@type\":\"PropertyValueSpecification\",\"valueRequired\":true,\"valueName\":\"search_term_string\"}}],\"inLanguage\":\"es\"},{\"@type\":\"Organization\",\"@id\":\"https:\/\/www.brazilcarestore.com\/es\/#organization\",\"name\":\"Brazil Care Store\",\"url\":\"https:\/\/www.brazilcarestore.com\/es\/\",\"logo\":{\"@type\":\"ImageObject\",\"inLanguage\":\"es\",\"@id\":\"https:\/\/www.brazilcarestore.com\/es\/#\/schema\/logo\/image\/\",\"url\":\"https:\/\/i0.wp.com\/www.brazilcarestore.com\/wp-content\/uploads\/2024\/02\/Brazil-Care-Store.png?fit=350%2C369&ssl=1\",\"contentUrl\":\"https:\/\/i0.wp.com\/www.brazilcarestore.com\/wp-content\/uploads\/2024\/02\/Brazil-Care-Store.png?fit=350%2C369&ssl=1\",\"width\":350,\"height\":369,\"caption\":\"Brazil Care Store\"},\"image\":{\"@id\":\"https:\/\/www.brazilcarestore.com\/es\/#\/schema\/logo\/image\/\"},\"sameAs\":[\"https:\/\/www.facebook.com\/brazilcarestore\",\"https:\/\/www.instagram.com\/brazilcarestore\",\"https:\/\/www.tiktok.com\/@brazilcarestore\"]}]}<\/script>\n<!-- \/ Yoast SEO plugin. -->","yoast_head_json":{"title":"Mascarilla Detox 250ml - Brazil Care Store","description":"La Mascarilla Detox revitaliza el cabello, proporcion\u00e1ndole una intensa acci\u00f3n acondicionadora. Su f\u00f3rmula exclusiva previene los da\u00f1os y sella las cut\u00edculas capilares, dando como resultado un aspecto m\u00e1s sano, sedoso y con un brillo intenso.","robots":{"index":"index","follow":"follow","max-snippet":"max-snippet:-1","max-image-preview":"max-image-preview:large","max-video-preview":"max-video-preview:-1"},"canonical":"https:\/\/www.brazilcarestore.com\/es\/product\/brscience-es\/tratamiento\/mascarilla-detox-250ml\/","og_locale":"es_ES","og_type":"article","og_title":"Mascarilla Detox 250ml - Brazil Care Store","og_description":"La Mascarilla Detox revitaliza el cabello, proporcion\u00e1ndole una intensa acci\u00f3n acondicionadora. Su f\u00f3rmula exclusiva previene los da\u00f1os y sella las cut\u00edculas capilares, dando como resultado un aspecto m\u00e1s sano, sedoso y con un brillo intenso.","og_url":"https:\/\/www.brazilcarestore.com\/es\/product\/brscience-es\/tratamiento\/mascarilla-detox-250ml\/","og_site_name":"Brazil Care Store","article_publisher":"https:\/\/www.facebook.com\/brazilcarestore","og_image":[{"width":1080,"height":1080,"url":"https:\/\/i0.wp.com\/www.brazilcarestore.com\/wp-content\/uploads\/2024\/07\/Mascara-Detox-250ml-01.jpg?fit=1080%2C1080&ssl=1","type":"image\/jpeg"}],"twitter_card":"summary_large_image","twitter_misc":{"Tiempo de lectura":"1 minuto"},"schema":{"@context":"https:\/\/schema.org","@graph":[{"@type":"WebPage","@id":"https:\/\/www.brazilcarestore.com\/es\/product\/brscience-es\/tratamiento\/mascarilla-detox-250ml\/","url":"https:\/\/www.brazilcarestore.com\/es\/product\/brscience-es\/tratamiento\/mascarilla-detox-250ml\/","name":"Mascarilla Detox 250ml - Brazil Care Store","isPartOf":{"@id":"https:\/\/www.brazilcarestore.com\/es\/#website"},"primaryImageOfPage":{"@id":"https:\/\/www.brazilcarestore.com\/es\/product\/brscience-es\/tratamiento\/mascarilla-detox-250ml\/#primaryimage"},"image":{"@id":"https:\/\/www.brazilcarestore.com\/es\/product\/brscience-es\/tratamiento\/mascarilla-detox-250ml\/#primaryimage"},"thumbnailUrl":"https:\/\/i0.wp.com\/www.brazilcarestore.com\/wp-content\/uploads\/2024\/07\/Mascara-Detox-250ml-01.jpg?fit=1080%2C1080&ssl=1","datePublished":"2024-07-06T15:21:53+00:00","description":"La Mascarilla Detox revitaliza el cabello, proporcion\u00e1ndole una intensa acci\u00f3n acondicionadora. Su f\u00f3rmula exclusiva previene los da\u00f1os y sella las cut\u00edculas capilares, dando como resultado un aspecto m\u00e1s sano, sedoso y con un brillo intenso.","breadcrumb":{"@id":"https:\/\/www.brazilcarestore.com\/es\/product\/brscience-es\/tratamiento\/mascarilla-detox-250ml\/#breadcrumb"},"inLanguage":"es","potentialAction":[{"@type":"ReadAction","target":["https:\/\/www.brazilcarestore.com\/es\/product\/brscience-es\/tratamiento\/mascarilla-detox-250ml\/"]}]},{"@type":"ImageObject","inLanguage":"es","@id":"https:\/\/www.brazilcarestore.com\/es\/product\/brscience-es\/tratamiento\/mascarilla-detox-250ml\/#primaryimage","url":"https:\/\/i0.wp.com\/www.brazilcarestore.com\/wp-content\/uploads\/2024\/07\/Mascara-Detox-250ml-01.jpg?fit=1080%2C1080&ssl=1","contentUrl":"https:\/\/i0.wp.com\/www.brazilcarestore.com\/wp-content\/uploads\/2024\/07\/Mascara-Detox-250ml-01.jpg?fit=1080%2C1080&ssl=1","width":1080,"height":1080},{"@type":"BreadcrumbList","@id":"https:\/\/www.brazilcarestore.com\/es\/product\/brscience-es\/tratamiento\/mascarilla-detox-250ml\/#breadcrumb","itemListElement":[{"@type":"ListItem","position":1,"name":"Home","item":"https:\/\/www.brazilcarestore.com\/es\/"},{"@type":"ListItem","position":2,"name":"Tienda","item":"https:\/\/www.brazilcarestore.com\/es\/tienda\/"},{"@type":"ListItem","position":3,"name":"Mascarilla Detox 250ml"}]},{"@type":"WebSite","@id":"https:\/\/www.brazilcarestore.com\/es\/#website","url":"https:\/\/www.brazilcarestore.com\/es\/","name":"Brazil Care Store","description":"The way to Beauty","publisher":{"@id":"https:\/\/www.brazilcarestore.com\/es\/#organization"},"potentialAction":[{"@type":"SearchAction","target":{"@type":"EntryPoint","urlTemplate":"https:\/\/www.brazilcarestore.com\/es\/?s={search_term_string}"},"query-input":{"@type":"PropertyValueSpecification","valueRequired":true,"valueName":"search_term_string"}}],"inLanguage":"es"},{"@type":"Organization","@id":"https:\/\/www.brazilcarestore.com\/es\/#organization","name":"Brazil Care Store","url":"https:\/\/www.brazilcarestore.com\/es\/","logo":{"@type":"ImageObject","inLanguage":"es","@id":"https:\/\/www.brazilcarestore.com\/es\/#\/schema\/logo\/image\/","url":"https:\/\/i0.wp.com\/www.brazilcarestore.com\/wp-content\/uploads\/2024\/02\/Brazil-Care-Store.png?fit=350%2C369&ssl=1","contentUrl":"https:\/\/i0.wp.com\/www.brazilcarestore.com\/wp-content\/uploads\/2024\/02\/Brazil-Care-Store.png?fit=350%2C369&ssl=1","width":350,"height":369,"caption":"Brazil Care Store"},"image":{"@id":"https:\/\/www.brazilcarestore.com\/es\/#\/schema\/logo\/image\/"},"sameAs":["https:\/\/www.facebook.com\/brazilcarestore","https:\/\/www.instagram.com\/brazilcarestore","https:\/\/www.tiktok.com\/@brazilcarestore"]}]}},"_links":{"self":[{"href":"https:\/\/www.brazilcarestore.com\/es\/wp-json\/wp\/v2\/product\/2452","targetHints":{"allow":["GET"]}}],"collection":[{"href":"https:\/\/www.brazilcarestore.com\/es\/wp-json\/wp\/v2\/product"}],"about":[{"href":"https:\/\/www.brazilcarestore.com\/es\/wp-json\/wp\/v2\/types\/product"}],"wp:featuredmedia":[{"embeddable":true,"href":"https:\/\/www.brazilcarestore.com\/es\/wp-json\/wp\/v2\/media\/1972"}],"wp:attachment":[{"href":"https:\/\/www.brazilcarestore.com\/es\/wp-json\/wp\/v2\/media?parent=2452"}],"wp:term":[{"taxonomy":"product_brand","embeddable":true,"href":"https:\/\/www.brazilcarestore.com\/es\/wp-json\/wp\/v2\/product_brand?post=2452"},{"taxonomy":"product_cat","embeddable":true,"href":"https:\/\/www.brazilcarestore.com\/es\/wp-json\/wp\/v2\/product_cat?post=2452"},{"taxonomy":"product_tag","embeddable":true,"href":"https:\/\/www.brazilcarestore.com\/es\/wp-json\/wp\/v2\/product_tag?post=2452"}],"curies":[{"name":"wp","href":"https:\/\/api.w.org\/{rel}","templated":true}]}}