{"id":2443,"date":"2024-07-06T11:49:20","date_gmt":"2024-07-06T14:49:20","guid":{"rendered":"https:\/\/www.brazilcarestore.com\/product\/sin categor\u00eda\/champu-detox-250ml\/"},"modified":"2024-07-06T11:49:20","modified_gmt":"2024-07-06T14:49:20","slug":"champu-detox-250ml","status":"publish","type":"product","link":"https:\/\/www.brazilcarestore.com\/es\/product\/brscience-es\/tratamiento\/champu-detox-250ml\/","title":{"rendered":"Champ\u00fa Detox 250ml"},"content":{"rendered":"<p id=\"tw-target-text\" class=\"tw-data-text tw-text-large tw-ta\" dir=\"ltr\" data-placeholder=\"Tradu\u00e7\u00e3o\" aria-label=\"Texto traduzido\" data-ved=\"2ahUKEwj0psCwx5KHAxXQrZUCHTguArMQ3ewLegQIBhAU\"><span class=\"Y2IQFc\" lang=\"en\">El Champ\u00fa Detox es una potente f\u00f3rmula antioxidante, rica en vitaminas y altamente hidratante. Desarrollado para limpiar suavemente el cabello, elimina los residuos acumulados, las impurezas y los contaminantes, dej\u00e1ndolo revitalizado, suave y brillante. Modo de empleo: Aplica el Champ\u00fa Detox sobre el cabello mojado, masajea suavemente el cuero cabelludo hasta que se forme espuma y aclara. Repite el proceso si es necesario. Para obtener mejores resultados, util\u00edzalo junto con la Bruma Detox y la Mascarilla Detox. Composici\u00f3n: Agua, Sulfato de Sodio y Laureth, Cocamida DEA, Cocoamidopropil Beta\u00edna, Copol\u00edmero de Acrilatos, Glicerina, Cloruro de Sodio, Fenoxietanol, Aminometilpropanol, Trisopropanolamina, Parfum, Polyquaternium-7, Mentol, Polvo de Carb\u00f3n Vegetal, Poliacrilamida, Hexil Cinamal, EDTA Dis\u00f3dico, C13-14 Isoparafina, Laureth-2, Benzoato S\u00f3dico, Prote\u00edna de Trigo Hidrolizada, Arginina, Aceite de Semilla de Bertholletia Excelsa, \u00c1cido Itac\u00f3nico, Aceite de Fruta de Mauritia Flexuosa, Aceite de Semilla de Pentaclethra Macroloba, Alanina, Prote\u00edna de Ma\u00edz Hidrolizada, Prote\u00edna de Soja Hidrolizada, Lisina, \u00c1cido Asp\u00e1rtico, PCA S\u00f3dico , Extracto de Semilla de Linum Usitatissimum (Linaza), Pantenol, Leucina, Serina, Prolina, Hidroxiprolina, Fenilalanina, Poligliceril-10 Laurato, Extracto de Semilla de Salvia Hispanica, Valina, Treonina, Glicina, \u00c1cido Glut\u00e1mico, Histidina, Isoleucina, Metionina, DMDM Hidanto\u00edna, Alcohol Benc\u00edlico, Tirosina, \u00c1cido Capr\u00edlico, Tript\u00f3fano, Xilitol.     <\/span><\/p>\n","protected":false},"excerpt":{"rendered":"<p>El Champ\u00fa Detox es una potente f\u00f3rmula antioxidante, rica en vitaminas y altamente hidratante. Desarrollado para limpiar suavemente el cabello, elimina los residuos acumulados, las impurezas y los contaminantes, dej\u00e1ndolo revitalizado, suave y brillante. <\/p>\n","protected":false},"featured_media":1964,"template":"","meta":[],"product_brand":[],"product_cat":[144,145],"product_tag":[],"class_list":{"0":"post-2443","1":"product","2":"type-product","3":"status-publish","4":"has-post-thumbnail","6":"product_cat-brscience-es","7":"product_cat-tratamiento","8":"product_shipping_class-leves-a-499","10":"first","11":"instock","12":"shipping-taxable","13":"purchasable","14":"product-type-simple"},"yoast_head":"<!-- This site is optimized with the Yoast SEO plugin v27.1.1 - https:\/\/yoast.com\/product\/yoast-seo-wordpress\/ -->\n<title>Champ\u00fa Detox 250ml - Brazil Care Store<\/title>\n<meta name=\"description\" content=\"El Champ\u00fa Detox es una potente f\u00f3rmula antioxidante, rica en vitaminas y altamente hidratante. Desarrollado para limpiar suavemente el cabello, elimina los residuos acumulados, las impurezas y los contaminantes, dej\u00e1ndolo revitalizado, suave y brillante.\" \/>\n<meta name=\"robots\" content=\"index, follow, max-snippet:-1, max-image-preview:large, max-video-preview:-1\" \/>\n<link rel=\"canonical\" href=\"https:\/\/www.brazilcarestore.com\/es\/product\/brscience-es\/tratamiento\/champu-detox-250ml\/\" \/>\n<meta property=\"og:locale\" content=\"es_ES\" \/>\n<meta property=\"og:type\" content=\"article\" \/>\n<meta property=\"og:title\" content=\"Champ\u00fa Detox 250ml - Brazil Care Store\" \/>\n<meta property=\"og:description\" content=\"El Champ\u00fa Detox es una potente f\u00f3rmula antioxidante, rica en vitaminas y altamente hidratante. Desarrollado para limpiar suavemente el cabello, elimina los residuos acumulados, las impurezas y los contaminantes, dej\u00e1ndolo revitalizado, suave y brillante.\" \/>\n<meta property=\"og:url\" content=\"https:\/\/www.brazilcarestore.com\/es\/product\/brscience-es\/tratamiento\/champu-detox-250ml\/\" \/>\n<meta property=\"og:site_name\" content=\"Brazil Care Store\" \/>\n<meta property=\"article:publisher\" content=\"https:\/\/www.facebook.com\/brazilcarestore\" \/>\n<meta property=\"og:image\" content=\"https:\/\/i0.wp.com\/www.brazilcarestore.com\/wp-content\/uploads\/2024\/07\/Shampoo-Detox-250ml-01.jpg?fit=1080%2C1080&ssl=1\" \/>\n\t<meta property=\"og:image:width\" content=\"1080\" \/>\n\t<meta property=\"og:image:height\" content=\"1080\" \/>\n\t<meta property=\"og:image:type\" content=\"image\/jpeg\" \/>\n<meta name=\"twitter:card\" content=\"summary_large_image\" \/>\n<meta name=\"twitter:label1\" content=\"Tiempo de lectura\" \/>\n\t<meta name=\"twitter:data1\" content=\"1 minuto\" \/>\n<script type=\"application\/ld+json\" class=\"yoast-schema-graph\">{\"@context\":\"https:\/\/schema.org\",\"@graph\":[{\"@type\":\"WebPage\",\"@id\":\"https:\/\/www.brazilcarestore.com\/es\/product\/brscience-es\/tratamiento\/champu-detox-250ml\/\",\"url\":\"https:\/\/www.brazilcarestore.com\/es\/product\/brscience-es\/tratamiento\/champu-detox-250ml\/\",\"name\":\"Champ\u00fa Detox 250ml - Brazil Care Store\",\"isPartOf\":{\"@id\":\"https:\/\/www.brazilcarestore.com\/es\/#website\"},\"primaryImageOfPage\":{\"@id\":\"https:\/\/www.brazilcarestore.com\/es\/product\/brscience-es\/tratamiento\/champu-detox-250ml\/#primaryimage\"},\"image\":{\"@id\":\"https:\/\/www.brazilcarestore.com\/es\/product\/brscience-es\/tratamiento\/champu-detox-250ml\/#primaryimage\"},\"thumbnailUrl\":\"https:\/\/i0.wp.com\/www.brazilcarestore.com\/wp-content\/uploads\/2024\/07\/Shampoo-Detox-250ml-01.jpg?fit=1080%2C1080&ssl=1\",\"datePublished\":\"2024-07-06T14:49:20+00:00\",\"description\":\"El Champ\u00fa Detox es una potente f\u00f3rmula antioxidante, rica en vitaminas y altamente hidratante. Desarrollado para limpiar suavemente el cabello, elimina los residuos acumulados, las impurezas y los contaminantes, dej\u00e1ndolo revitalizado, suave y brillante.\",\"breadcrumb\":{\"@id\":\"https:\/\/www.brazilcarestore.com\/es\/product\/brscience-es\/tratamiento\/champu-detox-250ml\/#breadcrumb\"},\"inLanguage\":\"es\",\"potentialAction\":[{\"@type\":\"ReadAction\",\"target\":[\"https:\/\/www.brazilcarestore.com\/es\/product\/brscience-es\/tratamiento\/champu-detox-250ml\/\"]}]},{\"@type\":\"ImageObject\",\"inLanguage\":\"es\",\"@id\":\"https:\/\/www.brazilcarestore.com\/es\/product\/brscience-es\/tratamiento\/champu-detox-250ml\/#primaryimage\",\"url\":\"https:\/\/i0.wp.com\/www.brazilcarestore.com\/wp-content\/uploads\/2024\/07\/Shampoo-Detox-250ml-01.jpg?fit=1080%2C1080&ssl=1\",\"contentUrl\":\"https:\/\/i0.wp.com\/www.brazilcarestore.com\/wp-content\/uploads\/2024\/07\/Shampoo-Detox-250ml-01.jpg?fit=1080%2C1080&ssl=1\",\"width\":1080,\"height\":1080},{\"@type\":\"BreadcrumbList\",\"@id\":\"https:\/\/www.brazilcarestore.com\/es\/product\/brscience-es\/tratamiento\/champu-detox-250ml\/#breadcrumb\",\"itemListElement\":[{\"@type\":\"ListItem\",\"position\":1,\"name\":\"Home\",\"item\":\"https:\/\/www.brazilcarestore.com\/es\/\"},{\"@type\":\"ListItem\",\"position\":2,\"name\":\"Tienda\",\"item\":\"https:\/\/www.brazilcarestore.com\/es\/tienda\/\"},{\"@type\":\"ListItem\",\"position\":3,\"name\":\"Champ\u00fa Detox 250ml\"}]},{\"@type\":\"WebSite\",\"@id\":\"https:\/\/www.brazilcarestore.com\/es\/#website\",\"url\":\"https:\/\/www.brazilcarestore.com\/es\/\",\"name\":\"Brazil Care Store\",\"description\":\"The way to Beauty\",\"publisher\":{\"@id\":\"https:\/\/www.brazilcarestore.com\/es\/#organization\"},\"potentialAction\":[{\"@type\":\"SearchAction\",\"target\":{\"@type\":\"EntryPoint\",\"urlTemplate\":\"https:\/\/www.brazilcarestore.com\/es\/?s={search_term_string}\"},\"query-input\":{\"@type\":\"PropertyValueSpecification\",\"valueRequired\":true,\"valueName\":\"search_term_string\"}}],\"inLanguage\":\"es\"},{\"@type\":\"Organization\",\"@id\":\"https:\/\/www.brazilcarestore.com\/es\/#organization\",\"name\":\"Brazil Care Store\",\"url\":\"https:\/\/www.brazilcarestore.com\/es\/\",\"logo\":{\"@type\":\"ImageObject\",\"inLanguage\":\"es\",\"@id\":\"https:\/\/www.brazilcarestore.com\/es\/#\/schema\/logo\/image\/\",\"url\":\"https:\/\/i0.wp.com\/www.brazilcarestore.com\/wp-content\/uploads\/2024\/02\/Brazil-Care-Store.png?fit=350%2C369&ssl=1\",\"contentUrl\":\"https:\/\/i0.wp.com\/www.brazilcarestore.com\/wp-content\/uploads\/2024\/02\/Brazil-Care-Store.png?fit=350%2C369&ssl=1\",\"width\":350,\"height\":369,\"caption\":\"Brazil Care Store\"},\"image\":{\"@id\":\"https:\/\/www.brazilcarestore.com\/es\/#\/schema\/logo\/image\/\"},\"sameAs\":[\"https:\/\/www.facebook.com\/brazilcarestore\",\"https:\/\/www.instagram.com\/brazilcarestore\",\"https:\/\/www.tiktok.com\/@brazilcarestore\"]}]}<\/script>\n<!-- \/ Yoast SEO plugin. -->","yoast_head_json":{"title":"Champ\u00fa Detox 250ml - Brazil Care Store","description":"El Champ\u00fa Detox es una potente f\u00f3rmula antioxidante, rica en vitaminas y altamente hidratante. Desarrollado para limpiar suavemente el cabello, elimina los residuos acumulados, las impurezas y los contaminantes, dej\u00e1ndolo revitalizado, suave y brillante.","robots":{"index":"index","follow":"follow","max-snippet":"max-snippet:-1","max-image-preview":"max-image-preview:large","max-video-preview":"max-video-preview:-1"},"canonical":"https:\/\/www.brazilcarestore.com\/es\/product\/brscience-es\/tratamiento\/champu-detox-250ml\/","og_locale":"es_ES","og_type":"article","og_title":"Champ\u00fa Detox 250ml - Brazil Care Store","og_description":"El Champ\u00fa Detox es una potente f\u00f3rmula antioxidante, rica en vitaminas y altamente hidratante. Desarrollado para limpiar suavemente el cabello, elimina los residuos acumulados, las impurezas y los contaminantes, dej\u00e1ndolo revitalizado, suave y brillante.","og_url":"https:\/\/www.brazilcarestore.com\/es\/product\/brscience-es\/tratamiento\/champu-detox-250ml\/","og_site_name":"Brazil Care Store","article_publisher":"https:\/\/www.facebook.com\/brazilcarestore","og_image":[{"width":1080,"height":1080,"url":"https:\/\/i0.wp.com\/www.brazilcarestore.com\/wp-content\/uploads\/2024\/07\/Shampoo-Detox-250ml-01.jpg?fit=1080%2C1080&ssl=1","type":"image\/jpeg"}],"twitter_card":"summary_large_image","twitter_misc":{"Tiempo de lectura":"1 minuto"},"schema":{"@context":"https:\/\/schema.org","@graph":[{"@type":"WebPage","@id":"https:\/\/www.brazilcarestore.com\/es\/product\/brscience-es\/tratamiento\/champu-detox-250ml\/","url":"https:\/\/www.brazilcarestore.com\/es\/product\/brscience-es\/tratamiento\/champu-detox-250ml\/","name":"Champ\u00fa Detox 250ml - Brazil Care Store","isPartOf":{"@id":"https:\/\/www.brazilcarestore.com\/es\/#website"},"primaryImageOfPage":{"@id":"https:\/\/www.brazilcarestore.com\/es\/product\/brscience-es\/tratamiento\/champu-detox-250ml\/#primaryimage"},"image":{"@id":"https:\/\/www.brazilcarestore.com\/es\/product\/brscience-es\/tratamiento\/champu-detox-250ml\/#primaryimage"},"thumbnailUrl":"https:\/\/i0.wp.com\/www.brazilcarestore.com\/wp-content\/uploads\/2024\/07\/Shampoo-Detox-250ml-01.jpg?fit=1080%2C1080&ssl=1","datePublished":"2024-07-06T14:49:20+00:00","description":"El Champ\u00fa Detox es una potente f\u00f3rmula antioxidante, rica en vitaminas y altamente hidratante. Desarrollado para limpiar suavemente el cabello, elimina los residuos acumulados, las impurezas y los contaminantes, dej\u00e1ndolo revitalizado, suave y brillante.","breadcrumb":{"@id":"https:\/\/www.brazilcarestore.com\/es\/product\/brscience-es\/tratamiento\/champu-detox-250ml\/#breadcrumb"},"inLanguage":"es","potentialAction":[{"@type":"ReadAction","target":["https:\/\/www.brazilcarestore.com\/es\/product\/brscience-es\/tratamiento\/champu-detox-250ml\/"]}]},{"@type":"ImageObject","inLanguage":"es","@id":"https:\/\/www.brazilcarestore.com\/es\/product\/brscience-es\/tratamiento\/champu-detox-250ml\/#primaryimage","url":"https:\/\/i0.wp.com\/www.brazilcarestore.com\/wp-content\/uploads\/2024\/07\/Shampoo-Detox-250ml-01.jpg?fit=1080%2C1080&ssl=1","contentUrl":"https:\/\/i0.wp.com\/www.brazilcarestore.com\/wp-content\/uploads\/2024\/07\/Shampoo-Detox-250ml-01.jpg?fit=1080%2C1080&ssl=1","width":1080,"height":1080},{"@type":"BreadcrumbList","@id":"https:\/\/www.brazilcarestore.com\/es\/product\/brscience-es\/tratamiento\/champu-detox-250ml\/#breadcrumb","itemListElement":[{"@type":"ListItem","position":1,"name":"Home","item":"https:\/\/www.brazilcarestore.com\/es\/"},{"@type":"ListItem","position":2,"name":"Tienda","item":"https:\/\/www.brazilcarestore.com\/es\/tienda\/"},{"@type":"ListItem","position":3,"name":"Champ\u00fa Detox 250ml"}]},{"@type":"WebSite","@id":"https:\/\/www.brazilcarestore.com\/es\/#website","url":"https:\/\/www.brazilcarestore.com\/es\/","name":"Brazil Care Store","description":"The way to Beauty","publisher":{"@id":"https:\/\/www.brazilcarestore.com\/es\/#organization"},"potentialAction":[{"@type":"SearchAction","target":{"@type":"EntryPoint","urlTemplate":"https:\/\/www.brazilcarestore.com\/es\/?s={search_term_string}"},"query-input":{"@type":"PropertyValueSpecification","valueRequired":true,"valueName":"search_term_string"}}],"inLanguage":"es"},{"@type":"Organization","@id":"https:\/\/www.brazilcarestore.com\/es\/#organization","name":"Brazil Care Store","url":"https:\/\/www.brazilcarestore.com\/es\/","logo":{"@type":"ImageObject","inLanguage":"es","@id":"https:\/\/www.brazilcarestore.com\/es\/#\/schema\/logo\/image\/","url":"https:\/\/i0.wp.com\/www.brazilcarestore.com\/wp-content\/uploads\/2024\/02\/Brazil-Care-Store.png?fit=350%2C369&ssl=1","contentUrl":"https:\/\/i0.wp.com\/www.brazilcarestore.com\/wp-content\/uploads\/2024\/02\/Brazil-Care-Store.png?fit=350%2C369&ssl=1","width":350,"height":369,"caption":"Brazil Care Store"},"image":{"@id":"https:\/\/www.brazilcarestore.com\/es\/#\/schema\/logo\/image\/"},"sameAs":["https:\/\/www.facebook.com\/brazilcarestore","https:\/\/www.instagram.com\/brazilcarestore","https:\/\/www.tiktok.com\/@brazilcarestore"]}]}},"_links":{"self":[{"href":"https:\/\/www.brazilcarestore.com\/es\/wp-json\/wp\/v2\/product\/2443","targetHints":{"allow":["GET"]}}],"collection":[{"href":"https:\/\/www.brazilcarestore.com\/es\/wp-json\/wp\/v2\/product"}],"about":[{"href":"https:\/\/www.brazilcarestore.com\/es\/wp-json\/wp\/v2\/types\/product"}],"wp:featuredmedia":[{"embeddable":true,"href":"https:\/\/www.brazilcarestore.com\/es\/wp-json\/wp\/v2\/media\/1964"}],"wp:attachment":[{"href":"https:\/\/www.brazilcarestore.com\/es\/wp-json\/wp\/v2\/media?parent=2443"}],"wp:term":[{"taxonomy":"product_brand","embeddable":true,"href":"https:\/\/www.brazilcarestore.com\/es\/wp-json\/wp\/v2\/product_brand?post=2443"},{"taxonomy":"product_cat","embeddable":true,"href":"https:\/\/www.brazilcarestore.com\/es\/wp-json\/wp\/v2\/product_cat?post=2443"},{"taxonomy":"product_tag","embeddable":true,"href":"https:\/\/www.brazilcarestore.com\/es\/wp-json\/wp\/v2\/product_tag?post=2443"}],"curies":[{"name":"wp","href":"https:\/\/api.w.org\/{rel}","templated":true}]}}