{"id":2405,"date":"2024-06-05T15:28:58","date_gmt":"2024-06-05T18:28:58","guid":{"rendered":"https:\/\/www.brazilcarestore.com\/product\/sin categor\u00eda\/agilise-unika-ojon-alisado-brasileno-tratamiento-capilar-con-queratina-1l\/"},"modified":"2024-06-05T15:28:58","modified_gmt":"2024-06-05T18:28:58","slug":"agilise-unika-ojon-alisado-brasileno-tratamiento-capilar-con-queratina-1l","status":"publish","type":"product","link":"https:\/\/www.brazilcarestore.com\/es\/product\/agilise-es\/agilise-unika-ojon-alisado-brasileno-tratamiento-capilar-con-queratina-1l\/","title":{"rendered":"Agilise Unika Ojon Alisado brasile\u00f1o Tratamiento capilar con queratina 1L"},"content":{"rendered":"<p>Restaura la masa capilar al tiempo que act\u00faa en la forma y la textura con el sistema de reducci\u00f3n de volumen.<\/p>\n","protected":false},"excerpt":{"rendered":"<p>Restaura la masa capilar al tiempo que act\u00faa en la forma y la textura con el sistema de reducci\u00f3n de volumen.<\/p>\n","protected":false},"featured_media":1888,"template":"","meta":[],"product_brand":[],"product_cat":[184],"product_tag":[146],"class_list":{"0":"post-2405","1":"product","2":"type-product","3":"status-publish","4":"has-post-thumbnail","6":"product_cat-agilise-es","7":"product_tag-tratamiento-capilar","8":"product_shipping_class-agilise-es","10":"first","11":"instock","12":"shipping-taxable","13":"purchasable","14":"product-type-simple"},"yoast_head":"<!-- This site is optimized with the Yoast SEO plugin v27.1.1 - https:\/\/yoast.com\/product\/yoast-seo-wordpress\/ -->\n<title>Agilise Unika Ojon Alisado brasile\u00f1o Tratamiento capilar con queratina 1L - Brazil Care Store<\/title>\n<meta name=\"robots\" content=\"index, follow, max-snippet:-1, max-image-preview:large, max-video-preview:-1\" \/>\n<link rel=\"canonical\" href=\"https:\/\/www.brazilcarestore.com\/es\/product\/agilise-es\/agilise-unika-ojon-alisado-brasileno-tratamiento-capilar-con-queratina-1l\/\" \/>\n<meta property=\"og:locale\" content=\"es_ES\" \/>\n<meta property=\"og:type\" content=\"article\" \/>\n<meta property=\"og:title\" content=\"Agilise Unika Ojon Alisado brasile\u00f1o Tratamiento capilar con queratina 1L - Brazil Care Store\" \/>\n<meta property=\"og:description\" content=\"Restaura la masa capilar al tiempo que act\u00faa en la forma y la textura con el sistema de reducci\u00f3n de volumen.\" \/>\n<meta property=\"og:url\" content=\"https:\/\/www.brazilcarestore.com\/es\/product\/agilise-es\/agilise-unika-ojon-alisado-brasileno-tratamiento-capilar-con-queratina-1l\/\" \/>\n<meta property=\"og:site_name\" content=\"Brazil Care Store\" \/>\n<meta property=\"article:publisher\" content=\"https:\/\/www.facebook.com\/brazilcarestore\" \/>\n<meta name=\"twitter:card\" content=\"summary_large_image\" \/>\n<script type=\"application\/ld+json\" class=\"yoast-schema-graph\">{\"@context\":\"https:\/\/schema.org\",\"@graph\":[{\"@type\":\"WebPage\",\"@id\":\"https:\/\/www.brazilcarestore.com\/es\/product\/agilise-es\/agilise-unika-ojon-alisado-brasileno-tratamiento-capilar-con-queratina-1l\/\",\"url\":\"https:\/\/www.brazilcarestore.com\/es\/product\/agilise-es\/agilise-unika-ojon-alisado-brasileno-tratamiento-capilar-con-queratina-1l\/\",\"name\":\"Agilise Unika Ojon Alisado brasile\u00f1o Tratamiento capilar con queratina 1L - Brazil Care Store\",\"isPartOf\":{\"@id\":\"https:\/\/www.brazilcarestore.com\/es\/#website\"},\"primaryImageOfPage\":{\"@id\":\"https:\/\/www.brazilcarestore.com\/es\/product\/agilise-es\/agilise-unika-ojon-alisado-brasileno-tratamiento-capilar-con-queratina-1l\/#primaryimage\"},\"image\":{\"@id\":\"https:\/\/www.brazilcarestore.com\/es\/product\/agilise-es\/agilise-unika-ojon-alisado-brasileno-tratamiento-capilar-con-queratina-1l\/#primaryimage\"},\"thumbnailUrl\":\"https:\/\/i0.wp.com\/www.brazilcarestore.com\/wp-content\/uploads\/2024\/06\/447616313_840285391250568_5594333681258641596_n.jpg?fit=1080%2C1080&ssl=1\",\"datePublished\":\"2024-06-05T18:28:58+00:00\",\"breadcrumb\":{\"@id\":\"https:\/\/www.brazilcarestore.com\/es\/product\/agilise-es\/agilise-unika-ojon-alisado-brasileno-tratamiento-capilar-con-queratina-1l\/#breadcrumb\"},\"inLanguage\":\"es\",\"potentialAction\":[{\"@type\":\"ReadAction\",\"target\":[\"https:\/\/www.brazilcarestore.com\/es\/product\/agilise-es\/agilise-unika-ojon-alisado-brasileno-tratamiento-capilar-con-queratina-1l\/\"]}]},{\"@type\":\"ImageObject\",\"inLanguage\":\"es\",\"@id\":\"https:\/\/www.brazilcarestore.com\/es\/product\/agilise-es\/agilise-unika-ojon-alisado-brasileno-tratamiento-capilar-con-queratina-1l\/#primaryimage\",\"url\":\"https:\/\/i0.wp.com\/www.brazilcarestore.com\/wp-content\/uploads\/2024\/06\/447616313_840285391250568_5594333681258641596_n.jpg?fit=1080%2C1080&ssl=1\",\"contentUrl\":\"https:\/\/i0.wp.com\/www.brazilcarestore.com\/wp-content\/uploads\/2024\/06\/447616313_840285391250568_5594333681258641596_n.jpg?fit=1080%2C1080&ssl=1\",\"width\":1080,\"height\":1080,\"caption\":\"Agilise Unika Ojon Alisado Capilar - Tratamiento Capilar con Queratina Brazilian Blowout 1L\"},{\"@type\":\"BreadcrumbList\",\"@id\":\"https:\/\/www.brazilcarestore.com\/es\/product\/agilise-es\/agilise-unika-ojon-alisado-brasileno-tratamiento-capilar-con-queratina-1l\/#breadcrumb\",\"itemListElement\":[{\"@type\":\"ListItem\",\"position\":1,\"name\":\"Home\",\"item\":\"https:\/\/www.brazilcarestore.com\/es\/\"},{\"@type\":\"ListItem\",\"position\":2,\"name\":\"Tienda\",\"item\":\"https:\/\/www.brazilcarestore.com\/es\/tienda\/\"},{\"@type\":\"ListItem\",\"position\":3,\"name\":\"Agilise Unika Ojon Alisado brasile\u00f1o Tratamiento capilar con queratina 1L\"}]},{\"@type\":\"WebSite\",\"@id\":\"https:\/\/www.brazilcarestore.com\/es\/#website\",\"url\":\"https:\/\/www.brazilcarestore.com\/es\/\",\"name\":\"Brazil Care Store\",\"description\":\"The way to Beauty\",\"publisher\":{\"@id\":\"https:\/\/www.brazilcarestore.com\/es\/#organization\"},\"potentialAction\":[{\"@type\":\"SearchAction\",\"target\":{\"@type\":\"EntryPoint\",\"urlTemplate\":\"https:\/\/www.brazilcarestore.com\/es\/?s={search_term_string}\"},\"query-input\":{\"@type\":\"PropertyValueSpecification\",\"valueRequired\":true,\"valueName\":\"search_term_string\"}}],\"inLanguage\":\"es\"},{\"@type\":\"Organization\",\"@id\":\"https:\/\/www.brazilcarestore.com\/es\/#organization\",\"name\":\"Brazil Care Store\",\"url\":\"https:\/\/www.brazilcarestore.com\/es\/\",\"logo\":{\"@type\":\"ImageObject\",\"inLanguage\":\"es\",\"@id\":\"https:\/\/www.brazilcarestore.com\/es\/#\/schema\/logo\/image\/\",\"url\":\"https:\/\/i0.wp.com\/www.brazilcarestore.com\/wp-content\/uploads\/2024\/02\/Brazil-Care-Store.png?fit=350%2C369&ssl=1\",\"contentUrl\":\"https:\/\/i0.wp.com\/www.brazilcarestore.com\/wp-content\/uploads\/2024\/02\/Brazil-Care-Store.png?fit=350%2C369&ssl=1\",\"width\":350,\"height\":369,\"caption\":\"Brazil Care Store\"},\"image\":{\"@id\":\"https:\/\/www.brazilcarestore.com\/es\/#\/schema\/logo\/image\/\"},\"sameAs\":[\"https:\/\/www.facebook.com\/brazilcarestore\",\"https:\/\/www.instagram.com\/brazilcarestore\",\"https:\/\/www.tiktok.com\/@brazilcarestore\"]}]}<\/script>\n<!-- \/ Yoast SEO plugin. -->","yoast_head_json":{"title":"Agilise Unika Ojon Alisado brasile\u00f1o Tratamiento capilar con queratina 1L - Brazil Care Store","robots":{"index":"index","follow":"follow","max-snippet":"max-snippet:-1","max-image-preview":"max-image-preview:large","max-video-preview":"max-video-preview:-1"},"canonical":"https:\/\/www.brazilcarestore.com\/es\/product\/agilise-es\/agilise-unika-ojon-alisado-brasileno-tratamiento-capilar-con-queratina-1l\/","og_locale":"es_ES","og_type":"article","og_title":"Agilise Unika Ojon Alisado brasile\u00f1o Tratamiento capilar con queratina 1L - Brazil Care Store","og_description":"Restaura la masa capilar al tiempo que act\u00faa en la forma y la textura con el sistema de reducci\u00f3n de volumen.","og_url":"https:\/\/www.brazilcarestore.com\/es\/product\/agilise-es\/agilise-unika-ojon-alisado-brasileno-tratamiento-capilar-con-queratina-1l\/","og_site_name":"Brazil Care Store","article_publisher":"https:\/\/www.facebook.com\/brazilcarestore","twitter_card":"summary_large_image","schema":{"@context":"https:\/\/schema.org","@graph":[{"@type":"WebPage","@id":"https:\/\/www.brazilcarestore.com\/es\/product\/agilise-es\/agilise-unika-ojon-alisado-brasileno-tratamiento-capilar-con-queratina-1l\/","url":"https:\/\/www.brazilcarestore.com\/es\/product\/agilise-es\/agilise-unika-ojon-alisado-brasileno-tratamiento-capilar-con-queratina-1l\/","name":"Agilise Unika Ojon Alisado brasile\u00f1o Tratamiento capilar con queratina 1L - Brazil Care Store","isPartOf":{"@id":"https:\/\/www.brazilcarestore.com\/es\/#website"},"primaryImageOfPage":{"@id":"https:\/\/www.brazilcarestore.com\/es\/product\/agilise-es\/agilise-unika-ojon-alisado-brasileno-tratamiento-capilar-con-queratina-1l\/#primaryimage"},"image":{"@id":"https:\/\/www.brazilcarestore.com\/es\/product\/agilise-es\/agilise-unika-ojon-alisado-brasileno-tratamiento-capilar-con-queratina-1l\/#primaryimage"},"thumbnailUrl":"https:\/\/i0.wp.com\/www.brazilcarestore.com\/wp-content\/uploads\/2024\/06\/447616313_840285391250568_5594333681258641596_n.jpg?fit=1080%2C1080&ssl=1","datePublished":"2024-06-05T18:28:58+00:00","breadcrumb":{"@id":"https:\/\/www.brazilcarestore.com\/es\/product\/agilise-es\/agilise-unika-ojon-alisado-brasileno-tratamiento-capilar-con-queratina-1l\/#breadcrumb"},"inLanguage":"es","potentialAction":[{"@type":"ReadAction","target":["https:\/\/www.brazilcarestore.com\/es\/product\/agilise-es\/agilise-unika-ojon-alisado-brasileno-tratamiento-capilar-con-queratina-1l\/"]}]},{"@type":"ImageObject","inLanguage":"es","@id":"https:\/\/www.brazilcarestore.com\/es\/product\/agilise-es\/agilise-unika-ojon-alisado-brasileno-tratamiento-capilar-con-queratina-1l\/#primaryimage","url":"https:\/\/i0.wp.com\/www.brazilcarestore.com\/wp-content\/uploads\/2024\/06\/447616313_840285391250568_5594333681258641596_n.jpg?fit=1080%2C1080&ssl=1","contentUrl":"https:\/\/i0.wp.com\/www.brazilcarestore.com\/wp-content\/uploads\/2024\/06\/447616313_840285391250568_5594333681258641596_n.jpg?fit=1080%2C1080&ssl=1","width":1080,"height":1080,"caption":"Agilise Unika Ojon Alisado Capilar - Tratamiento Capilar con Queratina Brazilian Blowout 1L"},{"@type":"BreadcrumbList","@id":"https:\/\/www.brazilcarestore.com\/es\/product\/agilise-es\/agilise-unika-ojon-alisado-brasileno-tratamiento-capilar-con-queratina-1l\/#breadcrumb","itemListElement":[{"@type":"ListItem","position":1,"name":"Home","item":"https:\/\/www.brazilcarestore.com\/es\/"},{"@type":"ListItem","position":2,"name":"Tienda","item":"https:\/\/www.brazilcarestore.com\/es\/tienda\/"},{"@type":"ListItem","position":3,"name":"Agilise Unika Ojon Alisado brasile\u00f1o Tratamiento capilar con queratina 1L"}]},{"@type":"WebSite","@id":"https:\/\/www.brazilcarestore.com\/es\/#website","url":"https:\/\/www.brazilcarestore.com\/es\/","name":"Brazil Care Store","description":"The way to Beauty","publisher":{"@id":"https:\/\/www.brazilcarestore.com\/es\/#organization"},"potentialAction":[{"@type":"SearchAction","target":{"@type":"EntryPoint","urlTemplate":"https:\/\/www.brazilcarestore.com\/es\/?s={search_term_string}"},"query-input":{"@type":"PropertyValueSpecification","valueRequired":true,"valueName":"search_term_string"}}],"inLanguage":"es"},{"@type":"Organization","@id":"https:\/\/www.brazilcarestore.com\/es\/#organization","name":"Brazil Care Store","url":"https:\/\/www.brazilcarestore.com\/es\/","logo":{"@type":"ImageObject","inLanguage":"es","@id":"https:\/\/www.brazilcarestore.com\/es\/#\/schema\/logo\/image\/","url":"https:\/\/i0.wp.com\/www.brazilcarestore.com\/wp-content\/uploads\/2024\/02\/Brazil-Care-Store.png?fit=350%2C369&ssl=1","contentUrl":"https:\/\/i0.wp.com\/www.brazilcarestore.com\/wp-content\/uploads\/2024\/02\/Brazil-Care-Store.png?fit=350%2C369&ssl=1","width":350,"height":369,"caption":"Brazil Care Store"},"image":{"@id":"https:\/\/www.brazilcarestore.com\/es\/#\/schema\/logo\/image\/"},"sameAs":["https:\/\/www.facebook.com\/brazilcarestore","https:\/\/www.instagram.com\/brazilcarestore","https:\/\/www.tiktok.com\/@brazilcarestore"]}]}},"_links":{"self":[{"href":"https:\/\/www.brazilcarestore.com\/es\/wp-json\/wp\/v2\/product\/2405","targetHints":{"allow":["GET"]}}],"collection":[{"href":"https:\/\/www.brazilcarestore.com\/es\/wp-json\/wp\/v2\/product"}],"about":[{"href":"https:\/\/www.brazilcarestore.com\/es\/wp-json\/wp\/v2\/types\/product"}],"wp:featuredmedia":[{"embeddable":true,"href":"https:\/\/www.brazilcarestore.com\/es\/wp-json\/wp\/v2\/media\/1888"}],"wp:attachment":[{"href":"https:\/\/www.brazilcarestore.com\/es\/wp-json\/wp\/v2\/media?parent=2405"}],"wp:term":[{"taxonomy":"product_brand","embeddable":true,"href":"https:\/\/www.brazilcarestore.com\/es\/wp-json\/wp\/v2\/product_brand?post=2405"},{"taxonomy":"product_cat","embeddable":true,"href":"https:\/\/www.brazilcarestore.com\/es\/wp-json\/wp\/v2\/product_cat?post=2405"},{"taxonomy":"product_tag","embeddable":true,"href":"https:\/\/www.brazilcarestore.com\/es\/wp-json\/wp\/v2\/product_tag?post=2405"}],"curies":[{"name":"wp","href":"https:\/\/api.w.org\/{rel}","templated":true}]}}