{"id":2382,"date":"2024-04-29T16:41:19","date_gmt":"2024-04-29T19:41:19","guid":{"rendered":"https:\/\/www.brazilcarestore.com\/product\/sin categor\u00eda\/jabon-liquido-corporal-de-manzanilla-granado-baby-500ml\/"},"modified":"2024-04-29T16:41:19","modified_gmt":"2024-04-29T19:41:19","slug":"jabon-liquido-corporal-de-manzanilla-granado-baby-500ml","status":"publish","type":"product","link":"https:\/\/www.brazilcarestore.com\/es\/product\/granado-es\/jabones-liquidos\/jabon-liquido-corporal-de-manzanilla-granado-baby-500ml\/","title":{"rendered":"Jab\u00f3n l\u00edquido corporal de manzanilla Granado Baby 500ml"},"content":{"rendered":"<p>El Jab\u00f3n L\u00edquido de Manzanilla para Beb\u00e9s ha crecido. \u00a1Prueba esta versi\u00f3n econ\u00f3mica de 500 ml! Formulado con glicerina vegetal y pH cut\u00e1neo, el jab\u00f3n limpia suavemente la piel del beb\u00e9, dej\u00e1ndola suave y perfumada. Enriquecido con extracto natural de manzanilla, que tiene propiedades relajantes.   <\/p>\n","protected":false},"excerpt":{"rendered":"<p>El Jab\u00f3n L\u00edquido de Manzanilla para Beb\u00e9s ha crecido. \u00a1Prueba esta versi\u00f3n econ\u00f3mica de 500 ml! Formulado con glicerina vegetal y pH cut\u00e1neo, el jab\u00f3n limpia suavemente la piel del beb\u00e9, dej\u00e1ndola suave y perfumada. Enriquecido con extracto natural de manzanilla, que tiene propiedades relajantes.   <\/p>\n","protected":false},"featured_media":1800,"template":"","meta":[],"product_brand":[],"product_cat":[141,130,131],"product_tag":[143,166],"class_list":{"0":"post-2382","1":"product","2":"type-product","3":"status-publish","4":"has-post-thumbnail","6":"product_cat-bebe-es","7":"product_cat-granado-es","8":"product_cat-jabones-liquidos","9":"product_tag-bebe","10":"product_tag-jabon-liquido","11":"product_shipping_class-leves-a-499","13":"first","14":"instock","15":"shipping-taxable","16":"purchasable","17":"product-type-simple"},"yoast_head":"<!-- This site is optimized with the Yoast SEO plugin v27.1.1 - https:\/\/yoast.com\/product\/yoast-seo-wordpress\/ -->\n<title>Jab\u00f3n l\u00edquido corporal de manzanilla Granado Baby 500ml - Brazil Care Store<\/title>\n<meta name=\"robots\" content=\"index, follow, max-snippet:-1, max-image-preview:large, max-video-preview:-1\" \/>\n<link rel=\"canonical\" href=\"https:\/\/www.brazilcarestore.com\/es\/product\/granado-es\/jabones-liquidos\/jabon-liquido-corporal-de-manzanilla-granado-baby-500ml\/\" \/>\n<meta property=\"og:locale\" content=\"es_ES\" \/>\n<meta property=\"og:type\" content=\"article\" \/>\n<meta property=\"og:title\" content=\"Jab\u00f3n l\u00edquido corporal de manzanilla Granado Baby 500ml - Brazil Care Store\" \/>\n<meta property=\"og:description\" content=\"El Jab\u00f3n L\u00edquido de Manzanilla para Beb\u00e9s ha crecido. \u00a1Prueba esta versi\u00f3n econ\u00f3mica de 500 ml! Formulado con glicerina vegetal y pH cut\u00e1neo, el jab\u00f3n limpia suavemente la piel del beb\u00e9, dej\u00e1ndola suave y perfumada. Enriquecido con extracto natural de manzanilla, que tiene propiedades relajantes.\" \/>\n<meta property=\"og:url\" content=\"https:\/\/www.brazilcarestore.com\/es\/product\/granado-es\/jabones-liquidos\/jabon-liquido-corporal-de-manzanilla-granado-baby-500ml\/\" \/>\n<meta property=\"og:site_name\" content=\"Brazil Care Store\" \/>\n<meta property=\"article:publisher\" content=\"https:\/\/www.facebook.com\/brazilcarestore\" \/>\n<meta name=\"twitter:card\" content=\"summary_large_image\" \/>\n<script type=\"application\/ld+json\" class=\"yoast-schema-graph\">{\"@context\":\"https:\/\/schema.org\",\"@graph\":[{\"@type\":\"WebPage\",\"@id\":\"https:\/\/www.brazilcarestore.com\/es\/product\/granado-es\/jabones-liquidos\/jabon-liquido-corporal-de-manzanilla-granado-baby-500ml\/\",\"url\":\"https:\/\/www.brazilcarestore.com\/es\/product\/granado-es\/jabones-liquidos\/jabon-liquido-corporal-de-manzanilla-granado-baby-500ml\/\",\"name\":\"Jab\u00f3n l\u00edquido corporal de manzanilla Granado Baby 500ml - Brazil Care Store\",\"isPartOf\":{\"@id\":\"https:\/\/www.brazilcarestore.com\/es\/#website\"},\"primaryImageOfPage\":{\"@id\":\"https:\/\/www.brazilcarestore.com\/es\/product\/granado-es\/jabones-liquidos\/jabon-liquido-corporal-de-manzanilla-granado-baby-500ml\/#primaryimage\"},\"image\":{\"@id\":\"https:\/\/www.brazilcarestore.com\/es\/product\/granado-es\/jabones-liquidos\/jabon-liquido-corporal-de-manzanilla-granado-baby-500ml\/#primaryimage\"},\"thumbnailUrl\":\"https:\/\/i0.wp.com\/www.brazilcarestore.com\/wp-content\/uploads\/2024\/04\/Granado-Baby-Camomile-Body-Liquid-Soap-FOTO-2.webp?fit=836%2C1076&ssl=1\",\"datePublished\":\"2024-04-29T19:41:19+00:00\",\"breadcrumb\":{\"@id\":\"https:\/\/www.brazilcarestore.com\/es\/product\/granado-es\/jabones-liquidos\/jabon-liquido-corporal-de-manzanilla-granado-baby-500ml\/#breadcrumb\"},\"inLanguage\":\"es\",\"potentialAction\":[{\"@type\":\"ReadAction\",\"target\":[\"https:\/\/www.brazilcarestore.com\/es\/product\/granado-es\/jabones-liquidos\/jabon-liquido-corporal-de-manzanilla-granado-baby-500ml\/\"]}]},{\"@type\":\"ImageObject\",\"inLanguage\":\"es\",\"@id\":\"https:\/\/www.brazilcarestore.com\/es\/product\/granado-es\/jabones-liquidos\/jabon-liquido-corporal-de-manzanilla-granado-baby-500ml\/#primaryimage\",\"url\":\"https:\/\/i0.wp.com\/www.brazilcarestore.com\/wp-content\/uploads\/2024\/04\/Granado-Baby-Camomile-Body-Liquid-Soap-FOTO-2.webp?fit=836%2C1076&ssl=1\",\"contentUrl\":\"https:\/\/i0.wp.com\/www.brazilcarestore.com\/wp-content\/uploads\/2024\/04\/Granado-Baby-Camomile-Body-Liquid-Soap-FOTO-2.webp?fit=836%2C1076&ssl=1\",\"width\":836,\"height\":1076,\"caption\":\"Jab\u00f3n l\u00edquido corporal de manzanilla Granado Baby 500ml\"},{\"@type\":\"BreadcrumbList\",\"@id\":\"https:\/\/www.brazilcarestore.com\/es\/product\/granado-es\/jabones-liquidos\/jabon-liquido-corporal-de-manzanilla-granado-baby-500ml\/#breadcrumb\",\"itemListElement\":[{\"@type\":\"ListItem\",\"position\":1,\"name\":\"Home\",\"item\":\"https:\/\/www.brazilcarestore.com\/es\/\"},{\"@type\":\"ListItem\",\"position\":2,\"name\":\"Tienda\",\"item\":\"https:\/\/www.brazilcarestore.com\/es\/tienda\/\"},{\"@type\":\"ListItem\",\"position\":3,\"name\":\"Jab\u00f3n l\u00edquido corporal de manzanilla Granado Baby 500ml\"}]},{\"@type\":\"WebSite\",\"@id\":\"https:\/\/www.brazilcarestore.com\/es\/#website\",\"url\":\"https:\/\/www.brazilcarestore.com\/es\/\",\"name\":\"Brazil Care Store\",\"description\":\"The way to Beauty\",\"publisher\":{\"@id\":\"https:\/\/www.brazilcarestore.com\/es\/#organization\"},\"potentialAction\":[{\"@type\":\"SearchAction\",\"target\":{\"@type\":\"EntryPoint\",\"urlTemplate\":\"https:\/\/www.brazilcarestore.com\/es\/?s={search_term_string}\"},\"query-input\":{\"@type\":\"PropertyValueSpecification\",\"valueRequired\":true,\"valueName\":\"search_term_string\"}}],\"inLanguage\":\"es\"},{\"@type\":\"Organization\",\"@id\":\"https:\/\/www.brazilcarestore.com\/es\/#organization\",\"name\":\"Brazil Care Store\",\"url\":\"https:\/\/www.brazilcarestore.com\/es\/\",\"logo\":{\"@type\":\"ImageObject\",\"inLanguage\":\"es\",\"@id\":\"https:\/\/www.brazilcarestore.com\/es\/#\/schema\/logo\/image\/\",\"url\":\"https:\/\/i0.wp.com\/www.brazilcarestore.com\/wp-content\/uploads\/2024\/02\/Brazil-Care-Store.png?fit=350%2C369&ssl=1\",\"contentUrl\":\"https:\/\/i0.wp.com\/www.brazilcarestore.com\/wp-content\/uploads\/2024\/02\/Brazil-Care-Store.png?fit=350%2C369&ssl=1\",\"width\":350,\"height\":369,\"caption\":\"Brazil Care Store\"},\"image\":{\"@id\":\"https:\/\/www.brazilcarestore.com\/es\/#\/schema\/logo\/image\/\"},\"sameAs\":[\"https:\/\/www.facebook.com\/brazilcarestore\",\"https:\/\/www.instagram.com\/brazilcarestore\",\"https:\/\/www.tiktok.com\/@brazilcarestore\"]}]}<\/script>\n<!-- \/ Yoast SEO plugin. -->","yoast_head_json":{"title":"Jab\u00f3n l\u00edquido corporal de manzanilla Granado Baby 500ml - Brazil Care Store","robots":{"index":"index","follow":"follow","max-snippet":"max-snippet:-1","max-image-preview":"max-image-preview:large","max-video-preview":"max-video-preview:-1"},"canonical":"https:\/\/www.brazilcarestore.com\/es\/product\/granado-es\/jabones-liquidos\/jabon-liquido-corporal-de-manzanilla-granado-baby-500ml\/","og_locale":"es_ES","og_type":"article","og_title":"Jab\u00f3n l\u00edquido corporal de manzanilla Granado Baby 500ml - Brazil Care Store","og_description":"El Jab\u00f3n L\u00edquido de Manzanilla para Beb\u00e9s ha crecido. \u00a1Prueba esta versi\u00f3n econ\u00f3mica de 500 ml! Formulado con glicerina vegetal y pH cut\u00e1neo, el jab\u00f3n limpia suavemente la piel del beb\u00e9, dej\u00e1ndola suave y perfumada. Enriquecido con extracto natural de manzanilla, que tiene propiedades relajantes.","og_url":"https:\/\/www.brazilcarestore.com\/es\/product\/granado-es\/jabones-liquidos\/jabon-liquido-corporal-de-manzanilla-granado-baby-500ml\/","og_site_name":"Brazil Care Store","article_publisher":"https:\/\/www.facebook.com\/brazilcarestore","twitter_card":"summary_large_image","schema":{"@context":"https:\/\/schema.org","@graph":[{"@type":"WebPage","@id":"https:\/\/www.brazilcarestore.com\/es\/product\/granado-es\/jabones-liquidos\/jabon-liquido-corporal-de-manzanilla-granado-baby-500ml\/","url":"https:\/\/www.brazilcarestore.com\/es\/product\/granado-es\/jabones-liquidos\/jabon-liquido-corporal-de-manzanilla-granado-baby-500ml\/","name":"Jab\u00f3n l\u00edquido corporal de manzanilla Granado Baby 500ml - Brazil Care Store","isPartOf":{"@id":"https:\/\/www.brazilcarestore.com\/es\/#website"},"primaryImageOfPage":{"@id":"https:\/\/www.brazilcarestore.com\/es\/product\/granado-es\/jabones-liquidos\/jabon-liquido-corporal-de-manzanilla-granado-baby-500ml\/#primaryimage"},"image":{"@id":"https:\/\/www.brazilcarestore.com\/es\/product\/granado-es\/jabones-liquidos\/jabon-liquido-corporal-de-manzanilla-granado-baby-500ml\/#primaryimage"},"thumbnailUrl":"https:\/\/i0.wp.com\/www.brazilcarestore.com\/wp-content\/uploads\/2024\/04\/Granado-Baby-Camomile-Body-Liquid-Soap-FOTO-2.webp?fit=836%2C1076&ssl=1","datePublished":"2024-04-29T19:41:19+00:00","breadcrumb":{"@id":"https:\/\/www.brazilcarestore.com\/es\/product\/granado-es\/jabones-liquidos\/jabon-liquido-corporal-de-manzanilla-granado-baby-500ml\/#breadcrumb"},"inLanguage":"es","potentialAction":[{"@type":"ReadAction","target":["https:\/\/www.brazilcarestore.com\/es\/product\/granado-es\/jabones-liquidos\/jabon-liquido-corporal-de-manzanilla-granado-baby-500ml\/"]}]},{"@type":"ImageObject","inLanguage":"es","@id":"https:\/\/www.brazilcarestore.com\/es\/product\/granado-es\/jabones-liquidos\/jabon-liquido-corporal-de-manzanilla-granado-baby-500ml\/#primaryimage","url":"https:\/\/i0.wp.com\/www.brazilcarestore.com\/wp-content\/uploads\/2024\/04\/Granado-Baby-Camomile-Body-Liquid-Soap-FOTO-2.webp?fit=836%2C1076&ssl=1","contentUrl":"https:\/\/i0.wp.com\/www.brazilcarestore.com\/wp-content\/uploads\/2024\/04\/Granado-Baby-Camomile-Body-Liquid-Soap-FOTO-2.webp?fit=836%2C1076&ssl=1","width":836,"height":1076,"caption":"Jab\u00f3n l\u00edquido corporal de manzanilla Granado Baby 500ml"},{"@type":"BreadcrumbList","@id":"https:\/\/www.brazilcarestore.com\/es\/product\/granado-es\/jabones-liquidos\/jabon-liquido-corporal-de-manzanilla-granado-baby-500ml\/#breadcrumb","itemListElement":[{"@type":"ListItem","position":1,"name":"Home","item":"https:\/\/www.brazilcarestore.com\/es\/"},{"@type":"ListItem","position":2,"name":"Tienda","item":"https:\/\/www.brazilcarestore.com\/es\/tienda\/"},{"@type":"ListItem","position":3,"name":"Jab\u00f3n l\u00edquido corporal de manzanilla Granado Baby 500ml"}]},{"@type":"WebSite","@id":"https:\/\/www.brazilcarestore.com\/es\/#website","url":"https:\/\/www.brazilcarestore.com\/es\/","name":"Brazil Care Store","description":"The way to Beauty","publisher":{"@id":"https:\/\/www.brazilcarestore.com\/es\/#organization"},"potentialAction":[{"@type":"SearchAction","target":{"@type":"EntryPoint","urlTemplate":"https:\/\/www.brazilcarestore.com\/es\/?s={search_term_string}"},"query-input":{"@type":"PropertyValueSpecification","valueRequired":true,"valueName":"search_term_string"}}],"inLanguage":"es"},{"@type":"Organization","@id":"https:\/\/www.brazilcarestore.com\/es\/#organization","name":"Brazil Care Store","url":"https:\/\/www.brazilcarestore.com\/es\/","logo":{"@type":"ImageObject","inLanguage":"es","@id":"https:\/\/www.brazilcarestore.com\/es\/#\/schema\/logo\/image\/","url":"https:\/\/i0.wp.com\/www.brazilcarestore.com\/wp-content\/uploads\/2024\/02\/Brazil-Care-Store.png?fit=350%2C369&ssl=1","contentUrl":"https:\/\/i0.wp.com\/www.brazilcarestore.com\/wp-content\/uploads\/2024\/02\/Brazil-Care-Store.png?fit=350%2C369&ssl=1","width":350,"height":369,"caption":"Brazil Care Store"},"image":{"@id":"https:\/\/www.brazilcarestore.com\/es\/#\/schema\/logo\/image\/"},"sameAs":["https:\/\/www.facebook.com\/brazilcarestore","https:\/\/www.instagram.com\/brazilcarestore","https:\/\/www.tiktok.com\/@brazilcarestore"]}]}},"_links":{"self":[{"href":"https:\/\/www.brazilcarestore.com\/es\/wp-json\/wp\/v2\/product\/2382","targetHints":{"allow":["GET"]}}],"collection":[{"href":"https:\/\/www.brazilcarestore.com\/es\/wp-json\/wp\/v2\/product"}],"about":[{"href":"https:\/\/www.brazilcarestore.com\/es\/wp-json\/wp\/v2\/types\/product"}],"wp:featuredmedia":[{"embeddable":true,"href":"https:\/\/www.brazilcarestore.com\/es\/wp-json\/wp\/v2\/media\/1800"}],"wp:attachment":[{"href":"https:\/\/www.brazilcarestore.com\/es\/wp-json\/wp\/v2\/media?parent=2382"}],"wp:term":[{"taxonomy":"product_brand","embeddable":true,"href":"https:\/\/www.brazilcarestore.com\/es\/wp-json\/wp\/v2\/product_brand?post=2382"},{"taxonomy":"product_cat","embeddable":true,"href":"https:\/\/www.brazilcarestore.com\/es\/wp-json\/wp\/v2\/product_cat?post=2382"},{"taxonomy":"product_tag","embeddable":true,"href":"https:\/\/www.brazilcarestore.com\/es\/wp-json\/wp\/v2\/product_tag?post=2382"}],"curies":[{"name":"wp","href":"https:\/\/api.w.org\/{rel}","templated":true}]}}